{"id":23064,"date":"2024-07-19T18:54:43","date_gmt":"2024-07-19T17:54:43","guid":{"rendered":"https:\/\/www.alliesofhumanity.org\/the-briefings\/book-one\/"},"modified":"2025-08-18T21:36:20","modified_gmt":"2025-08-18T20:36:20","slug":"book-one","status":"publish","type":"page","link":"https:\/\/www.alliesofhumanity.org\/sl\/the-briefings\/book-one\/","title":{"rendered":"Prva knjiga"},"content":{"rendered":"<h5>Vsa poro\u010dila o zaveznikih \u010dlove\u0161tva so brezpla\u010dno na voljo na spletu. Potovanje za\u010dnite s prvo knjigo o zaveznikih.<\/h5>\n<p>Pred ve\u010d kot dvajsetimi leti se je skupina posameznikov iz ve\u010d razli\u010dnih svetov zbrala na diskretni lokaciji v na\u0161em son\u010dnem sistemu v bli\u017eini Zemlje, da bi opazovala posredovanje nezemljanov, ki se dogaja v na\u0161em svetu. &#8220;S skritega polo\u017eaja so lahko ugotovili identiteto, organizacijo in namere tistih, ki so obiskali na\u0161 svet, ter spremljali njihove dejavnosti.<\/p>\n<p>Ta skupina opazovalcev se imenuje &#8220;&#8221;zavezniki \u010dlove\u0161tva&#8221;&#8221;. To je njihovo poro\u010dilo.&#8221;<\/p>\n<p><!--\nGet a copy of the book:\n\n\n<ul>\n \t\n\n<li>Print version: <a href=\"https:\/\/newknowledgelibrary.org\/books\/the-allies-of-humanity-book-1-english-print-book\/\" target=\"_blank\" rel=\"noopener\">New Knowledge Library<\/a> or <a href=\"https:\/\/www.amazon.com\/Allies-Humanity-Book-Marshall-Summers-dp-1884238459\/dp\/1884238459\" target=\"_blank\" rel=\"noopener\">Amazon<\/a>.<\/li>\n\n\n \t\n\n<li>Ebook format: <a href=\"https:\/\/newknowledgelibrary.org\/e-books\/the-allies-of-humanity-book-1-english-ebook\/\" target=\"_blank\" rel=\"noopener\">New Knowledge Library<\/a>, <a href=\"https:\/\/www.amazon.com\/Allies-Humanity-Book-One-ebook-dp-B0052GA54I\/dp\/B0052GA54I\" target=\"_blank\" rel=\"noopener\">Kindle version from Amazon<\/a>, <a href=\"https:\/\/books.apple.com\/us\/book\/the-allies-of-humanity-book-one\/id894099032\" target=\"_blank\" rel=\"noopener\">Apple Books<\/a> or <a href=\"https:\/\/play.google.com\/store\/books\/details\/Marshall_Vian_Summers_The_Allies_of_Humanity_Book?id=L7ruJolCko0C\" target=\"_blank\" rel=\"noopener\">Google Play<\/a>.<\/li>\n\n\n<\/ul>\n\n\n--><\/p>\n<hr \/>\n<h5>Za\u010dnite brati povzetke na spletu zdaj!<\/h5>\n<p>Kazalo vsebine:<\/p>\n<p><a href=\"alien-races-earth\">Prvo Poro\u010dilo: Nezemeljska Prisotnost v Dana\u0161njem Svetu<\/a><\/p>\n<p><a href=\"human-freedom\">Drugo Poro\u010dilo: Izziv \u010clove\u0161ki Svobodi<\/a><\/p>\n<p><a href=\"the-visitors\">Tretje Poro\u010dilo: Veliko opozorilo<\/a><\/p>\n<p><a href=\"false-second-coming\">\u010cetrto Poro\u010dilo: Manipulacija z verskimi tradicijami in prepri\u010danji<\/a><\/p>\n<p><a href=\"threshold-alien-presence\">Peto Poro\u010dilo: Prag: Nova obljuba za \u010dlove\u0161tvo<\/a><\/p>\n<p><a href=\"questions-about-aliens\">\u0160esto Poro\u010dilo: Vpra\u0161anja in odgovori<\/a><br \/>\n<!--\n\n<a href=\"final-words\">Zadnje Besede<\/a>\n--><br \/>\nDru\u0161tvo za novo sporo\u010dilo zdaj brezpla\u010dno ponuja vse \u0161tiri zvezke knjige <em>Zavezniki \u010dlove\u0161tva<\/em> na spletu. To po\u010dnemo zato, da bi to sporo\u010dilo doseglo \u010dim ve\u010d ljudi, tako na najni\u017ejih ravneh kot na polo\u017eajih politi\u010dne, gospodarske in verske mo\u010di.<\/p>\n","protected":false},"excerpt":{"rendered":"<p>Vsa poro\u010dila o zaveznikih \u010dlove\u0161tva so brezpla\u010dno na voljo na spletu. Potovanje za\u010dnite s prvo knjigo o zaveznikih. Pred ve\u010d kot dvajsetimi leti se je skupina posameznikov iz ve\u010d razli\u010dnih svetov zbrala na diskretni lokaciji v na\u0161em son\u010dnem sistemu v bli\u017eini Zemlje, da bi opazovala posredovanje nezemljanov, ki se dogaja v na\u0161em svetu. &#8220;S skritega [&hellip;]<\/p>\n","protected":false},"author":25,"featured_media":0,"parent":23061,"menu_order":1,"comment_status":"closed","ping_status":"closed","template":"page-book-start.php","meta":{"_acf_changed":false,"footnotes":""},"class_list":["post-23064","page","type-page","status-publish","hentry"],"acf":[],"yoast_head":"<!-- This site is optimized with the Yoast SEO plugin v26.5 - https:\/\/yoast.com\/wordpress\/plugins\/seo\/ -->\n<title>Zavezniki \u010dlove\u0161tva Briefings, knjiga 1: O zaveznikih \u010dlove\u0161tva<\/title>\n<meta name=\"description\" content=\"Skupina posameznikov z ve\u010d razli\u010dnih svetov se je zbrala na diskretni lokaciji blizu Zemlje, da bi opazovala in poro\u010dala o posredovanju NZ.\" \/>\n<meta name=\"robots\" content=\"index, follow, max-snippet:-1, max-image-preview:large, max-video-preview:-1\" \/>\n<link rel=\"canonical\" href=\"https:\/\/www.alliesofhumanity.org\/sl\/the-briefings\/book-one\/\" \/>\n<meta property=\"og:locale\" content=\"sl_SI\" \/>\n<meta property=\"og:type\" content=\"article\" \/>\n<meta property=\"og:title\" content=\"Zavezniki \u010dlove\u0161tva Briefings, knjiga 1: O zaveznikih \u010dlove\u0161tva\" \/>\n<meta property=\"og:description\" content=\"Skupina posameznikov z ve\u010d razli\u010dnih svetov se je zbrala na diskretni lokaciji blizu Zemlje, da bi opazovala in poro\u010dala o posredovanju NZ.\" \/>\n<meta property=\"og:url\" content=\"https:\/\/www.alliesofhumanity.org\/sl\/the-briefings\/book-one\/\" \/>\n<meta property=\"og:site_name\" content=\"The Allies of Humanity\" \/>\n<meta property=\"article:publisher\" content=\"https:\/\/www.facebook.com\/alliesofhumanity\/\" \/>\n<meta property=\"article:modified_time\" content=\"2025-08-18T20:36:20+00:00\" \/>\n<meta property=\"og:image\" content=\"https:\/\/www.alliesofhumanity.org\/wp-content\/uploads\/2021\/01\/og-socialmedia-aoh.jpg\" \/>\n\t<meta property=\"og:image:width\" content=\"1200\" \/>\n\t<meta property=\"og:image:height\" content=\"630\" \/>\n\t<meta property=\"og:image:type\" content=\"image\/jpeg\" \/>\n<meta name=\"twitter:card\" content=\"summary_large_image\" \/>\n<meta name=\"twitter:title\" content=\"Zavezniki \u010dlove\u0161tva Briefings, knjiga 1: O zaveznikih \u010dlove\u0161tva\" \/>\n<meta name=\"twitter:site\" content=\"@earthallies\" \/>\n<meta name=\"twitter:label1\" content=\"Est. reading time\" \/>\n\t<meta name=\"twitter:data1\" content=\"1 minuta\" \/>\n<script type=\"application\/ld+json\" class=\"yoast-schema-graph\">{\"@context\":\"https:\/\/schema.org\",\"@graph\":[{\"@type\":\"WebPage\",\"@id\":\"https:\/\/www.alliesofhumanity.org\/sl\/the-briefings\/book-one\/\",\"url\":\"https:\/\/www.alliesofhumanity.org\/sl\/the-briefings\/book-one\/\",\"name\":\"Zavezniki \u010dlove\u0161tva Briefings, knjiga 1: O zaveznikih \u010dlove\u0161tva\",\"isPartOf\":{\"@id\":\"https:\/\/www.alliesofhumanity.org\/sl\/#website\"},\"datePublished\":\"2024-07-19T17:54:43+00:00\",\"dateModified\":\"2025-08-18T20:36:20+00:00\",\"description\":\"Skupina posameznikov z ve\u010d razli\u010dnih svetov se je zbrala na diskretni lokaciji blizu Zemlje, da bi opazovala in poro\u010dala o posredovanju NZ.\",\"breadcrumb\":{\"@id\":\"https:\/\/www.alliesofhumanity.org\/sl\/the-briefings\/book-one\/#breadcrumb\"},\"inLanguage\":\"sl-SI\",\"potentialAction\":[{\"@type\":\"ReadAction\",\"target\":[\"https:\/\/www.alliesofhumanity.org\/sl\/the-briefings\/book-one\/\"]}]},{\"@type\":\"BreadcrumbList\",\"@id\":\"https:\/\/www.alliesofhumanity.org\/sl\/the-briefings\/book-one\/#breadcrumb\",\"itemListElement\":[{\"@type\":\"ListItem\",\"position\":1,\"name\":\"Informativno sre\u010danje\",\"item\":\"https:\/\/www.alliesofhumanity.org\/sl\/the-briefings\/\"},{\"@type\":\"ListItem\",\"position\":2,\"name\":\"Prva knjiga\"}]},{\"@type\":\"WebSite\",\"@id\":\"https:\/\/www.alliesofhumanity.org\/sl\/#website\",\"url\":\"https:\/\/www.alliesofhumanity.org\/sl\/\",\"name\":\"The Allies of Humanity\",\"description\":\"\",\"potentialAction\":[{\"@type\":\"SearchAction\",\"target\":{\"@type\":\"EntryPoint\",\"urlTemplate\":\"https:\/\/www.alliesofhumanity.org\/sl\/?s={search_term_string}\"},\"query-input\":{\"@type\":\"PropertyValueSpecification\",\"valueRequired\":true,\"valueName\":\"search_term_string\"}}],\"inLanguage\":\"sl-SI\"}]}<\/script>\n<!-- \/ Yoast SEO plugin. -->","yoast_head_json":{"title":"Zavezniki \u010dlove\u0161tva Briefings, knjiga 1: O zaveznikih \u010dlove\u0161tva","description":"Skupina posameznikov z ve\u010d razli\u010dnih svetov se je zbrala na diskretni lokaciji blizu Zemlje, da bi opazovala in poro\u010dala o posredovanju NZ.","robots":{"index":"index","follow":"follow","max-snippet":"max-snippet:-1","max-image-preview":"max-image-preview:large","max-video-preview":"max-video-preview:-1"},"canonical":"https:\/\/www.alliesofhumanity.org\/sl\/the-briefings\/book-one\/","og_locale":"sl_SI","og_type":"article","og_title":"Zavezniki \u010dlove\u0161tva Briefings, knjiga 1: O zaveznikih \u010dlove\u0161tva","og_description":"Skupina posameznikov z ve\u010d razli\u010dnih svetov se je zbrala na diskretni lokaciji blizu Zemlje, da bi opazovala in poro\u010dala o posredovanju NZ.","og_url":"https:\/\/www.alliesofhumanity.org\/sl\/the-briefings\/book-one\/","og_site_name":"The Allies of Humanity","article_publisher":"https:\/\/www.facebook.com\/alliesofhumanity\/","article_modified_time":"2025-08-18T20:36:20+00:00","og_image":[{"width":1200,"height":630,"url":"https:\/\/www.alliesofhumanity.org\/wp-content\/uploads\/2021\/01\/og-socialmedia-aoh.jpg","type":"image\/jpeg"}],"twitter_card":"summary_large_image","twitter_title":"Zavezniki \u010dlove\u0161tva Briefings, knjiga 1: O zaveznikih \u010dlove\u0161tva","twitter_site":"@earthallies","twitter_misc":{"Est. reading time":"1 minuta"},"schema":{"@context":"https:\/\/schema.org","@graph":[{"@type":"WebPage","@id":"https:\/\/www.alliesofhumanity.org\/sl\/the-briefings\/book-one\/","url":"https:\/\/www.alliesofhumanity.org\/sl\/the-briefings\/book-one\/","name":"Zavezniki \u010dlove\u0161tva Briefings, knjiga 1: O zaveznikih \u010dlove\u0161tva","isPartOf":{"@id":"https:\/\/www.alliesofhumanity.org\/sl\/#website"},"datePublished":"2024-07-19T17:54:43+00:00","dateModified":"2025-08-18T20:36:20+00:00","description":"Skupina posameznikov z ve\u010d razli\u010dnih svetov se je zbrala na diskretni lokaciji blizu Zemlje, da bi opazovala in poro\u010dala o posredovanju NZ.","breadcrumb":{"@id":"https:\/\/www.alliesofhumanity.org\/sl\/the-briefings\/book-one\/#breadcrumb"},"inLanguage":"sl-SI","potentialAction":[{"@type":"ReadAction","target":["https:\/\/www.alliesofhumanity.org\/sl\/the-briefings\/book-one\/"]}]},{"@type":"BreadcrumbList","@id":"https:\/\/www.alliesofhumanity.org\/sl\/the-briefings\/book-one\/#breadcrumb","itemListElement":[{"@type":"ListItem","position":1,"name":"Informativno sre\u010danje","item":"https:\/\/www.alliesofhumanity.org\/sl\/the-briefings\/"},{"@type":"ListItem","position":2,"name":"Prva knjiga"}]},{"@type":"WebSite","@id":"https:\/\/www.alliesofhumanity.org\/sl\/#website","url":"https:\/\/www.alliesofhumanity.org\/sl\/","name":"The Allies of Humanity","description":"","potentialAction":[{"@type":"SearchAction","target":{"@type":"EntryPoint","urlTemplate":"https:\/\/www.alliesofhumanity.org\/sl\/?s={search_term_string}"},"query-input":{"@type":"PropertyValueSpecification","valueRequired":true,"valueName":"search_term_string"}}],"inLanguage":"sl-SI"}]}},"_links":{"self":[{"href":"https:\/\/www.alliesofhumanity.org\/sl\/wp-json\/wp\/v2\/pages\/23064","targetHints":{"allow":["GET"]}}],"collection":[{"href":"https:\/\/www.alliesofhumanity.org\/sl\/wp-json\/wp\/v2\/pages"}],"about":[{"href":"https:\/\/www.alliesofhumanity.org\/sl\/wp-json\/wp\/v2\/types\/page"}],"author":[{"embeddable":true,"href":"https:\/\/www.alliesofhumanity.org\/sl\/wp-json\/wp\/v2\/users\/25"}],"replies":[{"embeddable":true,"href":"https:\/\/www.alliesofhumanity.org\/sl\/wp-json\/wp\/v2\/comments?post=23064"}],"version-history":[{"count":8,"href":"https:\/\/www.alliesofhumanity.org\/sl\/wp-json\/wp\/v2\/pages\/23064\/revisions"}],"predecessor-version":[{"id":24116,"href":"https:\/\/www.alliesofhumanity.org\/sl\/wp-json\/wp\/v2\/pages\/23064\/revisions\/24116"}],"up":[{"embeddable":true,"href":"https:\/\/www.alliesofhumanity.org\/sl\/wp-json\/wp\/v2\/pages\/23061"}],"wp:attachment":[{"href":"https:\/\/www.alliesofhumanity.org\/sl\/wp-json\/wp\/v2\/media?parent=23064"}],"curies":[{"name":"wp","href":"https:\/\/api.w.org\/{rel}","templated":true}]}}