{"id":23056,"date":"2024-07-19T18:46:59","date_gmt":"2024-07-19T17:46:59","guid":{"rendered":"https:\/\/www.alliesofhumanity.org\/the-allies\/"},"modified":"2025-08-18T21:44:41","modified_gmt":"2025-08-18T20:44:41","slug":"the-allies","status":"publish","type":"page","link":"https:\/\/www.alliesofhumanity.org\/sl\/the-allies\/","title":{"rendered":"Zavezniki"},"content":{"rendered":"\t\t<div data-elementor-type=\"wp-page\" data-elementor-id=\"23056\" class=\"elementor elementor-23056 elementor-758\" data-elementor-post-type=\"page\">\t\t\t\t\t\t<section class=\"elementor-section elementor-top-section elementor-element elementor-element-13aff578 elementor-section-full_width elementor-section-height-default elementor-section-height-default\" data-id=\"13aff578\" data-element_type=\"section\">\t\t\t\t\t\t<div class=\"elementor-container elementor-column-gap-default\">\t\t\t\t\t<div class=\"elementor-column elementor-col-100 elementor-top-column elementor-element elementor-element-73bd0eae\" data-id=\"73bd0eae\" data-element_type=\"column\">\t\t\t<div class=\"elementor-widget-wrap elementor-element-populated\">\t\t\t\t\t\t<div class=\"elementor-element elementor-element-0581c07 elementor-widget elementor-widget-text-editor\" data-id=\"0581c07\" data-element_type=\"widget\" data-widget_type=\"text-editor.default\">\t\t\t\t<div class=\"elementor-widget-container\">\t\t\t\t\t\t\t\t\t<h5>Poro\u010dila Zaveznikov \u010clove\u0161tva so namenjeni pripravi ljudi na povsem novo realnost, ki je v dana\u0161njem svetu ve\u010dinoma skrita in nepriznana.Poro\u010dila Zaveznikov zagotavljajo novo perspektivo, ki ljudem omogo\u010da, da se soo\u010dijo z najve\u010djim izzivom in prilo\u017enostjo, s katero smo se kot rasa kdajkoli sre\u010dali.<\/h5><p>Poro\u010dila Zaveznikov vsebujejo \u0161tevilne kriti\u010dne, \u010de ne celo alarmantne izjave o vse ve\u010djem nezemeljskem vme\u0161avanju in vklju\u010devanju v \u010dlove\u0161ko raso ter o nezemeljskih dejavnostih in skritih na\u010drtih. <\/p><p>Namen Poro\u010dil Zaveznikov ni zagotoviti trdnih dokazov o resni\u010dnosti obiskov NZ v na\u0161em svetu, ki so \u017ee dobro dokumentirani v \u0161tevilnih drugih odli\u010dnih knjigah in raziskovalnih revijah na to temo. Namen Poro\u010dil Zaveznikov je obravnavati dramati\u010dne in daljnose\u017ene posledice tega pojava, izpodbijati na\u0161a \u010dlove\u0161ka nagnjenja in predpostavke v zvezi z njimi ter opozoriti \u010dlove\u0161ko dru\u017eino na velik prag, s katerim se zdaj soo\u010damo. <\/p><p>Poro\u010dila omogo\u010dajo vpogled v resni\u010dnost inteligentnega \u017eivljenja v vesolju in v to, kaj bo v resnici pomenil Stik. Za mnoge bralce bo to, kar je razkrito v <em>Poro\u010dilih Zaveznikov \u010clove\u0161tva<\/em>, povsem novo. Za druge bo to potrditev stvari, ki jih \u017ee dolgo \u010dutijo in poznajo.<\/p><p>\u010ceprav ta Poro\u010dila podajo nujna sporo\u010dila, gre tudi za premik k vi\u0161ji zavesti, imenovani <a href=\"https:\/\/www.newmessage.org\/wiki\/Knowledge_Quotes\">\u201eZnanje\u201c<\/a>, ki vklju\u010duje ve\u010djo telepatsko sposobnost med ljudmi in med rasami. V tej lu\u010di so bila Poro\u010dila Zaveznikov avtorju, <a href=\"https:\/\/marshallsummers.com\">Marshallu Vianu Summersu<\/a>, posredovana od ve\u010drasne nezemeljske skupine posameznikov, ki se imenujejo \u201eZavezniki \u010clove\u0161tva\u201c.<\/p><p>Opisujejo se kot fizi\u010dna bitja iz drugih svetov, ki so se zbrala v na\u0161em son\u010dnem sistemu blizu Zemlje z namenom opazovanja komunikacij in dejavnosti tistih nezemeljskih ras, ki se tu, v na\u0161em svetu, vme\u0161avajo v \u010dlove\u0161ke zadeve. Poudarjajo, da sami niso fizi\u010dno prisotni v na\u0161em svetu in da zagotavljajo potrebno modrost, ne pa tehnologije ali vme\u0161avanja.<\/p><p>Zavezniki so avtorju posredovali informacije v obdobju enega leta. Ponujajo perspektivo in pogled na zapleteno temo, ki kljub desetletjem dokazov \u0161e vedno zmede raziskovalce. Vendar ta pogled ni romanti\u010den, \u0161pekulativen ali idealisti\u010den v svojem pristopu k tej temi. Nasprotno, je naravnost realisti\u010den in brezkompromisen do te mere, da je lahko precej\u0161en izziv tudi za bralca, ki je dobro seznanjen s to temo. <\/p><p class=\"float-left bleed-left\"><img decoding=\"async\" src=\"https:\/\/www.alliesofhumanity.org\/wp-content\/uploads\/2020\/06\/960x540-aoh-book-1.jpg\" alt=\"\" \/><\/p><p>Zato je za sprejemanje tega, kar ponujajo ta Poro\u010dila, potrebno, da vsaj za trenutek opustite \u0161tevilna prepri\u010danja, domneve in vpra\u0161anja, ki jih morda imate o nezemeljskih Stikih in celo o tem, kako so bila ta Poro\u010dila prejeta. Vsebina teh Poro\u010dil je kot sporo\u010dilo v steklenici, poslano sem iz drugega sveta. Zato nas ne bi smela toliko skrbeti steklenica, temve\u010d sporo\u010dilo samo. <\/p><p>Da bi resni\u010dno razumeli to zahtevno sporo\u010dilo, se moramo soo\u010diti s \u0161tevilnimi prevladujo\u010dimi predpostavkami in te\u017enjami glede mo\u017enosti in resni\u010dnosti Stika ter jih postaviti pod vpra\u0161aj. Te vklju\u010dujejo: <\/p><ul><li>zanikanje;<\/li><li>pri\u010dakovanje z upanjem;<\/li><li>napa\u010dna interpretacija dokazov, ki potrjujejo na\u0161a prepri\u010danja;<\/li><li>\u017eelja in pri\u010dakovanje odre\u0161itve od &#8220;obiskovalcev&#8221;;<\/li><li>prepri\u010danje, da nas bo tehnologija NZ re\u0161ila;<\/li><li>ob\u010dutek brezupnosti in pokor\u0161\u010dine pred domnevno superiorno silo;<\/li><li>zahtevamo razkritje vladnih informacij, ne pa tudi informacij o NZ;<\/li><li>obsojanje \u010dlove\u0161kih voditeljev in institucij, hkrati pa brezpogojno sprejemanje &#8220;obiskovalcev&#8221;;<\/li><li>domneva, da so tu za na\u0161e dobro, ker nas niso napadli;<\/li><li>domneva, da je napredna tehnologija enaka napredni etiki in duhovnosti;<\/li><li>prepri\u010danje, da je ta pojav skrivnost, \u010deprav je v resnici razumljiv;<\/li><li>prepri\u010danje, da imajo NZ na nek na\u010din pravico do \u010dlove\u0161tva in tega planeta;<\/li><li>in prepri\u010danje, da je \u010dlove\u0161tvo nepopravljivo in da ne more uspeti samo.<\/li><\/ul><p>Poro\u010dila Zaveznikov izpodbijajo tak\u0161ne predpostavke in te\u017enje ter razblinjajo \u0161tevilne mite o tem, kdo nas obiskuje in zakaj je tukaj.<\/p><p>Poro\u010dila Zaveznikov \u010clove\u0161tva nam omogo\u010dajo ve\u010djo perspektivo in globlje razumevanje na\u0161e usode v \u0161ir\u0161i panorami inteligentnega \u017eivljenja v Vesolju. Da bi to dosegli, Zavezniki ne govorijo na\u0161emu analiti\u010dnemu umu, temve\u010d Znanju, globljemu delu na\u0161ega bitja, kjer lahko resnico, \u010detudi zamegljeno, neposredno razberemo in do\u017eivimo. <\/p><p><em>Zavezniki \u010clove\u0161tva<\/em> bodo spro\u017eili \u0161tevilna vpra\u0161anja, ki jih bo treba \u0161e dodatno raziskati in premisliti. Njihov namen ni navajanje imen, datumov in krajev, temve\u010d zagotavljanje pogleda na prisotnost NZ v svetu in na \u017eivljenje v vesolju, ki ga kot ljudje sicer ne bi mogli imeti.<\/p><p>\u010ceprav \u0161e vedno \u017eivimo izolirano na povr\u0161ju na\u0161ega sveta, ne moremo videti in vedeti, kaj se dogaja z inteligentnim \u017eivljenjem zunaj na\u0161ih meja. Za to potrebujemo pomo\u010d, zelo nenavadno pomo\u010d. Tak\u0161ne pomo\u010di morda sprva ne bomo prepoznali ali sprejeli. Vendar je tu. <\/p><p class=\"float-right bleed-right\"><img decoding=\"async\" src=\"https:\/\/www.alliesofhumanity.org\/wp-content\/uploads\/2020\/06\/960x540-aoh-book-2.jpg\" alt=\"\" \/><\/p><p>Namen Zaveznikov je opozoriti nas na tveganja, ki jih prina\u0161a vstop v Ve\u010djo Skupnost inteligentnega \u017eivljenja, in nam pomagati pri uspe\u0161nem prestopu tega velikega praga na na\u010din, ki omogo\u010da ohranitev \u010dlove\u0161ke svobode, suverenosti in samoodlo\u010dbe. <\/p><p>Zavezniki so tu, da nam svetujejo, da mora \u010dlove\u0161tvo v tem \u010dasu brez primere vzpostaviti lastna \u201ePravila Delovanja\u201c. \u010ce bomo modri, pripravljeni in enotni, bomo po mnenju Zaveznikov lahko zavzeli nam namenjeno mesto kot zrela in svobodna rasa v Ve\u010dji Skupnosti.<\/p><p>Zavezniki so ponavljali nekatere klju\u010dne zamisli, ki so bile po njihovem mnenju klju\u010dne za na\u0161e razumevanje. Te ponovitve smo ohranili v Poro\u010dilih, da bi ohranili namen in celovitost njihove komunikacije. Zaradi nujnosti sporo\u010dila Zaveznikov in sil v svetu, ki bi temu sporo\u010dilu nasprotovale, so te ponovitve modre in nujne. <\/p><p>Po objavi <em>Prve knjige Zaveznikov \u010clove\u0161tva<\/em> leta 2001 so Zavezniki pripravili drugi sklop Poro\u010dil, da bi dopolnili svoje klju\u010dno sporo\u010dilo \u010dlove\u0161tvu. <em>Druga knjiga Zaveznikov \u010clove\u0161tva<\/em>, objavljena leta 2005, predstavlja presenetljive nove informacije o medsebojnih vplivih med rasami v na\u0161em lokalnem vesolju ter o naravi, namenu in najbolj skritih dejavnostih tistih ras, ki se vme\u0161avajo v \u010dlove\u0161ke zadeve. <\/p><p>Zavezniki so ponovno za\u010deli komunicirati leta 2008, ko so dodatno opisali zapleteno okolje, v katerem se pojavlja \u010dlove\u0161tvo. Tretji sklop Poro\u010dil je bil objavljen leta 2012.<\/p><p>\u010cetrti sklop Poro\u010dil, ki je bil objavljen oktobra 2016, temelji na prej\u0161njih Poro\u010dilih in se osredoto\u010da na svobodo v vesolju, kako jo dose\u010di, kako jo ohraniti in kak\u0161ne omejitve bo moralo \u010dlove\u0161tvo upo\u0161tevati, da bo postalo svobodna rasa v vesolju. \u010cetrta knjiga Zavezniki \u010clove\u0161tva je iz\u0161la leta 2019.<\/p><p>Zahvaljujo\u010d bralcem, ki so za\u010dutili nujnost Zavezni\u0161kega sporo\u010dila in so Poro\u010dila prevedli v druge jezike, se po vsem svetu \u0161iri zavedanje o resni\u010dnosti Intervencije. <\/p><p>V Dru\u0161tvu za Novo Sporo\u010dilo menimo, da ti trije sklopi Poro\u010dil vsebujejo eno najpomembnej\u0161ih sporo\u010dil, ki se danes prena\u0161ajo po svetu. <\/p><p><em>Zavezniki \u010clove\u0161tva<\/em> niso le \u0161e ena knjiga, ki \u0161pekulira o pojavu NLP\/ET. Gre za pristno sporo\u010dilo o preobrazbi, ki je usmerjeno neposredno v temeljni namen Posredovanja nezemljanov, da bi pove\u010dalo ozave\u0161\u010denost, ki jo bomo potrebovali za soo\u010danje z izzivi in prilo\u017enostmi, ki so pred nami.<\/p><p><a title=\"Go to newmessage.org\" href=\"https:\/\/www.newmessage.org\/worldwide-community\/society\" target=\"_blank\" rel=\"noopener noreferrer\">Dru\u0161tvo za Novo Sporo\u010dilo<\/a><\/p>\t\t\t\t\t\t\t\t<\/div>\t\t\t\t<\/div>\t\t\t\t\t<\/div>\t\t<\/div>\t\t\t\t\t<\/div>\t\t<\/section>\t\t\t\t<\/div><p>\t\t<\/p>","protected":false},"excerpt":{"rendered":"<p>Poro\u010dila Zaveznikov \u010clove\u0161tva so namenjeni pripravi ljudi na povsem novo realnost, ki je v dana\u0161njem svetu ve\u010dinoma skrita in nepriznana.Poro\u010dila Zaveznikov zagotavljajo novo perspektivo, ki ljudem omogo\u010da, da se soo\u010dijo z najve\u010djim izzivom in prilo\u017enostjo, s katero smo se kot rasa kdajkoli sre\u010dali. Poro\u010dila Zaveznikov vsebujejo \u0161tevilne kriti\u010dne, \u010de ne celo alarmantne izjave o vse [&hellip;]<\/p>\n","protected":false},"author":25,"featured_media":0,"parent":0,"menu_order":1,"comment_status":"closed","ping_status":"closed","template":"page.php","meta":{"_acf_changed":false,"footnotes":""},"class_list":["post-23056","page","type-page","status-publish","hentry"],"acf":[],"yoast_head":"<!-- This site is optimized with the Yoast SEO plugin v26.5 - https:\/\/yoast.com\/wordpress\/plugins\/seo\/ -->\n<title>Uvod v zaveznike \u010dlove\u0161tva: Razkritje posredovanja NZ<\/title>\n<meta name=\"description\" content=\"Brifingi zaveznikov vsebujejo \u0161tevilne kriti\u010dne, \u010de ne celo alarmantne izjave o nara\u0161\u010dajo\u010dem nezemeljskem posredovanju in njegovi agendi.\" \/>\n<meta name=\"robots\" content=\"index, follow, max-snippet:-1, max-image-preview:large, max-video-preview:-1\" \/>\n<link rel=\"canonical\" href=\"https:\/\/www.alliesofhumanity.org\/sl\/the-allies\/\" \/>\n<meta property=\"og:locale\" content=\"sl_SI\" \/>\n<meta property=\"og:type\" content=\"article\" \/>\n<meta property=\"og:title\" content=\"Uvod v zaveznike \u010dlove\u0161tva: Razkritje posredovanja NZ\" \/>\n<meta property=\"og:description\" content=\"Brifingi zaveznikov vsebujejo \u0161tevilne kriti\u010dne, \u010de ne celo alarmantne izjave o nara\u0161\u010dajo\u010dem nezemeljskem posredovanju in njegovi agendi.\" \/>\n<meta property=\"og:url\" content=\"https:\/\/www.alliesofhumanity.org\/sl\/the-allies\/\" \/>\n<meta property=\"og:site_name\" content=\"The Allies of Humanity\" \/>\n<meta property=\"article:publisher\" content=\"https:\/\/www.facebook.com\/alliesofhumanity\/\" \/>\n<meta property=\"article:modified_time\" content=\"2025-08-18T20:44:41+00:00\" \/>\n<meta property=\"og:image\" content=\"https:\/\/www.alliesofhumanity.org\/wp-content\/uploads\/2021\/01\/og-socialmedia-aoh.jpg\" \/>\n\t<meta property=\"og:image:width\" content=\"1200\" \/>\n\t<meta property=\"og:image:height\" content=\"630\" \/>\n\t<meta property=\"og:image:type\" content=\"image\/jpeg\" \/>\n<meta name=\"twitter:card\" content=\"summary_large_image\" \/>\n<meta name=\"twitter:title\" content=\"Uvod v zaveznike \u010dlove\u0161tva: Razkritje posredovanja NZ\" \/>\n<meta name=\"twitter:site\" content=\"@earthallies\" \/>\n<meta name=\"twitter:label1\" content=\"Est. reading time\" \/>\n\t<meta name=\"twitter:data1\" content=\"6 minut\" \/>\n<script type=\"application\/ld+json\" class=\"yoast-schema-graph\">{\"@context\":\"https:\/\/schema.org\",\"@graph\":[{\"@type\":\"WebPage\",\"@id\":\"https:\/\/www.alliesofhumanity.org\/sl\/the-allies\/\",\"url\":\"https:\/\/www.alliesofhumanity.org\/sl\/the-allies\/\",\"name\":\"Uvod v zaveznike \u010dlove\u0161tva: Razkritje posredovanja NZ\",\"isPartOf\":{\"@id\":\"https:\/\/www.alliesofhumanity.org\/sl\/#website\"},\"datePublished\":\"2024-07-19T17:46:59+00:00\",\"dateModified\":\"2025-08-18T20:44:41+00:00\",\"description\":\"Brifingi zaveznikov vsebujejo \u0161tevilne kriti\u010dne, \u010de ne celo alarmantne izjave o nara\u0161\u010dajo\u010dem nezemeljskem posredovanju in njegovi agendi.\",\"inLanguage\":\"sl-SI\",\"potentialAction\":[{\"@type\":\"ReadAction\",\"target\":[\"https:\/\/www.alliesofhumanity.org\/sl\/the-allies\/\"]}]},{\"@type\":\"WebSite\",\"@id\":\"https:\/\/www.alliesofhumanity.org\/sl\/#website\",\"url\":\"https:\/\/www.alliesofhumanity.org\/sl\/\",\"name\":\"The Allies of Humanity\",\"description\":\"\",\"potentialAction\":[{\"@type\":\"SearchAction\",\"target\":{\"@type\":\"EntryPoint\",\"urlTemplate\":\"https:\/\/www.alliesofhumanity.org\/sl\/?s={search_term_string}\"},\"query-input\":{\"@type\":\"PropertyValueSpecification\",\"valueRequired\":true,\"valueName\":\"search_term_string\"}}],\"inLanguage\":\"sl-SI\"}]}<\/script>\n<!-- \/ Yoast SEO plugin. -->","yoast_head_json":{"title":"Uvod v zaveznike \u010dlove\u0161tva: Razkritje posredovanja NZ","description":"Brifingi zaveznikov vsebujejo \u0161tevilne kriti\u010dne, \u010de ne celo alarmantne izjave o nara\u0161\u010dajo\u010dem nezemeljskem posredovanju in njegovi agendi.","robots":{"index":"index","follow":"follow","max-snippet":"max-snippet:-1","max-image-preview":"max-image-preview:large","max-video-preview":"max-video-preview:-1"},"canonical":"https:\/\/www.alliesofhumanity.org\/sl\/the-allies\/","og_locale":"sl_SI","og_type":"article","og_title":"Uvod v zaveznike \u010dlove\u0161tva: Razkritje posredovanja NZ","og_description":"Brifingi zaveznikov vsebujejo \u0161tevilne kriti\u010dne, \u010de ne celo alarmantne izjave o nara\u0161\u010dajo\u010dem nezemeljskem posredovanju in njegovi agendi.","og_url":"https:\/\/www.alliesofhumanity.org\/sl\/the-allies\/","og_site_name":"The Allies of Humanity","article_publisher":"https:\/\/www.facebook.com\/alliesofhumanity\/","article_modified_time":"2025-08-18T20:44:41+00:00","og_image":[{"width":1200,"height":630,"url":"https:\/\/www.alliesofhumanity.org\/wp-content\/uploads\/2021\/01\/og-socialmedia-aoh.jpg","type":"image\/jpeg"}],"twitter_card":"summary_large_image","twitter_title":"Uvod v zaveznike \u010dlove\u0161tva: Razkritje posredovanja NZ","twitter_site":"@earthallies","twitter_misc":{"Est. reading time":"6 minut"},"schema":{"@context":"https:\/\/schema.org","@graph":[{"@type":"WebPage","@id":"https:\/\/www.alliesofhumanity.org\/sl\/the-allies\/","url":"https:\/\/www.alliesofhumanity.org\/sl\/the-allies\/","name":"Uvod v zaveznike \u010dlove\u0161tva: Razkritje posredovanja NZ","isPartOf":{"@id":"https:\/\/www.alliesofhumanity.org\/sl\/#website"},"datePublished":"2024-07-19T17:46:59+00:00","dateModified":"2025-08-18T20:44:41+00:00","description":"Brifingi zaveznikov vsebujejo \u0161tevilne kriti\u010dne, \u010de ne celo alarmantne izjave o nara\u0161\u010dajo\u010dem nezemeljskem posredovanju in njegovi agendi.","inLanguage":"sl-SI","potentialAction":[{"@type":"ReadAction","target":["https:\/\/www.alliesofhumanity.org\/sl\/the-allies\/"]}]},{"@type":"WebSite","@id":"https:\/\/www.alliesofhumanity.org\/sl\/#website","url":"https:\/\/www.alliesofhumanity.org\/sl\/","name":"The Allies of Humanity","description":"","potentialAction":[{"@type":"SearchAction","target":{"@type":"EntryPoint","urlTemplate":"https:\/\/www.alliesofhumanity.org\/sl\/?s={search_term_string}"},"query-input":{"@type":"PropertyValueSpecification","valueRequired":true,"valueName":"search_term_string"}}],"inLanguage":"sl-SI"}]}},"_links":{"self":[{"href":"https:\/\/www.alliesofhumanity.org\/sl\/wp-json\/wp\/v2\/pages\/23056","targetHints":{"allow":["GET"]}}],"collection":[{"href":"https:\/\/www.alliesofhumanity.org\/sl\/wp-json\/wp\/v2\/pages"}],"about":[{"href":"https:\/\/www.alliesofhumanity.org\/sl\/wp-json\/wp\/v2\/types\/page"}],"author":[{"embeddable":true,"href":"https:\/\/www.alliesofhumanity.org\/sl\/wp-json\/wp\/v2\/users\/25"}],"replies":[{"embeddable":true,"href":"https:\/\/www.alliesofhumanity.org\/sl\/wp-json\/wp\/v2\/comments?post=23056"}],"version-history":[{"count":23,"href":"https:\/\/www.alliesofhumanity.org\/sl\/wp-json\/wp\/v2\/pages\/23056\/revisions"}],"predecessor-version":[{"id":24121,"href":"https:\/\/www.alliesofhumanity.org\/sl\/wp-json\/wp\/v2\/pages\/23056\/revisions\/24121"}],"wp:attachment":[{"href":"https:\/\/www.alliesofhumanity.org\/sl\/wp-json\/wp\/v2\/media?parent=23056"}],"curies":[{"name":"wp","href":"https:\/\/api.w.org\/{rel}","templated":true}]}}