{"id":23053,"date":"2024-07-19T17:55:24","date_gmt":"2024-07-19T16:55:24","guid":{"rendered":"https:\/\/www.alliesofhumanity.org\/home\/"},"modified":"2025-08-18T21:25:45","modified_gmt":"2025-08-18T20:25:45","slug":"home","status":"publish","type":"page","link":"https:\/\/www.alliesofhumanity.org\/sl\/","title":{"rendered":"Domov"},"content":{"rendered":"","protected":false},"excerpt":{"rendered":"","protected":false},"author":25,"featured_media":0,"parent":0,"menu_order":0,"comment_status":"closed","ping_status":"closed","template":"home.php","meta":{"_acf_changed":false,"footnotes":""},"class_list":["post-23053","page","type-page","status-publish","hentry"],"acf":[],"yoast_head":"<!-- This site is optimized with the Yoast SEO plugin v26.5 - https:\/\/yoast.com\/wordpress\/plugins\/seo\/ -->\n<title>Zavezniki \u010dlove\u0161tva: Razkritje nezemeljske prisotnosti<\/title>\n<meta name=\"description\" content=\"Danes v svetu poteka nezemeljsko posredovanje. \u010ce \u017eelite izvedeti ve\u010d, preberite kratke informacije o zaveznikih \u010dlove\u0161tva (brezpla\u010dno na spletu).\" \/>\n<meta name=\"robots\" content=\"index, follow, max-snippet:-1, max-image-preview:large, max-video-preview:-1\" \/>\n<link rel=\"canonical\" href=\"https:\/\/www.alliesofhumanity.org\/sl\/\" \/>\n<meta property=\"og:locale\" content=\"sl_SI\" \/>\n<meta property=\"og:type\" content=\"article\" \/>\n<meta property=\"og:title\" content=\"Zavezniki \u010dlove\u0161tva: Razkritje nezemeljske prisotnosti\" \/>\n<meta property=\"og:description\" content=\"Danes v svetu poteka nezemeljsko posredovanje. \u010ce \u017eelite izvedeti ve\u010d, preberite kratke informacije o zaveznikih \u010dlove\u0161tva (brezpla\u010dno na spletu).\" \/>\n<meta property=\"og:url\" content=\"https:\/\/www.alliesofhumanity.org\/sl\/\" \/>\n<meta property=\"og:site_name\" content=\"The Allies of Humanity\" \/>\n<meta property=\"article:publisher\" content=\"https:\/\/www.facebook.com\/alliesofhumanity\/\" \/>\n<meta property=\"article:modified_time\" content=\"2025-08-18T20:25:45+00:00\" \/>\n<meta property=\"og:image\" content=\"https:\/\/www.alliesofhumanity.org\/wp-content\/uploads\/2021\/01\/og-socialmedia-aoh.jpg\" \/>\n\t<meta property=\"og:image:width\" content=\"1200\" \/>\n\t<meta property=\"og:image:height\" content=\"630\" \/>\n\t<meta property=\"og:image:type\" content=\"image\/jpeg\" \/>\n<meta name=\"twitter:card\" content=\"summary_large_image\" \/>\n<meta name=\"twitter:title\" content=\"Zavezniki \u010dlove\u0161tva: Razkritje nezemeljske prisotnosti\" \/>\n<meta name=\"twitter:site\" content=\"@earthallies\" \/>\n<script type=\"application\/ld+json\" class=\"yoast-schema-graph\">{\"@context\":\"https:\/\/schema.org\",\"@graph\":[{\"@type\":\"WebPage\",\"@id\":\"https:\/\/www.alliesofhumanity.org\/sl\/\",\"url\":\"https:\/\/www.alliesofhumanity.org\/sl\/\",\"name\":\"Zavezniki \u010dlove\u0161tva: Razkritje nezemeljske prisotnosti\",\"isPartOf\":{\"@id\":\"https:\/\/www.alliesofhumanity.org\/sl\/#website\"},\"datePublished\":\"2024-07-19T16:55:24+00:00\",\"dateModified\":\"2025-08-18T20:25:45+00:00\",\"description\":\"Danes v svetu poteka nezemeljsko posredovanje. \u010ce \u017eelite izvedeti ve\u010d, preberite kratke informacije o zaveznikih \u010dlove\u0161tva (brezpla\u010dno na spletu).\",\"inLanguage\":\"sl-SI\",\"potentialAction\":[{\"@type\":\"ReadAction\",\"target\":[\"https:\/\/www.alliesofhumanity.org\/sl\/\"]}]},{\"@type\":\"WebSite\",\"@id\":\"https:\/\/www.alliesofhumanity.org\/sl\/#website\",\"url\":\"https:\/\/www.alliesofhumanity.org\/sl\/\",\"name\":\"The Allies of Humanity\",\"description\":\"\",\"potentialAction\":[{\"@type\":\"SearchAction\",\"target\":{\"@type\":\"EntryPoint\",\"urlTemplate\":\"https:\/\/www.alliesofhumanity.org\/sl\/?s={search_term_string}\"},\"query-input\":{\"@type\":\"PropertyValueSpecification\",\"valueRequired\":true,\"valueName\":\"search_term_string\"}}],\"inLanguage\":\"sl-SI\"}]}<\/script>\n<!-- \/ Yoast SEO plugin. -->","yoast_head_json":{"title":"Zavezniki \u010dlove\u0161tva: Razkritje nezemeljske prisotnosti","description":"Danes v svetu poteka nezemeljsko posredovanje. \u010ce \u017eelite izvedeti ve\u010d, preberite kratke informacije o zaveznikih \u010dlove\u0161tva (brezpla\u010dno na spletu).","robots":{"index":"index","follow":"follow","max-snippet":"max-snippet:-1","max-image-preview":"max-image-preview:large","max-video-preview":"max-video-preview:-1"},"canonical":"https:\/\/www.alliesofhumanity.org\/sl\/","og_locale":"sl_SI","og_type":"article","og_title":"Zavezniki \u010dlove\u0161tva: Razkritje nezemeljske prisotnosti","og_description":"Danes v svetu poteka nezemeljsko posredovanje. \u010ce \u017eelite izvedeti ve\u010d, preberite kratke informacije o zaveznikih \u010dlove\u0161tva (brezpla\u010dno na spletu).","og_url":"https:\/\/www.alliesofhumanity.org\/sl\/","og_site_name":"The Allies of Humanity","article_publisher":"https:\/\/www.facebook.com\/alliesofhumanity\/","article_modified_time":"2025-08-18T20:25:45+00:00","og_image":[{"width":1200,"height":630,"url":"https:\/\/www.alliesofhumanity.org\/wp-content\/uploads\/2021\/01\/og-socialmedia-aoh.jpg","type":"image\/jpeg"}],"twitter_card":"summary_large_image","twitter_title":"Zavezniki \u010dlove\u0161tva: Razkritje nezemeljske prisotnosti","twitter_site":"@earthallies","schema":{"@context":"https:\/\/schema.org","@graph":[{"@type":"WebPage","@id":"https:\/\/www.alliesofhumanity.org\/sl\/","url":"https:\/\/www.alliesofhumanity.org\/sl\/","name":"Zavezniki \u010dlove\u0161tva: Razkritje nezemeljske prisotnosti","isPartOf":{"@id":"https:\/\/www.alliesofhumanity.org\/sl\/#website"},"datePublished":"2024-07-19T16:55:24+00:00","dateModified":"2025-08-18T20:25:45+00:00","description":"Danes v svetu poteka nezemeljsko posredovanje. \u010ce \u017eelite izvedeti ve\u010d, preberite kratke informacije o zaveznikih \u010dlove\u0161tva (brezpla\u010dno na spletu).","inLanguage":"sl-SI","potentialAction":[{"@type":"ReadAction","target":["https:\/\/www.alliesofhumanity.org\/sl\/"]}]},{"@type":"WebSite","@id":"https:\/\/www.alliesofhumanity.org\/sl\/#website","url":"https:\/\/www.alliesofhumanity.org\/sl\/","name":"The Allies of Humanity","description":"","potentialAction":[{"@type":"SearchAction","target":{"@type":"EntryPoint","urlTemplate":"https:\/\/www.alliesofhumanity.org\/sl\/?s={search_term_string}"},"query-input":{"@type":"PropertyValueSpecification","valueRequired":true,"valueName":"search_term_string"}}],"inLanguage":"sl-SI"}]}},"_links":{"self":[{"href":"https:\/\/www.alliesofhumanity.org\/sl\/wp-json\/wp\/v2\/pages\/23053","targetHints":{"allow":["GET"]}}],"collection":[{"href":"https:\/\/www.alliesofhumanity.org\/sl\/wp-json\/wp\/v2\/pages"}],"about":[{"href":"https:\/\/www.alliesofhumanity.org\/sl\/wp-json\/wp\/v2\/types\/page"}],"author":[{"embeddable":true,"href":"https:\/\/www.alliesofhumanity.org\/sl\/wp-json\/wp\/v2\/users\/25"}],"replies":[{"embeddable":true,"href":"https:\/\/www.alliesofhumanity.org\/sl\/wp-json\/wp\/v2\/comments?post=23053"}],"version-history":[{"count":1,"href":"https:\/\/www.alliesofhumanity.org\/sl\/wp-json\/wp\/v2\/pages\/23053\/revisions"}],"predecessor-version":[{"id":23065,"href":"https:\/\/www.alliesofhumanity.org\/sl\/wp-json\/wp\/v2\/pages\/23053\/revisions\/23065"}],"wp:attachment":[{"href":"https:\/\/www.alliesofhumanity.org\/sl\/wp-json\/wp\/v2\/media?parent=23053"}],"curies":[{"name":"wp","href":"https:\/\/api.w.org\/{rel}","templated":true}]}}