{"id":18576,"date":"2021-08-28T03:19:28","date_gmt":"2021-08-28T02:19:28","guid":{"rendered":"https:\/\/www.alliesofhumanity.org\/the-briefings\/book-four\/ah4-a-message-from-marshall-vian-summers\/"},"modified":"2024-03-14T10:42:10","modified_gmt":"2024-03-14T09:42:10","slug":"ah4-a-message-from-marshall-vian-summers","status":"publish","type":"page","link":"https:\/\/www.alliesofhumanity.org\/ro\/the-briefings\/book-four\/ah4-a-message-from-marshall-vian-summers\/","title":{"rendered":"Mesaj din partea lui Marshall Vian Summers"},"content":{"rendered":"\t\t<div data-elementor-type=\"wp-page\" data-elementor-id=\"18576\" class=\"elementor elementor-18576 elementor-2532\" data-elementor-post-type=\"page\">\t\t\t\t\t\t<section class=\"elementor-section elementor-top-section elementor-element elementor-element-2ad36770 elementor-section-boxed elementor-section-height-default elementor-section-height-default\" data-id=\"2ad36770\" data-element_type=\"section\">\t\t\t\t\t\t<div class=\"elementor-container elementor-column-gap-default\">\t\t\t\t\t<div class=\"elementor-column elementor-col-100 elementor-top-column elementor-element elementor-element-6727a495\" data-id=\"6727a495\" data-element_type=\"column\">\t\t\t<div class=\"elementor-widget-wrap elementor-element-populated\">\t\t\t\t\t\t<div class=\"elementor-element elementor-element-0ebbb09 elementor-widget elementor-widget-text-editor\" data-id=\"0ebbb09\" data-element_type=\"widget\" data-widget_type=\"text-editor.default\">\t\t\t\t<div class=\"elementor-widget-container\">\t\t\t\t\t\t\t\t\t<h5>A\u0219tept\u00e2nd s\u0103 fie traduse&#8230;<\/h5>\t\t\t\t\t\t\t\t<\/div>\t\t\t\t<\/div>\t\t\t\t\t<\/div>\t\t<\/div>\t\t\t\t\t<\/div><p class=\"image-quote float-right\"><img decoding=\"async\" src=\"https:\/\/www.alliesofhumanity.org\/wp-content\/uploads\/2020\/08\/MVS-298x300-1.png\" alt=\"\" \/><\/p>\t\t<\/section>\t\t\t\t<\/div><p>\t\t<\/p>","protected":false},"excerpt":{"rendered":"<p>A\u0219tept\u00e2nd s\u0103 fie traduse&#8230;<\/p>\n","protected":false},"author":23,"featured_media":0,"parent":18575,"menu_order":0,"comment_status":"closed","ping_status":"closed","template":"page.php","meta":{"_acf_changed":false,"footnotes":""},"class_list":["post-18576","page","type-page","status-publish","hentry"],"acf":[],"yoast_head":"<!-- This site is optimized with the Yoast SEO plugin v26.5 - https:\/\/yoast.com\/wordpress\/plugins\/seo\/ -->\n<title>Mesaj din partea lui Marshall Vian Summers: Briefingurile Alia\u021bilor Umanit\u0103\u021bii<\/title>\n<meta name=\"description\" content=\"Mare\u0219alul Vian Summers prezint\u0103 Allies of Humanity Briefings, un mesaj autentic de la o surs\u0103 extraterestr\u0103.\" \/>\n<meta name=\"robots\" content=\"index, follow, max-snippet:-1, max-image-preview:large, max-video-preview:-1\" \/>\n<link rel=\"canonical\" href=\"https:\/\/www.alliesofhumanity.org\/ro\/the-briefings\/book-four\/ah4-a-message-from-marshall-vian-summers\/\" \/>\n<meta property=\"og:locale\" content=\"ro_RO\" \/>\n<meta property=\"og:type\" content=\"article\" \/>\n<meta property=\"og:title\" content=\"Mesaj din partea lui Marshall Vian Summers: Briefingurile Alia\u021bilor Umanit\u0103\u021bii\" \/>\n<meta property=\"og:description\" content=\"Mare\u0219alul Vian Summers prezint\u0103 Allies of Humanity Briefings, un mesaj autentic de la o surs\u0103 extraterestr\u0103.\" \/>\n<meta property=\"og:url\" content=\"https:\/\/www.alliesofhumanity.org\/ro\/the-briefings\/book-four\/ah4-a-message-from-marshall-vian-summers\/\" \/>\n<meta property=\"og:site_name\" content=\"The Allies of Humanity\" \/>\n<meta property=\"article:publisher\" content=\"https:\/\/www.facebook.com\/alliesofhumanity\/\" \/>\n<meta property=\"article:modified_time\" content=\"2024-03-14T09:42:10+00:00\" \/>\n<meta property=\"og:image\" content=\"https:\/\/www.alliesofhumanity.org\/wp-content\/uploads\/2021\/01\/og-socialmedia-aoh.jpg\" \/>\n\t<meta property=\"og:image:width\" content=\"1200\" \/>\n\t<meta property=\"og:image:height\" content=\"630\" \/>\n\t<meta property=\"og:image:type\" content=\"image\/jpeg\" \/>\n<meta name=\"twitter:card\" content=\"summary_large_image\" \/>\n<meta name=\"twitter:title\" content=\"Mesaj din partea lui Marshall Vian Summers: Briefingurile Alia\u021bilor Umanit\u0103\u021bii\" \/>\n<meta name=\"twitter:site\" content=\"@earthallies\" \/>\n<script type=\"application\/ld+json\" class=\"yoast-schema-graph\">{\"@context\":\"https:\/\/schema.org\",\"@graph\":[{\"@type\":\"WebPage\",\"@id\":\"https:\/\/www.alliesofhumanity.org\/ro\/the-briefings\/book-four\/ah4-a-message-from-marshall-vian-summers\/\",\"url\":\"https:\/\/www.alliesofhumanity.org\/ro\/the-briefings\/book-four\/ah4-a-message-from-marshall-vian-summers\/\",\"name\":\"Mesaj din partea lui Marshall Vian Summers: Briefingurile Alia\u021bilor Umanit\u0103\u021bii\",\"isPartOf\":{\"@id\":\"https:\/\/www.alliesofhumanity.org\/ro\/#website\"},\"datePublished\":\"2021-08-28T02:19:28+00:00\",\"dateModified\":\"2024-03-14T09:42:10+00:00\",\"description\":\"Mare\u0219alul Vian Summers prezint\u0103 Allies of Humanity Briefings, un mesaj autentic de la o surs\u0103 extraterestr\u0103.\",\"breadcrumb\":{\"@id\":\"https:\/\/www.alliesofhumanity.org\/ro\/the-briefings\/book-four\/ah4-a-message-from-marshall-vian-summers\/#breadcrumb\"},\"inLanguage\":\"ro-RO\",\"potentialAction\":[{\"@type\":\"ReadAction\",\"target\":[\"https:\/\/www.alliesofhumanity.org\/ro\/the-briefings\/book-four\/ah4-a-message-from-marshall-vian-summers\/\"]}]},{\"@type\":\"BreadcrumbList\",\"@id\":\"https:\/\/www.alliesofhumanity.org\/ro\/the-briefings\/book-four\/ah4-a-message-from-marshall-vian-summers\/#breadcrumb\",\"itemListElement\":[{\"@type\":\"ListItem\",\"position\":1,\"name\":\"Briefingurile\",\"item\":\"https:\/\/www.alliesofhumanity.org\/ro\/the-briefings\/\"},{\"@type\":\"ListItem\",\"position\":2,\"name\":\"Cartea a patra\",\"item\":\"https:\/\/www.alliesofhumanity.org\/ro\/the-briefings\/book-four\/\"},{\"@type\":\"ListItem\",\"position\":3,\"name\":\"Mesaj din partea lui Marshall Vian Summers\"}]},{\"@type\":\"WebSite\",\"@id\":\"https:\/\/www.alliesofhumanity.org\/ro\/#website\",\"url\":\"https:\/\/www.alliesofhumanity.org\/ro\/\",\"name\":\"The Allies of Humanity\",\"description\":\"\",\"potentialAction\":[{\"@type\":\"SearchAction\",\"target\":{\"@type\":\"EntryPoint\",\"urlTemplate\":\"https:\/\/www.alliesofhumanity.org\/ro\/?s={search_term_string}\"},\"query-input\":{\"@type\":\"PropertyValueSpecification\",\"valueRequired\":true,\"valueName\":\"search_term_string\"}}],\"inLanguage\":\"ro-RO\"}]}<\/script>\n<!-- \/ Yoast SEO plugin. -->","yoast_head_json":{"title":"Mesaj din partea lui Marshall Vian Summers: Briefingurile Alia\u021bilor Umanit\u0103\u021bii","description":"Mare\u0219alul Vian Summers prezint\u0103 Allies of Humanity Briefings, un mesaj autentic de la o surs\u0103 extraterestr\u0103.","robots":{"index":"index","follow":"follow","max-snippet":"max-snippet:-1","max-image-preview":"max-image-preview:large","max-video-preview":"max-video-preview:-1"},"canonical":"https:\/\/www.alliesofhumanity.org\/ro\/the-briefings\/book-four\/ah4-a-message-from-marshall-vian-summers\/","og_locale":"ro_RO","og_type":"article","og_title":"Mesaj din partea lui Marshall Vian Summers: Briefingurile Alia\u021bilor Umanit\u0103\u021bii","og_description":"Mare\u0219alul Vian Summers prezint\u0103 Allies of Humanity Briefings, un mesaj autentic de la o surs\u0103 extraterestr\u0103.","og_url":"https:\/\/www.alliesofhumanity.org\/ro\/the-briefings\/book-four\/ah4-a-message-from-marshall-vian-summers\/","og_site_name":"The Allies of Humanity","article_publisher":"https:\/\/www.facebook.com\/alliesofhumanity\/","article_modified_time":"2024-03-14T09:42:10+00:00","og_image":[{"width":1200,"height":630,"url":"https:\/\/www.alliesofhumanity.org\/wp-content\/uploads\/2021\/01\/og-socialmedia-aoh.jpg","type":"image\/jpeg"}],"twitter_card":"summary_large_image","twitter_title":"Mesaj din partea lui Marshall Vian Summers: Briefingurile Alia\u021bilor Umanit\u0103\u021bii","twitter_site":"@earthallies","schema":{"@context":"https:\/\/schema.org","@graph":[{"@type":"WebPage","@id":"https:\/\/www.alliesofhumanity.org\/ro\/the-briefings\/book-four\/ah4-a-message-from-marshall-vian-summers\/","url":"https:\/\/www.alliesofhumanity.org\/ro\/the-briefings\/book-four\/ah4-a-message-from-marshall-vian-summers\/","name":"Mesaj din partea lui Marshall Vian Summers: Briefingurile Alia\u021bilor Umanit\u0103\u021bii","isPartOf":{"@id":"https:\/\/www.alliesofhumanity.org\/ro\/#website"},"datePublished":"2021-08-28T02:19:28+00:00","dateModified":"2024-03-14T09:42:10+00:00","description":"Mare\u0219alul Vian Summers prezint\u0103 Allies of Humanity Briefings, un mesaj autentic de la o surs\u0103 extraterestr\u0103.","breadcrumb":{"@id":"https:\/\/www.alliesofhumanity.org\/ro\/the-briefings\/book-four\/ah4-a-message-from-marshall-vian-summers\/#breadcrumb"},"inLanguage":"ro-RO","potentialAction":[{"@type":"ReadAction","target":["https:\/\/www.alliesofhumanity.org\/ro\/the-briefings\/book-four\/ah4-a-message-from-marshall-vian-summers\/"]}]},{"@type":"BreadcrumbList","@id":"https:\/\/www.alliesofhumanity.org\/ro\/the-briefings\/book-four\/ah4-a-message-from-marshall-vian-summers\/#breadcrumb","itemListElement":[{"@type":"ListItem","position":1,"name":"Briefingurile","item":"https:\/\/www.alliesofhumanity.org\/ro\/the-briefings\/"},{"@type":"ListItem","position":2,"name":"Cartea a patra","item":"https:\/\/www.alliesofhumanity.org\/ro\/the-briefings\/book-four\/"},{"@type":"ListItem","position":3,"name":"Mesaj din partea lui Marshall Vian Summers"}]},{"@type":"WebSite","@id":"https:\/\/www.alliesofhumanity.org\/ro\/#website","url":"https:\/\/www.alliesofhumanity.org\/ro\/","name":"The Allies of Humanity","description":"","potentialAction":[{"@type":"SearchAction","target":{"@type":"EntryPoint","urlTemplate":"https:\/\/www.alliesofhumanity.org\/ro\/?s={search_term_string}"},"query-input":{"@type":"PropertyValueSpecification","valueRequired":true,"valueName":"search_term_string"}}],"inLanguage":"ro-RO"}]}},"_links":{"self":[{"href":"https:\/\/www.alliesofhumanity.org\/ro\/wp-json\/wp\/v2\/pages\/18576","targetHints":{"allow":["GET"]}}],"collection":[{"href":"https:\/\/www.alliesofhumanity.org\/ro\/wp-json\/wp\/v2\/pages"}],"about":[{"href":"https:\/\/www.alliesofhumanity.org\/ro\/wp-json\/wp\/v2\/types\/page"}],"author":[{"embeddable":true,"href":"https:\/\/www.alliesofhumanity.org\/ro\/wp-json\/wp\/v2\/users\/23"}],"replies":[{"embeddable":true,"href":"https:\/\/www.alliesofhumanity.org\/ro\/wp-json\/wp\/v2\/comments?post=18576"}],"version-history":[{"count":5,"href":"https:\/\/www.alliesofhumanity.org\/ro\/wp-json\/wp\/v2\/pages\/18576\/revisions"}],"predecessor-version":[{"id":22191,"href":"https:\/\/www.alliesofhumanity.org\/ro\/wp-json\/wp\/v2\/pages\/18576\/revisions\/22191"}],"up":[{"embeddable":true,"href":"https:\/\/www.alliesofhumanity.org\/ro\/wp-json\/wp\/v2\/pages\/18575"}],"wp:attachment":[{"href":"https:\/\/www.alliesofhumanity.org\/ro\/wp-json\/wp\/v2\/media?parent=18576"}],"curies":[{"name":"wp","href":"https:\/\/api.w.org\/{rel}","templated":true}]}}