{"id":18575,"date":"2021-08-28T03:17:32","date_gmt":"2021-08-28T02:17:32","guid":{"rendered":"https:\/\/www.alliesofhumanity.org\/the-briefings\/book-four\/"},"modified":"2021-09-10T06:37:46","modified_gmt":"2021-09-10T05:37:46","slug":"book-four","status":"publish","type":"page","link":"https:\/\/www.alliesofhumanity.org\/ro\/the-briefings\/book-four\/","title":{"rendered":"Cartea a patra"},"content":{"rendered":"<h5>Toate Briefing-urile Alia\u021bilor Umanit\u0103\u021bii sunt disponibile gratuit online. \u00cencepe\u021bi c\u0103l\u0103toria cu Alia\u021bii Cartea a patra.<\/h5>\n<p>Alia\u021bii Umanit\u0103\u021bii sunt un grup de indivizi din mai multe lumi diferite care au venit \u00een vecin\u0103tatea P\u0103m\u00e2ntului pentru a observa Interven\u021bia extraterestr\u0103 care are loc \u00een lumea noastr\u0103 \u0219i pentru a raporta activit\u0103\u021bile acestei Interven\u021bii \u0219i implica\u021biile ei pentru rasa uman\u0103.<\/p>\n<p>Prin intermediul Briefing-urilor lor, Alia\u021bii dezv\u0103luie realitatea Contactului care are loc \u00een lumea de ast\u0103zi &#8211; cine sunt vizitatorii, de ce se afl\u0103 aici \u0219i care este agenda mai ampl\u0103 din spatele activit\u0103\u021bilor lor. \u00cen acest fel, Briefing-urile completeaz\u0103 multe dintre lacunele critice din \u00een\u021belegerea noastr\u0103 privind realitatea vizitelor extraterestre \u0219i a fenomenului OZN, care au fost \u00een centrul cercet\u0103rilor \u0219i investiga\u021biilor timp de peste \u0219apte decenii.<\/p>\n<p>Aceste Briefing-uri fac parte dintr-o comunicare mai ampl\u0103 din partea acelor rase din universul nostru local care sus\u021bin libertatea \u0219i suveranitatea umanit\u0103\u021bii, pe m\u0103sur\u0103 ce aceasta se transform\u0103 \u00eentr-o &#8222;&#8221;Comunitate mai mare&#8221;&#8221; a vie\u021bii. Acesta este un mesaj autentic de la o surs\u0103 extraterestr\u0103, care ne avertizeaz\u0103 asupra pericolelor interven\u021biei de dincolo \u0219i ne \u00eendeamn\u0103 s\u0103 ne preg\u0103tim pentru provoc\u0103rile vie\u021bii \u00een univers.<\/p>\n<hr \/>\n<h5>\u00cencepe\u021bi s\u0103 citi\u021bi Briefing-urile online acum!<\/h5>\n<p>Cuprinsul c\u0103r\u021bii:<\/p>\n<p><a href=\"ah4-a-message-from-marshall-vian-summers\">Mesaj din partea lui Marshall Vian Summers<\/a><\/p>\n<p><a href=\"allies-free-races\">Prima informare: Cine suntem \u0219i ce reprezent\u0103m<\/a><\/p>\n<p><a href=\"exercise-restraint\">Briefing doi: Importan\u021ba re\u021binerii<\/a><\/p>\n<p><a href=\"free-nations-universe\">Briefing trei: Libertatea \u00een Univers<br \/>\n<\/a><\/p>\n<p><a href=\"higher-powers\">Briefing patru: Puteri superioare<\/a><\/p>\n<p><a href=\"secure-freedom\">Briefing cinci: Marea Coordonare<\/a><\/p>\n<p><a href=\"networks-wise\">Briefing a Sasea: Re\u021belele \u00een\u021belep\u021bilor<\/a><\/p>\n<p><a href=\"\/briefings\/12-point-summary-of-the-allies-of-humanity-briefings\">Rezumat \u00een 12 puncte al \u0219edin\u021belor informative ale Alia\u021bilor Umanit\u0103\u021bii<\/a><\/p>\n<hr \/>\n<p>Societatea pentru Noul Mesaj ofer\u0103 acum toate cele patru volume din <em>Alia\u021bii Umanit\u0103\u021bii<\/em> online, f\u0103r\u0103 niciun cost. Facem acest lucru pentru ca acest mesaj s\u0103 ajung\u0103 la c\u00e2t mai mul\u021bi oameni, at\u00e2t la baz\u0103, c\u00e2t \u0219i \u00een pozi\u021bii de putere politic\u0103, economic\u0103 \u0219i religioas\u0103.<\/p>\n","protected":false},"excerpt":{"rendered":"<p>Toate Briefing-urile Alia\u021bilor Umanit\u0103\u021bii sunt disponibile gratuit online. \u00cencepe\u021bi c\u0103l\u0103toria cu Alia\u021bii Cartea a patra. Alia\u021bii Umanit\u0103\u021bii sunt un grup de indivizi din mai multe lumi diferite care au venit \u00een vecin\u0103tatea P\u0103m\u00e2ntului pentru a observa Interven\u021bia extraterestr\u0103 care are loc \u00een lumea noastr\u0103 \u0219i pentru a raporta activit\u0103\u021bile acestei Interven\u021bii \u0219i implica\u021biile ei pentru [&hellip;]<\/p>\n","protected":false},"author":2,"featured_media":0,"parent":18427,"menu_order":4,"comment_status":"closed","ping_status":"closed","template":"page-book-start.php","meta":{"_acf_changed":false,"footnotes":""},"class_list":["post-18575","page","type-page","status-publish","hentry"],"acf":[],"yoast_head":"<!-- This site is optimized with the Yoast SEO plugin v26.5 - https:\/\/yoast.com\/wordpress\/plugins\/seo\/ -->\n<title>The Allies of Humanity Book Four: Freedom in the Universe<\/title>\n<meta name=\"description\" content=\"How humanity can achieve and maintain its freedom in the universe, in the face of contact with extraterrestrial alien life.\" \/>\n<meta name=\"robots\" content=\"index, follow, max-snippet:-1, max-image-preview:large, max-video-preview:-1\" \/>\n<link rel=\"canonical\" href=\"https:\/\/www.alliesofhumanity.org\/ro\/the-briefings\/book-four\/\" \/>\n<meta property=\"og:locale\" content=\"ro_RO\" \/>\n<meta property=\"og:type\" content=\"article\" \/>\n<meta property=\"og:title\" content=\"The Allies of Humanity Book Four: Freedom in the Universe\" \/>\n<meta property=\"og:description\" content=\"How humanity can achieve and maintain its freedom in the universe, in the face of contact with extraterrestrial alien life.\" \/>\n<meta property=\"og:url\" content=\"https:\/\/www.alliesofhumanity.org\/ro\/the-briefings\/book-four\/\" \/>\n<meta property=\"og:site_name\" content=\"The Allies of Humanity\" \/>\n<meta property=\"article:publisher\" content=\"https:\/\/www.facebook.com\/alliesofhumanity\/\" \/>\n<meta property=\"article:modified_time\" content=\"2021-09-10T05:37:46+00:00\" \/>\n<meta property=\"og:image\" content=\"https:\/\/www.alliesofhumanity.org\/wp-content\/uploads\/2021\/01\/og-socialmedia-aoh.jpg\" \/>\n\t<meta property=\"og:image:width\" content=\"1200\" \/>\n\t<meta property=\"og:image:height\" content=\"630\" \/>\n\t<meta property=\"og:image:type\" content=\"image\/jpeg\" \/>\n<meta name=\"twitter:card\" content=\"summary_large_image\" \/>\n<meta name=\"twitter:title\" content=\"The Allies of Humanity Book Four: Freedom in the Universe\" \/>\n<meta name=\"twitter:site\" content=\"@earthallies\" \/>\n<meta name=\"twitter:label1\" content=\"Timp estimat pentru citire\" \/>\n\t<meta name=\"twitter:data1\" content=\"2 minute\" \/>\n<script type=\"application\/ld+json\" class=\"yoast-schema-graph\">{\"@context\":\"https:\/\/schema.org\",\"@graph\":[{\"@type\":\"WebPage\",\"@id\":\"https:\/\/www.alliesofhumanity.org\/ro\/the-briefings\/book-four\/\",\"url\":\"https:\/\/www.alliesofhumanity.org\/ro\/the-briefings\/book-four\/\",\"name\":\"The Allies of Humanity Book Four: Freedom in the Universe\",\"isPartOf\":{\"@id\":\"https:\/\/www.alliesofhumanity.org\/ro\/#website\"},\"datePublished\":\"2021-08-28T02:17:32+00:00\",\"dateModified\":\"2021-09-10T05:37:46+00:00\",\"description\":\"How humanity can achieve and maintain its freedom in the universe, in the face of contact with extraterrestrial alien life.\",\"breadcrumb\":{\"@id\":\"https:\/\/www.alliesofhumanity.org\/ro\/the-briefings\/book-four\/#breadcrumb\"},\"inLanguage\":\"ro-RO\",\"potentialAction\":[{\"@type\":\"ReadAction\",\"target\":[\"https:\/\/www.alliesofhumanity.org\/ro\/the-briefings\/book-four\/\"]}]},{\"@type\":\"BreadcrumbList\",\"@id\":\"https:\/\/www.alliesofhumanity.org\/ro\/the-briefings\/book-four\/#breadcrumb\",\"itemListElement\":[{\"@type\":\"ListItem\",\"position\":1,\"name\":\"Briefingurile\",\"item\":\"https:\/\/www.alliesofhumanity.org\/ro\/the-briefings\/\"},{\"@type\":\"ListItem\",\"position\":2,\"name\":\"Cartea a patra\"}]},{\"@type\":\"WebSite\",\"@id\":\"https:\/\/www.alliesofhumanity.org\/ro\/#website\",\"url\":\"https:\/\/www.alliesofhumanity.org\/ro\/\",\"name\":\"The Allies of Humanity\",\"description\":\"\",\"potentialAction\":[{\"@type\":\"SearchAction\",\"target\":{\"@type\":\"EntryPoint\",\"urlTemplate\":\"https:\/\/www.alliesofhumanity.org\/ro\/?s={search_term_string}\"},\"query-input\":{\"@type\":\"PropertyValueSpecification\",\"valueRequired\":true,\"valueName\":\"search_term_string\"}}],\"inLanguage\":\"ro-RO\"}]}<\/script>\n<!-- \/ Yoast SEO plugin. -->","yoast_head_json":{"title":"The Allies of Humanity Book Four: Freedom in the Universe","description":"How humanity can achieve and maintain its freedom in the universe, in the face of contact with extraterrestrial alien life.","robots":{"index":"index","follow":"follow","max-snippet":"max-snippet:-1","max-image-preview":"max-image-preview:large","max-video-preview":"max-video-preview:-1"},"canonical":"https:\/\/www.alliesofhumanity.org\/ro\/the-briefings\/book-four\/","og_locale":"ro_RO","og_type":"article","og_title":"The Allies of Humanity Book Four: Freedom in the Universe","og_description":"How humanity can achieve and maintain its freedom in the universe, in the face of contact with extraterrestrial alien life.","og_url":"https:\/\/www.alliesofhumanity.org\/ro\/the-briefings\/book-four\/","og_site_name":"The Allies of Humanity","article_publisher":"https:\/\/www.facebook.com\/alliesofhumanity\/","article_modified_time":"2021-09-10T05:37:46+00:00","og_image":[{"width":1200,"height":630,"url":"https:\/\/www.alliesofhumanity.org\/wp-content\/uploads\/2021\/01\/og-socialmedia-aoh.jpg","type":"image\/jpeg"}],"twitter_card":"summary_large_image","twitter_title":"The Allies of Humanity Book Four: Freedom in the Universe","twitter_site":"@earthallies","twitter_misc":{"Timp estimat pentru citire":"2 minute"},"schema":{"@context":"https:\/\/schema.org","@graph":[{"@type":"WebPage","@id":"https:\/\/www.alliesofhumanity.org\/ro\/the-briefings\/book-four\/","url":"https:\/\/www.alliesofhumanity.org\/ro\/the-briefings\/book-four\/","name":"The Allies of Humanity Book Four: Freedom in the Universe","isPartOf":{"@id":"https:\/\/www.alliesofhumanity.org\/ro\/#website"},"datePublished":"2021-08-28T02:17:32+00:00","dateModified":"2021-09-10T05:37:46+00:00","description":"How humanity can achieve and maintain its freedom in the universe, in the face of contact with extraterrestrial alien life.","breadcrumb":{"@id":"https:\/\/www.alliesofhumanity.org\/ro\/the-briefings\/book-four\/#breadcrumb"},"inLanguage":"ro-RO","potentialAction":[{"@type":"ReadAction","target":["https:\/\/www.alliesofhumanity.org\/ro\/the-briefings\/book-four\/"]}]},{"@type":"BreadcrumbList","@id":"https:\/\/www.alliesofhumanity.org\/ro\/the-briefings\/book-four\/#breadcrumb","itemListElement":[{"@type":"ListItem","position":1,"name":"Briefingurile","item":"https:\/\/www.alliesofhumanity.org\/ro\/the-briefings\/"},{"@type":"ListItem","position":2,"name":"Cartea a patra"}]},{"@type":"WebSite","@id":"https:\/\/www.alliesofhumanity.org\/ro\/#website","url":"https:\/\/www.alliesofhumanity.org\/ro\/","name":"The Allies of Humanity","description":"","potentialAction":[{"@type":"SearchAction","target":{"@type":"EntryPoint","urlTemplate":"https:\/\/www.alliesofhumanity.org\/ro\/?s={search_term_string}"},"query-input":{"@type":"PropertyValueSpecification","valueRequired":true,"valueName":"search_term_string"}}],"inLanguage":"ro-RO"}]}},"_links":{"self":[{"href":"https:\/\/www.alliesofhumanity.org\/ro\/wp-json\/wp\/v2\/pages\/18575","targetHints":{"allow":["GET"]}}],"collection":[{"href":"https:\/\/www.alliesofhumanity.org\/ro\/wp-json\/wp\/v2\/pages"}],"about":[{"href":"https:\/\/www.alliesofhumanity.org\/ro\/wp-json\/wp\/v2\/types\/page"}],"author":[{"embeddable":true,"href":"https:\/\/www.alliesofhumanity.org\/ro\/wp-json\/wp\/v2\/users\/2"}],"replies":[{"embeddable":true,"href":"https:\/\/www.alliesofhumanity.org\/ro\/wp-json\/wp\/v2\/comments?post=18575"}],"version-history":[{"count":1,"href":"https:\/\/www.alliesofhumanity.org\/ro\/wp-json\/wp\/v2\/pages\/18575\/revisions"}],"predecessor-version":[{"id":19207,"href":"https:\/\/www.alliesofhumanity.org\/ro\/wp-json\/wp\/v2\/pages\/18575\/revisions\/19207"}],"up":[{"embeddable":true,"href":"https:\/\/www.alliesofhumanity.org\/ro\/wp-json\/wp\/v2\/pages\/18427"}],"wp:attachment":[{"href":"https:\/\/www.alliesofhumanity.org\/ro\/wp-json\/wp\/v2\/media?parent=18575"}],"curies":[{"name":"wp","href":"https:\/\/api.w.org\/{rel}","templated":true}]}}