{"id":18573,"date":"2021-08-28T03:14:29","date_gmt":"2021-08-28T02:14:29","guid":{"rendered":"https:\/\/www.alliesofhumanity.org\/the-briefings\/book-three\/questions-about-aliens\/"},"modified":"2024-03-14T10:34:10","modified_gmt":"2024-03-14T09:34:10","slug":"questions-about-aliens","status":"publish","type":"page","link":"https:\/\/www.alliesofhumanity.org\/ro\/the-briefings\/book-three\/questions-about-aliens\/","title":{"rendered":"A \u0219aptea \u0219edin\u021b\u0103 de informare: \u00centreb\u0103ri \u0219i r\u0103spunsuri"},"content":{"rendered":"\t\t<div data-elementor-type=\"wp-page\" data-elementor-id=\"18573\" class=\"elementor elementor-18573 elementor-2523\" data-elementor-post-type=\"page\">\t\t\t\t\t\t<section class=\"elementor-section elementor-top-section elementor-element elementor-element-36757505 elementor-section-boxed elementor-section-height-default elementor-section-height-default\" data-id=\"36757505\" data-element_type=\"section\">\t\t\t\t\t\t<div class=\"elementor-container elementor-column-gap-default\">\t\t\t\t\t<div class=\"elementor-column elementor-col-100 elementor-top-column elementor-element elementor-element-251033a3\" data-id=\"251033a3\" data-element_type=\"column\">\t\t\t<div class=\"elementor-widget-wrap elementor-element-populated\">\t\t\t\t\t\t<div class=\"elementor-element elementor-element-2153a80 elementor-widget elementor-widget-text-editor\" data-id=\"2153a80\" data-element_type=\"widget\" data-widget_type=\"text-editor.default\">\t\t\t\t<div class=\"elementor-widget-container\">\t\t\t\t\t\t\t\t\t<h5>A\u0219tept\u00e2nd s\u0103 fie traduse&#8230;<\/h5>\t\t\t\t\t\t\t\t<\/div>\t\t\t\t<\/div>\t\t\t\t\t<\/div>\t\t<\/div>\t\t\t\t\t<\/div>\t\t<\/section>\t\t\t\t<\/div><p>\t\t<\/p>","protected":false},"excerpt":{"rendered":"<p>A\u0219tept\u00e2nd s\u0103 fie traduse&#8230;<\/p>\n","protected":false},"author":23,"featured_media":0,"parent":18560,"menu_order":7,"comment_status":"closed","ping_status":"closed","template":"page.php","meta":{"_acf_changed":false,"footnotes":""},"class_list":["post-18573","page","type-page","status-publish","hentry"],"acf":[],"yoast_head":"<!-- This site is optimized with the Yoast SEO plugin v26.5 - https:\/\/yoast.com\/wordpress\/plugins\/seo\/ -->\n<title>Alia\u021bii umanit\u0103\u021bii, Cartea a 3-a: \u00centreb\u0103ri \u0219i r\u0103spunsuri despre extratere\u0219tri<\/title>\n<meta name=\"description\" content=\"\u00centreb\u0103ri \u0219i r\u0103spunsuri despre extratere\u0219tri \u0219i interven\u021bia extraterestr\u0103 care are loc \u00een lumea de azi.\" \/>\n<meta name=\"robots\" content=\"index, follow, max-snippet:-1, max-image-preview:large, max-video-preview:-1\" \/>\n<link rel=\"canonical\" href=\"https:\/\/www.alliesofhumanity.org\/ro\/the-briefings\/book-three\/questions-about-aliens\/\" \/>\n<meta property=\"og:locale\" content=\"ro_RO\" \/>\n<meta property=\"og:type\" content=\"article\" \/>\n<meta property=\"og:title\" content=\"Alia\u021bii umanit\u0103\u021bii, Cartea a 3-a: \u00centreb\u0103ri \u0219i r\u0103spunsuri despre extratere\u0219tri\" \/>\n<meta property=\"og:description\" content=\"\u00centreb\u0103ri \u0219i r\u0103spunsuri despre extratere\u0219tri \u0219i interven\u021bia extraterestr\u0103 care are loc \u00een lumea de azi.\" \/>\n<meta property=\"og:url\" content=\"https:\/\/www.alliesofhumanity.org\/ro\/the-briefings\/book-three\/questions-about-aliens\/\" \/>\n<meta property=\"og:site_name\" content=\"The Allies of Humanity\" \/>\n<meta property=\"article:publisher\" content=\"https:\/\/www.facebook.com\/alliesofhumanity\/\" \/>\n<meta property=\"article:modified_time\" content=\"2024-03-14T09:34:10+00:00\" \/>\n<meta property=\"og:image\" content=\"https:\/\/www.alliesofhumanity.org\/wp-content\/uploads\/2021\/01\/og-socialmedia-aoh.jpg\" \/>\n\t<meta property=\"og:image:width\" content=\"1200\" \/>\n\t<meta property=\"og:image:height\" content=\"630\" \/>\n\t<meta property=\"og:image:type\" content=\"image\/jpeg\" \/>\n<meta name=\"twitter:card\" content=\"summary_large_image\" \/>\n<meta name=\"twitter:title\" content=\"Alia\u021bii umanit\u0103\u021bii, Cartea a 3-a: \u00centreb\u0103ri \u0219i r\u0103spunsuri despre extratere\u0219tri\" \/>\n<meta name=\"twitter:site\" content=\"@earthallies\" \/>\n<script type=\"application\/ld+json\" class=\"yoast-schema-graph\">{\"@context\":\"https:\/\/schema.org\",\"@graph\":[{\"@type\":\"WebPage\",\"@id\":\"https:\/\/www.alliesofhumanity.org\/ro\/the-briefings\/book-three\/questions-about-aliens\/\",\"url\":\"https:\/\/www.alliesofhumanity.org\/ro\/the-briefings\/book-three\/questions-about-aliens\/\",\"name\":\"Alia\u021bii umanit\u0103\u021bii, Cartea a 3-a: \u00centreb\u0103ri \u0219i r\u0103spunsuri despre extratere\u0219tri\",\"isPartOf\":{\"@id\":\"https:\/\/www.alliesofhumanity.org\/ro\/#website\"},\"datePublished\":\"2021-08-28T02:14:29+00:00\",\"dateModified\":\"2024-03-14T09:34:10+00:00\",\"description\":\"\u00centreb\u0103ri \u0219i r\u0103spunsuri despre extratere\u0219tri \u0219i interven\u021bia extraterestr\u0103 care are loc \u00een lumea de azi.\",\"breadcrumb\":{\"@id\":\"https:\/\/www.alliesofhumanity.org\/ro\/the-briefings\/book-three\/questions-about-aliens\/#breadcrumb\"},\"inLanguage\":\"ro-RO\",\"potentialAction\":[{\"@type\":\"ReadAction\",\"target\":[\"https:\/\/www.alliesofhumanity.org\/ro\/the-briefings\/book-three\/questions-about-aliens\/\"]}]},{\"@type\":\"BreadcrumbList\",\"@id\":\"https:\/\/www.alliesofhumanity.org\/ro\/the-briefings\/book-three\/questions-about-aliens\/#breadcrumb\",\"itemListElement\":[{\"@type\":\"ListItem\",\"position\":1,\"name\":\"Briefingurile\",\"item\":\"https:\/\/www.alliesofhumanity.org\/ro\/the-briefings\/\"},{\"@type\":\"ListItem\",\"position\":2,\"name\":\"Cartea a treia\",\"item\":\"https:\/\/www.alliesofhumanity.org\/ro\/the-briefings\/book-three\/\"},{\"@type\":\"ListItem\",\"position\":3,\"name\":\"A \u0219aptea \u0219edin\u021b\u0103 de informare: \u00centreb\u0103ri \u0219i r\u0103spunsuri\"}]},{\"@type\":\"WebSite\",\"@id\":\"https:\/\/www.alliesofhumanity.org\/ro\/#website\",\"url\":\"https:\/\/www.alliesofhumanity.org\/ro\/\",\"name\":\"The Allies of Humanity\",\"description\":\"\",\"potentialAction\":[{\"@type\":\"SearchAction\",\"target\":{\"@type\":\"EntryPoint\",\"urlTemplate\":\"https:\/\/www.alliesofhumanity.org\/ro\/?s={search_term_string}\"},\"query-input\":{\"@type\":\"PropertyValueSpecification\",\"valueRequired\":true,\"valueName\":\"search_term_string\"}}],\"inLanguage\":\"ro-RO\"}]}<\/script>\n<!-- \/ Yoast SEO plugin. -->","yoast_head_json":{"title":"Alia\u021bii umanit\u0103\u021bii, Cartea a 3-a: \u00centreb\u0103ri \u0219i r\u0103spunsuri despre extratere\u0219tri","description":"\u00centreb\u0103ri \u0219i r\u0103spunsuri despre extratere\u0219tri \u0219i interven\u021bia extraterestr\u0103 care are loc \u00een lumea de azi.","robots":{"index":"index","follow":"follow","max-snippet":"max-snippet:-1","max-image-preview":"max-image-preview:large","max-video-preview":"max-video-preview:-1"},"canonical":"https:\/\/www.alliesofhumanity.org\/ro\/the-briefings\/book-three\/questions-about-aliens\/","og_locale":"ro_RO","og_type":"article","og_title":"Alia\u021bii umanit\u0103\u021bii, Cartea a 3-a: \u00centreb\u0103ri \u0219i r\u0103spunsuri despre extratere\u0219tri","og_description":"\u00centreb\u0103ri \u0219i r\u0103spunsuri despre extratere\u0219tri \u0219i interven\u021bia extraterestr\u0103 care are loc \u00een lumea de azi.","og_url":"https:\/\/www.alliesofhumanity.org\/ro\/the-briefings\/book-three\/questions-about-aliens\/","og_site_name":"The Allies of Humanity","article_publisher":"https:\/\/www.facebook.com\/alliesofhumanity\/","article_modified_time":"2024-03-14T09:34:10+00:00","og_image":[{"width":1200,"height":630,"url":"https:\/\/www.alliesofhumanity.org\/wp-content\/uploads\/2021\/01\/og-socialmedia-aoh.jpg","type":"image\/jpeg"}],"twitter_card":"summary_large_image","twitter_title":"Alia\u021bii umanit\u0103\u021bii, Cartea a 3-a: \u00centreb\u0103ri \u0219i r\u0103spunsuri despre extratere\u0219tri","twitter_site":"@earthallies","schema":{"@context":"https:\/\/schema.org","@graph":[{"@type":"WebPage","@id":"https:\/\/www.alliesofhumanity.org\/ro\/the-briefings\/book-three\/questions-about-aliens\/","url":"https:\/\/www.alliesofhumanity.org\/ro\/the-briefings\/book-three\/questions-about-aliens\/","name":"Alia\u021bii umanit\u0103\u021bii, Cartea a 3-a: \u00centreb\u0103ri \u0219i r\u0103spunsuri despre extratere\u0219tri","isPartOf":{"@id":"https:\/\/www.alliesofhumanity.org\/ro\/#website"},"datePublished":"2021-08-28T02:14:29+00:00","dateModified":"2024-03-14T09:34:10+00:00","description":"\u00centreb\u0103ri \u0219i r\u0103spunsuri despre extratere\u0219tri \u0219i interven\u021bia extraterestr\u0103 care are loc \u00een lumea de azi.","breadcrumb":{"@id":"https:\/\/www.alliesofhumanity.org\/ro\/the-briefings\/book-three\/questions-about-aliens\/#breadcrumb"},"inLanguage":"ro-RO","potentialAction":[{"@type":"ReadAction","target":["https:\/\/www.alliesofhumanity.org\/ro\/the-briefings\/book-three\/questions-about-aliens\/"]}]},{"@type":"BreadcrumbList","@id":"https:\/\/www.alliesofhumanity.org\/ro\/the-briefings\/book-three\/questions-about-aliens\/#breadcrumb","itemListElement":[{"@type":"ListItem","position":1,"name":"Briefingurile","item":"https:\/\/www.alliesofhumanity.org\/ro\/the-briefings\/"},{"@type":"ListItem","position":2,"name":"Cartea a treia","item":"https:\/\/www.alliesofhumanity.org\/ro\/the-briefings\/book-three\/"},{"@type":"ListItem","position":3,"name":"A \u0219aptea \u0219edin\u021b\u0103 de informare: \u00centreb\u0103ri \u0219i r\u0103spunsuri"}]},{"@type":"WebSite","@id":"https:\/\/www.alliesofhumanity.org\/ro\/#website","url":"https:\/\/www.alliesofhumanity.org\/ro\/","name":"The Allies of Humanity","description":"","potentialAction":[{"@type":"SearchAction","target":{"@type":"EntryPoint","urlTemplate":"https:\/\/www.alliesofhumanity.org\/ro\/?s={search_term_string}"},"query-input":{"@type":"PropertyValueSpecification","valueRequired":true,"valueName":"search_term_string"}}],"inLanguage":"ro-RO"}]}},"_links":{"self":[{"href":"https:\/\/www.alliesofhumanity.org\/ro\/wp-json\/wp\/v2\/pages\/18573","targetHints":{"allow":["GET"]}}],"collection":[{"href":"https:\/\/www.alliesofhumanity.org\/ro\/wp-json\/wp\/v2\/pages"}],"about":[{"href":"https:\/\/www.alliesofhumanity.org\/ro\/wp-json\/wp\/v2\/types\/page"}],"author":[{"embeddable":true,"href":"https:\/\/www.alliesofhumanity.org\/ro\/wp-json\/wp\/v2\/users\/23"}],"replies":[{"embeddable":true,"href":"https:\/\/www.alliesofhumanity.org\/ro\/wp-json\/wp\/v2\/comments?post=18573"}],"version-history":[{"count":3,"href":"https:\/\/www.alliesofhumanity.org\/ro\/wp-json\/wp\/v2\/pages\/18573\/revisions"}],"predecessor-version":[{"id":19190,"href":"https:\/\/www.alliesofhumanity.org\/ro\/wp-json\/wp\/v2\/pages\/18573\/revisions\/19190"}],"up":[{"embeddable":true,"href":"https:\/\/www.alliesofhumanity.org\/ro\/wp-json\/wp\/v2\/pages\/18560"}],"wp:attachment":[{"href":"https:\/\/www.alliesofhumanity.org\/ro\/wp-json\/wp\/v2\/media?parent=18573"}],"curies":[{"name":"wp","href":"https:\/\/api.w.org\/{rel}","templated":true}]}}