{"id":18571,"date":"2021-08-28T03:13:25","date_gmt":"2021-08-28T02:13:25","guid":{"rendered":"https:\/\/www.alliesofhumanity.org\/the-briefings\/book-three\/life-beyond-earth\/"},"modified":"2024-03-14T10:15:11","modified_gmt":"2024-03-14T09:15:11","slug":"life-beyond-earth","status":"publish","type":"page","link":"https:\/\/www.alliesofhumanity.org\/ro\/the-briefings\/book-three\/life-beyond-earth\/","title":{"rendered":"Al \u0219aselea briefing: Realit\u0103\u021bile comunit\u0103\u021bii mai mari"},"content":{"rendered":"\t\t<div data-elementor-type=\"wp-page\" data-elementor-id=\"18571\" class=\"elementor elementor-18571 elementor-2518\" data-elementor-post-type=\"page\">\t\t\t\t\t\t<section class=\"elementor-section elementor-top-section elementor-element elementor-element-6c50430a elementor-section-boxed elementor-section-height-default elementor-section-height-default\" data-id=\"6c50430a\" data-element_type=\"section\">\t\t\t\t\t\t<div class=\"elementor-container elementor-column-gap-default\">\t\t\t\t\t<div class=\"elementor-column elementor-col-100 elementor-top-column elementor-element elementor-element-1b65552b\" data-id=\"1b65552b\" data-element_type=\"column\">\t\t\t<div class=\"elementor-widget-wrap elementor-element-populated\">\t\t\t\t\t\t<div class=\"elementor-element elementor-element-2f6df38 elementor-widget elementor-widget-text-editor\" data-id=\"2f6df38\" data-element_type=\"widget\" data-widget_type=\"text-editor.default\">\t\t\t\t<div class=\"elementor-widget-container\">\t\t\t\t\t\t\t\t\t<h5>A\u0219tept\u00e2nd s\u0103 fie traduse&#8230;<\/h5>\t\t\t\t\t\t\t\t<\/div>\t\t\t\t<\/div>\t\t\t\t\t<\/div>\t\t<\/div>\t\t\t\t\t<\/div><p class=\"image-quote float-right\"><img decoding=\"async\" src=\"https:\/\/www.alliesofhumanity.org\/wp-content\/uploads\/2020\/12\/quote-book3-briefing6-1.png\" alt=\"\" \/><\/p><blockquote id=\"quote-2\" class=\"text-quote float-right bg-gray\"> <\/blockquote>\t\t<\/section>\t\t\t\t<\/div><p>\t\t<\/p>","protected":false},"excerpt":{"rendered":"<p>A\u0219tept\u00e2nd s\u0103 fie traduse&#8230;<\/p>\n","protected":false},"author":23,"featured_media":0,"parent":18560,"menu_order":6,"comment_status":"closed","ping_status":"closed","template":"page.php","meta":{"_acf_changed":false,"footnotes":""},"class_list":["post-18571","page","type-page","status-publish","hentry"],"acf":[],"yoast_head":"<!-- This site is optimized with the Yoast SEO plugin v26.5 - https:\/\/yoast.com\/wordpress\/plugins\/seo\/ -->\n<title>Realit\u0103\u021bi ale unei comunit\u0103\u021bi mai mari (a lumilor): Via\u021ba dincolo de P\u0103m\u00e2nt<\/title>\n<meta name=\"description\" content=\"Acum este necesar s\u0103 corect\u0103m anumite presupuneri care au fost f\u0103cute \u00een lumea voastr\u0103 cu privire la via\u021ba \u00een univers, la via\u021ba dincolo de P\u0103m\u00e2nt.\" \/>\n<meta name=\"robots\" content=\"index, follow, max-snippet:-1, max-image-preview:large, max-video-preview:-1\" \/>\n<link rel=\"canonical\" href=\"https:\/\/www.alliesofhumanity.org\/ro\/the-briefings\/book-three\/life-beyond-earth\/\" \/>\n<meta property=\"og:locale\" content=\"ro_RO\" \/>\n<meta property=\"og:type\" content=\"article\" \/>\n<meta property=\"og:title\" content=\"Realit\u0103\u021bi ale unei comunit\u0103\u021bi mai mari (a lumilor): Via\u021ba dincolo de P\u0103m\u00e2nt\" \/>\n<meta property=\"og:description\" content=\"Acum este necesar s\u0103 corect\u0103m anumite presupuneri care au fost f\u0103cute \u00een lumea voastr\u0103 cu privire la via\u021ba \u00een univers, la via\u021ba dincolo de P\u0103m\u00e2nt.\" \/>\n<meta property=\"og:url\" content=\"https:\/\/www.alliesofhumanity.org\/ro\/the-briefings\/book-three\/life-beyond-earth\/\" \/>\n<meta property=\"og:site_name\" content=\"The Allies of Humanity\" \/>\n<meta property=\"article:publisher\" content=\"https:\/\/www.facebook.com\/alliesofhumanity\/\" \/>\n<meta property=\"article:modified_time\" content=\"2024-03-14T09:15:11+00:00\" \/>\n<meta property=\"og:image\" content=\"https:\/\/www.alliesofhumanity.org\/wp-content\/uploads\/2021\/01\/og-socialmedia-aoh.jpg\" \/>\n\t<meta property=\"og:image:width\" content=\"1200\" \/>\n\t<meta property=\"og:image:height\" content=\"630\" \/>\n\t<meta property=\"og:image:type\" content=\"image\/jpeg\" \/>\n<meta name=\"twitter:card\" content=\"summary_large_image\" \/>\n<meta name=\"twitter:title\" content=\"Realit\u0103\u021bi ale unei comunit\u0103\u021bi mai mari (a lumilor): Via\u021ba dincolo de P\u0103m\u00e2nt\" \/>\n<meta name=\"twitter:site\" content=\"@earthallies\" \/>\n<script type=\"application\/ld+json\" class=\"yoast-schema-graph\">{\"@context\":\"https:\/\/schema.org\",\"@graph\":[{\"@type\":\"WebPage\",\"@id\":\"https:\/\/www.alliesofhumanity.org\/ro\/the-briefings\/book-three\/life-beyond-earth\/\",\"url\":\"https:\/\/www.alliesofhumanity.org\/ro\/the-briefings\/book-three\/life-beyond-earth\/\",\"name\":\"Realit\u0103\u021bi ale unei comunit\u0103\u021bi mai mari (a lumilor): Via\u021ba dincolo de P\u0103m\u00e2nt\",\"isPartOf\":{\"@id\":\"https:\/\/www.alliesofhumanity.org\/ro\/#website\"},\"datePublished\":\"2021-08-28T02:13:25+00:00\",\"dateModified\":\"2024-03-14T09:15:11+00:00\",\"description\":\"Acum este necesar s\u0103 corect\u0103m anumite presupuneri care au fost f\u0103cute \u00een lumea voastr\u0103 cu privire la via\u021ba \u00een univers, la via\u021ba dincolo de P\u0103m\u00e2nt.\",\"breadcrumb\":{\"@id\":\"https:\/\/www.alliesofhumanity.org\/ro\/the-briefings\/book-three\/life-beyond-earth\/#breadcrumb\"},\"inLanguage\":\"ro-RO\",\"potentialAction\":[{\"@type\":\"ReadAction\",\"target\":[\"https:\/\/www.alliesofhumanity.org\/ro\/the-briefings\/book-three\/life-beyond-earth\/\"]}]},{\"@type\":\"BreadcrumbList\",\"@id\":\"https:\/\/www.alliesofhumanity.org\/ro\/the-briefings\/book-three\/life-beyond-earth\/#breadcrumb\",\"itemListElement\":[{\"@type\":\"ListItem\",\"position\":1,\"name\":\"Briefingurile\",\"item\":\"https:\/\/www.alliesofhumanity.org\/ro\/the-briefings\/\"},{\"@type\":\"ListItem\",\"position\":2,\"name\":\"Cartea a treia\",\"item\":\"https:\/\/www.alliesofhumanity.org\/ro\/the-briefings\/book-three\/\"},{\"@type\":\"ListItem\",\"position\":3,\"name\":\"Al \u0219aselea briefing: Realit\u0103\u021bile comunit\u0103\u021bii mai mari\"}]},{\"@type\":\"WebSite\",\"@id\":\"https:\/\/www.alliesofhumanity.org\/ro\/#website\",\"url\":\"https:\/\/www.alliesofhumanity.org\/ro\/\",\"name\":\"The Allies of Humanity\",\"description\":\"\",\"potentialAction\":[{\"@type\":\"SearchAction\",\"target\":{\"@type\":\"EntryPoint\",\"urlTemplate\":\"https:\/\/www.alliesofhumanity.org\/ro\/?s={search_term_string}\"},\"query-input\":{\"@type\":\"PropertyValueSpecification\",\"valueRequired\":true,\"valueName\":\"search_term_string\"}}],\"inLanguage\":\"ro-RO\"}]}<\/script>\n<!-- \/ Yoast SEO plugin. -->","yoast_head_json":{"title":"Realit\u0103\u021bi ale unei comunit\u0103\u021bi mai mari (a lumilor): Via\u021ba dincolo de P\u0103m\u00e2nt","description":"Acum este necesar s\u0103 corect\u0103m anumite presupuneri care au fost f\u0103cute \u00een lumea voastr\u0103 cu privire la via\u021ba \u00een univers, la via\u021ba dincolo de P\u0103m\u00e2nt.","robots":{"index":"index","follow":"follow","max-snippet":"max-snippet:-1","max-image-preview":"max-image-preview:large","max-video-preview":"max-video-preview:-1"},"canonical":"https:\/\/www.alliesofhumanity.org\/ro\/the-briefings\/book-three\/life-beyond-earth\/","og_locale":"ro_RO","og_type":"article","og_title":"Realit\u0103\u021bi ale unei comunit\u0103\u021bi mai mari (a lumilor): Via\u021ba dincolo de P\u0103m\u00e2nt","og_description":"Acum este necesar s\u0103 corect\u0103m anumite presupuneri care au fost f\u0103cute \u00een lumea voastr\u0103 cu privire la via\u021ba \u00een univers, la via\u021ba dincolo de P\u0103m\u00e2nt.","og_url":"https:\/\/www.alliesofhumanity.org\/ro\/the-briefings\/book-three\/life-beyond-earth\/","og_site_name":"The Allies of Humanity","article_publisher":"https:\/\/www.facebook.com\/alliesofhumanity\/","article_modified_time":"2024-03-14T09:15:11+00:00","og_image":[{"width":1200,"height":630,"url":"https:\/\/www.alliesofhumanity.org\/wp-content\/uploads\/2021\/01\/og-socialmedia-aoh.jpg","type":"image\/jpeg"}],"twitter_card":"summary_large_image","twitter_title":"Realit\u0103\u021bi ale unei comunit\u0103\u021bi mai mari (a lumilor): Via\u021ba dincolo de P\u0103m\u00e2nt","twitter_site":"@earthallies","schema":{"@context":"https:\/\/schema.org","@graph":[{"@type":"WebPage","@id":"https:\/\/www.alliesofhumanity.org\/ro\/the-briefings\/book-three\/life-beyond-earth\/","url":"https:\/\/www.alliesofhumanity.org\/ro\/the-briefings\/book-three\/life-beyond-earth\/","name":"Realit\u0103\u021bi ale unei comunit\u0103\u021bi mai mari (a lumilor): Via\u021ba dincolo de P\u0103m\u00e2nt","isPartOf":{"@id":"https:\/\/www.alliesofhumanity.org\/ro\/#website"},"datePublished":"2021-08-28T02:13:25+00:00","dateModified":"2024-03-14T09:15:11+00:00","description":"Acum este necesar s\u0103 corect\u0103m anumite presupuneri care au fost f\u0103cute \u00een lumea voastr\u0103 cu privire la via\u021ba \u00een univers, la via\u021ba dincolo de P\u0103m\u00e2nt.","breadcrumb":{"@id":"https:\/\/www.alliesofhumanity.org\/ro\/the-briefings\/book-three\/life-beyond-earth\/#breadcrumb"},"inLanguage":"ro-RO","potentialAction":[{"@type":"ReadAction","target":["https:\/\/www.alliesofhumanity.org\/ro\/the-briefings\/book-three\/life-beyond-earth\/"]}]},{"@type":"BreadcrumbList","@id":"https:\/\/www.alliesofhumanity.org\/ro\/the-briefings\/book-three\/life-beyond-earth\/#breadcrumb","itemListElement":[{"@type":"ListItem","position":1,"name":"Briefingurile","item":"https:\/\/www.alliesofhumanity.org\/ro\/the-briefings\/"},{"@type":"ListItem","position":2,"name":"Cartea a treia","item":"https:\/\/www.alliesofhumanity.org\/ro\/the-briefings\/book-three\/"},{"@type":"ListItem","position":3,"name":"Al \u0219aselea briefing: Realit\u0103\u021bile comunit\u0103\u021bii mai mari"}]},{"@type":"WebSite","@id":"https:\/\/www.alliesofhumanity.org\/ro\/#website","url":"https:\/\/www.alliesofhumanity.org\/ro\/","name":"The Allies of Humanity","description":"","potentialAction":[{"@type":"SearchAction","target":{"@type":"EntryPoint","urlTemplate":"https:\/\/www.alliesofhumanity.org\/ro\/?s={search_term_string}"},"query-input":{"@type":"PropertyValueSpecification","valueRequired":true,"valueName":"search_term_string"}}],"inLanguage":"ro-RO"}]}},"_links":{"self":[{"href":"https:\/\/www.alliesofhumanity.org\/ro\/wp-json\/wp\/v2\/pages\/18571","targetHints":{"allow":["GET"]}}],"collection":[{"href":"https:\/\/www.alliesofhumanity.org\/ro\/wp-json\/wp\/v2\/pages"}],"about":[{"href":"https:\/\/www.alliesofhumanity.org\/ro\/wp-json\/wp\/v2\/types\/page"}],"author":[{"embeddable":true,"href":"https:\/\/www.alliesofhumanity.org\/ro\/wp-json\/wp\/v2\/users\/23"}],"replies":[{"embeddable":true,"href":"https:\/\/www.alliesofhumanity.org\/ro\/wp-json\/wp\/v2\/comments?post=18571"}],"version-history":[{"count":3,"href":"https:\/\/www.alliesofhumanity.org\/ro\/wp-json\/wp\/v2\/pages\/18571\/revisions"}],"predecessor-version":[{"id":19187,"href":"https:\/\/www.alliesofhumanity.org\/ro\/wp-json\/wp\/v2\/pages\/18571\/revisions\/19187"}],"up":[{"embeddable":true,"href":"https:\/\/www.alliesofhumanity.org\/ro\/wp-json\/wp\/v2\/pages\/18560"}],"wp:attachment":[{"href":"https:\/\/www.alliesofhumanity.org\/ro\/wp-json\/wp\/v2\/media?parent=18571"}],"curies":[{"name":"wp","href":"https:\/\/api.w.org\/{rel}","templated":true}]}}