{"id":18567,"date":"2021-08-28T03:11:02","date_gmt":"2021-08-28T02:11:02","guid":{"rendered":"https:\/\/www.alliesofhumanity.org\/the-briefings\/book-three\/hidden-powers\/"},"modified":"2024-03-14T10:11:49","modified_gmt":"2024-03-14T09:11:49","slug":"hidden-powers","status":"publish","type":"page","link":"https:\/\/www.alliesofhumanity.org\/ro\/the-briefings\/book-three\/hidden-powers\/","title":{"rendered":"A patra \u0219edin\u021b\u0103 de informare: Puterile ascunse"},"content":{"rendered":"\t\t<div data-elementor-type=\"wp-page\" data-elementor-id=\"18567\" class=\"elementor elementor-18567 elementor-2521\" data-elementor-post-type=\"page\">\t\t\t\t\t\t<section class=\"elementor-section elementor-top-section elementor-element elementor-element-7aae654a elementor-section-boxed elementor-section-height-default elementor-section-height-default\" data-id=\"7aae654a\" data-element_type=\"section\">\t\t\t\t\t\t<div class=\"elementor-container elementor-column-gap-default\">\t\t\t\t\t<div class=\"elementor-column elementor-col-100 elementor-top-column elementor-element elementor-element-74af48f4\" data-id=\"74af48f4\" data-element_type=\"column\">\t\t\t<div class=\"elementor-widget-wrap elementor-element-populated\">\t\t\t\t\t\t<div class=\"elementor-element elementor-element-2203759 elementor-widget elementor-widget-text-editor\" data-id=\"2203759\" data-element_type=\"widget\" data-widget_type=\"text-editor.default\">\t\t\t\t<div class=\"elementor-widget-container\">\t\t\t\t\t\t\t\t\t<h5>A\u0219tept\u00e2nd s\u0103 fie traduse&#8230;<\/h5>\t\t\t\t\t\t\t\t<\/div>\t\t\t\t<\/div>\t\t\t\t\t<\/div>\t\t<\/div>\t\t\t\t\t<\/div><p class=\"image-quote float-right\"><img decoding=\"async\" src=\"https:\/\/www.alliesofhumanity.org\/wp-content\/uploads\/2020\/12\/quote-book3-briefing4-1.png\" alt=\"\" \/><\/p><blockquote id=\"quote-2\" class=\"text-quote float-right bg-red\"> <\/blockquote>\t\t<\/section>\t\t\t\t<\/div><p>\t\t<\/p>","protected":false},"excerpt":{"rendered":"<p>A\u0219tept\u00e2nd s\u0103 fie traduse&#8230;<\/p>\n","protected":false},"author":23,"featured_media":0,"parent":18560,"menu_order":4,"comment_status":"closed","ping_status":"closed","template":"page.php","meta":{"_acf_changed":false,"footnotes":""},"class_list":["post-18567","page","type-page","status-publish","hentry"],"acf":[],"yoast_head":"<!-- This site is optimized with the Yoast SEO plugin v26.5 - https:\/\/yoast.com\/wordpress\/plugins\/seo\/ -->\n<title>Briefingurile Alia\u021bilor Umanit\u0103\u021bii, Cartea 3: Puterile ascunse<\/title>\n<meta name=\"description\" content=\"Alia\u021bii vorbesc despre puterile ascunse extraterestre care se afl\u0103 aici f\u0103r\u0103 permisiune \u0219i care ac\u021bioneaz\u0103 \u00eempotriva voin\u021bei \u0219i con\u0219tiin\u021bei umane.\" \/>\n<meta name=\"robots\" content=\"index, follow, max-snippet:-1, max-image-preview:large, max-video-preview:-1\" \/>\n<link rel=\"canonical\" href=\"https:\/\/www.alliesofhumanity.org\/ro\/the-briefings\/book-three\/hidden-powers\/\" \/>\n<meta property=\"og:locale\" content=\"ro_RO\" \/>\n<meta property=\"og:type\" content=\"article\" \/>\n<meta property=\"og:title\" content=\"Briefingurile Alia\u021bilor Umanit\u0103\u021bii, Cartea 3: Puterile ascunse\" \/>\n<meta property=\"og:description\" content=\"Alia\u021bii vorbesc despre puterile ascunse extraterestre care se afl\u0103 aici f\u0103r\u0103 permisiune \u0219i care ac\u021bioneaz\u0103 \u00eempotriva voin\u021bei \u0219i con\u0219tiin\u021bei umane.\" \/>\n<meta property=\"og:url\" content=\"https:\/\/www.alliesofhumanity.org\/ro\/the-briefings\/book-three\/hidden-powers\/\" \/>\n<meta property=\"og:site_name\" content=\"The Allies of Humanity\" \/>\n<meta property=\"article:publisher\" content=\"https:\/\/www.facebook.com\/alliesofhumanity\/\" \/>\n<meta property=\"article:modified_time\" content=\"2024-03-14T09:11:49+00:00\" \/>\n<meta property=\"og:image\" content=\"https:\/\/www.alliesofhumanity.org\/wp-content\/uploads\/2021\/01\/og-socialmedia-aoh.jpg\" \/>\n\t<meta property=\"og:image:width\" content=\"1200\" \/>\n\t<meta property=\"og:image:height\" content=\"630\" \/>\n\t<meta property=\"og:image:type\" content=\"image\/jpeg\" \/>\n<meta name=\"twitter:card\" content=\"summary_large_image\" \/>\n<meta name=\"twitter:title\" content=\"Briefingurile Alia\u021bilor Umanit\u0103\u021bii, Cartea 3: Puterile ascunse\" \/>\n<meta name=\"twitter:site\" content=\"@earthallies\" \/>\n<script type=\"application\/ld+json\" class=\"yoast-schema-graph\">{\"@context\":\"https:\/\/schema.org\",\"@graph\":[{\"@type\":\"WebPage\",\"@id\":\"https:\/\/www.alliesofhumanity.org\/ro\/the-briefings\/book-three\/hidden-powers\/\",\"url\":\"https:\/\/www.alliesofhumanity.org\/ro\/the-briefings\/book-three\/hidden-powers\/\",\"name\":\"Briefingurile Alia\u021bilor Umanit\u0103\u021bii, Cartea 3: Puterile ascunse\",\"isPartOf\":{\"@id\":\"https:\/\/www.alliesofhumanity.org\/ro\/#website\"},\"datePublished\":\"2021-08-28T02:11:02+00:00\",\"dateModified\":\"2024-03-14T09:11:49+00:00\",\"description\":\"Alia\u021bii vorbesc despre puterile ascunse extraterestre care se afl\u0103 aici f\u0103r\u0103 permisiune \u0219i care ac\u021bioneaz\u0103 \u00eempotriva voin\u021bei \u0219i con\u0219tiin\u021bei umane.\",\"breadcrumb\":{\"@id\":\"https:\/\/www.alliesofhumanity.org\/ro\/the-briefings\/book-three\/hidden-powers\/#breadcrumb\"},\"inLanguage\":\"ro-RO\",\"potentialAction\":[{\"@type\":\"ReadAction\",\"target\":[\"https:\/\/www.alliesofhumanity.org\/ro\/the-briefings\/book-three\/hidden-powers\/\"]}]},{\"@type\":\"BreadcrumbList\",\"@id\":\"https:\/\/www.alliesofhumanity.org\/ro\/the-briefings\/book-three\/hidden-powers\/#breadcrumb\",\"itemListElement\":[{\"@type\":\"ListItem\",\"position\":1,\"name\":\"Briefingurile\",\"item\":\"https:\/\/www.alliesofhumanity.org\/ro\/the-briefings\/\"},{\"@type\":\"ListItem\",\"position\":2,\"name\":\"Cartea a treia\",\"item\":\"https:\/\/www.alliesofhumanity.org\/ro\/the-briefings\/book-three\/\"},{\"@type\":\"ListItem\",\"position\":3,\"name\":\"A patra \u0219edin\u021b\u0103 de informare: Puterile ascunse\"}]},{\"@type\":\"WebSite\",\"@id\":\"https:\/\/www.alliesofhumanity.org\/ro\/#website\",\"url\":\"https:\/\/www.alliesofhumanity.org\/ro\/\",\"name\":\"The Allies of Humanity\",\"description\":\"\",\"potentialAction\":[{\"@type\":\"SearchAction\",\"target\":{\"@type\":\"EntryPoint\",\"urlTemplate\":\"https:\/\/www.alliesofhumanity.org\/ro\/?s={search_term_string}\"},\"query-input\":{\"@type\":\"PropertyValueSpecification\",\"valueRequired\":true,\"valueName\":\"search_term_string\"}}],\"inLanguage\":\"ro-RO\"}]}<\/script>\n<!-- \/ Yoast SEO plugin. -->","yoast_head_json":{"title":"Briefingurile Alia\u021bilor Umanit\u0103\u021bii, Cartea 3: Puterile ascunse","description":"Alia\u021bii vorbesc despre puterile ascunse extraterestre care se afl\u0103 aici f\u0103r\u0103 permisiune \u0219i care ac\u021bioneaz\u0103 \u00eempotriva voin\u021bei \u0219i con\u0219tiin\u021bei umane.","robots":{"index":"index","follow":"follow","max-snippet":"max-snippet:-1","max-image-preview":"max-image-preview:large","max-video-preview":"max-video-preview:-1"},"canonical":"https:\/\/www.alliesofhumanity.org\/ro\/the-briefings\/book-three\/hidden-powers\/","og_locale":"ro_RO","og_type":"article","og_title":"Briefingurile Alia\u021bilor Umanit\u0103\u021bii, Cartea 3: Puterile ascunse","og_description":"Alia\u021bii vorbesc despre puterile ascunse extraterestre care se afl\u0103 aici f\u0103r\u0103 permisiune \u0219i care ac\u021bioneaz\u0103 \u00eempotriva voin\u021bei \u0219i con\u0219tiin\u021bei umane.","og_url":"https:\/\/www.alliesofhumanity.org\/ro\/the-briefings\/book-three\/hidden-powers\/","og_site_name":"The Allies of Humanity","article_publisher":"https:\/\/www.facebook.com\/alliesofhumanity\/","article_modified_time":"2024-03-14T09:11:49+00:00","og_image":[{"width":1200,"height":630,"url":"https:\/\/www.alliesofhumanity.org\/wp-content\/uploads\/2021\/01\/og-socialmedia-aoh.jpg","type":"image\/jpeg"}],"twitter_card":"summary_large_image","twitter_title":"Briefingurile Alia\u021bilor Umanit\u0103\u021bii, Cartea 3: Puterile ascunse","twitter_site":"@earthallies","schema":{"@context":"https:\/\/schema.org","@graph":[{"@type":"WebPage","@id":"https:\/\/www.alliesofhumanity.org\/ro\/the-briefings\/book-three\/hidden-powers\/","url":"https:\/\/www.alliesofhumanity.org\/ro\/the-briefings\/book-three\/hidden-powers\/","name":"Briefingurile Alia\u021bilor Umanit\u0103\u021bii, Cartea 3: Puterile ascunse","isPartOf":{"@id":"https:\/\/www.alliesofhumanity.org\/ro\/#website"},"datePublished":"2021-08-28T02:11:02+00:00","dateModified":"2024-03-14T09:11:49+00:00","description":"Alia\u021bii vorbesc despre puterile ascunse extraterestre care se afl\u0103 aici f\u0103r\u0103 permisiune \u0219i care ac\u021bioneaz\u0103 \u00eempotriva voin\u021bei \u0219i con\u0219tiin\u021bei umane.","breadcrumb":{"@id":"https:\/\/www.alliesofhumanity.org\/ro\/the-briefings\/book-three\/hidden-powers\/#breadcrumb"},"inLanguage":"ro-RO","potentialAction":[{"@type":"ReadAction","target":["https:\/\/www.alliesofhumanity.org\/ro\/the-briefings\/book-three\/hidden-powers\/"]}]},{"@type":"BreadcrumbList","@id":"https:\/\/www.alliesofhumanity.org\/ro\/the-briefings\/book-three\/hidden-powers\/#breadcrumb","itemListElement":[{"@type":"ListItem","position":1,"name":"Briefingurile","item":"https:\/\/www.alliesofhumanity.org\/ro\/the-briefings\/"},{"@type":"ListItem","position":2,"name":"Cartea a treia","item":"https:\/\/www.alliesofhumanity.org\/ro\/the-briefings\/book-three\/"},{"@type":"ListItem","position":3,"name":"A patra \u0219edin\u021b\u0103 de informare: Puterile ascunse"}]},{"@type":"WebSite","@id":"https:\/\/www.alliesofhumanity.org\/ro\/#website","url":"https:\/\/www.alliesofhumanity.org\/ro\/","name":"The Allies of Humanity","description":"","potentialAction":[{"@type":"SearchAction","target":{"@type":"EntryPoint","urlTemplate":"https:\/\/www.alliesofhumanity.org\/ro\/?s={search_term_string}"},"query-input":{"@type":"PropertyValueSpecification","valueRequired":true,"valueName":"search_term_string"}}],"inLanguage":"ro-RO"}]}},"_links":{"self":[{"href":"https:\/\/www.alliesofhumanity.org\/ro\/wp-json\/wp\/v2\/pages\/18567","targetHints":{"allow":["GET"]}}],"collection":[{"href":"https:\/\/www.alliesofhumanity.org\/ro\/wp-json\/wp\/v2\/pages"}],"about":[{"href":"https:\/\/www.alliesofhumanity.org\/ro\/wp-json\/wp\/v2\/types\/page"}],"author":[{"embeddable":true,"href":"https:\/\/www.alliesofhumanity.org\/ro\/wp-json\/wp\/v2\/users\/23"}],"replies":[{"embeddable":true,"href":"https:\/\/www.alliesofhumanity.org\/ro\/wp-json\/wp\/v2\/comments?post=18567"}],"version-history":[{"count":3,"href":"https:\/\/www.alliesofhumanity.org\/ro\/wp-json\/wp\/v2\/pages\/18567\/revisions"}],"predecessor-version":[{"id":19183,"href":"https:\/\/www.alliesofhumanity.org\/ro\/wp-json\/wp\/v2\/pages\/18567\/revisions\/19183"}],"up":[{"embeddable":true,"href":"https:\/\/www.alliesofhumanity.org\/ro\/wp-json\/wp\/v2\/pages\/18560"}],"wp:attachment":[{"href":"https:\/\/www.alliesofhumanity.org\/ro\/wp-json\/wp\/v2\/media?parent=18567"}],"curies":[{"name":"wp","href":"https:\/\/api.w.org\/{rel}","templated":true}]}}