{"id":18560,"date":"2021-08-28T03:06:03","date_gmt":"2021-08-28T02:06:03","guid":{"rendered":"https:\/\/www.alliesofhumanity.org\/the-briefings\/book-three\/"},"modified":"2024-03-14T10:03:13","modified_gmt":"2024-03-14T09:03:13","slug":"book-three","status":"publish","type":"page","link":"https:\/\/www.alliesofhumanity.org\/ro\/the-briefings\/book-three\/","title":{"rendered":"Cartea a treia"},"content":{"rendered":"<h5>Toate Briefing-urile Alia\u021bilor Umanit\u0103\u021bii sunt disponibile gratuit online. \u00cencepe\u021bi c\u0103l\u0103toria cu Alia\u021bii Cartea a treia.<\/h5>\n<p>&#8222;Allies of Humanity Book Three&#8221; prezint\u0103 cel de-al treilea set de &#8222;Briefing-uri&#8221; de la o surs\u0103 misterioas\u0103 din afara planetei, al c\u0103rei scop declarat este de a orienta familia uman\u0103 c\u0103tre realit\u0103\u021bile vie\u021bii din universul nostru local \u0219i de a ne alerta cu privire la o Interven\u021bie periculoas\u0103 care are loc acum aici, pe P\u0103m\u00e2nt.<\/p>\n<p>Briefing-urile Alia\u021bilor Umanit\u0103\u021bii sunt o comunicare autentic\u0103 din partea unui grup care pretinde c\u0103 reprezint\u0103 &#8222;&#8221;rasele libere&#8221;&#8221; din regiunea noastr\u0103 local\u0103 a spa\u021biului. Alia\u021bii se deosebesc de acele rase care intervin ast\u0103zi \u00een lume. Ei ne avertizeaz\u0103 \u00eempotriva prezen\u021bei acestei interven\u021bii, insist\u00e2nd asupra faptului c\u0103 nicio ras\u0103 str\u0103in\u0103 nu ar trebui s\u0103 ne viziteze lumea, nici acum, nici \u00een viitor, p\u00e2n\u0103 c\u00e2nd omenirea nu va dob\u00e2ndi for\u021ba, unitatea \u0219i maturitatea necesare pentru a se angaja cu succes \u00eentr-o Comunitate mai mare de via\u021b\u0103 inteligent\u0103 din univers.<\/p>\n<p>Nu se \u0219tie dac\u0103 omenirea va putea atinge vreodat\u0103 acest lucru, \u00eens\u0103 Alia\u021bii ne spun c\u0103 interven\u021bia \u00een lumea noastr\u0103 a \u00eenceput deja din partea mai multor rase non-militare care \u00eencearc\u0103 s\u0103-\u0219i stabileasc\u0103 influen\u021ba \u0219i domina\u021bia \u00een lumea noastr\u0103 prin mijloace \u00een\u0219el\u0103toare \u0219i persuasive.<\/p>\n<p>Rapoartele arat\u0103 c\u0103 suntem \u00een pozi\u021bia nefericit\u0103 de a fi rasa care este descoperit\u0103. Istoria ne-a \u00eenv\u0103\u021bat pericolul \u0219i tragedia cu care s-au confruntat popoarele indigene atunci c\u00e2nd au \u00eent\u00e2lnit pentru prima dat\u0103 for\u021be exterioare. Acum suntem cu to\u021bii nativii unei lumi noi, iar amenin\u021barea interven\u021biei este asupra noastr\u0103. Drept urmare, Alia\u021bii ne cer s\u0103 construim o unitate uman\u0103 suficient\u0103 \u00eentre triburile, na\u021biunile \u0219i religiile de pe P\u0103m\u00e2nt, astfel \u00eenc\u00e2t s\u0103 ne putem proteja libertatea \u00eentr-un univers non-uman.<\/p>\n<p>Mare\u0219alul Vian Summers a primit aceast\u0103 comunicare unic\u0103 din partea Alia\u021bilor Umanit\u0103\u021bii \u00eentr-o stare de revela\u021bie, \u00eencep\u00e2nd cu noiembrie 1997. \u00cen anii care au trecut de atunci, Alia\u021bii Umanit\u0103\u021bii au transmis trei seturi de Briefing-uri.<\/p>\n<p>Prin intermediul Briefing-urilor Alia\u021bilor, pentru prima dat\u0103, ni se ofer\u0103 o fereastr\u0103 c\u0103tre realitatea vie\u021bii de dincolo de lumea noastr\u0103, o perspectiv\u0103 pe care nu am fi avut-o niciodat\u0103 altfel. Acest lucru creeaz\u0103 un context mai larg pentru a \u00een\u021belege de ce are loc Interven\u021bia, cine o genereaz\u0103 \u0219i ce va trebui s\u0103 \u0219tie omenirea pentru a p\u0103stra \u0219i construi libertatea \u0219i suveranitatea uman\u0103, astfel \u00eenc\u00e2t s\u0103 ne putem \u00eendeplini destinul de ras\u0103 liber\u0103 \u00een univers.<\/p>\n<hr \/>\n<h5>\u00cencepe\u021bi s\u0103 citi\u021bi Briefing-urile online acum!<\/h5>\n<p>Cuprinsul c\u0103r\u021bii:<\/p>\n<p><a href=\"contact-with-extraterestrial-races\">Prima \u0219edin\u021b\u0103 de informare: Realitatea contactului<br \/>\n<\/a><\/p>\n<p><a href=\"requirements-freedom-universe\">A doua \u0219edin\u021b\u0103 de informare: Cerin\u021bele pentru libertate \u00een Univers<\/a><\/p>\n<p><a href=\"alien-intervention\">A treia \u0219edin\u021b\u0103 de informare: Instrumentele de interven\u021bie<\/a><\/p>\n<p><a href=\"hidden-powers\">A patra \u0219edin\u021b\u0103 de informare: Puterile ascunse<\/a><\/p>\n<p><a href=\"voices-universe-messages-space\">Al cincilea briefing: Multe voci \u00een univers<\/a><\/p>\n<p><a href=\"Life-Beyond-Earth\">Al \u0219aselea briefing: Realit\u0103\u021bile comunit\u0103\u021bii mai mari<\/a><\/p>\n<p><a href=\"questions-about-aliens\">A \u0219aptea \u0219edin\u021b\u0103 de informare: \u00centreb\u0103ri \u0219i r\u0103spunsuri<\/a><\/p>\n<p>Societatea pentru Noul Mesaj ofer\u0103 acum toate cele patru volume din <em>Alia\u021bii Umanit\u0103\u021bii<\/em> online, f\u0103r\u0103 niciun cost. Facem acest lucru pentru ca acest mesaj s\u0103 ajung\u0103 la c\u00e2t mai mul\u021bi oameni, at\u00e2t la baz\u0103, c\u00e2t \u0219i \u00een pozi\u021bii de putere politic\u0103, economic\u0103 \u0219i religioas\u0103.<\/p>\n","protected":false},"excerpt":{"rendered":"<p>Toate Briefing-urile Alia\u021bilor Umanit\u0103\u021bii sunt disponibile gratuit online. \u00cencepe\u021bi c\u0103l\u0103toria cu Alia\u021bii Cartea a treia. &#8222;Allies of Humanity Book Three&#8221; prezint\u0103 cel de-al treilea set de &#8222;Briefing-uri&#8221; de la o surs\u0103 misterioas\u0103 din afara planetei, al c\u0103rei scop declarat este de a orienta familia uman\u0103 c\u0103tre realit\u0103\u021bile vie\u021bii din universul nostru local \u0219i de a [&hellip;]<\/p>\n","protected":false},"author":25,"featured_media":0,"parent":18427,"menu_order":3,"comment_status":"closed","ping_status":"closed","template":"page-book-start.php","meta":{"_acf_changed":false,"footnotes":""},"class_list":["post-18560","page","type-page","status-publish","hentry"],"acf":[],"yoast_head":"<!-- This site is optimized with the Yoast SEO plugin v26.5 - https:\/\/yoast.com\/wordpress\/plugins\/seo\/ -->\n<title>The Allies of Humanity Briefings Book Three: A Message to Earth<\/title>\n<meta name=\"description\" content=\"the Allies of Humanity speak about the realities of life \u2014 trade and commerce, interactions \u2014 that exist in our neighborhood of space.\" \/>\n<meta name=\"robots\" content=\"index, follow, max-snippet:-1, max-image-preview:large, max-video-preview:-1\" \/>\n<link rel=\"canonical\" href=\"https:\/\/www.alliesofhumanity.org\/ro\/the-briefings\/book-three\/\" \/>\n<meta property=\"og:locale\" content=\"ro_RO\" \/>\n<meta property=\"og:type\" content=\"article\" \/>\n<meta property=\"og:title\" content=\"he Allies of Humanity Briefings Book Three: A Message to Earth\" \/>\n<meta property=\"og:description\" content=\"the Allies of Humanity speak about the realities of life \u2014 trade and commerce, interactions \u2014 that exist in our neighborhood of space.\" \/>\n<meta property=\"og:url\" content=\"https:\/\/www.alliesofhumanity.org\/ro\/the-briefings\/book-three\/\" \/>\n<meta property=\"og:site_name\" content=\"The Allies of Humanity\" \/>\n<meta property=\"article:publisher\" content=\"https:\/\/www.facebook.com\/alliesofhumanity\/\" \/>\n<meta property=\"article:modified_time\" content=\"2024-03-14T09:03:13+00:00\" \/>\n<meta property=\"og:image\" content=\"https:\/\/www.alliesofhumanity.org\/wp-content\/uploads\/2021\/01\/og-socialmedia-aoh.jpg\" \/>\n\t<meta property=\"og:image:width\" content=\"1200\" \/>\n\t<meta property=\"og:image:height\" content=\"630\" \/>\n\t<meta property=\"og:image:type\" content=\"image\/jpeg\" \/>\n<meta name=\"twitter:card\" content=\"summary_large_image\" \/>\n<meta name=\"twitter:title\" content=\"he Allies of Humanity Briefings Book Three: A Message to Earth\" \/>\n<meta name=\"twitter:site\" content=\"@earthallies\" \/>\n<meta name=\"twitter:label1\" content=\"Timp estimat pentru citire\" \/>\n\t<meta name=\"twitter:data1\" content=\"3 minute\" \/>\n<script type=\"application\/ld+json\" class=\"yoast-schema-graph\">{\"@context\":\"https:\/\/schema.org\",\"@graph\":[{\"@type\":\"WebPage\",\"@id\":\"https:\/\/www.alliesofhumanity.org\/ro\/the-briefings\/book-three\/\",\"url\":\"https:\/\/www.alliesofhumanity.org\/ro\/the-briefings\/book-three\/\",\"name\":\"The Allies of Humanity Briefings Book Three: A Message to Earth\",\"isPartOf\":{\"@id\":\"https:\/\/www.alliesofhumanity.org\/ro\/#website\"},\"datePublished\":\"2021-08-28T02:06:03+00:00\",\"dateModified\":\"2024-03-14T09:03:13+00:00\",\"description\":\"the Allies of Humanity speak about the realities of life \u2014 trade and commerce, interactions \u2014 that exist in our neighborhood of space.\",\"breadcrumb\":{\"@id\":\"https:\/\/www.alliesofhumanity.org\/ro\/the-briefings\/book-three\/#breadcrumb\"},\"inLanguage\":\"ro-RO\",\"potentialAction\":[{\"@type\":\"ReadAction\",\"target\":[\"https:\/\/www.alliesofhumanity.org\/ro\/the-briefings\/book-three\/\"]}]},{\"@type\":\"BreadcrumbList\",\"@id\":\"https:\/\/www.alliesofhumanity.org\/ro\/the-briefings\/book-three\/#breadcrumb\",\"itemListElement\":[{\"@type\":\"ListItem\",\"position\":1,\"name\":\"Briefingurile\",\"item\":\"https:\/\/www.alliesofhumanity.org\/ro\/the-briefings\/\"},{\"@type\":\"ListItem\",\"position\":2,\"name\":\"Cartea a treia\"}]},{\"@type\":\"WebSite\",\"@id\":\"https:\/\/www.alliesofhumanity.org\/ro\/#website\",\"url\":\"https:\/\/www.alliesofhumanity.org\/ro\/\",\"name\":\"The Allies of Humanity\",\"description\":\"\",\"potentialAction\":[{\"@type\":\"SearchAction\",\"target\":{\"@type\":\"EntryPoint\",\"urlTemplate\":\"https:\/\/www.alliesofhumanity.org\/ro\/?s={search_term_string}\"},\"query-input\":{\"@type\":\"PropertyValueSpecification\",\"valueRequired\":true,\"valueName\":\"search_term_string\"}}],\"inLanguage\":\"ro-RO\"}]}<\/script>\n<!-- \/ Yoast SEO plugin. -->","yoast_head_json":{"title":"The Allies of Humanity Briefings Book Three: A Message to Earth","description":"the Allies of Humanity speak about the realities of life \u2014 trade and commerce, interactions \u2014 that exist in our neighborhood of space.","robots":{"index":"index","follow":"follow","max-snippet":"max-snippet:-1","max-image-preview":"max-image-preview:large","max-video-preview":"max-video-preview:-1"},"canonical":"https:\/\/www.alliesofhumanity.org\/ro\/the-briefings\/book-three\/","og_locale":"ro_RO","og_type":"article","og_title":"he Allies of Humanity Briefings Book Three: A Message to Earth","og_description":"the Allies of Humanity speak about the realities of life \u2014 trade and commerce, interactions \u2014 that exist in our neighborhood of space.","og_url":"https:\/\/www.alliesofhumanity.org\/ro\/the-briefings\/book-three\/","og_site_name":"The Allies of Humanity","article_publisher":"https:\/\/www.facebook.com\/alliesofhumanity\/","article_modified_time":"2024-03-14T09:03:13+00:00","og_image":[{"width":1200,"height":630,"url":"https:\/\/www.alliesofhumanity.org\/wp-content\/uploads\/2021\/01\/og-socialmedia-aoh.jpg","type":"image\/jpeg"}],"twitter_card":"summary_large_image","twitter_title":"he Allies of Humanity Briefings Book Three: A Message to Earth","twitter_site":"@earthallies","twitter_misc":{"Timp estimat pentru citire":"3 minute"},"schema":{"@context":"https:\/\/schema.org","@graph":[{"@type":"WebPage","@id":"https:\/\/www.alliesofhumanity.org\/ro\/the-briefings\/book-three\/","url":"https:\/\/www.alliesofhumanity.org\/ro\/the-briefings\/book-three\/","name":"The Allies of Humanity Briefings Book Three: A Message to Earth","isPartOf":{"@id":"https:\/\/www.alliesofhumanity.org\/ro\/#website"},"datePublished":"2021-08-28T02:06:03+00:00","dateModified":"2024-03-14T09:03:13+00:00","description":"the Allies of Humanity speak about the realities of life \u2014 trade and commerce, interactions \u2014 that exist in our neighborhood of space.","breadcrumb":{"@id":"https:\/\/www.alliesofhumanity.org\/ro\/the-briefings\/book-three\/#breadcrumb"},"inLanguage":"ro-RO","potentialAction":[{"@type":"ReadAction","target":["https:\/\/www.alliesofhumanity.org\/ro\/the-briefings\/book-three\/"]}]},{"@type":"BreadcrumbList","@id":"https:\/\/www.alliesofhumanity.org\/ro\/the-briefings\/book-three\/#breadcrumb","itemListElement":[{"@type":"ListItem","position":1,"name":"Briefingurile","item":"https:\/\/www.alliesofhumanity.org\/ro\/the-briefings\/"},{"@type":"ListItem","position":2,"name":"Cartea a treia"}]},{"@type":"WebSite","@id":"https:\/\/www.alliesofhumanity.org\/ro\/#website","url":"https:\/\/www.alliesofhumanity.org\/ro\/","name":"The Allies of Humanity","description":"","potentialAction":[{"@type":"SearchAction","target":{"@type":"EntryPoint","urlTemplate":"https:\/\/www.alliesofhumanity.org\/ro\/?s={search_term_string}"},"query-input":{"@type":"PropertyValueSpecification","valueRequired":true,"valueName":"search_term_string"}}],"inLanguage":"ro-RO"}]}},"_links":{"self":[{"href":"https:\/\/www.alliesofhumanity.org\/ro\/wp-json\/wp\/v2\/pages\/18560","targetHints":{"allow":["GET"]}}],"collection":[{"href":"https:\/\/www.alliesofhumanity.org\/ro\/wp-json\/wp\/v2\/pages"}],"about":[{"href":"https:\/\/www.alliesofhumanity.org\/ro\/wp-json\/wp\/v2\/types\/page"}],"author":[{"embeddable":true,"href":"https:\/\/www.alliesofhumanity.org\/ro\/wp-json\/wp\/v2\/users\/25"}],"replies":[{"embeddable":true,"href":"https:\/\/www.alliesofhumanity.org\/ro\/wp-json\/wp\/v2\/comments?post=18560"}],"version-history":[{"count":1,"href":"https:\/\/www.alliesofhumanity.org\/ro\/wp-json\/wp\/v2\/pages\/18560\/revisions"}],"predecessor-version":[{"id":19188,"href":"https:\/\/www.alliesofhumanity.org\/ro\/wp-json\/wp\/v2\/pages\/18560\/revisions\/19188"}],"up":[{"embeddable":true,"href":"https:\/\/www.alliesofhumanity.org\/ro\/wp-json\/wp\/v2\/pages\/18427"}],"wp:attachment":[{"href":"https:\/\/www.alliesofhumanity.org\/ro\/wp-json\/wp\/v2\/media?parent=18560"}],"curies":[{"name":"wp","href":"https:\/\/api.w.org\/{rel}","templated":true}]}}