{"id":18558,"date":"2021-08-28T03:02:07","date_gmt":"2021-08-28T02:02:07","guid":{"rendered":"https:\/\/www.alliesofhumanity.org\/the-briefings\/book-two\/understanding-the-intervention-third-commentary\/"},"modified":"2024-03-14T10:02:46","modified_gmt":"2024-03-14T09:02:46","slug":"understanding-the-intervention-third-commentary","status":"publish","type":"page","link":"https:\/\/www.alliesofhumanity.org\/ro\/the-briefings\/book-two\/understanding-the-intervention-third-commentary\/","title":{"rendered":"Al treilea comentariu &#8211; \u00cen\u021belegerea interven\u021biei"},"content":{"rendered":"\t\t<div data-elementor-type=\"wp-page\" data-elementor-id=\"18558\" class=\"elementor elementor-18558 elementor-2512\" data-elementor-post-type=\"page\">\t\t\t\t\t\t<section class=\"elementor-section elementor-top-section elementor-element elementor-element-720653a8 elementor-section-boxed elementor-section-height-default elementor-section-height-default\" data-id=\"720653a8\" data-element_type=\"section\">\t\t\t\t\t\t<div class=\"elementor-container elementor-column-gap-default\">\t\t\t\t\t<div class=\"elementor-column elementor-col-100 elementor-top-column elementor-element elementor-element-c40bac9\" data-id=\"c40bac9\" data-element_type=\"column\">\t\t\t<div class=\"elementor-widget-wrap elementor-element-populated\">\t\t\t\t\t\t<div class=\"elementor-element elementor-element-7b15bb7 elementor-widget elementor-widget-text-editor\" data-id=\"7b15bb7\" data-element_type=\"widget\" data-widget_type=\"text-editor.default\">\t\t\t\t<div class=\"elementor-widget-container\">\t\t\t\t\t\t\t\t\t<h5>A\u0219tept\u00e2nd s\u0103 fie traduse&#8230;<\/h5>\t\t\t\t\t\t\t\t<\/div>\t\t\t\t<\/div>\t\t\t\t\t<\/div>\t\t<\/div>\t\t\t\t\t<\/div>\t\t<\/section>\t\t\t\t<\/div><p>\t\t<\/p>","protected":false},"excerpt":{"rendered":"<p>A\u0219tept\u00e2nd s\u0103 fie traduse&#8230;<\/p>\n","protected":false},"author":23,"featured_media":0,"parent":18535,"menu_order":9,"comment_status":"closed","ping_status":"closed","template":"page.php","meta":{"_acf_changed":false,"footnotes":""},"class_list":["post-18558","page","type-page","status-publish","hentry"],"acf":[],"yoast_head":"<!-- This site is optimized with the Yoast SEO plugin v26.5 - https:\/\/yoast.com\/wordpress\/plugins\/seo\/ -->\n<title>Interven\u021bie extraterestr\u0103: \u00cen\u021belegerea prezen\u021bei extratere\u0219trilor \u0219i de ce se afl\u0103 aici<\/title>\n<meta name=\"description\" content=\"Afla\u021bi despre natura \u0219i inten\u021biile for\u021belor extraterestre extraterestre care intervin \u00een lumea de ast\u0103zi. Dezv\u0103luirea agendei ET.\" \/>\n<meta name=\"robots\" content=\"index, follow, max-snippet:-1, max-image-preview:large, max-video-preview:-1\" \/>\n<link rel=\"canonical\" href=\"https:\/\/www.alliesofhumanity.org\/ro\/the-briefings\/book-two\/understanding-the-intervention-third-commentary\/\" \/>\n<meta property=\"og:locale\" content=\"ro_RO\" \/>\n<meta property=\"og:type\" content=\"article\" \/>\n<meta property=\"og:title\" content=\"Interven\u021bie extraterestr\u0103: \u00cen\u021belegerea prezen\u021bei extratere\u0219trilor \u0219i de ce se afl\u0103 aici\" \/>\n<meta property=\"og:description\" content=\"Afla\u021bi despre natura \u0219i inten\u021biile for\u021belor extraterestre extraterestre care intervin \u00een lumea de ast\u0103zi. Dezv\u0103luirea agendei ET.\" \/>\n<meta property=\"og:url\" content=\"https:\/\/www.alliesofhumanity.org\/ro\/the-briefings\/book-two\/understanding-the-intervention-third-commentary\/\" \/>\n<meta property=\"og:site_name\" content=\"The Allies of Humanity\" \/>\n<meta property=\"article:publisher\" content=\"https:\/\/www.facebook.com\/alliesofhumanity\/\" \/>\n<meta property=\"article:modified_time\" content=\"2024-03-14T09:02:46+00:00\" \/>\n<meta property=\"og:image\" content=\"https:\/\/www.alliesofhumanity.org\/wp-content\/uploads\/2021\/01\/og-socialmedia-aoh.jpg\" \/>\n\t<meta property=\"og:image:width\" content=\"1200\" \/>\n\t<meta property=\"og:image:height\" content=\"630\" \/>\n\t<meta property=\"og:image:type\" content=\"image\/jpeg\" \/>\n<meta name=\"twitter:card\" content=\"summary_large_image\" \/>\n<meta name=\"twitter:title\" content=\"Interven\u021bie extraterestr\u0103: \u00cen\u021belegerea prezen\u021bei extratere\u0219trilor \u0219i de ce se afl\u0103 aici\" \/>\n<meta name=\"twitter:site\" content=\"@earthallies\" \/>\n<script type=\"application\/ld+json\" class=\"yoast-schema-graph\">{\"@context\":\"https:\/\/schema.org\",\"@graph\":[{\"@type\":\"WebPage\",\"@id\":\"https:\/\/www.alliesofhumanity.org\/ro\/the-briefings\/book-two\/understanding-the-intervention-third-commentary\/\",\"url\":\"https:\/\/www.alliesofhumanity.org\/ro\/the-briefings\/book-two\/understanding-the-intervention-third-commentary\/\",\"name\":\"Interven\u021bie extraterestr\u0103: \u00cen\u021belegerea prezen\u021bei extratere\u0219trilor \u0219i de ce se afl\u0103 aici\",\"isPartOf\":{\"@id\":\"https:\/\/www.alliesofhumanity.org\/ro\/#website\"},\"datePublished\":\"2021-08-28T02:02:07+00:00\",\"dateModified\":\"2024-03-14T09:02:46+00:00\",\"description\":\"Afla\u021bi despre natura \u0219i inten\u021biile for\u021belor extraterestre extraterestre care intervin \u00een lumea de ast\u0103zi. Dezv\u0103luirea agendei ET.\",\"breadcrumb\":{\"@id\":\"https:\/\/www.alliesofhumanity.org\/ro\/the-briefings\/book-two\/understanding-the-intervention-third-commentary\/#breadcrumb\"},\"inLanguage\":\"ro-RO\",\"potentialAction\":[{\"@type\":\"ReadAction\",\"target\":[\"https:\/\/www.alliesofhumanity.org\/ro\/the-briefings\/book-two\/understanding-the-intervention-third-commentary\/\"]}]},{\"@type\":\"BreadcrumbList\",\"@id\":\"https:\/\/www.alliesofhumanity.org\/ro\/the-briefings\/book-two\/understanding-the-intervention-third-commentary\/#breadcrumb\",\"itemListElement\":[{\"@type\":\"ListItem\",\"position\":1,\"name\":\"Briefingurile\",\"item\":\"https:\/\/www.alliesofhumanity.org\/ro\/the-briefings\/\"},{\"@type\":\"ListItem\",\"position\":2,\"name\":\"Cartea a doua\",\"item\":\"https:\/\/www.alliesofhumanity.org\/ro\/the-briefings\/book-two\/\"},{\"@type\":\"ListItem\",\"position\":3,\"name\":\"Al treilea comentariu &#8211; \u00cen\u021belegerea interven\u021biei\"}]},{\"@type\":\"WebSite\",\"@id\":\"https:\/\/www.alliesofhumanity.org\/ro\/#website\",\"url\":\"https:\/\/www.alliesofhumanity.org\/ro\/\",\"name\":\"The Allies of Humanity\",\"description\":\"\",\"potentialAction\":[{\"@type\":\"SearchAction\",\"target\":{\"@type\":\"EntryPoint\",\"urlTemplate\":\"https:\/\/www.alliesofhumanity.org\/ro\/?s={search_term_string}\"},\"query-input\":{\"@type\":\"PropertyValueSpecification\",\"valueRequired\":true,\"valueName\":\"search_term_string\"}}],\"inLanguage\":\"ro-RO\"}]}<\/script>\n<!-- \/ Yoast SEO plugin. -->","yoast_head_json":{"title":"Interven\u021bie extraterestr\u0103: \u00cen\u021belegerea prezen\u021bei extratere\u0219trilor \u0219i de ce se afl\u0103 aici","description":"Afla\u021bi despre natura \u0219i inten\u021biile for\u021belor extraterestre extraterestre care intervin \u00een lumea de ast\u0103zi. Dezv\u0103luirea agendei ET.","robots":{"index":"index","follow":"follow","max-snippet":"max-snippet:-1","max-image-preview":"max-image-preview:large","max-video-preview":"max-video-preview:-1"},"canonical":"https:\/\/www.alliesofhumanity.org\/ro\/the-briefings\/book-two\/understanding-the-intervention-third-commentary\/","og_locale":"ro_RO","og_type":"article","og_title":"Interven\u021bie extraterestr\u0103: \u00cen\u021belegerea prezen\u021bei extratere\u0219trilor \u0219i de ce se afl\u0103 aici","og_description":"Afla\u021bi despre natura \u0219i inten\u021biile for\u021belor extraterestre extraterestre care intervin \u00een lumea de ast\u0103zi. Dezv\u0103luirea agendei ET.","og_url":"https:\/\/www.alliesofhumanity.org\/ro\/the-briefings\/book-two\/understanding-the-intervention-third-commentary\/","og_site_name":"The Allies of Humanity","article_publisher":"https:\/\/www.facebook.com\/alliesofhumanity\/","article_modified_time":"2024-03-14T09:02:46+00:00","og_image":[{"width":1200,"height":630,"url":"https:\/\/www.alliesofhumanity.org\/wp-content\/uploads\/2021\/01\/og-socialmedia-aoh.jpg","type":"image\/jpeg"}],"twitter_card":"summary_large_image","twitter_title":"Interven\u021bie extraterestr\u0103: \u00cen\u021belegerea prezen\u021bei extratere\u0219trilor \u0219i de ce se afl\u0103 aici","twitter_site":"@earthallies","schema":{"@context":"https:\/\/schema.org","@graph":[{"@type":"WebPage","@id":"https:\/\/www.alliesofhumanity.org\/ro\/the-briefings\/book-two\/understanding-the-intervention-third-commentary\/","url":"https:\/\/www.alliesofhumanity.org\/ro\/the-briefings\/book-two\/understanding-the-intervention-third-commentary\/","name":"Interven\u021bie extraterestr\u0103: \u00cen\u021belegerea prezen\u021bei extratere\u0219trilor \u0219i de ce se afl\u0103 aici","isPartOf":{"@id":"https:\/\/www.alliesofhumanity.org\/ro\/#website"},"datePublished":"2021-08-28T02:02:07+00:00","dateModified":"2024-03-14T09:02:46+00:00","description":"Afla\u021bi despre natura \u0219i inten\u021biile for\u021belor extraterestre extraterestre care intervin \u00een lumea de ast\u0103zi. Dezv\u0103luirea agendei ET.","breadcrumb":{"@id":"https:\/\/www.alliesofhumanity.org\/ro\/the-briefings\/book-two\/understanding-the-intervention-third-commentary\/#breadcrumb"},"inLanguage":"ro-RO","potentialAction":[{"@type":"ReadAction","target":["https:\/\/www.alliesofhumanity.org\/ro\/the-briefings\/book-two\/understanding-the-intervention-third-commentary\/"]}]},{"@type":"BreadcrumbList","@id":"https:\/\/www.alliesofhumanity.org\/ro\/the-briefings\/book-two\/understanding-the-intervention-third-commentary\/#breadcrumb","itemListElement":[{"@type":"ListItem","position":1,"name":"Briefingurile","item":"https:\/\/www.alliesofhumanity.org\/ro\/the-briefings\/"},{"@type":"ListItem","position":2,"name":"Cartea a doua","item":"https:\/\/www.alliesofhumanity.org\/ro\/the-briefings\/book-two\/"},{"@type":"ListItem","position":3,"name":"Al treilea comentariu &#8211; \u00cen\u021belegerea interven\u021biei"}]},{"@type":"WebSite","@id":"https:\/\/www.alliesofhumanity.org\/ro\/#website","url":"https:\/\/www.alliesofhumanity.org\/ro\/","name":"The Allies of Humanity","description":"","potentialAction":[{"@type":"SearchAction","target":{"@type":"EntryPoint","urlTemplate":"https:\/\/www.alliesofhumanity.org\/ro\/?s={search_term_string}"},"query-input":{"@type":"PropertyValueSpecification","valueRequired":true,"valueName":"search_term_string"}}],"inLanguage":"ro-RO"}]}},"_links":{"self":[{"href":"https:\/\/www.alliesofhumanity.org\/ro\/wp-json\/wp\/v2\/pages\/18558","targetHints":{"allow":["GET"]}}],"collection":[{"href":"https:\/\/www.alliesofhumanity.org\/ro\/wp-json\/wp\/v2\/pages"}],"about":[{"href":"https:\/\/www.alliesofhumanity.org\/ro\/wp-json\/wp\/v2\/types\/page"}],"author":[{"embeddable":true,"href":"https:\/\/www.alliesofhumanity.org\/ro\/wp-json\/wp\/v2\/users\/23"}],"replies":[{"embeddable":true,"href":"https:\/\/www.alliesofhumanity.org\/ro\/wp-json\/wp\/v2\/comments?post=18558"}],"version-history":[{"count":3,"href":"https:\/\/www.alliesofhumanity.org\/ro\/wp-json\/wp\/v2\/pages\/18558\/revisions"}],"predecessor-version":[{"id":19175,"href":"https:\/\/www.alliesofhumanity.org\/ro\/wp-json\/wp\/v2\/pages\/18558\/revisions\/19175"}],"up":[{"embeddable":true,"href":"https:\/\/www.alliesofhumanity.org\/ro\/wp-json\/wp\/v2\/pages\/18535"}],"wp:attachment":[{"href":"https:\/\/www.alliesofhumanity.org\/ro\/wp-json\/wp\/v2\/media?parent=18558"}],"curies":[{"name":"wp","href":"https:\/\/api.w.org\/{rel}","templated":true}]}}