{"id":18538,"date":"2021-08-28T02:51:11","date_gmt":"2021-08-28T01:51:11","guid":{"rendered":"https:\/\/www.alliesofhumanity.org\/the-briefings\/book-two\/why-are-aliens-here\/"},"modified":"2024-03-14T09:50:10","modified_gmt":"2024-03-14T08:50:10","slug":"why-are-aliens-here","status":"publish","type":"page","link":"https:\/\/www.alliesofhumanity.org\/ro\/the-briefings\/book-two\/why-are-aliens-here\/","title":{"rendered":"A doua \u0219edin\u021b\u0103 de informare: De ce are loc interven\u021bia"},"content":{"rendered":"\t\t<div data-elementor-type=\"wp-page\" data-elementor-id=\"18538\" class=\"elementor elementor-18538 elementor-2455\" data-elementor-post-type=\"page\">\t\t\t\t\t\t<section class=\"elementor-section elementor-top-section elementor-element elementor-element-92ef9a4 elementor-section-boxed elementor-section-height-default elementor-section-height-default\" data-id=\"92ef9a4\" data-element_type=\"section\">\t\t\t\t\t\t<div class=\"elementor-container elementor-column-gap-default\">\t\t\t\t\t<div class=\"elementor-column elementor-col-100 elementor-top-column elementor-element elementor-element-409afed7\" data-id=\"409afed7\" data-element_type=\"column\">\t\t\t<div class=\"elementor-widget-wrap elementor-element-populated\">\t\t\t\t\t\t<div class=\"elementor-element elementor-element-0444026 elementor-widget elementor-widget-text-editor\" data-id=\"0444026\" data-element_type=\"widget\" data-widget_type=\"text-editor.default\">\t\t\t\t<div class=\"elementor-widget-container\">\t\t\t\t\t\t\t\t\t<h5>A\u0219tept\u00e2nd s\u0103 fie traduse&#8230;<\/h5>\t\t\t\t\t\t\t\t<\/div>\t\t\t\t<\/div>\t\t\t\t\t<\/div>\t\t<\/div>\t\t\t\t\t<\/div>\t\t<\/section><p class=\"image-quote float-right\"><img decoding=\"async\" src=\"https:\/\/www.alliesofhumanity.org\/wp-content\/uploads\/2020\/12\/quote-book2-briefing2-1.png\" alt=\"\" \/><\/p><blockquote id=\"quote-2\" class=\"text-quote float-right bg-black\"> <\/blockquote>\t\t\t\t<\/div><p>\t\t<\/p>","protected":false},"excerpt":{"rendered":"<p>A\u0219tept\u00e2nd s\u0103 fie traduse&#8230;<\/p>\n","protected":false},"author":23,"featured_media":0,"parent":18535,"menu_order":2,"comment_status":"closed","ping_status":"closed","template":"page.php","meta":{"_acf_changed":false,"footnotes":""},"class_list":["post-18538","page","type-page","status-publish","hentry"],"acf":[],"yoast_head":"<!-- This site is optimized with the Yoast SEO plugin v26.5 - https:\/\/yoast.com\/wordpress\/plugins\/seo\/ -->\n<title>De ce sunt extratere\u0219trii aici? \u00centreb\u0103ri \u0219i r\u0103spunsuri despre contactul cu ET<\/title>\n<meta name=\"description\" content=\"Poate v\u0103 \u00eentreba\u021bi: &quot;De ce sunt extratere\u0219trii aici?&quot;. Exist\u0103 mai multe r\u0103spunsuri la aceast\u0103 \u00eentrebare fundamental\u0103, unele sunt evidente, altele nu.\" \/>\n<meta name=\"robots\" content=\"index, follow, max-snippet:-1, max-image-preview:large, max-video-preview:-1\" \/>\n<link rel=\"canonical\" href=\"https:\/\/www.alliesofhumanity.org\/ro\/the-briefings\/book-two\/why-are-aliens-here\/\" \/>\n<meta property=\"og:locale\" content=\"ro_RO\" \/>\n<meta property=\"og:type\" content=\"article\" \/>\n<meta property=\"og:title\" content=\"De ce sunt extratere\u0219trii aici? \u00centreb\u0103ri \u0219i r\u0103spunsuri despre contactul cu ET\" \/>\n<meta property=\"og:description\" content=\"Poate v\u0103 \u00eentreba\u021bi: &quot;De ce sunt extratere\u0219trii aici?&quot;. Exist\u0103 mai multe r\u0103spunsuri la aceast\u0103 \u00eentrebare fundamental\u0103, unele sunt evidente, altele nu.\" \/>\n<meta property=\"og:url\" content=\"https:\/\/www.alliesofhumanity.org\/ro\/the-briefings\/book-two\/why-are-aliens-here\/\" \/>\n<meta property=\"og:site_name\" content=\"The Allies of Humanity\" \/>\n<meta property=\"article:publisher\" content=\"https:\/\/www.facebook.com\/alliesofhumanity\/\" \/>\n<meta property=\"article:modified_time\" content=\"2024-03-14T08:50:10+00:00\" \/>\n<meta property=\"og:image\" content=\"https:\/\/www.alliesofhumanity.org\/wp-content\/uploads\/2021\/01\/og-socialmedia-aoh.jpg\" \/>\n\t<meta property=\"og:image:width\" content=\"1200\" \/>\n\t<meta property=\"og:image:height\" content=\"630\" \/>\n\t<meta property=\"og:image:type\" content=\"image\/jpeg\" \/>\n<meta name=\"twitter:card\" content=\"summary_large_image\" \/>\n<meta name=\"twitter:title\" content=\"De ce sunt extratere\u0219trii aici? \u00centreb\u0103ri \u0219i r\u0103spunsuri despre contactul cu ET\" \/>\n<meta name=\"twitter:site\" content=\"@earthallies\" \/>\n<script type=\"application\/ld+json\" class=\"yoast-schema-graph\">{\"@context\":\"https:\/\/schema.org\",\"@graph\":[{\"@type\":\"WebPage\",\"@id\":\"https:\/\/www.alliesofhumanity.org\/ro\/the-briefings\/book-two\/why-are-aliens-here\/\",\"url\":\"https:\/\/www.alliesofhumanity.org\/ro\/the-briefings\/book-two\/why-are-aliens-here\/\",\"name\":\"De ce sunt extratere\u0219trii aici? \u00centreb\u0103ri \u0219i r\u0103spunsuri despre contactul cu ET\",\"isPartOf\":{\"@id\":\"https:\/\/www.alliesofhumanity.org\/ro\/#website\"},\"datePublished\":\"2021-08-28T01:51:11+00:00\",\"dateModified\":\"2024-03-14T08:50:10+00:00\",\"description\":\"Poate v\u0103 \u00eentreba\u021bi: \\\"De ce sunt extratere\u0219trii aici?\\\". Exist\u0103 mai multe r\u0103spunsuri la aceast\u0103 \u00eentrebare fundamental\u0103, unele sunt evidente, altele nu.\",\"breadcrumb\":{\"@id\":\"https:\/\/www.alliesofhumanity.org\/ro\/the-briefings\/book-two\/why-are-aliens-here\/#breadcrumb\"},\"inLanguage\":\"ro-RO\",\"potentialAction\":[{\"@type\":\"ReadAction\",\"target\":[\"https:\/\/www.alliesofhumanity.org\/ro\/the-briefings\/book-two\/why-are-aliens-here\/\"]}]},{\"@type\":\"BreadcrumbList\",\"@id\":\"https:\/\/www.alliesofhumanity.org\/ro\/the-briefings\/book-two\/why-are-aliens-here\/#breadcrumb\",\"itemListElement\":[{\"@type\":\"ListItem\",\"position\":1,\"name\":\"Briefingurile\",\"item\":\"https:\/\/www.alliesofhumanity.org\/ro\/the-briefings\/\"},{\"@type\":\"ListItem\",\"position\":2,\"name\":\"Cartea a doua\",\"item\":\"https:\/\/www.alliesofhumanity.org\/ro\/the-briefings\/book-two\/\"},{\"@type\":\"ListItem\",\"position\":3,\"name\":\"A doua \u0219edin\u021b\u0103 de informare: De ce are loc interven\u021bia\"}]},{\"@type\":\"WebSite\",\"@id\":\"https:\/\/www.alliesofhumanity.org\/ro\/#website\",\"url\":\"https:\/\/www.alliesofhumanity.org\/ro\/\",\"name\":\"The Allies of Humanity\",\"description\":\"\",\"potentialAction\":[{\"@type\":\"SearchAction\",\"target\":{\"@type\":\"EntryPoint\",\"urlTemplate\":\"https:\/\/www.alliesofhumanity.org\/ro\/?s={search_term_string}\"},\"query-input\":{\"@type\":\"PropertyValueSpecification\",\"valueRequired\":true,\"valueName\":\"search_term_string\"}}],\"inLanguage\":\"ro-RO\"}]}<\/script>\n<!-- \/ Yoast SEO plugin. -->","yoast_head_json":{"title":"De ce sunt extratere\u0219trii aici? \u00centreb\u0103ri \u0219i r\u0103spunsuri despre contactul cu ET","description":"Poate v\u0103 \u00eentreba\u021bi: \"De ce sunt extratere\u0219trii aici?\". Exist\u0103 mai multe r\u0103spunsuri la aceast\u0103 \u00eentrebare fundamental\u0103, unele sunt evidente, altele nu.","robots":{"index":"index","follow":"follow","max-snippet":"max-snippet:-1","max-image-preview":"max-image-preview:large","max-video-preview":"max-video-preview:-1"},"canonical":"https:\/\/www.alliesofhumanity.org\/ro\/the-briefings\/book-two\/why-are-aliens-here\/","og_locale":"ro_RO","og_type":"article","og_title":"De ce sunt extratere\u0219trii aici? \u00centreb\u0103ri \u0219i r\u0103spunsuri despre contactul cu ET","og_description":"Poate v\u0103 \u00eentreba\u021bi: \"De ce sunt extratere\u0219trii aici?\". Exist\u0103 mai multe r\u0103spunsuri la aceast\u0103 \u00eentrebare fundamental\u0103, unele sunt evidente, altele nu.","og_url":"https:\/\/www.alliesofhumanity.org\/ro\/the-briefings\/book-two\/why-are-aliens-here\/","og_site_name":"The Allies of Humanity","article_publisher":"https:\/\/www.facebook.com\/alliesofhumanity\/","article_modified_time":"2024-03-14T08:50:10+00:00","og_image":[{"width":1200,"height":630,"url":"https:\/\/www.alliesofhumanity.org\/wp-content\/uploads\/2021\/01\/og-socialmedia-aoh.jpg","type":"image\/jpeg"}],"twitter_card":"summary_large_image","twitter_title":"De ce sunt extratere\u0219trii aici? \u00centreb\u0103ri \u0219i r\u0103spunsuri despre contactul cu ET","twitter_site":"@earthallies","schema":{"@context":"https:\/\/schema.org","@graph":[{"@type":"WebPage","@id":"https:\/\/www.alliesofhumanity.org\/ro\/the-briefings\/book-two\/why-are-aliens-here\/","url":"https:\/\/www.alliesofhumanity.org\/ro\/the-briefings\/book-two\/why-are-aliens-here\/","name":"De ce sunt extratere\u0219trii aici? \u00centreb\u0103ri \u0219i r\u0103spunsuri despre contactul cu ET","isPartOf":{"@id":"https:\/\/www.alliesofhumanity.org\/ro\/#website"},"datePublished":"2021-08-28T01:51:11+00:00","dateModified":"2024-03-14T08:50:10+00:00","description":"Poate v\u0103 \u00eentreba\u021bi: \"De ce sunt extratere\u0219trii aici?\". Exist\u0103 mai multe r\u0103spunsuri la aceast\u0103 \u00eentrebare fundamental\u0103, unele sunt evidente, altele nu.","breadcrumb":{"@id":"https:\/\/www.alliesofhumanity.org\/ro\/the-briefings\/book-two\/why-are-aliens-here\/#breadcrumb"},"inLanguage":"ro-RO","potentialAction":[{"@type":"ReadAction","target":["https:\/\/www.alliesofhumanity.org\/ro\/the-briefings\/book-two\/why-are-aliens-here\/"]}]},{"@type":"BreadcrumbList","@id":"https:\/\/www.alliesofhumanity.org\/ro\/the-briefings\/book-two\/why-are-aliens-here\/#breadcrumb","itemListElement":[{"@type":"ListItem","position":1,"name":"Briefingurile","item":"https:\/\/www.alliesofhumanity.org\/ro\/the-briefings\/"},{"@type":"ListItem","position":2,"name":"Cartea a doua","item":"https:\/\/www.alliesofhumanity.org\/ro\/the-briefings\/book-two\/"},{"@type":"ListItem","position":3,"name":"A doua \u0219edin\u021b\u0103 de informare: De ce are loc interven\u021bia"}]},{"@type":"WebSite","@id":"https:\/\/www.alliesofhumanity.org\/ro\/#website","url":"https:\/\/www.alliesofhumanity.org\/ro\/","name":"The Allies of Humanity","description":"","potentialAction":[{"@type":"SearchAction","target":{"@type":"EntryPoint","urlTemplate":"https:\/\/www.alliesofhumanity.org\/ro\/?s={search_term_string}"},"query-input":{"@type":"PropertyValueSpecification","valueRequired":true,"valueName":"search_term_string"}}],"inLanguage":"ro-RO"}]}},"_links":{"self":[{"href":"https:\/\/www.alliesofhumanity.org\/ro\/wp-json\/wp\/v2\/pages\/18538","targetHints":{"allow":["GET"]}}],"collection":[{"href":"https:\/\/www.alliesofhumanity.org\/ro\/wp-json\/wp\/v2\/pages"}],"about":[{"href":"https:\/\/www.alliesofhumanity.org\/ro\/wp-json\/wp\/v2\/types\/page"}],"author":[{"embeddable":true,"href":"https:\/\/www.alliesofhumanity.org\/ro\/wp-json\/wp\/v2\/users\/23"}],"replies":[{"embeddable":true,"href":"https:\/\/www.alliesofhumanity.org\/ro\/wp-json\/wp\/v2\/comments?post=18538"}],"version-history":[{"count":5,"href":"https:\/\/www.alliesofhumanity.org\/ro\/wp-json\/wp\/v2\/pages\/18538\/revisions"}],"predecessor-version":[{"id":19160,"href":"https:\/\/www.alliesofhumanity.org\/ro\/wp-json\/wp\/v2\/pages\/18538\/revisions\/19160"}],"up":[{"embeddable":true,"href":"https:\/\/www.alliesofhumanity.org\/ro\/wp-json\/wp\/v2\/pages\/18535"}],"wp:attachment":[{"href":"https:\/\/www.alliesofhumanity.org\/ro\/wp-json\/wp\/v2\/media?parent=18538"}],"curies":[{"name":"wp","href":"https:\/\/api.w.org\/{rel}","templated":true}]}}