{"id":18535,"date":"2021-08-28T01:56:15","date_gmt":"2021-08-28T00:56:15","guid":{"rendered":"https:\/\/www.alliesofhumanity.org\/the-briefings\/book-two\/"},"modified":"2021-09-10T04:53:16","modified_gmt":"2021-09-10T03:53:16","slug":"book-two","status":"publish","type":"page","link":"https:\/\/www.alliesofhumanity.org\/ro\/the-briefings\/book-two\/","title":{"rendered":"Cartea a doua"},"content":{"rendered":"<p>&#8222;\u00cen acest al doilea set de briefinguri, Alia\u021bii Umanit\u0103\u021bii doresc s\u0103 ne ofere o mai mare \u00een\u021belegere \u0219i o mai mare viziune asupra a ceea ce este cu adev\u0103rat via\u021ba \u00een Universul din jurul nostru. Alia\u021bii no\u0219tri de peste hotare doresc s\u0103 ne avertizeze cu privire la marile riscuri cu care ne confrunt\u0103m acum, riscurile apari\u021biei \u00een Marea Comunitate. Ei doresc s\u0103 ne arate necesitatea de a ne p\u0103stra libertatea \u0219i integritatea ca ras\u0103, \u00een timp ce trecem prin aceast\u0103 tranzi\u021bie dificil\u0103 \u0219i prelungit\u0103.<\/p>\n<p><!--\nGet a copy of the book:\n\n\n<ul>\n \t\n\n<li>Print version: <a href=\"https:\/\/newknowledgelibrary.org\/books\/the-allies-of-humanity-book-two-english-print-book\/\" target=\"_blank\" rel=\"noopener\">New Knowledge Library<\/a> or <a href=\"https:\/\/www.amazon.com\/Allies-Humanity-Book-Marshall-Summers\/dp\/1884238378\" target=\"_blank\" rel=\"noopener\">Amazon<\/a>.<\/li>\n\n\n \t\n\n<li>Ebook format: <a href=\"https:\/\/newknowledgelibrary.org\/e-books\/the-allies-of-humanity-book-two-english-ebook\/\" target=\"_blank\" rel=\"noopener\">New Knowledge Library<\/a>, <a href=\"https:\/\/www.amazon.com\/Allies-Humanity-Book-Two-ebook\/dp\/B005J5KU8I\" target=\"_blank\" rel=\"noopener\">Kindle version from Amazon<\/a>, <a href=\"https:\/\/books.apple.com\/au\/book\/the-allies-of-humanity-book-two\/id894103733\" target=\"_blank\" rel=\"noopener\">Apple Books<\/a> or <a href=\"https:\/\/play.google.com\/store\/books\/details\/Marshall_Vian_Summers_The_Allies_of_Humanity_Book?id=6HysOWI88a8C\" target=\"_blank\" rel=\"noopener\">Google Play<\/a>.<\/li>\n\n\n<\/ul>\n\n\n--><\/p>\n<hr \/>\n<h5>\u00cencepe\u021bi s\u0103 citi\u021bi Briefing-urile online acum!<\/h5>\n<p>Cuprinsul c\u0103r\u021bii:<\/p>\n<p><a href=\"universe-reality-of-nature\">Prima \u0219edin\u021b\u0103 de informare: &#8230;<\/a><\/p>\n<p><a href=\"why-are-aliens-here\">A doua \u0219edin\u021b\u0103 de informare: &#8230;<br \/>\n<\/a><\/p>\n<p><a href=\"the-influence-upon-humanity\">A treia \u0219edin\u021b\u0103 de informare: Influen\u021ba asupra umanit\u0103\u021bii<\/a><\/p>\n<p><a href=\"collectives-in-universe\">A patra \u0219edin\u021b\u0103 de informare: Colectivele<\/a><\/p>\n<p><a href=\"biological-resources\">A cincea \u0219edin\u021b\u0103 de informare: Ce vor ei<\/a><\/p>\n<p><a href=\"a-call-to-action-spiritual-power\">A \u0219asea informare: Un apel la ac\u021biune<\/a><\/p>\n<p>Primul Comentariu: <a href=\"the-problem-of-human-denial-first-commentary\">Problema neg\u0103rii umane<\/a><\/p>\n<p>Al Doilea Comentariu: <a href=\"effects-of-the-pacification-program-second-commentary\">&#8230;<\/a><\/p>\n<p>Al Treilea Comentariu: <a href=\"understanding-the-intervention-third-commentary\">&#8230;<\/a><\/p>\n<p>Societatea pentru Noul Mesaj ofer\u0103 acum toate cele patru volume din <em>Alia\u021bii Umanit\u0103\u021bii<\/em> online, f\u0103r\u0103 niciun cost. Facem acest lucru pentru ca acest mesaj s\u0103 ajung\u0103 la c\u00e2t mai mul\u021bi oameni, at\u00e2t la baz\u0103, c\u00e2t \u0219i \u00een pozi\u021bii de putere politic\u0103, economic\u0103 \u0219i religioas\u0103.<\/p>\n","protected":false},"excerpt":{"rendered":"<p>&#8222;\u00cen acest al doilea set de briefinguri, Alia\u021bii Umanit\u0103\u021bii doresc s\u0103 ne ofere o mai mare \u00een\u021belegere \u0219i o mai mare viziune asupra a ceea ce este cu adev\u0103rat via\u021ba \u00een Universul din jurul nostru. Alia\u021bii no\u0219tri de peste hotare doresc s\u0103 ne avertizeze cu privire la marile riscuri cu care ne confrunt\u0103m acum, riscurile [&hellip;]<\/p>\n","protected":false},"author":2,"featured_media":0,"parent":18427,"menu_order":2,"comment_status":"closed","ping_status":"closed","template":"page-book-start.php","meta":{"_acf_changed":false,"footnotes":""},"class_list":["post-18535","page","type-page","status-publish","hentry"],"acf":[],"yoast_head":"<!-- This site is optimized with the Yoast SEO plugin v26.5 - https:\/\/yoast.com\/wordpress\/plugins\/seo\/ -->\n<title>Alia\u021bii umanit\u0103\u021bii, Cartea a doua: Unitatea uman\u0103, libertatea \u0219i realitatea ascuns\u0103 a contactului<\/title>\n<meta name=\"description\" content=\"\u00cen cel de-al doilea set de inform\u0103ri dorim s\u0103 v\u0103 oferim o mai bun\u0103 \u00een\u021belegere \u0219i o viziune a ceea ce \u00eenseamn\u0103 cu adev\u0103rat via\u021ba \u00een Universul din jurul vostru.\" \/>\n<meta name=\"robots\" content=\"index, follow, max-snippet:-1, max-image-preview:large, max-video-preview:-1\" \/>\n<link rel=\"canonical\" href=\"https:\/\/www.alliesofhumanity.org\/ro\/the-briefings\/book-two\/\" \/>\n<meta property=\"og:locale\" content=\"ro_RO\" \/>\n<meta property=\"og:type\" content=\"article\" \/>\n<meta property=\"og:title\" content=\"Alia\u021bii umanit\u0103\u021bii, Cartea a doua: Unitatea uman\u0103, libertatea \u0219i realitatea ascuns\u0103 a contactului\" \/>\n<meta property=\"og:description\" content=\"\u00cen cel de-al doilea set de inform\u0103ri dorim s\u0103 v\u0103 oferim o mai bun\u0103 \u00een\u021belegere \u0219i o viziune a ceea ce \u00eenseamn\u0103 cu adev\u0103rat via\u021ba \u00een Universul din jurul vostru.\" \/>\n<meta property=\"og:url\" content=\"https:\/\/www.alliesofhumanity.org\/ro\/the-briefings\/book-two\/\" \/>\n<meta property=\"og:site_name\" content=\"The Allies of Humanity\" \/>\n<meta property=\"article:publisher\" content=\"https:\/\/www.facebook.com\/alliesofhumanity\/\" \/>\n<meta property=\"article:modified_time\" content=\"2021-09-10T03:53:16+00:00\" \/>\n<meta property=\"og:image\" content=\"https:\/\/www.alliesofhumanity.org\/wp-content\/uploads\/2021\/01\/og-socialmedia-aoh.jpg\" \/>\n\t<meta property=\"og:image:width\" content=\"1200\" \/>\n\t<meta property=\"og:image:height\" content=\"630\" \/>\n\t<meta property=\"og:image:type\" content=\"image\/jpeg\" \/>\n<meta name=\"twitter:card\" content=\"summary_large_image\" \/>\n<meta name=\"twitter:title\" content=\"Alia\u021bii umanit\u0103\u021bii, Cartea a doua: Unitatea uman\u0103, libertatea \u0219i realitatea ascuns\u0103 a contactului\" \/>\n<meta name=\"twitter:site\" content=\"@earthallies\" \/>\n<meta name=\"twitter:label1\" content=\"Timp estimat pentru citire\" \/>\n\t<meta name=\"twitter:data1\" content=\"1 minut\" \/>\n<script type=\"application\/ld+json\" class=\"yoast-schema-graph\">{\"@context\":\"https:\/\/schema.org\",\"@graph\":[{\"@type\":\"WebPage\",\"@id\":\"https:\/\/www.alliesofhumanity.org\/ro\/the-briefings\/book-two\/\",\"url\":\"https:\/\/www.alliesofhumanity.org\/ro\/the-briefings\/book-two\/\",\"name\":\"Alia\u021bii umanit\u0103\u021bii, Cartea a doua: Unitatea uman\u0103, libertatea \u0219i realitatea ascuns\u0103 a contactului\",\"isPartOf\":{\"@id\":\"https:\/\/www.alliesofhumanity.org\/ro\/#website\"},\"datePublished\":\"2021-08-28T00:56:15+00:00\",\"dateModified\":\"2021-09-10T03:53:16+00:00\",\"description\":\"\u00cen cel de-al doilea set de inform\u0103ri dorim s\u0103 v\u0103 oferim o mai bun\u0103 \u00een\u021belegere \u0219i o viziune a ceea ce \u00eenseamn\u0103 cu adev\u0103rat via\u021ba \u00een Universul din jurul vostru.\",\"breadcrumb\":{\"@id\":\"https:\/\/www.alliesofhumanity.org\/ro\/the-briefings\/book-two\/#breadcrumb\"},\"inLanguage\":\"ro-RO\",\"potentialAction\":[{\"@type\":\"ReadAction\",\"target\":[\"https:\/\/www.alliesofhumanity.org\/ro\/the-briefings\/book-two\/\"]}]},{\"@type\":\"BreadcrumbList\",\"@id\":\"https:\/\/www.alliesofhumanity.org\/ro\/the-briefings\/book-two\/#breadcrumb\",\"itemListElement\":[{\"@type\":\"ListItem\",\"position\":1,\"name\":\"Briefingurile\",\"item\":\"https:\/\/www.alliesofhumanity.org\/ro\/the-briefings\/\"},{\"@type\":\"ListItem\",\"position\":2,\"name\":\"Cartea a doua\"}]},{\"@type\":\"WebSite\",\"@id\":\"https:\/\/www.alliesofhumanity.org\/ro\/#website\",\"url\":\"https:\/\/www.alliesofhumanity.org\/ro\/\",\"name\":\"The Allies of Humanity\",\"description\":\"\",\"potentialAction\":[{\"@type\":\"SearchAction\",\"target\":{\"@type\":\"EntryPoint\",\"urlTemplate\":\"https:\/\/www.alliesofhumanity.org\/ro\/?s={search_term_string}\"},\"query-input\":{\"@type\":\"PropertyValueSpecification\",\"valueRequired\":true,\"valueName\":\"search_term_string\"}}],\"inLanguage\":\"ro-RO\"}]}<\/script>\n<!-- \/ Yoast SEO plugin. -->","yoast_head_json":{"title":"Alia\u021bii umanit\u0103\u021bii, Cartea a doua: Unitatea uman\u0103, libertatea \u0219i realitatea ascuns\u0103 a contactului","description":"\u00cen cel de-al doilea set de inform\u0103ri dorim s\u0103 v\u0103 oferim o mai bun\u0103 \u00een\u021belegere \u0219i o viziune a ceea ce \u00eenseamn\u0103 cu adev\u0103rat via\u021ba \u00een Universul din jurul vostru.","robots":{"index":"index","follow":"follow","max-snippet":"max-snippet:-1","max-image-preview":"max-image-preview:large","max-video-preview":"max-video-preview:-1"},"canonical":"https:\/\/www.alliesofhumanity.org\/ro\/the-briefings\/book-two\/","og_locale":"ro_RO","og_type":"article","og_title":"Alia\u021bii umanit\u0103\u021bii, Cartea a doua: Unitatea uman\u0103, libertatea \u0219i realitatea ascuns\u0103 a contactului","og_description":"\u00cen cel de-al doilea set de inform\u0103ri dorim s\u0103 v\u0103 oferim o mai bun\u0103 \u00een\u021belegere \u0219i o viziune a ceea ce \u00eenseamn\u0103 cu adev\u0103rat via\u021ba \u00een Universul din jurul vostru.","og_url":"https:\/\/www.alliesofhumanity.org\/ro\/the-briefings\/book-two\/","og_site_name":"The Allies of Humanity","article_publisher":"https:\/\/www.facebook.com\/alliesofhumanity\/","article_modified_time":"2021-09-10T03:53:16+00:00","og_image":[{"width":1200,"height":630,"url":"https:\/\/www.alliesofhumanity.org\/wp-content\/uploads\/2021\/01\/og-socialmedia-aoh.jpg","type":"image\/jpeg"}],"twitter_card":"summary_large_image","twitter_title":"Alia\u021bii umanit\u0103\u021bii, Cartea a doua: Unitatea uman\u0103, libertatea \u0219i realitatea ascuns\u0103 a contactului","twitter_site":"@earthallies","twitter_misc":{"Timp estimat pentru citire":"1 minut"},"schema":{"@context":"https:\/\/schema.org","@graph":[{"@type":"WebPage","@id":"https:\/\/www.alliesofhumanity.org\/ro\/the-briefings\/book-two\/","url":"https:\/\/www.alliesofhumanity.org\/ro\/the-briefings\/book-two\/","name":"Alia\u021bii umanit\u0103\u021bii, Cartea a doua: Unitatea uman\u0103, libertatea \u0219i realitatea ascuns\u0103 a contactului","isPartOf":{"@id":"https:\/\/www.alliesofhumanity.org\/ro\/#website"},"datePublished":"2021-08-28T00:56:15+00:00","dateModified":"2021-09-10T03:53:16+00:00","description":"\u00cen cel de-al doilea set de inform\u0103ri dorim s\u0103 v\u0103 oferim o mai bun\u0103 \u00een\u021belegere \u0219i o viziune a ceea ce \u00eenseamn\u0103 cu adev\u0103rat via\u021ba \u00een Universul din jurul vostru.","breadcrumb":{"@id":"https:\/\/www.alliesofhumanity.org\/ro\/the-briefings\/book-two\/#breadcrumb"},"inLanguage":"ro-RO","potentialAction":[{"@type":"ReadAction","target":["https:\/\/www.alliesofhumanity.org\/ro\/the-briefings\/book-two\/"]}]},{"@type":"BreadcrumbList","@id":"https:\/\/www.alliesofhumanity.org\/ro\/the-briefings\/book-two\/#breadcrumb","itemListElement":[{"@type":"ListItem","position":1,"name":"Briefingurile","item":"https:\/\/www.alliesofhumanity.org\/ro\/the-briefings\/"},{"@type":"ListItem","position":2,"name":"Cartea a doua"}]},{"@type":"WebSite","@id":"https:\/\/www.alliesofhumanity.org\/ro\/#website","url":"https:\/\/www.alliesofhumanity.org\/ro\/","name":"The Allies of Humanity","description":"","potentialAction":[{"@type":"SearchAction","target":{"@type":"EntryPoint","urlTemplate":"https:\/\/www.alliesofhumanity.org\/ro\/?s={search_term_string}"},"query-input":{"@type":"PropertyValueSpecification","valueRequired":true,"valueName":"search_term_string"}}],"inLanguage":"ro-RO"}]}},"_links":{"self":[{"href":"https:\/\/www.alliesofhumanity.org\/ro\/wp-json\/wp\/v2\/pages\/18535","targetHints":{"allow":["GET"]}}],"collection":[{"href":"https:\/\/www.alliesofhumanity.org\/ro\/wp-json\/wp\/v2\/pages"}],"about":[{"href":"https:\/\/www.alliesofhumanity.org\/ro\/wp-json\/wp\/v2\/types\/page"}],"author":[{"embeddable":true,"href":"https:\/\/www.alliesofhumanity.org\/ro\/wp-json\/wp\/v2\/users\/2"}],"replies":[{"embeddable":true,"href":"https:\/\/www.alliesofhumanity.org\/ro\/wp-json\/wp\/v2\/comments?post=18535"}],"version-history":[{"count":2,"href":"https:\/\/www.alliesofhumanity.org\/ro\/wp-json\/wp\/v2\/pages\/18535\/revisions"}],"predecessor-version":[{"id":19171,"href":"https:\/\/www.alliesofhumanity.org\/ro\/wp-json\/wp\/v2\/pages\/18535\/revisions\/19171"}],"up":[{"embeddable":true,"href":"https:\/\/www.alliesofhumanity.org\/ro\/wp-json\/wp\/v2\/pages\/18427"}],"wp:attachment":[{"href":"https:\/\/www.alliesofhumanity.org\/ro\/wp-json\/wp\/v2\/media?parent=18535"}],"curies":[{"name":"wp","href":"https:\/\/api.w.org\/{rel}","templated":true}]}}