{"id":18532,"date":"2021-08-28T01:50:36","date_gmt":"2021-08-28T00:50:36","guid":{"rendered":"https:\/\/www.alliesofhumanity.org\/education-and-action\/"},"modified":"2024-03-15T08:35:50","modified_gmt":"2024-03-15T07:35:50","slug":"education-and-action","status":"publish","type":"page","link":"https:\/\/www.alliesofhumanity.org\/ro\/education-and-action\/","title":{"rendered":"Educa\u021bie \u0219i ac\u021biune"},"content":{"rendered":"\t\t<div data-elementor-type=\"wp-page\" data-elementor-id=\"18532\" class=\"elementor elementor-18532 elementor-1867\" data-elementor-post-type=\"page\">\t\t\t\t\t\t<section class=\"elementor-section elementor-top-section elementor-element elementor-element-4782b150 elementor-section-full_width elementor-section-height-default elementor-section-height-default\" data-id=\"4782b150\" data-element_type=\"section\">\t\t\t\t\t\t<div class=\"elementor-container elementor-column-gap-default\">\t\t\t\t\t<div class=\"elementor-column elementor-col-100 elementor-top-column elementor-element elementor-element-54d1ac8e\" data-id=\"54d1ac8e\" data-element_type=\"column\">\t\t\t<div class=\"elementor-widget-wrap elementor-element-populated\">\t\t\t\t\t\t<div class=\"elementor-element elementor-element-5f862d9 elementor-widget elementor-widget-text-editor\" data-id=\"5f862d9\" data-element_type=\"widget\" data-widget_type=\"text-editor.default\">\t\t\t\t<div class=\"elementor-widget-container\">\t\t\t\t\t\t\t\t\t<h1>S\u0103 lu\u0103m m\u0103suri \u2013 Ce po\u021bi face tu<\/h1>\r\rAlia\u021bii ne cer s\u0103 lu\u0103m atitudine pentru bun\u0103starea lumii noastre \u0219i pentru ca noi \u00een\u0219ine s\u0103 devenim, \u00een esen\u021b\u0103, Alia\u021bi ai Umanit\u0103\u021bii. \u00cens\u0103 pentru a fi real, acest angajament trebuie s\u0103 vin\u0103 de la con\u0219tiin\u021ba noastr\u0103, cea mai ad\u00e2nc\u0103 parte din noi. Sunt multe lucruri pe care le po\u021bi face pentru a contracara Interven\u021bia \u0219i pentru a deveni o for\u021b\u0103 pozitiv\u0103 prin a te \u00eent\u0103ri pe tine \u0219i pe al\u021bii din jurul t\u0103u.\r\r<p>Unii cititori au exprimat sentimente de lips\u0103 de speran\u021b\u0103 dup\u0103 ce au citit materialul alia\u021bilor. Dac\u0103 aceasta \u00ee\u021bi este experien\u021ba, este important s\u0103 \u021bii minte c\u0103 inten\u021bia Interven\u021biei este de a te influen\u021ba s\u0103 te sim\u021bi fie plin de acceptare \u0219i speran\u021b\u0103, fie neajutorat \u0219i neputincios \u00een fa\u021ba prezen\u021bei lor. Nu te l\u0103sa convins \u00een maniera aceasta. \u00ce\u021bi g\u0103se\u0219ti t\u0103ria trec\u00e2nd la ac\u021biune. Ce po\u021bi face cu adev\u0103rat? Sunt destul de multe lucruri pe care le po\u021bi face.\r<\/p><p>\r<\/p><h5>Educ\u0103-te.<\/h5>\r<p>\r<\/p><p>Preg\u0103tirea trebuie s\u0103 \u00eenceap\u0103 cu educa\u021bie \u0219i con\u0219tien\u021b\u0103. Trebuie s\u0103 ai o \u00een\u021belegere a lucrurilor cu care te confrun\u021bi. Educ\u0103-te \u00een ceea ce prive\u0219te fenomenul OZN-urilor\/extratere\u0219trilor. Educ\u0103-te \u00een ce prive\u0219te ultimele descoperiri ale \u0219tiin\u021bei planetare \u0219i ale astrobiologiei care ne devin disponibile.\r<\/p><p>\r<\/p><p>LECTUR\u0102 RECOMANDAT\u0102\r<\/p><p>\r<\/p><ul>\r    <li>Vezi \u201eResurse suplimentare\u201d \u00een anex\u0103.<\/li>\r<\/ul>\r<p>\r<\/p><h5>Opune-i rezisten\u021b\u0103 influen\u021bei Programului de Pacificare.<\/h5>\r<p>\r<\/p><p>Opune-i rezisten\u021b\u0103 Programului de Pacificare. Opune-i rezisten\u021b\u0103 influen\u021bei de a deveni nep\u0103s\u0103tor \u0219i inert la propria Cunoa\u0219tere. Opune-i rezisten\u021b\u0103 Interven\u021biei prin con\u0219tien\u021b\u0103, prin promovare \u0219i prin \u00een\u021belegere. Promoveaz\u0103 cooperarea, unitatea \u0219i integritatea uman\u0103.\r<\/p><p>\r<\/p><p>LECTUR\u0102 RECOMANDAT\u0102\r<\/p><p>\r<\/p><ul>\r    <li>Spiritualitatea din Marea Comunitate, capitolul 6: \u201eCe \u00eenseamn\u0103 Marea Comunitate?\u201d \u0219i capitolul 11: \u201ePentru ce te preg\u0103te\u0219ti?\u201d<\/li>\r    <li>Cum tr\u0103ie\u0219ti Calea Cunoa\u0219terii, capitolul 1: \u201eCum este s\u0103 tr\u0103ie\u0219ti \u00eentr-o lume emergent\u0103\u201d<\/li>\r<\/ul>\r<p>\r<\/p><h5>Devino con\u0219tient de mediul mental.<\/h5>\r<p>\r<\/p><p>Mediul mental este mediul g\u00e2ndurilor \u0219i al influen\u021belor \u00een care tr\u0103im cu to\u021bii. Efectul s\u0103u asupra g\u00e2ndirii noastre, asupra emo\u021biilor noastre \u0219i asupra ac\u021biunilor noastre este chiar mai mare dec\u00e2t efectul mediului fizic. La ora actual\u0103 mediul mental este afectat \u0219i influen\u021bat direct de c\u0103tre Interven\u021bie. E afectat, de asemenea, de interesele guvernamentale \u0219i comerciale din jurul nostru. Este esen\u021bial s\u0103 devii con\u0219tient de mediul mental pentru a-\u021bi p\u0103stra propria libertate de a g\u00e2ndi liber \u0219i limpede. Primul pas pe care \u00eel po\u021bi face este s\u0103 alegi \u00een mod con\u0219tient cine \u0219i ce \u00ee\u021bi influen\u021beaz\u0103 g\u00e2ndirea \u0219i deciziile prin stimulii pe care-i prime\u0219ti din afar\u0103. Ace\u0219ti stimuli includ mass-media, c\u0103r\u021bile \u0219i prietenii conving\u0103tori, familia \u0219i persoanele pe care le-ai \u00eenvestit cu autoritate. Creaz\u0103-\u021bi propriile directive \u0219i \u00eenva\u021b\u0103 cum s\u0103 identifici \u00een mod limpede, cu discern\u0103m\u00e2nt \u0219i obiectivitate, ceea ce \u00ee\u021bi spun al\u021bi oameni \u0219i chiar \u0219i cultura \u00een general. Fiecare dintre noi trebuie s\u0103 \u00eenve\u021be s\u0103 discearn\u0103 \u00een mod con\u0219tient aceste influen\u021be pentru protejarea \u0219i \u00eembun\u0103t\u0103\u021birea mediului mental \u00een care tr\u0103im.\r<\/p><p>\r<\/p><p>LECTUR\u0102 RECOMANDAT\u0102\r<\/p><p>\r<\/p><ul>\r    <li>\u00cen\u021belepciune din Marea Comunitate, volumul 2, capitolul 12: \u201eExprimarea de sine \u0219i mediul mental\u201d \u0219i capitolul 15: \u201eCum r\u0103spunzi la Marea Comunitate\u201d<\/li>\r<\/ul>\r<p>\r<\/p><h5>Studiaz\u0103 Calea Cunoa\u0219terii din Marea Comunitate.<\/h5>\r<p>\r<\/p><p>Dac\u0103 \u00eenve\u021bi Calea Cunoa\u0219terii din Marea Comunitate vei ajunge \u00een leg\u0103tur\u0103 direct\u0103 cu mintea spiritual\u0103 ad\u00e2nc\u0103, pe care Creatorul tuturor formelor de via\u021b\u0103 a pus-o \u00een\u0103untrul t\u0103u. La nivelul acestei min\u021bi ad\u00e2nci, care se afl\u0103 dincolo de ra\u021biunea noastr\u0103, la nivelul Cunoa\u0219terii, e\u0219ti ferit de interferen\u021be \u0219i de manipulare din partea oric\u0103rei puteri lume\u0219ti sau din Marea Comunitate. De asemenea, Cunoa\u0219terea \u00ee\u021bi posed\u0103 scopul spiritual superior pentru care ai venit pe p\u0103m\u00e2nt \u00een aceste vremuri. Este \u00eens\u0103\u0219i inima spiritualit\u0103\u021bii tale. \u00ce\u021bi po\u021bi \u00eencepe chiar acum c\u0103l\u0103toria \u00een Calea Cunoa\u0219terii din Marea Comunitate, \u00eencep\u00e2nd s\u0103 studiezi online cartea \u201ePa\u015fi c\u0103tre Cunoa\u015ftere\u201d la adresa www.newmessage.org\/ro.\r<\/p><p>\r<\/p><p>LECTUR\u0102 RECOMANDAT\u0102\r<\/p><p>\r<\/p><ul>\r    <li>Spiritualitatea din Marea Comunitate, capitolul 4: \u201eCe este Cunoa\u0219terea?\u201d<\/li>\r    <li>Cum tr\u0103ie\u0219ti Calea Cunoa\u0219terii: toate capitolele.\r    Studiul c\u0103r\u021bii Pa\u0219i c\u0103tre Cunoa\u0219tere: Cartea cunoa\u0219terii l\u0103untrice<\/li>\r<\/ul>\r<p>\r<\/p><h5>Formeaz\u0103 un grup de studiu al alia\u021bilor.<\/h5>\r<p>\r<\/p><p>Pentru a crea un mediu pozitiv \u00een care materialul alia\u021bilor s\u0103 poat\u0103 fi luat\r<\/p><p>\r<\/p><p>\u00een considerare \u00een mod profund, al\u0103tur\u0103-te altora cu scopul de a forma un grup de studiu al alia\u021bilor. Noi am descoperit c\u0103 atunci c\u00e2nd oamenii citesc Inform\u0103rile Alia\u021bilor \u0219i c\u0103r\u021bile privind Calea Cunoa\u0219terii din Marea Comunitate cu voce tare, al\u0103turi de al\u021bi oameni \u00een cadrul unui grup de sus\u021binere, \u0219i sunt liberi s\u0103-\u0219i \u00eemp\u0103rt\u0103\u0219easc\u0103 \u00eentreb\u0103rile \u0219i p\u0103trunderile pe parcurs, \u00een\u021belegerea asupra materialului cre\u0219te considerabil. Aceasta este una din c\u0103ile prin care \u00eencepi s\u0103-i g\u0103se\u0219ti pe al\u021bii care au aceea\u0219i con\u0219tien\u021b\u0103 \u0219i dorin\u021b\u0103 de a cunoa\u0219te adev\u0103rul despre Interven\u021bie ca tine. Po\u021bi \u00eencepe cu o singur\u0103 persoan\u0103.\r<\/p><p>\r<\/p><p>LECTUR\u0102 RECOMANDAT\u0102\r<\/p><p>\r<\/p><ul>\r    <li>\u00cen\u021belepciune din Marea Comunitate, volumul 2, capitolul 10: \u201eVizit\u0103rile din Marea Comunitate,\u201d capitolul 15: \u201eCum r\u0103spunzi la Marea Comunitate,\u201d capitolul 17: \u201eCum percep vizitatorii umanitatea\u201d \u0219i capitolul 28: \u201eRealit\u0103\u021bile din Marea Comunitate\u201d<\/li>\r    <li>\u201eAlia\u021bii Umanit\u0103\u021bii\u201d, cartea a doua: toate capitolele.<\/li>\r<\/ul>\r<p>\r<\/p><h5>Ocrote\u0219te \u0219i protejeaz\u0103 mediul.<\/h5>\r<p>\r<\/p><p>Pe zi ce trece, \u00eenv\u0103\u021b\u0103m tot mai multe despre nevoia de a ne conserva, proteja \u0219i restaura mediul natural. Chiar dac\u0103 Interven\u021bia nu ar fi existat, acest lucru tot ar fi o prioritate. \u00cens\u0103 mesajul alia\u021bilor ofer\u0103 impulsuri noi \u0219i o \u00een\u021belegere nou\u0103 pentru nevoia de a crea o form\u0103 de \u00eentrebuin\u021bare sustenabil\u0103 a resurselor naturale din lumea noastr\u0103. Devino con\u0219tient de modul \u00een care tr\u0103ie\u0219ti \u0219i de ceea ce consumi \u0219i afl\u0103 ce po\u021bi face pentru a sprijini mediul. A\u0219a cum alia\u021bii scot \u00een eviden\u021b\u0103, independen\u021ba noastr\u0103 ca ras\u0103 va fi necesar\u0103 pentru a ne proteja libertatea \u0219i progresul \u00eentr-o Comunitate Mare a vie\u021bii inteligente.\r<\/p><p>\r<\/p><p>LECTUR\u0102 RECOMANDAT\u0102\r<\/p><p>\r<\/p><ul>\r    <li>\u00cen\u021belepciune din Marea Comunitate, volumul 1, capitolul 14: \u201eEvolu\u021bia planetar\u0103\u201d<\/li>\r    <li>\u00cen\u021belepciune din Marea Comunitate, volumul 2, capitolul 25: \u201eMediile\u201d<\/li>\r<\/ul>\r<p>\r<\/p><h5>Adu la cuno\u0219tin\u021ba publicului larg Inform\u0103rile Alia\u021bilor Umanit\u0103\u021bii.<\/h5>\r<p>\r<\/p><p>\u00cemp\u0103rt\u0103\u0219irea mesajului alia\u021bilor cu alte persoane este extrem de important\u0103 din urm\u0103toarele motive:\r<\/p><p>\r<\/p><p>\u2014aju\u021bi la ruperea t\u0103cerii paralizante care \u00eenconjoar\u0103 realitatea \u0219i spectrul Interven\u021biei extraterestre.\r<\/p><p>\r<\/p><p>\u2014aju\u021bi la \u00eencetarea izol\u0103rii care \u00eei \u00eempiedic\u0103 pe oameni s\u0103 formeze leg\u0103turi \u00eentre ei \u00een privin\u021ba acestei mari provoc\u0103ri.\r<\/p><p>\r<\/p><p>\u2014\u00eei treze\u0219ti pe cei care au c\u0103zut sub influen\u021ba Programului de Pacificare, oferindu-le \u0219ansa de a-\u0219i folosi propriile min\u021bi pentru a re-evalua semnifica\u021bia acestui fenomen.\r<\/p><p>\r<\/p><p>\u2014\u00eent\u0103re\u0219ti hot\u0103r\u00e2rea din sinea ta \u0219i din\u0103untrul altora de a nu ceda fie \u00een fa\u021ba fricii, fie \u00een fa\u021ba evit\u0103rii, \u00een \u00eent\u00e2mpinarea acestei mari \u00eencerc\u0103ri a vremurilor noastre.\r<\/p><p>\r<\/p><p>\u2014le confirmi \u00een\u021belegerile ad\u00e2nci \u0219i Cunoa\u0219terea personal\u0103 ale altor oameni \u00een ceea ce prive\u0219te Interven\u021bia.\r<\/p><p>\r<\/p><p>\u2014aju\u021bi la \u00eentemeierea opozi\u021biei, care poate \u00eenvinge Interven\u021bia \u0219i care poate promova responsabilizarea ce i-ar putea oferi umanit\u0103\u021bii unitatea \u0219i t\u0103ria de a ne crea propriile Reguli de Angajare.\r<\/p><p>\r<\/p><p>IAT\u0102 C\u00c2\u021aIVA PA\u0218I CONCRE\u021aI PE CARE \u00ceI PO\u021aI FACE AST\u0102ZI:\r<\/p><p>\r<\/p><p>\u2014\u00eemp\u0103rt\u0103\u0219e\u0219te aceast\u0103 carte \u0219i mesajul s\u0103u cu al\u021bi oameni. Primul set \u00eentreg de inform\u0103ri se g\u0103se\u0219te acum gratuit, unde poate fi citit \u0219i desc\u0103rcat, pe pagina de internet: www.v1.alliesofhumanity.org\/ro\r<\/p><p>\r<\/p><p>\u2014cite\u0219te Declara\u021bia suveranit\u0103\u021bii umane \u0219i \u00eemp\u0103rt\u0103\u0219e\u0219te acest document de valoare cu al\u021bi oameni. Poate fi citit\u0103 online \u0219i printat\u0103 la adresa: www.humansovereignty.org\/romanian-declaration.\r<\/p><p>\r<\/p><p>\u2014\u00eencurajeaz\u0103 libr\u0103riile \u0219i bibliotecile locale s\u0103 pun\u0103 la dispozi\u021bie ambele volume ale Alia\u021bilor Umanit\u0103\u021bii \u0219i alte c\u0103r\u021bi ale lui Marshall Vian Summers. Acest lucru spore\u0219te accesul altor cititori la material.\r<\/p><p>\r<\/p><p>\u2014\u00eemp\u0103rt\u0103\u0219e\u0219te materialul \u0219i perspectiva alia\u021bilor pe forumuri online existente \u0219i pe grupuri de discu\u021bie ori de c\u00e2te ori este potrivit.\r<\/p><p>\r<\/p><p>\u2014 particip\u0103 la conferin\u021be \u0219i \u00eentruniri legate de subiect \u0219i \u00eemp\u0103rt\u0103\u0219e\u0219te perspectiva alia\u021bilor.\r<\/p><p>\r<\/p><p>\u2014tradu Inform\u0103rile Alia\u021bilor Umanit\u0103\u021bii. Dac\u0103 vorbe\u0219ti mai multe limbi, te rug\u0103m s\u0103 iei \u00een considerare posibilitatea de a ajuta la traducerea inform\u0103rilor pentru a le pune la dispozi\u021bia mai multor cititori din \u00eentreaga lume.\r<\/p><p>\r<\/p><p>\u2014ia leg\u0103tura cu Biblioteca New Knowledge pentru a primi gratuit un pachet de promovare a Alia\u021bilor cu materiale care te pot ajuta s\u0103 \u00eemp\u0103rt\u0103\u0219e\u0219ti acest mesaj cu alte persoane.\r<\/p><p>\r<\/p><p>LECTUR\u0102 RECOMANDAT\u0102\r<\/p><p>\r<\/p><ul>\r    <li>Cum tr\u0103ie\u0219ti Calea Cunoa\u0219terii, capitolul 9: \u201eCum \u00eemp\u0103rt\u0103\u0219e\u0219ti Calea Cunoa\u0219terii cu ceilal\u021bi\u201d<\/li>\r    <li>\u00cen\u021belepciune din Marea Comunitate, volumul 2, capitolul 19: \u201eCurajul\u201d<\/li>\r<\/ul>\r<p>\r<\/p><p>Aceast\u0103 list\u0103 nu este nicidecum una final\u0103. Este doar un \u00eenceput. Prive\u0219te-\u021bi propria via\u021b\u0103 \u0219i vezi ce oportunit\u0103\u021bi ar putea exista acolo \u0219i fii deschis la propria ta Cunoa\u0219tere \u0219i la propriile tale p\u0103trunderi \u00een aceast\u0103 privin\u021b\u0103. Pe l\u00e2ng\u0103 a face lucrurile enumerate mai sus, oamenii au descoperit deja moduri creative pentru a exprima mesajul alia\u021bilor\u2013prin art\u0103, prin muzic\u0103, prin poezie. G\u0103se\u0219te calea ta.\r<\/p>\t\t\t\t\t\t\t\t<\/div>\t\t\t\t<\/div>\t\t\t\t\t<\/div>\t\t<\/div>\t\t\t\t\t<\/div>\t\t<\/section>\t\t\t\t<\/div><p>\t\t<\/p>","protected":false},"excerpt":{"rendered":"<p>S\u0103 lu\u0103m m\u0103suri \u2013 Ce po\u021bi face tu Alia\u021bii ne cer s\u0103 lu\u0103m atitudine pentru bun\u0103starea lumii noastre \u0219i pentru ca noi \u00een\u0219ine s\u0103 devenim, \u00een esen\u021b\u0103, Alia\u021bi ai Umanit\u0103\u021bii. \u00cens\u0103 pentru a fi real, acest angajament trebuie s\u0103 vin\u0103 de la con\u0219tiin\u021ba noastr\u0103, cea mai ad\u00e2nc\u0103 parte din noi. Sunt multe lucruri pe care [&hellip;]<\/p>\n","protected":false},"author":25,"featured_media":0,"parent":0,"menu_order":3,"comment_status":"closed","ping_status":"closed","template":"page.php","meta":{"_acf_changed":false,"footnotes":""},"class_list":["post-18532","page","type-page","status-publish","hentry"],"acf":[],"yoast_head":"<!-- This site is optimized with the Yoast SEO plugin v26.5 - https:\/\/yoast.com\/wordpress\/plugins\/seo\/ -->\n<title>Contact extraterestru: Educa\u021bie \u0219i ac\u021biune esen\u021bial\u0103<\/title>\n<meta name=\"description\" content=\"Acest vast corp de \u00cenv\u0103\u021b\u0103turi, \u00een \u00eentregime, nu seam\u0103n\u0103 cu nimic din ceea ce exist\u0103 ast\u0103zi \u00een lume \u0219i reprezint\u0103 un Mesaj Nou pentru Umanitate.\" \/>\n<meta name=\"robots\" content=\"index, follow, max-snippet:-1, max-image-preview:large, max-video-preview:-1\" \/>\n<link rel=\"canonical\" href=\"https:\/\/www.alliesofhumanity.org\/ro\/education-and-action\/\" \/>\n<meta property=\"og:locale\" content=\"ro_RO\" \/>\n<meta property=\"og:type\" content=\"article\" \/>\n<meta property=\"og:title\" content=\"Contact extraterestru: Educa\u021bie \u0219i ac\u021biune esen\u021bial\u0103\" \/>\n<meta property=\"og:description\" content=\"Acest vast corp de \u00cenv\u0103\u021b\u0103turi, \u00een \u00eentregime, nu seam\u0103n\u0103 cu nimic din ceea ce exist\u0103 ast\u0103zi \u00een lume \u0219i reprezint\u0103 un Mesaj Nou pentru Umanitate.\" \/>\n<meta property=\"og:url\" content=\"https:\/\/www.alliesofhumanity.org\/ro\/education-and-action\/\" \/>\n<meta property=\"og:site_name\" content=\"The Allies of Humanity\" \/>\n<meta property=\"article:publisher\" content=\"https:\/\/www.facebook.com\/alliesofhumanity\/\" \/>\n<meta property=\"article:modified_time\" content=\"2024-03-15T07:35:50+00:00\" \/>\n<meta property=\"og:image\" content=\"https:\/\/www.alliesofhumanity.org\/wp-content\/uploads\/2021\/01\/og-socialmedia-aoh.jpg\" \/>\n\t<meta property=\"og:image:width\" content=\"1200\" \/>\n\t<meta property=\"og:image:height\" content=\"630\" \/>\n\t<meta property=\"og:image:type\" content=\"image\/jpeg\" \/>\n<meta name=\"twitter:card\" content=\"summary_large_image\" \/>\n<meta name=\"twitter:title\" content=\"Contact extraterestru: Educa\u021bie \u0219i ac\u021biune esen\u021bial\u0103\" \/>\n<meta name=\"twitter:site\" content=\"@earthallies\" \/>\n<meta name=\"twitter:label1\" content=\"Timp estimat pentru citire\" \/>\n\t<meta name=\"twitter:data1\" content=\"8 minute\" \/>\n<script type=\"application\/ld+json\" class=\"yoast-schema-graph\">{\"@context\":\"https:\/\/schema.org\",\"@graph\":[{\"@type\":\"WebPage\",\"@id\":\"https:\/\/www.alliesofhumanity.org\/ro\/education-and-action\/\",\"url\":\"https:\/\/www.alliesofhumanity.org\/ro\/education-and-action\/\",\"name\":\"Contact extraterestru: Educa\u021bie \u0219i ac\u021biune esen\u021bial\u0103\",\"isPartOf\":{\"@id\":\"https:\/\/www.alliesofhumanity.org\/ro\/#website\"},\"datePublished\":\"2021-08-28T00:50:36+00:00\",\"dateModified\":\"2024-03-15T07:35:50+00:00\",\"description\":\"Acest vast corp de \u00cenv\u0103\u021b\u0103turi, \u00een \u00eentregime, nu seam\u0103n\u0103 cu nimic din ceea ce exist\u0103 ast\u0103zi \u00een lume \u0219i reprezint\u0103 un Mesaj Nou pentru Umanitate.\",\"inLanguage\":\"ro-RO\",\"potentialAction\":[{\"@type\":\"ReadAction\",\"target\":[\"https:\/\/www.alliesofhumanity.org\/ro\/education-and-action\/\"]}]},{\"@type\":\"WebSite\",\"@id\":\"https:\/\/www.alliesofhumanity.org\/ro\/#website\",\"url\":\"https:\/\/www.alliesofhumanity.org\/ro\/\",\"name\":\"The Allies of Humanity\",\"description\":\"\",\"potentialAction\":[{\"@type\":\"SearchAction\",\"target\":{\"@type\":\"EntryPoint\",\"urlTemplate\":\"https:\/\/www.alliesofhumanity.org\/ro\/?s={search_term_string}\"},\"query-input\":{\"@type\":\"PropertyValueSpecification\",\"valueRequired\":true,\"valueName\":\"search_term_string\"}}],\"inLanguage\":\"ro-RO\"}]}<\/script>\n<!-- \/ Yoast SEO plugin. -->","yoast_head_json":{"title":"Contact extraterestru: Educa\u021bie \u0219i ac\u021biune esen\u021bial\u0103","description":"Acest vast corp de \u00cenv\u0103\u021b\u0103turi, \u00een \u00eentregime, nu seam\u0103n\u0103 cu nimic din ceea ce exist\u0103 ast\u0103zi \u00een lume \u0219i reprezint\u0103 un Mesaj Nou pentru Umanitate.","robots":{"index":"index","follow":"follow","max-snippet":"max-snippet:-1","max-image-preview":"max-image-preview:large","max-video-preview":"max-video-preview:-1"},"canonical":"https:\/\/www.alliesofhumanity.org\/ro\/education-and-action\/","og_locale":"ro_RO","og_type":"article","og_title":"Contact extraterestru: Educa\u021bie \u0219i ac\u021biune esen\u021bial\u0103","og_description":"Acest vast corp de \u00cenv\u0103\u021b\u0103turi, \u00een \u00eentregime, nu seam\u0103n\u0103 cu nimic din ceea ce exist\u0103 ast\u0103zi \u00een lume \u0219i reprezint\u0103 un Mesaj Nou pentru Umanitate.","og_url":"https:\/\/www.alliesofhumanity.org\/ro\/education-and-action\/","og_site_name":"The Allies of Humanity","article_publisher":"https:\/\/www.facebook.com\/alliesofhumanity\/","article_modified_time":"2024-03-15T07:35:50+00:00","og_image":[{"width":1200,"height":630,"url":"https:\/\/www.alliesofhumanity.org\/wp-content\/uploads\/2021\/01\/og-socialmedia-aoh.jpg","type":"image\/jpeg"}],"twitter_card":"summary_large_image","twitter_title":"Contact extraterestru: Educa\u021bie \u0219i ac\u021biune esen\u021bial\u0103","twitter_site":"@earthallies","twitter_misc":{"Timp estimat pentru citire":"8 minute"},"schema":{"@context":"https:\/\/schema.org","@graph":[{"@type":"WebPage","@id":"https:\/\/www.alliesofhumanity.org\/ro\/education-and-action\/","url":"https:\/\/www.alliesofhumanity.org\/ro\/education-and-action\/","name":"Contact extraterestru: Educa\u021bie \u0219i ac\u021biune esen\u021bial\u0103","isPartOf":{"@id":"https:\/\/www.alliesofhumanity.org\/ro\/#website"},"datePublished":"2021-08-28T00:50:36+00:00","dateModified":"2024-03-15T07:35:50+00:00","description":"Acest vast corp de \u00cenv\u0103\u021b\u0103turi, \u00een \u00eentregime, nu seam\u0103n\u0103 cu nimic din ceea ce exist\u0103 ast\u0103zi \u00een lume \u0219i reprezint\u0103 un Mesaj Nou pentru Umanitate.","inLanguage":"ro-RO","potentialAction":[{"@type":"ReadAction","target":["https:\/\/www.alliesofhumanity.org\/ro\/education-and-action\/"]}]},{"@type":"WebSite","@id":"https:\/\/www.alliesofhumanity.org\/ro\/#website","url":"https:\/\/www.alliesofhumanity.org\/ro\/","name":"The Allies of Humanity","description":"","potentialAction":[{"@type":"SearchAction","target":{"@type":"EntryPoint","urlTemplate":"https:\/\/www.alliesofhumanity.org\/ro\/?s={search_term_string}"},"query-input":{"@type":"PropertyValueSpecification","valueRequired":true,"valueName":"search_term_string"}}],"inLanguage":"ro-RO"}]}},"_links":{"self":[{"href":"https:\/\/www.alliesofhumanity.org\/ro\/wp-json\/wp\/v2\/pages\/18532","targetHints":{"allow":["GET"]}}],"collection":[{"href":"https:\/\/www.alliesofhumanity.org\/ro\/wp-json\/wp\/v2\/pages"}],"about":[{"href":"https:\/\/www.alliesofhumanity.org\/ro\/wp-json\/wp\/v2\/types\/page"}],"author":[{"embeddable":true,"href":"https:\/\/www.alliesofhumanity.org\/ro\/wp-json\/wp\/v2\/users\/25"}],"replies":[{"embeddable":true,"href":"https:\/\/www.alliesofhumanity.org\/ro\/wp-json\/wp\/v2\/comments?post=18532"}],"version-history":[{"count":4,"href":"https:\/\/www.alliesofhumanity.org\/ro\/wp-json\/wp\/v2\/pages\/18532\/revisions"}],"predecessor-version":[{"id":22244,"href":"https:\/\/www.alliesofhumanity.org\/ro\/wp-json\/wp\/v2\/pages\/18532\/revisions\/22244"}],"wp:attachment":[{"href":"https:\/\/www.alliesofhumanity.org\/ro\/wp-json\/wp\/v2\/media?parent=18532"}],"curies":[{"name":"wp","href":"https:\/\/api.w.org\/{rel}","templated":true}]}}