{"id":18458,"date":"2021-08-28T01:38:35","date_gmt":"2021-08-28T00:38:35","guid":{"rendered":"https:\/\/www.alliesofhumanity.org\/marshall-vian-summers\/"},"modified":"2021-09-10T06:49:49","modified_gmt":"2021-09-10T05:49:49","slug":"marshall-vian-summers","status":"publish","type":"page","link":"https:\/\/www.alliesofhumanity.org\/ro\/marshall-vian-summers\/","title":{"rendered":"Marshall Vian Summers"},"content":{"rendered":"\t\t<div data-elementor-type=\"wp-page\" data-elementor-id=\"18458\" class=\"elementor elementor-18458 elementor-2912\" data-elementor-post-type=\"page\">\t\t\t\t\t\t<section class=\"elementor-section elementor-top-section elementor-element elementor-element-7fac8697 elementor-section-boxed elementor-section-height-default elementor-section-height-default\" data-id=\"7fac8697\" data-element_type=\"section\">\t\t\t\t\t\t<div class=\"elementor-container elementor-column-gap-default\">\t\t\t\t\t<div class=\"elementor-column elementor-col-100 elementor-top-column elementor-element elementor-element-1195357f\" data-id=\"1195357f\" data-element_type=\"column\">\t\t\t<div class=\"elementor-widget-wrap elementor-element-populated\">\t\t\t\t\t\t<div class=\"elementor-element elementor-element-ba0d783 elementor-widget elementor-widget-text-editor\" data-id=\"ba0d783\" data-element_type=\"widget\" data-widget_type=\"text-editor.default\">\t\t\t\t<div class=\"elementor-widget-container\">\t\t\t\t\t\t\t\t\t<h5>Vreme de 25 de ani, am fost cufundat \u00eentr-o experien\u021b\u0103 religioas\u0103. Acest lucru m-a dus la primirea unui volum amplu de scrieri despre natura spiritualit\u0103\u021bii umane \u0219i a destinului uman \u00eentr-un peisaj mai cuprinz\u0103tor al vie\u021bii inteligente din univers.<\/h5><p>Aceste scrieri, cuprinse \u00een \u00eenv\u0103\u021b\u0103tura despre Calea Cunoa\u0219terii din Marea Comunitate, con\u021bin o structur\u0103 teologic\u0103 ce explic\u0103 via\u021ba \u00een Marea Comunitate \u0219i explic\u0103 prezen\u021ba lui Dumnezeu \u00een Marea Comunitate, \u00eentinderea vast\u0103 a spa\u021biului \u0219i a timpului pe care le \u0219tim drept universul nostru.<\/p><p>Cosmologia pe care o primesc con\u021bine multe mesaje, iar unul dintre acestea spune c\u0103 umanitatea \u00ee\u0219i face apari\u021bia \u00eentr-o Comunitate Mare a vie\u021bii inteligente, iar pentru acest proces trebuie s\u0103 ne preg\u0103tim. \u00cen acest mesaj este implicit\u0103 \u00een\u021belegerea faptului c\u0103 umanitatea nu este singur\u0103 \u00een univers, nici m\u0103car singur\u0103 \u00een propria lume, \u0219i c\u0103 \u00een aceast\u0103 Comunitate Mare, umanitatea va avea prieteni, concuren\u021bi \u0219i adversari.<\/p><p>Realitatea aceasta mai cuprinz\u0103toare a fost confirmat\u0103 \u00een mod dramatic de transmiterea brusc\u0103 \u0219i nea\u0219teptat\u0103 a primului set de Inform\u0103ri din partea Alia\u021bilor Umanit\u0103\u021bii \u00een 1997. Cu trei ani \u00eenainte, \u00een 1994, am primit structura teologic\u0103 pentru a \u00een\u021belege Inform\u0103rile Alia\u021bilor \u00een cartea mea Spiritualitatea din Marea Comunitate: O nou\u0103 revela\u021bie. \u00cen acel moment, ca urmare a lucr\u0103rii \u0219i scrierilor mele spirituale, mi-a devenit cunoscut faptul c\u0103 umanitatea are alia\u021bi \u00een univers, care sunt \u00eengrijora\u021bi de bun\u0103starea \u0219i de libertatea rasei noastre din viitor.<\/p><p>\u00cen cadrul cosmologiei cresc\u00e2nde ce mi-a fost dezv\u0103luit\u0103, se afl\u0103 \u00een\u021belegerea faptului c\u0103 \u00een istoria vie\u021bii inteligente din univers, rasele etice \u0219i avansate au obliga\u021bia de a-\u0219i l\u0103sa \u00een\u021belepciunea drept mo\u0219tenire raselor tinere emergente, cum este rasa noastr\u0103, \u0219i c\u0103 aceast\u0103 mo\u0219tenire trebuie l\u0103sat\u0103 f\u0103r\u0103 interven\u021bii directe sau amestecuri \u00een treburile acelei rase tinere. Inten\u021bia aici este de a informa, nu de a interveni. Aceast\u0103 \u201etransmitere a \u00een\u021belepciunii genera\u021biilor viitoare\u201d reprezint\u0103 un cadru etic, \u00eentemeiat cu mult\u0103 vreme \u00een urm\u0103, ce prive\u0219te Contactul cu rasele emergente \u0219i modul \u00een care ar trebui s\u0103 se desf\u0103\u0219oare. Cele dou\u0103 seturi de Inform\u0103ri ale Alia\u021bilor Umanit\u0103\u021bii sunt o dovad\u0103 clar\u0103 a acestui model de Contact etic \u0219i lipsit de interven\u021bii. Acest model ar trebui s\u0103 fie o lumin\u0103 c\u0103l\u0103uzitoare \u0219i un standard pe care ar trebui s\u0103 ne a\u0219tept\u0103m ca alte rase s\u0103-l respecte, \u00een \u00eencercarea lor de a ne contacta sau de a ne vizita lumea. \u00cens\u0103 aceast\u0103 demonstrare a Contactului etic este \u00een profund contrast cu Interven\u021bia ce se desf\u0103\u0219oar\u0103 ast\u0103zi pe p\u0103m\u00e2nt.<\/p><p>Ne mut\u0103m \u00eentr-o pozi\u021bie de vulnerabilitate extrem\u0103. Av\u00e2nd \u00een vedere spectrul epuiz\u0103rii resurselor, al degrad\u0103rii mediului \u0219i al riscului unei fisur\u0103ri \u0219i mai mari a familiei umane, ce cre\u0219te pe zi ce trece, suntem \u021binta perfect\u0103 pentru Interven\u021bie. Tr\u0103im \u00een aparent\u0103 izolare \u00eentr-o lume bogat\u0103 \u0219i pre\u021bioas\u0103, care este c\u0103utat\u0103 de al\u021bii de dincolo de meleagurile noastre. Suntem distra\u0219i \u0219i diviza\u021bi \u0219i nu vedem marele pericol ce intervine la grani\u021bele noastre. Este un fenomen pe care istoria l-a tot repetat \u00een ceea ce prive\u0219te soarta popoarelor native izolate ce se confruntau cu interven\u021bia pentru prima dat\u0103. Nu suntem reali\u0219ti \u00een presupunerile noastre despre puterile \u0219i binefacerea vie\u021bii inteligente din univers. \u00cen plus, abia acum \u00eencepem s\u0103 evalu\u0103m condi\u021bia pe care ne-am creat-o \u00een propria lume.<\/p><p class=\"float-left\"><img decoding=\"async\" src=\"https:\/\/www.alliesofhumanity.org\/wp-content\/uploads\/2020\/06\/mvs-greater-power-decisive-action.jpg\" alt=\"\" \/><\/p><p>Adev\u0103rul nepopular este c\u0103 familia uman\u0103 nu e preg\u0103tit\u0103 pentru o experien\u021b\u0103 direct\u0103 a Contactului \u0219i nicidecum preg\u0103tit\u0103 pentru o interven\u021bie. Trebuie s\u0103 ne punem casa \u00een ordine mai \u00eent\u00e2i. \u00cenc\u0103 nu avem la nivel de specie maturitatea de a interac\u021biona cu alte rase din Marea Comunitate din pozi\u021bie de unitate, t\u0103rie \u0219i discern\u0103m\u00e2nt. Iar p\u00e2n\u0103 nu ajungem \u00eentr-o astfel de pozi\u021bie, dac\u0103 vom putea vreodat\u0103, nicio ras\u0103 nu ar trebui s\u0103 \u00eencerce s\u0103 intervin\u0103 \u00een mod direct \u00een lumea noastr\u0103. Alia\u021bii ne ofer\u0103 \u00een\u021belepciunea \u0219i perspectiva de care avem mare nevoie, \u00eens\u0103 ei nu intervin. Ei ne spun c\u0103 soarta noastr\u0103 este, \u0219i ar trebui s\u0103 fie, \u00een m\u00e2inile noastre. \u00cen univers, a\u0219a arat\u0103 povara libert\u0103\u021bii.<\/p><p>Cu toate acestea, indiferent c\u0103 nu suntem preg\u0103ti\u021bi, Interven\u021bia se desf\u0103\u0219oar\u0103. Umanitatea trebuie s\u0103 se preg\u0103teasc\u0103 acum pentru aceast\u0103 Interven\u021bie, pragul cu cele mai mari consecin\u021be din istoria uman\u0103. Suntem chiar \u00een centrul acestui fenomen, nu doar martori \u00eent\u00e2mpl\u0103tori. Are loc fie c\u0103 suntem con\u0219tien\u021bi de el, fie c\u0103 nu. Are puterea s\u0103-i schimbe umanit\u0103\u021bii rezultatul. De asemenea, \u021bine de ceea ce suntem \u0219i de motivul pentru care suntem aici pe p\u0103m\u00e2nt \u00een acest moment.<\/p><p>Calea Cunoa\u0219terii din Marea Comunitate a fost d\u0103ruit\u0103 pentru a oferi at\u00e2t \u00eenv\u0103\u021b\u0103tura, c\u00e2t \u0219i preg\u0103tirea de care avem acum nevoie pentru a \u00eenfrunta acest prag major, pentru a re\u00eennoi spiritul uman \u0219i pentru a pune bazele unei direc\u021bii noi pentru familia uman\u0103. Calea confirm\u0103 nevoia urgent\u0103 pentru unitate \u0219i cooperare uman\u0103; \u00eent\u00e2ietatea Cunoa\u0219terii, inteligen\u021ba noastr\u0103 spiritual\u0103; \u0219i responsabilit\u0103\u021bile mai mari pe care trebuie s\u0103 ni le asum\u0103m acum, afl\u00e2ndu-ne \u00een pragul cosmosului. Reprezint\u0103 un Mesaj Nou de la Creatorul vie\u021bii.<\/p><p>Misiunea mea este s\u0103 aduc aceast\u0103 cosmologie \u0219i preg\u0103tire superioar\u0103 pe p\u0103m\u00e2nt \u0219i, al\u0103turi de ea, o speran\u021b\u0103 \u0219i perspectiv\u0103 nou\u0103 pentru o ras\u0103 uman\u0103 ce se confrunt\u0103 cu probleme. Preg\u0103tirea mea lung\u0103 \u0219i \u00eenv\u0103\u021b\u0103tura imens\u0103 despre Calea Cunoa\u0219terii din Marea Comunitate sunt aici cu acest scop. Inform\u0103rile Alia\u021bilor Umanit\u0103\u021bii reprezint\u0103 doar o mic\u0103 parte din acest mesaj amplu. E momentul s\u0103 punem cap\u0103t conflictelor noastre ne\u00eencetate \u0219i s\u0103 ne preg\u0103tim pentru via\u021b\u0103 \u00een Marea Comunitate. Pentru a face asta, avem nevoie de o \u00een\u021belegere nou\u0103 despre noi ca unic popor \u2013 poporul nativ al acestei lumi, n\u0103scut dintr-o unic\u0103 spiritualitate \u2013 \u0219i despre pozi\u021bia noastr\u0103 vulnerabil\u0103 ca ras\u0103 t\u00e2n\u0103r\u0103 \u0219i emergent\u0103 \u00een univers. Iat\u0103 mesajul meu pentru umanitate \u0219i motivul pentru care am venit.<\/p><p class=\"image-quote float-right\"><img decoding=\"async\" src=\"https:\/\/www.alliesofhumanity.org\/wp-content\/uploads\/2020\/12\/quote-mvs.png\" alt=\"\" \/><\/p><blockquote id=\"quote-3\" class=\"text-quote float-right bg-gray\">Ne mut\u0103m \u00eentr-o pozi\u021bie de vulnerabilitate extrem\u0103. Av\u00e2nd \u00een vedere spectrul epuiz\u0103rii resurselor, al degrad\u0103rii mediului \u0219i al riscului unei fisur\u0103ri \u0219i mai mari a familiei umane, ce cre\u0219te pe zi ce trece, suntem \u021binta perfect\u0103 pentru Interven\u021bie. <\/blockquote><p>MARSHALL VIAN SUMMERS<br \/>2008<\/p>\t\t\t\t\t\t\t\t<\/div>\t\t\t\t<\/div>\t\t\t\t\t<\/div>\t\t<\/div>\t\t\t\t\t<\/div>\t\t<\/section>\t\t\t\t<\/div><p>\t\t<\/p>","protected":false},"excerpt":{"rendered":"<p>Vreme de 25 de ani, am fost cufundat \u00eentr-o experien\u021b\u0103 religioas\u0103. Acest lucru m-a dus la primirea unui volum amplu de scrieri despre natura spiritualit\u0103\u021bii umane \u0219i a destinului uman \u00eentr-un peisaj mai cuprinz\u0103tor al vie\u021bii inteligente din univers. Aceste scrieri, cuprinse \u00een \u00eenv\u0103\u021b\u0103tura despre Calea Cunoa\u0219terii din Marea Comunitate, con\u021bin o structur\u0103 teologic\u0103 ce [&hellip;]<\/p>\n","protected":false},"author":2,"featured_media":0,"parent":0,"menu_order":4,"comment_status":"closed","ping_status":"closed","template":"page.php","meta":{"_acf_changed":false,"footnotes":""},"class_list":["post-18458","page","type-page","status-publish","hentry"],"acf":[],"yoast_head":"<!-- This site is optimized with the Yoast SEO plugin v26.5 - https:\/\/yoast.com\/wordpress\/plugins\/seo\/ -->\n<title>Marshall Vian Summers | Briefingurile Alia\u021bilor Umanit\u0103\u021bii<\/title>\n<meta name=\"description\" content=\"Marshall Vian Summers a primit un vast corpus de scrieri despre realitatea contactului extraterestru, despre spiritualitate \u0219i despre destinul uman.\" \/>\n<meta name=\"robots\" content=\"index, follow, max-snippet:-1, max-image-preview:large, max-video-preview:-1\" \/>\n<link rel=\"canonical\" href=\"https:\/\/www.alliesofhumanity.org\/ro\/marshall-vian-summers\/\" \/>\n<meta property=\"og:locale\" content=\"ro_RO\" \/>\n<meta property=\"og:type\" content=\"article\" \/>\n<meta property=\"og:title\" content=\"Marshall Vian Summers | Briefingurile Alia\u021bilor Umanit\u0103\u021bii\" \/>\n<meta property=\"og:description\" content=\"Marshall Vian Summers a primit un vast corpus de scrieri despre realitatea contactului extraterestru, despre spiritualitate \u0219i despre destinul uman.\" \/>\n<meta property=\"og:url\" content=\"https:\/\/www.alliesofhumanity.org\/ro\/marshall-vian-summers\/\" \/>\n<meta property=\"og:site_name\" content=\"The Allies of Humanity\" \/>\n<meta property=\"article:publisher\" content=\"https:\/\/www.facebook.com\/alliesofhumanity\/\" \/>\n<meta property=\"article:modified_time\" content=\"2021-09-10T05:49:49+00:00\" \/>\n<meta property=\"og:image\" content=\"https:\/\/www.alliesofhumanity.org\/wp-content\/uploads\/2021\/01\/og-socialmedia-aoh.jpg\" \/>\n\t<meta property=\"og:image:width\" content=\"1200\" \/>\n\t<meta property=\"og:image:height\" content=\"630\" \/>\n\t<meta property=\"og:image:type\" content=\"image\/jpeg\" \/>\n<meta name=\"twitter:card\" content=\"summary_large_image\" \/>\n<meta name=\"twitter:title\" content=\"Marshall Vian Summers | Briefingurile Alia\u021bilor Umanit\u0103\u021bii\" \/>\n<meta name=\"twitter:site\" content=\"@earthallies\" \/>\n<meta name=\"twitter:label1\" content=\"Timp estimat pentru citire\" \/>\n\t<meta name=\"twitter:data1\" content=\"5 minute\" \/>\n<script type=\"application\/ld+json\" class=\"yoast-schema-graph\">{\"@context\":\"https:\/\/schema.org\",\"@graph\":[{\"@type\":\"WebPage\",\"@id\":\"https:\/\/www.alliesofhumanity.org\/ro\/marshall-vian-summers\/\",\"url\":\"https:\/\/www.alliesofhumanity.org\/ro\/marshall-vian-summers\/\",\"name\":\"Marshall Vian Summers | Briefingurile Alia\u021bilor Umanit\u0103\u021bii\",\"isPartOf\":{\"@id\":\"https:\/\/www.alliesofhumanity.org\/ro\/#website\"},\"datePublished\":\"2021-08-28T00:38:35+00:00\",\"dateModified\":\"2021-09-10T05:49:49+00:00\",\"description\":\"Marshall Vian Summers a primit un vast corpus de scrieri despre realitatea contactului extraterestru, despre spiritualitate \u0219i despre destinul uman.\",\"inLanguage\":\"ro-RO\",\"potentialAction\":[{\"@type\":\"ReadAction\",\"target\":[\"https:\/\/www.alliesofhumanity.org\/ro\/marshall-vian-summers\/\"]}]},{\"@type\":\"WebSite\",\"@id\":\"https:\/\/www.alliesofhumanity.org\/ro\/#website\",\"url\":\"https:\/\/www.alliesofhumanity.org\/ro\/\",\"name\":\"The Allies of Humanity\",\"description\":\"\",\"potentialAction\":[{\"@type\":\"SearchAction\",\"target\":{\"@type\":\"EntryPoint\",\"urlTemplate\":\"https:\/\/www.alliesofhumanity.org\/ro\/?s={search_term_string}\"},\"query-input\":{\"@type\":\"PropertyValueSpecification\",\"valueRequired\":true,\"valueName\":\"search_term_string\"}}],\"inLanguage\":\"ro-RO\"}]}<\/script>\n<!-- \/ Yoast SEO plugin. -->","yoast_head_json":{"title":"Marshall Vian Summers | Briefingurile Alia\u021bilor Umanit\u0103\u021bii","description":"Marshall Vian Summers a primit un vast corpus de scrieri despre realitatea contactului extraterestru, despre spiritualitate \u0219i despre destinul uman.","robots":{"index":"index","follow":"follow","max-snippet":"max-snippet:-1","max-image-preview":"max-image-preview:large","max-video-preview":"max-video-preview:-1"},"canonical":"https:\/\/www.alliesofhumanity.org\/ro\/marshall-vian-summers\/","og_locale":"ro_RO","og_type":"article","og_title":"Marshall Vian Summers | Briefingurile Alia\u021bilor Umanit\u0103\u021bii","og_description":"Marshall Vian Summers a primit un vast corpus de scrieri despre realitatea contactului extraterestru, despre spiritualitate \u0219i despre destinul uman.","og_url":"https:\/\/www.alliesofhumanity.org\/ro\/marshall-vian-summers\/","og_site_name":"The Allies of Humanity","article_publisher":"https:\/\/www.facebook.com\/alliesofhumanity\/","article_modified_time":"2021-09-10T05:49:49+00:00","og_image":[{"width":1200,"height":630,"url":"https:\/\/www.alliesofhumanity.org\/wp-content\/uploads\/2021\/01\/og-socialmedia-aoh.jpg","type":"image\/jpeg"}],"twitter_card":"summary_large_image","twitter_title":"Marshall Vian Summers | Briefingurile Alia\u021bilor Umanit\u0103\u021bii","twitter_site":"@earthallies","twitter_misc":{"Timp estimat pentru citire":"5 minute"},"schema":{"@context":"https:\/\/schema.org","@graph":[{"@type":"WebPage","@id":"https:\/\/www.alliesofhumanity.org\/ro\/marshall-vian-summers\/","url":"https:\/\/www.alliesofhumanity.org\/ro\/marshall-vian-summers\/","name":"Marshall Vian Summers | Briefingurile Alia\u021bilor Umanit\u0103\u021bii","isPartOf":{"@id":"https:\/\/www.alliesofhumanity.org\/ro\/#website"},"datePublished":"2021-08-28T00:38:35+00:00","dateModified":"2021-09-10T05:49:49+00:00","description":"Marshall Vian Summers a primit un vast corpus de scrieri despre realitatea contactului extraterestru, despre spiritualitate \u0219i despre destinul uman.","inLanguage":"ro-RO","potentialAction":[{"@type":"ReadAction","target":["https:\/\/www.alliesofhumanity.org\/ro\/marshall-vian-summers\/"]}]},{"@type":"WebSite","@id":"https:\/\/www.alliesofhumanity.org\/ro\/#website","url":"https:\/\/www.alliesofhumanity.org\/ro\/","name":"The Allies of Humanity","description":"","potentialAction":[{"@type":"SearchAction","target":{"@type":"EntryPoint","urlTemplate":"https:\/\/www.alliesofhumanity.org\/ro\/?s={search_term_string}"},"query-input":{"@type":"PropertyValueSpecification","valueRequired":true,"valueName":"search_term_string"}}],"inLanguage":"ro-RO"}]}},"_links":{"self":[{"href":"https:\/\/www.alliesofhumanity.org\/ro\/wp-json\/wp\/v2\/pages\/18458","targetHints":{"allow":["GET"]}}],"collection":[{"href":"https:\/\/www.alliesofhumanity.org\/ro\/wp-json\/wp\/v2\/pages"}],"about":[{"href":"https:\/\/www.alliesofhumanity.org\/ro\/wp-json\/wp\/v2\/types\/page"}],"author":[{"embeddable":true,"href":"https:\/\/www.alliesofhumanity.org\/ro\/wp-json\/wp\/v2\/users\/2"}],"replies":[{"embeddable":true,"href":"https:\/\/www.alliesofhumanity.org\/ro\/wp-json\/wp\/v2\/comments?post=18458"}],"version-history":[{"count":3,"href":"https:\/\/www.alliesofhumanity.org\/ro\/wp-json\/wp\/v2\/pages\/18458\/revisions"}],"predecessor-version":[{"id":19211,"href":"https:\/\/www.alliesofhumanity.org\/ro\/wp-json\/wp\/v2\/pages\/18458\/revisions\/19211"}],"wp:attachment":[{"href":"https:\/\/www.alliesofhumanity.org\/ro\/wp-json\/wp\/v2\/media?parent=18458"}],"curies":[{"name":"wp","href":"https:\/\/api.w.org\/{rel}","templated":true}]}}