{"id":18447,"date":"2021-08-26T20:34:39","date_gmt":"2021-08-26T19:34:39","guid":{"rendered":"https:\/\/www.alliesofhumanity.org\/the-briefings\/book-one\/final-words\/"},"modified":"2024-03-14T09:47:27","modified_gmt":"2024-03-14T08:47:27","slug":"final-words","status":"publish","type":"page","link":"https:\/\/www.alliesofhumanity.org\/ro\/the-briefings\/book-one\/final-words\/","title":{"rendered":"CUVINTE FINALE"},"content":{"rendered":"\t\t<div data-elementor-type=\"wp-page\" data-elementor-id=\"18447\" class=\"elementor elementor-18447 elementor-2181\" data-elementor-post-type=\"page\">\t\t\t\t\t\t<section class=\"elementor-section elementor-top-section elementor-element elementor-element-54dadb56 elementor-section-boxed elementor-section-height-default elementor-section-height-default\" data-id=\"54dadb56\" data-element_type=\"section\">\t\t\t\t\t\t<div class=\"elementor-container elementor-column-gap-default\">\t\t\t\t\t<div class=\"elementor-column elementor-col-100 elementor-top-column elementor-element elementor-element-31c5ce98\" data-id=\"31c5ce98\" data-element_type=\"column\">\t\t\t<div class=\"elementor-widget-wrap elementor-element-populated\">\t\t\t\t\t\t<div class=\"elementor-element elementor-element-7d4c35aa elementor-widget elementor-widget-text-editor\" data-id=\"7d4c35aa\" data-element_type=\"widget\" data-widget_type=\"text-editor.default\">\t\t\t\t<div class=\"elementor-widget-container\">\t\t\t\t\t\t\t\t\t<h1 style=\"text-align: center;\">Etica privind Contactul<\/h1>\rLa fiecare pas, alia\u021bii ne \u00eencurajeaz\u0103 s\u0103 ne asum\u0103m un rol activ \u00een a distinge \u0219i a ne opune Interven\u021biei extraterestre ce se desf\u0103\u0219oar\u0103 \u00een lumea noastr\u0103 la ora actual\u0103. Acest lucru include sesizarea drepturilor \u0219i a priorit\u0103\u021bilor noastre ca popor nativ al acestei lumi \u0219i crearea propriilor noastre Reguli de Angajare \u00een privin\u021ba tuturor contactelor prezente \u0219i viitoare cu alte rase de fiin\u021be.\r\rDac\u0103 privim lumea natural\u0103 \u0219i trecutul istoriei umane, ni se demonstreaz\u0103 din plin lec\u021biile interven\u021biei: faptul c\u0103 rivalitatea pentru resurse reprezint\u0103 o parte integral\u0103 din natur\u0103, faptul c\u0103 interven\u021bia unei culturi asupra alteia e mereu s\u0103v\u00e2r\u0219it\u0103 \u00een interes propriu \u0219i are un impact distructiv asupra culturii \u0219i libert\u0103\u021bii popoarelor care sunt descoperite \u0219i faptul c\u0103 cei puternici \u00eei domin\u0103 \u00eentotdeauna pe cei slabi, dac\u0103 pot.\r<p>\r<\/p><p>De\u0219i ne putem imagina c\u0103 acele rase extraterestre ce ne viziteaz\u0103 lumea pot fi o abatere de la regul\u0103, o astfel de excep\u021bie ar trebui dovedit\u0103 f\u0103r\u0103 urm\u0103 de \u00eendoial\u0103 prin a-i oferi umanit\u0103\u021bii dreptul de a evalua orice propunere \u00een vederea vizitei. Acest lucru nu s-a \u00eent\u00e2mplat absolut deloc. \u00cen schimb, \u00een experien\u021ba umanit\u0103\u021bii de p\u00e2n\u0103 acum privind Contactul, ne-au fost eludate autoritatea \u0219i drepturile de proprietate ca popor nativ al acestei planete. \u201eVizitatorii\u201d \u0219i-au urm\u0103rit propria agend\u0103, f\u0103r\u0103 a se g\u00e2ndi la acordul umanit\u0103\u021bii sau la participarea sa informat\u0103.\r<\/p><p>\r<\/p><p>A\u0219a cum Inform\u0103rile Alia\u021bilor \u0219i majoritatea cercet\u0103rilor privind OZN-urile\/extratere\u0219trii ne indic\u0103 \u00een mod clar, contactul de natur\u0103 etic\u0103 nu are loc. De\u0219i poate fi potrivit ca o ras\u0103 str\u0103in\u0103 s\u0103 ne ofere experien\u021ba \u0219i \u00een\u021belepciunea lor de la dep\u0103rtare, a\u0219a cum au f\u0103cut alia\u021bii, nu este potrivit ca o ras\u0103 s\u0103 vin\u0103 aici neinvitat\u0103 \u0219i s\u0103 \u00eencerce s\u0103 intervin\u0103 \u00een treburile umane, chiar \u0219i sub pretextul c\u0103 ne-ar ajuta. Av\u00e2nd \u00een vedere nivelul de dezvoltare al umanit\u0103\u021bii \u00een acest moment ca ras\u0103 t\u00e2n\u0103r\u0103, nu este etic s\u0103 faci lucrul acesta.\r<\/p><p>\r<\/p><p>Umanitatea nu a avut \u0219ansa de a-\u0219i crea propriile Reguli de Angajare sau de a-\u0219i stabili grani\u021bele pe care fiecare ras\u0103 nativ\u0103 trebuie s\u0103 \u0219i le stabileasc\u0103 pentru propria siguran\u021b\u0103 \u0219i securitate. Asta ar contribui la promovarea unit\u0103\u021bii \u0219i a cooper\u0103rii umane, pentru c\u0103 am fi nevoi\u021bi s\u0103 ne unim eforturile ca s\u0103 realiz\u0103m acest lucru. Aceast\u0103 ac\u021biune ar impune con\u0219tientizarea faptului c\u0103 suntem un singur popor ce \u00eemp\u0103rt\u0103\u0219e\u0219te o singur\u0103 planet\u0103, a faptului c\u0103 nu suntem singuri \u00een univers \u0219i a faptului c\u0103 grani\u021bele noastre c\u0103tre spa\u021biu trebuie stabilite \u0219i protejate. \u00cen mod tragic, acest proces necesar de dezvoltare este eludat acum.\r<\/p><p>\r<\/p><p>Inform\u0103rile Alia\u021bilor au fost trimise cu scopul de a \u00eencuraja preg\u0103tirea umanit\u0103\u021bii pentru realit\u0103\u021bile vie\u021bii din Marea Comunitate. Mai mult dec\u00e2t at\u00e2t, mesajul alia\u021bilor demonstreaz\u0103 ce \u00eenseamn\u0103 contactul etic cu adev\u0103rat. Ei p\u0103streaz\u0103 o abordare distant\u0103, respect\u00e2ndu-ne abilit\u0103\u021bile \u0219i autoritatea nativ\u0103, iar \u00een acela\u0219i timp \u00eencuraj\u00e2nd libertatea \u0219i unitatea de care familia uman\u0103 va avea nevoie pentru a ne croi drum prin viitorul nostru \u00een Marea Comunitate. Cu toate c\u0103 mul\u021bi oameni se \u00eendoiesc ast\u0103zi de faptul c\u0103 umanitatea are puterea \u0219i integritatea de a-\u0219i satisface propriile necesit\u0103\u021bi \u0219i de a face fa\u021b\u0103 propriilor provoc\u0103ri \u00een viitor, alia\u021bii ne asigur\u0103 c\u0103 aceast\u0103 putere, puterea spiritual\u0103 a Cunoa\u0219terii, tr\u0103ie\u0219te \u00een noi to\u021bi \u0219i c\u0103 trebuie s\u0103 o folosim \u00een nume propriu.\r<\/p><p>\r<\/p><p>Preg\u0103tirea pentru apari\u021bia umanit\u0103\u021bii \u00een Marea Comunitate a fost d\u0103ruit\u0103. Cele trei volume de Inform\u0103ri din partea Alia\u021bilor Umanit\u0103\u021bii \u0219i c\u0103r\u021bile privind Calea Cunoa\u0219terii din Marea Comunitate sunt disponibile \u00een englez\u0103 pentru cititorii de pretutindeni pe www.v1.alliesofhumanity.org \u0219i pe www.newmessage.org. Traducerile \u00een limba rom\u00e2n\u0103 se g\u0103sesc pe www.alliesofhumanity.org\/ro \u0219i pe www.newmessage.org\/ro. \u00cempreun\u0103, ele ofer\u0103 mijloacele pentru a contracara Interven\u021bia \u0219i pentru a ne \u00eenfrunta viitorul \u00eentr-o lume ce se schimb\u0103, o lume care se afl\u0103 \u00een pragul cosmosului. Aceasta este singura preg\u0103tire de-o a\u0219a natur\u0103 de pe p\u0103m\u00e2nt la ora actual\u0103. Este \u00eens\u0103\u0219i preg\u0103tirea pe care alia\u021bii ne-o cer at\u00e2t de urgent.\r<\/p><p>\r<\/p>Ca r\u0103spuns la Inform\u0103rile Alia\u021bilor, un grup de cititori dedica\u021bi a creat un document intitulat Declara\u021bia suveranit\u0103\u021bii umane. Modelat\u0103 dup\u0103 Declara\u021bia de independen\u021b\u0103 a Statelor Unite, Declara\u021bia suveranit\u0103\u021bii umane are ca scop s\u0103 pun\u0103 bazele Eticii privind Contactul \u0219i Regulile de angajare de care noi, fiind popoarele native ale planetei, avem neap\u0103rat nevoie \u00een acest moment pentru a p\u0103stra libertatea \u0219i suveranitatea uman\u0103. Ca popor indigen al acestei lumi, avem dreptul \u0219i responsabilitatea de a hot\u0103r\u00ee c\u00e2nd \u0219i cum va avea loc vizita \u0219i cine poate intra \u00een lumea noastr\u0103. Trebuie s\u0103 facem cunoscut tuturor popoarelor \u0219i grupurilor din univers care sunt con\u0219tien\u021bi de existen\u021ba noastr\u0103, faptul c\u0103 suntem autodetermina\u021bi \u0219i c\u0103 inten\u021bion\u0103m s\u0103 ne exercit\u0103m drepturile \u0219i responsabilit\u0103\u021bile ca ras\u0103 emergent\u0103 de popoare libere \u00een Marea Comunitate. Declara\u021bia suveranit\u0103\u021bii umane este un \u00eenceput \u0219i poate fi citit\u0103 pe internet la adresa www.humansovereignty.org\/romanian-declaration.\t\t\t\t\t\t\t\t<\/div>\t\t\t\t<\/div>\t\t\t\t\t<\/div>\t\t<\/div>\t\t\t\t\t<\/div>\t\t<\/section>\t\t\t\t<\/div><p>\t\t<\/p>","protected":false},"excerpt":{"rendered":"<p>Etica privind Contactul La fiecare pas, alia\u021bii ne \u00eencurajeaz\u0103 s\u0103 ne asum\u0103m un rol activ \u00een a distinge \u0219i a ne opune Interven\u021biei extraterestre ce se desf\u0103\u0219oar\u0103 \u00een lumea noastr\u0103 la ora actual\u0103. Acest lucru include sesizarea drepturilor \u0219i a priorit\u0103\u021bilor noastre ca popor nativ al acestei lumi \u0219i crearea propriilor noastre Reguli de Angajare [&hellip;]<\/p>\n","protected":false},"author":23,"featured_media":0,"parent":18430,"menu_order":7,"comment_status":"closed","ping_status":"closed","template":"page.php","meta":{"_acf_changed":false,"footnotes":""},"class_list":["post-18447","page","type-page","status-publish","hentry"],"acf":[],"yoast_head":"<!-- This site is optimized with the Yoast SEO plugin v26.5 - https:\/\/yoast.com\/wordpress\/plugins\/seo\/ -->\n<title>Briefingurile Alia\u021bilor Umanit\u0103\u021bii, Cartea \u00eent\u00e2i: Cuvinte Finale<\/title>\n<meta name=\"description\" content=\"Omenirea se afl\u0103 la un nou \u00eenceput. Ea se confrunt\u0103 cu o situa\u021bie grav\u0103. Contactul ET este \u00een curs de desf\u0103\u0219urare. Nevoile, provoc\u0103rile \u0219i oportunit\u0103\u021bile sunt mari\" \/>\n<meta name=\"robots\" content=\"index, follow, max-snippet:-1, max-image-preview:large, max-video-preview:-1\" \/>\n<link rel=\"canonical\" href=\"https:\/\/www.alliesofhumanity.org\/ro\/the-briefings\/book-one\/final-words\/\" \/>\n<meta property=\"og:locale\" content=\"ro_RO\" \/>\n<meta property=\"og:type\" content=\"article\" \/>\n<meta property=\"og:title\" content=\"Briefingurile Alia\u021bilor Umanit\u0103\u021bii, Cartea \u00eent\u00e2i: Cuvinte Finale\" \/>\n<meta property=\"og:description\" content=\"Omenirea se afl\u0103 la un nou \u00eenceput. Ea se confrunt\u0103 cu o situa\u021bie grav\u0103. Contactul ET este \u00een curs de desf\u0103\u0219urare. Nevoile, provoc\u0103rile \u0219i oportunit\u0103\u021bile sunt mari\" \/>\n<meta property=\"og:url\" content=\"https:\/\/www.alliesofhumanity.org\/ro\/the-briefings\/book-one\/final-words\/\" \/>\n<meta property=\"og:site_name\" content=\"The Allies of Humanity\" \/>\n<meta property=\"article:publisher\" content=\"https:\/\/www.facebook.com\/alliesofhumanity\/\" \/>\n<meta property=\"article:modified_time\" content=\"2024-03-14T08:47:27+00:00\" \/>\n<meta property=\"og:image\" content=\"https:\/\/www.alliesofhumanity.org\/wp-content\/uploads\/2021\/01\/og-socialmedia-aoh.jpg\" \/>\n\t<meta property=\"og:image:width\" content=\"1200\" \/>\n\t<meta property=\"og:image:height\" content=\"630\" \/>\n\t<meta property=\"og:image:type\" content=\"image\/jpeg\" \/>\n<meta name=\"twitter:card\" content=\"summary_large_image\" \/>\n<meta name=\"twitter:title\" content=\"Briefingurile Alia\u021bilor Umanit\u0103\u021bii, Cartea \u00eent\u00e2i: Cuvinte Finale\" \/>\n<meta name=\"twitter:site\" content=\"@earthallies\" \/>\n<meta name=\"twitter:label1\" content=\"Timp estimat pentru citire\" \/>\n\t<meta name=\"twitter:data1\" content=\"5 minute\" \/>\n<script type=\"application\/ld+json\" class=\"yoast-schema-graph\">{\"@context\":\"https:\/\/schema.org\",\"@graph\":[{\"@type\":\"WebPage\",\"@id\":\"https:\/\/www.alliesofhumanity.org\/ro\/the-briefings\/book-one\/final-words\/\",\"url\":\"https:\/\/www.alliesofhumanity.org\/ro\/the-briefings\/book-one\/final-words\/\",\"name\":\"Briefingurile Alia\u021bilor Umanit\u0103\u021bii, Cartea \u00eent\u00e2i: Cuvinte Finale\",\"isPartOf\":{\"@id\":\"https:\/\/www.alliesofhumanity.org\/ro\/#website\"},\"datePublished\":\"2021-08-26T19:34:39+00:00\",\"dateModified\":\"2024-03-14T08:47:27+00:00\",\"description\":\"Omenirea se afl\u0103 la un nou \u00eenceput. Ea se confrunt\u0103 cu o situa\u021bie grav\u0103. Contactul ET este \u00een curs de desf\u0103\u0219urare. Nevoile, provoc\u0103rile \u0219i oportunit\u0103\u021bile sunt mari\",\"breadcrumb\":{\"@id\":\"https:\/\/www.alliesofhumanity.org\/ro\/the-briefings\/book-one\/final-words\/#breadcrumb\"},\"inLanguage\":\"ro-RO\",\"potentialAction\":[{\"@type\":\"ReadAction\",\"target\":[\"https:\/\/www.alliesofhumanity.org\/ro\/the-briefings\/book-one\/final-words\/\"]}]},{\"@type\":\"BreadcrumbList\",\"@id\":\"https:\/\/www.alliesofhumanity.org\/ro\/the-briefings\/book-one\/final-words\/#breadcrumb\",\"itemListElement\":[{\"@type\":\"ListItem\",\"position\":1,\"name\":\"Briefingurile\",\"item\":\"https:\/\/www.alliesofhumanity.org\/ro\/the-briefings\/\"},{\"@type\":\"ListItem\",\"position\":2,\"name\":\"Cartea \u00eent\u00e2i\",\"item\":\"https:\/\/www.alliesofhumanity.org\/ro\/the-briefings\/book-one\/\"},{\"@type\":\"ListItem\",\"position\":3,\"name\":\"CUVINTE FINALE\"}]},{\"@type\":\"WebSite\",\"@id\":\"https:\/\/www.alliesofhumanity.org\/ro\/#website\",\"url\":\"https:\/\/www.alliesofhumanity.org\/ro\/\",\"name\":\"The Allies of Humanity\",\"description\":\"\",\"potentialAction\":[{\"@type\":\"SearchAction\",\"target\":{\"@type\":\"EntryPoint\",\"urlTemplate\":\"https:\/\/www.alliesofhumanity.org\/ro\/?s={search_term_string}\"},\"query-input\":{\"@type\":\"PropertyValueSpecification\",\"valueRequired\":true,\"valueName\":\"search_term_string\"}}],\"inLanguage\":\"ro-RO\"}]}<\/script>\n<!-- \/ Yoast SEO plugin. -->","yoast_head_json":{"title":"Briefingurile Alia\u021bilor Umanit\u0103\u021bii, Cartea \u00eent\u00e2i: Cuvinte Finale","description":"Omenirea se afl\u0103 la un nou \u00eenceput. Ea se confrunt\u0103 cu o situa\u021bie grav\u0103. Contactul ET este \u00een curs de desf\u0103\u0219urare. Nevoile, provoc\u0103rile \u0219i oportunit\u0103\u021bile sunt mari","robots":{"index":"index","follow":"follow","max-snippet":"max-snippet:-1","max-image-preview":"max-image-preview:large","max-video-preview":"max-video-preview:-1"},"canonical":"https:\/\/www.alliesofhumanity.org\/ro\/the-briefings\/book-one\/final-words\/","og_locale":"ro_RO","og_type":"article","og_title":"Briefingurile Alia\u021bilor Umanit\u0103\u021bii, Cartea \u00eent\u00e2i: Cuvinte Finale","og_description":"Omenirea se afl\u0103 la un nou \u00eenceput. Ea se confrunt\u0103 cu o situa\u021bie grav\u0103. Contactul ET este \u00een curs de desf\u0103\u0219urare. Nevoile, provoc\u0103rile \u0219i oportunit\u0103\u021bile sunt mari","og_url":"https:\/\/www.alliesofhumanity.org\/ro\/the-briefings\/book-one\/final-words\/","og_site_name":"The Allies of Humanity","article_publisher":"https:\/\/www.facebook.com\/alliesofhumanity\/","article_modified_time":"2024-03-14T08:47:27+00:00","og_image":[{"width":1200,"height":630,"url":"https:\/\/www.alliesofhumanity.org\/wp-content\/uploads\/2021\/01\/og-socialmedia-aoh.jpg","type":"image\/jpeg"}],"twitter_card":"summary_large_image","twitter_title":"Briefingurile Alia\u021bilor Umanit\u0103\u021bii, Cartea \u00eent\u00e2i: Cuvinte Finale","twitter_site":"@earthallies","twitter_misc":{"Timp estimat pentru citire":"5 minute"},"schema":{"@context":"https:\/\/schema.org","@graph":[{"@type":"WebPage","@id":"https:\/\/www.alliesofhumanity.org\/ro\/the-briefings\/book-one\/final-words\/","url":"https:\/\/www.alliesofhumanity.org\/ro\/the-briefings\/book-one\/final-words\/","name":"Briefingurile Alia\u021bilor Umanit\u0103\u021bii, Cartea \u00eent\u00e2i: Cuvinte Finale","isPartOf":{"@id":"https:\/\/www.alliesofhumanity.org\/ro\/#website"},"datePublished":"2021-08-26T19:34:39+00:00","dateModified":"2024-03-14T08:47:27+00:00","description":"Omenirea se afl\u0103 la un nou \u00eenceput. Ea se confrunt\u0103 cu o situa\u021bie grav\u0103. Contactul ET este \u00een curs de desf\u0103\u0219urare. Nevoile, provoc\u0103rile \u0219i oportunit\u0103\u021bile sunt mari","breadcrumb":{"@id":"https:\/\/www.alliesofhumanity.org\/ro\/the-briefings\/book-one\/final-words\/#breadcrumb"},"inLanguage":"ro-RO","potentialAction":[{"@type":"ReadAction","target":["https:\/\/www.alliesofhumanity.org\/ro\/the-briefings\/book-one\/final-words\/"]}]},{"@type":"BreadcrumbList","@id":"https:\/\/www.alliesofhumanity.org\/ro\/the-briefings\/book-one\/final-words\/#breadcrumb","itemListElement":[{"@type":"ListItem","position":1,"name":"Briefingurile","item":"https:\/\/www.alliesofhumanity.org\/ro\/the-briefings\/"},{"@type":"ListItem","position":2,"name":"Cartea \u00eent\u00e2i","item":"https:\/\/www.alliesofhumanity.org\/ro\/the-briefings\/book-one\/"},{"@type":"ListItem","position":3,"name":"CUVINTE FINALE"}]},{"@type":"WebSite","@id":"https:\/\/www.alliesofhumanity.org\/ro\/#website","url":"https:\/\/www.alliesofhumanity.org\/ro\/","name":"The Allies of Humanity","description":"","potentialAction":[{"@type":"SearchAction","target":{"@type":"EntryPoint","urlTemplate":"https:\/\/www.alliesofhumanity.org\/ro\/?s={search_term_string}"},"query-input":{"@type":"PropertyValueSpecification","valueRequired":true,"valueName":"search_term_string"}}],"inLanguage":"ro-RO"}]}},"_links":{"self":[{"href":"https:\/\/www.alliesofhumanity.org\/ro\/wp-json\/wp\/v2\/pages\/18447","targetHints":{"allow":["GET"]}}],"collection":[{"href":"https:\/\/www.alliesofhumanity.org\/ro\/wp-json\/wp\/v2\/pages"}],"about":[{"href":"https:\/\/www.alliesofhumanity.org\/ro\/wp-json\/wp\/v2\/types\/page"}],"author":[{"embeddable":true,"href":"https:\/\/www.alliesofhumanity.org\/ro\/wp-json\/wp\/v2\/users\/23"}],"replies":[{"embeddable":true,"href":"https:\/\/www.alliesofhumanity.org\/ro\/wp-json\/wp\/v2\/comments?post=18447"}],"version-history":[{"count":4,"href":"https:\/\/www.alliesofhumanity.org\/ro\/wp-json\/wp\/v2\/pages\/18447\/revisions"}],"predecessor-version":[{"id":22189,"href":"https:\/\/www.alliesofhumanity.org\/ro\/wp-json\/wp\/v2\/pages\/18447\/revisions\/22189"}],"up":[{"embeddable":true,"href":"https:\/\/www.alliesofhumanity.org\/ro\/wp-json\/wp\/v2\/pages\/18430"}],"wp:attachment":[{"href":"https:\/\/www.alliesofhumanity.org\/ro\/wp-json\/wp\/v2\/media?parent=18447"}],"curies":[{"name":"wp","href":"https:\/\/api.w.org\/{rel}","templated":true}]}}