{"id":18430,"date":"2021-08-25T17:46:58","date_gmt":"2021-08-25T16:46:58","guid":{"rendered":"https:\/\/www.alliesofhumanity.org\/the-briefings\/book-one\/"},"modified":"2021-09-08T08:20:01","modified_gmt":"2021-09-08T07:20:01","slug":"book-one","status":"publish","type":"page","link":"https:\/\/www.alliesofhumanity.org\/ro\/the-briefings\/book-one\/","title":{"rendered":"Cartea \u00eent\u00e2i"},"content":{"rendered":"<h5>Toate briefingurile Allies of Humanity sunt disponibile online gratuit. \u00cencepe\u021bi c\u0103l\u0103toria cu Alia\u021bii umanit\u0103\u021bii Cartea \u00eent\u00e2i.<\/h5>\n<p>Acum mai bine de dou\u0103zeci de ani, un grup de indivizi din c\u00e2teva lumi diferite s-a \u00eentrunit \u00eentr-o loca\u021bie discret\u0103 din sistemul nostru solar, \u00een apropiere de P\u0103m\u00e2nt, pentru a observa Interven\u021bia extraterestr\u0103 ce se desf\u0103\u0219oar\u0103 \u00een lumea noastr\u0103. Din punctul lor de observare ascuns, au reu\u0219it s\u0103 afle identitatea, organizarea \u0219i inten\u021biile celor care ne viziteaz\u0103 lumea \u0219i s\u0103 urm\u0103reasc\u0103 activit\u0103\u021bile vizitatorilor.<\/p>\n<p>Acest grup de observatori se numesc \u201eAlia\u021bii Umanit\u0103\u021bii\u201d. Iat\u0103 raportul lor.<\/p>\n<p><!--\nGet a copy of the book:\n\n\n<ul>\n \t\n\n<li>Print version: <a href=\"https:\/\/newknowledgelibrary.org\/books\/the-allies-of-humanity-book-1-english-print-book\/\" target=\"_blank\" rel=\"noopener\">New Knowledge Library<\/a> or <a href=\"https:\/\/www.amazon.com\/Allies-Humanity-Book-Marshall-Summers-dp-1884238459\/dp\/1884238459\" target=\"_blank\" rel=\"noopener\">Amazon<\/a>.<\/li>\n\n\n \t\n\n<li>Ebook format: <a href=\"https:\/\/newknowledgelibrary.org\/e-books\/the-allies-of-humanity-book-1-english-ebook\/\" target=\"_blank\" rel=\"noopener\">New Knowledge Library<\/a>, <a href=\"https:\/\/www.amazon.com\/Allies-Humanity-Book-One-ebook-dp-B0052GA54I\/dp\/B0052GA54I\" target=\"_blank\" rel=\"noopener\">Kindle version from Amazon<\/a>, <a href=\"https:\/\/books.apple.com\/us\/book\/the-allies-of-humanity-book-one\/id894099032\" target=\"_blank\" rel=\"noopener\">Apple Books<\/a> or <a href=\"https:\/\/play.google.com\/store\/books\/details\/Marshall_Vian_Summers_The_Allies_of_Humanity_Book?id=L7ruJolCko0C\" target=\"_blank\" rel=\"noopener\">Google Play<\/a>.<\/li>\n\n\n<\/ul>\n\n\n--><\/p>\n<hr \/>\n<h5>\u00cencepe\u021bi s\u0103 citi\u021bi Briefing-urile online acum!<\/h5>\n<p>Cuprinsul c\u0103r\u021bii:<\/p>\n<p><a href=\"alien-races-earth\">FPRIMA INFORMARE \u2013 Prezen\u021ba extraterestr\u0103 aflat\u0103 \u00een lume \u00een prezent<\/a><\/p>\n<p><a href=\"human-freedom\">A DOUA INFORMARE \u2013 Contestarea libert\u0103\u021bii umane<br \/>\n<\/a><\/p>\n<p><a href=\"the-visitors\">A TREIA INFORMARE \u2013 Un avertisment major<\/a><\/p>\n<p><a href=\"false-second-coming\">A PATRA INFORMARE \u2013 Manipularea tradi\u021biilor \u0219i a credin\u021belor religioase<\/a><\/p>\n<p><a href=\"threshold-alien-presence\">A CINCEA INFORMARE \u2013 Pragul: O nou\u0103 speran\u021b\u0103 pentru umanitate<\/a><\/p>\n<p><a href=\"questions-about-aliens\">A \u0218ASEA INFORMARE \u2013 \u00centreb\u0103ri \u0219i r\u0103spunsuri<\/a><\/p>\n<p><a href=\"final-words\">CUVINTE FINALE<\/a><\/p>\n<p>Societatea pentru Noul Mesaj ofer\u0103 acum toate cele patru volume din <em>Alia\u021bii Umanit\u0103\u021bii<\/em> online, f\u0103r\u0103 niciun cost. Facem acest lucru pentru ca acest mesaj s\u0103 ajung\u0103 la c\u00e2t mai mul\u021bi oameni, at\u00e2t la baz\u0103, c\u00e2t \u0219i \u00een pozi\u021bii de putere politic\u0103, economic\u0103 \u0219i religioas\u0103.<\/p>\n","protected":false},"excerpt":{"rendered":"<p>Toate briefingurile Allies of Humanity sunt disponibile online gratuit. \u00cencepe\u021bi c\u0103l\u0103toria cu Alia\u021bii umanit\u0103\u021bii Cartea \u00eent\u00e2i. Acum mai bine de dou\u0103zeci de ani, un grup de indivizi din c\u00e2teva lumi diferite s-a \u00eentrunit \u00eentr-o loca\u021bie discret\u0103 din sistemul nostru solar, \u00een apropiere de P\u0103m\u00e2nt, pentru a observa Interven\u021bia extraterestr\u0103 ce se desf\u0103\u0219oar\u0103 \u00een lumea noastr\u0103. [&hellip;]<\/p>\n","protected":false},"author":2,"featured_media":0,"parent":18427,"menu_order":1,"comment_status":"closed","ping_status":"closed","template":"page-book-start.php","meta":{"_acf_changed":false,"footnotes":""},"class_list":["post-18430","page","type-page","status-publish","hentry"],"acf":[],"yoast_head":"<!-- This site is optimized with the Yoast SEO plugin v26.5 - https:\/\/yoast.com\/wordpress\/plugins\/seo\/ -->\n<title>Alia\u021bii umanit\u0103\u021bii Cartea \u00eent\u00e2i: Despre Alia\u021bii Umanit\u0103\u021bii<\/title>\n<meta name=\"description\" content=\"Un grup de indivizi din mai multe lumi diferite s-au adunat \u00eentr-o loca\u021bie discret\u0103 din apropierea P\u0103m\u00e2ntului, pentru a observa \u0219i raporta interven\u021bia ET.\" \/>\n<meta name=\"robots\" content=\"index, follow, max-snippet:-1, max-image-preview:large, max-video-preview:-1\" \/>\n<link rel=\"canonical\" href=\"https:\/\/www.alliesofhumanity.org\/ro\/the-briefings\/book-one\/\" \/>\n<meta property=\"og:locale\" content=\"ro_RO\" \/>\n<meta property=\"og:type\" content=\"article\" \/>\n<meta property=\"og:title\" content=\"Alia\u021bii umanit\u0103\u021bii Cartea \u00eent\u00e2i: Despre Alia\u021bii Umanit\u0103\u021bii\" \/>\n<meta property=\"og:description\" content=\"Un grup de indivizi din mai multe lumi diferite s-au adunat \u00eentr-o loca\u021bie discret\u0103 din apropierea P\u0103m\u00e2ntului, pentru a observa \u0219i raporta interven\u021bia ET.\" \/>\n<meta property=\"og:url\" content=\"https:\/\/www.alliesofhumanity.org\/ro\/the-briefings\/book-one\/\" \/>\n<meta property=\"og:site_name\" content=\"The Allies of Humanity\" \/>\n<meta property=\"article:publisher\" content=\"https:\/\/www.facebook.com\/alliesofhumanity\/\" \/>\n<meta property=\"article:modified_time\" content=\"2021-09-08T07:20:01+00:00\" \/>\n<meta property=\"og:image\" content=\"https:\/\/www.alliesofhumanity.org\/wp-content\/uploads\/2021\/01\/og-socialmedia-aoh.jpg\" \/>\n\t<meta property=\"og:image:width\" content=\"1200\" \/>\n\t<meta property=\"og:image:height\" content=\"630\" \/>\n\t<meta property=\"og:image:type\" content=\"image\/jpeg\" \/>\n<meta name=\"twitter:card\" content=\"summary_large_image\" \/>\n<meta name=\"twitter:title\" content=\"Alia\u021bii umanit\u0103\u021bii Cartea \u00eent\u00e2i: Despre Alia\u021bii Umanit\u0103\u021bii\" \/>\n<meta name=\"twitter:site\" content=\"@earthallies\" \/>\n<meta name=\"twitter:label1\" content=\"Timp estimat pentru citire\" \/>\n\t<meta name=\"twitter:data1\" content=\"1 minut\" \/>\n<script type=\"application\/ld+json\" class=\"yoast-schema-graph\">{\"@context\":\"https:\/\/schema.org\",\"@graph\":[{\"@type\":\"WebPage\",\"@id\":\"https:\/\/www.alliesofhumanity.org\/ro\/the-briefings\/book-one\/\",\"url\":\"https:\/\/www.alliesofhumanity.org\/ro\/the-briefings\/book-one\/\",\"name\":\"Alia\u021bii umanit\u0103\u021bii Cartea \u00eent\u00e2i: Despre Alia\u021bii Umanit\u0103\u021bii\",\"isPartOf\":{\"@id\":\"https:\/\/www.alliesofhumanity.org\/ro\/#website\"},\"datePublished\":\"2021-08-25T16:46:58+00:00\",\"dateModified\":\"2021-09-08T07:20:01+00:00\",\"description\":\"Un grup de indivizi din mai multe lumi diferite s-au adunat \u00eentr-o loca\u021bie discret\u0103 din apropierea P\u0103m\u00e2ntului, pentru a observa \u0219i raporta interven\u021bia ET.\",\"breadcrumb\":{\"@id\":\"https:\/\/www.alliesofhumanity.org\/ro\/the-briefings\/book-one\/#breadcrumb\"},\"inLanguage\":\"ro-RO\",\"potentialAction\":[{\"@type\":\"ReadAction\",\"target\":[\"https:\/\/www.alliesofhumanity.org\/ro\/the-briefings\/book-one\/\"]}]},{\"@type\":\"BreadcrumbList\",\"@id\":\"https:\/\/www.alliesofhumanity.org\/ro\/the-briefings\/book-one\/#breadcrumb\",\"itemListElement\":[{\"@type\":\"ListItem\",\"position\":1,\"name\":\"Briefingurile\",\"item\":\"https:\/\/www.alliesofhumanity.org\/ro\/the-briefings\/\"},{\"@type\":\"ListItem\",\"position\":2,\"name\":\"Cartea \u00eent\u00e2i\"}]},{\"@type\":\"WebSite\",\"@id\":\"https:\/\/www.alliesofhumanity.org\/ro\/#website\",\"url\":\"https:\/\/www.alliesofhumanity.org\/ro\/\",\"name\":\"The Allies of Humanity\",\"description\":\"\",\"potentialAction\":[{\"@type\":\"SearchAction\",\"target\":{\"@type\":\"EntryPoint\",\"urlTemplate\":\"https:\/\/www.alliesofhumanity.org\/ro\/?s={search_term_string}\"},\"query-input\":{\"@type\":\"PropertyValueSpecification\",\"valueRequired\":true,\"valueName\":\"search_term_string\"}}],\"inLanguage\":\"ro-RO\"}]}<\/script>\n<!-- \/ Yoast SEO plugin. -->","yoast_head_json":{"title":"Alia\u021bii umanit\u0103\u021bii Cartea \u00eent\u00e2i: Despre Alia\u021bii Umanit\u0103\u021bii","description":"Un grup de indivizi din mai multe lumi diferite s-au adunat \u00eentr-o loca\u021bie discret\u0103 din apropierea P\u0103m\u00e2ntului, pentru a observa \u0219i raporta interven\u021bia ET.","robots":{"index":"index","follow":"follow","max-snippet":"max-snippet:-1","max-image-preview":"max-image-preview:large","max-video-preview":"max-video-preview:-1"},"canonical":"https:\/\/www.alliesofhumanity.org\/ro\/the-briefings\/book-one\/","og_locale":"ro_RO","og_type":"article","og_title":"Alia\u021bii umanit\u0103\u021bii Cartea \u00eent\u00e2i: Despre Alia\u021bii Umanit\u0103\u021bii","og_description":"Un grup de indivizi din mai multe lumi diferite s-au adunat \u00eentr-o loca\u021bie discret\u0103 din apropierea P\u0103m\u00e2ntului, pentru a observa \u0219i raporta interven\u021bia ET.","og_url":"https:\/\/www.alliesofhumanity.org\/ro\/the-briefings\/book-one\/","og_site_name":"The Allies of Humanity","article_publisher":"https:\/\/www.facebook.com\/alliesofhumanity\/","article_modified_time":"2021-09-08T07:20:01+00:00","og_image":[{"width":1200,"height":630,"url":"https:\/\/www.alliesofhumanity.org\/wp-content\/uploads\/2021\/01\/og-socialmedia-aoh.jpg","type":"image\/jpeg"}],"twitter_card":"summary_large_image","twitter_title":"Alia\u021bii umanit\u0103\u021bii Cartea \u00eent\u00e2i: Despre Alia\u021bii Umanit\u0103\u021bii","twitter_site":"@earthallies","twitter_misc":{"Timp estimat pentru citire":"1 minut"},"schema":{"@context":"https:\/\/schema.org","@graph":[{"@type":"WebPage","@id":"https:\/\/www.alliesofhumanity.org\/ro\/the-briefings\/book-one\/","url":"https:\/\/www.alliesofhumanity.org\/ro\/the-briefings\/book-one\/","name":"Alia\u021bii umanit\u0103\u021bii Cartea \u00eent\u00e2i: Despre Alia\u021bii Umanit\u0103\u021bii","isPartOf":{"@id":"https:\/\/www.alliesofhumanity.org\/ro\/#website"},"datePublished":"2021-08-25T16:46:58+00:00","dateModified":"2021-09-08T07:20:01+00:00","description":"Un grup de indivizi din mai multe lumi diferite s-au adunat \u00eentr-o loca\u021bie discret\u0103 din apropierea P\u0103m\u00e2ntului, pentru a observa \u0219i raporta interven\u021bia ET.","breadcrumb":{"@id":"https:\/\/www.alliesofhumanity.org\/ro\/the-briefings\/book-one\/#breadcrumb"},"inLanguage":"ro-RO","potentialAction":[{"@type":"ReadAction","target":["https:\/\/www.alliesofhumanity.org\/ro\/the-briefings\/book-one\/"]}]},{"@type":"BreadcrumbList","@id":"https:\/\/www.alliesofhumanity.org\/ro\/the-briefings\/book-one\/#breadcrumb","itemListElement":[{"@type":"ListItem","position":1,"name":"Briefingurile","item":"https:\/\/www.alliesofhumanity.org\/ro\/the-briefings\/"},{"@type":"ListItem","position":2,"name":"Cartea \u00eent\u00e2i"}]},{"@type":"WebSite","@id":"https:\/\/www.alliesofhumanity.org\/ro\/#website","url":"https:\/\/www.alliesofhumanity.org\/ro\/","name":"The Allies of Humanity","description":"","potentialAction":[{"@type":"SearchAction","target":{"@type":"EntryPoint","urlTemplate":"https:\/\/www.alliesofhumanity.org\/ro\/?s={search_term_string}"},"query-input":{"@type":"PropertyValueSpecification","valueRequired":true,"valueName":"search_term_string"}}],"inLanguage":"ro-RO"}]}},"_links":{"self":[{"href":"https:\/\/www.alliesofhumanity.org\/ro\/wp-json\/wp\/v2\/pages\/18430","targetHints":{"allow":["GET"]}}],"collection":[{"href":"https:\/\/www.alliesofhumanity.org\/ro\/wp-json\/wp\/v2\/pages"}],"about":[{"href":"https:\/\/www.alliesofhumanity.org\/ro\/wp-json\/wp\/v2\/types\/page"}],"author":[{"embeddable":true,"href":"https:\/\/www.alliesofhumanity.org\/ro\/wp-json\/wp\/v2\/users\/2"}],"replies":[{"embeddable":true,"href":"https:\/\/www.alliesofhumanity.org\/ro\/wp-json\/wp\/v2\/comments?post=18430"}],"version-history":[{"count":1,"href":"https:\/\/www.alliesofhumanity.org\/ro\/wp-json\/wp\/v2\/pages\/18430\/revisions"}],"predecessor-version":[{"id":19140,"href":"https:\/\/www.alliesofhumanity.org\/ro\/wp-json\/wp\/v2\/pages\/18430\/revisions\/19140"}],"up":[{"embeddable":true,"href":"https:\/\/www.alliesofhumanity.org\/ro\/wp-json\/wp\/v2\/pages\/18427"}],"wp:attachment":[{"href":"https:\/\/www.alliesofhumanity.org\/ro\/wp-json\/wp\/v2\/media?parent=18430"}],"curies":[{"name":"wp","href":"https:\/\/api.w.org\/{rel}","templated":true}]}}