{"id":18420,"date":"2021-08-25T17:26:02","date_gmt":"2021-08-25T16:26:02","guid":{"rendered":"https:\/\/www.alliesofhumanity.org\/the-allies\/"},"modified":"2024-03-14T09:41:47","modified_gmt":"2024-03-14T08:41:47","slug":"the-allies","status":"publish","type":"page","link":"https:\/\/www.alliesofhumanity.org\/ro\/the-allies\/","title":{"rendered":"Alia\u021bii"},"content":{"rendered":"\t\t<div data-elementor-type=\"wp-page\" data-elementor-id=\"18420\" class=\"elementor elementor-18420 elementor-758\" data-elementor-post-type=\"page\">\t\t\t\t\t\t<section class=\"elementor-section elementor-top-section elementor-element elementor-element-13aff578 elementor-section-full_width elementor-section-height-default elementor-section-height-default\" data-id=\"13aff578\" data-element_type=\"section\">\t\t\t\t\t\t<div class=\"elementor-container elementor-column-gap-default\">\t\t\t\t\t<div class=\"elementor-column elementor-col-100 elementor-top-column elementor-element elementor-element-73bd0eae\" data-id=\"73bd0eae\" data-element_type=\"column\">\t\t\t<div class=\"elementor-widget-wrap elementor-element-populated\">\t\t\t\t\t\t<div class=\"elementor-element elementor-element-0581c07 elementor-widget elementor-widget-text-editor\" data-id=\"0581c07\" data-element_type=\"widget\" data-widget_type=\"text-editor.default\">\t\t\t\t<div class=\"elementor-widget-container\">\t\t\t\t\t\t\t\t\t<h5>Cartea Alia\u021bii Umanit\u0103\u021bii este prezentat\u0103 cu scopul de a preg\u0103ti oamenii pentru o realitate cu totul nou\u0103, \u00een mare parte ascuns\u0103 \u0219i nerecunoscut\u0103 pe p\u0103m\u00e2nt la ora actual\u0103. Cartea ofer\u0103 o perspectiv\u0103 nou\u0103, care le permite oamenilor s\u0103 \u00eenfrunte cea mai mare provocare \u0219i oportunitate pe care noi, ca ras\u0103, am \u00eent\u00e2lnit-o vreodat\u0103.<\/h5><p>Inform\u0103rile Alia\u021bilor con\u021bin mai multe declara\u021bii critice, dac\u0103 nu chiar alarmante, despre interven\u021bia \u0219i integrarea extraterestr\u0103 tot mai mare \u00een rasa uman\u0103 \u0219i despre activit\u0103\u021bile extraterestre \u0219i planul lor ascuns.<\/p><p>Scopul Inform\u0103rilor Alia\u021bilor nu este s\u0103 ofere dovezi solide privind realitatea vizitei extratere\u0219trilor \u00een lumea noastr\u0103, o realitate deja bine documentat\u0103 \u00een multe alte c\u0103r\u021bi \u0219i jurnale de cercetare excelente pe acest subiect. Scopul Inform\u0103rilor Alia\u021bilor urm\u0103re\u0219te s\u0103 aduc\u0103 \u00een discu\u021bie implica\u021biile dramatice \u0219i vaste ale acestui fenomen, s\u0103 conteste tendin\u021bele \u0219i presupunerile noastre umane referitoare la acesta \u0219i s\u0103 aten\u021bioneze familia uman\u0103 \u00een privin\u021ba marelui prag pe care \u00eel \u00eenfrunt\u0103m acum.<\/p><p>Inform\u0103rile ofer\u0103 o privire fugar\u0103 asupra realit\u0103\u021bii vie\u021bii inteligente din univers \u0219i tot ceea ce Contactul va \u00eensemna cu adev\u0103rat. Pentru mul\u021bi cititori, ce se dezv\u0103luie \u00een Alia\u021bii Umanit\u0103\u021bii va fi cu totul \u0219i cu totul nou. Pentru al\u021bii, va fi o confirmare a unor lucruri pe care le simt \u0219i pe care le \u0219tiu de mult timp.<\/p><p>De\u0219i aceast\u0103 carte ofer\u0103 un mesaj urgent, este vorba, de asemenea, de a face pa\u0219i c\u0103tre o con\u0219tiin\u021b\u0103 mai \u00eenalt\u0103 numit\u0103 <a href=\"https:\/\/www.newmessage.org\/wiki\/Knowledge_Quotes\">\u201eCunoa\u0219tere&#8221;<\/a>, care include o deprindere telepatic\u0103 superioar\u0103 \u00eentre oameni \u0219i \u00eentre rase. \u00cen acest sens, Inform\u0103rile Alia\u021bilor i-au fost transmise autorului <a href=\"https:\/\/marshallsummers.com\">Marshall Vian Summers<\/a> din partea unui grup multirasial \u0219i extraterestru de indivizi care se numesc \u201eAlia\u021bii Umanit\u0103\u021bii\u201d.<\/p><p>Ei se descriu pe ei ca fiind fiin\u021be fizice din alte lumi, care s-au \u00eentrunit \u00een sistemul nostru solar, \u00een apropiere de P\u0103m\u00e2nt, cu scopul de a observa comunic\u0103rile \u0219i activit\u0103\u021bile acelor rase str\u0103ine care se afl\u0103 aici \u00een lumea noastr\u0103 \u0219i intervin \u00een treburile umane. Ei scot \u00een eviden\u021b\u0103 faptul c\u0103 ei \u00een\u0219i\u0219i nu sunt prezen\u021bi fizic \u00een lumea noastr\u0103 \u0219i ofer\u0103 \u00een\u021belepciunea necesar\u0103, nu tehnologie sau interveniri.<\/p><p>Inform\u0103rile Alia\u021bilor i-au fost oferite autorului \u00een decursul unei perioade de un an de zile. Ele aduc perspectiv\u0103 \u0219i p\u0103trundere \u00eentr-un subiect complex care, \u00een ciuda dovezilor tot mai multe de zeci de ani, continu\u0103 s\u0103 \u00eei uimeasc\u0103 pe cercet\u0103tori. \u00cens\u0103 aceast\u0103 perspectiv\u0103 nu este romantic\u0103, speculativ\u0103 sau idealist\u0103 \u00een abordarea acestui subiect. Din contr\u0103, este extrem de realist\u0103 \u0219i ferm\u0103, p\u00e2n\u0103 \u00een punctul \u00een care ar putea fi destul de provocatoare, chiar \u0219i pentru un cititor care este expert \u00een acest subiect.<\/p><p class=\"float-left bleed-left\"><img decoding=\"async\" src=\"https:\/\/www.alliesofhumanity.org\/wp-content\/uploads\/2020\/06\/960x540-aoh-book-1.jpg\" alt=\"\" \/><\/p><p>A\u0219adar, pentru a primi ceea ce are de oferit aceast\u0103 carte, este necesar s\u0103 v\u0103 suspenda\u021bi, m\u0103car pentru un moment, multe dintre convingerile, presupunerile \u0219i \u00eentreb\u0103rile pe care le-a\u021bi putea avea \u00een leg\u0103tur\u0103 cu acest Contact extraterestru \u0219i chiar \u00een leg\u0103tur\u0103 cu modul \u00een care aceast\u0103 carte a fost primit\u0103. Cuprinsul c\u0103r\u021bii este ca un mesaj \u00eentr-o sticl\u0103, trimis\u0103 aici de dincolo de grani\u021bele lumii. A\u0219adar, nu ar trebui s\u0103 fim at\u00e2t de preocupa\u021bi de sticl\u0103, ci de mesajul \u00een sine.<\/p><p>Pentru a \u00een\u021belege cu adev\u0103rat acest mesaj provocator, trebuie s\u0103 \u00eenfrunt\u0103m \u0219i s\u0103 punem la \u00eendoial\u0103 multe din presupunerile \u0219i tendin\u021bele predominante \u00een privin\u021ba posibilit\u0103\u021bii \u0219i a realit\u0103\u021bii Contactului. Acestea includ:<\/p><ul><li>negare;<\/li><li>a\u0219tept\u0103ri pline de speran\u021b\u0103;<\/li><li>interpretarea gre\u0219it\u0103 a dovezilor pentru a ne confirma convingerile;<\/li><li>dorin\u021ba \u0219i a\u0219teptarea salv\u0103rii din partea \u201evizitatorilor\u201d;<\/li><li>credin\u021ba c\u0103 tehnologia extraterestr\u0103 ne va salva;<\/li><li>sentimentul dezn\u0103d\u0103jduirii \u0219i al supunerii fa\u021b\u0103 de ceea ce presupunem c\u0103 este o for\u021b\u0103 superioar\u0103;<\/li><li>cererea transparen\u021bei guvernamentale dar nu \u0219i dezv\u0103luirea extratere\u0219trilor;<\/li><li>condamnarea conduc\u0103torilor umani \u0219i a institu\u021biilor umane \u00een timp ce men\u021binem acceptarea incontestabil\u0103 a \u201evizitatorilor\u201d;<\/li><li>presupunerea faptului c\u0103 dac\u0103 nu ne-au atacat sau invadat, trebuie s\u0103 se afle aici pentru binele nostru;<\/li><li>presupunerea faptului c\u0103 tehnologia avansat\u0103 \u00eenseamn\u0103 etici avansate \u0219i spiritualitate avansat\u0103;<\/li><li>credin\u021ba faptului c\u0103 acest fenomen este un mister c\u00e2nd, de fapt, este un eveniment ce poate fi \u00een\u021beles;<\/li><li>credin\u021ba faptului c\u0103 extratere\u0219trii au, \u00eentr-un anume fel, drepturi asupra umanit\u0103\u021bii \u0219i asupra acestei planete;<\/li><li>\u0219i credin\u021ba faptului c\u0103 umanitatea este irecuperabil\u0103 \u0219i c\u0103 nu poate reu\u0219i pe cont propriu.<\/li><\/ul><p>Inform\u0103rile Alia\u021bilor contest\u0103 asemenea presupuneri \u0219i tendin\u021be \u0219i detroneaz\u0103 multe dintre miturile pe care le avem \u00een momentul de fa\u021b\u0103 \u00een privin\u021ba celor ce ne viziteaz\u0103 \u0219i \u00een privin\u021ba motivului pentru care se afl\u0103 aici.<\/p><p>Inform\u0103rile Alia\u021bilor Umanit\u0103\u021bii ne ofer\u0103 o perspectiv\u0103 superioar\u0103 \u0219i o \u00een\u021belegere mai profund\u0103 a destinului nostru \u00eentr-un peisaj mai cuprinz\u0103tor al vie\u021bii inteligente din univers. Pentru a reu\u0219i acest lucru, alia\u021bii nu i se adreseaz\u0103 min\u021bii noastre analitice, ci Cunoa\u0219terii, partea mai ad\u00e2nc\u0103 a fiin\u021bei noastre \u00een care adev\u0103rul, oric\u00e2t de \u00eence\u021bo\u0219at ar fi, poate fi sesizat \u0219i experimentat \u00een mod direct.<\/p><p><em>Alia\u021bii Umanit\u0103\u021bii<\/em> va ridica multe \u00eentreb\u0103ri la care va fi nevoie de mai mult\u0103 cercetare \u0219i contemplare. Cartea nu se concentreaz\u0103 pe indicarea vreunor nume, date sau locuri, ci pe transmiterea unei perspective cu privire la prezen\u021ba extraterestr\u0103 din lume \u0219i la via\u021ba din univers, o perspectiv\u0103 pe care noi, ca fiin\u021be umane, nu am putea-o avea altfel.<\/p><p>\u00cen vreme ce tr\u0103im tot \u00een izolare pe suprafa\u021ba lumii noastre, nu putem \u00eenc\u0103 s\u0103 vedem \u0219i s\u0103 cunoa\u0219tem ce se petrece \u00een ceea ce prive\u0219te via\u021ba inteligent\u0103 de dincolo de grani\u021bele noastre. Pentru a afla, avem nevoie de ajutor, un gen de ajutor foarte extraordinar. Am putea s\u0103 nu recunoa\u0219tem sau s\u0103 nu accept\u0103m un asemenea ajutor la \u00eenceput. \u00cens\u0103 este aici.<\/p><p class=\"float-right bleed-right\"><img decoding=\"async\" src=\"https:\/\/www.alliesofhumanity.org\/wp-content\/uploads\/2020\/06\/960x540-aoh-book-2.jpg\" alt=\"\" \/><\/p><p>Scopul declarat al alia\u021bilor este s\u0103 ne atrag\u0103 aten\u021bia asupra riscurilor create de apari\u021bia \u00eentr-o Comunitate Mare a vie\u021bii inteligente \u0219i s\u0103 ne sprijine \u00een trecerea cu succes peste acest prag major, \u00een a\u0219a fel \u00eenc\u00e2t libertatea, suveranitatea \u0219i autodeterminarea uman\u0103 s\u0103 poat\u0103 fi p\u0103strate. Alia\u021bii sunt aici s\u0103 ne sf\u0103tuiasc\u0103 \u00een privin\u021ba necesit\u0103\u021bii ca umanitatea s\u0103-\u0219i creeze propriile \u201eReguli de Angajare\u201d \u00een aceste vremuri f\u0103r\u0103 precedent. Potrivit alia\u021bilor, dac\u0103 suntem \u00een\u021belep\u021bi, preg\u0103ti\u021bi \u0219i uni\u021bi, vom putea s\u0103 ne asum\u0103m locul menit ca ras\u0103 matur\u0103 \u0219i liber\u0103 \u00een Marea Comunitate.<\/p><p>\u00cen perioada \u00een care acest set de inform\u0103ri a avut loc, alia\u021bii au repetat anumite idei cheie pe care ei le consider\u0103 vitale pentru \u00een\u021belegerea noastr\u0103. Noi am p\u0103strat aceste reiter\u0103ri \u00een carte pentru a p\u0103stra inten\u021bia \u0219i integritatea comunic\u0103rii lor. Din cauza naturii urgente a mesajului alia\u021bilor \u0219i din cauza for\u021belor din lume care s-ar opune acestui mesaj, exist\u0103 o \u00een\u021belepciune \u0219i o necesitate \u00een privin\u021ba acestor repeti\u021bii.<\/p><p>\u00cen urma public\u0103rii c\u0103r\u021bii <em>Alia\u021bii Umanit\u0103\u021bii: Cartea \u00eent\u00e2i<\/em> \u00een 2001, alia\u021bii au oferit un al doilea set de Inform\u0103ri cu scopul de a finaliza mesajul lor vital pentru umanitate. <em>Alia\u021bii Umanit\u0103\u021bii: Cartea a doua<\/em>, publicat\u0103 \u00een 2005, prezint\u0103 informa\u021bii noi uimitoare legate de interac\u021biunile dintre rase din universul nostru local \u0219i de natura, scopul \u0219i cele mai ascunse activit\u0103\u021bi ale acelor rase care intervin \u00een treburile umane.<\/p><p>Alia\u021bii au ini\u021biat din nou comunicarea \u00een 2008, descriind \u00een continuare mediul complex \u00een care omenirea se afl\u0103. Cel de-al treilea set de inform\u0103ri a fost publicat \u00een 2012.<\/p><p>Mul\u021bumit\u0103 acelor cititori care au sim\u021bit urgen\u021ba mesajului alia\u021bilor \u0219i care au tradus Inform\u0103rile \u00een alte limbi, exist\u0103 o con\u0219tientizare global\u0103 tot mai r\u0103sp\u00e2ndit\u0103 privind realitatea Interven\u021biei.<\/p><p>Noi, cei de la Biblioteca New Knowledge, consider\u0103m c\u0103 aceste dou\u0103 seturi de Inform\u0103ri con\u021bin ceea ce ar putea fi unul dintre cele mai importante mesaje comunicate pe p\u0103m\u00e2nt la ora actual\u0103.<\/p><p><em>Alia\u021bii Umanit\u0103\u021bii<\/em> nu este doar o alt\u0103 carte ce speculeaz\u0103 despre fenomenul OZN sau despre extratere\u0219tri. Reprezint\u0103 un mesaj autentic de transformare \u00eendreptat direct c\u0103tre \u021belul fundamental al Interven\u021biei extraterestre, cu scopul de a spori con\u0219tien\u021ba de care vom avea nevoie pentru a \u00eenfrunta \u00eencerc\u0103rile \u0219i oportunit\u0103\u021bile ce ne a\u0219teapt\u0103.<\/p><p><a title=\"Go to newmessage.org\" href=\"https:\/\/www.newmessage.org\/ro\/despre-the-society\/\" target=\"_blank\" rel=\"noopener noreferrer\">BIBLIOTECA NEW KNOWLEDGE<\/a><\/p>\t\t\t\t\t\t\t\t<\/div>\t\t\t\t<\/div>\t\t\t\t\t<\/div>\t\t<\/div>\t\t\t\t\t<\/div>\t\t<\/section>\t\t\t\t<\/div><p>\t\t<\/p>","protected":false},"excerpt":{"rendered":"<p>Cartea Alia\u021bii Umanit\u0103\u021bii este prezentat\u0103 cu scopul de a preg\u0103ti oamenii pentru o realitate cu totul nou\u0103, \u00een mare parte ascuns\u0103 \u0219i nerecunoscut\u0103 pe p\u0103m\u00e2nt la ora actual\u0103. Cartea ofer\u0103 o perspectiv\u0103 nou\u0103, care le permite oamenilor s\u0103 \u00eenfrunte cea mai mare provocare \u0219i oportunitate pe care noi, ca ras\u0103, am \u00eent\u00e2lnit-o vreodat\u0103. Inform\u0103rile Alia\u021bilor [&hellip;]<\/p>\n","protected":false},"author":25,"featured_media":0,"parent":0,"menu_order":1,"comment_status":"closed","ping_status":"closed","template":"page.php","meta":{"_acf_changed":false,"footnotes":""},"class_list":["post-18420","page","type-page","status-publish","hentry"],"acf":[],"yoast_head":"<!-- This site is optimized with the Yoast SEO plugin v26.5 - https:\/\/yoast.com\/wordpress\/plugins\/seo\/ -->\n<title>Introducere la Alia\u021bii umanit\u0103\u021bii: Dezv\u0103luirea interven\u021biei ET<\/title>\n<meta name=\"description\" content=\"Briefing-urile alia\u021bilor con\u021bin o serie de declara\u021bii critice, dac\u0103 nu chiar alarmante, cu privire la interven\u021bia extraterestr\u0103 \u00een cre\u0219tere \u0219i la agenda acesteia.\" \/>\n<meta name=\"robots\" content=\"index, follow, max-snippet:-1, max-image-preview:large, max-video-preview:-1\" \/>\n<link rel=\"canonical\" href=\"https:\/\/www.alliesofhumanity.org\/ro\/the-allies\/\" \/>\n<meta property=\"og:locale\" content=\"ro_RO\" \/>\n<meta property=\"og:type\" content=\"article\" \/>\n<meta property=\"og:title\" content=\"Introducere la Alia\u021bii umanit\u0103\u021bii: Dezv\u0103luirea interven\u021biei ET\" \/>\n<meta property=\"og:description\" content=\"Briefing-urile alia\u021bilor con\u021bin o serie de declara\u021bii critice, dac\u0103 nu chiar alarmante, cu privire la interven\u021bia extraterestr\u0103 \u00een cre\u0219tere \u0219i la agenda acesteia.\" \/>\n<meta property=\"og:url\" content=\"https:\/\/www.alliesofhumanity.org\/ro\/the-allies\/\" \/>\n<meta property=\"og:site_name\" content=\"The Allies of Humanity\" \/>\n<meta property=\"article:publisher\" content=\"https:\/\/www.facebook.com\/alliesofhumanity\/\" \/>\n<meta property=\"article:modified_time\" content=\"2024-03-14T08:41:47+00:00\" \/>\n<meta property=\"og:image\" content=\"https:\/\/www.alliesofhumanity.org\/wp-content\/uploads\/2021\/01\/og-socialmedia-aoh.jpg\" \/>\n\t<meta property=\"og:image:width\" content=\"1200\" \/>\n\t<meta property=\"og:image:height\" content=\"630\" \/>\n\t<meta property=\"og:image:type\" content=\"image\/jpeg\" \/>\n<meta name=\"twitter:card\" content=\"summary_large_image\" \/>\n<meta name=\"twitter:title\" content=\"Introducere la Alia\u021bii umanit\u0103\u021bii: Dezv\u0103luirea interven\u021biei ET\" \/>\n<meta name=\"twitter:site\" content=\"@earthallies\" \/>\n<meta name=\"twitter:label1\" content=\"Timp estimat pentru citire\" \/>\n\t<meta name=\"twitter:data1\" content=\"7 minute\" \/>\n<script type=\"application\/ld+json\" class=\"yoast-schema-graph\">{\"@context\":\"https:\/\/schema.org\",\"@graph\":[{\"@type\":\"WebPage\",\"@id\":\"https:\/\/www.alliesofhumanity.org\/ro\/the-allies\/\",\"url\":\"https:\/\/www.alliesofhumanity.org\/ro\/the-allies\/\",\"name\":\"Introducere la Alia\u021bii umanit\u0103\u021bii: Dezv\u0103luirea interven\u021biei ET\",\"isPartOf\":{\"@id\":\"https:\/\/www.alliesofhumanity.org\/ro\/#website\"},\"datePublished\":\"2021-08-25T16:26:02+00:00\",\"dateModified\":\"2024-03-14T08:41:47+00:00\",\"description\":\"Briefing-urile alia\u021bilor con\u021bin o serie de declara\u021bii critice, dac\u0103 nu chiar alarmante, cu privire la interven\u021bia extraterestr\u0103 \u00een cre\u0219tere \u0219i la agenda acesteia.\",\"inLanguage\":\"ro-RO\",\"potentialAction\":[{\"@type\":\"ReadAction\",\"target\":[\"https:\/\/www.alliesofhumanity.org\/ro\/the-allies\/\"]}]},{\"@type\":\"WebSite\",\"@id\":\"https:\/\/www.alliesofhumanity.org\/ro\/#website\",\"url\":\"https:\/\/www.alliesofhumanity.org\/ro\/\",\"name\":\"The Allies of Humanity\",\"description\":\"\",\"potentialAction\":[{\"@type\":\"SearchAction\",\"target\":{\"@type\":\"EntryPoint\",\"urlTemplate\":\"https:\/\/www.alliesofhumanity.org\/ro\/?s={search_term_string}\"},\"query-input\":{\"@type\":\"PropertyValueSpecification\",\"valueRequired\":true,\"valueName\":\"search_term_string\"}}],\"inLanguage\":\"ro-RO\"}]}<\/script>\n<!-- \/ Yoast SEO plugin. -->","yoast_head_json":{"title":"Introducere la Alia\u021bii umanit\u0103\u021bii: Dezv\u0103luirea interven\u021biei ET","description":"Briefing-urile alia\u021bilor con\u021bin o serie de declara\u021bii critice, dac\u0103 nu chiar alarmante, cu privire la interven\u021bia extraterestr\u0103 \u00een cre\u0219tere \u0219i la agenda acesteia.","robots":{"index":"index","follow":"follow","max-snippet":"max-snippet:-1","max-image-preview":"max-image-preview:large","max-video-preview":"max-video-preview:-1"},"canonical":"https:\/\/www.alliesofhumanity.org\/ro\/the-allies\/","og_locale":"ro_RO","og_type":"article","og_title":"Introducere la Alia\u021bii umanit\u0103\u021bii: Dezv\u0103luirea interven\u021biei ET","og_description":"Briefing-urile alia\u021bilor con\u021bin o serie de declara\u021bii critice, dac\u0103 nu chiar alarmante, cu privire la interven\u021bia extraterestr\u0103 \u00een cre\u0219tere \u0219i la agenda acesteia.","og_url":"https:\/\/www.alliesofhumanity.org\/ro\/the-allies\/","og_site_name":"The Allies of Humanity","article_publisher":"https:\/\/www.facebook.com\/alliesofhumanity\/","article_modified_time":"2024-03-14T08:41:47+00:00","og_image":[{"width":1200,"height":630,"url":"https:\/\/www.alliesofhumanity.org\/wp-content\/uploads\/2021\/01\/og-socialmedia-aoh.jpg","type":"image\/jpeg"}],"twitter_card":"summary_large_image","twitter_title":"Introducere la Alia\u021bii umanit\u0103\u021bii: Dezv\u0103luirea interven\u021biei ET","twitter_site":"@earthallies","twitter_misc":{"Timp estimat pentru citire":"7 minute"},"schema":{"@context":"https:\/\/schema.org","@graph":[{"@type":"WebPage","@id":"https:\/\/www.alliesofhumanity.org\/ro\/the-allies\/","url":"https:\/\/www.alliesofhumanity.org\/ro\/the-allies\/","name":"Introducere la Alia\u021bii umanit\u0103\u021bii: Dezv\u0103luirea interven\u021biei ET","isPartOf":{"@id":"https:\/\/www.alliesofhumanity.org\/ro\/#website"},"datePublished":"2021-08-25T16:26:02+00:00","dateModified":"2024-03-14T08:41:47+00:00","description":"Briefing-urile alia\u021bilor con\u021bin o serie de declara\u021bii critice, dac\u0103 nu chiar alarmante, cu privire la interven\u021bia extraterestr\u0103 \u00een cre\u0219tere \u0219i la agenda acesteia.","inLanguage":"ro-RO","potentialAction":[{"@type":"ReadAction","target":["https:\/\/www.alliesofhumanity.org\/ro\/the-allies\/"]}]},{"@type":"WebSite","@id":"https:\/\/www.alliesofhumanity.org\/ro\/#website","url":"https:\/\/www.alliesofhumanity.org\/ro\/","name":"The Allies of Humanity","description":"","potentialAction":[{"@type":"SearchAction","target":{"@type":"EntryPoint","urlTemplate":"https:\/\/www.alliesofhumanity.org\/ro\/?s={search_term_string}"},"query-input":{"@type":"PropertyValueSpecification","valueRequired":true,"valueName":"search_term_string"}}],"inLanguage":"ro-RO"}]}},"_links":{"self":[{"href":"https:\/\/www.alliesofhumanity.org\/ro\/wp-json\/wp\/v2\/pages\/18420","targetHints":{"allow":["GET"]}}],"collection":[{"href":"https:\/\/www.alliesofhumanity.org\/ro\/wp-json\/wp\/v2\/pages"}],"about":[{"href":"https:\/\/www.alliesofhumanity.org\/ro\/wp-json\/wp\/v2\/types\/page"}],"author":[{"embeddable":true,"href":"https:\/\/www.alliesofhumanity.org\/ro\/wp-json\/wp\/v2\/users\/25"}],"replies":[{"embeddable":true,"href":"https:\/\/www.alliesofhumanity.org\/ro\/wp-json\/wp\/v2\/comments?post=18420"}],"version-history":[{"count":7,"href":"https:\/\/www.alliesofhumanity.org\/ro\/wp-json\/wp\/v2\/pages\/18420\/revisions"}],"predecessor-version":[{"id":19138,"href":"https:\/\/www.alliesofhumanity.org\/ro\/wp-json\/wp\/v2\/pages\/18420\/revisions\/19138"}],"wp:attachment":[{"href":"https:\/\/www.alliesofhumanity.org\/ro\/wp-json\/wp\/v2\/media?parent=18420"}],"curies":[{"name":"wp","href":"https:\/\/api.w.org\/{rel}","templated":true}]}}