{"id":7712,"date":"2020-12-07T02:18:01","date_gmt":"2020-12-07T01:18:01","guid":{"rendered":"https:\/\/www.alliesofhumanity.org\/the-briefings\/book-two\/"},"modified":"2021-02-23T17:27:06","modified_gmt":"2021-02-23T16:27:06","slug":"livro-2","status":"publish","type":"page","link":"https:\/\/www.alliesofhumanity.org\/pt-br\/os-relatorios\/livro-2\/","title":{"rendered":"Livro 2"},"content":{"rendered":"<h5>Todos os Relat\u00f3rios dos Aliados da Humanidade est\u00e3o dispon\u00edveis gratuitamente online. Comece a jornada com Aliados Livro 2.<\/h5>\n<p><a href=\"universo-realidade-da-natureza\">Primeiro Relat\u00f3rio: O Universo No Qual Voc\u00eas Est\u00e3o Emergindo<\/a><\/p>\n<p><a href=\"por-que-aliens-estao-aqui\">Segundo Relat\u00f3rio: Porque A Interven\u00e7\u00e3o Est\u00e1 Ocorrendo<\/a><\/p>\n<p><a href=\"a-influencia-sobre-a-humanidade\">Terceiro Relat\u00f3rio: A Influ\u00eancia Sobre A Humanidade<\/a><\/p>\n<p><a href=\"coletivos-no-universo\">Quarto Relat\u00f3rio: Os Coletivos<\/a><\/p>\n<p><a href=\"recursos-biologicos\">Quinto Relat\u00f3rio: O Que Eles Querem<\/a><\/p>\n<p><a href=\"uma-chamada-a-acao-poder-espiritual\">Sexto Relat\u00f3rio: Uma Chamada \u00c0 A\u00e7\u00e3o<\/a><\/p>\n<p>Primeiro Coment\u00e1rio: <a href=\"o-problema-da-negacao-humana-primeiro-comentario\">O Problema da Nega\u00e7\u00e3o Humana<\/a><\/p>\n<p>Segundo Coment\u00e1rio: <a href=\"os-efeitos-do-programa-de-pacificacao-segundo-comentario\">Os Efeitos do Programa de Pacifica\u00e7\u00e3o<\/a><\/p>\n<p>Terceiro Coment\u00e1rio: <a href=\"entendendo-a-intervencao-terceiro-comentario\">Entendendo a Interven\u00e7\u00e3o<\/a><\/p>\n<p>A Sociedade para a Nova Mensagem est\u00e1 agora fornecendo todos os 4 volumes de <em>Os Aliados da Humanidade<\/em> online sem custo. N\u00f3s fazemos isto para que esta mensagem possa alcan\u00e7ar o m\u00e1ximo de pessoas poss\u00edvel, tanto ao n\u00edvel do indiv\u00edduo como tamb\u00e9m para aqueles em posi\u00e7\u00f5es de autoridade nas esferas pol\u00edticas, econ\u00f4micas e religiosas.<\/p>\n","protected":false},"excerpt":{"rendered":"<p>Todos os Relat\u00f3rios dos Aliados da Humanidade est\u00e3o dispon\u00edveis gratuitamente online. Comece a jornada com Aliados Livro 2. Primeiro Relat\u00f3rio: O Universo No Qual Voc\u00eas Est\u00e3o Emergindo Segundo Relat\u00f3rio: Porque A Interven\u00e7\u00e3o Est\u00e1 Ocorrendo Terceiro Relat\u00f3rio: A Influ\u00eancia Sobre A Humanidade Quarto Relat\u00f3rio: Os Coletivos Quinto Relat\u00f3rio: O Que Eles Querem Sexto Relat\u00f3rio: Uma Chamada [&hellip;]<\/p>\n","protected":false},"author":2,"featured_media":0,"parent":4747,"menu_order":2,"comment_status":"closed","ping_status":"closed","template":"page-book-start.php","meta":{"_acf_changed":false,"footnotes":""},"class_list":["post-7712","page","type-page","status-publish","hentry"],"acf":[],"yoast_head":"<!-- This site is optimized with the Yoast SEO plugin v26.5 - https:\/\/yoast.com\/wordpress\/plugins\/seo\/ -->\n<title>Allies of Humanity Book 2 | The Allies of Humanity<\/title>\n<meta name=\"description\" content=\"In our second set of briefings we wish to give you a greater understanding and a greater vision of what life is really like in the Universe around you.\" \/>\n<meta name=\"robots\" content=\"index, follow, max-snippet:-1, max-image-preview:large, max-video-preview:-1\" \/>\n<link rel=\"canonical\" href=\"https:\/\/www.alliesofhumanity.org\/pt-br\/os-relatorios\/livro-2\/\" \/>\n<meta property=\"og:locale\" content=\"pt_BR\" \/>\n<meta property=\"og:type\" content=\"article\" \/>\n<meta property=\"og:title\" content=\"Allies of Humanity Book 2 | The Allies of Humanity\" \/>\n<meta property=\"og:description\" content=\"In our second set of briefings we wish to give you a greater understanding and a greater vision of what life is really like in the Universe around you.\" \/>\n<meta property=\"og:url\" content=\"https:\/\/www.alliesofhumanity.org\/pt-br\/os-relatorios\/livro-2\/\" \/>\n<meta property=\"og:site_name\" content=\"The Allies of Humanity\" \/>\n<meta property=\"article:publisher\" content=\"https:\/\/www.facebook.com\/alliesofhumanity\/\" \/>\n<meta property=\"article:modified_time\" content=\"2021-02-23T16:27:06+00:00\" \/>\n<meta property=\"og:image\" content=\"https:\/\/www.alliesofhumanity.org\/wp-content\/uploads\/2021\/01\/og-socialmedia-aoh.jpg\" \/>\n\t<meta property=\"og:image:width\" content=\"1200\" \/>\n\t<meta property=\"og:image:height\" content=\"630\" \/>\n\t<meta property=\"og:image:type\" content=\"image\/jpeg\" \/>\n<meta name=\"twitter:card\" content=\"summary_large_image\" \/>\n<meta name=\"twitter:site\" content=\"@earthallies\" \/>\n<meta name=\"twitter:label1\" content=\"Est. tempo de leitura\" \/>\n\t<meta name=\"twitter:data1\" content=\"1 minuto\" \/>\n<script type=\"application\/ld+json\" class=\"yoast-schema-graph\">{\"@context\":\"https:\/\/schema.org\",\"@graph\":[{\"@type\":\"WebPage\",\"@id\":\"https:\/\/www.alliesofhumanity.org\/pt-br\/os-relatorios\/livro-2\/\",\"url\":\"https:\/\/www.alliesofhumanity.org\/pt-br\/os-relatorios\/livro-2\/\",\"name\":\"Allies of Humanity Book 2 | The Allies of Humanity\",\"isPartOf\":{\"@id\":\"https:\/\/www.alliesofhumanity.org\/pt-br\/#website\"},\"datePublished\":\"2020-12-07T01:18:01+00:00\",\"dateModified\":\"2021-02-23T16:27:06+00:00\",\"description\":\"In our second set of briefings we wish to give you a greater understanding and a greater vision of what life is really like in the Universe around you.\",\"breadcrumb\":{\"@id\":\"https:\/\/www.alliesofhumanity.org\/pt-br\/os-relatorios\/livro-2\/#breadcrumb\"},\"inLanguage\":\"pt-BR\",\"potentialAction\":[{\"@type\":\"ReadAction\",\"target\":[\"https:\/\/www.alliesofhumanity.org\/pt-br\/os-relatorios\/livro-2\/\"]}]},{\"@type\":\"BreadcrumbList\",\"@id\":\"https:\/\/www.alliesofhumanity.org\/pt-br\/os-relatorios\/livro-2\/#breadcrumb\",\"itemListElement\":[{\"@type\":\"ListItem\",\"position\":1,\"name\":\"Os Relat\u00f3rios\",\"item\":\"https:\/\/www.alliesofhumanity.org\/pt-br\/os-relatorios\/\"},{\"@type\":\"ListItem\",\"position\":2,\"name\":\"Livro 2\"}]},{\"@type\":\"WebSite\",\"@id\":\"https:\/\/www.alliesofhumanity.org\/pt-br\/#website\",\"url\":\"https:\/\/www.alliesofhumanity.org\/pt-br\/\",\"name\":\"The Allies of Humanity\",\"description\":\"\",\"potentialAction\":[{\"@type\":\"SearchAction\",\"target\":{\"@type\":\"EntryPoint\",\"urlTemplate\":\"https:\/\/www.alliesofhumanity.org\/pt-br\/?s={search_term_string}\"},\"query-input\":{\"@type\":\"PropertyValueSpecification\",\"valueRequired\":true,\"valueName\":\"search_term_string\"}}],\"inLanguage\":\"pt-BR\"}]}<\/script>\n<!-- \/ Yoast SEO plugin. -->","yoast_head_json":{"title":"Allies of Humanity Book 2 | The Allies of Humanity","description":"In our second set of briefings we wish to give you a greater understanding and a greater vision of what life is really like in the Universe around you.","robots":{"index":"index","follow":"follow","max-snippet":"max-snippet:-1","max-image-preview":"max-image-preview:large","max-video-preview":"max-video-preview:-1"},"canonical":"https:\/\/www.alliesofhumanity.org\/pt-br\/os-relatorios\/livro-2\/","og_locale":"pt_BR","og_type":"article","og_title":"Allies of Humanity Book 2 | The Allies of Humanity","og_description":"In our second set of briefings we wish to give you a greater understanding and a greater vision of what life is really like in the Universe around you.","og_url":"https:\/\/www.alliesofhumanity.org\/pt-br\/os-relatorios\/livro-2\/","og_site_name":"The Allies of Humanity","article_publisher":"https:\/\/www.facebook.com\/alliesofhumanity\/","article_modified_time":"2021-02-23T16:27:06+00:00","og_image":[{"width":1200,"height":630,"url":"https:\/\/www.alliesofhumanity.org\/wp-content\/uploads\/2021\/01\/og-socialmedia-aoh.jpg","type":"image\/jpeg"}],"twitter_card":"summary_large_image","twitter_site":"@earthallies","twitter_misc":{"Est. tempo de leitura":"1 minuto"},"schema":{"@context":"https:\/\/schema.org","@graph":[{"@type":"WebPage","@id":"https:\/\/www.alliesofhumanity.org\/pt-br\/os-relatorios\/livro-2\/","url":"https:\/\/www.alliesofhumanity.org\/pt-br\/os-relatorios\/livro-2\/","name":"Allies of Humanity Book 2 | The Allies of Humanity","isPartOf":{"@id":"https:\/\/www.alliesofhumanity.org\/pt-br\/#website"},"datePublished":"2020-12-07T01:18:01+00:00","dateModified":"2021-02-23T16:27:06+00:00","description":"In our second set of briefings we wish to give you a greater understanding and a greater vision of what life is really like in the Universe around you.","breadcrumb":{"@id":"https:\/\/www.alliesofhumanity.org\/pt-br\/os-relatorios\/livro-2\/#breadcrumb"},"inLanguage":"pt-BR","potentialAction":[{"@type":"ReadAction","target":["https:\/\/www.alliesofhumanity.org\/pt-br\/os-relatorios\/livro-2\/"]}]},{"@type":"BreadcrumbList","@id":"https:\/\/www.alliesofhumanity.org\/pt-br\/os-relatorios\/livro-2\/#breadcrumb","itemListElement":[{"@type":"ListItem","position":1,"name":"Os Relat\u00f3rios","item":"https:\/\/www.alliesofhumanity.org\/pt-br\/os-relatorios\/"},{"@type":"ListItem","position":2,"name":"Livro 2"}]},{"@type":"WebSite","@id":"https:\/\/www.alliesofhumanity.org\/pt-br\/#website","url":"https:\/\/www.alliesofhumanity.org\/pt-br\/","name":"The Allies of Humanity","description":"","potentialAction":[{"@type":"SearchAction","target":{"@type":"EntryPoint","urlTemplate":"https:\/\/www.alliesofhumanity.org\/pt-br\/?s={search_term_string}"},"query-input":{"@type":"PropertyValueSpecification","valueRequired":true,"valueName":"search_term_string"}}],"inLanguage":"pt-BR"}]}},"_links":{"self":[{"href":"https:\/\/www.alliesofhumanity.org\/pt-br\/wp-json\/wp\/v2\/pages\/7712","targetHints":{"allow":["GET"]}}],"collection":[{"href":"https:\/\/www.alliesofhumanity.org\/pt-br\/wp-json\/wp\/v2\/pages"}],"about":[{"href":"https:\/\/www.alliesofhumanity.org\/pt-br\/wp-json\/wp\/v2\/types\/page"}],"author":[{"embeddable":true,"href":"https:\/\/www.alliesofhumanity.org\/pt-br\/wp-json\/wp\/v2\/users\/2"}],"replies":[{"embeddable":true,"href":"https:\/\/www.alliesofhumanity.org\/pt-br\/wp-json\/wp\/v2\/comments?post=7712"}],"version-history":[{"count":6,"href":"https:\/\/www.alliesofhumanity.org\/pt-br\/wp-json\/wp\/v2\/pages\/7712\/revisions"}],"predecessor-version":[{"id":13602,"href":"https:\/\/www.alliesofhumanity.org\/pt-br\/wp-json\/wp\/v2\/pages\/7712\/revisions\/13602"}],"up":[{"embeddable":true,"href":"https:\/\/www.alliesofhumanity.org\/pt-br\/wp-json\/wp\/v2\/pages\/4747"}],"wp:attachment":[{"href":"https:\/\/www.alliesofhumanity.org\/pt-br\/wp-json\/wp\/v2\/media?parent=7712"}],"curies":[{"name":"wp","href":"https:\/\/api.w.org\/{rel}","templated":true}]}}