{"id":7710,"date":"2020-12-07T02:09:24","date_gmt":"2020-12-07T01:09:24","guid":{"rendered":"https:\/\/www.alliesofhumanity.org\/the-briefings\/book-one\/final-words\/"},"modified":"2020-12-12T15:34:22","modified_gmt":"2020-12-12T14:34:22","slug":"palavras-finais","status":"publish","type":"page","link":"https:\/\/www.alliesofhumanity.org\/pt-br\/os-relatorios\/livro-1\/palavras-finais\/","title":{"rendered":"Palavras Finais"},"content":{"rendered":"\t\t<div data-elementor-type=\"wp-page\" data-elementor-id=\"7710\" class=\"elementor elementor-7710 elementor-2181\" data-elementor-post-type=\"page\">\t\t\t\t\t\t<section class=\"elementor-section elementor-top-section elementor-element elementor-element-54dadb56 elementor-section-boxed elementor-section-height-default elementor-section-height-default\" data-id=\"54dadb56\" data-element_type=\"section\">\t\t\t\t\t\t<div class=\"elementor-container elementor-column-gap-default\">\t\t\t\t\t<div class=\"elementor-column elementor-col-100 elementor-top-column elementor-element elementor-element-31c5ce98\" data-id=\"31c5ce98\" data-element_type=\"column\">\t\t\t<div class=\"elementor-widget-wrap elementor-element-populated\">\t\t\t\t\t\t<div class=\"elementor-element elementor-element-7d4c35aa elementor-widget elementor-widget-text-editor\" data-id=\"7d4c35aa\" data-element_type=\"widget\" data-widget_type=\"text-editor.default\">\t\t\t\t<div class=\"elementor-widget-container\">\t\t\t\t\t\t\t\t\t<h1 style=\"text-align: center;\">Palavras Finais<\/h1><p>A humanidade est\u00e1 em um novo come\u00e7o. Ela enfrenta uma situa\u00e7\u00e3o grave. A necessidade por uma nova educa\u00e7\u00e3o e entendimento \u00e9 fundamental. N\u00f3s estamos aqui para servir esta necessidade a pedido dos N\u00e3o-Vistos. Eles est\u00e3o contando conosco para compartilharmos a nossa sabedoria, porque n\u00f3s vivemos no universo f\u00edsico, assim como voc\u00eas. N\u00e3o somos seres angelicais. N\u00e3o somos perfeitos. N\u00e3o alcan\u00e7amos grandes n\u00edveis de consci\u00eancia e realiza\u00e7\u00e3o espirituais. E, portanto, a nossa mensagem para voc\u00eas sobre a Comunidade Maior, n\u00f3s confiamos, ser\u00e1 mais relevante e mais facilmente recebida. Os N\u00e3o-Vistos sabem muito mais do que n\u00f3s sobre a vida no universo e sobre os n\u00edveis de avan\u00e7o e realiza\u00e7\u00e3o que est\u00e3o dispon\u00edveis e que s\u00e3o praticados em muitos lugares. No entanto, eles nos pediram para falar a respeito da realidade da vida f\u00edsica porque n\u00f3s estamos totalmente engajados ali. E n\u00f3s aprendemos por meio de nossas pr\u00f3prias prova\u00e7\u00f5es e erros sobre a import\u00e2ncia e o significado do que estamos compartilhando com voc\u00eas.<\/p><p>Assim, n\u00f3s viemos como os Aliados da Humanidade, pois \u00e9 isto o que somos. Sejam gratos por terem aliados que podem ajud\u00e1-los, que podem instru\u00ed-los e que podem apoiar a sua for\u00e7a, a sua liberdade e a sua realiza\u00e7\u00e3o. Porque sem esta assist\u00eancia, as probabilidades de voc\u00eas sobreviverem ao tipo de infiltra\u00e7\u00e3o alien\u00edgena que est\u00e3o vivenciando agora seriam muito limitadas. Sim, existiriam alguns poucos indiv\u00edduos que iriam perceber a situa\u00e7\u00e3o como ela realmente existe, mas a quantidade destes n\u00e3o seria grande o bastante, e as vozes deles n\u00e3o seriam ouvidas.<\/p><p>Nisto, s\u00f3 podemos pedir pela sua confian\u00e7a. N\u00f3s esperamos que atrav\u00e9s da sabedoria de nossas palavras e atrav\u00e9s das oportunidades que voc\u00eas t\u00eam de aprender o significado e relev\u00e2ncia delas, possamos ganhar esta confian\u00e7a ao longo do tempo, porque voc\u00eas t\u00eam aliados na Comunidade Maior. Voc\u00eas t\u00eam grandes amigos fora deste mundo, que sofreram os desafios que voc\u00eas est\u00e3o enfrentando agora e que alcan\u00e7aram sucesso. Por termos sido ajudados, n\u00f3s agora devemos ajudar a outros. Este \u00e9 o nosso pacto sagrado. \u00c9 com isto que estamos firmemente comprometidos.<\/p>\t\t\t\t\t\t\t\t<\/div>\t\t\t\t<\/div>\t\t\t\t\t<\/div>\t\t<\/div>\t\t\t\t\t<\/div>\t\t<\/section>\t\t\t\t<\/div><p>\t\t<\/p>","protected":false},"excerpt":{"rendered":"<p>Palavras Finais A humanidade est\u00e1 em um novo come\u00e7o. Ela enfrenta uma situa\u00e7\u00e3o grave. A necessidade por uma nova educa\u00e7\u00e3o e entendimento \u00e9 fundamental. N\u00f3s estamos aqui para servir esta necessidade a pedido dos N\u00e3o-Vistos. Eles est\u00e3o contando conosco para compartilharmos a nossa sabedoria, porque n\u00f3s vivemos no universo f\u00edsico, assim como voc\u00eas. N\u00e3o somos [&hellip;]<\/p>\n","protected":false},"author":2,"featured_media":0,"parent":7668,"menu_order":7,"comment_status":"closed","ping_status":"closed","template":"page.php","meta":{"_acf_changed":false,"footnotes":""},"class_list":["post-7710","page","type-page","status-publish","hentry"],"acf":[],"yoast_head":"<!-- This site is optimized with the Yoast SEO plugin v26.5 - https:\/\/yoast.com\/wordpress\/plugins\/seo\/ -->\n<title>Palavras Finais - The Allies of Humanity<\/title>\n<meta name=\"robots\" content=\"index, follow, max-snippet:-1, max-image-preview:large, max-video-preview:-1\" \/>\n<link rel=\"canonical\" href=\"https:\/\/www.alliesofhumanity.org\/pt-br\/os-relatorios\/livro-1\/palavras-finais\/\" \/>\n<meta property=\"og:locale\" content=\"pt_BR\" \/>\n<meta property=\"og:type\" content=\"article\" \/>\n<meta property=\"og:title\" content=\"Palavras Finais - The Allies of Humanity\" \/>\n<meta property=\"og:description\" content=\"Palavras Finais A humanidade est\u00e1 em um novo come\u00e7o. Ela enfrenta uma situa\u00e7\u00e3o grave. A necessidade por uma nova educa\u00e7\u00e3o e entendimento \u00e9 fundamental. N\u00f3s estamos aqui para servir esta necessidade a pedido dos N\u00e3o-Vistos. Eles est\u00e3o contando conosco para compartilharmos a nossa sabedoria, porque n\u00f3s vivemos no universo f\u00edsico, assim como voc\u00eas. N\u00e3o somos [&hellip;]\" \/>\n<meta property=\"og:url\" content=\"https:\/\/www.alliesofhumanity.org\/pt-br\/os-relatorios\/livro-1\/palavras-finais\/\" \/>\n<meta property=\"og:site_name\" content=\"The Allies of Humanity\" \/>\n<meta property=\"article:publisher\" content=\"https:\/\/www.facebook.com\/alliesofhumanity\/\" \/>\n<meta property=\"article:modified_time\" content=\"2020-12-12T14:34:22+00:00\" \/>\n<meta property=\"og:image\" content=\"https:\/\/www.alliesofhumanity.org\/wp-content\/uploads\/2021\/01\/og-socialmedia-aoh.jpg\" \/>\n\t<meta property=\"og:image:width\" content=\"1200\" \/>\n\t<meta property=\"og:image:height\" content=\"630\" \/>\n\t<meta property=\"og:image:type\" content=\"image\/jpeg\" \/>\n<meta name=\"twitter:card\" content=\"summary_large_image\" \/>\n<meta name=\"twitter:site\" content=\"@earthallies\" \/>\n<meta name=\"twitter:label1\" content=\"Est. tempo de leitura\" \/>\n\t<meta name=\"twitter:data1\" content=\"2 minutos\" \/>\n<script type=\"application\/ld+json\" class=\"yoast-schema-graph\">{\"@context\":\"https:\/\/schema.org\",\"@graph\":[{\"@type\":\"WebPage\",\"@id\":\"https:\/\/www.alliesofhumanity.org\/pt-br\/os-relatorios\/livro-1\/palavras-finais\/\",\"url\":\"https:\/\/www.alliesofhumanity.org\/pt-br\/os-relatorios\/livro-1\/palavras-finais\/\",\"name\":\"Palavras Finais - The Allies of Humanity\",\"isPartOf\":{\"@id\":\"https:\/\/www.alliesofhumanity.org\/pt-br\/#website\"},\"datePublished\":\"2020-12-07T01:09:24+00:00\",\"dateModified\":\"2020-12-12T14:34:22+00:00\",\"breadcrumb\":{\"@id\":\"https:\/\/www.alliesofhumanity.org\/pt-br\/os-relatorios\/livro-1\/palavras-finais\/#breadcrumb\"},\"inLanguage\":\"pt-BR\",\"potentialAction\":[{\"@type\":\"ReadAction\",\"target\":[\"https:\/\/www.alliesofhumanity.org\/pt-br\/os-relatorios\/livro-1\/palavras-finais\/\"]}]},{\"@type\":\"BreadcrumbList\",\"@id\":\"https:\/\/www.alliesofhumanity.org\/pt-br\/os-relatorios\/livro-1\/palavras-finais\/#breadcrumb\",\"itemListElement\":[{\"@type\":\"ListItem\",\"position\":1,\"name\":\"Os Relat\u00f3rios\",\"item\":\"https:\/\/www.alliesofhumanity.org\/pt-br\/os-relatorios\/\"},{\"@type\":\"ListItem\",\"position\":2,\"name\":\"Livro 1\",\"item\":\"https:\/\/www.alliesofhumanity.org\/pt-br\/the-briefings\/book-one\/\"},{\"@type\":\"ListItem\",\"position\":3,\"name\":\"Palavras Finais\"}]},{\"@type\":\"WebSite\",\"@id\":\"https:\/\/www.alliesofhumanity.org\/pt-br\/#website\",\"url\":\"https:\/\/www.alliesofhumanity.org\/pt-br\/\",\"name\":\"The Allies of Humanity\",\"description\":\"\",\"potentialAction\":[{\"@type\":\"SearchAction\",\"target\":{\"@type\":\"EntryPoint\",\"urlTemplate\":\"https:\/\/www.alliesofhumanity.org\/pt-br\/?s={search_term_string}\"},\"query-input\":{\"@type\":\"PropertyValueSpecification\",\"valueRequired\":true,\"valueName\":\"search_term_string\"}}],\"inLanguage\":\"pt-BR\"}]}<\/script>\n<!-- \/ Yoast SEO plugin. -->","yoast_head_json":{"title":"Palavras Finais - The Allies of Humanity","robots":{"index":"index","follow":"follow","max-snippet":"max-snippet:-1","max-image-preview":"max-image-preview:large","max-video-preview":"max-video-preview:-1"},"canonical":"https:\/\/www.alliesofhumanity.org\/pt-br\/os-relatorios\/livro-1\/palavras-finais\/","og_locale":"pt_BR","og_type":"article","og_title":"Palavras Finais - The Allies of Humanity","og_description":"Palavras Finais A humanidade est\u00e1 em um novo come\u00e7o. Ela enfrenta uma situa\u00e7\u00e3o grave. A necessidade por uma nova educa\u00e7\u00e3o e entendimento \u00e9 fundamental. N\u00f3s estamos aqui para servir esta necessidade a pedido dos N\u00e3o-Vistos. Eles est\u00e3o contando conosco para compartilharmos a nossa sabedoria, porque n\u00f3s vivemos no universo f\u00edsico, assim como voc\u00eas. N\u00e3o somos [&hellip;]","og_url":"https:\/\/www.alliesofhumanity.org\/pt-br\/os-relatorios\/livro-1\/palavras-finais\/","og_site_name":"The Allies of Humanity","article_publisher":"https:\/\/www.facebook.com\/alliesofhumanity\/","article_modified_time":"2020-12-12T14:34:22+00:00","og_image":[{"width":1200,"height":630,"url":"https:\/\/www.alliesofhumanity.org\/wp-content\/uploads\/2021\/01\/og-socialmedia-aoh.jpg","type":"image\/jpeg"}],"twitter_card":"summary_large_image","twitter_site":"@earthallies","twitter_misc":{"Est. tempo de leitura":"2 minutos"},"schema":{"@context":"https:\/\/schema.org","@graph":[{"@type":"WebPage","@id":"https:\/\/www.alliesofhumanity.org\/pt-br\/os-relatorios\/livro-1\/palavras-finais\/","url":"https:\/\/www.alliesofhumanity.org\/pt-br\/os-relatorios\/livro-1\/palavras-finais\/","name":"Palavras Finais - The Allies of Humanity","isPartOf":{"@id":"https:\/\/www.alliesofhumanity.org\/pt-br\/#website"},"datePublished":"2020-12-07T01:09:24+00:00","dateModified":"2020-12-12T14:34:22+00:00","breadcrumb":{"@id":"https:\/\/www.alliesofhumanity.org\/pt-br\/os-relatorios\/livro-1\/palavras-finais\/#breadcrumb"},"inLanguage":"pt-BR","potentialAction":[{"@type":"ReadAction","target":["https:\/\/www.alliesofhumanity.org\/pt-br\/os-relatorios\/livro-1\/palavras-finais\/"]}]},{"@type":"BreadcrumbList","@id":"https:\/\/www.alliesofhumanity.org\/pt-br\/os-relatorios\/livro-1\/palavras-finais\/#breadcrumb","itemListElement":[{"@type":"ListItem","position":1,"name":"Os Relat\u00f3rios","item":"https:\/\/www.alliesofhumanity.org\/pt-br\/os-relatorios\/"},{"@type":"ListItem","position":2,"name":"Livro 1","item":"https:\/\/www.alliesofhumanity.org\/pt-br\/the-briefings\/book-one\/"},{"@type":"ListItem","position":3,"name":"Palavras Finais"}]},{"@type":"WebSite","@id":"https:\/\/www.alliesofhumanity.org\/pt-br\/#website","url":"https:\/\/www.alliesofhumanity.org\/pt-br\/","name":"The Allies of Humanity","description":"","potentialAction":[{"@type":"SearchAction","target":{"@type":"EntryPoint","urlTemplate":"https:\/\/www.alliesofhumanity.org\/pt-br\/?s={search_term_string}"},"query-input":{"@type":"PropertyValueSpecification","valueRequired":true,"valueName":"search_term_string"}}],"inLanguage":"pt-BR"}]}},"_links":{"self":[{"href":"https:\/\/www.alliesofhumanity.org\/pt-br\/wp-json\/wp\/v2\/pages\/7710","targetHints":{"allow":["GET"]}}],"collection":[{"href":"https:\/\/www.alliesofhumanity.org\/pt-br\/wp-json\/wp\/v2\/pages"}],"about":[{"href":"https:\/\/www.alliesofhumanity.org\/pt-br\/wp-json\/wp\/v2\/types\/page"}],"author":[{"embeddable":true,"href":"https:\/\/www.alliesofhumanity.org\/pt-br\/wp-json\/wp\/v2\/users\/2"}],"replies":[{"embeddable":true,"href":"https:\/\/www.alliesofhumanity.org\/pt-br\/wp-json\/wp\/v2\/comments?post=7710"}],"version-history":[{"count":3,"href":"https:\/\/www.alliesofhumanity.org\/pt-br\/wp-json\/wp\/v2\/pages\/7710\/revisions"}],"predecessor-version":[{"id":7981,"href":"https:\/\/www.alliesofhumanity.org\/pt-br\/wp-json\/wp\/v2\/pages\/7710\/revisions\/7981"}],"up":[{"embeddable":true,"href":"https:\/\/www.alliesofhumanity.org\/pt-br\/wp-json\/wp\/v2\/pages\/7668"}],"wp:attachment":[{"href":"https:\/\/www.alliesofhumanity.org\/pt-br\/wp-json\/wp\/v2\/media?parent=7710"}],"curies":[{"name":"wp","href":"https:\/\/api.w.org\/{rel}","templated":true}]}}