{"id":7668,"date":"2020-12-06T17:35:30","date_gmt":"2020-12-06T16:35:30","guid":{"rendered":"https:\/\/www.alliesofhumanity.org\/the-briefings\/book-one\/"},"modified":"2023-08-24T16:05:59","modified_gmt":"2023-08-24T15:05:59","slug":"livro-1","status":"publish","type":"page","link":"https:\/\/www.alliesofhumanity.org\/pt-br\/os-relatorios\/livro-1\/","title":{"rendered":"Livro 1"},"content":{"rendered":"<h5>Todos os Relat\u00f3rios dos Aliados da Humanidade est\u00e3o dispon\u00edveis gratuitamente online. Comece a jornada com Aliados da Humanidade Livro 1.<\/h5>\n<p>H\u00e1 mais de 20 anos atr\u00e1s, um grupo de indiv\u00edduos vindos de v\u00e1rios mundos diferentes se reuniu em uma localidade discreta em nosso sistema solar, pr\u00f3ximo da Terra, com o prop\u00f3sito de observar a Interven\u00e7\u00e3o alien\u00edgena que est\u00e1 ocorrendo em nosso mundo. A partir de sua posi\u00e7\u00e3o estrat\u00e9gica oculta, eles puderam determinar a identidade, a organiza\u00e7\u00e3o e as inten\u00e7\u00f5es daqueles visitando o nosso mundo e puderam monitorar as atividades dos visitantes.<\/p>\n<p>Este grupo de observadores se autodenomina \u201cOs Aliados da Humanidade\u201d.<\/p>\n<p>Para obter uma c\u00f3pia do livro:<\/p>\n<ul>\n<li>Vers\u00e3o impressa: <a href=\"https:\/\/www.revistaufo.shop\/product-page\/livro-os-aliados-da-humanidade\" target=\"_blank\" rel=\"noopener\">Biblioteca UFO<\/a>.<\/li>\n<li>Formato Ebook: <a href=\"https:\/\/newknowledgelibrary.org\/e-books\/os-aliados-da-humanidade-livro-1-allies-of-humanity-book-one-portuguese-ebook\/\" target=\"_blank\" rel=\"noopener\">New Knowledge Library<\/a>, <a href=\"https:\/\/www.amazon.com\/gp\/product\/B007OE7UVM\/\" target=\"_blank\" rel=\"noopener\">Kindle version from Amazon<\/a>, <a href=\"https:\/\/books.apple.com\/us\/book\/os-aliados-da-humanidade\/id896249528\" target=\"_blank\" rel=\"noopener\">Apple Books<\/a> or <a href=\"https:\/\/play.google.com\/store\/books\/details\/Marshall_Vian_Summers_Os_Aliados_da_Humanidade_AH1?id=-Lf0AwAAQBAJ\" target=\"_blank\" rel=\"noopener\">Google Play<\/a>.<\/li>\n<\/ul>\n<hr \/>\n<h5>Comece a ler os Relat\u00f3rios online agora<\/h5>\n<p>\u00cdndice:<\/p>\n<p><a href=\"\/pt-br\/os-relatorios\/livro-1\/racas-alienigenas-terra\">Primeiro Relat\u00f3rio: A Presen\u00e7a Extraterrestre no Mundo Hoje<\/a><\/p>\n<p><a href=\"\/pt-br\/os-relatorios\/livro-1\/liberdade-humana\/\">Segundo Relat\u00f3rio: O Desafio para a Liberdade Humana<\/a><\/p>\n<p><a href=\"\/pt-br\/os-relatorios\/livro-1\/os-visitantes\/\">Terceiro Relat\u00f3rio: Um Grave Alerta<\/a><\/p>\n<p><a href=\"\/pt-br\/os-relatorios\/livro-1\/falsa-segunda-vinda\/\">Quarto Relat\u00f3rio: A Manipula\u00e7\u00e3o das Tradi\u00e7\u00f5es e Cren\u00e7as Religiosas<\/a><\/p>\n<p><a href=\"\/pt-br\/os-relatorios\/livro-1\/limiar-presenca-alienigena\/\">Quinto Relat\u00f3rio: O Limiar: Uma Nova Promessa para a Humanidade<\/a><\/p>\n<p><a href=\"\/pt-br\/os-relatorios\/livro-1\/perguntas-sobre-alienigenas\/\">Sexto Relat\u00f3rio: Perguntas e Respostas<\/a><\/p>\n<p><a href=\"\/pt-br\/os-relatorios\/livro-1\/palavras-finais\/\">Palavras Finais<\/a><\/p>\n<p>A Sociedade para a Nova Mensagem est\u00e1 agora fornecendo todos os 4 volumes de <em>Os Aliados da Humanidade<\/em> online sem custo. N\u00f3s fazemos isto para que esta mensagem possa alcan\u00e7ar o m\u00e1ximo de pessoas poss\u00edvel, tanto ao n\u00edvel do indiv\u00edduo como tamb\u00e9m para aqueles em posi\u00e7\u00f5es de autoridade nas esferas pol\u00edticas, econ\u00f4micas e religiosas.<\/p>\n","protected":false},"excerpt":{"rendered":"<p>Todos os Relat\u00f3rios dos Aliados da Humanidade est\u00e3o dispon\u00edveis gratuitamente online. Comece a jornada com Aliados da Humanidade Livro 1. H\u00e1 mais de 20 anos atr\u00e1s, um grupo de indiv\u00edduos vindos de v\u00e1rios mundos diferentes se reuniu em uma localidade discreta em nosso sistema solar, pr\u00f3ximo da Terra, com o prop\u00f3sito de observar a Interven\u00e7\u00e3o [&hellip;]<\/p>\n","protected":false},"author":25,"featured_media":0,"parent":4747,"menu_order":1,"comment_status":"closed","ping_status":"closed","template":"page-book-start.php","meta":{"_acf_changed":false,"footnotes":""},"class_list":["post-7668","page","type-page","status-publish","hentry"],"acf":[],"yoast_head":"<!-- This site is optimized with the Yoast SEO plugin v26.5 - https:\/\/yoast.com\/wordpress\/plugins\/seo\/ -->\n<title>Aliados da Humanidade, Livro 1: Os Aliados da Humanidade<\/title>\n<meta name=\"description\" content=\"H\u00e1 mais de 20 anos atr\u00e1s, um grupo de indiv\u00edduos vindos de v\u00e1rios mundos diferentes se reuniu em uma localidade discreta em nosso sistema solar, pr\u00f3ximo da Terra, com o prop\u00f3sito de observar a Interven\u00e7\u00e3o alien\u00edgena que est\u00e1 ocorrendo em nosso mundo.\" \/>\n<meta name=\"robots\" content=\"index, follow, max-snippet:-1, max-image-preview:large, max-video-preview:-1\" \/>\n<link rel=\"canonical\" href=\"https:\/\/www.alliesofhumanity.org\/pt-br\/os-relatorios\/livro-1\/\" \/>\n<meta property=\"og:locale\" content=\"pt_BR\" \/>\n<meta property=\"og:type\" content=\"article\" \/>\n<meta property=\"og:title\" content=\"Aliados da Humanidade, Livro 1: Sobre os Aliados da Humanidade\" \/>\n<meta property=\"og:description\" content=\"H\u00e1 mais de 20 anos atr\u00e1s, um grupo de indiv\u00edduos vindos de v\u00e1rios mundos diferentes se reuniu em uma localidade discreta em nosso sistema solar, pr\u00f3ximo da Terra, com o prop\u00f3sito de observar a Interven\u00e7\u00e3o alien\u00edgena que est\u00e1 ocorrendo em nosso mundo.\" \/>\n<meta property=\"og:url\" content=\"https:\/\/www.alliesofhumanity.org\/pt-br\/os-relatorios\/livro-1\/\" \/>\n<meta property=\"og:site_name\" content=\"The Allies of Humanity\" \/>\n<meta property=\"article:publisher\" content=\"https:\/\/www.facebook.com\/alliesofhumanity\/\" \/>\n<meta property=\"article:modified_time\" content=\"2023-08-24T15:05:59+00:00\" \/>\n<meta property=\"og:image\" content=\"https:\/\/www.alliesofhumanity.org\/wp-content\/uploads\/2021\/01\/og-socialmedia-aoh.jpg\" \/>\n\t<meta property=\"og:image:width\" content=\"1200\" \/>\n\t<meta property=\"og:image:height\" content=\"630\" \/>\n\t<meta property=\"og:image:type\" content=\"image\/jpeg\" \/>\n<meta name=\"twitter:card\" content=\"summary_large_image\" \/>\n<meta name=\"twitter:title\" content=\"Aliados da Humanidade, Livro 1: Sobre os Aliados da Humanidade\" \/>\n<meta name=\"twitter:site\" content=\"@earthallies\" \/>\n<meta name=\"twitter:label1\" content=\"Est. tempo de leitura\" \/>\n\t<meta name=\"twitter:data1\" content=\"1 minuto\" \/>\n<script type=\"application\/ld+json\" class=\"yoast-schema-graph\">{\"@context\":\"https:\/\/schema.org\",\"@graph\":[{\"@type\":\"WebPage\",\"@id\":\"https:\/\/www.alliesofhumanity.org\/pt-br\/os-relatorios\/livro-1\/\",\"url\":\"https:\/\/www.alliesofhumanity.org\/pt-br\/os-relatorios\/livro-1\/\",\"name\":\"Aliados da Humanidade, Livro 1: Os Aliados da Humanidade\",\"isPartOf\":{\"@id\":\"https:\/\/www.alliesofhumanity.org\/pt-br\/#website\"},\"datePublished\":\"2020-12-06T16:35:30+00:00\",\"dateModified\":\"2023-08-24T15:05:59+00:00\",\"description\":\"H\u00e1 mais de 20 anos atr\u00e1s, um grupo de indiv\u00edduos vindos de v\u00e1rios mundos diferentes se reuniu em uma localidade discreta em nosso sistema solar, pr\u00f3ximo da Terra, com o prop\u00f3sito de observar a Interven\u00e7\u00e3o alien\u00edgena que est\u00e1 ocorrendo em nosso mundo.\",\"breadcrumb\":{\"@id\":\"https:\/\/www.alliesofhumanity.org\/pt-br\/os-relatorios\/livro-1\/#breadcrumb\"},\"inLanguage\":\"pt-BR\",\"potentialAction\":[{\"@type\":\"ReadAction\",\"target\":[\"https:\/\/www.alliesofhumanity.org\/pt-br\/os-relatorios\/livro-1\/\"]}]},{\"@type\":\"BreadcrumbList\",\"@id\":\"https:\/\/www.alliesofhumanity.org\/pt-br\/os-relatorios\/livro-1\/#breadcrumb\",\"itemListElement\":[{\"@type\":\"ListItem\",\"position\":1,\"name\":\"Os Relat\u00f3rios\",\"item\":\"https:\/\/www.alliesofhumanity.org\/pt-br\/os-relatorios\/\"},{\"@type\":\"ListItem\",\"position\":2,\"name\":\"Livro 1\"}]},{\"@type\":\"WebSite\",\"@id\":\"https:\/\/www.alliesofhumanity.org\/pt-br\/#website\",\"url\":\"https:\/\/www.alliesofhumanity.org\/pt-br\/\",\"name\":\"The Allies of Humanity\",\"description\":\"\",\"potentialAction\":[{\"@type\":\"SearchAction\",\"target\":{\"@type\":\"EntryPoint\",\"urlTemplate\":\"https:\/\/www.alliesofhumanity.org\/pt-br\/?s={search_term_string}\"},\"query-input\":{\"@type\":\"PropertyValueSpecification\",\"valueRequired\":true,\"valueName\":\"search_term_string\"}}],\"inLanguage\":\"pt-BR\"}]}<\/script>\n<!-- \/ Yoast SEO plugin. -->","yoast_head_json":{"title":"Aliados da Humanidade, Livro 1: Os Aliados da Humanidade","description":"H\u00e1 mais de 20 anos atr\u00e1s, um grupo de indiv\u00edduos vindos de v\u00e1rios mundos diferentes se reuniu em uma localidade discreta em nosso sistema solar, pr\u00f3ximo da Terra, com o prop\u00f3sito de observar a Interven\u00e7\u00e3o alien\u00edgena que est\u00e1 ocorrendo em nosso mundo.","robots":{"index":"index","follow":"follow","max-snippet":"max-snippet:-1","max-image-preview":"max-image-preview:large","max-video-preview":"max-video-preview:-1"},"canonical":"https:\/\/www.alliesofhumanity.org\/pt-br\/os-relatorios\/livro-1\/","og_locale":"pt_BR","og_type":"article","og_title":"Aliados da Humanidade, Livro 1: Sobre os Aliados da Humanidade","og_description":"H\u00e1 mais de 20 anos atr\u00e1s, um grupo de indiv\u00edduos vindos de v\u00e1rios mundos diferentes se reuniu em uma localidade discreta em nosso sistema solar, pr\u00f3ximo da Terra, com o prop\u00f3sito de observar a Interven\u00e7\u00e3o alien\u00edgena que est\u00e1 ocorrendo em nosso mundo.","og_url":"https:\/\/www.alliesofhumanity.org\/pt-br\/os-relatorios\/livro-1\/","og_site_name":"The Allies of Humanity","article_publisher":"https:\/\/www.facebook.com\/alliesofhumanity\/","article_modified_time":"2023-08-24T15:05:59+00:00","og_image":[{"width":1200,"height":630,"url":"https:\/\/www.alliesofhumanity.org\/wp-content\/uploads\/2021\/01\/og-socialmedia-aoh.jpg","type":"image\/jpeg"}],"twitter_card":"summary_large_image","twitter_title":"Aliados da Humanidade, Livro 1: Sobre os Aliados da Humanidade","twitter_site":"@earthallies","twitter_misc":{"Est. tempo de leitura":"1 minuto"},"schema":{"@context":"https:\/\/schema.org","@graph":[{"@type":"WebPage","@id":"https:\/\/www.alliesofhumanity.org\/pt-br\/os-relatorios\/livro-1\/","url":"https:\/\/www.alliesofhumanity.org\/pt-br\/os-relatorios\/livro-1\/","name":"Aliados da Humanidade, Livro 1: Os Aliados da Humanidade","isPartOf":{"@id":"https:\/\/www.alliesofhumanity.org\/pt-br\/#website"},"datePublished":"2020-12-06T16:35:30+00:00","dateModified":"2023-08-24T15:05:59+00:00","description":"H\u00e1 mais de 20 anos atr\u00e1s, um grupo de indiv\u00edduos vindos de v\u00e1rios mundos diferentes se reuniu em uma localidade discreta em nosso sistema solar, pr\u00f3ximo da Terra, com o prop\u00f3sito de observar a Interven\u00e7\u00e3o alien\u00edgena que est\u00e1 ocorrendo em nosso mundo.","breadcrumb":{"@id":"https:\/\/www.alliesofhumanity.org\/pt-br\/os-relatorios\/livro-1\/#breadcrumb"},"inLanguage":"pt-BR","potentialAction":[{"@type":"ReadAction","target":["https:\/\/www.alliesofhumanity.org\/pt-br\/os-relatorios\/livro-1\/"]}]},{"@type":"BreadcrumbList","@id":"https:\/\/www.alliesofhumanity.org\/pt-br\/os-relatorios\/livro-1\/#breadcrumb","itemListElement":[{"@type":"ListItem","position":1,"name":"Os Relat\u00f3rios","item":"https:\/\/www.alliesofhumanity.org\/pt-br\/os-relatorios\/"},{"@type":"ListItem","position":2,"name":"Livro 1"}]},{"@type":"WebSite","@id":"https:\/\/www.alliesofhumanity.org\/pt-br\/#website","url":"https:\/\/www.alliesofhumanity.org\/pt-br\/","name":"The Allies of Humanity","description":"","potentialAction":[{"@type":"SearchAction","target":{"@type":"EntryPoint","urlTemplate":"https:\/\/www.alliesofhumanity.org\/pt-br\/?s={search_term_string}"},"query-input":{"@type":"PropertyValueSpecification","valueRequired":true,"valueName":"search_term_string"}}],"inLanguage":"pt-BR"}]}},"_links":{"self":[{"href":"https:\/\/www.alliesofhumanity.org\/pt-br\/wp-json\/wp\/v2\/pages\/7668","targetHints":{"allow":["GET"]}}],"collection":[{"href":"https:\/\/www.alliesofhumanity.org\/pt-br\/wp-json\/wp\/v2\/pages"}],"about":[{"href":"https:\/\/www.alliesofhumanity.org\/pt-br\/wp-json\/wp\/v2\/types\/page"}],"author":[{"embeddable":true,"href":"https:\/\/www.alliesofhumanity.org\/pt-br\/wp-json\/wp\/v2\/users\/25"}],"replies":[{"embeddable":true,"href":"https:\/\/www.alliesofhumanity.org\/pt-br\/wp-json\/wp\/v2\/comments?post=7668"}],"version-history":[{"count":14,"href":"https:\/\/www.alliesofhumanity.org\/pt-br\/wp-json\/wp\/v2\/pages\/7668\/revisions"}],"predecessor-version":[{"id":21433,"href":"https:\/\/www.alliesofhumanity.org\/pt-br\/wp-json\/wp\/v2\/pages\/7668\/revisions\/21433"}],"up":[{"embeddable":true,"href":"https:\/\/www.alliesofhumanity.org\/pt-br\/wp-json\/wp\/v2\/pages\/4747"}],"wp:attachment":[{"href":"https:\/\/www.alliesofhumanity.org\/pt-br\/wp-json\/wp\/v2\/media?parent=7668"}],"curies":[{"name":"wp","href":"https:\/\/api.w.org\/{rel}","templated":true}]}}