{"id":7662,"date":"2020-12-06T16:42:03","date_gmt":"2020-12-06T15:42:03","guid":{"rendered":"https:\/\/www.alliesofhumanity.org\/the-allies\/"},"modified":"2021-02-03T00:09:21","modified_gmt":"2021-02-02T23:09:21","slug":"os-aliados","status":"publish","type":"page","link":"https:\/\/www.alliesofhumanity.org\/pt-br\/os-aliados\/","title":{"rendered":"Os Aliados"},"content":{"rendered":"\t\t<div data-elementor-type=\"wp-page\" data-elementor-id=\"7662\" class=\"elementor elementor-7662 elementor-758\" data-elementor-post-type=\"page\">\t\t\t\t\t\t<section class=\"elementor-section elementor-top-section elementor-element elementor-element-13aff578 elementor-section-full_width elementor-section-height-default elementor-section-height-default\" data-id=\"13aff578\" data-element_type=\"section\">\t\t\t\t\t\t<div class=\"elementor-container elementor-column-gap-default\">\t\t\t\t\t<div class=\"elementor-column elementor-col-100 elementor-top-column elementor-element elementor-element-73bd0eae\" data-id=\"73bd0eae\" data-element_type=\"column\">\t\t\t<div class=\"elementor-widget-wrap elementor-element-populated\">\t\t\t\t\t\t<div class=\"elementor-element elementor-element-0581c07 elementor-widget elementor-widget-text-editor\" data-id=\"0581c07\" data-element_type=\"widget\" data-widget_type=\"text-editor.default\">\t\t\t\t<div class=\"elementor-widget-container\">\t\t\t\t\t\t\t\t\t<h5><em>Os Aliados da Humanidade<\/em> est\u00e1 sendo apresentado para preparar as pessoas para toda uma nova realidade que em grande parte \u00e9 oculta e n\u00e3o reconhecida no mundo hoje. Ele fornece uma nova perspectiva que capacita as pessoas a enfrentar o maior desafio e oportunidade que n\u00f3s, como ra\u00e7a, j\u00e1 encontramos.<\/h5><p>Os Relat\u00f3rios dos Aliados cont\u00eam um n\u00famero de afirma\u00e7\u00f5es cr\u00edticas, se n\u00e3o alarmantes, sobre a crescente interven\u00e7\u00e3o e integra\u00e7\u00e3o extraterrestre na ra\u00e7a humana e sobre as atividades e agenda oculta dos extraterrestres.<\/p><p>O prop\u00f3sito dos Relat\u00f3rios dos Aliados n\u00e3o \u00e9 fornecer provas concretas sobre a realidade da visita\u00e7\u00e3o extraterrestre ao nosso mundo, o que j\u00e1 \u00e9 bem documentado em muitos outros livros e jornais de pesquisa excelentes sobre o assunto. O prop\u00f3sito dos Relat\u00f3rios dos Aliados \u00e9 endere\u00e7ar as implica\u00e7\u00f5es dram\u00e1ticas e de longo alcance deste fen\u00f4meno, desafiar as nossas tend\u00eancias e suposi\u00e7\u00f5es humanas a respeito disto e alertar a fam\u00edlia humana para o grande limiar que agora enfrentamos.<\/p><p>Os Relat\u00f3rios fornecem um vislumbre da realidade da vida inteligente no universo e o que o Contato vai significar na verdade. Para muitos leitores, o que \u00e9 revelado em <em>Os Aliados da Humanidade<\/em> ser\u00e1 inteiramente novo. Para outros, ser\u00e1 uma confirma\u00e7\u00e3o de coisas que h\u00e1 muito tempo eles sentiam e sabiam.<\/p><p>Embora estes Relat\u00f3rios forne\u00e7am uma mensagem urgente, eles tamb\u00e9m tratam sobre se mover em dire\u00e7\u00e3o a uma consci\u00eancia mais elevada chamada de \u201cConhecimento\u201d, que inclui uma maior habilidade telep\u00e1tica entre pessoas e entre ra\u00e7as. \u00c0 luz disto, os Relat\u00f3rios dos Aliados foram transmitidos para o autor, <a href=\"https:\/\/marshallsummers.com\">Marshall Vian Summers<\/a>, a partir de um grupo multirracial de extraterrestres que referem a si mesmos como os \u201cAliados da Humanidade\u201d.<\/p><p>Eles se descrevem como seres f\u00edsicos de outros mundos que se reuniram em nosso sistema solar, pr\u00f3ximo \u00e0 Terra, com o prop\u00f3sito de observar as comunica\u00e7\u00f5es e atividades daquelas ra\u00e7as alien\u00edgenas que est\u00e3o aqui em nosso mundo interferindo nos assuntos humanos. Eles enfatizam que eles mesmos n\u00e3o est\u00e3o presentes fisicamente em nosso mundo e que est\u00e3o provendo a sabedoria necess\u00e1ria, e n\u00e3o tecnologia ou interfer\u00eancia.<\/p><p>Os Relat\u00f3rios dos Aliados foram dados ao autor ao longo de um ano. Eles oferecem perspectiva e vis\u00e3o em um assunto complexo que, apesar de d\u00e9cadas de evid\u00eancias crescentes, continua a confundir pesquisadores. Contudo, esta perspectiva n\u00e3o \u00e9 rom\u00e2ntica, especulativa ou ideal\u00edstica em sua abordagem a este assunto. Pelo contr\u00e1rio, ela \u00e9 brutalmente realista e intransigente ao ponto de poder ser bem desafiadora, mesmo para um leitor que \u00e9 bem versado neste assunto.<\/p><p class=\"float-left bleed-left\"><img decoding=\"async\" src=\"https:\/\/www.alliesofhumanity.org\/wp-content\/uploads\/2020\/06\/960x540-aoh-book-1.jpg\" alt=\"\" \/><\/p><p>Portanto, para receber o que estes Relat\u00f3rios t\u00eam a oferecer \u00e9 preciso que voc\u00ea suspenda, pelo menos por um momento, muitas das cren\u00e7as, suposi\u00e7\u00f5es e quest\u00f5es que voc\u00ea possa ter sobre o Contato extraterrestre e at\u00e9 mesmo sobre como estes Relat\u00f3rios foram recebidos. O conte\u00fado destes Relat\u00f3rios s\u00e3o como uma mensagem numa garrafa enviada para c\u00e1 de fora do mundo. Assim, n\u00e3o devemos ficar t\u00e3o preocupados com a garrafa, mas com a mensagem em si.<\/p><p>Para entender verdadeiramente esta mensagem desafiadora, temos que confrontar e questionar muitas das suposi\u00e7\u00f5es e tend\u00eancias predominantes a respeito da possibilidade e realidade do Contato. Estas incluem:<\/p><ul><li>nega\u00e7\u00e3o;<\/li><li>expectativas esperan\u00e7osas;<\/li><li>interpretar mal as evid\u00eancias para confirmar as nossas cren\u00e7as;<\/li><li>querer e esperar uma salva\u00e7\u00e3o dos &#8220;visitantes&#8221;;<\/li><li>acreditar que a tecnologia extraterrestre ir\u00e1 nos salvar;<\/li><li>sentir-se sem esperan\u00e7a e submissos ao que supomos ser uma for\u00e7a superior;<\/li><li>exigir a transpar\u00eancia dos governos mas n\u00e3o exigir transpar\u00eancia dos extraterrestres;<\/li><li>condenar os l\u00edderes e as institui\u00e7\u00f5es humanas ao mesmo tempo em que se mant\u00e9m uma aceita\u00e7\u00e3o dos &#8220;visitantes&#8221; sem questionamento;<\/li><li>supor que por eles n\u00e3o nos terem atacado ou invadido, eles devem estar aqui para o nosso bem;<\/li><li>supor que tecnologia avan\u00e7ada \u00e9 igual a \u00e9tica e espiritualidade avan\u00e7adas;<\/li><li>acreditar que este fen\u00f4meno \u00e9 um mist\u00e9rio quando de fato \u00e9 um evento compreens\u00edvel;<\/li><li>acreditar que os extraterrestres de algum modo tenham direitos quanto \u00e0 humanidade e a este planeta;<\/li><li>e acreditar que a humanidade n\u00e3o tem jeito e que n\u00e3o consegue se redimir por conta pr\u00f3pria.<\/li><\/ul><p>Os Relat\u00f3rios dos Aliados desafiam tais suposi\u00e7\u00f5es e tend\u00eancias e detonam muitos dos mitos que temos atualmente sobre quem est\u00e1 nos visitando e sobre o porqu\u00ea deles estarem aqui.<\/p><p>Os Relat\u00f3rios dos Aliados da Humanidade nos d\u00e3o uma maior perspectiva e um entendimento mais profundo sobre o nosso destino dentro de um panorama maior de vida inteligente no universo. A fim de alcan\u00e7ar isto, os Aliados n\u00e3o falam com a nossa mente anal\u00edtica, mas sim com o Conhecimento, a parte mais profunda de nosso ser onde a verdade, embora obscurecida, pode ser discernida e experimentada diretamente.<\/p><p><em>Os Aliados da Humanidade<\/em> levantar\u00e3o muitas quest\u00f5es, o que ir\u00e1 exigir uma explora\u00e7\u00e3o e contempla\u00e7\u00e3o adicional. O foco desta mensagem n\u00e3o \u00e9 fornecer nomes, datas e lugares, mas sim fornecer uma perspectiva sobre a presen\u00e7a extraterrestre no mundo e sobre a vida no universo, o que n\u00f3s como seres humanos n\u00e3o ter\u00edamos como saber de outra maneira.<\/p><p>Enquanto ainda vivemos em isolamento na superf\u00edcie do nosso mundo, ainda n\u00e3o podemos ver e saber o que est\u00e1 acontecendo a respeito da vida inteligente al\u00e9m das nossas fronteiras. Para isto n\u00f3s precisamos de ajuda, uma ajuda de um tipo muito extraordin\u00e1rio. Pode ser que n\u00e3o reconhe\u00e7amos ou aceitemos tal ajuda a princ\u00edpio. No entanto ela est\u00e1 aqui.<\/p><p class=\"float-right bleed-right\"><img decoding=\"async\" src=\"https:\/\/www.alliesofhumanity.org\/wp-content\/uploads\/2020\/06\/960x540-aoh-book-2.jpg\" alt=\"\" \/><\/p><p>O prop\u00f3sito declarado dos Aliados \u00e9 de nos alertar para os riscos de se emergir em uma Comunidade Maior de vida inteligente e nos auxiliar a atravessar com sucesso este grande limiar de tal maneira que a liberdade, a soberania e autodetermina\u00e7\u00e3o humanas possam ser preservadas.<\/p><p>Os Aliados est\u00e3o aqui para nos aconselhar sobre a necessidade de a humanidade estabelecer as suas pr\u00f3prias &#8220;Regras de Intera\u00e7\u00e3o&#8221; durante este tempo sem precedentes. De acordo com os Aliados, se n\u00f3s formos s\u00e1bios, se estivermos preparados e unidos, poderemos ent\u00e3o tomar o nosso lugar destinado como uma ra\u00e7a madura e livre na Comunidade Maior.<\/p><p>***<\/p><p>Durante o per\u00edodo em que esta s\u00e9rie de relat\u00f3rios ocorreu, os Aliados repetiram certas ideias-chave que eles sentiram que eram vitais para o nosso entendimento. N\u00f3s mantivemos estas reitera\u00e7\u00f5es no livro a fim de preservar a inten\u00e7\u00e3o e integridade da comunica\u00e7\u00e3o deles. Devido \u00e0 natureza urgente da mensagem dos Aliados e devido \u00e0s for\u00e7as no mundo que se oporiam a esta mensagem, existe uma sabedoria e uma necessidade nestas repeti\u00e7\u00f5es.<\/p><p>Depois da publica\u00e7\u00e3o de <em>Os Aliados da Humanidade Livro Um<\/em> em 2001, os Aliados forneceram um segundo conjunto de Relat\u00f3rios para completar a sua mensagem vital para a humanidade. <em>Os Aliados da Humanidade Livro Dois<\/em>, publicado em 2005, apresenta novas informa\u00e7\u00f5es surpreendentes sobre as intera\u00e7\u00f5es entre as ra\u00e7as em nosso universo local e sobre a natureza, prop\u00f3sito e as atividades mais ocultas daquelas ra\u00e7as que est\u00e3o interferindo nos assuntos humanos.<\/p><p>Os Aliados iniciaram communica\u00e7\u00e3o novamente em 2008, descrevendo mais o ambiente complexo no qual a humanidade est\u00e1 emergindo. O terceiro conjunto de Relat\u00f3rios foi publicado em 2012.<\/p><p>Gra\u00e7as \u00e0queles leitores que sentiram a urg\u00eancia da mensagem dos Aliados e traduziram os Relat\u00f3rios em outros idiomas, existe uma crescente conscientiza\u00e7\u00e3o mundial sobre a realidade da Interven\u00e7\u00e3o.<\/p><p>N\u00f3s na Sociedade para a Nova Mensagem consideramos que estes tr\u00eas conjuntos de Relat\u00f3rios cont\u00e9m uma das mais importantes mensagens sendo comunicadas no mundo hoje.<\/p><p><em>Os Aliados da Humanidade<\/em> n\u00e3o \u00e9 somente outro livro especulando sobre o fen\u00f4meno ufol\u00f3gico\/extraterrestre. Ele \u00e9 uma mensagem genu\u00edna e transformadora direcionada precisamente ao prop\u00f3sito por tr\u00e1s da Interven\u00e7\u00e3o alien\u00edgena a fim de criar a conscientiza\u00e7\u00e3o de que iremos precisar para enfrentar os desafios e as oportunidades que se encontram adiante.<\/p><p><a title=\"V\u00e1 para newmessage.org\" href=\"https:\/\/www.newmessage.org\/worldwide-community\/society\" target=\"_blank\" rel=\"noopener noreferrer\">A Sociedade para a Nova Mensagem<\/a>.<\/p>\t\t\t\t\t\t\t\t<\/div>\t\t\t\t<\/div>\t\t\t\t\t<\/div>\t\t<\/div>\t\t\t\t\t<\/div>\t\t<\/section>\t\t\t\t<\/div><p>\t\t<\/p>","protected":false},"excerpt":{"rendered":"<p>Os Aliados da Humanidade est\u00e1 sendo apresentado para preparar as pessoas para toda uma nova realidade que em grande parte \u00e9 oculta e n\u00e3o reconhecida no mundo hoje. Ele fornece uma nova perspectiva que capacita as pessoas a enfrentar o maior desafio e oportunidade que n\u00f3s, como ra\u00e7a, j\u00e1 encontramos. Os Relat\u00f3rios dos Aliados cont\u00eam [&hellip;]<\/p>\n","protected":false},"author":2,"featured_media":0,"parent":0,"menu_order":1,"comment_status":"closed","ping_status":"closed","template":"page.php","meta":{"_acf_changed":false,"footnotes":""},"class_list":["post-7662","page","type-page","status-publish","hentry"],"acf":[],"yoast_head":"<!-- This site is optimized with the Yoast SEO plugin v26.5 - https:\/\/yoast.com\/wordpress\/plugins\/seo\/ -->\n<title>Introdu\u00e7\u00e3o aos Aliados da Humanidade<\/title>\n<meta name=\"description\" content=\"Os Relat\u00f3rios dos Aliados cont\u00e9m um n\u00famero de afirma\u00e7\u00f5es cr\u00edticas, se n\u00e3o alarmantes, sobre a crescente interven\u00e7\u00e3o extraterrestre e integra\u00e7\u00e3o na ra\u00e7a humana e sobre as atividades e agenda oculta extraterrestre.\" \/>\n<meta name=\"robots\" content=\"index, follow, max-snippet:-1, max-image-preview:large, max-video-preview:-1\" \/>\n<link rel=\"canonical\" href=\"https:\/\/www.alliesofhumanity.org\/pt-br\/os-aliados\/\" \/>\n<meta property=\"og:locale\" content=\"pt_BR\" \/>\n<meta property=\"og:type\" content=\"article\" \/>\n<meta property=\"og:title\" content=\"Introdu\u00e7\u00e3o aos Aliados da Humanidade\" \/>\n<meta property=\"og:description\" content=\"Os Relat\u00f3rios dos Aliados cont\u00e9m um n\u00famero de afirma\u00e7\u00f5es cr\u00edticas, se n\u00e3o alarmantes, sobre a crescente interven\u00e7\u00e3o extraterrestre e integra\u00e7\u00e3o na ra\u00e7a humana e sobre as atividades e agenda oculta extraterrestre.\" \/>\n<meta property=\"og:url\" content=\"https:\/\/www.alliesofhumanity.org\/pt-br\/os-aliados\/\" \/>\n<meta property=\"og:site_name\" content=\"The Allies of Humanity\" \/>\n<meta property=\"article:publisher\" content=\"https:\/\/www.facebook.com\/alliesofhumanity\/\" \/>\n<meta property=\"article:modified_time\" content=\"2021-02-02T23:09:21+00:00\" \/>\n<meta property=\"og:image\" content=\"https:\/\/www.alliesofhumanity.org\/wp-content\/uploads\/2021\/01\/og-socialmedia-aoh.jpg\" \/>\n\t<meta property=\"og:image:width\" content=\"1200\" \/>\n\t<meta property=\"og:image:height\" content=\"630\" \/>\n\t<meta property=\"og:image:type\" content=\"image\/jpeg\" \/>\n<meta name=\"twitter:card\" content=\"summary_large_image\" \/>\n<meta name=\"twitter:site\" content=\"@earthallies\" \/>\n<meta name=\"twitter:label1\" content=\"Est. tempo de leitura\" \/>\n\t<meta name=\"twitter:data1\" content=\"7 minutos\" \/>\n<script type=\"application\/ld+json\" class=\"yoast-schema-graph\">{\"@context\":\"https:\/\/schema.org\",\"@graph\":[{\"@type\":\"WebPage\",\"@id\":\"https:\/\/www.alliesofhumanity.org\/pt-br\/os-aliados\/\",\"url\":\"https:\/\/www.alliesofhumanity.org\/pt-br\/os-aliados\/\",\"name\":\"Introdu\u00e7\u00e3o aos Aliados da Humanidade\",\"isPartOf\":{\"@id\":\"https:\/\/www.alliesofhumanity.org\/pt-br\/#website\"},\"datePublished\":\"2020-12-06T15:42:03+00:00\",\"dateModified\":\"2021-02-02T23:09:21+00:00\",\"description\":\"Os Relat\u00f3rios dos Aliados cont\u00e9m um n\u00famero de afirma\u00e7\u00f5es cr\u00edticas, se n\u00e3o alarmantes, sobre a crescente interven\u00e7\u00e3o extraterrestre e integra\u00e7\u00e3o na ra\u00e7a humana e sobre as atividades e agenda oculta extraterrestre.\",\"inLanguage\":\"pt-BR\",\"potentialAction\":[{\"@type\":\"ReadAction\",\"target\":[\"https:\/\/www.alliesofhumanity.org\/pt-br\/os-aliados\/\"]}]},{\"@type\":\"WebSite\",\"@id\":\"https:\/\/www.alliesofhumanity.org\/pt-br\/#website\",\"url\":\"https:\/\/www.alliesofhumanity.org\/pt-br\/\",\"name\":\"The Allies of Humanity\",\"description\":\"\",\"potentialAction\":[{\"@type\":\"SearchAction\",\"target\":{\"@type\":\"EntryPoint\",\"urlTemplate\":\"https:\/\/www.alliesofhumanity.org\/pt-br\/?s={search_term_string}\"},\"query-input\":{\"@type\":\"PropertyValueSpecification\",\"valueRequired\":true,\"valueName\":\"search_term_string\"}}],\"inLanguage\":\"pt-BR\"}]}<\/script>\n<!-- \/ Yoast SEO plugin. -->","yoast_head_json":{"title":"Introdu\u00e7\u00e3o aos Aliados da Humanidade","description":"Os Relat\u00f3rios dos Aliados cont\u00e9m um n\u00famero de afirma\u00e7\u00f5es cr\u00edticas, se n\u00e3o alarmantes, sobre a crescente interven\u00e7\u00e3o extraterrestre e integra\u00e7\u00e3o na ra\u00e7a humana e sobre as atividades e agenda oculta extraterrestre.","robots":{"index":"index","follow":"follow","max-snippet":"max-snippet:-1","max-image-preview":"max-image-preview:large","max-video-preview":"max-video-preview:-1"},"canonical":"https:\/\/www.alliesofhumanity.org\/pt-br\/os-aliados\/","og_locale":"pt_BR","og_type":"article","og_title":"Introdu\u00e7\u00e3o aos Aliados da Humanidade","og_description":"Os Relat\u00f3rios dos Aliados cont\u00e9m um n\u00famero de afirma\u00e7\u00f5es cr\u00edticas, se n\u00e3o alarmantes, sobre a crescente interven\u00e7\u00e3o extraterrestre e integra\u00e7\u00e3o na ra\u00e7a humana e sobre as atividades e agenda oculta extraterrestre.","og_url":"https:\/\/www.alliesofhumanity.org\/pt-br\/os-aliados\/","og_site_name":"The Allies of Humanity","article_publisher":"https:\/\/www.facebook.com\/alliesofhumanity\/","article_modified_time":"2021-02-02T23:09:21+00:00","og_image":[{"width":1200,"height":630,"url":"https:\/\/www.alliesofhumanity.org\/wp-content\/uploads\/2021\/01\/og-socialmedia-aoh.jpg","type":"image\/jpeg"}],"twitter_card":"summary_large_image","twitter_site":"@earthallies","twitter_misc":{"Est. tempo de leitura":"7 minutos"},"schema":{"@context":"https:\/\/schema.org","@graph":[{"@type":"WebPage","@id":"https:\/\/www.alliesofhumanity.org\/pt-br\/os-aliados\/","url":"https:\/\/www.alliesofhumanity.org\/pt-br\/os-aliados\/","name":"Introdu\u00e7\u00e3o aos Aliados da Humanidade","isPartOf":{"@id":"https:\/\/www.alliesofhumanity.org\/pt-br\/#website"},"datePublished":"2020-12-06T15:42:03+00:00","dateModified":"2021-02-02T23:09:21+00:00","description":"Os Relat\u00f3rios dos Aliados cont\u00e9m um n\u00famero de afirma\u00e7\u00f5es cr\u00edticas, se n\u00e3o alarmantes, sobre a crescente interven\u00e7\u00e3o extraterrestre e integra\u00e7\u00e3o na ra\u00e7a humana e sobre as atividades e agenda oculta extraterrestre.","inLanguage":"pt-BR","potentialAction":[{"@type":"ReadAction","target":["https:\/\/www.alliesofhumanity.org\/pt-br\/os-aliados\/"]}]},{"@type":"WebSite","@id":"https:\/\/www.alliesofhumanity.org\/pt-br\/#website","url":"https:\/\/www.alliesofhumanity.org\/pt-br\/","name":"The Allies of Humanity","description":"","potentialAction":[{"@type":"SearchAction","target":{"@type":"EntryPoint","urlTemplate":"https:\/\/www.alliesofhumanity.org\/pt-br\/?s={search_term_string}"},"query-input":{"@type":"PropertyValueSpecification","valueRequired":true,"valueName":"search_term_string"}}],"inLanguage":"pt-BR"}]}},"_links":{"self":[{"href":"https:\/\/www.alliesofhumanity.org\/pt-br\/wp-json\/wp\/v2\/pages\/7662","targetHints":{"allow":["GET"]}}],"collection":[{"href":"https:\/\/www.alliesofhumanity.org\/pt-br\/wp-json\/wp\/v2\/pages"}],"about":[{"href":"https:\/\/www.alliesofhumanity.org\/pt-br\/wp-json\/wp\/v2\/types\/page"}],"author":[{"embeddable":true,"href":"https:\/\/www.alliesofhumanity.org\/pt-br\/wp-json\/wp\/v2\/users\/2"}],"replies":[{"embeddable":true,"href":"https:\/\/www.alliesofhumanity.org\/pt-br\/wp-json\/wp\/v2\/comments?post=7662"}],"version-history":[{"count":5,"href":"https:\/\/www.alliesofhumanity.org\/pt-br\/wp-json\/wp\/v2\/pages\/7662\/revisions"}],"predecessor-version":[{"id":7968,"href":"https:\/\/www.alliesofhumanity.org\/pt-br\/wp-json\/wp\/v2\/pages\/7662\/revisions\/7968"}],"wp:attachment":[{"href":"https:\/\/www.alliesofhumanity.org\/pt-br\/wp-json\/wp\/v2\/media?parent=7662"}],"curies":[{"name":"wp","href":"https:\/\/api.w.org\/{rel}","templated":true}]}}