{"id":4747,"date":"2020-01-01T14:13:20","date_gmt":"2020-01-01T14:13:20","guid":{"rendered":"https:\/\/www.alliesofhumanity.org\/the-briefings\/"},"modified":"2021-02-03T00:13:27","modified_gmt":"2021-02-02T23:13:27","slug":"os-relatorios","status":"publish","type":"page","link":"https:\/\/www.alliesofhumanity.org\/pt-br\/os-relatorios\/","title":{"rendered":"Os Relat\u00f3rios"},"content":{"rendered":"","protected":false},"excerpt":{"rendered":"","protected":false},"author":2,"featured_media":0,"parent":0,"menu_order":2,"comment_status":"closed","ping_status":"closed","template":"page-landing.php","meta":{"_acf_changed":false,"footnotes":""},"class_list":["post-4747","page","type-page","status-publish","hentry"],"acf":[],"yoast_head":"<!-- This site is optimized with the Yoast SEO plugin v26.5 - https:\/\/yoast.com\/wordpress\/plugins\/seo\/ -->\n<title>Os Relat\u00f3rios dos Aliados da Humanidade<\/title>\n<meta name=\"description\" content=\"Os Relat\u00f3rios dos Aliados cont\u00eam um n\u00famero de afirma\u00e7\u00f5es cr\u00edticas, se n\u00e3o alarmantes, sobre a crescente interven\u00e7\u00e3o e integra\u00e7\u00e3o extraterrestre na ra\u00e7a humana e sobre as atividades e agenda oculta dos extraterrestres.\" \/>\n<meta name=\"robots\" content=\"index, follow, max-snippet:-1, max-image-preview:large, max-video-preview:-1\" \/>\n<link rel=\"canonical\" href=\"https:\/\/www.alliesofhumanity.org\/pt-br\/os-relatorios\/\" \/>\n<meta property=\"og:locale\" content=\"pt_BR\" \/>\n<meta property=\"og:type\" content=\"article\" \/>\n<meta property=\"og:title\" content=\"Os Relat\u00f3rios dos Aliados da Humanidade\" \/>\n<meta property=\"og:description\" content=\"Os Relat\u00f3rios dos Aliados cont\u00eam um n\u00famero de afirma\u00e7\u00f5es cr\u00edticas, se n\u00e3o alarmantes, sobre a crescente interven\u00e7\u00e3o e integra\u00e7\u00e3o extraterrestre na ra\u00e7a humana e sobre as atividades e agenda oculta dos extraterrestres.\" \/>\n<meta property=\"og:url\" content=\"https:\/\/www.alliesofhumanity.org\/pt-br\/os-relatorios\/\" \/>\n<meta property=\"og:site_name\" content=\"The Allies of Humanity\" \/>\n<meta property=\"article:publisher\" content=\"https:\/\/www.facebook.com\/alliesofhumanity\/\" \/>\n<meta property=\"article:modified_time\" content=\"2021-02-02T23:13:27+00:00\" \/>\n<meta property=\"og:image\" content=\"https:\/\/www.alliesofhumanity.org\/wp-content\/uploads\/2021\/01\/og-socialmedia-aoh.jpg\" \/>\n\t<meta property=\"og:image:width\" content=\"1200\" \/>\n\t<meta property=\"og:image:height\" content=\"630\" \/>\n\t<meta property=\"og:image:type\" content=\"image\/jpeg\" \/>\n<meta name=\"twitter:card\" content=\"summary_large_image\" \/>\n<meta name=\"twitter:site\" content=\"@earthallies\" \/>\n<script type=\"application\/ld+json\" class=\"yoast-schema-graph\">{\"@context\":\"https:\/\/schema.org\",\"@graph\":[{\"@type\":\"WebPage\",\"@id\":\"https:\/\/www.alliesofhumanity.org\/pt-br\/os-relatorios\/\",\"url\":\"https:\/\/www.alliesofhumanity.org\/pt-br\/os-relatorios\/\",\"name\":\"Os Relat\u00f3rios dos Aliados da Humanidade\",\"isPartOf\":{\"@id\":\"https:\/\/www.alliesofhumanity.org\/pt-br\/#website\"},\"datePublished\":\"2020-01-01T14:13:20+00:00\",\"dateModified\":\"2021-02-02T23:13:27+00:00\",\"description\":\"Os Relat\u00f3rios dos Aliados cont\u00eam um n\u00famero de afirma\u00e7\u00f5es cr\u00edticas, se n\u00e3o alarmantes, sobre a crescente interven\u00e7\u00e3o e integra\u00e7\u00e3o extraterrestre na ra\u00e7a humana e sobre as atividades e agenda oculta dos extraterrestres.\",\"inLanguage\":\"pt-BR\",\"potentialAction\":[{\"@type\":\"ReadAction\",\"target\":[\"https:\/\/www.alliesofhumanity.org\/pt-br\/os-relatorios\/\"]}]},{\"@type\":\"WebSite\",\"@id\":\"https:\/\/www.alliesofhumanity.org\/pt-br\/#website\",\"url\":\"https:\/\/www.alliesofhumanity.org\/pt-br\/\",\"name\":\"The Allies of Humanity\",\"description\":\"\",\"potentialAction\":[{\"@type\":\"SearchAction\",\"target\":{\"@type\":\"EntryPoint\",\"urlTemplate\":\"https:\/\/www.alliesofhumanity.org\/pt-br\/?s={search_term_string}\"},\"query-input\":{\"@type\":\"PropertyValueSpecification\",\"valueRequired\":true,\"valueName\":\"search_term_string\"}}],\"inLanguage\":\"pt-BR\"}]}<\/script>\n<!-- \/ Yoast SEO plugin. -->","yoast_head_json":{"title":"Os Relat\u00f3rios dos Aliados da Humanidade","description":"Os Relat\u00f3rios dos Aliados cont\u00eam um n\u00famero de afirma\u00e7\u00f5es cr\u00edticas, se n\u00e3o alarmantes, sobre a crescente interven\u00e7\u00e3o e integra\u00e7\u00e3o extraterrestre na ra\u00e7a humana e sobre as atividades e agenda oculta dos extraterrestres.","robots":{"index":"index","follow":"follow","max-snippet":"max-snippet:-1","max-image-preview":"max-image-preview:large","max-video-preview":"max-video-preview:-1"},"canonical":"https:\/\/www.alliesofhumanity.org\/pt-br\/os-relatorios\/","og_locale":"pt_BR","og_type":"article","og_title":"Os Relat\u00f3rios dos Aliados da Humanidade","og_description":"Os Relat\u00f3rios dos Aliados cont\u00eam um n\u00famero de afirma\u00e7\u00f5es cr\u00edticas, se n\u00e3o alarmantes, sobre a crescente interven\u00e7\u00e3o e integra\u00e7\u00e3o extraterrestre na ra\u00e7a humana e sobre as atividades e agenda oculta dos extraterrestres.","og_url":"https:\/\/www.alliesofhumanity.org\/pt-br\/os-relatorios\/","og_site_name":"The Allies of Humanity","article_publisher":"https:\/\/www.facebook.com\/alliesofhumanity\/","article_modified_time":"2021-02-02T23:13:27+00:00","og_image":[{"width":1200,"height":630,"url":"https:\/\/www.alliesofhumanity.org\/wp-content\/uploads\/2021\/01\/og-socialmedia-aoh.jpg","type":"image\/jpeg"}],"twitter_card":"summary_large_image","twitter_site":"@earthallies","schema":{"@context":"https:\/\/schema.org","@graph":[{"@type":"WebPage","@id":"https:\/\/www.alliesofhumanity.org\/pt-br\/os-relatorios\/","url":"https:\/\/www.alliesofhumanity.org\/pt-br\/os-relatorios\/","name":"Os Relat\u00f3rios dos Aliados da Humanidade","isPartOf":{"@id":"https:\/\/www.alliesofhumanity.org\/pt-br\/#website"},"datePublished":"2020-01-01T14:13:20+00:00","dateModified":"2021-02-02T23:13:27+00:00","description":"Os Relat\u00f3rios dos Aliados cont\u00eam um n\u00famero de afirma\u00e7\u00f5es cr\u00edticas, se n\u00e3o alarmantes, sobre a crescente interven\u00e7\u00e3o e integra\u00e7\u00e3o extraterrestre na ra\u00e7a humana e sobre as atividades e agenda oculta dos extraterrestres.","inLanguage":"pt-BR","potentialAction":[{"@type":"ReadAction","target":["https:\/\/www.alliesofhumanity.org\/pt-br\/os-relatorios\/"]}]},{"@type":"WebSite","@id":"https:\/\/www.alliesofhumanity.org\/pt-br\/#website","url":"https:\/\/www.alliesofhumanity.org\/pt-br\/","name":"The Allies of Humanity","description":"","potentialAction":[{"@type":"SearchAction","target":{"@type":"EntryPoint","urlTemplate":"https:\/\/www.alliesofhumanity.org\/pt-br\/?s={search_term_string}"},"query-input":{"@type":"PropertyValueSpecification","valueRequired":true,"valueName":"search_term_string"}}],"inLanguage":"pt-BR"}]}},"_links":{"self":[{"href":"https:\/\/www.alliesofhumanity.org\/pt-br\/wp-json\/wp\/v2\/pages\/4747","targetHints":{"allow":["GET"]}}],"collection":[{"href":"https:\/\/www.alliesofhumanity.org\/pt-br\/wp-json\/wp\/v2\/pages"}],"about":[{"href":"https:\/\/www.alliesofhumanity.org\/pt-br\/wp-json\/wp\/v2\/types\/page"}],"author":[{"embeddable":true,"href":"https:\/\/www.alliesofhumanity.org\/pt-br\/wp-json\/wp\/v2\/users\/2"}],"replies":[{"embeddable":true,"href":"https:\/\/www.alliesofhumanity.org\/pt-br\/wp-json\/wp\/v2\/comments?post=4747"}],"version-history":[{"count":2,"href":"https:\/\/www.alliesofhumanity.org\/pt-br\/wp-json\/wp\/v2\/pages\/4747\/revisions"}],"predecessor-version":[{"id":7969,"href":"https:\/\/www.alliesofhumanity.org\/pt-br\/wp-json\/wp\/v2\/pages\/4747\/revisions\/7969"}],"wp:attachment":[{"href":"https:\/\/www.alliesofhumanity.org\/pt-br\/wp-json\/wp\/v2\/media?parent=4747"}],"curies":[{"name":"wp","href":"https:\/\/api.w.org\/{rel}","templated":true}]}}