{"id":4488,"date":"2020-05-18T10:59:09","date_gmt":"2020-05-18T10:59:09","guid":{"rendered":"https:\/\/www.alliesofhumanity.org\/marshall-vian-summers\/"},"modified":"2021-01-16T22:36:18","modified_gmt":"2021-01-16T21:36:18","slug":"marshall-vian-summers","status":"publish","type":"page","link":"https:\/\/www.alliesofhumanity.org\/pt-br\/marshall-vian-summers\/","title":{"rendered":"Marshall Vian Summers"},"content":{"rendered":"\t\t<div data-elementor-type=\"wp-page\" data-elementor-id=\"4488\" class=\"elementor elementor-4488 elementor-2912\" data-elementor-post-type=\"page\">\t\t\t\t\t\t<section class=\"elementor-section elementor-top-section elementor-element elementor-element-7fac8697 elementor-section-boxed elementor-section-height-default elementor-section-height-default\" data-id=\"7fac8697\" data-element_type=\"section\">\t\t\t\t\t\t<div class=\"elementor-container elementor-column-gap-default\">\t\t\t\t\t<div class=\"elementor-column elementor-col-100 elementor-top-column elementor-element elementor-element-1195357f\" data-id=\"1195357f\" data-element_type=\"column\">\t\t\t<div class=\"elementor-widget-wrap elementor-element-populated\">\t\t\t\t\t\t<div class=\"elementor-element elementor-element-ba0d783 elementor-widget elementor-widget-text-editor\" data-id=\"ba0d783\" data-element_type=\"widget\" data-widget_type=\"text-editor.default\">\t\t\t\t<div class=\"elementor-widget-container\">\t\t\t\t\t\t\t\t\t<h5> Nos \u00faltimos 35 anos, eu tenho estado imerso em uma experi\u00eancia religiosa. Isto fez com que eu recebesse um vasto corpo de escritos sobre a natureza da espiritualidade humana e o destino da humanidade dentro de um panorama maior da vida inteligente no universo.<\/h5><p>Estes escritos, englobados no Ensinamento da <a title=\"V\u00e1 para novamensagem.org\" href=\"https:\/\/novamensagem.org\/\" target=\"_blank\" rel=\"noopener\">Nova Mensagem<\/a>, cont\u00eam uma estrutura teol\u00f3gica que contabiliza a vida e a presen\u00e7a de Deus na &#8220;Comunidade Maior&#8221;, a vasta extens\u00e3o de espa\u00e7o e tempo que sabemos ser nosso universo.<\/p><p>A cosmologia que tenho recebido cont\u00e9m muitas mensagens, uma das quais \u00e9 que a humanidade est\u00e1 emergindo em uma Comunidade Maior de vida inteligente e para isso devemos nos preparar. Inerente a esta mensagem est\u00e1 a compreens\u00e3o de que a humanidade n\u00e3o est\u00e1 sozinha no universo ou mesmo sozinha dentro de nosso pr\u00f3prio mundo. E que dentro desta Comunidade Maior, a humanidade ter\u00e1 amigos, concorrentes e advers\u00e1rios.<\/p><p>Esta realidade maior foi dramaticamente confirmada pela s\u00fabita e inesperada transmiss\u00e3o do primeiro conjunto de Relat\u00f3rios dos Aliados da Humanidade, em 1997. Tr\u00eas anos antes, em 1994, eu havia recebido a estrutura teol\u00f3gica para compreender os Relat\u00f3rios dos Aliados em meu livro <a title=\"V\u00e1 para novamensagem.org\" href=\"https:\/\/www.newmessage.org\/the-message\/volume-2\/greater-community-spirituality\" target=\"_blank\" rel=\"noopener\">Greater Community Spirituality-A New Revelation<\/a>.<\/p><p>Naquele momento, como resultado de meu trabalho espiritual e de meus escritos, ficou claro para mim que a humanidade tem aliados no universo que se preocupam com o bem-estar e a liberdade futura de nossa ra\u00e7a. Dentro da crescente cosmologia que me estava sendo revelada, estava o entendimento de que, na hist\u00f3ria da vida inteligente no universo, as ra\u00e7as eticamente avan\u00e7adas tinham a obriga\u00e7\u00e3o de legar sua sabedoria a jovens ra\u00e7as emergentes como a nossa, e que este legado deve ocorrer <em>sem<\/em> interfer\u00eancia direta ou interven\u00e7\u00e3o nos assuntos daquela jovem ra\u00e7a. A inten\u00e7\u00e3o aqui \u00e9 informar, n\u00e3o interferir.<\/p><p>Esta &#8220;passagem de sabedoria&#8221; representa uma estrutura \u00e9tica que existe h\u00e1 muito tempo, em rela\u00e7\u00e3o ao contato com ra\u00e7as emergentes e como ele deve ser conduzido. Os dois conjuntos de Relat\u00f3rios dos Aliados da Humanidade s\u00e3o uma clara demonstra\u00e7\u00e3o deste modelo de n\u00e3o-interfer\u00eancia e de contato \u00e9tico. Este modelo deve ser uma luz orientadora e um padr\u00e3o que devemos esperar que outras ra\u00e7as mantenham em sua tentativa de nos contatar ou de visitar nosso mundo. No entanto, esta demonstra\u00e7\u00e3o de contato \u00e9tico contrasta fortemente com a Interven\u00e7\u00e3o que est\u00e1 ocorrendo no mundo de hoje.<\/p><p class=\"float-left\"><img decoding=\"async\" src=\"https:\/\/www.alliesofhumanity.org\/wp-content\/uploads\/2020\/06\/mvs-greater-power-decisive-action.jpg\" alt=\"Marshall Vian Summers\" \/><\/p><p>Estamos nos movendo para uma posi\u00e7\u00e3o de extrema vulnerabilidade. Com o espectro do esgotamento dos recursos, a degrada\u00e7\u00e3o ambiental e o risco de uma fratura ainda maior na fam\u00edlia humana crescendo a cada dia, estamos maduros sofrermos Interven\u00e7\u00e3o. Vivemos em aparente isolamento em um mundo rico e valioso que est\u00e1 sendo procurado por outros al\u00e9m de nossas costas. Estamos distra\u00eddos e divididos e n\u00e3o vemos o grande perigo da Interven\u00e7\u00e3o em nossas fronteiras. \u00c9 um fen\u00f4meno que a hist\u00f3ria tem repetido repetidamente a respeito do destino de povos nativos isolados que enfrentavam uma interven\u00e7\u00e3o pela primeira vez. N\u00e3o somos realistas em nossas suposi\u00e7\u00f5es sobre os poderes e benef\u00edcios da vida inteligente no universo. E s\u00f3 agora estamos apenas come\u00e7ando a fazer um balan\u00e7o da condi\u00e7\u00e3o que criamos para n\u00f3s mesmos dentro de nosso pr\u00f3prio mundo.<\/p><p>A verdade impopular \u00e9 que a fam\u00edlia humana n\u00e3o est\u00e1 pronta para uma experi\u00eancia direta de Contato e certamente n\u00e3o est\u00e1 pronta para uma Interven\u00e7\u00e3o. Primeiro devemos colocar nossa pr\u00f3pria casa em ordem. Ainda n\u00e3o temos a maturidade como esp\u00e9cie para nos relacionarmos com outras ra\u00e7as da Comunidade Maior a partir de uma posi\u00e7\u00e3o de unidade, for\u00e7a e discernimento. E at\u00e9 que possamos alcan\u00e7ar tal posi\u00e7\u00e3o, se alguma vez pudermos, ent\u00e3o nenhuma ra\u00e7a deve tentar intervir diretamente em nosso mundo. Os Aliados est\u00e3o nos fornecendo a sabedoria e a perspectiva muito necess\u00e1rias, mas n\u00e3o est\u00e3o intervindo. Eles nos dizem que nosso destino est\u00e1 e deve estar em nossas pr\u00f3prias m\u00e3os. Tal \u00e9 o fardo da liberdade no universo.<\/p><p>Independentemente de nossa falta de prontid\u00e3o, entretanto, a Interven\u00e7\u00e3o est\u00e1 ocorrendo. A humanidade deve agora se preparar para isso, o limiar mais conseq\u00fcente da hist\u00f3ria humana. Em vez de sermos apenas testemunhas casuais deste fen\u00f4meno, estamos no centro de tudo isso. Est\u00e1 acontecendo quer estejamos cientes dele ou n\u00e3o. Ele tem o poder de mudar o resultado para a humanidade. E tem tudo a ver com quem somos e por que estamos no mundo neste momento.<\/p><p><a title=\"V\u00e1 para novamensagem.org\" href=\"http:\/\/novamensagem.org\/\" target=\"_blank\" rel=\"noopener\">A Nova Mensagem<\/a> foi dada para fornecer tanto o ensino quanto a prepara\u00e7\u00e3o que agora precisamos para enfrentar este grande limiar, para renovar o esp\u00edrito humano e para estabelecer um novo rumo para a fam\u00edlia humana. Ela fala da necessidade urgente de unidade e coopera\u00e7\u00e3o humana, da primazia do Conhecimento, de nossa intelig\u00eancia espiritual e das maiores responsabilidades que agora devemos assumir no limiar do espa\u00e7o. Ela representa a Nova Mensagem do Criador de toda vida.<\/p><p class=\"image-quote float-right\"><img decoding=\"async\" src=\"https:\/\/www.alliesofhumanity.org\/wp-content\/uploads\/2020\/12\/quote-mvs.png\" alt=\"\" \/><\/p><blockquote id=\"quote-3\" class=\"text-quote float-right bg-gray\">Estamos nos movendo para uma posi\u00e7\u00e3o de extrema vulnerabilidade. Com o espectro de esgotamento de recursos, degrada\u00e7\u00e3o ambiental e o risco de um fraturamento ainda maior da fam\u00edlia humana crescendo a cada dia, n\u00f3s estamos maduros para Interven\u00e7\u00e3o.<\/blockquote><p>A minha miss\u00e3o \u00e9 trazer esta maior cosmologia e prepara\u00e7\u00e3o para o mundo e com ela, uma nova esperan\u00e7a e promessa para uma humanidade em luta. Minha longa prepara\u00e7\u00e3o e o imenso ensinamento na Nova Mensagem est\u00e3o aqui para este fim. Os Relat\u00f3rios dos Aliados da Humanidade s\u00e3o apenas uma pequena parte desta mensagem maior. Agora \u00e9 hora de acabar com nossos incessantes conflitos e de nos prepararmos para a vida na Comunidade Maior. Para isso, precisamos de uma nova compreens\u00e3o de n\u00f3s mesmos como um s\u00f3 povo, o povo nativo deste mundo, nascido de uma espiritualidade, e de nossa posi\u00e7\u00e3o vulner\u00e1vel como uma ra\u00e7a jovem e emergente no universo. Esta \u00e9 a minha mensagem para a humanidade e \u00e9 por isso que eu vim.<\/p><p align=\"center\"><b>Marshall Vian Summers<\/b><\/p><p align=\"center\"><a title=\"V\u00e1 para marshallsummers.com\" href=\"https:\/\/www.marshallsummers.com\/\" target=\"_blank\" rel=\"noopener\">marshallsummers.com<\/a><\/p>\t\t\t\t\t\t\t\t<\/div>\t\t\t\t<\/div>\t\t\t\t\t<\/div>\t\t<\/div>\t\t\t\t\t<\/div>\t\t<\/section>\t\t\t\t<\/div><p>\t\t<\/p>","protected":false},"excerpt":{"rendered":"<p>Nos \u00faltimos 35 anos, eu tenho estado imerso em uma experi\u00eancia religiosa. Isto fez com que eu recebesse um vasto corpo de escritos sobre a natureza da espiritualidade humana e o destino da humanidade dentro de um panorama maior da vida inteligente no universo. Estes escritos, englobados no Ensinamento da Nova Mensagem, cont\u00eam uma estrutura [&hellip;]<\/p>\n","protected":false},"author":2,"featured_media":0,"parent":0,"menu_order":4,"comment_status":"closed","ping_status":"closed","template":"page.php","meta":{"_acf_changed":false,"footnotes":""},"class_list":["post-4488","page","type-page","status-publish","hentry"],"acf":[],"yoast_head":"<!-- This site is optimized with the Yoast SEO plugin v26.5 - https:\/\/yoast.com\/wordpress\/plugins\/seo\/ -->\n<title>Marshall Vian Summers - The Allies of Humanity<\/title>\n<meta name=\"robots\" content=\"index, follow, max-snippet:-1, max-image-preview:large, max-video-preview:-1\" \/>\n<link rel=\"canonical\" href=\"https:\/\/www.alliesofhumanity.org\/pt-br\/marshall-vian-summers\/\" \/>\n<meta property=\"og:locale\" content=\"pt_BR\" \/>\n<meta property=\"og:type\" content=\"article\" \/>\n<meta property=\"og:title\" content=\"Marshall Vian Summers - The Allies of Humanity\" \/>\n<meta property=\"og:description\" content=\"Nos \u00faltimos 35 anos, eu tenho estado imerso em uma experi\u00eancia religiosa. Isto fez com que eu recebesse um vasto corpo de escritos sobre a natureza da espiritualidade humana e o destino da humanidade dentro de um panorama maior da vida inteligente no universo. Estes escritos, englobados no Ensinamento da Nova Mensagem, cont\u00eam uma estrutura [&hellip;]\" \/>\n<meta property=\"og:url\" content=\"https:\/\/www.alliesofhumanity.org\/pt-br\/marshall-vian-summers\/\" \/>\n<meta property=\"og:site_name\" content=\"The Allies of Humanity\" \/>\n<meta property=\"article:publisher\" content=\"https:\/\/www.facebook.com\/alliesofhumanity\/\" \/>\n<meta property=\"article:modified_time\" content=\"2021-01-16T21:36:18+00:00\" \/>\n<meta property=\"og:image\" content=\"https:\/\/www.alliesofhumanity.org\/wp-content\/uploads\/2021\/01\/og-socialmedia-aoh.jpg\" \/>\n\t<meta property=\"og:image:width\" content=\"1200\" \/>\n\t<meta property=\"og:image:height\" content=\"630\" \/>\n\t<meta property=\"og:image:type\" content=\"image\/jpeg\" \/>\n<meta name=\"twitter:card\" content=\"summary_large_image\" \/>\n<meta name=\"twitter:site\" content=\"@earthallies\" \/>\n<meta name=\"twitter:label1\" content=\"Est. tempo de leitura\" \/>\n\t<meta name=\"twitter:data1\" content=\"5 minutos\" \/>\n<script type=\"application\/ld+json\" class=\"yoast-schema-graph\">{\"@context\":\"https:\/\/schema.org\",\"@graph\":[{\"@type\":\"WebPage\",\"@id\":\"https:\/\/www.alliesofhumanity.org\/pt-br\/marshall-vian-summers\/\",\"url\":\"https:\/\/www.alliesofhumanity.org\/pt-br\/marshall-vian-summers\/\",\"name\":\"Marshall Vian Summers - The Allies of Humanity\",\"isPartOf\":{\"@id\":\"https:\/\/www.alliesofhumanity.org\/pt-br\/#website\"},\"datePublished\":\"2020-05-18T10:59:09+00:00\",\"dateModified\":\"2021-01-16T21:36:18+00:00\",\"inLanguage\":\"pt-BR\",\"potentialAction\":[{\"@type\":\"ReadAction\",\"target\":[\"https:\/\/www.alliesofhumanity.org\/pt-br\/marshall-vian-summers\/\"]}]},{\"@type\":\"WebSite\",\"@id\":\"https:\/\/www.alliesofhumanity.org\/pt-br\/#website\",\"url\":\"https:\/\/www.alliesofhumanity.org\/pt-br\/\",\"name\":\"The Allies of Humanity\",\"description\":\"\",\"potentialAction\":[{\"@type\":\"SearchAction\",\"target\":{\"@type\":\"EntryPoint\",\"urlTemplate\":\"https:\/\/www.alliesofhumanity.org\/pt-br\/?s={search_term_string}\"},\"query-input\":{\"@type\":\"PropertyValueSpecification\",\"valueRequired\":true,\"valueName\":\"search_term_string\"}}],\"inLanguage\":\"pt-BR\"}]}<\/script>\n<!-- \/ Yoast SEO plugin. -->","yoast_head_json":{"title":"Marshall Vian Summers - The Allies of Humanity","robots":{"index":"index","follow":"follow","max-snippet":"max-snippet:-1","max-image-preview":"max-image-preview:large","max-video-preview":"max-video-preview:-1"},"canonical":"https:\/\/www.alliesofhumanity.org\/pt-br\/marshall-vian-summers\/","og_locale":"pt_BR","og_type":"article","og_title":"Marshall Vian Summers - The Allies of Humanity","og_description":"Nos \u00faltimos 35 anos, eu tenho estado imerso em uma experi\u00eancia religiosa. Isto fez com que eu recebesse um vasto corpo de escritos sobre a natureza da espiritualidade humana e o destino da humanidade dentro de um panorama maior da vida inteligente no universo. Estes escritos, englobados no Ensinamento da Nova Mensagem, cont\u00eam uma estrutura [&hellip;]","og_url":"https:\/\/www.alliesofhumanity.org\/pt-br\/marshall-vian-summers\/","og_site_name":"The Allies of Humanity","article_publisher":"https:\/\/www.facebook.com\/alliesofhumanity\/","article_modified_time":"2021-01-16T21:36:18+00:00","og_image":[{"width":1200,"height":630,"url":"https:\/\/www.alliesofhumanity.org\/wp-content\/uploads\/2021\/01\/og-socialmedia-aoh.jpg","type":"image\/jpeg"}],"twitter_card":"summary_large_image","twitter_site":"@earthallies","twitter_misc":{"Est. tempo de leitura":"5 minutos"},"schema":{"@context":"https:\/\/schema.org","@graph":[{"@type":"WebPage","@id":"https:\/\/www.alliesofhumanity.org\/pt-br\/marshall-vian-summers\/","url":"https:\/\/www.alliesofhumanity.org\/pt-br\/marshall-vian-summers\/","name":"Marshall Vian Summers - The Allies of Humanity","isPartOf":{"@id":"https:\/\/www.alliesofhumanity.org\/pt-br\/#website"},"datePublished":"2020-05-18T10:59:09+00:00","dateModified":"2021-01-16T21:36:18+00:00","inLanguage":"pt-BR","potentialAction":[{"@type":"ReadAction","target":["https:\/\/www.alliesofhumanity.org\/pt-br\/marshall-vian-summers\/"]}]},{"@type":"WebSite","@id":"https:\/\/www.alliesofhumanity.org\/pt-br\/#website","url":"https:\/\/www.alliesofhumanity.org\/pt-br\/","name":"The Allies of Humanity","description":"","potentialAction":[{"@type":"SearchAction","target":{"@type":"EntryPoint","urlTemplate":"https:\/\/www.alliesofhumanity.org\/pt-br\/?s={search_term_string}"},"query-input":{"@type":"PropertyValueSpecification","valueRequired":true,"valueName":"search_term_string"}}],"inLanguage":"pt-BR"}]}},"_links":{"self":[{"href":"https:\/\/www.alliesofhumanity.org\/pt-br\/wp-json\/wp\/v2\/pages\/4488","targetHints":{"allow":["GET"]}}],"collection":[{"href":"https:\/\/www.alliesofhumanity.org\/pt-br\/wp-json\/wp\/v2\/pages"}],"about":[{"href":"https:\/\/www.alliesofhumanity.org\/pt-br\/wp-json\/wp\/v2\/types\/page"}],"author":[{"embeddable":true,"href":"https:\/\/www.alliesofhumanity.org\/pt-br\/wp-json\/wp\/v2\/users\/2"}],"replies":[{"embeddable":true,"href":"https:\/\/www.alliesofhumanity.org\/pt-br\/wp-json\/wp\/v2\/comments?post=4488"}],"version-history":[{"count":19,"href":"https:\/\/www.alliesofhumanity.org\/pt-br\/wp-json\/wp\/v2\/pages\/4488\/revisions"}],"predecessor-version":[{"id":9258,"href":"https:\/\/www.alliesofhumanity.org\/pt-br\/wp-json\/wp\/v2\/pages\/4488\/revisions\/9258"}],"wp:attachment":[{"href":"https:\/\/www.alliesofhumanity.org\/pt-br\/wp-json\/wp\/v2\/media?parent=4488"}],"curies":[{"name":"wp","href":"https:\/\/api.w.org\/{rel}","templated":true}]}}