{"id":10132,"date":"2021-01-24T15:23:18","date_gmt":"2021-01-24T14:23:18","guid":{"rendered":"https:\/\/www.alliesofhumanity.org\/os-relatorios\/resumo-em-12-pontos-dos-relatorios-dos-aliados-da-humanidade\/"},"modified":"2021-11-24T21:06:08","modified_gmt":"2021-11-24T20:06:08","slug":"resumo-em-12-pontos-dos-relatorios-dos-aliados-da-humanidade","status":"publish","type":"page","link":"https:\/\/www.alliesofhumanity.org\/pt-br\/os-relatorios\/resumo-em-12-pontos-dos-relatorios-dos-aliados-da-humanidade\/","title":{"rendered":"Resumo em 12 Pontos"},"content":{"rendered":"\t\t<div data-elementor-type=\"wp-page\" data-elementor-id=\"10132\" class=\"elementor elementor-10132 elementor-2001\" data-elementor-post-type=\"page\">\t\t\t\t\t\t<section class=\"elementor-section elementor-top-section elementor-element elementor-element-28ebce47 elementor-section-boxed elementor-section-height-default elementor-section-height-default\" data-id=\"28ebce47\" data-element_type=\"section\">\t\t\t\t\t\t<div class=\"elementor-container elementor-column-gap-default\">\t\t\t\t\t<div class=\"elementor-column elementor-col-100 elementor-top-column elementor-element elementor-element-56ef9ab3\" data-id=\"56ef9ab3\" data-element_type=\"column\">\t\t\t<div class=\"elementor-widget-wrap elementor-element-populated\">\t\t\t\t\t\t<div class=\"elementor-element elementor-element-5c8d1469 elementor-widget elementor-widget-text-editor\" data-id=\"5c8d1469\" data-element_type=\"widget\" data-widget_type=\"text-editor.default\">\t\t\t\t<div class=\"elementor-widget-container\">\t\t\t\t\t\t\t\t\t<p>Para lhe ajudar a compartilhar a outras pessoas a Mensagem e Relat\u00f3rios dos Aliados, estamos incluindo este resumo de 12 pontos dos quatro conjuntos de Relat\u00f3rios. Este resumo representa somente uma vis\u00e3o geral e n\u00e3o inclui muitos dos detalhes importantes que tornam poss\u00edvel uma compreens\u00e3o completa dos Relat\u00f3rios dos Aliados.<\/p><ol><li>O destino da humanidade \u00e9 emergir em, e se engajar com, uma Comunidade Maior de vida inteligente no universo.<\/li><li>O Contato com outras formas de vida inteligente representa o maior limiar que a humanidade j\u00e1 enfrentou. Os resultados deste Contato determinar\u00e3o o futuro da humanidade por gera\u00e7\u00f5es. Este Contato est\u00e1 acontecendo agora.<\/li><li>A humanidade est\u00e1 despreparada para o Contato. Pesquisadores ainda n\u00e3o conseguem ver com clareza quem est\u00e1 visitando o nosso mundo e nem o porqu\u00ea. Governos n\u00e3o est\u00e3o revelando o que sabem, e a maioria das pessoas ainda est\u00e1 negando que este fen\u00f4meno sequer est\u00e1 ocorrendo.<\/li><li>Devido \u00e0 esta falta de prepara\u00e7\u00e3o, os verdadeiros aliados da humanidade enviaram representantes para uma localidade pr\u00f3xima da Terra para observar a presen\u00e7a e as atividades extraterrestres dentro do nosso mundo. Os Relat\u00f3rios dos Aliados representam o relat\u00f3rio deles.<\/li><li>Os Relat\u00f3rios revelam que o nosso mundo est\u00e1 passando por uma Interven\u00e7\u00e3o extraterrestre por for\u00e7as que, assim como demonstrado pelas a\u00e7\u00f5es delas, est\u00e3o aqui para subverter a autoridade humana e para se integrar nas sociedades humanas para o pr\u00f3prio benef\u00edcio delas. Estas for\u00e7as representam organiza\u00e7\u00f5es n\u00e3o militares que est\u00e3o aqui para buscar recursos humanos e biol\u00f3gicos. Os Aliados se referem a estas for\u00e7as como os \u201cColetivos\u201d. Os Coletivos n\u00e3o valorizam a liberdade humana.<\/li><li>Como a Interven\u00e7\u00e3o est\u00e1 sendo executada por pequenos grupos de for\u00e7as interventoras, para atingir seus objetivos ela tem que depender primariamente de engano e persuas\u00e3o. Os Relat\u00f3rios dos Aliados descrevem em detalhes como isto est\u00e1 sendo alcan\u00e7ado e o que devemos fazer para impedir isto.<\/li><li>Esta Interven\u00e7\u00e3o extraterrestre est\u00e1 sendo focada em quatro \u00e1reas:<ul><li>Est\u00e1 influenciando certos indiv\u00edduos em posi\u00e7\u00f5es de poder e autoridade em governos, com\u00e9rcio e religi\u00e3o para cooperar com a Interven\u00e7\u00e3o atrav\u00e9s de promessas de maior riqueza, poder e tecnologia.<\/li><li>Est\u00e1 criando estabelecimentos ocultos no mundo a partir dos quais a Interven\u00e7\u00e3o pode exercer sua influ\u00eancia no Ambiente Mental, buscando fazer com que pessoas em todos os lugares se tornem abertas e condescendentes com a vontade da Interven\u00e7\u00e3o atrav\u00e9s de um \u201cPrograma de Pacifica\u00e7\u00e3o\u201d.<\/li><li>Est\u00e1 manipulando os nossos valores e impulsos religiosos a fim de ganhar a fidelidade humana para a causa da Interven\u00e7\u00e3o.<\/li><li>Est\u00e1 levando pessoas contra a vontade delas, e muitas vezes sem a consci\u00eancia delas, para apoiar um programa de cruzamento gen\u00e9tico desenhado para criar uma ra\u00e7a h\u00edbrida e uma nova lideran\u00e7a que estaria ligada aos \u201cvisitantes\u201d.<\/li><\/ul><\/li><li>Todos aqueles visitantes extraterrestres que eram potencialmente ben\u00e9ficos para a humanidade se retiraram do mundo diante da Interven\u00e7\u00e3o. Aqueles que permanecem s\u00e3o ra\u00e7as alien\u00edgenas que n\u00e3o est\u00e3o aqui para o nosso benef\u00edcio. Isto nos deixa em uma situa\u00e7\u00e3o inequ\u00edvoca a respeito da presen\u00e7a extraterrestre. Isto nos capacita a ver com clareza com o que estamos lidando. De outra maneira seria imposs\u00edvel para n\u00f3s diferenciarmos amigos de advers\u00e1rios.<\/li><li>Os Relat\u00f3rios dos Aliados enfatizam o grave perigo de n\u00f3s aceitarmos e nos tornarmos dependentes de tecnologia extraterrestre oferecida pela Interven\u00e7\u00e3o. Isto s\u00f3 nos levar\u00e1 a nos tornarmos dependentes dos \u201cvisitantes\u201d, resultando em nossa perda de liberdade e autossufici\u00eancia. Nenhum verdadeiro aliado da humanidade nos ofereceria isto. Os Aliados enfatizam que n\u00f3s temos solu\u00e7\u00f5es baseadas na Terra, para todos os problemas que enfrentamos. O que nos falta como ra\u00e7a \u00e9 unidade, vontade e coopera\u00e7\u00e3o.<\/li><li>Apesar do grande desafio que enfrentamos agora, a humanidade ainda tem uma grande vantagem se n\u00f3s pudermos reagir a tempo. Os Relat\u00f3rios dos Aliados revelam tanto os pontos-fortes como as fraquezas da Interven\u00e7\u00e3o. Uma das fraquezas da Interven\u00e7\u00e3o \u00e9 a depend\u00eancia do consentimento e coopera\u00e7\u00e3o da humanidade para atingir seus objetivos. De acordo com as regras de conduta da Comunidade Maior na regi\u00e3o em que o nosso mundo existe, a Interven\u00e7\u00e3o n\u00e3o \u00e9 permitida a menos que possa ser demonstrado que o povo nativo est\u00e1 recebendo e aprovando uma Interven\u00e7\u00e3o. Aqui as nossas vozes podem ter poder na Comunidade Maior. Neste momento a Interven\u00e7\u00e3o tem poucos cr\u00edticos. Mas se um n\u00famero suficiente de pessoas puder se tornar ciente dela e falar ousadamente contra ela, a Interven\u00e7\u00e3o ser\u00e1 frustrada e ter\u00e1 que se retirar. Este \u00e9 o primeiro passo na prepara\u00e7\u00e3o da humanidade para lidar com as realidades da vida no universo. Este passo e todos os passos a seguir d\u00e3o \u00e0 humanidade a sua \u00fanica grande chance de superar os seus conflitos de longa data e de se unir em sua pr\u00f3pria defesa para a preserva\u00e7\u00e3o do mundo. Os Aliados afirmam que n\u00f3s como seres humanos temos o poder espiritual e coletivo para fazer isto e que n\u00f3s devemos fazer isto se quisermos sobreviver e avan\u00e7ar como uma ra\u00e7a livre e independente na Comunidade Maior.<\/li><li>A prepara\u00e7\u00e3o para o nosso contato com a Comunidade Maior e para o nosso futuro na Comunidade Maior come\u00e7a com conscientiza\u00e7\u00e3o, educa\u00e7\u00e3o e o desenvolvimento do \u201cConhecimento\u201d.<\/li><li>Ao enfrentar a Comunidade Maior, a humanidade deve desenvolver unidade, autossufici\u00eancia e discri\u00e7\u00e3o. Estes s\u00e3o os tr\u00eas requisitos que todas as na\u00e7\u00f5es livres devem estabelecer para serem livres no universo.<\/li><p style=\"text-align: center; padding-left: 120px;\">___________________________<\/p><p style=\"text-align: center; padding-left: 120px;\"><em>\u201cSe a humanidade fosse bem versada nos assuntos da Comunidade Maior, voc\u00eas iriam resistir qualquer visita\u00e7\u00e3o ao seu mundo a menos que um acordo m\u00fatuo tivesse sido estabelecido previamente. Voc\u00eas saberiam o bastante para n\u00e3o permitir que o seu mundo estivesse t\u00e3o vulner\u00e1vel.\u201d<\/em><\/p><p style=\"text-align: center; padding-left: 120px;\"><em><a href=\"\/pt-br\/os-relatorios\/livro-1\">Os Aliados da Humanidade, Livro 1<\/a>:<\/em> <a href=\"\/pt-br\/os-relatorios\/livro-1\/falsa-segunda-vinda\/\">O Quarto Relat\u00f3rio<\/a><\/p><p style=\"text-align: center; padding-left: 120px;\"><strong><a href=\"https:\/\/www.alliesofhumanity.org\/pt-br\">www.AliadosDaHumanidade.org<\/a><\/strong><\/p>\t\t\t\t\t\t\t\t<\/div>\t\t\t\t<\/div>\t\t\t\t\t<\/div>\t\t<\/div>\t\t\t\t\t<\/div>\t\t<\/section>\t\t\t\t<\/div><p>\t\t<\/p>","protected":false},"excerpt":{"rendered":"<p>Para lhe ajudar a compartilhar a outras pessoas a Mensagem e Relat\u00f3rios dos Aliados, estamos incluindo este resumo de 12 pontos dos quatro conjuntos de Relat\u00f3rios. Este resumo representa somente uma vis\u00e3o geral e n\u00e3o inclui muitos dos detalhes importantes que tornam poss\u00edvel uma compreens\u00e3o completa dos Relat\u00f3rios dos Aliados. O destino da humanidade \u00e9 [&hellip;]<\/p>\n","protected":false},"author":2,"featured_media":0,"parent":4747,"menu_order":5,"comment_status":"closed","ping_status":"closed","template":"page.php","meta":{"_acf_changed":false,"footnotes":""},"class_list":["post-10132","page","type-page","status-publish","hentry"],"acf":[],"yoast_head":"<!-- This site is optimized with the Yoast SEO plugin v26.5 - https:\/\/yoast.com\/wordpress\/plugins\/seo\/ -->\n<title>Resumo em 12 Pontos dos Relat\u00f3rios dos Aliados da Humanidade<\/title>\n<meta name=\"description\" content=\"Um resumo dos Relat\u00f3rios dos Aliados da Humanidade. Revelando a presen\u00e7a extraterrestre no mundo hoje e os requisitos para o contato \u00e9tico.\" \/>\n<meta name=\"robots\" content=\"index, follow, max-snippet:-1, max-image-preview:large, max-video-preview:-1\" \/>\n<link rel=\"canonical\" href=\"https:\/\/www.alliesofhumanity.org\/pt-br\/os-relatorios\/resumo-em-12-pontos-dos-relatorios-dos-aliados-da-humanidade\/\" \/>\n<meta property=\"og:locale\" content=\"pt_BR\" \/>\n<meta property=\"og:type\" content=\"article\" \/>\n<meta property=\"og:title\" content=\"Resumo de 12 pontos dos Relat\u00f3rios dos Aliados da Humanidade.\" \/>\n<meta property=\"og:description\" content=\"Um resumo dos Relat\u00f3rios dos Aliados da Humanidade. Revelando a presen\u00e7a extraterrestre no mundo hoje e os requisitos para o contato \u00e9tico.\" \/>\n<meta property=\"og:url\" content=\"https:\/\/www.alliesofhumanity.org\/pt-br\/os-relatorios\/resumo-em-12-pontos-dos-relatorios-dos-aliados-da-humanidade\/\" \/>\n<meta property=\"og:site_name\" content=\"The Allies of Humanity\" \/>\n<meta property=\"article:publisher\" content=\"https:\/\/www.facebook.com\/alliesofhumanity\/\" \/>\n<meta property=\"article:modified_time\" content=\"2021-11-24T20:06:08+00:00\" \/>\n<meta property=\"og:image\" content=\"https:\/\/www.alliesofhumanity.org\/wp-content\/uploads\/2021\/01\/og-socialmedia-aoh.jpg\" \/>\n\t<meta property=\"og:image:width\" content=\"1200\" \/>\n\t<meta property=\"og:image:height\" content=\"630\" \/>\n\t<meta property=\"og:image:type\" content=\"image\/jpeg\" \/>\n<meta name=\"twitter:card\" content=\"summary_large_image\" \/>\n<meta name=\"twitter:title\" content=\"Resumo de 12 pontos dos Relat\u00f3rios dos Aliados da Humanidade.\" \/>\n<meta name=\"twitter:site\" content=\"@earthallies\" \/>\n<meta name=\"twitter:label1\" content=\"Est. tempo de leitura\" \/>\n\t<meta name=\"twitter:data1\" content=\"5 minutos\" \/>\n<script type=\"application\/ld+json\" class=\"yoast-schema-graph\">{\"@context\":\"https:\/\/schema.org\",\"@graph\":[{\"@type\":\"WebPage\",\"@id\":\"https:\/\/www.alliesofhumanity.org\/pt-br\/os-relatorios\/resumo-em-12-pontos-dos-relatorios-dos-aliados-da-humanidade\/\",\"url\":\"https:\/\/www.alliesofhumanity.org\/pt-br\/os-relatorios\/resumo-em-12-pontos-dos-relatorios-dos-aliados-da-humanidade\/\",\"name\":\"Resumo em 12 Pontos dos Relat\u00f3rios dos Aliados da Humanidade\",\"isPartOf\":{\"@id\":\"https:\/\/www.alliesofhumanity.org\/pt-br\/#website\"},\"datePublished\":\"2021-01-24T14:23:18+00:00\",\"dateModified\":\"2021-11-24T20:06:08+00:00\",\"description\":\"Um resumo dos Relat\u00f3rios dos Aliados da Humanidade. Revelando a presen\u00e7a extraterrestre no mundo hoje e os requisitos para o contato \u00e9tico.\",\"breadcrumb\":{\"@id\":\"https:\/\/www.alliesofhumanity.org\/pt-br\/os-relatorios\/resumo-em-12-pontos-dos-relatorios-dos-aliados-da-humanidade\/#breadcrumb\"},\"inLanguage\":\"pt-BR\",\"potentialAction\":[{\"@type\":\"ReadAction\",\"target\":[\"https:\/\/www.alliesofhumanity.org\/pt-br\/os-relatorios\/resumo-em-12-pontos-dos-relatorios-dos-aliados-da-humanidade\/\"]}]},{\"@type\":\"BreadcrumbList\",\"@id\":\"https:\/\/www.alliesofhumanity.org\/pt-br\/os-relatorios\/resumo-em-12-pontos-dos-relatorios-dos-aliados-da-humanidade\/#breadcrumb\",\"itemListElement\":[{\"@type\":\"ListItem\",\"position\":1,\"name\":\"Os Relat\u00f3rios\",\"item\":\"https:\/\/www.alliesofhumanity.org\/pt-br\/os-relatorios\/\"},{\"@type\":\"ListItem\",\"position\":2,\"name\":\"Resumo em 12 Pontos\"}]},{\"@type\":\"WebSite\",\"@id\":\"https:\/\/www.alliesofhumanity.org\/pt-br\/#website\",\"url\":\"https:\/\/www.alliesofhumanity.org\/pt-br\/\",\"name\":\"The Allies of Humanity\",\"description\":\"\",\"potentialAction\":[{\"@type\":\"SearchAction\",\"target\":{\"@type\":\"EntryPoint\",\"urlTemplate\":\"https:\/\/www.alliesofhumanity.org\/pt-br\/?s={search_term_string}\"},\"query-input\":{\"@type\":\"PropertyValueSpecification\",\"valueRequired\":true,\"valueName\":\"search_term_string\"}}],\"inLanguage\":\"pt-BR\"}]}<\/script>\n<!-- \/ Yoast SEO plugin. -->","yoast_head_json":{"title":"Resumo em 12 Pontos dos Relat\u00f3rios dos Aliados da Humanidade","description":"Um resumo dos Relat\u00f3rios dos Aliados da Humanidade. Revelando a presen\u00e7a extraterrestre no mundo hoje e os requisitos para o contato \u00e9tico.","robots":{"index":"index","follow":"follow","max-snippet":"max-snippet:-1","max-image-preview":"max-image-preview:large","max-video-preview":"max-video-preview:-1"},"canonical":"https:\/\/www.alliesofhumanity.org\/pt-br\/os-relatorios\/resumo-em-12-pontos-dos-relatorios-dos-aliados-da-humanidade\/","og_locale":"pt_BR","og_type":"article","og_title":"Resumo de 12 pontos dos Relat\u00f3rios dos Aliados da Humanidade.","og_description":"Um resumo dos Relat\u00f3rios dos Aliados da Humanidade. Revelando a presen\u00e7a extraterrestre no mundo hoje e os requisitos para o contato \u00e9tico.","og_url":"https:\/\/www.alliesofhumanity.org\/pt-br\/os-relatorios\/resumo-em-12-pontos-dos-relatorios-dos-aliados-da-humanidade\/","og_site_name":"The Allies of Humanity","article_publisher":"https:\/\/www.facebook.com\/alliesofhumanity\/","article_modified_time":"2021-11-24T20:06:08+00:00","og_image":[{"width":1200,"height":630,"url":"https:\/\/www.alliesofhumanity.org\/wp-content\/uploads\/2021\/01\/og-socialmedia-aoh.jpg","type":"image\/jpeg"}],"twitter_card":"summary_large_image","twitter_title":"Resumo de 12 pontos dos Relat\u00f3rios dos Aliados da Humanidade.","twitter_site":"@earthallies","twitter_misc":{"Est. tempo de leitura":"5 minutos"},"schema":{"@context":"https:\/\/schema.org","@graph":[{"@type":"WebPage","@id":"https:\/\/www.alliesofhumanity.org\/pt-br\/os-relatorios\/resumo-em-12-pontos-dos-relatorios-dos-aliados-da-humanidade\/","url":"https:\/\/www.alliesofhumanity.org\/pt-br\/os-relatorios\/resumo-em-12-pontos-dos-relatorios-dos-aliados-da-humanidade\/","name":"Resumo em 12 Pontos dos Relat\u00f3rios dos Aliados da Humanidade","isPartOf":{"@id":"https:\/\/www.alliesofhumanity.org\/pt-br\/#website"},"datePublished":"2021-01-24T14:23:18+00:00","dateModified":"2021-11-24T20:06:08+00:00","description":"Um resumo dos Relat\u00f3rios dos Aliados da Humanidade. Revelando a presen\u00e7a extraterrestre no mundo hoje e os requisitos para o contato \u00e9tico.","breadcrumb":{"@id":"https:\/\/www.alliesofhumanity.org\/pt-br\/os-relatorios\/resumo-em-12-pontos-dos-relatorios-dos-aliados-da-humanidade\/#breadcrumb"},"inLanguage":"pt-BR","potentialAction":[{"@type":"ReadAction","target":["https:\/\/www.alliesofhumanity.org\/pt-br\/os-relatorios\/resumo-em-12-pontos-dos-relatorios-dos-aliados-da-humanidade\/"]}]},{"@type":"BreadcrumbList","@id":"https:\/\/www.alliesofhumanity.org\/pt-br\/os-relatorios\/resumo-em-12-pontos-dos-relatorios-dos-aliados-da-humanidade\/#breadcrumb","itemListElement":[{"@type":"ListItem","position":1,"name":"Os Relat\u00f3rios","item":"https:\/\/www.alliesofhumanity.org\/pt-br\/os-relatorios\/"},{"@type":"ListItem","position":2,"name":"Resumo em 12 Pontos"}]},{"@type":"WebSite","@id":"https:\/\/www.alliesofhumanity.org\/pt-br\/#website","url":"https:\/\/www.alliesofhumanity.org\/pt-br\/","name":"The Allies of Humanity","description":"","potentialAction":[{"@type":"SearchAction","target":{"@type":"EntryPoint","urlTemplate":"https:\/\/www.alliesofhumanity.org\/pt-br\/?s={search_term_string}"},"query-input":{"@type":"PropertyValueSpecification","valueRequired":true,"valueName":"search_term_string"}}],"inLanguage":"pt-BR"}]}},"_links":{"self":[{"href":"https:\/\/www.alliesofhumanity.org\/pt-br\/wp-json\/wp\/v2\/pages\/10132","targetHints":{"allow":["GET"]}}],"collection":[{"href":"https:\/\/www.alliesofhumanity.org\/pt-br\/wp-json\/wp\/v2\/pages"}],"about":[{"href":"https:\/\/www.alliesofhumanity.org\/pt-br\/wp-json\/wp\/v2\/types\/page"}],"author":[{"embeddable":true,"href":"https:\/\/www.alliesofhumanity.org\/pt-br\/wp-json\/wp\/v2\/users\/2"}],"replies":[{"embeddable":true,"href":"https:\/\/www.alliesofhumanity.org\/pt-br\/wp-json\/wp\/v2\/comments?post=10132"}],"version-history":[{"count":11,"href":"https:\/\/www.alliesofhumanity.org\/pt-br\/wp-json\/wp\/v2\/pages\/10132\/revisions"}],"predecessor-version":[{"id":10157,"href":"https:\/\/www.alliesofhumanity.org\/pt-br\/wp-json\/wp\/v2\/pages\/10132\/revisions\/10157"}],"up":[{"embeddable":true,"href":"https:\/\/www.alliesofhumanity.org\/pt-br\/wp-json\/wp\/v2\/pages\/4747"}],"wp:attachment":[{"href":"https:\/\/www.alliesofhumanity.org\/pt-br\/wp-json\/wp\/v2\/media?parent=10132"}],"curies":[{"name":"wp","href":"https:\/\/api.w.org\/{rel}","templated":true}]}}