{"id":10114,"date":"2021-01-23T21:09:31","date_gmt":"2021-01-23T20:09:31","guid":{"rendered":"https:\/\/www.alliesofhumanity.org\/os-relatorios\/livro-3\/"},"modified":"2021-02-23T17:35:24","modified_gmt":"2021-02-23T16:35:24","slug":"livro-3","status":"publish","type":"page","link":"https:\/\/www.alliesofhumanity.org\/pt-br\/os-relatorios\/livro-3\/","title":{"rendered":"Livro 3"},"content":{"rendered":"<h5>Todos os Relat\u00f3rios dos Aliados da Humanidade est\u00e3o dispon\u00edveis gratuitamente online. Inicie sua jornada com Aliados da Humanidade Livro 3.<\/h5>\n<p>Aliados da Humanidade Livro 3 apresenta o terceiro conjunto de Relat\u00f3rios de uma misteriosa fonte fora do planeta cujo objetivo declarado \u00e9 orientar a fam\u00edlia humana para as realidades da vida em nosso universo local e nos alertar para uma Interven\u00e7\u00e3o perigosa que est\u00e1 ocorrendo aqui na Terra.<\/p>\n<p>Os Relat\u00f3rios dos Aliados da Humanidade s\u00e3o uma comunica\u00e7\u00e3o genu\u00edna de um grupo que afirma representar as &#8220;ra\u00e7as livres&#8221; em nossa regi\u00e3o local do espa\u00e7o. Os Aliados se distinguem daquelas ra\u00e7as que interv\u00eam no mundo de hoje. Eles nos advertem contra a presen\u00e7a desta Interven\u00e7\u00e3o, insistindo que nenhuma ra\u00e7a estrangeira deve visitar nosso mundo, seja agora ou no futuro, at\u00e9 que a humanidade tenha ganho a for\u00e7a, a unidade e a maturidade necess\u00e1rias para se envolver com sucesso com uma Comunidade Maior de vida inteligente no universo.<\/p>\n<p>Se a humanidade pode alguma vez alcan\u00e7ar isso \u00e9 incerto, mas os Aliados nos dizem que a interven\u00e7\u00e3o em nosso mundo j\u00e1 come\u00e7ou por v\u00e1rias ra\u00e7as n\u00e3o-militares buscando estabelecer sua influ\u00eancia e dom\u00ednio em nosso mundo por meios enganosos e persuasivos.<\/p>\n<p>Os Relat\u00f3rios revelam que estamos na infeliz posi\u00e7\u00e3o de sermos a ra\u00e7a que est\u00e1 sendo descoberta. A hist\u00f3ria nos ensinou o perigo e a trag\u00e9dia que os povos nativos enfrentaram quando encontraram for\u00e7as externas pela primeira vez. Agora somos todos os nativos de um novo mundo, e a amea\u00e7a da Interven\u00e7\u00e3o est\u00e1 sobre n\u00f3s. Como resultado, os Aliados est\u00e3o nos chamando para construir a unidade humana suficiente entre as tribos, na\u00e7\u00f5es e religi\u00f5es da Terra, para que possamos proteger nossa liberdade em um universo n\u00e3o-humano.<\/p>\n<p>Marshall Vian Summers recebeu esta comunica\u00e7\u00e3o \u00fanica dos Aliados da Humanidade em um estado de revela\u00e7\u00e3o a partir de novembro de 1997. Nos anos seguintes, os Aliados da Humanidade entregaram tr\u00eas conjuntos de Relat\u00f3rios. O Livro 3 dos Aliados da Humanidade representa sua mais recente comunica\u00e7\u00e3o \u00e0 Terra.<\/p>\n<p>Com os Relat\u00f3rios dos Aliados, pela primeira vez, estamos recebendo uma janela para a realidade da vida al\u00e9m de nosso mundo, uma vis\u00e3o que nunca ter\u00edamos de outra forma. Isto cria um contexto maior para entender por que a Interven\u00e7\u00e3o est\u00e1 ocorrendo, quem a est\u00e1 gerando e o que a humanidade precisar\u00e1 saber para preservar e construir a liberdade e a soberania humanas, para que possamos cumprir nosso destino como uma ra\u00e7a livre no universo.<\/p>\n<p>Pega uma c\u00f3pia do livro:<\/p>\n<ul>\n<li>Vers\u00e3o impressa: n\u00e3o dispon\u00edvel atualmente.<\/li>\n<li>Ebook: n\u00e3o dispon\u00edvel atualmente.<\/li>\n<\/ul>\n<hr>\n<h5>Comece a ler os Relat\u00f3rios online agora<\/h5>\n<p>\u00cdndice:<\/p>\n<p><a href=\"contato-com-racas-extraterrestres\">Primeiro Relat\u00f3rio: A Realidade do Contato<\/a><\/p>\n<p><a href=\"requisitos-para-a-liberdade-no-universo\">Segundo Relat\u00f3rio: Os Requisitos para a Liberdade no Universo<\/a><\/p>\n<p>Terceiro Relat\u00f3rio: As Ferramentas da Interven\u00e7\u00e3o (tradu\u00e7\u00e3o por vir)<\/p>\n<p>Quarto Relat\u00f3rio: Poderes ocultos (tradu\u00e7\u00e3o por vir)<\/p>\n<p>Quinto Relat\u00f3rio: Muitas Vozes no Universo (tradu\u00e7\u00e3o por vir)<\/p>\n<p>Sexto Relat\u00f3rio: Realidades da Comunidade Maior (tradu\u00e7\u00e3o por vir)<\/p>\n<p>S\u00e9timo Relat\u00f3rio: Perguntas &amp; Respostas (tradu\u00e7\u00e3o por vir)<\/p>\n<p><em>A Society for The New Message est\u00e1 agora fornecendo todos os quatro volumes de Os Aliados da Humanidade online sem nenhum custo. Fazemos isso para que esta mensagem possa alcan\u00e7ar o maior n\u00famero poss\u00edvel de pessoas, tanto na base como em posi\u00e7\u00f5es de poder pol\u00edtico, econ\u00f4mico e religioso.<\/em><\/p>\n","protected":false},"excerpt":{"rendered":"<p>Todos os Relat\u00f3rios dos Aliados da Humanidade est\u00e3o dispon\u00edveis gratuitamente online. Inicie sua jornada com Aliados da Humanidade Livro 3. Aliados da Humanidade Livro 3 apresenta o terceiro conjunto de Relat\u00f3rios de uma misteriosa fonte fora do planeta cujo objetivo declarado \u00e9 orientar a fam\u00edlia humana para as realidades da vida em nosso universo local [&hellip;]<\/p>\n","protected":false},"author":2,"featured_media":0,"parent":4747,"menu_order":3,"comment_status":"closed","ping_status":"closed","template":"page-book-start.php","meta":{"_acf_changed":false,"footnotes":""},"class_list":["post-10114","page","type-page","status-publish","hentry"],"acf":[],"yoast_head":"<!-- This site is optimized with the Yoast SEO plugin v26.5 - https:\/\/yoast.com\/wordpress\/plugins\/seo\/ -->\n<title>Aliados da Humanidade Livro 3 | Os Aliados da Humanidade<\/title>\n<meta name=\"description\" content=\"No terceiro conjunto de Relat\u00f3rios, os Aliados falam sobre as realidades da vida - com\u00e9rcio e intera\u00e7\u00f5es - que existem em sua vizinhan\u00e7a do espa\u00e7o e os requisitos para a liberdade que a humanidade ter\u00e1 que nutrir e apoiar.\" \/>\n<meta name=\"robots\" content=\"index, follow, max-snippet:-1, max-image-preview:large, max-video-preview:-1\" \/>\n<link rel=\"canonical\" href=\"https:\/\/www.alliesofhumanity.org\/pt-br\/os-relatorios\/livro-3\/\" \/>\n<meta property=\"og:locale\" content=\"pt_BR\" \/>\n<meta property=\"og:type\" content=\"article\" \/>\n<meta property=\"og:title\" content=\"Aliados da Humanidade Livro 3 | Os Aliados da Humanidade\" \/>\n<meta property=\"og:description\" content=\"No terceiro conjunto de Relat\u00f3rios, os Aliados falam sobre as realidades da vida - com\u00e9rcio e intera\u00e7\u00f5es - que existem em sua vizinhan\u00e7a do espa\u00e7o e os requisitos para a liberdade que a humanidade ter\u00e1 que nutrir e apoiar.\" \/>\n<meta property=\"og:url\" content=\"https:\/\/www.alliesofhumanity.org\/pt-br\/os-relatorios\/livro-3\/\" \/>\n<meta property=\"og:site_name\" content=\"The Allies of Humanity\" \/>\n<meta property=\"article:publisher\" content=\"https:\/\/www.facebook.com\/alliesofhumanity\/\" \/>\n<meta property=\"article:modified_time\" content=\"2021-02-23T16:35:24+00:00\" \/>\n<meta property=\"og:image\" content=\"https:\/\/www.alliesofhumanity.org\/wp-content\/uploads\/2021\/01\/og-socialmedia-aoh.jpg\" \/>\n\t<meta property=\"og:image:width\" content=\"1200\" \/>\n\t<meta property=\"og:image:height\" content=\"630\" \/>\n\t<meta property=\"og:image:type\" content=\"image\/jpeg\" \/>\n<meta name=\"twitter:card\" content=\"summary_large_image\" \/>\n<meta name=\"twitter:site\" content=\"@earthallies\" \/>\n<meta name=\"twitter:label1\" content=\"Est. tempo de leitura\" \/>\n\t<meta name=\"twitter:data1\" content=\"3 minutos\" \/>\n<script type=\"application\/ld+json\" class=\"yoast-schema-graph\">{\"@context\":\"https:\/\/schema.org\",\"@graph\":[{\"@type\":\"WebPage\",\"@id\":\"https:\/\/www.alliesofhumanity.org\/pt-br\/os-relatorios\/livro-3\/\",\"url\":\"https:\/\/www.alliesofhumanity.org\/pt-br\/os-relatorios\/livro-3\/\",\"name\":\"Aliados da Humanidade Livro 3 | Os Aliados da Humanidade\",\"isPartOf\":{\"@id\":\"https:\/\/www.alliesofhumanity.org\/pt-br\/#website\"},\"datePublished\":\"2021-01-23T20:09:31+00:00\",\"dateModified\":\"2021-02-23T16:35:24+00:00\",\"description\":\"No terceiro conjunto de Relat\u00f3rios, os Aliados falam sobre as realidades da vida - com\u00e9rcio e intera\u00e7\u00f5es - que existem em sua vizinhan\u00e7a do espa\u00e7o e os requisitos para a liberdade que a humanidade ter\u00e1 que nutrir e apoiar.\",\"breadcrumb\":{\"@id\":\"https:\/\/www.alliesofhumanity.org\/pt-br\/os-relatorios\/livro-3\/#breadcrumb\"},\"inLanguage\":\"pt-BR\",\"potentialAction\":[{\"@type\":\"ReadAction\",\"target\":[\"https:\/\/www.alliesofhumanity.org\/pt-br\/os-relatorios\/livro-3\/\"]}]},{\"@type\":\"BreadcrumbList\",\"@id\":\"https:\/\/www.alliesofhumanity.org\/pt-br\/os-relatorios\/livro-3\/#breadcrumb\",\"itemListElement\":[{\"@type\":\"ListItem\",\"position\":1,\"name\":\"Os Relat\u00f3rios\",\"item\":\"https:\/\/www.alliesofhumanity.org\/pt-br\/os-relatorios\/\"},{\"@type\":\"ListItem\",\"position\":2,\"name\":\"Livro 3\"}]},{\"@type\":\"WebSite\",\"@id\":\"https:\/\/www.alliesofhumanity.org\/pt-br\/#website\",\"url\":\"https:\/\/www.alliesofhumanity.org\/pt-br\/\",\"name\":\"The Allies of Humanity\",\"description\":\"\",\"potentialAction\":[{\"@type\":\"SearchAction\",\"target\":{\"@type\":\"EntryPoint\",\"urlTemplate\":\"https:\/\/www.alliesofhumanity.org\/pt-br\/?s={search_term_string}\"},\"query-input\":{\"@type\":\"PropertyValueSpecification\",\"valueRequired\":true,\"valueName\":\"search_term_string\"}}],\"inLanguage\":\"pt-BR\"}]}<\/script>\n<!-- \/ Yoast SEO plugin. -->","yoast_head_json":{"title":"Aliados da Humanidade Livro 3 | Os Aliados da Humanidade","description":"No terceiro conjunto de Relat\u00f3rios, os Aliados falam sobre as realidades da vida - com\u00e9rcio e intera\u00e7\u00f5es - que existem em sua vizinhan\u00e7a do espa\u00e7o e os requisitos para a liberdade que a humanidade ter\u00e1 que nutrir e apoiar.","robots":{"index":"index","follow":"follow","max-snippet":"max-snippet:-1","max-image-preview":"max-image-preview:large","max-video-preview":"max-video-preview:-1"},"canonical":"https:\/\/www.alliesofhumanity.org\/pt-br\/os-relatorios\/livro-3\/","og_locale":"pt_BR","og_type":"article","og_title":"Aliados da Humanidade Livro 3 | Os Aliados da Humanidade","og_description":"No terceiro conjunto de Relat\u00f3rios, os Aliados falam sobre as realidades da vida - com\u00e9rcio e intera\u00e7\u00f5es - que existem em sua vizinhan\u00e7a do espa\u00e7o e os requisitos para a liberdade que a humanidade ter\u00e1 que nutrir e apoiar.","og_url":"https:\/\/www.alliesofhumanity.org\/pt-br\/os-relatorios\/livro-3\/","og_site_name":"The Allies of Humanity","article_publisher":"https:\/\/www.facebook.com\/alliesofhumanity\/","article_modified_time":"2021-02-23T16:35:24+00:00","og_image":[{"width":1200,"height":630,"url":"https:\/\/www.alliesofhumanity.org\/wp-content\/uploads\/2021\/01\/og-socialmedia-aoh.jpg","type":"image\/jpeg"}],"twitter_card":"summary_large_image","twitter_site":"@earthallies","twitter_misc":{"Est. tempo de leitura":"3 minutos"},"schema":{"@context":"https:\/\/schema.org","@graph":[{"@type":"WebPage","@id":"https:\/\/www.alliesofhumanity.org\/pt-br\/os-relatorios\/livro-3\/","url":"https:\/\/www.alliesofhumanity.org\/pt-br\/os-relatorios\/livro-3\/","name":"Aliados da Humanidade Livro 3 | Os Aliados da Humanidade","isPartOf":{"@id":"https:\/\/www.alliesofhumanity.org\/pt-br\/#website"},"datePublished":"2021-01-23T20:09:31+00:00","dateModified":"2021-02-23T16:35:24+00:00","description":"No terceiro conjunto de Relat\u00f3rios, os Aliados falam sobre as realidades da vida - com\u00e9rcio e intera\u00e7\u00f5es - que existem em sua vizinhan\u00e7a do espa\u00e7o e os requisitos para a liberdade que a humanidade ter\u00e1 que nutrir e apoiar.","breadcrumb":{"@id":"https:\/\/www.alliesofhumanity.org\/pt-br\/os-relatorios\/livro-3\/#breadcrumb"},"inLanguage":"pt-BR","potentialAction":[{"@type":"ReadAction","target":["https:\/\/www.alliesofhumanity.org\/pt-br\/os-relatorios\/livro-3\/"]}]},{"@type":"BreadcrumbList","@id":"https:\/\/www.alliesofhumanity.org\/pt-br\/os-relatorios\/livro-3\/#breadcrumb","itemListElement":[{"@type":"ListItem","position":1,"name":"Os Relat\u00f3rios","item":"https:\/\/www.alliesofhumanity.org\/pt-br\/os-relatorios\/"},{"@type":"ListItem","position":2,"name":"Livro 3"}]},{"@type":"WebSite","@id":"https:\/\/www.alliesofhumanity.org\/pt-br\/#website","url":"https:\/\/www.alliesofhumanity.org\/pt-br\/","name":"The Allies of Humanity","description":"","potentialAction":[{"@type":"SearchAction","target":{"@type":"EntryPoint","urlTemplate":"https:\/\/www.alliesofhumanity.org\/pt-br\/?s={search_term_string}"},"query-input":{"@type":"PropertyValueSpecification","valueRequired":true,"valueName":"search_term_string"}}],"inLanguage":"pt-BR"}]}},"_links":{"self":[{"href":"https:\/\/www.alliesofhumanity.org\/pt-br\/wp-json\/wp\/v2\/pages\/10114","targetHints":{"allow":["GET"]}}],"collection":[{"href":"https:\/\/www.alliesofhumanity.org\/pt-br\/wp-json\/wp\/v2\/pages"}],"about":[{"href":"https:\/\/www.alliesofhumanity.org\/pt-br\/wp-json\/wp\/v2\/types\/page"}],"author":[{"embeddable":true,"href":"https:\/\/www.alliesofhumanity.org\/pt-br\/wp-json\/wp\/v2\/users\/2"}],"replies":[{"embeddable":true,"href":"https:\/\/www.alliesofhumanity.org\/pt-br\/wp-json\/wp\/v2\/comments?post=10114"}],"version-history":[{"count":14,"href":"https:\/\/www.alliesofhumanity.org\/pt-br\/wp-json\/wp\/v2\/pages\/10114\/revisions"}],"predecessor-version":[{"id":13618,"href":"https:\/\/www.alliesofhumanity.org\/pt-br\/wp-json\/wp\/v2\/pages\/10114\/revisions\/13618"}],"up":[{"embeddable":true,"href":"https:\/\/www.alliesofhumanity.org\/pt-br\/wp-json\/wp\/v2\/pages\/4747"}],"wp:attachment":[{"href":"https:\/\/www.alliesofhumanity.org\/pt-br\/wp-json\/wp\/v2\/media?parent=10114"}],"curies":[{"name":"wp","href":"https:\/\/api.w.org\/{rel}","templated":true}]}}