{"id":17253,"date":"2021-05-21T01:39:36","date_gmt":"2021-05-21T00:39:36","guid":{"rendered":"https:\/\/www.alliesofhumanity.org\/marshall-vian-summers\/"},"modified":"2021-05-21T01:39:40","modified_gmt":"2021-05-21T00:39:40","slug":"marshall-vian-summers","status":"publish","type":"page","link":"https:\/\/www.alliesofhumanity.org\/pl\/marshall-vian-summers\/","title":{"rendered":"Marshall Vian Summers"},"content":{"rendered":"\t\t<div data-elementor-type=\"wp-page\" data-elementor-id=\"17253\" class=\"elementor elementor-17253 elementor-2912\" data-elementor-post-type=\"page\">\t\t\t\t\t\t<section class=\"elementor-section elementor-top-section elementor-element elementor-element-7fac8697 elementor-section-boxed elementor-section-height-default elementor-section-height-default\" data-id=\"7fac8697\" data-element_type=\"section\">\t\t\t\t\t\t<div class=\"elementor-container elementor-column-gap-default\">\t\t\t\t\t<div class=\"elementor-column elementor-col-100 elementor-top-column elementor-element elementor-element-1195357f\" data-id=\"1195357f\" data-element_type=\"column\">\t\t\t<div class=\"elementor-widget-wrap elementor-element-populated\">\t\t\t\t\t\t<div class=\"elementor-element elementor-element-ba0d783 elementor-widget elementor-widget-text-editor\" data-id=\"ba0d783\" data-element_type=\"widget\" data-widget_type=\"text-editor.default\">\t\t\t\t<div class=\"elementor-widget-container\">\t\t\t\t\t\t\t\t\t<h5>Przez ostatnie 35 lat by\u0142em zanurzony w religijnym do\u015bwiadczeniu. W wyniku tego otrzyma\u0142em rozleg\u0142y zbi\u00f3r pism dotycz\u0105cych natury ludzkiej duchowo\u015bci oraz przeznaczenia ludzko\u015bci w ramach wi\u0119kszej panoramy inteligentnego \u017cycia we Wszech\u015bwiecie.<\/h5><p>Te pisma zawarte w Nauczaniu w <a title=\"Go to newmessage.org\" href=\"https:\/\/newmessage.org\/pl\/\" target=\"_blank\" rel=\"noopener noreferrer\">Nowym Pos\u0142aniu<\/a>, zawieraj\u0105 teologiczne ramy, kt\u00f3re wyja\u015bniaj\u0105 \u017cycie oraz obecno\u015b\u0107 Boga w \u201cWi\u0119kszej Spo\u0142eczno\u015bci\u201d, rozleg\u0142ym bezmiarze przestrzeni kosmicznej oraz czasu, kt\u00f3re znamy jako nasz Wszech\u015bwiat.<\/p><p>Kosmologia, kt\u00f3r\u0105 otrzymywa\u0142em zawiera wiele wiadomo\u015bci, a jedn\u0105 z nich jest to, i\u017c ludzko\u015b\u0107 wy\u0142ania si\u0119 do Wi\u0119kszej Spo\u0142eczno\u015bci inteligentnego \u017cycia i \u017ce musimy si\u0119 na to przygotowa\u0107. Nieod\u0142\u0105czn\u0105 cz\u0119\u015bci\u0105 tej wiadomo\u015bci jest rozumienie, \u017ce ludzko\u015b\u0107 nie jest sama we Wszech\u015bwiecie, ani nawet w granicach naszego w\u0142asnego \u015bwiata. I \u017ce w ramach tej Wi\u0119kszej Spo\u0142eczno\u015bci ludzko\u015b\u0107 b\u0119dzie mia\u0142a przyjaci\u00f3\u0142, konkurent\u00f3w oraz przeciwnik\u00f3w.<\/p><p>Ta wi\u0119ksza rzeczywisto\u015b\u0107 zosta\u0142a w dramatyczny spos\u00f3b potwierdzona przez nag\u0142\u0105 i nieoczekiwan\u0105 transmisj\u0119 pierwszego zestawu Sprawozda\u0144 Sprzymierze\u0144c\u00f3w Ludzko\u015bci w 1997 roku. Otrzyma\u0142em teologiczne ramy w celu zrozumienia Sprawozda\u0144 Sprzymierze\u0144c\u00f3w w mojej ksi\u0119dze <a title=\"Go to newmessage.org\" href=\"https:\/\/www.newmessage.org\/pl\/the-message\/volume-2\/greater-community-spirituality\" target=\"_blank\" rel=\"noopener noreferrer\">Duchowo\u015b\u0107 Wi\u0119kszej Spo\u0142eczno\u015bci \u2013 Nowe Objawienie<\/a>.<\/p><p>W tamtym momencie, w wyniku mojej duchowej dzia\u0142alno\u015bci oraz pism sta\u0142o si\u0119 mi wiadome, \u017ce ludzko\u015b\u0107 ma sprzymierze\u0144c\u00f3w we Wszech\u015bwiecie, kt\u00f3rzy s\u0105 zaniepokojeni dobrobytem oraz przysz\u0142\u0105 wolno\u015bci\u0105 naszej rasy. W ramach rozwijaj\u0105cej si\u0119 kosmologii, kt\u00f3ra zosta\u0142a mi ujawniona, by\u0142o zrozumienie, i\u017c w historii inteligentnego \u017cycia we Wszech\u015bwiecie etycznie rozwini\u0119te rasy by\u0142y zobowi\u0105zane, aby przekazywa\u0107 w\u0142asn\u0105 m\u0105dro\u015b\u0107 m\u0142odym, wy\u0142aniaj\u0105cym si\u0119 rasom, takim jak nasza oraz \u017ce przekazanie owej spu\u015bcizny musi si\u0119 odby\u0107<br \/> <em>bez<\/em> bezpo\u015bredniej ingerencji b\u0105d\u017a interweniowania w sprawy tamtej m\u0142odej rasy. Zamiarem tutaj jest informowanie, a nie ingerencja. <\/p><p class=\"float-left\"><img decoding=\"async\" src=\"https:\/\/www.alliesofhumanity.org\/wp-content\/uploads\/2020\/06\/mvs-greater-power-decisive-action.jpg\" alt=\"\" \/><\/p><p>To \u201cprzekazywanie m\u0105dro\u015bci dalej \u201d stanowi dawno istniej\u0105c\u0105 etyczny model tycz\u0105cy si\u0119 Kontaktu z wy\u0142aniaj\u0105cymi si\u0119 rasami, a tak\u017ce tego, jak powinien on by\u0107 przeprowadzany. Dwa zestawy Sprawozda\u0144 Sprzymierze\u0144c\u00f3w Ludzko\u015bci s\u0105 wyra\u017an\u0105 demonstracj\u0105 tego modelu nieingerencji i etycznego Kontaktu. \u00d3w model powinien by\u0107 \u015bwiat\u0142em przewodnim oraz standardem, kt\u00f3rego powinni\u015bmy oczekiwa\u0107 od innych ras w ich pr\u00f3bach skontaktowania si\u0119 z nami albo odwiedzenia naszego \u015bwiata. Jednak\u017ce ta demonstracja etycznego Kontaktu stoi w ca\u0142kowitej sprzeczno\u015bci z Interwencj\u0105, kt\u00f3ra ma miejsce dzisiaj na \u015bwiecie. <\/p><p>Poruszamy si\u0119 w kierunku pozycji o ekstremalnej podatno\u015bci. Z widmem wyczerpania si\u0119 zasob\u00f3w, degradacji \u015brodowiska naturalnego oraz zagro\u017cenia dalszego roz\u0142amu w ludzkiej rodzinie narastaj\u0105cego z ka\u017cdym dniem jeste\u015bmy dojrzali do Interwencji. \u017byjemy w pozornym odosobnieniu w bogatym i cenionym \u015bwiecie, kt\u00f3ry jest poszukiwany przez innych poza naszymi granicami. Jeste\u015bmy rozkojarzeni oraz podzieleni i nie dostrzegamy ogromnego zagro\u017cenia interweniuj\u0105cego w naszych granicach. Jest to fenomen, kt\u00f3ry historia powtarza wiele razy w odniesieniu do losu odizolowanych, rdzennych lud\u00f3w, kt\u00f3re po raz pierwszy stan\u0119\u0142y w obliczu interwencji. Jeste\u015bmy nierealistyczni w naszych za\u0142o\u017ceniach wzgl\u0119dem mocy oraz wspania\u0142omy\u015blno\u015bci inteligentnego \u017cycia we Wszech\u015bwiecie. I dopiero teraz zaczynamy szczeg\u00f3\u0142owo rozwa\u017ca\u0107 stan, jaki dla siebie wytworzyli\u015bmy w ramach naszego w\u0142asnego \u015bwiata. <\/p><p>Niepopularn\u0105 prawd\u0105 jest to, i\u017c ludzka rodzina nie jest przygotowana na bezpo\u015brednie do\u015bwiadczenie Kontaktu i z pewno\u015bci\u0105 nie jest przygotowana na interwencj\u0119. My pierwsi musimy doprowadzi\u0107 nasze sprawy do \u0142adu. Nie mamy jeszcze dojrza\u0142o\u015bci gatunkowej, aby wchodzi\u0107 w interakcje z innymi rasami w Wi\u0119kszej Spo\u0142eczno\u015bci z pozycji jedno\u015bci, si\u0142y oraz rozeznania. A dop\u00f3ki nie osi\u0105gniemy takiej pozycji, je\u015bli kiedykolwiek b\u0119dziemy mogli, dop\u00f3ty \u017cadna rasa nie powinna pr\u00f3bowa\u0107 bezpo\u015brednio interweniowa\u0107 w naszym \u015bwiecie. Sprzymierze\u0144cy dostarczaj\u0105 nam bardzo potrzebnej m\u0105dro\u015bci i perspektywy, oni jednak nie interweniuj\u0105. M\u00f3wi\u0105 nam, \u017ce nasz los jest i powinien by\u0107 w naszych w\u0142asnych r\u0119kach. Taki jest ci\u0119\u017car wolno\u015bci we Wszech\u015bwiecie. <\/p><p>Jednakowo\u017c niezale\u017cnie od naszego braku przygotowania Interwencja ma miejsce. Ludzko\u015b\u0107 musi si\u0119 teraz na to przygotowa\u0107, na najwa\u017cniejszy pr\u00f3g w ludzkiej historii. Zamiast by\u0107 tylko przygodnymi \u015bwiadkami tego fenomenu, jeste\u015bmy w jego centrum. Odbywa si\u0119 on niezale\u017cnie od tego, czy jeste\u015bmy jego \u015bwiadomi, czy te\u017c nie. Ma on moc, aby zmieni\u0107 los ludzko\u015bci. I ma to zwi\u0105zek z tym wszystkim, kim jeste\u015bmy i dlaczego jeste\u015bmy na \u015bwiecie w tym czasie. <\/p><p class=\"image-quote float-right\"><img decoding=\"async\" src=\"https:\/\/www.alliesofhumanity.org\/wp-content\/uploads\/2020\/12\/quote-mvs.png\" alt=\"\" \/><\/p><blockquote id=\"quote-3\" class=\"text-quote float-right bg-gray\">Poruszamy si\u0119 w kierunku pozycji o ekstremalnej podatno\u015bci. Z widmem wyczerpania si\u0119 zasob\u00f3w, degradacji \u015brodowiska naturalnego oraz zagro\u017cenia dalszego roz\u0142amu w ludzkiej rodzinie narastaj\u0105cego z ka\u017cdym dniem jeste\u015bmy dojrzali do Interwencji.<\/blockquote><p>Nowe Pos\u0142anie zosta\u0142o podarowane, aby zapewni\u0107 zar\u00f3wno nauczanie, jak i przygotowanie, jakich teraz potrzebujemy, aby stawi\u0107 czo\u0142a temu wielkiemu progowi, aby odnowi\u0107 ludzkiego ducha i aby wyznaczy\u0107 nowy kurs dla ludzkiej rodziny. Wskazuje ono na piln\u0105 potrzeb\u0119 ludzkiej jedno\u015bci i wsp\u00f3\u0142pracy, prymatu Wiedzy, naszej duchowej inteligencji, a tak\u017ce wi\u0119kszych odpowiedzialno\u015bci, jakie musimy wzi\u0105\u0107 na siebie u progu przestrzeni kosmicznej. To stanowi Nowe Pos\u0142anie od Stw\u00f3rcy wszystkiego co \u017cyje. <\/p><p>Moj\u0105 misj\u0105 jest wnie\u015b\u0107 t\u0119 wi\u0119ksz\u0105 kosmologi\u0119 i przygotowanie do \u015bwiata, a wraz z nim now\u0105 nadziej\u0119 i obietnic\u0119 dla do\u015bwiadczaj\u0105cej trudno\u015bci ludzko\u015bci. Moje d\u0142ugie przygotowanie oraz olbrzymie nauczanie w Nowym Pos\u0142aniu s\u0105 tutaj w tym celu. Sprawozdania Sprzymierze\u0144c\u00f3w Ludzko\u015bci stanowi\u0105 jedynie ma\u0142\u0105 cz\u0119\u015b\u0107 tego wi\u0119kszego przes\u0142ania. Nadszed\u0142 teraz czas, aby zako\u0144czy\u0107 nasze bezustanne konflikty i przygotowa\u0107 si\u0119 na \u017cycie w Wi\u0119kszej Spo\u0142eczno\u015bci. Aby tego dokona\u0107, potrzebujemy nowego rozumienia nas samych jako jednego narodu, rdzennych ludzi tego \u015bwiata, zrodzonych z jednej duchowo\u015bci, a tak\u017ce naszej niepewnej pozycji jako m\u0142odej, wy\u0142aniaj\u0105cej si\u0119 rasy we Wszech\u015bwiecie. To jest moje pos\u0142anie dla ludzko\u015bci i w\u0142a\u015bnie dlatego przyby\u0142em. <\/p><p>&nbsp;<\/p><p align=\"center\"><b> Marshall Vian Summers<\/b><\/p><p align=\"center\"><a title=\"Go to marshallsummers.com\" href=\"https:\/\/www.marshallsummers.com\/\" target=\"_blank\" rel=\"noopener noreferrer\">marshallsummers.com<\/a><\/p>\t\t\t\t\t\t\t\t<\/div>\t\t\t\t<\/div>\t\t\t\t\t<\/div>\t\t<\/div>\t\t\t\t\t<\/div>\t\t<\/section>\t\t\t\t<\/div><p>\t\t<\/p>","protected":false},"excerpt":{"rendered":"<p>Przez ostatnie 35 lat by\u0142em zanurzony w religijnym do\u015bwiadczeniu. W wyniku tego otrzyma\u0142em rozleg\u0142y zbi\u00f3r pism dotycz\u0105cych natury ludzkiej duchowo\u015bci oraz przeznaczenia ludzko\u015bci w ramach wi\u0119kszej panoramy inteligentnego \u017cycia we Wszech\u015bwiecie. Te pisma zawarte w Nauczaniu w Nowym Pos\u0142aniu, zawieraj\u0105 teologiczne ramy, kt\u00f3re wyja\u015bniaj\u0105 \u017cycie oraz obecno\u015b\u0107 Boga w \u201cWi\u0119kszej Spo\u0142eczno\u015bci\u201d, rozleg\u0142ym bezmiarze przestrzeni kosmicznej [&hellip;]<\/p>\n","protected":false},"author":2,"featured_media":0,"parent":0,"menu_order":4,"comment_status":"closed","ping_status":"closed","template":"page.php","meta":{"_acf_changed":false,"footnotes":""},"class_list":["post-17253","page","type-page","status-publish","hentry"],"acf":[],"yoast_head":"<!-- This site is optimized with the Yoast SEO plugin v26.5 - https:\/\/yoast.com\/wordpress\/plugins\/seo\/ -->\n<title>Marshall Vian Summers | Sprawozdaniach Sprzymierze\u0144c\u00f3w Ludzko\u015bci<\/title>\n<meta name=\"description\" content=\"Marshall Vian Summers otrzyma\u0142 rozleg\u0142y zbi\u00f3r pism dotycz\u0105cy pozaziemskiego kontaktu, duchowo\u015bci oraz ludzkiego przeznaczenia.\" \/>\n<meta name=\"robots\" content=\"index, follow, max-snippet:-1, max-image-preview:large, max-video-preview:-1\" \/>\n<link rel=\"canonical\" href=\"https:\/\/www.alliesofhumanity.org\/pl\/marshall-vian-summers\/\" \/>\n<meta property=\"og:locale\" content=\"pl_PL\" \/>\n<meta property=\"og:type\" content=\"article\" \/>\n<meta property=\"og:title\" content=\"Marshall Vian Summers | Sprawozdaniach Sprzymierze\u0144c\u00f3w Ludzko\u015bci\" \/>\n<meta property=\"og:description\" content=\"Marshall Vian Summers otrzyma\u0142 rozleg\u0142y zbi\u00f3r pism dotycz\u0105cy pozaziemskiego kontaktu, duchowo\u015bci oraz ludzkiego przeznaczenia.\" \/>\n<meta property=\"og:url\" content=\"https:\/\/www.alliesofhumanity.org\/pl\/marshall-vian-summers\/\" \/>\n<meta property=\"og:site_name\" content=\"The Allies of Humanity\" \/>\n<meta property=\"article:publisher\" content=\"https:\/\/www.facebook.com\/alliesofhumanity\/\" \/>\n<meta property=\"article:modified_time\" content=\"2021-05-21T00:39:40+00:00\" \/>\n<meta property=\"og:image\" content=\"https:\/\/www.alliesofhumanity.org\/wp-content\/uploads\/2021\/01\/og-socialmedia-aoh.jpg\" \/>\n\t<meta property=\"og:image:width\" content=\"1200\" \/>\n\t<meta property=\"og:image:height\" content=\"630\" \/>\n\t<meta property=\"og:image:type\" content=\"image\/jpeg\" \/>\n<meta name=\"twitter:card\" content=\"summary_large_image\" \/>\n<meta name=\"twitter:title\" content=\"Marshall Vian Summers | Sprawozdaniach Sprzymierze\u0144c\u00f3w Ludzko\u015bci\" \/>\n<meta name=\"twitter:site\" content=\"@earthallies\" \/>\n<meta name=\"twitter:label1\" content=\"Szacowany czas czytania\" \/>\n\t<meta name=\"twitter:data1\" content=\"5 minut\" \/>\n<script type=\"application\/ld+json\" class=\"yoast-schema-graph\">{\"@context\":\"https:\/\/schema.org\",\"@graph\":[{\"@type\":\"WebPage\",\"@id\":\"https:\/\/www.alliesofhumanity.org\/pl\/marshall-vian-summers\/\",\"url\":\"https:\/\/www.alliesofhumanity.org\/pl\/marshall-vian-summers\/\",\"name\":\"Marshall Vian Summers | Sprawozdaniach Sprzymierze\u0144c\u00f3w Ludzko\u015bci\",\"isPartOf\":{\"@id\":\"https:\/\/www.alliesofhumanity.org\/pl\/#website\"},\"datePublished\":\"2021-05-21T00:39:36+00:00\",\"dateModified\":\"2021-05-21T00:39:40+00:00\",\"description\":\"Marshall Vian Summers otrzyma\u0142 rozleg\u0142y zbi\u00f3r pism dotycz\u0105cy pozaziemskiego kontaktu, duchowo\u015bci oraz ludzkiego przeznaczenia.\",\"inLanguage\":\"pl-PL\",\"potentialAction\":[{\"@type\":\"ReadAction\",\"target\":[\"https:\/\/www.alliesofhumanity.org\/pl\/marshall-vian-summers\/\"]}]},{\"@type\":\"WebSite\",\"@id\":\"https:\/\/www.alliesofhumanity.org\/pl\/#website\",\"url\":\"https:\/\/www.alliesofhumanity.org\/pl\/\",\"name\":\"The Allies of Humanity\",\"description\":\"\",\"potentialAction\":[{\"@type\":\"SearchAction\",\"target\":{\"@type\":\"EntryPoint\",\"urlTemplate\":\"https:\/\/www.alliesofhumanity.org\/pl\/?s={search_term_string}\"},\"query-input\":{\"@type\":\"PropertyValueSpecification\",\"valueRequired\":true,\"valueName\":\"search_term_string\"}}],\"inLanguage\":\"pl-PL\"}]}<\/script>\n<!-- \/ Yoast SEO plugin. -->","yoast_head_json":{"title":"Marshall Vian Summers | Sprawozdaniach Sprzymierze\u0144c\u00f3w Ludzko\u015bci","description":"Marshall Vian Summers otrzyma\u0142 rozleg\u0142y zbi\u00f3r pism dotycz\u0105cy pozaziemskiego kontaktu, duchowo\u015bci oraz ludzkiego przeznaczenia.","robots":{"index":"index","follow":"follow","max-snippet":"max-snippet:-1","max-image-preview":"max-image-preview:large","max-video-preview":"max-video-preview:-1"},"canonical":"https:\/\/www.alliesofhumanity.org\/pl\/marshall-vian-summers\/","og_locale":"pl_PL","og_type":"article","og_title":"Marshall Vian Summers | Sprawozdaniach Sprzymierze\u0144c\u00f3w Ludzko\u015bci","og_description":"Marshall Vian Summers otrzyma\u0142 rozleg\u0142y zbi\u00f3r pism dotycz\u0105cy pozaziemskiego kontaktu, duchowo\u015bci oraz ludzkiego przeznaczenia.","og_url":"https:\/\/www.alliesofhumanity.org\/pl\/marshall-vian-summers\/","og_site_name":"The Allies of Humanity","article_publisher":"https:\/\/www.facebook.com\/alliesofhumanity\/","article_modified_time":"2021-05-21T00:39:40+00:00","og_image":[{"width":1200,"height":630,"url":"https:\/\/www.alliesofhumanity.org\/wp-content\/uploads\/2021\/01\/og-socialmedia-aoh.jpg","type":"image\/jpeg"}],"twitter_card":"summary_large_image","twitter_title":"Marshall Vian Summers | Sprawozdaniach Sprzymierze\u0144c\u00f3w Ludzko\u015bci","twitter_site":"@earthallies","twitter_misc":{"Szacowany czas czytania":"5 minut"},"schema":{"@context":"https:\/\/schema.org","@graph":[{"@type":"WebPage","@id":"https:\/\/www.alliesofhumanity.org\/pl\/marshall-vian-summers\/","url":"https:\/\/www.alliesofhumanity.org\/pl\/marshall-vian-summers\/","name":"Marshall Vian Summers | Sprawozdaniach Sprzymierze\u0144c\u00f3w Ludzko\u015bci","isPartOf":{"@id":"https:\/\/www.alliesofhumanity.org\/pl\/#website"},"datePublished":"2021-05-21T00:39:36+00:00","dateModified":"2021-05-21T00:39:40+00:00","description":"Marshall Vian Summers otrzyma\u0142 rozleg\u0142y zbi\u00f3r pism dotycz\u0105cy pozaziemskiego kontaktu, duchowo\u015bci oraz ludzkiego przeznaczenia.","inLanguage":"pl-PL","potentialAction":[{"@type":"ReadAction","target":["https:\/\/www.alliesofhumanity.org\/pl\/marshall-vian-summers\/"]}]},{"@type":"WebSite","@id":"https:\/\/www.alliesofhumanity.org\/pl\/#website","url":"https:\/\/www.alliesofhumanity.org\/pl\/","name":"The Allies of Humanity","description":"","potentialAction":[{"@type":"SearchAction","target":{"@type":"EntryPoint","urlTemplate":"https:\/\/www.alliesofhumanity.org\/pl\/?s={search_term_string}"},"query-input":{"@type":"PropertyValueSpecification","valueRequired":true,"valueName":"search_term_string"}}],"inLanguage":"pl-PL"}]}},"_links":{"self":[{"href":"https:\/\/www.alliesofhumanity.org\/pl\/wp-json\/wp\/v2\/pages\/17253","targetHints":{"allow":["GET"]}}],"collection":[{"href":"https:\/\/www.alliesofhumanity.org\/pl\/wp-json\/wp\/v2\/pages"}],"about":[{"href":"https:\/\/www.alliesofhumanity.org\/pl\/wp-json\/wp\/v2\/types\/page"}],"author":[{"embeddable":true,"href":"https:\/\/www.alliesofhumanity.org\/pl\/wp-json\/wp\/v2\/users\/2"}],"replies":[{"embeddable":true,"href":"https:\/\/www.alliesofhumanity.org\/pl\/wp-json\/wp\/v2\/comments?post=17253"}],"version-history":[{"count":1,"href":"https:\/\/www.alliesofhumanity.org\/pl\/wp-json\/wp\/v2\/pages\/17253\/revisions"}],"predecessor-version":[{"id":17321,"href":"https:\/\/www.alliesofhumanity.org\/pl\/wp-json\/wp\/v2\/pages\/17253\/revisions\/17321"}],"wp:attachment":[{"href":"https:\/\/www.alliesofhumanity.org\/pl\/wp-json\/wp\/v2\/media?parent=17253"}],"curies":[{"name":"wp","href":"https:\/\/api.w.org\/{rel}","templated":true}]}}