{"id":17207,"date":"2021-05-17T11:34:59","date_gmt":"2021-05-17T10:34:59","guid":{"rendered":"https:\/\/www.alliesofhumanity.org\/education-and-action\/"},"modified":"2024-03-14T08:30:49","modified_gmt":"2024-03-14T07:30:49","slug":"education-and-action","status":"publish","type":"page","link":"https:\/\/www.alliesofhumanity.org\/pl\/education-and-action\/","title":{"rendered":"Edukacja oraz Dzia\u0142anie"},"content":{"rendered":"\t\t<div data-elementor-type=\"wp-page\" data-elementor-id=\"17207\" class=\"elementor elementor-17207 elementor-1867\" data-elementor-post-type=\"page\">\t\t\t\t\t\t<section class=\"elementor-section elementor-top-section elementor-element elementor-element-4782b150 elementor-section-full_width elementor-section-height-default elementor-section-height-default\" data-id=\"4782b150\" data-element_type=\"section\">\t\t\t\t\t\t<div class=\"elementor-container elementor-column-gap-default\">\t\t\t\t\t<div class=\"elementor-column elementor-col-100 elementor-top-column elementor-element elementor-element-54d1ac8e\" data-id=\"54d1ac8e\" data-element_type=\"column\">\t\t\t<div class=\"elementor-widget-wrap elementor-element-populated\">\t\t\t\t\t\t<div class=\"elementor-element elementor-element-5f862d9 elementor-widget elementor-widget-text-editor\" data-id=\"5f862d9\" data-element_type=\"widget\" data-widget_type=\"text-editor.default\">\t\t\t\t<div class=\"elementor-widget-container\">\t\t\t\t\t\t\t\t\t<h5>Ludzka Rodzina stoi w obliczu najwi\u0119kszego progu w swej d\u0142ugiej historii \u2013 swojego wy\u0142onienia si\u0119 do Wi\u0119kszej Spo\u0142eczno\u015bci inteligentnego \u017cycia we wszech\u015bwiecie. Owo wy\u0142onienie si\u0119 zmieni ludzk\u0105 percepcj\u0119, wierzenie oraz to, w jaki spos\u00f3b \u017cyjemy na Ziemi. Ludzko\u015b\u0107 jest jednak nieprzygotowana.<\/h5>\rPo raz pierwszy przygotowanie odnosz\u0105ce si\u0119 do przekraczania wielkiego progu Wi\u0119kszej Spo\u0142eczno\u015bci jest udost\u0119pnione poprzez pisma\u00a0<a href=\"https:\/\/www.marshallsummers.com\" target=\"_blank\" rel=\"noopener noreferrer\">MV Summersa<\/a>. Ten rozleg\u0142y zbi\u00f3r Naucza\u0144 w swojej ca\u0142o\u015bci jest odmienny od wszystkiego w dzisiejszym \u015bwiecie i stanowi\u00a0<a href=\"https:\/\/www.newmessage.org\/\" target=\"_blank\" rel=\"noopener noreferrer\">Nowe Pos\u0142anie dla Ludzko\u015bci<\/a>.\r\rEdukacja oraz Dzia\u0142anie s\u0105 kluczowe, aby wnie\u015b\u0107 to nowe pos\u0142anie oraz \u015bwiadomo\u015b\u0107 Ludzko\u015bci.\r<h5>Kontynuuj swoj\u0105 edukacj\u0119 dotycz\u0105c\u0105 Wi\u0119kszej Spo\u0142eczno\u015bci w\r<a title=\"Otwartej Szkole Nowego Pos\u0142ania\" href=\"https:\/\/community.newmessage.org\" target=\"_blank\" rel=\"noopener noreferrer\">Otwartej Szkole Nowego Pos\u0142ania.<\/a>\rOg\u00f3lno\u015bwiatowa, on-line i otwarta dla wszystkich.<\/h5>\r<h3>Dodatkowe zasoby:<\/h3>\r<a href=\"https:\/\/www.newmessage.org\/pl\/the-message\/volume-2\/preparing-for-the-greater-community\/\">Przygotowanie na Wi\u0119ksz\u0105 Spo\u0142eczno\u015b\u0107<\/a>\r<p>\r<\/p><a href=\"https:\/\/www.newmessage.org\/pl\/the-message\/volume-4\/life-universe\/\">\u017bycie we Wszech\u015bwiecie<\/a>\r<p>\r<\/p><a href=\"https:\/\/www.newmessage.org\/pl\/the-message\/volume-2\/greater-community-spirituality\/\">Duchowo\u015b\u0107 Wi\u0119kszej Spo\u0142eczno\u015bci<\/a>\r<p>\r<\/p><a href=\"https:\/\/www.newmessage.org\/pl\/volume-5\/great-waves-change\/\">Wielkie Fale Przemian<\/a>\r<p>\r<\/p><a href=\"https:\/\/www.newmessage.org\/pl\/the-message\/volume-3\/steps-knowledge\/\">Kroki do Wiedzy<\/a>\r<p>\r<\/p><a href=\"https:\/\/www.community.newmessage.org\/\">Strona Spo\u0142eczno\u015bci<\/a>\r<h3>Nauczania Nowego Pos\u0142ania:<\/h3>\r<ul>\r \t<li><a href=\"https:\/\/www.newmessage.org\/pl\/\">Nowe Pos\u0142anie od Boga<\/a><\/li>\r<\/ul>\r<h3>Komentarze Nauczycieli z <a href=\"https:\/\/www.alliesofhumanity.org\/pl\/the-briefings\/book-two\/\">Ksi\u0119gi Drugiej Sprzymierze\u0144c\u00f3w Ludzko\u015bci<\/a>:<\/h3>\r<ul>\r \t<li>Pierwszy Komentarz: <a href=\"the-problem-of-human-denial-first-commentary\">\u00a0<\/a><a href=\"universe-reality-of-nature\">Problem Ludzkiej Negacji (Oczekuj\u0105ce t\u0142umaczenia)<\/a>Drugi Komentarz:<a href=\"effects-of-the-pacification-program-second-commentary\"> Skutki Programu Pacyfikacyjnego (Oczekuj\u0105ce t\u0142umaczenia)<\/a>Trzeci Komentarz: <a href=\"understanding-the-intervention-third-commentary\">Rozumienie Interwencji (Oczekuj\u0105ce t\u0142umaczenia)<\/a><\/li>\r<\/ul>\t\t\t\t\t\t\t\t<\/div>\t\t\t\t<\/div>\t\t\t\t\t<\/div>\t\t<\/div>\t\t\t\t\t<\/div>\t\t<\/section>\t\t\t\t<\/div><p>\t\t<\/p>","protected":false},"excerpt":{"rendered":"<p>Ludzka Rodzina stoi w obliczu najwi\u0119kszego progu w swej d\u0142ugiej historii \u2013 swojego wy\u0142onienia si\u0119 do Wi\u0119kszej Spo\u0142eczno\u015bci inteligentnego \u017cycia we wszech\u015bwiecie. Owo wy\u0142onienie si\u0119 zmieni ludzk\u0105 percepcj\u0119, wierzenie oraz to, w jaki spos\u00f3b \u017cyjemy na Ziemi. Ludzko\u015b\u0107 jest jednak nieprzygotowana. Po raz pierwszy przygotowanie odnosz\u0105ce si\u0119 do przekraczania wielkiego progu Wi\u0119kszej Spo\u0142eczno\u015bci jest udost\u0119pnione [&hellip;]<\/p>\n","protected":false},"author":25,"featured_media":0,"parent":0,"menu_order":3,"comment_status":"closed","ping_status":"closed","template":"page.php","meta":{"_acf_changed":false,"footnotes":""},"class_list":["post-17207","page","type-page","status-publish","hentry"],"acf":[],"yoast_head":"<!-- This site is optimized with the Yoast SEO plugin v26.5 - https:\/\/yoast.com\/wordpress\/plugins\/seo\/ -->\n<title>Kontakt Pozaziemski: Kluczowa Edukacja oraz Dzia\u0142anie<\/title>\n<meta name=\"description\" content=\"Ten rozleg\u0142y zbi\u00f3r Naucza\u0144 w swojej ca\u0142o\u015bci jest odmienny od wszystkiego we wsp\u00f3\u0142czesnym \u015bwiecie i stanowi Nowe Pos\u0142anie dla Ludzko\u015bci.\" \/>\n<meta name=\"robots\" content=\"index, follow, max-snippet:-1, max-image-preview:large, max-video-preview:-1\" \/>\n<link rel=\"canonical\" href=\"https:\/\/www.alliesofhumanity.org\/pl\/education-and-action\/\" \/>\n<meta property=\"og:locale\" content=\"pl_PL\" \/>\n<meta property=\"og:type\" content=\"article\" \/>\n<meta property=\"og:title\" content=\"Kontakt Pozaziemski: Kluczowa Edukacja oraz Dzia\u0142anie\" \/>\n<meta property=\"og:description\" content=\"Ten rozleg\u0142y zbi\u00f3r Naucza\u0144 w swojej ca\u0142o\u015bci jest odmienny od wszystkiego we wsp\u00f3\u0142czesnym \u015bwiecie i stanowi Nowe Pos\u0142anie dla Ludzko\u015bci.\" \/>\n<meta property=\"og:url\" content=\"https:\/\/www.alliesofhumanity.org\/pl\/education-and-action\/\" \/>\n<meta property=\"og:site_name\" content=\"The Allies of Humanity\" \/>\n<meta property=\"article:publisher\" content=\"https:\/\/www.facebook.com\/alliesofhumanity\/\" \/>\n<meta property=\"article:modified_time\" content=\"2024-03-14T07:30:49+00:00\" \/>\n<meta property=\"og:image\" content=\"https:\/\/www.alliesofhumanity.org\/wp-content\/uploads\/2021\/01\/og-socialmedia-aoh.jpg\" \/>\n\t<meta property=\"og:image:width\" content=\"1200\" \/>\n\t<meta property=\"og:image:height\" content=\"630\" \/>\n\t<meta property=\"og:image:type\" content=\"image\/jpeg\" \/>\n<meta name=\"twitter:card\" content=\"summary_large_image\" \/>\n<meta name=\"twitter:title\" content=\"Kontakt Pozaziemski: Kluczowa Edukacja oraz Dzia\u0142anie\" \/>\n<meta name=\"twitter:site\" content=\"@earthallies\" \/>\n<meta name=\"twitter:label1\" content=\"Szacowany czas czytania\" \/>\n\t<meta name=\"twitter:data1\" content=\"1 minuta\" \/>\n<script type=\"application\/ld+json\" class=\"yoast-schema-graph\">{\"@context\":\"https:\/\/schema.org\",\"@graph\":[{\"@type\":\"WebPage\",\"@id\":\"https:\/\/www.alliesofhumanity.org\/pl\/education-and-action\/\",\"url\":\"https:\/\/www.alliesofhumanity.org\/pl\/education-and-action\/\",\"name\":\"Kontakt Pozaziemski: Kluczowa Edukacja oraz Dzia\u0142anie\",\"isPartOf\":{\"@id\":\"https:\/\/www.alliesofhumanity.org\/pl\/#website\"},\"datePublished\":\"2021-05-17T10:34:59+00:00\",\"dateModified\":\"2024-03-14T07:30:49+00:00\",\"description\":\"Ten rozleg\u0142y zbi\u00f3r Naucza\u0144 w swojej ca\u0142o\u015bci jest odmienny od wszystkiego we wsp\u00f3\u0142czesnym \u015bwiecie i stanowi Nowe Pos\u0142anie dla Ludzko\u015bci.\",\"inLanguage\":\"pl-PL\",\"potentialAction\":[{\"@type\":\"ReadAction\",\"target\":[\"https:\/\/www.alliesofhumanity.org\/pl\/education-and-action\/\"]}]},{\"@type\":\"WebSite\",\"@id\":\"https:\/\/www.alliesofhumanity.org\/pl\/#website\",\"url\":\"https:\/\/www.alliesofhumanity.org\/pl\/\",\"name\":\"The Allies of Humanity\",\"description\":\"\",\"potentialAction\":[{\"@type\":\"SearchAction\",\"target\":{\"@type\":\"EntryPoint\",\"urlTemplate\":\"https:\/\/www.alliesofhumanity.org\/pl\/?s={search_term_string}\"},\"query-input\":{\"@type\":\"PropertyValueSpecification\",\"valueRequired\":true,\"valueName\":\"search_term_string\"}}],\"inLanguage\":\"pl-PL\"}]}<\/script>\n<!-- \/ Yoast SEO plugin. -->","yoast_head_json":{"title":"Kontakt Pozaziemski: Kluczowa Edukacja oraz Dzia\u0142anie","description":"Ten rozleg\u0142y zbi\u00f3r Naucza\u0144 w swojej ca\u0142o\u015bci jest odmienny od wszystkiego we wsp\u00f3\u0142czesnym \u015bwiecie i stanowi Nowe Pos\u0142anie dla Ludzko\u015bci.","robots":{"index":"index","follow":"follow","max-snippet":"max-snippet:-1","max-image-preview":"max-image-preview:large","max-video-preview":"max-video-preview:-1"},"canonical":"https:\/\/www.alliesofhumanity.org\/pl\/education-and-action\/","og_locale":"pl_PL","og_type":"article","og_title":"Kontakt Pozaziemski: Kluczowa Edukacja oraz Dzia\u0142anie","og_description":"Ten rozleg\u0142y zbi\u00f3r Naucza\u0144 w swojej ca\u0142o\u015bci jest odmienny od wszystkiego we wsp\u00f3\u0142czesnym \u015bwiecie i stanowi Nowe Pos\u0142anie dla Ludzko\u015bci.","og_url":"https:\/\/www.alliesofhumanity.org\/pl\/education-and-action\/","og_site_name":"The Allies of Humanity","article_publisher":"https:\/\/www.facebook.com\/alliesofhumanity\/","article_modified_time":"2024-03-14T07:30:49+00:00","og_image":[{"width":1200,"height":630,"url":"https:\/\/www.alliesofhumanity.org\/wp-content\/uploads\/2021\/01\/og-socialmedia-aoh.jpg","type":"image\/jpeg"}],"twitter_card":"summary_large_image","twitter_title":"Kontakt Pozaziemski: Kluczowa Edukacja oraz Dzia\u0142anie","twitter_site":"@earthallies","twitter_misc":{"Szacowany czas czytania":"1 minuta"},"schema":{"@context":"https:\/\/schema.org","@graph":[{"@type":"WebPage","@id":"https:\/\/www.alliesofhumanity.org\/pl\/education-and-action\/","url":"https:\/\/www.alliesofhumanity.org\/pl\/education-and-action\/","name":"Kontakt Pozaziemski: Kluczowa Edukacja oraz Dzia\u0142anie","isPartOf":{"@id":"https:\/\/www.alliesofhumanity.org\/pl\/#website"},"datePublished":"2021-05-17T10:34:59+00:00","dateModified":"2024-03-14T07:30:49+00:00","description":"Ten rozleg\u0142y zbi\u00f3r Naucza\u0144 w swojej ca\u0142o\u015bci jest odmienny od wszystkiego we wsp\u00f3\u0142czesnym \u015bwiecie i stanowi Nowe Pos\u0142anie dla Ludzko\u015bci.","inLanguage":"pl-PL","potentialAction":[{"@type":"ReadAction","target":["https:\/\/www.alliesofhumanity.org\/pl\/education-and-action\/"]}]},{"@type":"WebSite","@id":"https:\/\/www.alliesofhumanity.org\/pl\/#website","url":"https:\/\/www.alliesofhumanity.org\/pl\/","name":"The Allies of Humanity","description":"","potentialAction":[{"@type":"SearchAction","target":{"@type":"EntryPoint","urlTemplate":"https:\/\/www.alliesofhumanity.org\/pl\/?s={search_term_string}"},"query-input":{"@type":"PropertyValueSpecification","valueRequired":true,"valueName":"search_term_string"}}],"inLanguage":"pl-PL"}]}},"_links":{"self":[{"href":"https:\/\/www.alliesofhumanity.org\/pl\/wp-json\/wp\/v2\/pages\/17207","targetHints":{"allow":["GET"]}}],"collection":[{"href":"https:\/\/www.alliesofhumanity.org\/pl\/wp-json\/wp\/v2\/pages"}],"about":[{"href":"https:\/\/www.alliesofhumanity.org\/pl\/wp-json\/wp\/v2\/types\/page"}],"author":[{"embeddable":true,"href":"https:\/\/www.alliesofhumanity.org\/pl\/wp-json\/wp\/v2\/users\/25"}],"replies":[{"embeddable":true,"href":"https:\/\/www.alliesofhumanity.org\/pl\/wp-json\/wp\/v2\/comments?post=17207"}],"version-history":[{"count":4,"href":"https:\/\/www.alliesofhumanity.org\/pl\/wp-json\/wp\/v2\/pages\/17207\/revisions"}],"predecessor-version":[{"id":22155,"href":"https:\/\/www.alliesofhumanity.org\/pl\/wp-json\/wp\/v2\/pages\/17207\/revisions\/22155"}],"wp:attachment":[{"href":"https:\/\/www.alliesofhumanity.org\/pl\/wp-json\/wp\/v2\/media?parent=17207"}],"curies":[{"name":"wp","href":"https:\/\/api.w.org\/{rel}","templated":true}]}}