{"id":17203,"date":"2021-05-17T10:56:30","date_gmt":"2021-05-17T09:56:30","guid":{"rendered":"https:\/\/www.alliesofhumanity.org\/the-briefings\/book-four\/networks-wise\/"},"modified":"2024-03-14T08:30:19","modified_gmt":"2024-03-14T07:30:19","slug":"networks-wise","status":"publish","type":"page","link":"https:\/\/www.alliesofhumanity.org\/pl\/the-briefings\/book-four\/networks-wise\/","title":{"rendered":"Sprawozdanie Sz\u00f3\u015bte: Sieci M\u0119drc\u00f3w"},"content":{"rendered":"\t\t<div data-elementor-type=\"wp-page\" data-elementor-id=\"17203\" class=\"elementor elementor-17203 elementor-2541\" data-elementor-post-type=\"page\">\t\t\t\t\t\t<section class=\"elementor-section elementor-top-section elementor-element elementor-element-467a6b36 elementor-section-boxed elementor-section-height-default elementor-section-height-default\" data-id=\"467a6b36\" data-element_type=\"section\">\t\t\t\t\t\t<div class=\"elementor-container elementor-column-gap-default\">\t\t\t\t\t<div class=\"elementor-column elementor-col-100 elementor-top-column elementor-element elementor-element-2f02a1d4\" data-id=\"2f02a1d4\" data-element_type=\"column\">\t\t\t<div class=\"elementor-widget-wrap elementor-element-populated\">\t\t\t\t\t\t<div class=\"elementor-element elementor-element-9c3626d elementor-widget elementor-widget-text-editor\" data-id=\"9c3626d\" data-element_type=\"widget\" data-widget_type=\"text-editor.default\">\t\t\t\t<div class=\"elementor-widget-container\">\t\t\t\t\t\t\t\t\tOczekuj\u0105ce t\u0142umaczenia\t\t\t\t\t\t\t\t<\/div>\t\t\t\t<\/div>\t\t\t\t\t<\/div>\t\t<\/div>\t\t\t\t\t<\/div>\t\t<\/section>\t\t\t\t<\/div><p>\t\t<\/p>","protected":false},"excerpt":{"rendered":"<p>Oczekuj\u0105ce t\u0142umaczenia<\/p>\n","protected":false},"author":23,"featured_media":0,"parent":17157,"menu_order":6,"comment_status":"closed","ping_status":"closed","template":"page.php","meta":{"_acf_changed":false,"footnotes":""},"class_list":["post-17203","page","type-page","status-publish","hentry"],"acf":[],"yoast_head":"<!-- This site is optimized with the Yoast SEO plugin v26.5 - https:\/\/yoast.com\/wordpress\/plugins\/seo\/ -->\n<title>Sieci M\u0119drc\u00f3w: Wy\u017csze Moce poza Fizycznym Wymiarem<\/title>\n<meta name=\"description\" content=\"Sieci M\u0119drc\u00f3w dziel\u0105 si\u0119 swoj\u0105 m\u0105dro\u015bci\u0105 ze sob\u0105 nawzajem przy pomocy Wy\u017cszych Mocy. Tym samym Niebo ma swoich agent\u00f3w w fizycznym wymiarze.\" \/>\n<meta name=\"robots\" content=\"index, follow, max-snippet:-1, max-image-preview:large, max-video-preview:-1\" \/>\n<link rel=\"canonical\" href=\"https:\/\/www.alliesofhumanity.org\/pl\/the-briefings\/book-four\/networks-wise\/\" \/>\n<meta property=\"og:locale\" content=\"pl_PL\" \/>\n<meta property=\"og:type\" content=\"article\" \/>\n<meta property=\"og:title\" content=\"Sieci M\u0119drc\u00f3w: Wy\u017csze Moce poza Fizycznym Wymiarem\" \/>\n<meta property=\"og:description\" content=\"Sieci M\u0119drc\u00f3w dziel\u0105 si\u0119 swoj\u0105 m\u0105dro\u015bci\u0105 ze sob\u0105 nawzajem przy pomocy Wy\u017cszych Mocy. Tym samym Niebo ma swoich agent\u00f3w w fizycznym wymiarze.\" \/>\n<meta property=\"og:url\" content=\"https:\/\/www.alliesofhumanity.org\/pl\/the-briefings\/book-four\/networks-wise\/\" \/>\n<meta property=\"og:site_name\" content=\"The Allies of Humanity\" \/>\n<meta property=\"article:publisher\" content=\"https:\/\/www.facebook.com\/alliesofhumanity\/\" \/>\n<meta property=\"article:modified_time\" content=\"2024-03-14T07:30:19+00:00\" \/>\n<meta property=\"og:image\" content=\"https:\/\/www.alliesofhumanity.org\/wp-content\/uploads\/2021\/01\/og-socialmedia-aoh.jpg\" \/>\n\t<meta property=\"og:image:width\" content=\"1200\" \/>\n\t<meta property=\"og:image:height\" content=\"630\" \/>\n\t<meta property=\"og:image:type\" content=\"image\/jpeg\" \/>\n<meta name=\"twitter:card\" content=\"summary_large_image\" \/>\n<meta name=\"twitter:title\" content=\"Sieci M\u0119drc\u00f3w: Wy\u017csze Moce poza Fizycznym Wymiarem\" \/>\n<meta name=\"twitter:site\" content=\"@earthallies\" \/>\n<script type=\"application\/ld+json\" class=\"yoast-schema-graph\">{\"@context\":\"https:\/\/schema.org\",\"@graph\":[{\"@type\":\"WebPage\",\"@id\":\"https:\/\/www.alliesofhumanity.org\/pl\/the-briefings\/book-four\/networks-wise\/\",\"url\":\"https:\/\/www.alliesofhumanity.org\/pl\/the-briefings\/book-four\/networks-wise\/\",\"name\":\"Sieci M\u0119drc\u00f3w: Wy\u017csze Moce poza Fizycznym Wymiarem\",\"isPartOf\":{\"@id\":\"https:\/\/www.alliesofhumanity.org\/pl\/#website\"},\"datePublished\":\"2021-05-17T09:56:30+00:00\",\"dateModified\":\"2024-03-14T07:30:19+00:00\",\"description\":\"Sieci M\u0119drc\u00f3w dziel\u0105 si\u0119 swoj\u0105 m\u0105dro\u015bci\u0105 ze sob\u0105 nawzajem przy pomocy Wy\u017cszych Mocy. Tym samym Niebo ma swoich agent\u00f3w w fizycznym wymiarze.\",\"breadcrumb\":{\"@id\":\"https:\/\/www.alliesofhumanity.org\/pl\/the-briefings\/book-four\/networks-wise\/#breadcrumb\"},\"inLanguage\":\"pl-PL\",\"potentialAction\":[{\"@type\":\"ReadAction\",\"target\":[\"https:\/\/www.alliesofhumanity.org\/pl\/the-briefings\/book-four\/networks-wise\/\"]}]},{\"@type\":\"BreadcrumbList\",\"@id\":\"https:\/\/www.alliesofhumanity.org\/pl\/the-briefings\/book-four\/networks-wise\/#breadcrumb\",\"itemListElement\":[{\"@type\":\"ListItem\",\"position\":1,\"name\":\"Sprawozdania\",\"item\":\"https:\/\/www.alliesofhumanity.org\/pl\/the-briefings\/\"},{\"@type\":\"ListItem\",\"position\":2,\"name\":\"Ksi\u0119ga Czwarta\",\"item\":\"https:\/\/www.alliesofhumanity.org\/pl\/the-briefings\/book-four\/\"},{\"@type\":\"ListItem\",\"position\":3,\"name\":\"Sprawozdanie Sz\u00f3\u015bte: Sieci M\u0119drc\u00f3w\"}]},{\"@type\":\"WebSite\",\"@id\":\"https:\/\/www.alliesofhumanity.org\/pl\/#website\",\"url\":\"https:\/\/www.alliesofhumanity.org\/pl\/\",\"name\":\"The Allies of Humanity\",\"description\":\"\",\"potentialAction\":[{\"@type\":\"SearchAction\",\"target\":{\"@type\":\"EntryPoint\",\"urlTemplate\":\"https:\/\/www.alliesofhumanity.org\/pl\/?s={search_term_string}\"},\"query-input\":{\"@type\":\"PropertyValueSpecification\",\"valueRequired\":true,\"valueName\":\"search_term_string\"}}],\"inLanguage\":\"pl-PL\"}]}<\/script>\n<!-- \/ Yoast SEO plugin. -->","yoast_head_json":{"title":"Sieci M\u0119drc\u00f3w: Wy\u017csze Moce poza Fizycznym Wymiarem","description":"Sieci M\u0119drc\u00f3w dziel\u0105 si\u0119 swoj\u0105 m\u0105dro\u015bci\u0105 ze sob\u0105 nawzajem przy pomocy Wy\u017cszych Mocy. Tym samym Niebo ma swoich agent\u00f3w w fizycznym wymiarze.","robots":{"index":"index","follow":"follow","max-snippet":"max-snippet:-1","max-image-preview":"max-image-preview:large","max-video-preview":"max-video-preview:-1"},"canonical":"https:\/\/www.alliesofhumanity.org\/pl\/the-briefings\/book-four\/networks-wise\/","og_locale":"pl_PL","og_type":"article","og_title":"Sieci M\u0119drc\u00f3w: Wy\u017csze Moce poza Fizycznym Wymiarem","og_description":"Sieci M\u0119drc\u00f3w dziel\u0105 si\u0119 swoj\u0105 m\u0105dro\u015bci\u0105 ze sob\u0105 nawzajem przy pomocy Wy\u017cszych Mocy. Tym samym Niebo ma swoich agent\u00f3w w fizycznym wymiarze.","og_url":"https:\/\/www.alliesofhumanity.org\/pl\/the-briefings\/book-four\/networks-wise\/","og_site_name":"The Allies of Humanity","article_publisher":"https:\/\/www.facebook.com\/alliesofhumanity\/","article_modified_time":"2024-03-14T07:30:19+00:00","og_image":[{"width":1200,"height":630,"url":"https:\/\/www.alliesofhumanity.org\/wp-content\/uploads\/2021\/01\/og-socialmedia-aoh.jpg","type":"image\/jpeg"}],"twitter_card":"summary_large_image","twitter_title":"Sieci M\u0119drc\u00f3w: Wy\u017csze Moce poza Fizycznym Wymiarem","twitter_site":"@earthallies","schema":{"@context":"https:\/\/schema.org","@graph":[{"@type":"WebPage","@id":"https:\/\/www.alliesofhumanity.org\/pl\/the-briefings\/book-four\/networks-wise\/","url":"https:\/\/www.alliesofhumanity.org\/pl\/the-briefings\/book-four\/networks-wise\/","name":"Sieci M\u0119drc\u00f3w: Wy\u017csze Moce poza Fizycznym Wymiarem","isPartOf":{"@id":"https:\/\/www.alliesofhumanity.org\/pl\/#website"},"datePublished":"2021-05-17T09:56:30+00:00","dateModified":"2024-03-14T07:30:19+00:00","description":"Sieci M\u0119drc\u00f3w dziel\u0105 si\u0119 swoj\u0105 m\u0105dro\u015bci\u0105 ze sob\u0105 nawzajem przy pomocy Wy\u017cszych Mocy. Tym samym Niebo ma swoich agent\u00f3w w fizycznym wymiarze.","breadcrumb":{"@id":"https:\/\/www.alliesofhumanity.org\/pl\/the-briefings\/book-four\/networks-wise\/#breadcrumb"},"inLanguage":"pl-PL","potentialAction":[{"@type":"ReadAction","target":["https:\/\/www.alliesofhumanity.org\/pl\/the-briefings\/book-four\/networks-wise\/"]}]},{"@type":"BreadcrumbList","@id":"https:\/\/www.alliesofhumanity.org\/pl\/the-briefings\/book-four\/networks-wise\/#breadcrumb","itemListElement":[{"@type":"ListItem","position":1,"name":"Sprawozdania","item":"https:\/\/www.alliesofhumanity.org\/pl\/the-briefings\/"},{"@type":"ListItem","position":2,"name":"Ksi\u0119ga Czwarta","item":"https:\/\/www.alliesofhumanity.org\/pl\/the-briefings\/book-four\/"},{"@type":"ListItem","position":3,"name":"Sprawozdanie Sz\u00f3\u015bte: Sieci M\u0119drc\u00f3w"}]},{"@type":"WebSite","@id":"https:\/\/www.alliesofhumanity.org\/pl\/#website","url":"https:\/\/www.alliesofhumanity.org\/pl\/","name":"The Allies of Humanity","description":"","potentialAction":[{"@type":"SearchAction","target":{"@type":"EntryPoint","urlTemplate":"https:\/\/www.alliesofhumanity.org\/pl\/?s={search_term_string}"},"query-input":{"@type":"PropertyValueSpecification","valueRequired":true,"valueName":"search_term_string"}}],"inLanguage":"pl-PL"}]}},"_links":{"self":[{"href":"https:\/\/www.alliesofhumanity.org\/pl\/wp-json\/wp\/v2\/pages\/17203","targetHints":{"allow":["GET"]}}],"collection":[{"href":"https:\/\/www.alliesofhumanity.org\/pl\/wp-json\/wp\/v2\/pages"}],"about":[{"href":"https:\/\/www.alliesofhumanity.org\/pl\/wp-json\/wp\/v2\/types\/page"}],"author":[{"embeddable":true,"href":"https:\/\/www.alliesofhumanity.org\/pl\/wp-json\/wp\/v2\/users\/23"}],"replies":[{"embeddable":true,"href":"https:\/\/www.alliesofhumanity.org\/pl\/wp-json\/wp\/v2\/comments?post=17203"}],"version-history":[{"count":4,"href":"https:\/\/www.alliesofhumanity.org\/pl\/wp-json\/wp\/v2\/pages\/17203\/revisions"}],"predecessor-version":[{"id":22153,"href":"https:\/\/www.alliesofhumanity.org\/pl\/wp-json\/wp\/v2\/pages\/17203\/revisions\/22153"}],"up":[{"embeddable":true,"href":"https:\/\/www.alliesofhumanity.org\/pl\/wp-json\/wp\/v2\/pages\/17157"}],"wp:attachment":[{"href":"https:\/\/www.alliesofhumanity.org\/pl\/wp-json\/wp\/v2\/media?parent=17203"}],"curies":[{"name":"wp","href":"https:\/\/api.w.org\/{rel}","templated":true}]}}