{"id":17197,"date":"2021-05-17T10:41:31","date_gmt":"2021-05-17T09:41:31","guid":{"rendered":"https:\/\/www.alliesofhumanity.org\/the-briefings\/book-four\/free-nations-universe\/"},"modified":"2024-03-14T08:29:19","modified_gmt":"2024-03-14T07:29:19","slug":"free-nations-universe","status":"publish","type":"page","link":"https:\/\/www.alliesofhumanity.org\/pl\/the-briefings\/book-four\/free-nations-universe\/","title":{"rendered":"Sprawozdanie Trzecie: Wolno\u015b\u0107 we Wszech\u015bwiecie"},"content":{"rendered":"\t\t<div data-elementor-type=\"wp-page\" data-elementor-id=\"17197\" class=\"elementor elementor-17197 elementor-2536\" data-elementor-post-type=\"page\">\t\t\t\t\t\t<section class=\"elementor-section elementor-top-section elementor-element elementor-element-3bf3954f elementor-section-boxed elementor-section-height-default elementor-section-height-default\" data-id=\"3bf3954f\" data-element_type=\"section\">\t\t\t\t\t\t<div class=\"elementor-container elementor-column-gap-default\">\t\t\t\t\t<div class=\"elementor-column elementor-col-100 elementor-top-column elementor-element elementor-element-5b3ac6af\" data-id=\"5b3ac6af\" data-element_type=\"column\">\t\t\t<div class=\"elementor-widget-wrap elementor-element-populated\">\t\t\t\t\t\t<div class=\"elementor-element elementor-element-2f29e16 elementor-widget elementor-widget-text-editor\" data-id=\"2f29e16\" data-element_type=\"widget\" data-widget_type=\"text-editor.default\">\t\t\t\t<div class=\"elementor-widget-container\">\t\t\t\t\t\t\t\t\tOczekuj\u0105ce t\u0142umaczenia\t\t\t\t\t\t\t\t<\/div>\t\t\t\t<\/div>\t\t\t\t\t<\/div>\t\t<\/div>\t\t\t\t\t<\/div>\t\t<\/section>\t\t\t\t<\/div><p>\t\t<\/p>","protected":false},"excerpt":{"rendered":"<p>Oczekuj\u0105ce t\u0142umaczenia<\/p>\n","protected":false},"author":23,"featured_media":0,"parent":17157,"menu_order":3,"comment_status":"closed","ping_status":"closed","template":"page.php","meta":{"_acf_changed":false,"footnotes":""},"class_list":["post-17197","page","type-page","status-publish","hentry"],"acf":[],"yoast_head":"<!-- This site is optimized with the Yoast SEO plugin v26.5 - https:\/\/yoast.com\/wordpress\/plugins\/seo\/ -->\n<title>Wolno\u015b\u0107 we Wszech\u015bwiecie \u2013 Jak Wolne Narody Pozostaj\u0105 Wolne<\/title>\n<meta name=\"description\" content=\"Aby wolne narody pozosta\u0142y wolne, musz\u0105 one by\u0107 w stanie przezwyci\u0119\u017ca\u0107 lub odpiera\u0107 wszelkie pokusy, na jakie b\u0119d\u0105 wystawione. Dowiedz si\u0119 dlaczego...\" \/>\n<meta name=\"robots\" content=\"index, follow, max-snippet:-1, max-image-preview:large, max-video-preview:-1\" \/>\n<link rel=\"canonical\" href=\"https:\/\/www.alliesofhumanity.org\/pl\/the-briefings\/book-four\/free-nations-universe\/\" \/>\n<meta property=\"og:locale\" content=\"pl_PL\" \/>\n<meta property=\"og:type\" content=\"article\" \/>\n<meta property=\"og:title\" content=\"Wolno\u015b\u0107 we Wszech\u015bwiecie \u2013 Jak Wolne Narody Pozostaj\u0105 Wolne\" \/>\n<meta property=\"og:description\" content=\"Aby wolne narody pozosta\u0142y wolne, musz\u0105 one by\u0107 w stanie przezwyci\u0119\u017ca\u0107 lub odpiera\u0107 wszelkie pokusy, na jakie b\u0119d\u0105 wystawione. Dowiedz si\u0119 dlaczego...\" \/>\n<meta property=\"og:url\" content=\"https:\/\/www.alliesofhumanity.org\/pl\/the-briefings\/book-four\/free-nations-universe\/\" \/>\n<meta property=\"og:site_name\" content=\"The Allies of Humanity\" \/>\n<meta property=\"article:publisher\" content=\"https:\/\/www.facebook.com\/alliesofhumanity\/\" \/>\n<meta property=\"article:modified_time\" content=\"2024-03-14T07:29:19+00:00\" \/>\n<meta property=\"og:image\" content=\"https:\/\/www.alliesofhumanity.org\/wp-content\/uploads\/2021\/01\/og-socialmedia-aoh.jpg\" \/>\n\t<meta property=\"og:image:width\" content=\"1200\" \/>\n\t<meta property=\"og:image:height\" content=\"630\" \/>\n\t<meta property=\"og:image:type\" content=\"image\/jpeg\" \/>\n<meta name=\"twitter:card\" content=\"summary_large_image\" \/>\n<meta name=\"twitter:title\" content=\"Wolno\u015b\u0107 we Wszech\u015bwiecie \u2013 Jak Wolne Narody Pozostaj\u0105 Wolne\" \/>\n<meta name=\"twitter:site\" content=\"@earthallies\" \/>\n<script type=\"application\/ld+json\" class=\"yoast-schema-graph\">{\"@context\":\"https:\/\/schema.org\",\"@graph\":[{\"@type\":\"WebPage\",\"@id\":\"https:\/\/www.alliesofhumanity.org\/pl\/the-briefings\/book-four\/free-nations-universe\/\",\"url\":\"https:\/\/www.alliesofhumanity.org\/pl\/the-briefings\/book-four\/free-nations-universe\/\",\"name\":\"Wolno\u015b\u0107 we Wszech\u015bwiecie \u2013 Jak Wolne Narody Pozostaj\u0105 Wolne\",\"isPartOf\":{\"@id\":\"https:\/\/www.alliesofhumanity.org\/pl\/#website\"},\"datePublished\":\"2021-05-17T09:41:31+00:00\",\"dateModified\":\"2024-03-14T07:29:19+00:00\",\"description\":\"Aby wolne narody pozosta\u0142y wolne, musz\u0105 one by\u0107 w stanie przezwyci\u0119\u017ca\u0107 lub odpiera\u0107 wszelkie pokusy, na jakie b\u0119d\u0105 wystawione. Dowiedz si\u0119 dlaczego...\",\"breadcrumb\":{\"@id\":\"https:\/\/www.alliesofhumanity.org\/pl\/the-briefings\/book-four\/free-nations-universe\/#breadcrumb\"},\"inLanguage\":\"pl-PL\",\"potentialAction\":[{\"@type\":\"ReadAction\",\"target\":[\"https:\/\/www.alliesofhumanity.org\/pl\/the-briefings\/book-four\/free-nations-universe\/\"]}]},{\"@type\":\"BreadcrumbList\",\"@id\":\"https:\/\/www.alliesofhumanity.org\/pl\/the-briefings\/book-four\/free-nations-universe\/#breadcrumb\",\"itemListElement\":[{\"@type\":\"ListItem\",\"position\":1,\"name\":\"Sprawozdania\",\"item\":\"https:\/\/www.alliesofhumanity.org\/pl\/the-briefings\/\"},{\"@type\":\"ListItem\",\"position\":2,\"name\":\"Ksi\u0119ga Czwarta\",\"item\":\"https:\/\/www.alliesofhumanity.org\/pl\/the-briefings\/book-four\/\"},{\"@type\":\"ListItem\",\"position\":3,\"name\":\"Sprawozdanie Trzecie: Wolno\u015b\u0107 we Wszech\u015bwiecie\"}]},{\"@type\":\"WebSite\",\"@id\":\"https:\/\/www.alliesofhumanity.org\/pl\/#website\",\"url\":\"https:\/\/www.alliesofhumanity.org\/pl\/\",\"name\":\"The Allies of Humanity\",\"description\":\"\",\"potentialAction\":[{\"@type\":\"SearchAction\",\"target\":{\"@type\":\"EntryPoint\",\"urlTemplate\":\"https:\/\/www.alliesofhumanity.org\/pl\/?s={search_term_string}\"},\"query-input\":{\"@type\":\"PropertyValueSpecification\",\"valueRequired\":true,\"valueName\":\"search_term_string\"}}],\"inLanguage\":\"pl-PL\"}]}<\/script>\n<!-- \/ Yoast SEO plugin. -->","yoast_head_json":{"title":"Wolno\u015b\u0107 we Wszech\u015bwiecie \u2013 Jak Wolne Narody Pozostaj\u0105 Wolne","description":"Aby wolne narody pozosta\u0142y wolne, musz\u0105 one by\u0107 w stanie przezwyci\u0119\u017ca\u0107 lub odpiera\u0107 wszelkie pokusy, na jakie b\u0119d\u0105 wystawione. Dowiedz si\u0119 dlaczego...","robots":{"index":"index","follow":"follow","max-snippet":"max-snippet:-1","max-image-preview":"max-image-preview:large","max-video-preview":"max-video-preview:-1"},"canonical":"https:\/\/www.alliesofhumanity.org\/pl\/the-briefings\/book-four\/free-nations-universe\/","og_locale":"pl_PL","og_type":"article","og_title":"Wolno\u015b\u0107 we Wszech\u015bwiecie \u2013 Jak Wolne Narody Pozostaj\u0105 Wolne","og_description":"Aby wolne narody pozosta\u0142y wolne, musz\u0105 one by\u0107 w stanie przezwyci\u0119\u017ca\u0107 lub odpiera\u0107 wszelkie pokusy, na jakie b\u0119d\u0105 wystawione. Dowiedz si\u0119 dlaczego...","og_url":"https:\/\/www.alliesofhumanity.org\/pl\/the-briefings\/book-four\/free-nations-universe\/","og_site_name":"The Allies of Humanity","article_publisher":"https:\/\/www.facebook.com\/alliesofhumanity\/","article_modified_time":"2024-03-14T07:29:19+00:00","og_image":[{"width":1200,"height":630,"url":"https:\/\/www.alliesofhumanity.org\/wp-content\/uploads\/2021\/01\/og-socialmedia-aoh.jpg","type":"image\/jpeg"}],"twitter_card":"summary_large_image","twitter_title":"Wolno\u015b\u0107 we Wszech\u015bwiecie \u2013 Jak Wolne Narody Pozostaj\u0105 Wolne","twitter_site":"@earthallies","schema":{"@context":"https:\/\/schema.org","@graph":[{"@type":"WebPage","@id":"https:\/\/www.alliesofhumanity.org\/pl\/the-briefings\/book-four\/free-nations-universe\/","url":"https:\/\/www.alliesofhumanity.org\/pl\/the-briefings\/book-four\/free-nations-universe\/","name":"Wolno\u015b\u0107 we Wszech\u015bwiecie \u2013 Jak Wolne Narody Pozostaj\u0105 Wolne","isPartOf":{"@id":"https:\/\/www.alliesofhumanity.org\/pl\/#website"},"datePublished":"2021-05-17T09:41:31+00:00","dateModified":"2024-03-14T07:29:19+00:00","description":"Aby wolne narody pozosta\u0142y wolne, musz\u0105 one by\u0107 w stanie przezwyci\u0119\u017ca\u0107 lub odpiera\u0107 wszelkie pokusy, na jakie b\u0119d\u0105 wystawione. Dowiedz si\u0119 dlaczego...","breadcrumb":{"@id":"https:\/\/www.alliesofhumanity.org\/pl\/the-briefings\/book-four\/free-nations-universe\/#breadcrumb"},"inLanguage":"pl-PL","potentialAction":[{"@type":"ReadAction","target":["https:\/\/www.alliesofhumanity.org\/pl\/the-briefings\/book-four\/free-nations-universe\/"]}]},{"@type":"BreadcrumbList","@id":"https:\/\/www.alliesofhumanity.org\/pl\/the-briefings\/book-four\/free-nations-universe\/#breadcrumb","itemListElement":[{"@type":"ListItem","position":1,"name":"Sprawozdania","item":"https:\/\/www.alliesofhumanity.org\/pl\/the-briefings\/"},{"@type":"ListItem","position":2,"name":"Ksi\u0119ga Czwarta","item":"https:\/\/www.alliesofhumanity.org\/pl\/the-briefings\/book-four\/"},{"@type":"ListItem","position":3,"name":"Sprawozdanie Trzecie: Wolno\u015b\u0107 we Wszech\u015bwiecie"}]},{"@type":"WebSite","@id":"https:\/\/www.alliesofhumanity.org\/pl\/#website","url":"https:\/\/www.alliesofhumanity.org\/pl\/","name":"The Allies of Humanity","description":"","potentialAction":[{"@type":"SearchAction","target":{"@type":"EntryPoint","urlTemplate":"https:\/\/www.alliesofhumanity.org\/pl\/?s={search_term_string}"},"query-input":{"@type":"PropertyValueSpecification","valueRequired":true,"valueName":"search_term_string"}}],"inLanguage":"pl-PL"}]}},"_links":{"self":[{"href":"https:\/\/www.alliesofhumanity.org\/pl\/wp-json\/wp\/v2\/pages\/17197","targetHints":{"allow":["GET"]}}],"collection":[{"href":"https:\/\/www.alliesofhumanity.org\/pl\/wp-json\/wp\/v2\/pages"}],"about":[{"href":"https:\/\/www.alliesofhumanity.org\/pl\/wp-json\/wp\/v2\/types\/page"}],"author":[{"embeddable":true,"href":"https:\/\/www.alliesofhumanity.org\/pl\/wp-json\/wp\/v2\/users\/23"}],"replies":[{"embeddable":true,"href":"https:\/\/www.alliesofhumanity.org\/pl\/wp-json\/wp\/v2\/comments?post=17197"}],"version-history":[{"count":4,"href":"https:\/\/www.alliesofhumanity.org\/pl\/wp-json\/wp\/v2\/pages\/17197\/revisions"}],"predecessor-version":[{"id":22150,"href":"https:\/\/www.alliesofhumanity.org\/pl\/wp-json\/wp\/v2\/pages\/17197\/revisions\/22150"}],"up":[{"embeddable":true,"href":"https:\/\/www.alliesofhumanity.org\/pl\/wp-json\/wp\/v2\/pages\/17157"}],"wp:attachment":[{"href":"https:\/\/www.alliesofhumanity.org\/pl\/wp-json\/wp\/v2\/media?parent=17197"}],"curies":[{"name":"wp","href":"https:\/\/api.w.org\/{rel}","templated":true}]}}