{"id":17186,"date":"2021-05-17T10:13:13","date_gmt":"2021-05-17T09:13:13","guid":{"rendered":"https:\/\/www.alliesofhumanity.org\/the-briefings\/book-four\/ah4-a-message-from-marshall-vian-summers\/"},"modified":"2021-09-08T07:13:52","modified_gmt":"2021-09-08T06:13:52","slug":"ah4-a-message-from-marshall-vian-summers","status":"publish","type":"page","link":"https:\/\/www.alliesofhumanity.org\/pl\/the-briefings\/book-four\/ah4-a-message-from-marshall-vian-summers\/","title":{"rendered":"Wiadomo\u015b\u0107 od Marshalla Viana Summersa"},"content":{"rendered":"\t\t<div data-elementor-type=\"wp-page\" data-elementor-id=\"17186\" class=\"elementor elementor-17186 elementor-2532\" data-elementor-post-type=\"page\">\t\t\t\t\t\t<section class=\"elementor-section elementor-top-section elementor-element elementor-element-2ad36770 elementor-section-boxed elementor-section-height-default elementor-section-height-default\" data-id=\"2ad36770\" data-element_type=\"section\">\t\t\t\t\t\t<div class=\"elementor-container elementor-column-gap-default\">\t\t\t\t\t<div class=\"elementor-column elementor-col-100 elementor-top-column elementor-element elementor-element-6727a495\" data-id=\"6727a495\" data-element_type=\"column\">\t\t\t<div class=\"elementor-widget-wrap elementor-element-populated\">\t\t\t\t\t\t<div class=\"elementor-element elementor-element-0ebbb09 elementor-widget elementor-widget-text-editor\" data-id=\"0ebbb09\" data-element_type=\"widget\" data-widget_type=\"text-editor.default\">\t\t\t\t<div class=\"elementor-widget-container\">\t\t\t\t\t\t\t\t\t<p>Jest mi niezmiernie mi\u0142o zaprezentowa\u0107 wam czwarty zestaw Sprawozda\u0144 od Sprzymierze\u0144c\u00f3w Ludzko\u015bci. Owe Sprawozdania s\u0105 cz\u0119\u015bci\u0105 wi\u0119kszej komunikacji od tych ras w naszym lokalnym wszech\u015bwiecie, kt\u00f3re wspieraj\u0105 wolno\u015b\u0107 i niezawis\u0142o\u015b\u0107 ludzko\u015bci, gdy wy\u0142ania si\u0119 ona do \u201cWi\u0119kszej Spo\u0142eczno\u015bci\u201d \u017cycia. Jest to autentyczny przekaz pochodz\u0105cy od pozaziemskiego \u017ar\u00f3d\u0142a ostrzegaj\u0105cy nas przed zagro\u017ceniami ze strony Interwecji spoza \u015bwiata i ponaglaj\u0105cy nas do przygotowania si\u0119 na wyzwania \u017cycia we wszech\u015bwiecie.<\/p><p>(Oczekuj\u0105ce t\u0142umaczenia)<\/p>\t\t\t\t\t\t\t\t<\/div>\t\t\t\t<\/div>\t\t\t\t\t<\/div><p class=\"image-quote float-right\"><img decoding=\"async\" src=\"https:\/\/www.alliesofhumanity.org\/wp-content\/uploads\/2020\/08\/MVS-298x300-1.png\" alt=\"\" \/><\/p>\t\t<\/div>\t\t\t\t\t<\/div>\t\t<\/section>\t\t\t\t<\/div><p>\t\t<\/p>","protected":false},"excerpt":{"rendered":"<p>Jest mi niezmiernie mi\u0142o zaprezentowa\u0107 wam czwarty zestaw Sprawozda\u0144 od Sprzymierze\u0144c\u00f3w Ludzko\u015bci. Owe Sprawozdania s\u0105 cz\u0119\u015bci\u0105 wi\u0119kszej komunikacji od tych ras w naszym lokalnym wszech\u015bwiecie, kt\u00f3re wspieraj\u0105 wolno\u015b\u0107 i niezawis\u0142o\u015b\u0107 ludzko\u015bci, gdy wy\u0142ania si\u0119 ona do \u201cWi\u0119kszej Spo\u0142eczno\u015bci\u201d \u017cycia. Jest to autentyczny przekaz pochodz\u0105cy od pozaziemskiego \u017ar\u00f3d\u0142a ostrzegaj\u0105cy nas przed zagro\u017ceniami ze strony Interwecji spoza [&hellip;]<\/p>\n","protected":false},"author":2,"featured_media":0,"parent":17157,"menu_order":0,"comment_status":"closed","ping_status":"closed","template":"page.php","meta":{"_acf_changed":false,"footnotes":""},"class_list":["post-17186","page","type-page","status-publish","hentry"],"acf":[],"yoast_head":"<!-- This site is optimized with the Yoast SEO plugin v26.5 - https:\/\/yoast.com\/wordpress\/plugins\/seo\/ -->\n<title>Wiadomo\u015b\u0107 od Marshalla Viana Summersa: Sprawozdaniach Sprzymierze\u0144c\u00f3w Ludzko\u015bci<\/title>\n<meta name=\"description\" content=\"Marshall Vian Summers prezentuje Sprawozdania Sprzymierze\u0144c\u00f3w Ludzko\u015bci, autentyczny przekaz pochodz\u0105cy od pozaziemskiego \u017ar\u00f3d\u0142a.\" \/>\n<meta name=\"robots\" content=\"index, follow, max-snippet:-1, max-image-preview:large, max-video-preview:-1\" \/>\n<link rel=\"canonical\" href=\"https:\/\/www.alliesofhumanity.org\/pl\/the-briefings\/book-four\/ah4-a-message-from-marshall-vian-summers\/\" \/>\n<meta property=\"og:locale\" content=\"pl_PL\" \/>\n<meta property=\"og:type\" content=\"article\" \/>\n<meta property=\"og:title\" content=\"Wiadomo\u015b\u0107 od Marshalla Viana Summersa: Sprawozdaniach Sprzymierze\u0144c\u00f3w Ludzko\u015bci\" \/>\n<meta property=\"og:description\" content=\"Marshall Vian Summers prezentuje Sprawozdania Sprzymierze\u0144c\u00f3w Ludzko\u015bci, autentyczny przekaz pochodz\u0105cy od pozaziemskiego \u017ar\u00f3d\u0142a.\" \/>\n<meta property=\"og:url\" content=\"https:\/\/www.alliesofhumanity.org\/pl\/the-briefings\/book-four\/ah4-a-message-from-marshall-vian-summers\/\" \/>\n<meta property=\"og:site_name\" content=\"The Allies of Humanity\" \/>\n<meta property=\"article:publisher\" content=\"https:\/\/www.facebook.com\/alliesofhumanity\/\" \/>\n<meta property=\"article:modified_time\" content=\"2021-09-08T06:13:52+00:00\" \/>\n<meta property=\"og:image\" content=\"https:\/\/www.alliesofhumanity.org\/wp-content\/uploads\/2021\/01\/og-socialmedia-aoh.jpg\" \/>\n\t<meta property=\"og:image:width\" content=\"1200\" \/>\n\t<meta property=\"og:image:height\" content=\"630\" \/>\n\t<meta property=\"og:image:type\" content=\"image\/jpeg\" \/>\n<meta name=\"twitter:card\" content=\"summary_large_image\" \/>\n<meta name=\"twitter:title\" content=\"Wiadomo\u015b\u0107 od Marshalla Viana Summersa: Sprawozdaniach Sprzymierze\u0144c\u00f3w Ludzko\u015bci\" \/>\n<meta name=\"twitter:site\" content=\"@earthallies\" \/>\n<script type=\"application\/ld+json\" class=\"yoast-schema-graph\">{\"@context\":\"https:\/\/schema.org\",\"@graph\":[{\"@type\":\"WebPage\",\"@id\":\"https:\/\/www.alliesofhumanity.org\/pl\/the-briefings\/book-four\/ah4-a-message-from-marshall-vian-summers\/\",\"url\":\"https:\/\/www.alliesofhumanity.org\/pl\/the-briefings\/book-four\/ah4-a-message-from-marshall-vian-summers\/\",\"name\":\"Wiadomo\u015b\u0107 od Marshalla Viana Summersa: Sprawozdaniach Sprzymierze\u0144c\u00f3w Ludzko\u015bci\",\"isPartOf\":{\"@id\":\"https:\/\/www.alliesofhumanity.org\/pl\/#website\"},\"datePublished\":\"2021-05-17T09:13:13+00:00\",\"dateModified\":\"2021-09-08T06:13:52+00:00\",\"description\":\"Marshall Vian Summers prezentuje Sprawozdania Sprzymierze\u0144c\u00f3w Ludzko\u015bci, autentyczny przekaz pochodz\u0105cy od pozaziemskiego \u017ar\u00f3d\u0142a.\",\"breadcrumb\":{\"@id\":\"https:\/\/www.alliesofhumanity.org\/pl\/the-briefings\/book-four\/ah4-a-message-from-marshall-vian-summers\/#breadcrumb\"},\"inLanguage\":\"pl-PL\",\"potentialAction\":[{\"@type\":\"ReadAction\",\"target\":[\"https:\/\/www.alliesofhumanity.org\/pl\/the-briefings\/book-four\/ah4-a-message-from-marshall-vian-summers\/\"]}]},{\"@type\":\"BreadcrumbList\",\"@id\":\"https:\/\/www.alliesofhumanity.org\/pl\/the-briefings\/book-four\/ah4-a-message-from-marshall-vian-summers\/#breadcrumb\",\"itemListElement\":[{\"@type\":\"ListItem\",\"position\":1,\"name\":\"Sprawozdania\",\"item\":\"https:\/\/www.alliesofhumanity.org\/pl\/the-briefings\/\"},{\"@type\":\"ListItem\",\"position\":2,\"name\":\"Ksi\u0119ga Czwarta\",\"item\":\"https:\/\/www.alliesofhumanity.org\/pl\/the-briefings\/book-four\/\"},{\"@type\":\"ListItem\",\"position\":3,\"name\":\"Wiadomo\u015b\u0107 od Marshalla Viana Summersa\"}]},{\"@type\":\"WebSite\",\"@id\":\"https:\/\/www.alliesofhumanity.org\/pl\/#website\",\"url\":\"https:\/\/www.alliesofhumanity.org\/pl\/\",\"name\":\"The Allies of Humanity\",\"description\":\"\",\"potentialAction\":[{\"@type\":\"SearchAction\",\"target\":{\"@type\":\"EntryPoint\",\"urlTemplate\":\"https:\/\/www.alliesofhumanity.org\/pl\/?s={search_term_string}\"},\"query-input\":{\"@type\":\"PropertyValueSpecification\",\"valueRequired\":true,\"valueName\":\"search_term_string\"}}],\"inLanguage\":\"pl-PL\"}]}<\/script>\n<!-- \/ Yoast SEO plugin. -->","yoast_head_json":{"title":"Wiadomo\u015b\u0107 od Marshalla Viana Summersa: Sprawozdaniach Sprzymierze\u0144c\u00f3w Ludzko\u015bci","description":"Marshall Vian Summers prezentuje Sprawozdania Sprzymierze\u0144c\u00f3w Ludzko\u015bci, autentyczny przekaz pochodz\u0105cy od pozaziemskiego \u017ar\u00f3d\u0142a.","robots":{"index":"index","follow":"follow","max-snippet":"max-snippet:-1","max-image-preview":"max-image-preview:large","max-video-preview":"max-video-preview:-1"},"canonical":"https:\/\/www.alliesofhumanity.org\/pl\/the-briefings\/book-four\/ah4-a-message-from-marshall-vian-summers\/","og_locale":"pl_PL","og_type":"article","og_title":"Wiadomo\u015b\u0107 od Marshalla Viana Summersa: Sprawozdaniach Sprzymierze\u0144c\u00f3w Ludzko\u015bci","og_description":"Marshall Vian Summers prezentuje Sprawozdania Sprzymierze\u0144c\u00f3w Ludzko\u015bci, autentyczny przekaz pochodz\u0105cy od pozaziemskiego \u017ar\u00f3d\u0142a.","og_url":"https:\/\/www.alliesofhumanity.org\/pl\/the-briefings\/book-four\/ah4-a-message-from-marshall-vian-summers\/","og_site_name":"The Allies of Humanity","article_publisher":"https:\/\/www.facebook.com\/alliesofhumanity\/","article_modified_time":"2021-09-08T06:13:52+00:00","og_image":[{"width":1200,"height":630,"url":"https:\/\/www.alliesofhumanity.org\/wp-content\/uploads\/2021\/01\/og-socialmedia-aoh.jpg","type":"image\/jpeg"}],"twitter_card":"summary_large_image","twitter_title":"Wiadomo\u015b\u0107 od Marshalla Viana Summersa: Sprawozdaniach Sprzymierze\u0144c\u00f3w Ludzko\u015bci","twitter_site":"@earthallies","schema":{"@context":"https:\/\/schema.org","@graph":[{"@type":"WebPage","@id":"https:\/\/www.alliesofhumanity.org\/pl\/the-briefings\/book-four\/ah4-a-message-from-marshall-vian-summers\/","url":"https:\/\/www.alliesofhumanity.org\/pl\/the-briefings\/book-four\/ah4-a-message-from-marshall-vian-summers\/","name":"Wiadomo\u015b\u0107 od Marshalla Viana Summersa: Sprawozdaniach Sprzymierze\u0144c\u00f3w Ludzko\u015bci","isPartOf":{"@id":"https:\/\/www.alliesofhumanity.org\/pl\/#website"},"datePublished":"2021-05-17T09:13:13+00:00","dateModified":"2021-09-08T06:13:52+00:00","description":"Marshall Vian Summers prezentuje Sprawozdania Sprzymierze\u0144c\u00f3w Ludzko\u015bci, autentyczny przekaz pochodz\u0105cy od pozaziemskiego \u017ar\u00f3d\u0142a.","breadcrumb":{"@id":"https:\/\/www.alliesofhumanity.org\/pl\/the-briefings\/book-four\/ah4-a-message-from-marshall-vian-summers\/#breadcrumb"},"inLanguage":"pl-PL","potentialAction":[{"@type":"ReadAction","target":["https:\/\/www.alliesofhumanity.org\/pl\/the-briefings\/book-four\/ah4-a-message-from-marshall-vian-summers\/"]}]},{"@type":"BreadcrumbList","@id":"https:\/\/www.alliesofhumanity.org\/pl\/the-briefings\/book-four\/ah4-a-message-from-marshall-vian-summers\/#breadcrumb","itemListElement":[{"@type":"ListItem","position":1,"name":"Sprawozdania","item":"https:\/\/www.alliesofhumanity.org\/pl\/the-briefings\/"},{"@type":"ListItem","position":2,"name":"Ksi\u0119ga Czwarta","item":"https:\/\/www.alliesofhumanity.org\/pl\/the-briefings\/book-four\/"},{"@type":"ListItem","position":3,"name":"Wiadomo\u015b\u0107 od Marshalla Viana Summersa"}]},{"@type":"WebSite","@id":"https:\/\/www.alliesofhumanity.org\/pl\/#website","url":"https:\/\/www.alliesofhumanity.org\/pl\/","name":"The Allies of Humanity","description":"","potentialAction":[{"@type":"SearchAction","target":{"@type":"EntryPoint","urlTemplate":"https:\/\/www.alliesofhumanity.org\/pl\/?s={search_term_string}"},"query-input":{"@type":"PropertyValueSpecification","valueRequired":true,"valueName":"search_term_string"}}],"inLanguage":"pl-PL"}]}},"_links":{"self":[{"href":"https:\/\/www.alliesofhumanity.org\/pl\/wp-json\/wp\/v2\/pages\/17186","targetHints":{"allow":["GET"]}}],"collection":[{"href":"https:\/\/www.alliesofhumanity.org\/pl\/wp-json\/wp\/v2\/pages"}],"about":[{"href":"https:\/\/www.alliesofhumanity.org\/pl\/wp-json\/wp\/v2\/types\/page"}],"author":[{"embeddable":true,"href":"https:\/\/www.alliesofhumanity.org\/pl\/wp-json\/wp\/v2\/users\/2"}],"replies":[{"embeddable":true,"href":"https:\/\/www.alliesofhumanity.org\/pl\/wp-json\/wp\/v2\/comments?post=17186"}],"version-history":[{"count":3,"href":"https:\/\/www.alliesofhumanity.org\/pl\/wp-json\/wp\/v2\/pages\/17186\/revisions"}],"predecessor-version":[{"id":19091,"href":"https:\/\/www.alliesofhumanity.org\/pl\/wp-json\/wp\/v2\/pages\/17186\/revisions\/19091"}],"up":[{"embeddable":true,"href":"https:\/\/www.alliesofhumanity.org\/pl\/wp-json\/wp\/v2\/pages\/17157"}],"wp:attachment":[{"href":"https:\/\/www.alliesofhumanity.org\/pl\/wp-json\/wp\/v2\/media?parent=17186"}],"curies":[{"name":"wp","href":"https:\/\/api.w.org\/{rel}","templated":true}]}}