{"id":17157,"date":"2021-05-16T12:59:32","date_gmt":"2021-05-16T11:59:32","guid":{"rendered":"https:\/\/www.alliesofhumanity.org\/the-briefings\/book-four\/"},"modified":"2021-05-17T10:02:58","modified_gmt":"2021-05-17T09:02:58","slug":"book-four","status":"publish","type":"page","link":"https:\/\/www.alliesofhumanity.org\/pl\/the-briefings\/book-four\/","title":{"rendered":"Ksi\u0119ga Czwarta"},"content":{"rendered":"<h5>Wszystkie Sprawozdania Sprzymierze\u0144c\u00f3w Ludzko\u015bci s\u0105 dost\u0119pne za darmo on-line. Zacznij podr\u00f3\u017c z Ksi\u0119g\u0105 Czwart\u0105 Sprzymierze\u0144c\u00f3w.<\/h5>\n<p>Sprzymierze\u0144cy Ludzko\u015bci s\u0105 grup\u0105 istot z kilku r\u00f3\u017cnych \u015bwiat\u00f3w, kt\u00f3ra przyby\u0142a w pobli\u017ce Ziemi, aby obserwowa\u0107 pozaziemsk\u0105 Interwencj\u0119, kt\u00f3ra ma miejsce w naszym \u015bwiecie oraz by informowa\u0107 o dzia\u0142aniach tej Interwencji, a tak\u017ce nast\u0119pstwach tej\u017ce dla ludzkiej rasy. Poprzez ich Sprawozdania Sprzymierze\u0144cy ujawniaj\u0105 rzeczywisto\u015b\u0107 Kontaktu maj\u0105cego miejsce w dzisiejszym \u015bwiecie \u2013 kim s\u0105 przybysze, dlaczego s\u0105 tutaj, a tak\u017ce wi\u0119kszy, ukryty cel stoj\u0105cy za ich dzia\u0142aniami. W ten spos\u00f3b Sprawozdania wype\u0142niaj\u0105 wiele luk w naszym rozumieniu odnosz\u0105cym si\u0119 do rzeczywisto\u015bci pozaziemskich wizytacji oraz fenomenu UFO, kt\u00f3ry by\u0142 w centrum zainteresowania bada\u0144 oraz \u015bledztw przez ponad siedem dekad. Te Sprawozdania s\u0105 cz\u0119\u015bci\u0105 wi\u0119kszej wiadomo\u015bci od tych ras w naszym lokalnym wszech\u015bwiecie, kt\u00f3re wspieraj\u0105 wolno\u015b\u0107 i suwerenno\u015b\u0107 ludzko\u015bci, gdy wy\u0142ania si\u0119 ona do \u201cWi\u0119kszej Spo\u0142eczno\u015bci\u201d \u017cycia. Jest to autentyczny przekaz od pozaziemskiego \u017ar\u00f3d\u0142a ostrzegaj\u0105cy nas przed zagro\u017ceniami Interwencji spoza \u015bwiata i nak\u0142aniaj\u0105cy nas do przygotowania si\u0119 na wyzwania \u017cycia we wszech\u015bwiecie.<\/p>\n<p>Kliknij <a href=\"http:\/\/community.newmessage.org\/who-we-are-and-what-we-represent\" target=\"_blank\" rel=\"noopener\">tutaj<\/a>, aby om\u00f3wi\u0107 Sprawozdania na naszej Stronie Spo\u0142eczno\u015bci<\/p>\n<p>&nbsp;<\/p>\n<hr \/>\n<h5>Zacznij Czyta\u0107 Sprawozdania On-line Teraz<\/h5>\n<p>Spis Tre\u015bci:<\/p>\n<p><a href=\"ah4-a-message-from-marshall-vian-summers\">Wiadomo\u015b\u0107 od Marshalla Viana Summersa<\/a><\/p>\n<p>Sprawozdanie Pierwsze: <a href=\"allies-free-races\">Kim Jeste\u015bmy i Co Sob\u0105 Reprezentujemy<\/a><\/p>\n<p>Sprawozdanie Drugie: <a href=\"exercise-restraint\">Znaczenie Umiaru<\/a><\/p>\n<p>Sprawozdanie Trzecie: <a href=\"free-nations-universe\">Wolno\u015b\u0107 we Wszech\u015bwiecie<br \/>\n<\/a><\/p>\n<p>Sprawozdanie Czwarte: <a href=\"higher-powers\">Wy\u017csze Moce<\/a><\/p>\n<p>Sprawozdanie Pi\u0105te: <a href=\"secure-freedom\">Wielka Koordynacja<\/a><\/p>\n<p>Sprawozdanie Sz\u00f3\u015bte: <a href=\"networks-wise\">Sieci M\u0119drc\u00f3w<\/a><\/p>\n<p><a href=\"\/briefings\/12-point-summary-of-the-allies-of-humanity-briefings\">12 \u2013 Punktowe Podsumowanie Sprawozda\u0144 Sprzymierze\u0144c\u00f3w Ludzko\u015bci<\/a><\/p>\n<hr \/>\n<p><em>Stowarzyszenie na rzecz Nowego Pos\u0142ania dostarcza teraz wszystkie cztery tomy Sprzymierze\u0144c\u00f3w Ludzko\u015bci w wersji on-line bez \u017cadnych koszt\u00f3w. Czynimy tak, a\u017ceby to przes\u0142anie mog\u0142o dosi\u0119gn\u0105\u0107 tak wielu ludzi, jak to mo\u017cliwe, zar\u00f3wno tych stoj\u0105cych na najni\u017cszym szczeblu, jak i tych sprawuj\u0105cych polityczn\u0105, gospodarcz\u0105 i religijn\u0105 w\u0142adz\u0119.<\/em><\/p>\n","protected":false},"excerpt":{"rendered":"<p>Wszystkie Sprawozdania Sprzymierze\u0144c\u00f3w Ludzko\u015bci s\u0105 dost\u0119pne za darmo on-line. Zacznij podr\u00f3\u017c z Ksi\u0119g\u0105 Czwart\u0105 Sprzymierze\u0144c\u00f3w. Sprzymierze\u0144cy Ludzko\u015bci s\u0105 grup\u0105 istot z kilku r\u00f3\u017cnych \u015bwiat\u00f3w, kt\u00f3ra przyby\u0142a w pobli\u017ce Ziemi, aby obserwowa\u0107 pozaziemsk\u0105 Interwencj\u0119, kt\u00f3ra ma miejsce w naszym \u015bwiecie oraz by informowa\u0107 o dzia\u0142aniach tej Interwencji, a tak\u017ce nast\u0119pstwach tej\u017ce dla ludzkiej rasy. Poprzez ich [&hellip;]<\/p>\n","protected":false},"author":2,"featured_media":0,"parent":16792,"menu_order":4,"comment_status":"closed","ping_status":"closed","template":"page-book-start.php","meta":{"_acf_changed":false,"footnotes":""},"class_list":["post-17157","page","type-page","status-publish","hentry"],"acf":[],"yoast_head":"<!-- This site is optimized with the Yoast SEO plugin v26.5 - https:\/\/yoast.com\/wordpress\/plugins\/seo\/ -->\n<title>Sprzymierze\u0144cy Ludzko\u015bci, Ksi\u0119ga Czwarta : Wolno\u015b\u0107 we Wszech\u015bwiecie<\/title>\n<meta name=\"description\" content=\"W jaki spos\u00f3b ludzko\u015b\u0107 mo\u017ce osi\u0105gn\u0105\u0107 i zachowa\u0107 swoj\u0105 wolno\u015b\u0107 we wszech\u015bwiecie w obliczu kontaktu z pozaziemskim \u017cyciem.\" \/>\n<meta name=\"robots\" content=\"index, follow, max-snippet:-1, max-image-preview:large, max-video-preview:-1\" \/>\n<link rel=\"canonical\" href=\"https:\/\/www.alliesofhumanity.org\/pl\/the-briefings\/book-four\/\" \/>\n<meta property=\"og:locale\" content=\"pl_PL\" \/>\n<meta property=\"og:type\" content=\"article\" \/>\n<meta property=\"og:title\" content=\"Sprzymierze\u0144cy Ludzko\u015bci, Ksi\u0119ga Czwarta : Wolno\u015b\u0107 we Wszech\u015bwiecie\" \/>\n<meta property=\"og:description\" content=\"W jaki spos\u00f3b ludzko\u015b\u0107 mo\u017ce osi\u0105gn\u0105\u0107 i zachowa\u0107 swoj\u0105 wolno\u015b\u0107 we wszech\u015bwiecie w obliczu kontaktu z pozaziemskim \u017cyciem.\" \/>\n<meta property=\"og:url\" content=\"https:\/\/www.alliesofhumanity.org\/pl\/the-briefings\/book-four\/\" \/>\n<meta property=\"og:site_name\" content=\"The Allies of Humanity\" \/>\n<meta property=\"article:publisher\" content=\"https:\/\/www.facebook.com\/alliesofhumanity\/\" \/>\n<meta property=\"article:modified_time\" content=\"2021-05-17T09:02:58+00:00\" \/>\n<meta property=\"og:image\" content=\"https:\/\/www.alliesofhumanity.org\/wp-content\/uploads\/2021\/01\/og-socialmedia-aoh.jpg\" \/>\n\t<meta property=\"og:image:width\" content=\"1200\" \/>\n\t<meta property=\"og:image:height\" content=\"630\" \/>\n\t<meta property=\"og:image:type\" content=\"image\/jpeg\" \/>\n<meta name=\"twitter:card\" content=\"summary_large_image\" \/>\n<meta name=\"twitter:title\" content=\"Sprzymierze\u0144cy Ludzko\u015bci, Ksi\u0119ga Czwarta : Wolno\u015b\u0107 we Wszech\u015bwiecie\" \/>\n<meta name=\"twitter:site\" content=\"@earthallies\" \/>\n<meta name=\"twitter:label1\" content=\"Szacowany czas czytania\" \/>\n\t<meta name=\"twitter:data1\" content=\"2 minuty\" \/>\n<script type=\"application\/ld+json\" class=\"yoast-schema-graph\">{\"@context\":\"https:\/\/schema.org\",\"@graph\":[{\"@type\":\"WebPage\",\"@id\":\"https:\/\/www.alliesofhumanity.org\/pl\/the-briefings\/book-four\/\",\"url\":\"https:\/\/www.alliesofhumanity.org\/pl\/the-briefings\/book-four\/\",\"name\":\"Sprzymierze\u0144cy Ludzko\u015bci, Ksi\u0119ga Czwarta : Wolno\u015b\u0107 we Wszech\u015bwiecie\",\"isPartOf\":{\"@id\":\"https:\/\/www.alliesofhumanity.org\/pl\/#website\"},\"datePublished\":\"2021-05-16T11:59:32+00:00\",\"dateModified\":\"2021-05-17T09:02:58+00:00\",\"description\":\"W jaki spos\u00f3b ludzko\u015b\u0107 mo\u017ce osi\u0105gn\u0105\u0107 i zachowa\u0107 swoj\u0105 wolno\u015b\u0107 we wszech\u015bwiecie w obliczu kontaktu z pozaziemskim \u017cyciem.\",\"breadcrumb\":{\"@id\":\"https:\/\/www.alliesofhumanity.org\/pl\/the-briefings\/book-four\/#breadcrumb\"},\"inLanguage\":\"pl-PL\",\"potentialAction\":[{\"@type\":\"ReadAction\",\"target\":[\"https:\/\/www.alliesofhumanity.org\/pl\/the-briefings\/book-four\/\"]}]},{\"@type\":\"BreadcrumbList\",\"@id\":\"https:\/\/www.alliesofhumanity.org\/pl\/the-briefings\/book-four\/#breadcrumb\",\"itemListElement\":[{\"@type\":\"ListItem\",\"position\":1,\"name\":\"Sprawozdania\",\"item\":\"https:\/\/www.alliesofhumanity.org\/pl\/the-briefings\/\"},{\"@type\":\"ListItem\",\"position\":2,\"name\":\"Ksi\u0119ga Czwarta\"}]},{\"@type\":\"WebSite\",\"@id\":\"https:\/\/www.alliesofhumanity.org\/pl\/#website\",\"url\":\"https:\/\/www.alliesofhumanity.org\/pl\/\",\"name\":\"The Allies of Humanity\",\"description\":\"\",\"potentialAction\":[{\"@type\":\"SearchAction\",\"target\":{\"@type\":\"EntryPoint\",\"urlTemplate\":\"https:\/\/www.alliesofhumanity.org\/pl\/?s={search_term_string}\"},\"query-input\":{\"@type\":\"PropertyValueSpecification\",\"valueRequired\":true,\"valueName\":\"search_term_string\"}}],\"inLanguage\":\"pl-PL\"}]}<\/script>\n<!-- \/ Yoast SEO plugin. -->","yoast_head_json":{"title":"Sprzymierze\u0144cy Ludzko\u015bci, Ksi\u0119ga Czwarta : Wolno\u015b\u0107 we Wszech\u015bwiecie","description":"W jaki spos\u00f3b ludzko\u015b\u0107 mo\u017ce osi\u0105gn\u0105\u0107 i zachowa\u0107 swoj\u0105 wolno\u015b\u0107 we wszech\u015bwiecie w obliczu kontaktu z pozaziemskim \u017cyciem.","robots":{"index":"index","follow":"follow","max-snippet":"max-snippet:-1","max-image-preview":"max-image-preview:large","max-video-preview":"max-video-preview:-1"},"canonical":"https:\/\/www.alliesofhumanity.org\/pl\/the-briefings\/book-four\/","og_locale":"pl_PL","og_type":"article","og_title":"Sprzymierze\u0144cy Ludzko\u015bci, Ksi\u0119ga Czwarta : Wolno\u015b\u0107 we Wszech\u015bwiecie","og_description":"W jaki spos\u00f3b ludzko\u015b\u0107 mo\u017ce osi\u0105gn\u0105\u0107 i zachowa\u0107 swoj\u0105 wolno\u015b\u0107 we wszech\u015bwiecie w obliczu kontaktu z pozaziemskim \u017cyciem.","og_url":"https:\/\/www.alliesofhumanity.org\/pl\/the-briefings\/book-four\/","og_site_name":"The Allies of Humanity","article_publisher":"https:\/\/www.facebook.com\/alliesofhumanity\/","article_modified_time":"2021-05-17T09:02:58+00:00","og_image":[{"width":1200,"height":630,"url":"https:\/\/www.alliesofhumanity.org\/wp-content\/uploads\/2021\/01\/og-socialmedia-aoh.jpg","type":"image\/jpeg"}],"twitter_card":"summary_large_image","twitter_title":"Sprzymierze\u0144cy Ludzko\u015bci, Ksi\u0119ga Czwarta : Wolno\u015b\u0107 we Wszech\u015bwiecie","twitter_site":"@earthallies","twitter_misc":{"Szacowany czas czytania":"2 minuty"},"schema":{"@context":"https:\/\/schema.org","@graph":[{"@type":"WebPage","@id":"https:\/\/www.alliesofhumanity.org\/pl\/the-briefings\/book-four\/","url":"https:\/\/www.alliesofhumanity.org\/pl\/the-briefings\/book-four\/","name":"Sprzymierze\u0144cy Ludzko\u015bci, Ksi\u0119ga Czwarta : Wolno\u015b\u0107 we Wszech\u015bwiecie","isPartOf":{"@id":"https:\/\/www.alliesofhumanity.org\/pl\/#website"},"datePublished":"2021-05-16T11:59:32+00:00","dateModified":"2021-05-17T09:02:58+00:00","description":"W jaki spos\u00f3b ludzko\u015b\u0107 mo\u017ce osi\u0105gn\u0105\u0107 i zachowa\u0107 swoj\u0105 wolno\u015b\u0107 we wszech\u015bwiecie w obliczu kontaktu z pozaziemskim \u017cyciem.","breadcrumb":{"@id":"https:\/\/www.alliesofhumanity.org\/pl\/the-briefings\/book-four\/#breadcrumb"},"inLanguage":"pl-PL","potentialAction":[{"@type":"ReadAction","target":["https:\/\/www.alliesofhumanity.org\/pl\/the-briefings\/book-four\/"]}]},{"@type":"BreadcrumbList","@id":"https:\/\/www.alliesofhumanity.org\/pl\/the-briefings\/book-four\/#breadcrumb","itemListElement":[{"@type":"ListItem","position":1,"name":"Sprawozdania","item":"https:\/\/www.alliesofhumanity.org\/pl\/the-briefings\/"},{"@type":"ListItem","position":2,"name":"Ksi\u0119ga Czwarta"}]},{"@type":"WebSite","@id":"https:\/\/www.alliesofhumanity.org\/pl\/#website","url":"https:\/\/www.alliesofhumanity.org\/pl\/","name":"The Allies of Humanity","description":"","potentialAction":[{"@type":"SearchAction","target":{"@type":"EntryPoint","urlTemplate":"https:\/\/www.alliesofhumanity.org\/pl\/?s={search_term_string}"},"query-input":{"@type":"PropertyValueSpecification","valueRequired":true,"valueName":"search_term_string"}}],"inLanguage":"pl-PL"}]}},"_links":{"self":[{"href":"https:\/\/www.alliesofhumanity.org\/pl\/wp-json\/wp\/v2\/pages\/17157","targetHints":{"allow":["GET"]}}],"collection":[{"href":"https:\/\/www.alliesofhumanity.org\/pl\/wp-json\/wp\/v2\/pages"}],"about":[{"href":"https:\/\/www.alliesofhumanity.org\/pl\/wp-json\/wp\/v2\/types\/page"}],"author":[{"embeddable":true,"href":"https:\/\/www.alliesofhumanity.org\/pl\/wp-json\/wp\/v2\/users\/2"}],"replies":[{"embeddable":true,"href":"https:\/\/www.alliesofhumanity.org\/pl\/wp-json\/wp\/v2\/comments?post=17157"}],"version-history":[{"count":1,"href":"https:\/\/www.alliesofhumanity.org\/pl\/wp-json\/wp\/v2\/pages\/17157\/revisions"}],"predecessor-version":[{"id":17185,"href":"https:\/\/www.alliesofhumanity.org\/pl\/wp-json\/wp\/v2\/pages\/17157\/revisions\/17185"}],"up":[{"embeddable":true,"href":"https:\/\/www.alliesofhumanity.org\/pl\/wp-json\/wp\/v2\/pages\/16792"}],"wp:attachment":[{"href":"https:\/\/www.alliesofhumanity.org\/pl\/wp-json\/wp\/v2\/media?parent=17157"}],"curies":[{"name":"wp","href":"https:\/\/api.w.org\/{rel}","templated":true}]}}