{"id":17149,"date":"2021-05-16T12:07:43","date_gmt":"2021-05-16T11:07:43","guid":{"rendered":"https:\/\/www.alliesofhumanity.org\/the-briefings\/book-three\/hidden-powers\/"},"modified":"2024-03-14T08:25:35","modified_gmt":"2024-03-14T07:25:35","slug":"hidden-powers","status":"publish","type":"page","link":"https:\/\/www.alliesofhumanity.org\/pl\/the-briefings\/book-three\/hidden-powers\/","title":{"rendered":"Sprawozdanie Czwarte: Ukrytych Si\u0142"},"content":{"rendered":"\t\t<div data-elementor-type=\"wp-page\" data-elementor-id=\"17149\" class=\"elementor elementor-17149 elementor-2521\" data-elementor-post-type=\"page\">\t\t\t\t\t\t<section class=\"elementor-section elementor-top-section elementor-element elementor-element-7aae654a elementor-section-boxed elementor-section-height-default elementor-section-height-default\" data-id=\"7aae654a\" data-element_type=\"section\">\t\t\t\t\t\t<div class=\"elementor-container elementor-column-gap-default\">\t\t\t\t\t<div class=\"elementor-column elementor-col-100 elementor-top-column elementor-element elementor-element-74af48f4\" data-id=\"74af48f4\" data-element_type=\"column\">\t\t\t<div class=\"elementor-widget-wrap elementor-element-populated\">\t\t\t\t\t\t<div class=\"elementor-element elementor-element-2203759 elementor-widget elementor-widget-text-editor\" data-id=\"2203759\" data-element_type=\"widget\" data-widget_type=\"text-editor.default\">\t\t\t\t<div class=\"elementor-widget-container\">\t\t\t\t\t\t\t\t\tOczekuj\u0105ce t\u0142umaczenia\t\t\t\t\t\t\t\t<\/div>\t\t\t\t<\/div>\t\t\t\t\t<\/div>\t\t<\/div>\t\t\t\t\t<\/div><p class=\"image-quote float-right\"><img decoding=\"async\" src=\"https:\/\/www.alliesofhumanity.org\/wp-content\/uploads\/2020\/12\/quote-book3-briefing4-1.png\" alt=\"\" \/><\/p><blockquote id=\"quote-2\" class=\"text-quote float-right bg-red\"> <\/blockquote>\t\t<\/section>\t\t\t\t<\/div><p>\t\t<\/p>","protected":false},"excerpt":{"rendered":"<p>Oczekuj\u0105ce t\u0142umaczenia<\/p>\n","protected":false},"author":23,"featured_media":0,"parent":17114,"menu_order":4,"comment_status":"closed","ping_status":"closed","template":"page.php","meta":{"_acf_changed":false,"footnotes":""},"class_list":["post-17149","page","type-page","status-publish","hentry"],"acf":[],"yoast_head":"<!-- This site is optimized with the Yoast SEO plugin v26.5 - https:\/\/yoast.com\/wordpress\/plugins\/seo\/ -->\n<title>Sprawozdaniach Sprzymierze\u0144c\u00f3w Ludzko\u015bci, Ksi\u0119ga Trzecia: Ukrytych Si\u0142<\/title>\n<meta name=\"description\" content=\"Sprzymierze\u0144cy m\u00f3wi\u0105 na temat ukrytych si\u0142 pozaziemskich, kt\u00f3re s\u0105 tutaj bez pozwolenia dzia\u0142aj\u0105c przeciwko ludzkiej woli i \u015bwiadomo\u015bci.\" \/>\n<meta name=\"robots\" content=\"index, follow, max-snippet:-1, max-image-preview:large, max-video-preview:-1\" \/>\n<link rel=\"canonical\" href=\"https:\/\/www.alliesofhumanity.org\/pl\/the-briefings\/book-three\/hidden-powers\/\" \/>\n<meta property=\"og:locale\" content=\"pl_PL\" \/>\n<meta property=\"og:type\" content=\"article\" \/>\n<meta property=\"og:title\" content=\"Sprawozdaniach Sprzymierze\u0144c\u00f3w Ludzko\u015bci, Ksi\u0119ga Trzecia: Ukrytych Si\u0142\" \/>\n<meta property=\"og:description\" content=\"Sprzymierze\u0144cy m\u00f3wi\u0105 na temat ukrytych si\u0142 pozaziemskich, kt\u00f3re s\u0105 tutaj bez pozwolenia dzia\u0142aj\u0105c przeciwko ludzkiej woli i \u015bwiadomo\u015bci.\" \/>\n<meta property=\"og:url\" content=\"https:\/\/www.alliesofhumanity.org\/pl\/the-briefings\/book-three\/hidden-powers\/\" \/>\n<meta property=\"og:site_name\" content=\"The Allies of Humanity\" \/>\n<meta property=\"article:publisher\" content=\"https:\/\/www.facebook.com\/alliesofhumanity\/\" \/>\n<meta property=\"article:modified_time\" content=\"2024-03-14T07:25:35+00:00\" \/>\n<meta property=\"og:image\" content=\"https:\/\/www.alliesofhumanity.org\/wp-content\/uploads\/2021\/01\/og-socialmedia-aoh.jpg\" \/>\n\t<meta property=\"og:image:width\" content=\"1200\" \/>\n\t<meta property=\"og:image:height\" content=\"630\" \/>\n\t<meta property=\"og:image:type\" content=\"image\/jpeg\" \/>\n<meta name=\"twitter:card\" content=\"summary_large_image\" \/>\n<meta name=\"twitter:title\" content=\"Sprawozdaniach Sprzymierze\u0144c\u00f3w Ludzko\u015bci, Ksi\u0119ga Trzecia: Ukrytych Si\u0142\" \/>\n<meta name=\"twitter:site\" content=\"@earthallies\" \/>\n<script type=\"application\/ld+json\" class=\"yoast-schema-graph\">{\"@context\":\"https:\/\/schema.org\",\"@graph\":[{\"@type\":\"WebPage\",\"@id\":\"https:\/\/www.alliesofhumanity.org\/pl\/the-briefings\/book-three\/hidden-powers\/\",\"url\":\"https:\/\/www.alliesofhumanity.org\/pl\/the-briefings\/book-three\/hidden-powers\/\",\"name\":\"Sprawozdaniach Sprzymierze\u0144c\u00f3w Ludzko\u015bci, Ksi\u0119ga Trzecia: Ukrytych Si\u0142\",\"isPartOf\":{\"@id\":\"https:\/\/www.alliesofhumanity.org\/pl\/#website\"},\"datePublished\":\"2021-05-16T11:07:43+00:00\",\"dateModified\":\"2024-03-14T07:25:35+00:00\",\"description\":\"Sprzymierze\u0144cy m\u00f3wi\u0105 na temat ukrytych si\u0142 pozaziemskich, kt\u00f3re s\u0105 tutaj bez pozwolenia dzia\u0142aj\u0105c przeciwko ludzkiej woli i \u015bwiadomo\u015bci.\",\"breadcrumb\":{\"@id\":\"https:\/\/www.alliesofhumanity.org\/pl\/the-briefings\/book-three\/hidden-powers\/#breadcrumb\"},\"inLanguage\":\"pl-PL\",\"potentialAction\":[{\"@type\":\"ReadAction\",\"target\":[\"https:\/\/www.alliesofhumanity.org\/pl\/the-briefings\/book-three\/hidden-powers\/\"]}]},{\"@type\":\"BreadcrumbList\",\"@id\":\"https:\/\/www.alliesofhumanity.org\/pl\/the-briefings\/book-three\/hidden-powers\/#breadcrumb\",\"itemListElement\":[{\"@type\":\"ListItem\",\"position\":1,\"name\":\"Sprawozdania\",\"item\":\"https:\/\/www.alliesofhumanity.org\/pl\/the-briefings\/\"},{\"@type\":\"ListItem\",\"position\":2,\"name\":\"Ksi\u0119ga Trzecia\",\"item\":\"https:\/\/www.alliesofhumanity.org\/pl\/the-briefings\/book-three\/\"},{\"@type\":\"ListItem\",\"position\":3,\"name\":\"Sprawozdanie Czwarte: Ukrytych Si\u0142\"}]},{\"@type\":\"WebSite\",\"@id\":\"https:\/\/www.alliesofhumanity.org\/pl\/#website\",\"url\":\"https:\/\/www.alliesofhumanity.org\/pl\/\",\"name\":\"The Allies of Humanity\",\"description\":\"\",\"potentialAction\":[{\"@type\":\"SearchAction\",\"target\":{\"@type\":\"EntryPoint\",\"urlTemplate\":\"https:\/\/www.alliesofhumanity.org\/pl\/?s={search_term_string}\"},\"query-input\":{\"@type\":\"PropertyValueSpecification\",\"valueRequired\":true,\"valueName\":\"search_term_string\"}}],\"inLanguage\":\"pl-PL\"}]}<\/script>\n<!-- \/ Yoast SEO plugin. -->","yoast_head_json":{"title":"Sprawozdaniach Sprzymierze\u0144c\u00f3w Ludzko\u015bci, Ksi\u0119ga Trzecia: Ukrytych Si\u0142","description":"Sprzymierze\u0144cy m\u00f3wi\u0105 na temat ukrytych si\u0142 pozaziemskich, kt\u00f3re s\u0105 tutaj bez pozwolenia dzia\u0142aj\u0105c przeciwko ludzkiej woli i \u015bwiadomo\u015bci.","robots":{"index":"index","follow":"follow","max-snippet":"max-snippet:-1","max-image-preview":"max-image-preview:large","max-video-preview":"max-video-preview:-1"},"canonical":"https:\/\/www.alliesofhumanity.org\/pl\/the-briefings\/book-three\/hidden-powers\/","og_locale":"pl_PL","og_type":"article","og_title":"Sprawozdaniach Sprzymierze\u0144c\u00f3w Ludzko\u015bci, Ksi\u0119ga Trzecia: Ukrytych Si\u0142","og_description":"Sprzymierze\u0144cy m\u00f3wi\u0105 na temat ukrytych si\u0142 pozaziemskich, kt\u00f3re s\u0105 tutaj bez pozwolenia dzia\u0142aj\u0105c przeciwko ludzkiej woli i \u015bwiadomo\u015bci.","og_url":"https:\/\/www.alliesofhumanity.org\/pl\/the-briefings\/book-three\/hidden-powers\/","og_site_name":"The Allies of Humanity","article_publisher":"https:\/\/www.facebook.com\/alliesofhumanity\/","article_modified_time":"2024-03-14T07:25:35+00:00","og_image":[{"width":1200,"height":630,"url":"https:\/\/www.alliesofhumanity.org\/wp-content\/uploads\/2021\/01\/og-socialmedia-aoh.jpg","type":"image\/jpeg"}],"twitter_card":"summary_large_image","twitter_title":"Sprawozdaniach Sprzymierze\u0144c\u00f3w Ludzko\u015bci, Ksi\u0119ga Trzecia: Ukrytych Si\u0142","twitter_site":"@earthallies","schema":{"@context":"https:\/\/schema.org","@graph":[{"@type":"WebPage","@id":"https:\/\/www.alliesofhumanity.org\/pl\/the-briefings\/book-three\/hidden-powers\/","url":"https:\/\/www.alliesofhumanity.org\/pl\/the-briefings\/book-three\/hidden-powers\/","name":"Sprawozdaniach Sprzymierze\u0144c\u00f3w Ludzko\u015bci, Ksi\u0119ga Trzecia: Ukrytych Si\u0142","isPartOf":{"@id":"https:\/\/www.alliesofhumanity.org\/pl\/#website"},"datePublished":"2021-05-16T11:07:43+00:00","dateModified":"2024-03-14T07:25:35+00:00","description":"Sprzymierze\u0144cy m\u00f3wi\u0105 na temat ukrytych si\u0142 pozaziemskich, kt\u00f3re s\u0105 tutaj bez pozwolenia dzia\u0142aj\u0105c przeciwko ludzkiej woli i \u015bwiadomo\u015bci.","breadcrumb":{"@id":"https:\/\/www.alliesofhumanity.org\/pl\/the-briefings\/book-three\/hidden-powers\/#breadcrumb"},"inLanguage":"pl-PL","potentialAction":[{"@type":"ReadAction","target":["https:\/\/www.alliesofhumanity.org\/pl\/the-briefings\/book-three\/hidden-powers\/"]}]},{"@type":"BreadcrumbList","@id":"https:\/\/www.alliesofhumanity.org\/pl\/the-briefings\/book-three\/hidden-powers\/#breadcrumb","itemListElement":[{"@type":"ListItem","position":1,"name":"Sprawozdania","item":"https:\/\/www.alliesofhumanity.org\/pl\/the-briefings\/"},{"@type":"ListItem","position":2,"name":"Ksi\u0119ga Trzecia","item":"https:\/\/www.alliesofhumanity.org\/pl\/the-briefings\/book-three\/"},{"@type":"ListItem","position":3,"name":"Sprawozdanie Czwarte: Ukrytych Si\u0142"}]},{"@type":"WebSite","@id":"https:\/\/www.alliesofhumanity.org\/pl\/#website","url":"https:\/\/www.alliesofhumanity.org\/pl\/","name":"The Allies of Humanity","description":"","potentialAction":[{"@type":"SearchAction","target":{"@type":"EntryPoint","urlTemplate":"https:\/\/www.alliesofhumanity.org\/pl\/?s={search_term_string}"},"query-input":{"@type":"PropertyValueSpecification","valueRequired":true,"valueName":"search_term_string"}}],"inLanguage":"pl-PL"}]}},"_links":{"self":[{"href":"https:\/\/www.alliesofhumanity.org\/pl\/wp-json\/wp\/v2\/pages\/17149","targetHints":{"allow":["GET"]}}],"collection":[{"href":"https:\/\/www.alliesofhumanity.org\/pl\/wp-json\/wp\/v2\/pages"}],"about":[{"href":"https:\/\/www.alliesofhumanity.org\/pl\/wp-json\/wp\/v2\/types\/page"}],"author":[{"embeddable":true,"href":"https:\/\/www.alliesofhumanity.org\/pl\/wp-json\/wp\/v2\/users\/23"}],"replies":[{"embeddable":true,"href":"https:\/\/www.alliesofhumanity.org\/pl\/wp-json\/wp\/v2\/comments?post=17149"}],"version-history":[{"count":4,"href":"https:\/\/www.alliesofhumanity.org\/pl\/wp-json\/wp\/v2\/pages\/17149\/revisions"}],"predecessor-version":[{"id":22144,"href":"https:\/\/www.alliesofhumanity.org\/pl\/wp-json\/wp\/v2\/pages\/17149\/revisions\/22144"}],"up":[{"embeddable":true,"href":"https:\/\/www.alliesofhumanity.org\/pl\/wp-json\/wp\/v2\/pages\/17114"}],"wp:attachment":[{"href":"https:\/\/www.alliesofhumanity.org\/pl\/wp-json\/wp\/v2\/media?parent=17149"}],"curies":[{"name":"wp","href":"https:\/\/api.w.org\/{rel}","templated":true}]}}