{"id":17147,"date":"2021-05-16T11:57:04","date_gmt":"2021-05-16T10:57:04","guid":{"rendered":"https:\/\/www.alliesofhumanity.org\/the-briefings\/book-three\/alien-intervention\/"},"modified":"2024-03-14T08:25:19","modified_gmt":"2024-03-14T07:25:19","slug":"alien-intervention","status":"publish","type":"page","link":"https:\/\/www.alliesofhumanity.org\/pl\/the-briefings\/book-three\/alien-intervention\/","title":{"rendered":"Sprawozdanie Trzecie: Narz\u0119dzia Interwencji"},"content":{"rendered":"\t\t<div data-elementor-type=\"wp-page\" data-elementor-id=\"17147\" class=\"elementor elementor-17147 elementor-2520\" data-elementor-post-type=\"page\">\t\t\t\t\t\t<section class=\"elementor-section elementor-top-section elementor-element elementor-element-16f0f418 elementor-section-boxed elementor-section-height-default elementor-section-height-default\" data-id=\"16f0f418\" data-element_type=\"section\">\t\t\t\t\t\t<div class=\"elementor-container elementor-column-gap-default\">\t\t\t\t\t<div class=\"elementor-column elementor-col-100 elementor-top-column elementor-element elementor-element-1e5bccc7\" data-id=\"1e5bccc7\" data-element_type=\"column\">\t\t\t<div class=\"elementor-widget-wrap elementor-element-populated\">\t\t\t\t\t\t<div class=\"elementor-element elementor-element-bb41b14 elementor-widget elementor-widget-text-editor\" data-id=\"bb41b14\" data-element_type=\"widget\" data-widget_type=\"text-editor.default\">\t\t\t\t<div class=\"elementor-widget-container\">\t\t\t\t\t\t\t\t\tOczekuj\u0105ce t\u0142umaczenia\t\t\t\t\t\t\t\t<\/div>\t\t\t\t<\/div>\t\t\t\t\t<\/div>\t\t<\/div>\t\t\t\t\t<\/div>\t\t<\/section>\t\t\t\t<\/div><p>\t\t<\/p>","protected":false},"excerpt":{"rendered":"<p>Oczekuj\u0105ce t\u0142umaczenia<\/p>\n","protected":false},"author":23,"featured_media":0,"parent":17114,"menu_order":3,"comment_status":"closed","ping_status":"closed","template":"page.php","meta":{"_acf_changed":false,"footnotes":""},"class_list":["post-17147","page","type-page","status-publish","hentry"],"acf":[],"yoast_head":"<!-- This site is optimized with the Yoast SEO plugin v26.5 - https:\/\/yoast.com\/wordpress\/plugins\/seo\/ -->\n<title>Sprzymierze\u0144cy Ludzko\u015bci: Narz\u0119dzia Pozaziemskiej Interwencji<\/title>\n<meta name=\"description\" content=\"Sprzymierze\u0144cy m\u00f3wi\u0105 na temat Kontaktu z Obcymi, jaki ma miejsce na \u015bwiecie w tym czasie, a tak\u017ce naturze i dzia\u0142aniach Pozaziemskiej Interwencji.\" \/>\n<meta name=\"robots\" content=\"index, follow, max-snippet:-1, max-image-preview:large, max-video-preview:-1\" \/>\n<link rel=\"canonical\" href=\"https:\/\/www.alliesofhumanity.org\/pl\/the-briefings\/book-three\/alien-intervention\/\" \/>\n<meta property=\"og:locale\" content=\"pl_PL\" \/>\n<meta property=\"og:type\" content=\"article\" \/>\n<meta property=\"og:title\" content=\"Sprzymierze\u0144cy Ludzko\u015bci: Narz\u0119dzia Pozaziemskiej Interwencji\" \/>\n<meta property=\"og:description\" content=\"Sprzymierze\u0144cy m\u00f3wi\u0105 na temat Kontaktu z Obcymi, jaki ma miejsce na \u015bwiecie w tym czasie, a tak\u017ce naturze i dzia\u0142aniach Pozaziemskiej Interwencji.\" \/>\n<meta property=\"og:url\" content=\"https:\/\/www.alliesofhumanity.org\/pl\/the-briefings\/book-three\/alien-intervention\/\" \/>\n<meta property=\"og:site_name\" content=\"The Allies of Humanity\" \/>\n<meta property=\"article:publisher\" content=\"https:\/\/www.facebook.com\/alliesofhumanity\/\" \/>\n<meta property=\"article:modified_time\" content=\"2024-03-14T07:25:19+00:00\" \/>\n<meta property=\"og:image\" content=\"https:\/\/www.alliesofhumanity.org\/wp-content\/uploads\/2021\/01\/og-socialmedia-aoh.jpg\" \/>\n\t<meta property=\"og:image:width\" content=\"1200\" \/>\n\t<meta property=\"og:image:height\" content=\"630\" \/>\n\t<meta property=\"og:image:type\" content=\"image\/jpeg\" \/>\n<meta name=\"twitter:card\" content=\"summary_large_image\" \/>\n<meta name=\"twitter:title\" content=\"Sprzymierze\u0144cy Ludzko\u015bci: Narz\u0119dzia Pozaziemskiej Interwencji\" \/>\n<meta name=\"twitter:site\" content=\"@earthallies\" \/>\n<script type=\"application\/ld+json\" class=\"yoast-schema-graph\">{\"@context\":\"https:\/\/schema.org\",\"@graph\":[{\"@type\":\"WebPage\",\"@id\":\"https:\/\/www.alliesofhumanity.org\/pl\/the-briefings\/book-three\/alien-intervention\/\",\"url\":\"https:\/\/www.alliesofhumanity.org\/pl\/the-briefings\/book-three\/alien-intervention\/\",\"name\":\"Sprzymierze\u0144cy Ludzko\u015bci: Narz\u0119dzia Pozaziemskiej Interwencji\",\"isPartOf\":{\"@id\":\"https:\/\/www.alliesofhumanity.org\/pl\/#website\"},\"datePublished\":\"2021-05-16T10:57:04+00:00\",\"dateModified\":\"2024-03-14T07:25:19+00:00\",\"description\":\"Sprzymierze\u0144cy m\u00f3wi\u0105 na temat Kontaktu z Obcymi, jaki ma miejsce na \u015bwiecie w tym czasie, a tak\u017ce naturze i dzia\u0142aniach Pozaziemskiej Interwencji.\",\"breadcrumb\":{\"@id\":\"https:\/\/www.alliesofhumanity.org\/pl\/the-briefings\/book-three\/alien-intervention\/#breadcrumb\"},\"inLanguage\":\"pl-PL\",\"potentialAction\":[{\"@type\":\"ReadAction\",\"target\":[\"https:\/\/www.alliesofhumanity.org\/pl\/the-briefings\/book-three\/alien-intervention\/\"]}]},{\"@type\":\"BreadcrumbList\",\"@id\":\"https:\/\/www.alliesofhumanity.org\/pl\/the-briefings\/book-three\/alien-intervention\/#breadcrumb\",\"itemListElement\":[{\"@type\":\"ListItem\",\"position\":1,\"name\":\"Sprawozdania\",\"item\":\"https:\/\/www.alliesofhumanity.org\/pl\/the-briefings\/\"},{\"@type\":\"ListItem\",\"position\":2,\"name\":\"Ksi\u0119ga Trzecia\",\"item\":\"https:\/\/www.alliesofhumanity.org\/pl\/the-briefings\/book-three\/\"},{\"@type\":\"ListItem\",\"position\":3,\"name\":\"Sprawozdanie Trzecie: Narz\u0119dzia Interwencji\"}]},{\"@type\":\"WebSite\",\"@id\":\"https:\/\/www.alliesofhumanity.org\/pl\/#website\",\"url\":\"https:\/\/www.alliesofhumanity.org\/pl\/\",\"name\":\"The Allies of Humanity\",\"description\":\"\",\"potentialAction\":[{\"@type\":\"SearchAction\",\"target\":{\"@type\":\"EntryPoint\",\"urlTemplate\":\"https:\/\/www.alliesofhumanity.org\/pl\/?s={search_term_string}\"},\"query-input\":{\"@type\":\"PropertyValueSpecification\",\"valueRequired\":true,\"valueName\":\"search_term_string\"}}],\"inLanguage\":\"pl-PL\"}]}<\/script>\n<!-- \/ Yoast SEO plugin. -->","yoast_head_json":{"title":"Sprzymierze\u0144cy Ludzko\u015bci: Narz\u0119dzia Pozaziemskiej Interwencji","description":"Sprzymierze\u0144cy m\u00f3wi\u0105 na temat Kontaktu z Obcymi, jaki ma miejsce na \u015bwiecie w tym czasie, a tak\u017ce naturze i dzia\u0142aniach Pozaziemskiej Interwencji.","robots":{"index":"index","follow":"follow","max-snippet":"max-snippet:-1","max-image-preview":"max-image-preview:large","max-video-preview":"max-video-preview:-1"},"canonical":"https:\/\/www.alliesofhumanity.org\/pl\/the-briefings\/book-three\/alien-intervention\/","og_locale":"pl_PL","og_type":"article","og_title":"Sprzymierze\u0144cy Ludzko\u015bci: Narz\u0119dzia Pozaziemskiej Interwencji","og_description":"Sprzymierze\u0144cy m\u00f3wi\u0105 na temat Kontaktu z Obcymi, jaki ma miejsce na \u015bwiecie w tym czasie, a tak\u017ce naturze i dzia\u0142aniach Pozaziemskiej Interwencji.","og_url":"https:\/\/www.alliesofhumanity.org\/pl\/the-briefings\/book-three\/alien-intervention\/","og_site_name":"The Allies of Humanity","article_publisher":"https:\/\/www.facebook.com\/alliesofhumanity\/","article_modified_time":"2024-03-14T07:25:19+00:00","og_image":[{"width":1200,"height":630,"url":"https:\/\/www.alliesofhumanity.org\/wp-content\/uploads\/2021\/01\/og-socialmedia-aoh.jpg","type":"image\/jpeg"}],"twitter_card":"summary_large_image","twitter_title":"Sprzymierze\u0144cy Ludzko\u015bci: Narz\u0119dzia Pozaziemskiej Interwencji","twitter_site":"@earthallies","schema":{"@context":"https:\/\/schema.org","@graph":[{"@type":"WebPage","@id":"https:\/\/www.alliesofhumanity.org\/pl\/the-briefings\/book-three\/alien-intervention\/","url":"https:\/\/www.alliesofhumanity.org\/pl\/the-briefings\/book-three\/alien-intervention\/","name":"Sprzymierze\u0144cy Ludzko\u015bci: Narz\u0119dzia Pozaziemskiej Interwencji","isPartOf":{"@id":"https:\/\/www.alliesofhumanity.org\/pl\/#website"},"datePublished":"2021-05-16T10:57:04+00:00","dateModified":"2024-03-14T07:25:19+00:00","description":"Sprzymierze\u0144cy m\u00f3wi\u0105 na temat Kontaktu z Obcymi, jaki ma miejsce na \u015bwiecie w tym czasie, a tak\u017ce naturze i dzia\u0142aniach Pozaziemskiej Interwencji.","breadcrumb":{"@id":"https:\/\/www.alliesofhumanity.org\/pl\/the-briefings\/book-three\/alien-intervention\/#breadcrumb"},"inLanguage":"pl-PL","potentialAction":[{"@type":"ReadAction","target":["https:\/\/www.alliesofhumanity.org\/pl\/the-briefings\/book-three\/alien-intervention\/"]}]},{"@type":"BreadcrumbList","@id":"https:\/\/www.alliesofhumanity.org\/pl\/the-briefings\/book-three\/alien-intervention\/#breadcrumb","itemListElement":[{"@type":"ListItem","position":1,"name":"Sprawozdania","item":"https:\/\/www.alliesofhumanity.org\/pl\/the-briefings\/"},{"@type":"ListItem","position":2,"name":"Ksi\u0119ga Trzecia","item":"https:\/\/www.alliesofhumanity.org\/pl\/the-briefings\/book-three\/"},{"@type":"ListItem","position":3,"name":"Sprawozdanie Trzecie: Narz\u0119dzia Interwencji"}]},{"@type":"WebSite","@id":"https:\/\/www.alliesofhumanity.org\/pl\/#website","url":"https:\/\/www.alliesofhumanity.org\/pl\/","name":"The Allies of Humanity","description":"","potentialAction":[{"@type":"SearchAction","target":{"@type":"EntryPoint","urlTemplate":"https:\/\/www.alliesofhumanity.org\/pl\/?s={search_term_string}"},"query-input":{"@type":"PropertyValueSpecification","valueRequired":true,"valueName":"search_term_string"}}],"inLanguage":"pl-PL"}]}},"_links":{"self":[{"href":"https:\/\/www.alliesofhumanity.org\/pl\/wp-json\/wp\/v2\/pages\/17147","targetHints":{"allow":["GET"]}}],"collection":[{"href":"https:\/\/www.alliesofhumanity.org\/pl\/wp-json\/wp\/v2\/pages"}],"about":[{"href":"https:\/\/www.alliesofhumanity.org\/pl\/wp-json\/wp\/v2\/types\/page"}],"author":[{"embeddable":true,"href":"https:\/\/www.alliesofhumanity.org\/pl\/wp-json\/wp\/v2\/users\/23"}],"replies":[{"embeddable":true,"href":"https:\/\/www.alliesofhumanity.org\/pl\/wp-json\/wp\/v2\/comments?post=17147"}],"version-history":[{"count":4,"href":"https:\/\/www.alliesofhumanity.org\/pl\/wp-json\/wp\/v2\/pages\/17147\/revisions"}],"predecessor-version":[{"id":22143,"href":"https:\/\/www.alliesofhumanity.org\/pl\/wp-json\/wp\/v2\/pages\/17147\/revisions\/22143"}],"up":[{"embeddable":true,"href":"https:\/\/www.alliesofhumanity.org\/pl\/wp-json\/wp\/v2\/pages\/17114"}],"wp:attachment":[{"href":"https:\/\/www.alliesofhumanity.org\/pl\/wp-json\/wp\/v2\/media?parent=17147"}],"curies":[{"name":"wp","href":"https:\/\/api.w.org\/{rel}","templated":true}]}}