{"id":17114,"date":"2021-05-16T03:31:22","date_gmt":"2021-05-16T02:31:22","guid":{"rendered":"https:\/\/www.alliesofhumanity.org\/the-briefings\/book-three\/"},"modified":"2024-03-14T08:24:14","modified_gmt":"2024-03-14T07:24:14","slug":"book-three","status":"publish","type":"page","link":"https:\/\/www.alliesofhumanity.org\/pl\/the-briefings\/book-three\/","title":{"rendered":"Ksi\u0119ga Trzecia"},"content":{"rendered":"<h5>Wszystkie Sprawozdania Sprzymierze\u0144c\u00f3w Ludzko\u015bci s\u0105 dost\u0119pne za darmo on-line. Zacznij podr\u00f3\u017c z Ksi\u0119g\u0105 Trzeci\u0105 Sprzymierze\u0144c\u00f3w.<\/h5>\n<p>Ksi\u0119ga Trzecia Sprzymierze\u0144c\u00f3w Ludzko\u015bci prezentuje trzeci zestaw \u201cSprawozda\u0144\u201d pochodz\u0105cy od tajemniczego, poza planetarnego \u017ar\u00f3d\u0142a, kt\u00f3rego ustalonym celem jest ukierunkowa\u0107 ludzk\u0105 rodzin\u0119 na realia \u017cycia w naszym lokalnym wszech\u015bwiecie oraz by ostrzec nas przed niebezpieczn\u0105 Interwencj\u0105 maj\u0105c\u0105 miejsce tutaj na Ziemi. Sprawozdania Sprzymierze\u0144c\u00f3w Ludzko\u015bci stanowi\u0105 autentyczn\u0105 wiadomo\u015b\u0107 ze strony grupy podaj\u0105c\u0105 si\u0119 za przedstawiciela \u201cwolnych ras\u201d w naszym lokalnym regionie przestrzeni kosmicznej. Sprzymierze\u0144cy odr\u00f3\u017cniaj\u0105 si\u0119 od tych ras, kt\u00f3re interweniuj\u0105 w dzisiejszym \u015bwiecie. Uprzedzaj\u0105 nas o obecno\u015bci tej Interwencji twierdz\u0105c, i\u017c \u017cadna obca rasa nie powinna odwiedza\u0107 naszego \u015bwiata, zar\u00f3wno teraz, jak i w przysz\u0142o\u015bci, dop\u00f3ki ludzko\u015b\u0107 nie uzyska si\u0142y, jedno\u015bci oraz dojrza\u0142o\u015bci niezb\u0119dnych do nawi\u0105zania z powodzeniem kontaktu z Wi\u0119ksz\u0105 Spo\u0142eczno\u015bci\u0105 inteligentnego \u017cycia we Wszech\u015bwiecie. To, czy ludzko\u015b\u0107 kiedykolwiek b\u0119dzie mog\u0142a to osi\u0105gn\u0105\u0107 jest niepewne, jednak Sprzymierze\u0144cy m\u00f3wi\u0105 nam, \u017ce interwencja w naszym \u015bwiecie ju\u017c jest rozpocz\u0119ta przez kilka ras nieukierunkowanych militarnie pragn\u0105cych ustanowi\u0107 sw\u00f3j wp\u0142yw oraz dominacj\u0119 drog\u0105 podst\u0119pu i perswazji. Sprawozdania ujawniaj\u0105, \u017ce znajdujemy si\u0119 w niepomy\u015blnym po\u0142o\u017ceniu b\u0119d\u0105c ras\u0105, kt\u00f3ra jest odkrywana. Historia nas nauczy\u0142a o niebezpiecze\u0144stwach i tragedii, jakim rdzenna ludno\u015b\u0107 stawia\u0142a czo\u0142a, kiedy po raz pierwszy napotyka\u0142a zewn\u0119trzne si\u0142y. Teraz my wszyscy jeste\u015bmy rdzennymi mieszka\u0144cami nowego \u015bwiata, a zagro\u017cenie ze strony Interwencji czyha nad nami. W efekcie Sprzymierze\u0144cy wzywaj\u0105 nas do stworzenia wystarczaj\u0105cej ludzkiej jedno\u015bci pomi\u0119dzy plemionami, narodami oraz religiami Ziemi, a\u017ceby\u015bmy mogli broni\u0107 naszej wolno\u015bci w nieludzkim wszech\u015bwiecie. Marshall Vian Summers otrzyma\u0142 t\u0119 wyj\u0105tkow\u0105 wiadomo\u015b\u0107 od Sprzymierze\u0144c\u00f3w Ludzko\u015bci w stanie objawienia pocz\u0105wszy od listopada 1997 roku. W nast\u0119pnych latach Sprzymierze\u0144cy Ludzko\u015bci dostarczyli trzy zestawy Sprawozda\u0144. Wraz ze Sprawozdaniami Sprzymierze\u0144c\u00f3w jest nam podarowane po raz pierwszy okno do rzeczywisto\u015bci \u017cycia poza naszym \u015bwiatem, widok, kt\u00f3rego nie mieliby\u015bmy w przeciwnym razie. To stwarza wi\u0119kszy kontekst do zrozumienia, dlaczego Interwencja ma miejsce, kto j\u0105 wytwarza oraz co ludzko\u015b\u0107 b\u0119dzie musia\u0142a wiedzie\u0107, aby stworzy\u0107 i zachowa\u0107 ludzk\u0105 wolno\u015b\u0107 i suwerenno\u015b\u0107, a\u017ceby\u015bmy mogli wype\u0142ni\u0107 nasze przeznaczenie jako wolna rasa we wszech\u015bwiecie.<\/p>\n<p>E-book jest dost\u0119pny na stronach internetowych Amazon, iTunes oraz New Knowledge Library.<\/p>\n<ul>\n<li><\/li>\n<\/ul>\n<hr \/>\n<h5>Zacznij Czyta\u0107 Sprawozdania On-line Teraz<\/h5>\n<p>Spis Tre\u015bci:<\/p>\n<p><a href=\"contact-with-extraterestrial-races\">Sprawozdanie Pierwsze: Rzeczywisto\u015b\u0107 Kontaktu (Oczekuj\u0105ce t\u0142umaczenia)<br \/>\n<\/a><\/p>\n<p><a href=\"requirements-freedom-universe\">Sprawozdanie Drugie: Wymogi dotycz\u0105ce Wolno\u015bci we Wszech\u015bwiecie (Oczekuj\u0105ce t\u0142umaczenia)<\/a><\/p>\n<p><a href=\"alien-intervention\">Sprawozdanie Trzecie: Narz\u0119dzia Interwencji (Oczekuj\u0105ce t\u0142umaczenia)<\/a><\/p>\n<p><a href=\"hidden-powers\">Sprawozdanie Czwarte: Ukrytych Si\u0142 (Oczekuj\u0105ce t\u0142umaczenia)<\/a><\/p>\n<p><a href=\"voices-universe-messages-space\">Sprawozdanie Pi\u0105te: Wiele G\u0142os\u00f3w we Wszech\u015bwiecie (Oczekuj\u0105ce t\u0142umaczenia)<\/a><\/p>\n<p><a href=\"Life-Beyond-Earth\">Sprawozdanie Sz\u00f3\u015bte: Realia Wi\u0119kszej Spo\u0142eczno\u015bci (Oczekuj\u0105ce t\u0142umaczenia)<\/a><\/p>\n<p><a href=\"questions-about-aliens\">Sprawozdanie Si\u00f3dme: Pytania i Odpowiedzi (Oczekuj\u0105ce t\u0142umaczenia)<br \/>\n<\/a><\/p>\n<p><em>Stowarzyszenie na rzecz Nowego Pos\u0142ania dostarcza teraz wszystkie cztery tomy Sprzymierze\u0144c\u00f3w Ludzko\u015bci w wersji on-line bez \u017cadnych koszt\u00f3w. Czynimy tak, a\u017ceby to przes\u0142anie mog\u0142o dosi\u0119gn\u0105\u0107 tak wielu ludzi, jak to mo\u017cliwe, zar\u00f3wno tych stoj\u0105cych na najni\u017cszym szczeblu, jak i tych sprawuj\u0105cych polityczn\u0105, gospodarcz\u0105 i religijn\u0105 w\u0142adz\u0119.<\/em><\/p>\n","protected":false},"excerpt":{"rendered":"<p>Wszystkie Sprawozdania Sprzymierze\u0144c\u00f3w Ludzko\u015bci s\u0105 dost\u0119pne za darmo on-line. Zacznij podr\u00f3\u017c z Ksi\u0119g\u0105 Trzeci\u0105 Sprzymierze\u0144c\u00f3w. Ksi\u0119ga Trzecia Sprzymierze\u0144c\u00f3w Ludzko\u015bci prezentuje trzeci zestaw \u201cSprawozda\u0144\u201d pochodz\u0105cy od tajemniczego, poza planetarnego \u017ar\u00f3d\u0142a, kt\u00f3rego ustalonym celem jest ukierunkowa\u0107 ludzk\u0105 rodzin\u0119 na realia \u017cycia w naszym lokalnym wszech\u015bwiecie oraz by ostrzec nas przed niebezpieczn\u0105 Interwencj\u0105 maj\u0105c\u0105 miejsce tutaj na Ziemi. [&hellip;]<\/p>\n","protected":false},"author":25,"featured_media":0,"parent":16792,"menu_order":3,"comment_status":"closed","ping_status":"closed","template":"page-book-start.php","meta":{"_acf_changed":false,"footnotes":""},"class_list":["post-17114","page","type-page","status-publish","hentry"],"acf":[],"yoast_head":"<!-- This site is optimized with the Yoast SEO plugin v26.5 - https:\/\/yoast.com\/wordpress\/plugins\/seo\/ -->\n<title>Ksi\u0119ga Trzecia Sprzymierze\u0144c\u00f3w Ludzko\u015bci Ksiega Trzecia: Wiadomo\u015b\u0107 do Ziemi<\/title>\n<meta name=\"description\" content=\"Sprzymierze\u0144cy Ludzko\u015bci m\u00f3wi\u0105 o realiach \u017cycia - wymianie handlowej, interakcjach - kt\u00f3re istniej\u0105 w naszym s\u0105siedztwie przestrzeni kosmicznej.\" \/>\n<meta name=\"robots\" content=\"index, follow, max-snippet:-1, max-image-preview:large, max-video-preview:-1\" \/>\n<link rel=\"canonical\" href=\"https:\/\/www.alliesofhumanity.org\/pl\/the-briefings\/book-three\/\" \/>\n<meta property=\"og:locale\" content=\"pl_PL\" \/>\n<meta property=\"og:type\" content=\"article\" \/>\n<meta property=\"og:title\" content=\"Ksi\u0119ga Trzecia Sprzymierze\u0144c\u00f3w Ludzko\u015bci Ksiega Trzecia: Wiadomo\u015b\u0107 do Ziemi\" \/>\n<meta property=\"og:description\" content=\"Sprzymierze\u0144cy Ludzko\u015bci m\u00f3wi\u0105 o realiach \u017cycia - wymianie handlowej, interakcjach - kt\u00f3re istniej\u0105 w naszym s\u0105siedztwie przestrzeni kosmicznej.\" \/>\n<meta property=\"og:url\" content=\"https:\/\/www.alliesofhumanity.org\/pl\/the-briefings\/book-three\/\" \/>\n<meta property=\"og:site_name\" content=\"The Allies of Humanity\" \/>\n<meta property=\"article:publisher\" content=\"https:\/\/www.facebook.com\/alliesofhumanity\/\" \/>\n<meta property=\"article:modified_time\" content=\"2024-03-14T07:24:14+00:00\" \/>\n<meta property=\"og:image\" content=\"https:\/\/www.alliesofhumanity.org\/wp-content\/uploads\/2021\/01\/og-socialmedia-aoh.jpg\" \/>\n\t<meta property=\"og:image:width\" content=\"1200\" \/>\n\t<meta property=\"og:image:height\" content=\"630\" \/>\n\t<meta property=\"og:image:type\" content=\"image\/jpeg\" \/>\n<meta name=\"twitter:card\" content=\"summary_large_image\" \/>\n<meta name=\"twitter:title\" content=\"Ksi\u0119ga Trzecia Sprzymierze\u0144c\u00f3w Ludzko\u015bci Ksiega Trzecia: Wiadomo\u015b\u0107 do Ziemi\" \/>\n<meta name=\"twitter:site\" content=\"@earthallies\" \/>\n<meta name=\"twitter:label1\" content=\"Szacowany czas czytania\" \/>\n\t<meta name=\"twitter:data1\" content=\"3 minuty\" \/>\n<script type=\"application\/ld+json\" class=\"yoast-schema-graph\">{\"@context\":\"https:\/\/schema.org\",\"@graph\":[{\"@type\":\"WebPage\",\"@id\":\"https:\/\/www.alliesofhumanity.org\/pl\/the-briefings\/book-three\/\",\"url\":\"https:\/\/www.alliesofhumanity.org\/pl\/the-briefings\/book-three\/\",\"name\":\"Ksi\u0119ga Trzecia Sprzymierze\u0144c\u00f3w Ludzko\u015bci Ksiega Trzecia: Wiadomo\u015b\u0107 do Ziemi\",\"isPartOf\":{\"@id\":\"https:\/\/www.alliesofhumanity.org\/pl\/#website\"},\"datePublished\":\"2021-05-16T02:31:22+00:00\",\"dateModified\":\"2024-03-14T07:24:14+00:00\",\"description\":\"Sprzymierze\u0144cy Ludzko\u015bci m\u00f3wi\u0105 o realiach \u017cycia - wymianie handlowej, interakcjach - kt\u00f3re istniej\u0105 w naszym s\u0105siedztwie przestrzeni kosmicznej.\",\"breadcrumb\":{\"@id\":\"https:\/\/www.alliesofhumanity.org\/pl\/the-briefings\/book-three\/#breadcrumb\"},\"inLanguage\":\"pl-PL\",\"potentialAction\":[{\"@type\":\"ReadAction\",\"target\":[\"https:\/\/www.alliesofhumanity.org\/pl\/the-briefings\/book-three\/\"]}]},{\"@type\":\"BreadcrumbList\",\"@id\":\"https:\/\/www.alliesofhumanity.org\/pl\/the-briefings\/book-three\/#breadcrumb\",\"itemListElement\":[{\"@type\":\"ListItem\",\"position\":1,\"name\":\"Sprawozdania\",\"item\":\"https:\/\/www.alliesofhumanity.org\/pl\/the-briefings\/\"},{\"@type\":\"ListItem\",\"position\":2,\"name\":\"Ksi\u0119ga Trzecia\"}]},{\"@type\":\"WebSite\",\"@id\":\"https:\/\/www.alliesofhumanity.org\/pl\/#website\",\"url\":\"https:\/\/www.alliesofhumanity.org\/pl\/\",\"name\":\"The Allies of Humanity\",\"description\":\"\",\"potentialAction\":[{\"@type\":\"SearchAction\",\"target\":{\"@type\":\"EntryPoint\",\"urlTemplate\":\"https:\/\/www.alliesofhumanity.org\/pl\/?s={search_term_string}\"},\"query-input\":{\"@type\":\"PropertyValueSpecification\",\"valueRequired\":true,\"valueName\":\"search_term_string\"}}],\"inLanguage\":\"pl-PL\"}]}<\/script>\n<!-- \/ Yoast SEO plugin. -->","yoast_head_json":{"title":"Ksi\u0119ga Trzecia Sprzymierze\u0144c\u00f3w Ludzko\u015bci Ksiega Trzecia: Wiadomo\u015b\u0107 do Ziemi","description":"Sprzymierze\u0144cy Ludzko\u015bci m\u00f3wi\u0105 o realiach \u017cycia - wymianie handlowej, interakcjach - kt\u00f3re istniej\u0105 w naszym s\u0105siedztwie przestrzeni kosmicznej.","robots":{"index":"index","follow":"follow","max-snippet":"max-snippet:-1","max-image-preview":"max-image-preview:large","max-video-preview":"max-video-preview:-1"},"canonical":"https:\/\/www.alliesofhumanity.org\/pl\/the-briefings\/book-three\/","og_locale":"pl_PL","og_type":"article","og_title":"Ksi\u0119ga Trzecia Sprzymierze\u0144c\u00f3w Ludzko\u015bci Ksiega Trzecia: Wiadomo\u015b\u0107 do Ziemi","og_description":"Sprzymierze\u0144cy Ludzko\u015bci m\u00f3wi\u0105 o realiach \u017cycia - wymianie handlowej, interakcjach - kt\u00f3re istniej\u0105 w naszym s\u0105siedztwie przestrzeni kosmicznej.","og_url":"https:\/\/www.alliesofhumanity.org\/pl\/the-briefings\/book-three\/","og_site_name":"The Allies of Humanity","article_publisher":"https:\/\/www.facebook.com\/alliesofhumanity\/","article_modified_time":"2024-03-14T07:24:14+00:00","og_image":[{"width":1200,"height":630,"url":"https:\/\/www.alliesofhumanity.org\/wp-content\/uploads\/2021\/01\/og-socialmedia-aoh.jpg","type":"image\/jpeg"}],"twitter_card":"summary_large_image","twitter_title":"Ksi\u0119ga Trzecia Sprzymierze\u0144c\u00f3w Ludzko\u015bci Ksiega Trzecia: Wiadomo\u015b\u0107 do Ziemi","twitter_site":"@earthallies","twitter_misc":{"Szacowany czas czytania":"3 minuty"},"schema":{"@context":"https:\/\/schema.org","@graph":[{"@type":"WebPage","@id":"https:\/\/www.alliesofhumanity.org\/pl\/the-briefings\/book-three\/","url":"https:\/\/www.alliesofhumanity.org\/pl\/the-briefings\/book-three\/","name":"Ksi\u0119ga Trzecia Sprzymierze\u0144c\u00f3w Ludzko\u015bci Ksiega Trzecia: Wiadomo\u015b\u0107 do Ziemi","isPartOf":{"@id":"https:\/\/www.alliesofhumanity.org\/pl\/#website"},"datePublished":"2021-05-16T02:31:22+00:00","dateModified":"2024-03-14T07:24:14+00:00","description":"Sprzymierze\u0144cy Ludzko\u015bci m\u00f3wi\u0105 o realiach \u017cycia - wymianie handlowej, interakcjach - kt\u00f3re istniej\u0105 w naszym s\u0105siedztwie przestrzeni kosmicznej.","breadcrumb":{"@id":"https:\/\/www.alliesofhumanity.org\/pl\/the-briefings\/book-three\/#breadcrumb"},"inLanguage":"pl-PL","potentialAction":[{"@type":"ReadAction","target":["https:\/\/www.alliesofhumanity.org\/pl\/the-briefings\/book-three\/"]}]},{"@type":"BreadcrumbList","@id":"https:\/\/www.alliesofhumanity.org\/pl\/the-briefings\/book-three\/#breadcrumb","itemListElement":[{"@type":"ListItem","position":1,"name":"Sprawozdania","item":"https:\/\/www.alliesofhumanity.org\/pl\/the-briefings\/"},{"@type":"ListItem","position":2,"name":"Ksi\u0119ga Trzecia"}]},{"@type":"WebSite","@id":"https:\/\/www.alliesofhumanity.org\/pl\/#website","url":"https:\/\/www.alliesofhumanity.org\/pl\/","name":"The Allies of Humanity","description":"","potentialAction":[{"@type":"SearchAction","target":{"@type":"EntryPoint","urlTemplate":"https:\/\/www.alliesofhumanity.org\/pl\/?s={search_term_string}"},"query-input":{"@type":"PropertyValueSpecification","valueRequired":true,"valueName":"search_term_string"}}],"inLanguage":"pl-PL"}]}},"_links":{"self":[{"href":"https:\/\/www.alliesofhumanity.org\/pl\/wp-json\/wp\/v2\/pages\/17114","targetHints":{"allow":["GET"]}}],"collection":[{"href":"https:\/\/www.alliesofhumanity.org\/pl\/wp-json\/wp\/v2\/pages"}],"about":[{"href":"https:\/\/www.alliesofhumanity.org\/pl\/wp-json\/wp\/v2\/types\/page"}],"author":[{"embeddable":true,"href":"https:\/\/www.alliesofhumanity.org\/pl\/wp-json\/wp\/v2\/users\/25"}],"replies":[{"embeddable":true,"href":"https:\/\/www.alliesofhumanity.org\/pl\/wp-json\/wp\/v2\/comments?post=17114"}],"version-history":[{"count":1,"href":"https:\/\/www.alliesofhumanity.org\/pl\/wp-json\/wp\/v2\/pages\/17114\/revisions"}],"predecessor-version":[{"id":17158,"href":"https:\/\/www.alliesofhumanity.org\/pl\/wp-json\/wp\/v2\/pages\/17114\/revisions\/17158"}],"up":[{"embeddable":true,"href":"https:\/\/www.alliesofhumanity.org\/pl\/wp-json\/wp\/v2\/pages\/16792"}],"wp:attachment":[{"href":"https:\/\/www.alliesofhumanity.org\/pl\/wp-json\/wp\/v2\/media?parent=17114"}],"curies":[{"name":"wp","href":"https:\/\/api.w.org\/{rel}","templated":true}]}}