{"id":16847,"date":"2021-05-13T07:57:24","date_gmt":"2021-05-13T06:57:24","guid":{"rendered":"https:\/\/www.alliesofhumanity.org\/the-briefings\/book-two\/effects-of-the-pacification-program-second-commentary\/"},"modified":"2024-03-14T08:23:38","modified_gmt":"2024-03-14T07:23:38","slug":"effects-of-the-pacification-program-second-commentary","status":"publish","type":"page","link":"https:\/\/www.alliesofhumanity.org\/pl\/the-briefings\/book-two\/effects-of-the-pacification-program-second-commentary\/","title":{"rendered":"Drugi Komentarz &#8211; Skutki Programu Pacyfikacyjnego"},"content":{"rendered":"\t\t<div data-elementor-type=\"wp-page\" data-elementor-id=\"16847\" class=\"elementor elementor-16847 elementor-2510\" data-elementor-post-type=\"page\">\t\t\t\t\t\t<section class=\"elementor-section elementor-top-section elementor-element elementor-element-37db849b elementor-section-boxed elementor-section-height-default elementor-section-height-default\" data-id=\"37db849b\" data-element_type=\"section\">\t\t\t\t\t\t<div class=\"elementor-container elementor-column-gap-default\">\t\t\t\t\t<div class=\"elementor-column elementor-col-100 elementor-top-column elementor-element elementor-element-775c8b71\" data-id=\"775c8b71\" data-element_type=\"column\">\t\t\t<div class=\"elementor-widget-wrap elementor-element-populated\">\t\t\t\t\t\t<div class=\"elementor-element elementor-element-b312dc0 elementor-widget elementor-widget-text-editor\" data-id=\"b312dc0\" data-element_type=\"widget\" data-widget_type=\"text-editor.default\">\t\t\t\t<div class=\"elementor-widget-container\">\t\t\t\t\t\t\t\t\tOczekuj\u0105ce t\u0142umaczenia\t\t\t\t\t\t\t\t<\/div>\t\t\t\t<\/div>\t\t\t\t\t<\/div>\t\t<\/div>\t\t\t\t\t<\/div>\t\t<\/section>\t\t\t\t<\/div><p>\t\t<\/p>","protected":false},"excerpt":{"rendered":"<p>Oczekuj\u0105ce t\u0142umaczenia<\/p>\n","protected":false},"author":23,"featured_media":0,"parent":16816,"menu_order":8,"comment_status":"closed","ping_status":"closed","template":"page.php","meta":{"_acf_changed":false,"footnotes":""},"class_list":["post-16847","page","type-page","status-publish","hentry"],"acf":[],"yoast_head":"<!-- This site is optimized with the Yoast SEO plugin v26.5 - https:\/\/yoast.com\/wordpress\/plugins\/seo\/ -->\n<title>Kontakt Pozaziemski oraz Pacyfikacja Ludzko\u015bci<\/title>\n<meta name=\"description\" content=\"Dowiedz si\u0119 wi\u0119cej na temat Programu Pacyfikacyjnego, kt\u00f3ry jest tworzony przez pozaziemskie grupy interweniuj\u0105ce we wsp\u00f3\u0142czesnym \u015bwiecie.\" \/>\n<meta name=\"robots\" content=\"index, follow, max-snippet:-1, max-image-preview:large, max-video-preview:-1\" \/>\n<link rel=\"canonical\" href=\"https:\/\/www.alliesofhumanity.org\/pl\/the-briefings\/book-two\/effects-of-the-pacification-program-second-commentary\/\" \/>\n<meta property=\"og:locale\" content=\"pl_PL\" \/>\n<meta property=\"og:type\" content=\"article\" \/>\n<meta property=\"og:title\" content=\"Kontakt Pozaziemski oraz Pacyfikacja Ludzko\u015bci\" \/>\n<meta property=\"og:description\" content=\"Dowiedz si\u0119 wi\u0119cej na temat Programu Pacyfikacyjnego, kt\u00f3ry jest tworzony przez pozaziemskie grupy interweniuj\u0105ce we wsp\u00f3\u0142czesnym \u015bwiecie.\" \/>\n<meta property=\"og:url\" content=\"https:\/\/www.alliesofhumanity.org\/pl\/the-briefings\/book-two\/effects-of-the-pacification-program-second-commentary\/\" \/>\n<meta property=\"og:site_name\" content=\"The Allies of Humanity\" \/>\n<meta property=\"article:publisher\" content=\"https:\/\/www.facebook.com\/alliesofhumanity\/\" \/>\n<meta property=\"article:modified_time\" content=\"2024-03-14T07:23:38+00:00\" \/>\n<meta property=\"og:image\" content=\"https:\/\/www.alliesofhumanity.org\/wp-content\/uploads\/2021\/01\/og-socialmedia-aoh.jpg\" \/>\n\t<meta property=\"og:image:width\" content=\"1200\" \/>\n\t<meta property=\"og:image:height\" content=\"630\" \/>\n\t<meta property=\"og:image:type\" content=\"image\/jpeg\" \/>\n<meta name=\"twitter:card\" content=\"summary_large_image\" \/>\n<meta name=\"twitter:title\" content=\"Kontakt Pozaziemski oraz Pacyfikacja Ludzko\u015bci\" \/>\n<meta name=\"twitter:site\" content=\"@earthallies\" \/>\n<script type=\"application\/ld+json\" class=\"yoast-schema-graph\">{\"@context\":\"https:\/\/schema.org\",\"@graph\":[{\"@type\":\"WebPage\",\"@id\":\"https:\/\/www.alliesofhumanity.org\/pl\/the-briefings\/book-two\/effects-of-the-pacification-program-second-commentary\/\",\"url\":\"https:\/\/www.alliesofhumanity.org\/pl\/the-briefings\/book-two\/effects-of-the-pacification-program-second-commentary\/\",\"name\":\"Kontakt Pozaziemski oraz Pacyfikacja Ludzko\u015bci\",\"isPartOf\":{\"@id\":\"https:\/\/www.alliesofhumanity.org\/pl\/#website\"},\"datePublished\":\"2021-05-13T06:57:24+00:00\",\"dateModified\":\"2024-03-14T07:23:38+00:00\",\"description\":\"Dowiedz si\u0119 wi\u0119cej na temat Programu Pacyfikacyjnego, kt\u00f3ry jest tworzony przez pozaziemskie grupy interweniuj\u0105ce we wsp\u00f3\u0142czesnym \u015bwiecie.\",\"breadcrumb\":{\"@id\":\"https:\/\/www.alliesofhumanity.org\/pl\/the-briefings\/book-two\/effects-of-the-pacification-program-second-commentary\/#breadcrumb\"},\"inLanguage\":\"pl-PL\",\"potentialAction\":[{\"@type\":\"ReadAction\",\"target\":[\"https:\/\/www.alliesofhumanity.org\/pl\/the-briefings\/book-two\/effects-of-the-pacification-program-second-commentary\/\"]}]},{\"@type\":\"BreadcrumbList\",\"@id\":\"https:\/\/www.alliesofhumanity.org\/pl\/the-briefings\/book-two\/effects-of-the-pacification-program-second-commentary\/#breadcrumb\",\"itemListElement\":[{\"@type\":\"ListItem\",\"position\":1,\"name\":\"Sprawozdania\",\"item\":\"https:\/\/www.alliesofhumanity.org\/pl\/the-briefings\/\"},{\"@type\":\"ListItem\",\"position\":2,\"name\":\"Ksi\u0119ga Druga\",\"item\":\"https:\/\/www.alliesofhumanity.org\/pl\/the-briefings\/book-two\/\"},{\"@type\":\"ListItem\",\"position\":3,\"name\":\"Drugi Komentarz &#8211; Skutki Programu Pacyfikacyjnego\"}]},{\"@type\":\"WebSite\",\"@id\":\"https:\/\/www.alliesofhumanity.org\/pl\/#website\",\"url\":\"https:\/\/www.alliesofhumanity.org\/pl\/\",\"name\":\"The Allies of Humanity\",\"description\":\"\",\"potentialAction\":[{\"@type\":\"SearchAction\",\"target\":{\"@type\":\"EntryPoint\",\"urlTemplate\":\"https:\/\/www.alliesofhumanity.org\/pl\/?s={search_term_string}\"},\"query-input\":{\"@type\":\"PropertyValueSpecification\",\"valueRequired\":true,\"valueName\":\"search_term_string\"}}],\"inLanguage\":\"pl-PL\"}]}<\/script>\n<!-- \/ Yoast SEO plugin. -->","yoast_head_json":{"title":"Kontakt Pozaziemski oraz Pacyfikacja Ludzko\u015bci","description":"Dowiedz si\u0119 wi\u0119cej na temat Programu Pacyfikacyjnego, kt\u00f3ry jest tworzony przez pozaziemskie grupy interweniuj\u0105ce we wsp\u00f3\u0142czesnym \u015bwiecie.","robots":{"index":"index","follow":"follow","max-snippet":"max-snippet:-1","max-image-preview":"max-image-preview:large","max-video-preview":"max-video-preview:-1"},"canonical":"https:\/\/www.alliesofhumanity.org\/pl\/the-briefings\/book-two\/effects-of-the-pacification-program-second-commentary\/","og_locale":"pl_PL","og_type":"article","og_title":"Kontakt Pozaziemski oraz Pacyfikacja Ludzko\u015bci","og_description":"Dowiedz si\u0119 wi\u0119cej na temat Programu Pacyfikacyjnego, kt\u00f3ry jest tworzony przez pozaziemskie grupy interweniuj\u0105ce we wsp\u00f3\u0142czesnym \u015bwiecie.","og_url":"https:\/\/www.alliesofhumanity.org\/pl\/the-briefings\/book-two\/effects-of-the-pacification-program-second-commentary\/","og_site_name":"The Allies of Humanity","article_publisher":"https:\/\/www.facebook.com\/alliesofhumanity\/","article_modified_time":"2024-03-14T07:23:38+00:00","og_image":[{"width":1200,"height":630,"url":"https:\/\/www.alliesofhumanity.org\/wp-content\/uploads\/2021\/01\/og-socialmedia-aoh.jpg","type":"image\/jpeg"}],"twitter_card":"summary_large_image","twitter_title":"Kontakt Pozaziemski oraz Pacyfikacja Ludzko\u015bci","twitter_site":"@earthallies","schema":{"@context":"https:\/\/schema.org","@graph":[{"@type":"WebPage","@id":"https:\/\/www.alliesofhumanity.org\/pl\/the-briefings\/book-two\/effects-of-the-pacification-program-second-commentary\/","url":"https:\/\/www.alliesofhumanity.org\/pl\/the-briefings\/book-two\/effects-of-the-pacification-program-second-commentary\/","name":"Kontakt Pozaziemski oraz Pacyfikacja Ludzko\u015bci","isPartOf":{"@id":"https:\/\/www.alliesofhumanity.org\/pl\/#website"},"datePublished":"2021-05-13T06:57:24+00:00","dateModified":"2024-03-14T07:23:38+00:00","description":"Dowiedz si\u0119 wi\u0119cej na temat Programu Pacyfikacyjnego, kt\u00f3ry jest tworzony przez pozaziemskie grupy interweniuj\u0105ce we wsp\u00f3\u0142czesnym \u015bwiecie.","breadcrumb":{"@id":"https:\/\/www.alliesofhumanity.org\/pl\/the-briefings\/book-two\/effects-of-the-pacification-program-second-commentary\/#breadcrumb"},"inLanguage":"pl-PL","potentialAction":[{"@type":"ReadAction","target":["https:\/\/www.alliesofhumanity.org\/pl\/the-briefings\/book-two\/effects-of-the-pacification-program-second-commentary\/"]}]},{"@type":"BreadcrumbList","@id":"https:\/\/www.alliesofhumanity.org\/pl\/the-briefings\/book-two\/effects-of-the-pacification-program-second-commentary\/#breadcrumb","itemListElement":[{"@type":"ListItem","position":1,"name":"Sprawozdania","item":"https:\/\/www.alliesofhumanity.org\/pl\/the-briefings\/"},{"@type":"ListItem","position":2,"name":"Ksi\u0119ga Druga","item":"https:\/\/www.alliesofhumanity.org\/pl\/the-briefings\/book-two\/"},{"@type":"ListItem","position":3,"name":"Drugi Komentarz &#8211; Skutki Programu Pacyfikacyjnego"}]},{"@type":"WebSite","@id":"https:\/\/www.alliesofhumanity.org\/pl\/#website","url":"https:\/\/www.alliesofhumanity.org\/pl\/","name":"The Allies of Humanity","description":"","potentialAction":[{"@type":"SearchAction","target":{"@type":"EntryPoint","urlTemplate":"https:\/\/www.alliesofhumanity.org\/pl\/?s={search_term_string}"},"query-input":{"@type":"PropertyValueSpecification","valueRequired":true,"valueName":"search_term_string"}}],"inLanguage":"pl-PL"}]}},"_links":{"self":[{"href":"https:\/\/www.alliesofhumanity.org\/pl\/wp-json\/wp\/v2\/pages\/16847","targetHints":{"allow":["GET"]}}],"collection":[{"href":"https:\/\/www.alliesofhumanity.org\/pl\/wp-json\/wp\/v2\/pages"}],"about":[{"href":"https:\/\/www.alliesofhumanity.org\/pl\/wp-json\/wp\/v2\/types\/page"}],"author":[{"embeddable":true,"href":"https:\/\/www.alliesofhumanity.org\/pl\/wp-json\/wp\/v2\/users\/23"}],"replies":[{"embeddable":true,"href":"https:\/\/www.alliesofhumanity.org\/pl\/wp-json\/wp\/v2\/comments?post=16847"}],"version-history":[{"count":6,"href":"https:\/\/www.alliesofhumanity.org\/pl\/wp-json\/wp\/v2\/pages\/16847\/revisions"}],"predecessor-version":[{"id":22139,"href":"https:\/\/www.alliesofhumanity.org\/pl\/wp-json\/wp\/v2\/pages\/16847\/revisions\/22139"}],"up":[{"embeddable":true,"href":"https:\/\/www.alliesofhumanity.org\/pl\/wp-json\/wp\/v2\/pages\/16816"}],"wp:attachment":[{"href":"https:\/\/www.alliesofhumanity.org\/pl\/wp-json\/wp\/v2\/media?parent=16847"}],"curies":[{"name":"wp","href":"https:\/\/api.w.org\/{rel}","templated":true}]}}