{"id":16833,"date":"2021-05-13T07:42:53","date_gmt":"2021-05-13T06:42:53","guid":{"rendered":"https:\/\/www.alliesofhumanity.org\/the-briefings\/book-two\/why-are-aliens-here\/"},"modified":"2024-03-14T08:19:25","modified_gmt":"2024-03-14T07:19:25","slug":"why-are-aliens-here","status":"publish","type":"page","link":"https:\/\/www.alliesofhumanity.org\/pl\/the-briefings\/book-two\/why-are-aliens-here\/","title":{"rendered":"Sprawozdanie Drugie: Dlaczego Przeprowadzana Jest Interwencja (Oczekuj\u0105ce t\u0142umaczenia)"},"content":{"rendered":"\t\t<div data-elementor-type=\"wp-page\" data-elementor-id=\"16833\" class=\"elementor elementor-16833 elementor-2455\" data-elementor-post-type=\"page\">\t\t\t\t\t\t<section class=\"elementor-section elementor-top-section elementor-element elementor-element-92ef9a4 elementor-section-boxed elementor-section-height-default elementor-section-height-default\" data-id=\"92ef9a4\" data-element_type=\"section\">\t\t\t\t\t\t<div class=\"elementor-container elementor-column-gap-default\">\t\t\t\t\t<div class=\"elementor-column elementor-col-100 elementor-top-column elementor-element elementor-element-409afed7\" data-id=\"409afed7\" data-element_type=\"column\">\t\t\t<div class=\"elementor-widget-wrap elementor-element-populated\">\t\t\t\t\t\t<div class=\"elementor-element elementor-element-0444026 elementor-widget elementor-widget-text-editor\" data-id=\"0444026\" data-element_type=\"widget\" data-widget_type=\"text-editor.default\">\t\t\t\t<div class=\"elementor-widget-container\">\t\t\t\t\t\t\t\t\t<p class=\"nm-body-western\" lang=\"\">R\u00f3wnie dobrze mo\u017cecie na pocz\u0105tku zapyta\u0107: \u201cDlaczego Obcy s\u0105 tutaj?\u201d. Istnieje kilka odpowiedzi na to zasadnicze pytanie, niekt\u00f3re z nich s\u0105 bardzo oczywiste, a niekt\u00f3re z nich nie s\u0105.<\/p>\r<p class=\"nm-body-western\" lang=\"\">(Oczekuj\u0105ce t\u0142umaczenia)<\/p>\t\t\t\t\t\t\t\t<\/div>\t\t\t\t<\/div>\t\t\t\t\t<\/div>\t\t<\/div>\t\t\t\t\t<\/div><p class=\"image-quote float-right\"><img decoding=\"async\" src=\"https:\/\/www.alliesofhumanity.org\/wp-content\/uploads\/2020\/12\/quote-book2-briefing2-1.png\" alt=\"\" \/><\/p><blockquote id=\"quote-2\" class=\"text-quote float-right bg-black\"> <\/blockquote>\t\t<\/section>\t\t\t\t<\/div><p>\t\t<\/p>","protected":false},"excerpt":{"rendered":"<p>R\u00f3wnie dobrze mo\u017cecie na pocz\u0105tku zapyta\u0107: \u201cDlaczego Obcy s\u0105 tutaj?\u201d. Istnieje kilka odpowiedzi na to zasadnicze pytanie, niekt\u00f3re z nich s\u0105 bardzo oczywiste, a niekt\u00f3re z nich nie s\u0105. (Oczekuj\u0105ce t\u0142umaczenia)<\/p>\n","protected":false},"author":23,"featured_media":0,"parent":16816,"menu_order":2,"comment_status":"closed","ping_status":"closed","template":"page.php","meta":{"_acf_changed":false,"footnotes":""},"class_list":["post-16833","page","type-page","status-publish","hentry"],"acf":[],"yoast_head":"<!-- This site is optimized with the Yoast SEO plugin v26.5 - https:\/\/yoast.com\/wordpress\/plugins\/seo\/ -->\n<title>Dlaczego Obcy S\u0105 Tutaj? Pytania i odpowiedzi na temat Kontaktu z Istotami Pozaziemskimi<\/title>\n<meta name=\"description\" content=\"Mo\u017cecie zapyta\u0107: &quot;Dlaczego Obcy s\u0105 tutaj?&quot;. Istnieje kilka odpowiedzi na to zasadnicze pytanie, niekt\u00f3re s\u0105 oczywiste, inne nie s\u0105.\" \/>\n<meta name=\"robots\" content=\"index, follow, max-snippet:-1, max-image-preview:large, max-video-preview:-1\" \/>\n<link rel=\"canonical\" href=\"https:\/\/www.alliesofhumanity.org\/pl\/the-briefings\/book-two\/why-are-aliens-here\/\" \/>\n<meta property=\"og:locale\" content=\"pl_PL\" \/>\n<meta property=\"og:type\" content=\"article\" \/>\n<meta property=\"og:title\" content=\"Dlaczego Obcy S\u0105 Tutaj? Pytania i odpowiedzi na temat Kontaktu z Istotami Pozaziemskimi\" \/>\n<meta property=\"og:description\" content=\"Mo\u017cecie zapyta\u0107: &quot;Dlaczego Obcy s\u0105 tutaj?&quot;. Istnieje kilka odpowiedzi na to zasadnicze pytanie, niekt\u00f3re s\u0105 oczywiste, inne nie s\u0105.\" \/>\n<meta property=\"og:url\" content=\"https:\/\/www.alliesofhumanity.org\/pl\/the-briefings\/book-two\/why-are-aliens-here\/\" \/>\n<meta property=\"og:site_name\" content=\"The Allies of Humanity\" \/>\n<meta property=\"article:publisher\" content=\"https:\/\/www.facebook.com\/alliesofhumanity\/\" \/>\n<meta property=\"article:modified_time\" content=\"2024-03-14T07:19:25+00:00\" \/>\n<meta property=\"og:image\" content=\"https:\/\/www.alliesofhumanity.org\/wp-content\/uploads\/2021\/01\/og-socialmedia-aoh.jpg\" \/>\n\t<meta property=\"og:image:width\" content=\"1200\" \/>\n\t<meta property=\"og:image:height\" content=\"630\" \/>\n\t<meta property=\"og:image:type\" content=\"image\/jpeg\" \/>\n<meta name=\"twitter:card\" content=\"summary_large_image\" \/>\n<meta name=\"twitter:title\" content=\"Dlaczego Obcy S\u0105 Tutaj? Pytania i odpowiedzi na temat Kontaktu z Istotami Pozaziemskimi\" \/>\n<meta name=\"twitter:site\" content=\"@earthallies\" \/>\n<script type=\"application\/ld+json\" class=\"yoast-schema-graph\">{\"@context\":\"https:\/\/schema.org\",\"@graph\":[{\"@type\":\"WebPage\",\"@id\":\"https:\/\/www.alliesofhumanity.org\/pl\/the-briefings\/book-two\/why-are-aliens-here\/\",\"url\":\"https:\/\/www.alliesofhumanity.org\/pl\/the-briefings\/book-two\/why-are-aliens-here\/\",\"name\":\"Dlaczego Obcy S\u0105 Tutaj? Pytania i odpowiedzi na temat Kontaktu z Istotami Pozaziemskimi\",\"isPartOf\":{\"@id\":\"https:\/\/www.alliesofhumanity.org\/pl\/#website\"},\"datePublished\":\"2021-05-13T06:42:53+00:00\",\"dateModified\":\"2024-03-14T07:19:25+00:00\",\"description\":\"Mo\u017cecie zapyta\u0107: \\\"Dlaczego Obcy s\u0105 tutaj?\\\". Istnieje kilka odpowiedzi na to zasadnicze pytanie, niekt\u00f3re s\u0105 oczywiste, inne nie s\u0105.\",\"breadcrumb\":{\"@id\":\"https:\/\/www.alliesofhumanity.org\/pl\/the-briefings\/book-two\/why-are-aliens-here\/#breadcrumb\"},\"inLanguage\":\"pl-PL\",\"potentialAction\":[{\"@type\":\"ReadAction\",\"target\":[\"https:\/\/www.alliesofhumanity.org\/pl\/the-briefings\/book-two\/why-are-aliens-here\/\"]}]},{\"@type\":\"BreadcrumbList\",\"@id\":\"https:\/\/www.alliesofhumanity.org\/pl\/the-briefings\/book-two\/why-are-aliens-here\/#breadcrumb\",\"itemListElement\":[{\"@type\":\"ListItem\",\"position\":1,\"name\":\"Sprawozdania\",\"item\":\"https:\/\/www.alliesofhumanity.org\/pl\/the-briefings\/\"},{\"@type\":\"ListItem\",\"position\":2,\"name\":\"Ksi\u0119ga Druga\",\"item\":\"https:\/\/www.alliesofhumanity.org\/pl\/the-briefings\/book-two\/\"},{\"@type\":\"ListItem\",\"position\":3,\"name\":\"Sprawozdanie Drugie: Dlaczego Przeprowadzana Jest Interwencja (Oczekuj\u0105ce t\u0142umaczenia)\"}]},{\"@type\":\"WebSite\",\"@id\":\"https:\/\/www.alliesofhumanity.org\/pl\/#website\",\"url\":\"https:\/\/www.alliesofhumanity.org\/pl\/\",\"name\":\"The Allies of Humanity\",\"description\":\"\",\"potentialAction\":[{\"@type\":\"SearchAction\",\"target\":{\"@type\":\"EntryPoint\",\"urlTemplate\":\"https:\/\/www.alliesofhumanity.org\/pl\/?s={search_term_string}\"},\"query-input\":{\"@type\":\"PropertyValueSpecification\",\"valueRequired\":true,\"valueName\":\"search_term_string\"}}],\"inLanguage\":\"pl-PL\"}]}<\/script>\n<!-- \/ Yoast SEO plugin. -->","yoast_head_json":{"title":"Dlaczego Obcy S\u0105 Tutaj? Pytania i odpowiedzi na temat Kontaktu z Istotami Pozaziemskimi","description":"Mo\u017cecie zapyta\u0107: \"Dlaczego Obcy s\u0105 tutaj?\". Istnieje kilka odpowiedzi na to zasadnicze pytanie, niekt\u00f3re s\u0105 oczywiste, inne nie s\u0105.","robots":{"index":"index","follow":"follow","max-snippet":"max-snippet:-1","max-image-preview":"max-image-preview:large","max-video-preview":"max-video-preview:-1"},"canonical":"https:\/\/www.alliesofhumanity.org\/pl\/the-briefings\/book-two\/why-are-aliens-here\/","og_locale":"pl_PL","og_type":"article","og_title":"Dlaczego Obcy S\u0105 Tutaj? Pytania i odpowiedzi na temat Kontaktu z Istotami Pozaziemskimi","og_description":"Mo\u017cecie zapyta\u0107: \"Dlaczego Obcy s\u0105 tutaj?\". Istnieje kilka odpowiedzi na to zasadnicze pytanie, niekt\u00f3re s\u0105 oczywiste, inne nie s\u0105.","og_url":"https:\/\/www.alliesofhumanity.org\/pl\/the-briefings\/book-two\/why-are-aliens-here\/","og_site_name":"The Allies of Humanity","article_publisher":"https:\/\/www.facebook.com\/alliesofhumanity\/","article_modified_time":"2024-03-14T07:19:25+00:00","og_image":[{"width":1200,"height":630,"url":"https:\/\/www.alliesofhumanity.org\/wp-content\/uploads\/2021\/01\/og-socialmedia-aoh.jpg","type":"image\/jpeg"}],"twitter_card":"summary_large_image","twitter_title":"Dlaczego Obcy S\u0105 Tutaj? Pytania i odpowiedzi na temat Kontaktu z Istotami Pozaziemskimi","twitter_site":"@earthallies","schema":{"@context":"https:\/\/schema.org","@graph":[{"@type":"WebPage","@id":"https:\/\/www.alliesofhumanity.org\/pl\/the-briefings\/book-two\/why-are-aliens-here\/","url":"https:\/\/www.alliesofhumanity.org\/pl\/the-briefings\/book-two\/why-are-aliens-here\/","name":"Dlaczego Obcy S\u0105 Tutaj? Pytania i odpowiedzi na temat Kontaktu z Istotami Pozaziemskimi","isPartOf":{"@id":"https:\/\/www.alliesofhumanity.org\/pl\/#website"},"datePublished":"2021-05-13T06:42:53+00:00","dateModified":"2024-03-14T07:19:25+00:00","description":"Mo\u017cecie zapyta\u0107: \"Dlaczego Obcy s\u0105 tutaj?\". Istnieje kilka odpowiedzi na to zasadnicze pytanie, niekt\u00f3re s\u0105 oczywiste, inne nie s\u0105.","breadcrumb":{"@id":"https:\/\/www.alliesofhumanity.org\/pl\/the-briefings\/book-two\/why-are-aliens-here\/#breadcrumb"},"inLanguage":"pl-PL","potentialAction":[{"@type":"ReadAction","target":["https:\/\/www.alliesofhumanity.org\/pl\/the-briefings\/book-two\/why-are-aliens-here\/"]}]},{"@type":"BreadcrumbList","@id":"https:\/\/www.alliesofhumanity.org\/pl\/the-briefings\/book-two\/why-are-aliens-here\/#breadcrumb","itemListElement":[{"@type":"ListItem","position":1,"name":"Sprawozdania","item":"https:\/\/www.alliesofhumanity.org\/pl\/the-briefings\/"},{"@type":"ListItem","position":2,"name":"Ksi\u0119ga Druga","item":"https:\/\/www.alliesofhumanity.org\/pl\/the-briefings\/book-two\/"},{"@type":"ListItem","position":3,"name":"Sprawozdanie Drugie: Dlaczego Przeprowadzana Jest Interwencja (Oczekuj\u0105ce t\u0142umaczenia)"}]},{"@type":"WebSite","@id":"https:\/\/www.alliesofhumanity.org\/pl\/#website","url":"https:\/\/www.alliesofhumanity.org\/pl\/","name":"The Allies of Humanity","description":"","potentialAction":[{"@type":"SearchAction","target":{"@type":"EntryPoint","urlTemplate":"https:\/\/www.alliesofhumanity.org\/pl\/?s={search_term_string}"},"query-input":{"@type":"PropertyValueSpecification","valueRequired":true,"valueName":"search_term_string"}}],"inLanguage":"pl-PL"}]}},"_links":{"self":[{"href":"https:\/\/www.alliesofhumanity.org\/pl\/wp-json\/wp\/v2\/pages\/16833","targetHints":{"allow":["GET"]}}],"collection":[{"href":"https:\/\/www.alliesofhumanity.org\/pl\/wp-json\/wp\/v2\/pages"}],"about":[{"href":"https:\/\/www.alliesofhumanity.org\/pl\/wp-json\/wp\/v2\/types\/page"}],"author":[{"embeddable":true,"href":"https:\/\/www.alliesofhumanity.org\/pl\/wp-json\/wp\/v2\/users\/23"}],"replies":[{"embeddable":true,"href":"https:\/\/www.alliesofhumanity.org\/pl\/wp-json\/wp\/v2\/comments?post=16833"}],"version-history":[{"count":7,"href":"https:\/\/www.alliesofhumanity.org\/pl\/wp-json\/wp\/v2\/pages\/16833\/revisions"}],"predecessor-version":[{"id":19061,"href":"https:\/\/www.alliesofhumanity.org\/pl\/wp-json\/wp\/v2\/pages\/16833\/revisions\/19061"}],"up":[{"embeddable":true,"href":"https:\/\/www.alliesofhumanity.org\/pl\/wp-json\/wp\/v2\/pages\/16816"}],"wp:attachment":[{"href":"https:\/\/www.alliesofhumanity.org\/pl\/wp-json\/wp\/v2\/media?parent=16833"}],"curies":[{"name":"wp","href":"https:\/\/api.w.org\/{rel}","templated":true}]}}