{"id":16816,"date":"2021-05-13T07:29:01","date_gmt":"2021-05-13T06:29:01","guid":{"rendered":"https:\/\/www.alliesofhumanity.org\/the-briefings\/book-two\/"},"modified":"2021-05-16T11:20:44","modified_gmt":"2021-05-16T10:20:44","slug":"book-two","status":"publish","type":"page","link":"https:\/\/www.alliesofhumanity.org\/pl\/the-briefings\/book-two\/","title":{"rendered":"Ksi\u0119ga Druga"},"content":{"rendered":"<h5>Wszystkie Sprawozdania Sprzymierze\u0144c\u00f3w Ludzko\u015bci s\u0105 dost\u0119pne za darmo on-line. Zacznij podr\u00f3\u017c z Ksi\u0119g\u0105 Druga Sprzymierze\u0144c\u00f3w.<\/h5>\n<p>W tym drugim zestawie sprawozda\u0144 Sprzymierze\u0144cy Ludzko\u015bci pragn\u0105 da\u0107 nam wi\u0119ksze rozumienie oraz wi\u0119ksz\u0105 wizj\u0119 w odniesieniu do tego, jak \u017cycie wygl\u0105da naprawd\u0119 we Wszech\u015bwiecie wok\u00f3\u0142 nas. Nasi sprzymierze\u0144cy za granic\u0105 pragn\u0105 ostrzec nas przed wielkimi zagro\u017ceniami, kt\u00f3rym teraz stawiamy czo\u0142a, zagro\u017ceniami wy\u0142onienia si\u0119 do Wi\u0119kszej Spo\u0142eczno\u015bci. Oni pragn\u0105 pokaza\u0107 nam nasz\u0105 potrzeb\u0119 wolno\u015bci oraz naszej integralno\u015bci jako rasy, gdy przechodzimy t\u0119 trudn\u0105 i d\u0142ugotrwa\u0142\u0105 przemian\u0119.<\/p>\n<p>&nbsp;<\/p>\n<hr \/>\n<h5>Zacznij Czyta\u0107 Sprawozdania On-line Teraz<\/h5>\n<p>Spis Tre\u015bci:<\/p>\n<p><a href=\"universe-reality-of-nature\">Sprawozdanie Pierwsze: Wszech\u015bwiat, do Kt\u00f3rego si\u0119 Wy\u0142aniacie (Oczekuj\u0105ce t\u0142umaczenia)<\/a><\/p>\n<p><a href=\"why-are-aliens-here\">Sprawozdanie Drugie: Dlaczego Przeprowadzana Jest Interwencja (Oczekuj\u0105ce t\u0142umaczenia)<br \/>\n<\/a><\/p>\n<p><a href=\"the-influence-upon-humanity\">Sprawozdanie Trzecie: Wp\u0142yw Na Ludzko\u015b\u0107 (Oczekuj\u0105ce t\u0142umaczenia)<\/a><\/p>\n<p><a href=\"collectives-in-universe\">Sprawozdanie Czwarte: Kolektywy (Oczekuj\u0105ce t\u0142umaczenia)<\/a><\/p>\n<p><a href=\"biological-resources\">Sprawozdanie Pi\u0105te: Czego Oni Chc\u0105 (Oczekuj\u0105ce t\u0142umaczenia)<\/a><\/p>\n<p><a href=\"a-call-to-action-spiritual-power\">Sprawozdanie Sz\u00f3\u015bte: Wezwanie do Dzia\u0142ania (Oczekuj\u0105ce t\u0142umaczenia)<\/a><\/p>\n<p>Pierwszy Komentarz: <a href=\"the-problem-of-human-denial-first-commentary\">\u00a0<\/a><a href=\"universe-reality-of-nature\">Problem Ludzkiej Negacji (Oczekuj\u0105ce t\u0142umaczenia)<\/a><\/p>\n<p>Drugi Komentarz:<a href=\"effects-of-the-pacification-program-second-commentary\"> Skutki Programu Pacyfikacyjnego (Oczekuj\u0105ce t\u0142umaczenia)<\/a><\/p>\n<p>Trzeci Komentarz: <a href=\"understanding-the-intervention-third-commentary\">Rozumienie Interwencji (Oczekuj\u0105ce t\u0142umaczenia)<\/a><\/p>\n<p>Stowarzyszenie na rzecz Nowego Pos\u0142ania dostarcza teraz wszystkie cztery tomy Sprzymierze\u0144c\u00f3w Ludzko\u015bci w wersji on-line bez \u017cadnych koszt\u00f3w. Czynimy tak, a\u017ceby to przes\u0142anie mog\u0142o dosi\u0119gn\u0105\u0107 tak wielu ludzi, jak to mo\u017cliwe, zar\u00f3wno tych stoj\u0105cych na najni\u017cszym szczeblu, jak i tych sprawuj\u0105cych polityczn\u0105, gospodarcz\u0105 i religijn\u0105 w\u0142adz\u0119.<\/p>\n","protected":false},"excerpt":{"rendered":"<p>Wszystkie Sprawozdania Sprzymierze\u0144c\u00f3w Ludzko\u015bci s\u0105 dost\u0119pne za darmo on-line. Zacznij podr\u00f3\u017c z Ksi\u0119g\u0105 Druga Sprzymierze\u0144c\u00f3w. W tym drugim zestawie sprawozda\u0144 Sprzymierze\u0144cy Ludzko\u015bci pragn\u0105 da\u0107 nam wi\u0119ksze rozumienie oraz wi\u0119ksz\u0105 wizj\u0119 w odniesieniu do tego, jak \u017cycie wygl\u0105da naprawd\u0119 we Wszech\u015bwiecie wok\u00f3\u0142 nas. Nasi sprzymierze\u0144cy za granic\u0105 pragn\u0105 ostrzec nas przed wielkimi zagro\u017ceniami, kt\u00f3rym teraz stawiamy [&hellip;]<\/p>\n","protected":false},"author":2,"featured_media":0,"parent":16792,"menu_order":2,"comment_status":"closed","ping_status":"closed","template":"page-book-start.php","meta":{"_acf_changed":false,"footnotes":""},"class_list":["post-16816","page","type-page","status-publish","hentry"],"acf":[],"yoast_head":"<!-- This site is optimized with the Yoast SEO plugin v26.5 - https:\/\/yoast.com\/wordpress\/plugins\/seo\/ -->\n<title>Sprzymierze\u0144cy Ludzko\u015bci Ksiega Druga: Ludzka Jedno\u015b\u0107, Wolno\u015b\u0107 oraz Ukryta Rzeczywisto\u015b\u0107 Kontaktu<\/title>\n<meta name=\"description\" content=\"W tym naszym drugim zestawie sprawozda\u0144 pragniemy da\u0107 ci wi\u0119ksze rozumienie oraz wi\u0119ksz\u0105 wizj\u0119 w odniesieniu do tego, jak \u017cycie wygl\u0105da naprawd\u0119 we Wszech\u015bwiecie wok\u00f3\u0142 was.\" \/>\n<meta name=\"robots\" content=\"index, follow, max-snippet:-1, max-image-preview:large, max-video-preview:-1\" \/>\n<link rel=\"canonical\" href=\"https:\/\/www.alliesofhumanity.org\/pl\/the-briefings\/book-two\/\" \/>\n<meta property=\"og:locale\" content=\"pl_PL\" \/>\n<meta property=\"og:type\" content=\"article\" \/>\n<meta property=\"og:title\" content=\"Sprzymierze\u0144cy Ludzko\u015bci Ksiega Druga: Ludzka Jedno\u015b\u0107, Wolno\u015b\u0107 oraz Ukryta Rzeczywisto\u015b\u0107 Kontaktu\" \/>\n<meta property=\"og:description\" content=\"W tym naszym drugim zestawie sprawozda\u0144 pragniemy da\u0107 ci wi\u0119ksze rozumienie oraz wi\u0119ksz\u0105 wizj\u0119 w odniesieniu do tego, jak \u017cycie wygl\u0105da naprawd\u0119 we Wszech\u015bwiecie wok\u00f3\u0142 was.\" \/>\n<meta property=\"og:url\" content=\"https:\/\/www.alliesofhumanity.org\/pl\/the-briefings\/book-two\/\" \/>\n<meta property=\"og:site_name\" content=\"The Allies of Humanity\" \/>\n<meta property=\"article:publisher\" content=\"https:\/\/www.facebook.com\/alliesofhumanity\/\" \/>\n<meta property=\"article:modified_time\" content=\"2021-05-16T10:20:44+00:00\" \/>\n<meta property=\"og:image\" content=\"https:\/\/www.alliesofhumanity.org\/wp-content\/uploads\/2021\/01\/og-socialmedia-aoh.jpg\" \/>\n\t<meta property=\"og:image:width\" content=\"1200\" \/>\n\t<meta property=\"og:image:height\" content=\"630\" \/>\n\t<meta property=\"og:image:type\" content=\"image\/jpeg\" \/>\n<meta name=\"twitter:card\" content=\"summary_large_image\" \/>\n<meta name=\"twitter:title\" content=\"Sprzymierze\u0144cy Ludzko\u015bci Ksiega Druga: Ludzka Jedno\u015b\u0107, Wolno\u015b\u0107 oraz Ukryta Rzeczywisto\u015b\u0107 Kontaktu\" \/>\n<meta name=\"twitter:site\" content=\"@earthallies\" \/>\n<meta name=\"twitter:label1\" content=\"Szacowany czas czytania\" \/>\n\t<meta name=\"twitter:data1\" content=\"1 minuta\" \/>\n<script type=\"application\/ld+json\" class=\"yoast-schema-graph\">{\"@context\":\"https:\/\/schema.org\",\"@graph\":[{\"@type\":\"WebPage\",\"@id\":\"https:\/\/www.alliesofhumanity.org\/pl\/the-briefings\/book-two\/\",\"url\":\"https:\/\/www.alliesofhumanity.org\/pl\/the-briefings\/book-two\/\",\"name\":\"Sprzymierze\u0144cy Ludzko\u015bci Ksiega Druga: Ludzka Jedno\u015b\u0107, Wolno\u015b\u0107 oraz Ukryta Rzeczywisto\u015b\u0107 Kontaktu\",\"isPartOf\":{\"@id\":\"https:\/\/www.alliesofhumanity.org\/pl\/#website\"},\"datePublished\":\"2021-05-13T06:29:01+00:00\",\"dateModified\":\"2021-05-16T10:20:44+00:00\",\"description\":\"W tym naszym drugim zestawie sprawozda\u0144 pragniemy da\u0107 ci wi\u0119ksze rozumienie oraz wi\u0119ksz\u0105 wizj\u0119 w odniesieniu do tego, jak \u017cycie wygl\u0105da naprawd\u0119 we Wszech\u015bwiecie wok\u00f3\u0142 was.\",\"breadcrumb\":{\"@id\":\"https:\/\/www.alliesofhumanity.org\/pl\/the-briefings\/book-two\/#breadcrumb\"},\"inLanguage\":\"pl-PL\",\"potentialAction\":[{\"@type\":\"ReadAction\",\"target\":[\"https:\/\/www.alliesofhumanity.org\/pl\/the-briefings\/book-two\/\"]}]},{\"@type\":\"BreadcrumbList\",\"@id\":\"https:\/\/www.alliesofhumanity.org\/pl\/the-briefings\/book-two\/#breadcrumb\",\"itemListElement\":[{\"@type\":\"ListItem\",\"position\":1,\"name\":\"Sprawozdania\",\"item\":\"https:\/\/www.alliesofhumanity.org\/pl\/the-briefings\/\"},{\"@type\":\"ListItem\",\"position\":2,\"name\":\"Ksi\u0119ga Druga\"}]},{\"@type\":\"WebSite\",\"@id\":\"https:\/\/www.alliesofhumanity.org\/pl\/#website\",\"url\":\"https:\/\/www.alliesofhumanity.org\/pl\/\",\"name\":\"The Allies of Humanity\",\"description\":\"\",\"potentialAction\":[{\"@type\":\"SearchAction\",\"target\":{\"@type\":\"EntryPoint\",\"urlTemplate\":\"https:\/\/www.alliesofhumanity.org\/pl\/?s={search_term_string}\"},\"query-input\":{\"@type\":\"PropertyValueSpecification\",\"valueRequired\":true,\"valueName\":\"search_term_string\"}}],\"inLanguage\":\"pl-PL\"}]}<\/script>\n<!-- \/ Yoast SEO plugin. -->","yoast_head_json":{"title":"Sprzymierze\u0144cy Ludzko\u015bci Ksiega Druga: Ludzka Jedno\u015b\u0107, Wolno\u015b\u0107 oraz Ukryta Rzeczywisto\u015b\u0107 Kontaktu","description":"W tym naszym drugim zestawie sprawozda\u0144 pragniemy da\u0107 ci wi\u0119ksze rozumienie oraz wi\u0119ksz\u0105 wizj\u0119 w odniesieniu do tego, jak \u017cycie wygl\u0105da naprawd\u0119 we Wszech\u015bwiecie wok\u00f3\u0142 was.","robots":{"index":"index","follow":"follow","max-snippet":"max-snippet:-1","max-image-preview":"max-image-preview:large","max-video-preview":"max-video-preview:-1"},"canonical":"https:\/\/www.alliesofhumanity.org\/pl\/the-briefings\/book-two\/","og_locale":"pl_PL","og_type":"article","og_title":"Sprzymierze\u0144cy Ludzko\u015bci Ksiega Druga: Ludzka Jedno\u015b\u0107, Wolno\u015b\u0107 oraz Ukryta Rzeczywisto\u015b\u0107 Kontaktu","og_description":"W tym naszym drugim zestawie sprawozda\u0144 pragniemy da\u0107 ci wi\u0119ksze rozumienie oraz wi\u0119ksz\u0105 wizj\u0119 w odniesieniu do tego, jak \u017cycie wygl\u0105da naprawd\u0119 we Wszech\u015bwiecie wok\u00f3\u0142 was.","og_url":"https:\/\/www.alliesofhumanity.org\/pl\/the-briefings\/book-two\/","og_site_name":"The Allies of Humanity","article_publisher":"https:\/\/www.facebook.com\/alliesofhumanity\/","article_modified_time":"2021-05-16T10:20:44+00:00","og_image":[{"width":1200,"height":630,"url":"https:\/\/www.alliesofhumanity.org\/wp-content\/uploads\/2021\/01\/og-socialmedia-aoh.jpg","type":"image\/jpeg"}],"twitter_card":"summary_large_image","twitter_title":"Sprzymierze\u0144cy Ludzko\u015bci Ksiega Druga: Ludzka Jedno\u015b\u0107, Wolno\u015b\u0107 oraz Ukryta Rzeczywisto\u015b\u0107 Kontaktu","twitter_site":"@earthallies","twitter_misc":{"Szacowany czas czytania":"1 minuta"},"schema":{"@context":"https:\/\/schema.org","@graph":[{"@type":"WebPage","@id":"https:\/\/www.alliesofhumanity.org\/pl\/the-briefings\/book-two\/","url":"https:\/\/www.alliesofhumanity.org\/pl\/the-briefings\/book-two\/","name":"Sprzymierze\u0144cy Ludzko\u015bci Ksiega Druga: Ludzka Jedno\u015b\u0107, Wolno\u015b\u0107 oraz Ukryta Rzeczywisto\u015b\u0107 Kontaktu","isPartOf":{"@id":"https:\/\/www.alliesofhumanity.org\/pl\/#website"},"datePublished":"2021-05-13T06:29:01+00:00","dateModified":"2021-05-16T10:20:44+00:00","description":"W tym naszym drugim zestawie sprawozda\u0144 pragniemy da\u0107 ci wi\u0119ksze rozumienie oraz wi\u0119ksz\u0105 wizj\u0119 w odniesieniu do tego, jak \u017cycie wygl\u0105da naprawd\u0119 we Wszech\u015bwiecie wok\u00f3\u0142 was.","breadcrumb":{"@id":"https:\/\/www.alliesofhumanity.org\/pl\/the-briefings\/book-two\/#breadcrumb"},"inLanguage":"pl-PL","potentialAction":[{"@type":"ReadAction","target":["https:\/\/www.alliesofhumanity.org\/pl\/the-briefings\/book-two\/"]}]},{"@type":"BreadcrumbList","@id":"https:\/\/www.alliesofhumanity.org\/pl\/the-briefings\/book-two\/#breadcrumb","itemListElement":[{"@type":"ListItem","position":1,"name":"Sprawozdania","item":"https:\/\/www.alliesofhumanity.org\/pl\/the-briefings\/"},{"@type":"ListItem","position":2,"name":"Ksi\u0119ga Druga"}]},{"@type":"WebSite","@id":"https:\/\/www.alliesofhumanity.org\/pl\/#website","url":"https:\/\/www.alliesofhumanity.org\/pl\/","name":"The Allies of Humanity","description":"","potentialAction":[{"@type":"SearchAction","target":{"@type":"EntryPoint","urlTemplate":"https:\/\/www.alliesofhumanity.org\/pl\/?s={search_term_string}"},"query-input":{"@type":"PropertyValueSpecification","valueRequired":true,"valueName":"search_term_string"}}],"inLanguage":"pl-PL"}]}},"_links":{"self":[{"href":"https:\/\/www.alliesofhumanity.org\/pl\/wp-json\/wp\/v2\/pages\/16816","targetHints":{"allow":["GET"]}}],"collection":[{"href":"https:\/\/www.alliesofhumanity.org\/pl\/wp-json\/wp\/v2\/pages"}],"about":[{"href":"https:\/\/www.alliesofhumanity.org\/pl\/wp-json\/wp\/v2\/types\/page"}],"author":[{"embeddable":true,"href":"https:\/\/www.alliesofhumanity.org\/pl\/wp-json\/wp\/v2\/users\/2"}],"replies":[{"embeddable":true,"href":"https:\/\/www.alliesofhumanity.org\/pl\/wp-json\/wp\/v2\/comments?post=16816"}],"version-history":[{"count":1,"href":"https:\/\/www.alliesofhumanity.org\/pl\/wp-json\/wp\/v2\/pages\/16816\/revisions"}],"predecessor-version":[{"id":17138,"href":"https:\/\/www.alliesofhumanity.org\/pl\/wp-json\/wp\/v2\/pages\/16816\/revisions\/17138"}],"up":[{"embeddable":true,"href":"https:\/\/www.alliesofhumanity.org\/pl\/wp-json\/wp\/v2\/pages\/16792"}],"wp:attachment":[{"href":"https:\/\/www.alliesofhumanity.org\/pl\/wp-json\/wp\/v2\/media?parent=16816"}],"curies":[{"name":"wp","href":"https:\/\/api.w.org\/{rel}","templated":true}]}}