{"id":16812,"date":"2021-05-13T06:31:02","date_gmt":"2021-05-13T05:31:02","guid":{"rendered":"https:\/\/www.alliesofhumanity.org\/the-briefings\/book-one\/final-words\/"},"modified":"2024-03-14T08:17:44","modified_gmt":"2024-03-14T07:17:44","slug":"final-words","status":"publish","type":"page","link":"https:\/\/www.alliesofhumanity.org\/pl\/the-briefings\/book-one\/final-words\/","title":{"rendered":"Ostatnie S\u0142owa"},"content":{"rendered":"\t\t<div data-elementor-type=\"wp-page\" data-elementor-id=\"16812\" class=\"elementor elementor-16812 elementor-2181\" data-elementor-post-type=\"page\">\t\t\t\t\t\t<section class=\"elementor-section elementor-top-section elementor-element elementor-element-54dadb56 elementor-section-boxed elementor-section-height-default elementor-section-height-default\" data-id=\"54dadb56\" data-element_type=\"section\">\t\t\t\t\t\t<div class=\"elementor-container elementor-column-gap-default\">\t\t\t\t\t<div class=\"elementor-column elementor-col-100 elementor-top-column elementor-element elementor-element-31c5ce98\" data-id=\"31c5ce98\" data-element_type=\"column\">\t\t\t<div class=\"elementor-widget-wrap elementor-element-populated\">\t\t\t\t\t\t<div class=\"elementor-element elementor-element-7d4c35aa elementor-widget elementor-widget-text-editor\" data-id=\"7d4c35aa\" data-element_type=\"widget\" data-widget_type=\"text-editor.default\">\t\t\t\t<div class=\"elementor-widget-container\">\t\t\t\t\t\t\t\t\t<h1 style=\"text-align: center;\">Ostatnie S\u0142owa<\/h1>\rLudzko\u015b\u0107 znajduje si\u0119 u progu nowego pocz\u0105tku. Stoi w obliczu powa\u017cnego zagro\u017cenia. Zapotrzebowanie na now\u0105 edukacj\u0119 i rozumienie jest spraw\u0105 najwy\u017cszej wagi. Jeste\u015bmy tutaj, aby s\u0142u\u017cy\u0107 tej potrzebie na pro\u015bb\u0119 Niewidocznych. Licz\u0105 na to, \u017ce b\u0119dziemy si\u0119 dzieli\u0107 nasz\u0105 m\u0105dro\u015bci\u0105, \u017cyjemy bowiem w fizycznym wszech\u015bwiecie tak jak i wy. Nie jeste\u015bmy istotami anielskimi. Nie jeste\u015bmy idealni. Nie osi\u0105gn\u0119li\u015bmy wysokiego poziomu duchowej \u015bwiadomo\u015bci i spe\u0142nienia. I dlatego ufamy, \u017ce nasza wiadomo\u015b\u0107 dla was dotycz\u0105ca Wi\u0119kszej Spo\u0142eczno\u015bci b\u0119dzie bardziej stosowna i \u0142atwiejsza w otrzymaniu. Niewidoczni wiedz\u0105 znacznie wi\u0119cej ni\u017c my o \u017cyciu we wszech\u015bwiecie oraz o poziomach rozwoju i dokonaniach dost\u0119pnych oraz praktykowanych w wielu miejscach. Poprosili nas jednak, aby\u015bmy pom\u00f3wili o rzeczywisto\u015bci fizycznego \u017cycia, poniewa\u017c jeste\u015bmy w nie w pe\u0142ni zaanga\u017cowani. Poprzez nasz w\u0142asne b\u0142\u0119dy i pr\u00f3by nauczyli\u015bmy si\u0119 wagi i znaczenia tego, czym si\u0119 z wami dzielimy.\r\rPrzybywamy zatem jako Sprzymierze\u0144cy Ludzko\u015bci, albowiem nimi jeste\u015bmy. B\u0105d\u017acie wdzi\u0119czni, \u017ce macie sprzymierze\u0144c\u00f3w, kt\u00f3rzy mog\u0105 wam pom\u00f3c i kt\u00f3rzy mog\u0105 was uczy\u0107 oraz wzmocni\u0107 wasz\u0105 si\u0142\u0119, wasz\u0105 wolno\u015b\u0107 i wasze dokonanie. Bez tej pomocy bowiem wasza szansa na przetrwanie pozaziemskiej infiltracji, kt\u00f3rej obecnie do\u015bwiadczacie, by\u0142aby bardzo ograniczona. Tak, by\u0142oby kilka os\u00f3b, kt\u00f3re zda\u0142yby sobie spraw\u0119 z powagi sytuacji, ale ich liczba nie by\u0142aby wystarczaj\u0105ca, a ich nawo\u0142ywania przesz\u0142yby bez echa.\r<p>\r<\/p>W zwi\u0105zku z powy\u017cszym mo\u017cemy jedynie prosi\u0107 o wasze zaufanie. Mamy nadziej\u0119, \u017ce dzi\u0119ki m\u0105dro\u015bci naszych s\u0142\u00f3w oraz mo\u017cliwo\u015bci poznania ich znaczenia i adekwatno\u015bci z czasem b\u0119dziemy mogli zdoby\u0107 wasze zaufanie, macie bowiem sprzymierze\u0144c\u00f3w w Wi\u0119kszej Spo\u0142eczno\u015bci. Macie wielkich przyjaci\u00f3\u0142 poza tym \u015bwiatem, kt\u00f3rzy do\u015bwiadczyli podobnych wyzwa\u0144, jakie stoj\u0105 teraz przed wami i osi\u0105gn\u0119li sukces. Z uwagi na to, \u017ce nam udzielono pomocy, my musimy teraz wspom\u00f3c innych. To jest nasze \u015bwi\u0119te zobowi\u0105zanie. Temu w\u0142a\u015bnie jeste\u015bmy stanowczo oddani.\t\t\t\t\t\t\t\t<\/div>\t\t\t\t<\/div>\t\t\t\t\t<\/div>\t\t<\/div>\t\t\t\t\t<\/div>\t\t<\/section>\t\t\t\t<\/div><p>\t\t<\/p>","protected":false},"excerpt":{"rendered":"<p>Ostatnie S\u0142owa Ludzko\u015b\u0107 znajduje si\u0119 u progu nowego pocz\u0105tku. Stoi w obliczu powa\u017cnego zagro\u017cenia. Zapotrzebowanie na now\u0105 edukacj\u0119 i rozumienie jest spraw\u0105 najwy\u017cszej wagi. Jeste\u015bmy tutaj, aby s\u0142u\u017cy\u0107 tej potrzebie na pro\u015bb\u0119 Niewidocznych. Licz\u0105 na to, \u017ce b\u0119dziemy si\u0119 dzieli\u0107 nasz\u0105 m\u0105dro\u015bci\u0105, \u017cyjemy bowiem w fizycznym wszech\u015bwiecie tak jak i wy. Nie jeste\u015bmy istotami anielskimi. [&hellip;]<\/p>\n","protected":false},"author":23,"featured_media":0,"parent":16795,"menu_order":7,"comment_status":"closed","ping_status":"closed","template":"page.php","meta":{"_acf_changed":false,"footnotes":""},"class_list":["post-16812","page","type-page","status-publish","hentry"],"acf":[],"yoast_head":"<!-- This site is optimized with the Yoast SEO plugin v26.5 - https:\/\/yoast.com\/wordpress\/plugins\/seo\/ -->\n<title>Sprawozdania Sprzymierze\u0144c\u00f3w Ludzko\u015bci, Ksiega 1: Ostatnie S\u0142owa<\/title>\n<meta name=\"description\" content=\"Ludzko\u015b\u0107 znajduje si\u0119 u progu nowego pocz\u0105tku. Stoi w obliczu powa\u017cnego zagro\u017cenia. Nawi\u0105zywany jest Kontakt z Istotami Pozaziemskimi. Potrzeby, wyzwania i sposobno\u015bci s\u0105 olbrzymie.\" \/>\n<meta name=\"robots\" content=\"index, follow, max-snippet:-1, max-image-preview:large, max-video-preview:-1\" \/>\n<link rel=\"canonical\" href=\"https:\/\/www.alliesofhumanity.org\/pl\/the-briefings\/book-one\/final-words\/\" \/>\n<meta property=\"og:locale\" content=\"pl_PL\" \/>\n<meta property=\"og:type\" content=\"article\" \/>\n<meta property=\"og:title\" content=\"Sprawozdania Sprzymierze\u0144c\u00f3w Ludzko\u015bci, Ksiega 1: Ostatnie S\u0142owa\" \/>\n<meta property=\"og:description\" content=\"Ludzko\u015b\u0107 znajduje si\u0119 u progu nowego pocz\u0105tku. Stoi w obliczu powa\u017cnego zagro\u017cenia. Nawi\u0105zywany jest Kontakt z Istotami Pozaziemskimi. Potrzeby, wyzwania i sposobno\u015bci s\u0105 olbrzymie.\" \/>\n<meta property=\"og:url\" content=\"https:\/\/www.alliesofhumanity.org\/pl\/the-briefings\/book-one\/final-words\/\" \/>\n<meta property=\"og:site_name\" content=\"The Allies of Humanity\" \/>\n<meta property=\"article:publisher\" content=\"https:\/\/www.facebook.com\/alliesofhumanity\/\" \/>\n<meta property=\"article:modified_time\" content=\"2024-03-14T07:17:44+00:00\" \/>\n<meta property=\"og:image\" content=\"https:\/\/www.alliesofhumanity.org\/wp-content\/uploads\/2021\/01\/og-socialmedia-aoh.jpg\" \/>\n\t<meta property=\"og:image:width\" content=\"1200\" \/>\n\t<meta property=\"og:image:height\" content=\"630\" \/>\n\t<meta property=\"og:image:type\" content=\"image\/jpeg\" \/>\n<meta name=\"twitter:card\" content=\"summary_large_image\" \/>\n<meta name=\"twitter:title\" content=\"Sprawozdania Sprzymierze\u0144c\u00f3w Ludzko\u015bci, Ksiega 1: Ostatnie S\u0142owa\" \/>\n<meta name=\"twitter:site\" content=\"@earthallies\" \/>\n<meta name=\"twitter:label1\" content=\"Szacowany czas czytania\" \/>\n\t<meta name=\"twitter:data1\" content=\"2 minuty\" \/>\n<script type=\"application\/ld+json\" class=\"yoast-schema-graph\">{\"@context\":\"https:\/\/schema.org\",\"@graph\":[{\"@type\":\"WebPage\",\"@id\":\"https:\/\/www.alliesofhumanity.org\/pl\/the-briefings\/book-one\/final-words\/\",\"url\":\"https:\/\/www.alliesofhumanity.org\/pl\/the-briefings\/book-one\/final-words\/\",\"name\":\"Sprawozdania Sprzymierze\u0144c\u00f3w Ludzko\u015bci, Ksiega 1: Ostatnie S\u0142owa\",\"isPartOf\":{\"@id\":\"https:\/\/www.alliesofhumanity.org\/pl\/#website\"},\"datePublished\":\"2021-05-13T05:31:02+00:00\",\"dateModified\":\"2024-03-14T07:17:44+00:00\",\"description\":\"Ludzko\u015b\u0107 znajduje si\u0119 u progu nowego pocz\u0105tku. Stoi w obliczu powa\u017cnego zagro\u017cenia. Nawi\u0105zywany jest Kontakt z Istotami Pozaziemskimi. Potrzeby, wyzwania i sposobno\u015bci s\u0105 olbrzymie.\",\"breadcrumb\":{\"@id\":\"https:\/\/www.alliesofhumanity.org\/pl\/the-briefings\/book-one\/final-words\/#breadcrumb\"},\"inLanguage\":\"pl-PL\",\"potentialAction\":[{\"@type\":\"ReadAction\",\"target\":[\"https:\/\/www.alliesofhumanity.org\/pl\/the-briefings\/book-one\/final-words\/\"]}]},{\"@type\":\"BreadcrumbList\",\"@id\":\"https:\/\/www.alliesofhumanity.org\/pl\/the-briefings\/book-one\/final-words\/#breadcrumb\",\"itemListElement\":[{\"@type\":\"ListItem\",\"position\":1,\"name\":\"Sprawozdania\",\"item\":\"https:\/\/www.alliesofhumanity.org\/pl\/the-briefings\/\"},{\"@type\":\"ListItem\",\"position\":2,\"name\":\"Ksi\u0119ga Pierwsza\",\"item\":\"https:\/\/www.alliesofhumanity.org\/pl\/the-briefings\/book-one\/\"},{\"@type\":\"ListItem\",\"position\":3,\"name\":\"Ostatnie S\u0142owa\"}]},{\"@type\":\"WebSite\",\"@id\":\"https:\/\/www.alliesofhumanity.org\/pl\/#website\",\"url\":\"https:\/\/www.alliesofhumanity.org\/pl\/\",\"name\":\"The Allies of Humanity\",\"description\":\"\",\"potentialAction\":[{\"@type\":\"SearchAction\",\"target\":{\"@type\":\"EntryPoint\",\"urlTemplate\":\"https:\/\/www.alliesofhumanity.org\/pl\/?s={search_term_string}\"},\"query-input\":{\"@type\":\"PropertyValueSpecification\",\"valueRequired\":true,\"valueName\":\"search_term_string\"}}],\"inLanguage\":\"pl-PL\"}]}<\/script>\n<!-- \/ Yoast SEO plugin. -->","yoast_head_json":{"title":"Sprawozdania Sprzymierze\u0144c\u00f3w Ludzko\u015bci, Ksiega 1: Ostatnie S\u0142owa","description":"Ludzko\u015b\u0107 znajduje si\u0119 u progu nowego pocz\u0105tku. Stoi w obliczu powa\u017cnego zagro\u017cenia. Nawi\u0105zywany jest Kontakt z Istotami Pozaziemskimi. Potrzeby, wyzwania i sposobno\u015bci s\u0105 olbrzymie.","robots":{"index":"index","follow":"follow","max-snippet":"max-snippet:-1","max-image-preview":"max-image-preview:large","max-video-preview":"max-video-preview:-1"},"canonical":"https:\/\/www.alliesofhumanity.org\/pl\/the-briefings\/book-one\/final-words\/","og_locale":"pl_PL","og_type":"article","og_title":"Sprawozdania Sprzymierze\u0144c\u00f3w Ludzko\u015bci, Ksiega 1: Ostatnie S\u0142owa","og_description":"Ludzko\u015b\u0107 znajduje si\u0119 u progu nowego pocz\u0105tku. Stoi w obliczu powa\u017cnego zagro\u017cenia. Nawi\u0105zywany jest Kontakt z Istotami Pozaziemskimi. Potrzeby, wyzwania i sposobno\u015bci s\u0105 olbrzymie.","og_url":"https:\/\/www.alliesofhumanity.org\/pl\/the-briefings\/book-one\/final-words\/","og_site_name":"The Allies of Humanity","article_publisher":"https:\/\/www.facebook.com\/alliesofhumanity\/","article_modified_time":"2024-03-14T07:17:44+00:00","og_image":[{"width":1200,"height":630,"url":"https:\/\/www.alliesofhumanity.org\/wp-content\/uploads\/2021\/01\/og-socialmedia-aoh.jpg","type":"image\/jpeg"}],"twitter_card":"summary_large_image","twitter_title":"Sprawozdania Sprzymierze\u0144c\u00f3w Ludzko\u015bci, Ksiega 1: Ostatnie S\u0142owa","twitter_site":"@earthallies","twitter_misc":{"Szacowany czas czytania":"2 minuty"},"schema":{"@context":"https:\/\/schema.org","@graph":[{"@type":"WebPage","@id":"https:\/\/www.alliesofhumanity.org\/pl\/the-briefings\/book-one\/final-words\/","url":"https:\/\/www.alliesofhumanity.org\/pl\/the-briefings\/book-one\/final-words\/","name":"Sprawozdania Sprzymierze\u0144c\u00f3w Ludzko\u015bci, Ksiega 1: Ostatnie S\u0142owa","isPartOf":{"@id":"https:\/\/www.alliesofhumanity.org\/pl\/#website"},"datePublished":"2021-05-13T05:31:02+00:00","dateModified":"2024-03-14T07:17:44+00:00","description":"Ludzko\u015b\u0107 znajduje si\u0119 u progu nowego pocz\u0105tku. Stoi w obliczu powa\u017cnego zagro\u017cenia. Nawi\u0105zywany jest Kontakt z Istotami Pozaziemskimi. Potrzeby, wyzwania i sposobno\u015bci s\u0105 olbrzymie.","breadcrumb":{"@id":"https:\/\/www.alliesofhumanity.org\/pl\/the-briefings\/book-one\/final-words\/#breadcrumb"},"inLanguage":"pl-PL","potentialAction":[{"@type":"ReadAction","target":["https:\/\/www.alliesofhumanity.org\/pl\/the-briefings\/book-one\/final-words\/"]}]},{"@type":"BreadcrumbList","@id":"https:\/\/www.alliesofhumanity.org\/pl\/the-briefings\/book-one\/final-words\/#breadcrumb","itemListElement":[{"@type":"ListItem","position":1,"name":"Sprawozdania","item":"https:\/\/www.alliesofhumanity.org\/pl\/the-briefings\/"},{"@type":"ListItem","position":2,"name":"Ksi\u0119ga Pierwsza","item":"https:\/\/www.alliesofhumanity.org\/pl\/the-briefings\/book-one\/"},{"@type":"ListItem","position":3,"name":"Ostatnie S\u0142owa"}]},{"@type":"WebSite","@id":"https:\/\/www.alliesofhumanity.org\/pl\/#website","url":"https:\/\/www.alliesofhumanity.org\/pl\/","name":"The Allies of Humanity","description":"","potentialAction":[{"@type":"SearchAction","target":{"@type":"EntryPoint","urlTemplate":"https:\/\/www.alliesofhumanity.org\/pl\/?s={search_term_string}"},"query-input":{"@type":"PropertyValueSpecification","valueRequired":true,"valueName":"search_term_string"}}],"inLanguage":"pl-PL"}]}},"_links":{"self":[{"href":"https:\/\/www.alliesofhumanity.org\/pl\/wp-json\/wp\/v2\/pages\/16812","targetHints":{"allow":["GET"]}}],"collection":[{"href":"https:\/\/www.alliesofhumanity.org\/pl\/wp-json\/wp\/v2\/pages"}],"about":[{"href":"https:\/\/www.alliesofhumanity.org\/pl\/wp-json\/wp\/v2\/types\/page"}],"author":[{"embeddable":true,"href":"https:\/\/www.alliesofhumanity.org\/pl\/wp-json\/wp\/v2\/users\/23"}],"replies":[{"embeddable":true,"href":"https:\/\/www.alliesofhumanity.org\/pl\/wp-json\/wp\/v2\/comments?post=16812"}],"version-history":[{"count":4,"href":"https:\/\/www.alliesofhumanity.org\/pl\/wp-json\/wp\/v2\/pages\/16812\/revisions"}],"predecessor-version":[{"id":22137,"href":"https:\/\/www.alliesofhumanity.org\/pl\/wp-json\/wp\/v2\/pages\/16812\/revisions\/22137"}],"up":[{"embeddable":true,"href":"https:\/\/www.alliesofhumanity.org\/pl\/wp-json\/wp\/v2\/pages\/16795"}],"wp:attachment":[{"href":"https:\/\/www.alliesofhumanity.org\/pl\/wp-json\/wp\/v2\/media?parent=16812"}],"curies":[{"name":"wp","href":"https:\/\/api.w.org\/{rel}","templated":true}]}}