{"id":16795,"date":"2021-05-13T03:47:27","date_gmt":"2021-05-13T02:47:27","guid":{"rendered":"https:\/\/www.alliesofhumanity.org\/the-briefings\/book-one\/"},"modified":"2021-05-13T06:59:41","modified_gmt":"2021-05-13T05:59:41","slug":"book-one","status":"publish","type":"page","link":"https:\/\/www.alliesofhumanity.org\/pl\/the-briefings\/book-one\/","title":{"rendered":"Ksi\u0119ga Pierwsza"},"content":{"rendered":"<h5>Wszystkie Sprawozdania Sprzymierze\u0144c\u00f3w Ludzko\u015bci s\u0105 dost\u0119pne za darmo on-line. Zacznij podr\u00f3\u017c z Ksi\u0119g\u0105 Pierwsz\u0105 Sprzymierze\u0144c\u00f3w.<\/h5>\n<p>Ponad dwadzie\u015bcia lat temu grupa istot z kilku r\u00f3\u017cnych \u015bwiat\u00f3w zgromadzi\u0142a si\u0119 w dyskretnym miejscu w naszym systemie s\u0142onecznym w pobli\u017cu Ziemi w celu obserwowania interwencji obcych, kt\u00f3ra ma miejsce w naszym \u015bwiecie. Z ich ukrytego punktu obserwacyjnego byli w stanie okre\u015bli\u0107 to\u017csamo\u015b\u0107, organizacj\u0119 oraz zamiary tych, kt\u00f3rzy odwiedzaj\u0105 nasz \u015bwiat i obserwowa\u0107 dzia\u0142ania przybyszy.<\/p>\n<p>Ta grupa obserwator\u00f3w nazywa siebie \u201cSprzymierze\u0144cami Ludzko\u015bci\u201d.<\/p>\n<p>Zdob\u0105d\u017a kopi\u0119 ksi\u0119gi:<\/p>\n<ul>\n<li>Wersja drukowana<a href=\"https:\/\/newknowledgelibrary.org\/books\/the-allies-of-humanity-book-1-english-print-book\/\" target=\"_blank\" rel=\"noopener\"> New Knowledge Library<\/a>, <a href=\"https:\/\/www.amazon.com\/Allies-Humanity-Book-Marshall-Summers-dp-1884238459\/dp\/1884238459\" target=\"_blank\" rel=\"noopener\">Amazon<\/a> (Oczekuj\u0105ce t\u0142umaczenia)<\/li>\n<li>Wersja elektroniczna <a href=\"https:\/\/newknowledgelibrary.org\/e-books\/the-allies-of-humanity-book-1-english-ebook\/\" target=\"_blank\" rel=\"noopener\">New Knowledge Library<\/a>, <a href=\"https:\/\/www.amazon.com\/Allies-Humanity-Book-One-ebook-dp-B0052GA54I\/dp\/B0052GA54I\" target=\"_blank\" rel=\"noopener\">Kindle version from Amazon<\/a>, <a href=\"https:\/\/books.apple.com\/us\/book\/the-allies-of-humanity-book-one\/id894099032\" target=\"_blank\" rel=\"noopener\">Apple Books<\/a> , <a href=\"https:\/\/play.google.com\/store\/books\/details\/Marshall_Vian_Summers_The_Allies_of_Humanity_Book?id=L7ruJolCko0C\" target=\"_blank\" rel=\"noopener\">Google Play\u00a0<\/a>(Oczekuj\u0105ce t\u0142umaczenia)<\/li>\n<\/ul>\n<hr \/>\n<h5>Zacznij Czyta\u0107 Sprawozdania On-line Teraz<\/h5>\n<p>Spis Tre\u015bci:<\/p>\n<p><a href=\"alien-races-earth\">Sprawozdanie Pierwsze: Pozaziemska Obecno\u015b\u0107 w Dzisiejszym \u015awiecie<\/a><\/p>\n<p><a href=\"human-freedom\">Sprawozdanie Drugie: Wyzwanie dla Ludzkiej Wolno\u015bci<br \/>\n<\/a><\/p>\n<p><a href=\"the-visitors\">Sprawozdanie Trzecie: Wielkie Ostrze\u017cenie<\/a><\/p>\n<p><a href=\"false-second-coming\">Sprawozdanie Czwarte: Manipulacja Tradycjami oraz Wierzeniami Religijnymi<\/a><\/p>\n<p><a href=\"threshold-alien-presence\">Sprawozdanie Pi\u0105te: Pr\u00f3g: Nowa Obietnica dla Ludzko\u015bci<\/a><\/p>\n<p><a href=\"questions-about-aliens\">Sprawozdanie Sz\u00f3ste: Pytania i Odpowiedzi<\/a><\/p>\n<p><a href=\"final-words\">Ostatnie S\u0142owa<\/a><\/p>\n<p>Stowarzyszenie na rzecz Nowego Pos\u0142ania dostarcza teraz wszystkie cztery tomy Sprzymierze\u0144c\u00f3w Ludzko\u015bci w wersji on-line bez \u017cadnych koszt\u00f3w. Czynimy tak, a\u017ceby to przes\u0142anie mog\u0142o dosi\u0119gn\u0105\u0107 tak wielu ludzi, jak to mo\u017cliwe, zar\u00f3wno tych stoj\u0105cych na najni\u017cszym szczeblu, jak i tych sprawuj\u0105cych polityczn\u0105, gospodarcz\u0105 i religijn\u0105 w\u0142adz\u0119.<\/p>\n","protected":false},"excerpt":{"rendered":"<p>Wszystkie Sprawozdania Sprzymierze\u0144c\u00f3w Ludzko\u015bci s\u0105 dost\u0119pne za darmo on-line. Zacznij podr\u00f3\u017c z Ksi\u0119g\u0105 Pierwsz\u0105 Sprzymierze\u0144c\u00f3w. Ponad dwadzie\u015bcia lat temu grupa istot z kilku r\u00f3\u017cnych \u015bwiat\u00f3w zgromadzi\u0142a si\u0119 w dyskretnym miejscu w naszym systemie s\u0142onecznym w pobli\u017cu Ziemi w celu obserwowania interwencji obcych, kt\u00f3ra ma miejsce w naszym \u015bwiecie. Z ich ukrytego punktu obserwacyjnego byli w [&hellip;]<\/p>\n","protected":false},"author":2,"featured_media":0,"parent":16792,"menu_order":1,"comment_status":"closed","ping_status":"closed","template":"page-book-start.php","meta":{"_acf_changed":false,"footnotes":""},"class_list":["post-16795","page","type-page","status-publish","hentry"],"acf":[],"yoast_head":"<!-- This site is optimized with the Yoast SEO plugin v26.5 - https:\/\/yoast.com\/wordpress\/plugins\/seo\/ -->\n<title>Sprawozdaniach Sprzymierze\u0144c\u00f3w Ludzko\u015bci, Ksi\u0119ga Pierwsza: O Sprzymierze\u0144cach Ludzko\u015bci<\/title>\n<meta name=\"description\" content=\"Grupa istot z kilku r\u00f3\u017cnych \u015bwiat\u00f3w zgromadzi\u0142a si\u0119 w dyskretnym miejscu w naszym systemie s\u0142onecznym w pobli\u017cu Ziemi celem obserwowania pozaziemskiej interwencji, kt\u00f3ra ma miejsce w naszym \u015bwiecie.\" \/>\n<meta name=\"robots\" content=\"index, follow, max-snippet:-1, max-image-preview:large, max-video-preview:-1\" \/>\n<link rel=\"canonical\" href=\"https:\/\/www.alliesofhumanity.org\/pl\/the-briefings\/book-one\/\" \/>\n<meta property=\"og:locale\" content=\"pl_PL\" \/>\n<meta property=\"og:type\" content=\"article\" \/>\n<meta property=\"og:title\" content=\"Sprawozdaniach Sprzymierze\u0144c\u00f3w Ludzko\u015bci, Ksi\u0119ga Pierwsza: O Sprzymierze\u0144cach Ludzko\u015bci\" \/>\n<meta property=\"og:description\" content=\"Grupa istot z kilku r\u00f3\u017cnych \u015bwiat\u00f3w zgromadzi\u0142a si\u0119 w dyskretnym miejscu w naszym systemie s\u0142onecznym w pobli\u017cu Ziemi celem obserwowania pozaziemskiej interwencji, kt\u00f3ra ma miejsce w naszym \u015bwiecie.\" \/>\n<meta property=\"og:url\" content=\"https:\/\/www.alliesofhumanity.org\/pl\/the-briefings\/book-one\/\" \/>\n<meta property=\"og:site_name\" content=\"The Allies of Humanity\" \/>\n<meta property=\"article:publisher\" content=\"https:\/\/www.facebook.com\/alliesofhumanity\/\" \/>\n<meta property=\"article:modified_time\" content=\"2021-05-13T05:59:41+00:00\" \/>\n<meta property=\"og:image\" content=\"https:\/\/www.alliesofhumanity.org\/wp-content\/uploads\/2021\/01\/og-socialmedia-aoh.jpg\" \/>\n\t<meta property=\"og:image:width\" content=\"1200\" \/>\n\t<meta property=\"og:image:height\" content=\"630\" \/>\n\t<meta property=\"og:image:type\" content=\"image\/jpeg\" \/>\n<meta name=\"twitter:card\" content=\"summary_large_image\" \/>\n<meta name=\"twitter:title\" content=\"Sprawozdaniach Sprzymierze\u0144c\u00f3w Ludzko\u015bci, Ksi\u0119ga Pierwsza: O Sprzymierze\u0144cach Ludzko\u015bci\" \/>\n<meta name=\"twitter:site\" content=\"@earthallies\" \/>\n<meta name=\"twitter:label1\" content=\"Szacowany czas czytania\" \/>\n\t<meta name=\"twitter:data1\" content=\"1 minuta\" \/>\n<script type=\"application\/ld+json\" class=\"yoast-schema-graph\">{\"@context\":\"https:\/\/schema.org\",\"@graph\":[{\"@type\":\"WebPage\",\"@id\":\"https:\/\/www.alliesofhumanity.org\/pl\/the-briefings\/book-one\/\",\"url\":\"https:\/\/www.alliesofhumanity.org\/pl\/the-briefings\/book-one\/\",\"name\":\"Sprawozdaniach Sprzymierze\u0144c\u00f3w Ludzko\u015bci, Ksi\u0119ga Pierwsza: O Sprzymierze\u0144cach Ludzko\u015bci\",\"isPartOf\":{\"@id\":\"https:\/\/www.alliesofhumanity.org\/pl\/#website\"},\"datePublished\":\"2021-05-13T02:47:27+00:00\",\"dateModified\":\"2021-05-13T05:59:41+00:00\",\"description\":\"Grupa istot z kilku r\u00f3\u017cnych \u015bwiat\u00f3w zgromadzi\u0142a si\u0119 w dyskretnym miejscu w naszym systemie s\u0142onecznym w pobli\u017cu Ziemi celem obserwowania pozaziemskiej interwencji, kt\u00f3ra ma miejsce w naszym \u015bwiecie.\",\"breadcrumb\":{\"@id\":\"https:\/\/www.alliesofhumanity.org\/pl\/the-briefings\/book-one\/#breadcrumb\"},\"inLanguage\":\"pl-PL\",\"potentialAction\":[{\"@type\":\"ReadAction\",\"target\":[\"https:\/\/www.alliesofhumanity.org\/pl\/the-briefings\/book-one\/\"]}]},{\"@type\":\"BreadcrumbList\",\"@id\":\"https:\/\/www.alliesofhumanity.org\/pl\/the-briefings\/book-one\/#breadcrumb\",\"itemListElement\":[{\"@type\":\"ListItem\",\"position\":1,\"name\":\"Sprawozdania\",\"item\":\"https:\/\/www.alliesofhumanity.org\/pl\/the-briefings\/\"},{\"@type\":\"ListItem\",\"position\":2,\"name\":\"Ksi\u0119ga Pierwsza\"}]},{\"@type\":\"WebSite\",\"@id\":\"https:\/\/www.alliesofhumanity.org\/pl\/#website\",\"url\":\"https:\/\/www.alliesofhumanity.org\/pl\/\",\"name\":\"The Allies of Humanity\",\"description\":\"\",\"potentialAction\":[{\"@type\":\"SearchAction\",\"target\":{\"@type\":\"EntryPoint\",\"urlTemplate\":\"https:\/\/www.alliesofhumanity.org\/pl\/?s={search_term_string}\"},\"query-input\":{\"@type\":\"PropertyValueSpecification\",\"valueRequired\":true,\"valueName\":\"search_term_string\"}}],\"inLanguage\":\"pl-PL\"}]}<\/script>\n<!-- \/ Yoast SEO plugin. -->","yoast_head_json":{"title":"Sprawozdaniach Sprzymierze\u0144c\u00f3w Ludzko\u015bci, Ksi\u0119ga Pierwsza: O Sprzymierze\u0144cach Ludzko\u015bci","description":"Grupa istot z kilku r\u00f3\u017cnych \u015bwiat\u00f3w zgromadzi\u0142a si\u0119 w dyskretnym miejscu w naszym systemie s\u0142onecznym w pobli\u017cu Ziemi celem obserwowania pozaziemskiej interwencji, kt\u00f3ra ma miejsce w naszym \u015bwiecie.","robots":{"index":"index","follow":"follow","max-snippet":"max-snippet:-1","max-image-preview":"max-image-preview:large","max-video-preview":"max-video-preview:-1"},"canonical":"https:\/\/www.alliesofhumanity.org\/pl\/the-briefings\/book-one\/","og_locale":"pl_PL","og_type":"article","og_title":"Sprawozdaniach Sprzymierze\u0144c\u00f3w Ludzko\u015bci, Ksi\u0119ga Pierwsza: O Sprzymierze\u0144cach Ludzko\u015bci","og_description":"Grupa istot z kilku r\u00f3\u017cnych \u015bwiat\u00f3w zgromadzi\u0142a si\u0119 w dyskretnym miejscu w naszym systemie s\u0142onecznym w pobli\u017cu Ziemi celem obserwowania pozaziemskiej interwencji, kt\u00f3ra ma miejsce w naszym \u015bwiecie.","og_url":"https:\/\/www.alliesofhumanity.org\/pl\/the-briefings\/book-one\/","og_site_name":"The Allies of Humanity","article_publisher":"https:\/\/www.facebook.com\/alliesofhumanity\/","article_modified_time":"2021-05-13T05:59:41+00:00","og_image":[{"width":1200,"height":630,"url":"https:\/\/www.alliesofhumanity.org\/wp-content\/uploads\/2021\/01\/og-socialmedia-aoh.jpg","type":"image\/jpeg"}],"twitter_card":"summary_large_image","twitter_title":"Sprawozdaniach Sprzymierze\u0144c\u00f3w Ludzko\u015bci, Ksi\u0119ga Pierwsza: O Sprzymierze\u0144cach Ludzko\u015bci","twitter_site":"@earthallies","twitter_misc":{"Szacowany czas czytania":"1 minuta"},"schema":{"@context":"https:\/\/schema.org","@graph":[{"@type":"WebPage","@id":"https:\/\/www.alliesofhumanity.org\/pl\/the-briefings\/book-one\/","url":"https:\/\/www.alliesofhumanity.org\/pl\/the-briefings\/book-one\/","name":"Sprawozdaniach Sprzymierze\u0144c\u00f3w Ludzko\u015bci, Ksi\u0119ga Pierwsza: O Sprzymierze\u0144cach Ludzko\u015bci","isPartOf":{"@id":"https:\/\/www.alliesofhumanity.org\/pl\/#website"},"datePublished":"2021-05-13T02:47:27+00:00","dateModified":"2021-05-13T05:59:41+00:00","description":"Grupa istot z kilku r\u00f3\u017cnych \u015bwiat\u00f3w zgromadzi\u0142a si\u0119 w dyskretnym miejscu w naszym systemie s\u0142onecznym w pobli\u017cu Ziemi celem obserwowania pozaziemskiej interwencji, kt\u00f3ra ma miejsce w naszym \u015bwiecie.","breadcrumb":{"@id":"https:\/\/www.alliesofhumanity.org\/pl\/the-briefings\/book-one\/#breadcrumb"},"inLanguage":"pl-PL","potentialAction":[{"@type":"ReadAction","target":["https:\/\/www.alliesofhumanity.org\/pl\/the-briefings\/book-one\/"]}]},{"@type":"BreadcrumbList","@id":"https:\/\/www.alliesofhumanity.org\/pl\/the-briefings\/book-one\/#breadcrumb","itemListElement":[{"@type":"ListItem","position":1,"name":"Sprawozdania","item":"https:\/\/www.alliesofhumanity.org\/pl\/the-briefings\/"},{"@type":"ListItem","position":2,"name":"Ksi\u0119ga Pierwsza"}]},{"@type":"WebSite","@id":"https:\/\/www.alliesofhumanity.org\/pl\/#website","url":"https:\/\/www.alliesofhumanity.org\/pl\/","name":"The Allies of Humanity","description":"","potentialAction":[{"@type":"SearchAction","target":{"@type":"EntryPoint","urlTemplate":"https:\/\/www.alliesofhumanity.org\/pl\/?s={search_term_string}"},"query-input":{"@type":"PropertyValueSpecification","valueRequired":true,"valueName":"search_term_string"}}],"inLanguage":"pl-PL"}]}},"_links":{"self":[{"href":"https:\/\/www.alliesofhumanity.org\/pl\/wp-json\/wp\/v2\/pages\/16795","targetHints":{"allow":["GET"]}}],"collection":[{"href":"https:\/\/www.alliesofhumanity.org\/pl\/wp-json\/wp\/v2\/pages"}],"about":[{"href":"https:\/\/www.alliesofhumanity.org\/pl\/wp-json\/wp\/v2\/types\/page"}],"author":[{"embeddable":true,"href":"https:\/\/www.alliesofhumanity.org\/pl\/wp-json\/wp\/v2\/users\/2"}],"replies":[{"embeddable":true,"href":"https:\/\/www.alliesofhumanity.org\/pl\/wp-json\/wp\/v2\/comments?post=16795"}],"version-history":[{"count":2,"href":"https:\/\/www.alliesofhumanity.org\/pl\/wp-json\/wp\/v2\/pages\/16795\/revisions"}],"predecessor-version":[{"id":16815,"href":"https:\/\/www.alliesofhumanity.org\/pl\/wp-json\/wp\/v2\/pages\/16795\/revisions\/16815"}],"up":[{"embeddable":true,"href":"https:\/\/www.alliesofhumanity.org\/pl\/wp-json\/wp\/v2\/pages\/16792"}],"wp:attachment":[{"href":"https:\/\/www.alliesofhumanity.org\/pl\/wp-json\/wp\/v2\/media?parent=16795"}],"curies":[{"name":"wp","href":"https:\/\/api.w.org\/{rel}","templated":true}]}}