{"id":16789,"date":"2021-05-13T03:12:42","date_gmt":"2021-05-13T02:12:42","guid":{"rendered":"https:\/\/www.alliesofhumanity.org\/the-allies\/"},"modified":"2024-03-14T08:14:14","modified_gmt":"2024-03-14T07:14:14","slug":"the-allies","status":"publish","type":"page","link":"https:\/\/www.alliesofhumanity.org\/pl\/the-allies\/","title":{"rendered":"Sprzymierze\u0144cy"},"content":{"rendered":"\t\t<div data-elementor-type=\"wp-page\" data-elementor-id=\"16789\" class=\"elementor elementor-16789 elementor-758\" data-elementor-post-type=\"page\">\t\t\t\t\t\t<section class=\"elementor-section elementor-top-section elementor-element elementor-element-13aff578 elementor-section-full_width elementor-section-height-default elementor-section-height-default\" data-id=\"13aff578\" data-element_type=\"section\">\t\t\t\t\t\t<div class=\"elementor-container elementor-column-gap-default\">\t\t\t\t\t<div class=\"elementor-column elementor-col-100 elementor-top-column elementor-element elementor-element-73bd0eae\" data-id=\"73bd0eae\" data-element_type=\"column\">\t\t\t<div class=\"elementor-widget-wrap elementor-element-populated\">\t\t\t\t\t\t<div class=\"elementor-element elementor-element-0581c07 elementor-widget elementor-widget-text-editor\" data-id=\"0581c07\" data-element_type=\"widget\" data-widget_type=\"text-editor.default\">\t\t\t\t<div class=\"elementor-widget-container\">\t\t\t\t\t\t\t\t\t<h5>Sprawozdania Sprzymierze\u0144c\u00f3w Ludzko\u015bci s\u0105 przedstawiane, aby przygotowa\u0107 ludzi na zupe\u0142nie now\u0105 rzeczywisto\u015b\u0107, kt\u00f3ra jest w du\u017cej mierze ukryta i nierozpoznana w dzisiejszym \u015bwiecie. Zapewniaj\u0105 one now\u0105 perspektyw\u0119, kt\u00f3ra wzmacnia ludzi, aby stawili czo\u0142a najwi\u0119kszemu wyzwaniu i sposobno\u015bci, kt\u00f3re my jako rasa kiedykolwiek napotkali\u015bmy.<\/h5><p>Sprawozdania Sprzymierze\u0144c\u00f3w zawieraj\u0105 szereg istotnych, je\u015bli nie alarmuj\u0105cych stwierdze\u0144 o rosn\u0105cej pozaziemskiej interwencji oraz integracji z ludzk\u0105 ras\u0105, a tak\u017ce o pozaziemskich dzia\u0142aniach i ukrytym celu. Celem Sprawozda\u0144 Sprzymierze\u0144c\u00f3w nie jest dostarczenie niezbitych dowod\u00f3w na rzeczywisto\u015b\u0107 odwiedzin istot pozaziemskich w naszym \u015bwiecie, co ju\u017c jest dobrze udokumentowane w wielu innych dobrych ksi\u0119gach oraz czasopismach naukowych na ten temat. Celem Sprawozda\u0144 Sprzymierze\u0144c\u00f3w jest odniesienie si\u0119 do radykalnych i daleko id\u0105cych konsekwencji tego fenomenu, podwa\u017cenie naszych ludzkich sk\u0142onno\u015bci i za\u0142o\u017ce\u0144 wzgl\u0119dem niego oraz ostrze\u017cenie ludzkiej rodziny przed wielkim progiem, z jakim si\u0119 teraz mierzymy. Sprawozdania zapewniaj\u0105 wgl\u0105d w rzeczywisto\u015b\u0107 inteligentnego \u017cycia we Wszech\u015bwiecie oraz tego, co Kontakt b\u0119dzie oznacza\u0142 naprawd\u0119. Dla wielu czytelnik\u00f3w to, co jest ujawnione w Sprawozdaniach Sprzymierze\u0144c\u00f3w Ludzko\u015bci b\u0119dzie zupe\u0142nie nowe. Dla innych b\u0119dzie potwierdzeniem tego, co odczuwali i o czym wiedzieli od dawna. Chocia\u017c te Sprawozdania dostarczaj\u0105 piln\u0105 wiadomo\u015b\u0107, to s\u0105 one r\u00f3wnie\u017c po\u015bwi\u0119cone poruszaniu si\u0119 w kierunku wy\u017cszej \u015bwiadomo\u015bci zwanej \u201cWiedz\u0105\u201d, co obejmuje wi\u0119ksz\u0105 telepatyczn\u0105 zdolno\u015b\u0107 w\u015br\u00f3d ludzi i pomi\u0119dzy rasami. W \u015bwietle tego, Sprawozdania Sprzymierze\u0144c\u00f3w zosta\u0142y przekazane autorowi, Marshallowi Vianowi Summersowi od wielorasowej grupy istot, kt\u00f3re same siebie okre\u015blaj\u0105 jako \u201cSprzymierze\u0144cy Ludzko\u015bci\u201d. Opisuj\u0105 oni siebie jako istoty fizyczne z innych \u015bwiat\u00f3w, kt\u00f3re zgromadzi\u0142y si\u0119 w naszym systemie s\u0142onecznym w pobli\u017cu Ziemi w celu obserwowania komunikacji i dzia\u0142a\u0144 tych ras pozaziemskich, kt\u00f3re s\u0105 tutaj w naszym \u015bwiecie ingeruj\u0105c w ludzkie sprawy. Podkre\u015blaj\u0105, \u017ce oni sami nie s\u0105 fizycznie obecni w naszym \u015bwiecie i dostarczaj\u0105 niezb\u0119dn\u0105 m\u0105dro\u015b\u0107, a nie technologi\u0119 i nie wtr\u0105caj\u0105 si\u0119 w ludzkie sprawy. Sprawozdania Sprzymierze\u0144c\u00f3w zosta\u0142y przekazane autorowi w przeci\u0105gu jednego roku. Oferuj\u0105 one perspektyw\u0119 oraz wizj\u0119 na z\u0142o\u017cony temat, kt\u00f3ry pomimo dekad rosn\u0105cych dowod\u00f3w nie przestaje zaskakiwa\u0107 badaczy. Ta perspektywa nie jest jednak romantyczna, oparta na domys\u0142ach, albo idealistyczna w swoim podej\u015bciu do tego tematu. Wr\u0119cz przeciwnie, jest dosadnie realistyczna i bezkompromisowa do momentu, w kt\u00f3rym mo\u017ce stanowi\u0107 niez\u0142e wyzwanie nawet dla czytelnika, kt\u00f3ry jest dobrze obeznany w tej dziedzinie. Dlatego te\u017c, aby otrzyma\u0107 to, co te Sprawozdania maj\u0105 do zaoferowania trzeba od\u0142o\u017cy\u0107 chocia\u017c na chwil\u0119 wiele przekona\u0144, za\u0142o\u017ce\u0144 oraz pyta\u0144, jakie mo\u017cesz mie\u0107 w odniesieniu do pozaziemskiego Kontaktu, a nawet do tego, jak te Sprawozdania zosta\u0142y otrzymane. Zawarto\u015b\u0107 tych Sprawozda\u0144 jest jak wiadomo\u015b\u0107 w butelce przys\u0142ana tutaj spoza \u015bwiata. Nie powinni\u015bmy zatem martwi\u0107 si\u0119 tak butelk\u0105, lecz sam\u0105 wiadomo\u015bci\u0105. Aby prawdziwie zrozumie\u0107 to wymagaj\u0105ce przes\u0142anie, musimy zmierzy\u0107 si\u0119 i zakwestionowa\u0107 wiele z powszechnych za\u0142o\u017ce\u0144 oraz tendencji odnosz\u0105cych si\u0119 do mo\u017cliwo\u015bci, a tak\u017ce rzeczywisto\u015bci Kontaktu. Nale\u017c\u0105 do nich:<\/p><ul><li>zaprzeczanie; pe\u0142ne nadziei oczekiwanie; b\u0142\u0119dne interpretowanie dowod\u00f3w w celu potwierdzenia naszych przekona\u0144;<\/li><li>pragnienie i oczekiwanie zbawienia od \u201cgo\u015bci\u201d;<\/li><li>wierzenie, \u017ce pozaziemska technologia nas ocali;<\/li><li>poczucie beznadziei i uleg\u0142o\u015bci wobec tego, co przyjmujemy za nadrz\u0119dn\u0105 si\u0142\u0119;<\/li><p class=\"float-left bleed-left\"><img decoding=\"async\" src=\"https:\/\/www.alliesofhumanity.org\/wp-content\/uploads\/2020\/06\/960x540-aoh-book-1.jpg\" alt=\"\" \/><\/p><li>\u017c\u0105danie rz\u0105dowego ujawnienia, lecz nie ujawnienia istot pozaziemskich;<\/li><li>pot\u0119pianie ludzkich przyw\u00f3dc\u00f3w oraz instytucji przy jednoczesnym utrzymywaniu niekwestionowanej akceptacji \u201cgo\u015bci\u201d;<\/li><li>zak\u0142adanie, \u017ce skoro oni nas nie zaatakowali ani nie najechali, to musz\u0105 by\u0107 tutaj dla naszego dobra;<\/li><li>zak\u0142adanie, \u017ce zaawansowana technologia r\u00f3wna si\u0119 zaawansowanej etyce i duchowo\u015bci;<\/li><li>wierzenie, \u017ce ten fenomen jest tajemnic\u0105, podczas gdy w rzeczywisto\u015bci jest to zrozumia\u0142e wydarzenie;<\/li><li>wierzenie, \u017ce istoty pozaziemskie jakim\u015b sposobem maj\u0105 roszczenia do ludzko\u015bci i do tej planety;<\/li><li>oraz przekonanie, \u017ce ludzko\u015bci nie mo\u017cna ocali\u0107 i \u017ce ludzko\u015b\u0107 nie jest w stanie dokona\u0107 tego samodzielnie.<\/li><\/ul><p>Sprawozdania Sprzymierze\u0144c\u00f3w podwa\u017caj\u0105 takie za\u0142o\u017cenia i tendencje oraz obalaj\u0105 wiele mit\u00f3w, kt\u00f3re obecnie mamy wzgl\u0119dem tego, kto nas odwiedza i dlaczego oni tutaj s\u0105 . Sprawozdania Sprzymierze\u0144c\u00f3w Ludzko\u015bci daj\u0105 nam wi\u0119ksz\u0105 perspektyw\u0119 oraz g\u0142\u0119bsze zrozumienie naszego przeznaczenia w ramach wi\u0119kszej panoramy inteligentnego \u017cycia we Wszech\u015bwiecie. Aby to osi\u0105gn\u0105\u0107, Sprzymierze\u0144cy nie przemawiaj\u0105 do naszego analitycznego umys\u0142u, lecz do Wiedzy, g\u0142\u0119bszej cz\u0119\u015bci naszego jestestwa, gdzie prawda, jakkolwiek przes\u0142oni\u0119ta, mo\u017ce by\u0107 bezpo\u015brednio rozpoznana i do\u015bwiadczona. Sprzymierze\u0144cy Ludzko\u015bci porusz\u0105 wiele kwestii, kt\u00f3re b\u0119d\u0105 wymaga\u0142y dalszych bada\u0144 i rozwa\u017ca\u0144. Koncentruj\u0105 si\u0119 oni nie na dostarczaniu nazw, dat i miejsc, lecz dostarczaniu perspektywy wzgl\u0119dem obecno\u015bci istot pozaziemskich na \u015bwiecie oraz \u017cycia we Wszech\u015bwiecie, kt\u00f3rej my, jako istoty ludzkie nie mogliby\u015bmy mie\u0107 w przeciwnym wypadku. \u017byj\u0105c w dalszym ci\u0105gu w odosobnieniu na powierzchni naszego \u015bwiata, nie mo\u017cemy jeszcze dostrzec oraz wiedzie\u0107 tego, co dzieje si\u0119 z inteligentnym \u017cyciem poza naszymi granicami. W tym celu potrzebujemy pomocy, pomocy o bardzo wyj\u0105tkowym rodzaju. Na pocz\u0105tku mo\u017cemy nie rozpozna\u0107 b\u0105d\u017a zaakceptowa\u0107 takiej pomocy. Ona tu jednak jest. Zadeklarowanym celem Sprzymierze\u0144c\u00f3w jest ostrze\u017cenie nas przed zagro\u017ceniami zwi\u0105zanymi z wy\u0142onieniem si\u0119 do Wi\u0119kszej Spo\u0142eczno\u015bci inteligentnego \u017cycia, a tak\u017ce wspieranie nas w skutecznym przekraczaniu tego wielkiego progu w taki spos\u00f3b, \u017ce ludzka wolno\u015b\u0107, niezale\u017cno\u015b\u0107 i samostanowienie mog\u0105 zosta\u0107 zachowane. Sprzymierze\u0144cy s\u0105 tutaj, aby doradza\u0107 nam o potrzebie dla ludzko\u015bci ustanowienia &#8222;Zasad Spotkania\u201d podczas tego bezprecedensowego okresu. Wed\u0142ug Sprzymierze\u0144c\u00f3w, je\u017celi b\u0119dziemy m\u0105drzy, przygotowani i zjednoczeni, wtedy b\u0119dziemy w stanie zaj\u0105\u0107 nasze przeznaczone miejsce jako dojrza\u0142a i wolna rasa w Wi\u0119kszej Spo\u0142eczno\u015bci. W czasie gdy nast\u0105pi\u0142a ta seria sprawozda\u0144 Sprzymierze\u0144cy powtarzali pewne kluczowe idee, kt\u00f3re uwa\u017cali za istotne dla naszego zrozumienia. Zachowali\u015bmy t\u0119 wielokrotno\u015b\u0107 powt\u00f3rze\u0144 w Sprawozdaniach celem zachowania intencji oraz sp\u00f3jno\u015bci ich wiadomo\u015bci. Z powodu pilnej natury przes\u0142ania Sprzymierze\u0144c\u00f3w i z powodu si\u0142 na \u015bwiecie, kt\u00f3re by przeciwstawia\u0142y si\u0119 tej wiadomo\u015bci, jest pewna m\u0105dro\u015b\u0107 oraz konieczno\u015b\u0107 w tych powt\u00f3rzeniach. Po publikacji Sprzymierze\u0144c\u00f3w Ludzko\u015bci w 2001 roku Sprzymierze\u0144cy dostarczyli drugi zestaw Sprawozda\u0144, aby dope\u0142ni\u0107 ich kluczowe przes\u0142anie dla ludzko\u015bci. Sprzymierze\u0144cy Ludzko\u015bci Ksi\u0119ga Druga opublikowana w 2005 roku przedstawia nowe, zaskakuj\u0105ce informacje na temat interakcji pomi\u0119dzy rasami w naszym lokalnym Wszech\u015bwiecie, a tak\u017ce na temat natury, celu oraz najbardziej ukrytych dzia\u0142a\u0144 tych ras, kt\u00f3re ingeruj\u0105 w ludzkie sprawy. Sprzymierze\u0144cy zainicjowali komunikacj\u0119 ponownie w 2008 roku w dalszym ci\u0105gu opisuj\u0105c z\u0142o\u017cone \u015brodowisko, do kt\u00f3rego ludzko\u015b\u0107 si\u0119 wy\u0142ania. Trzeci zestaw Sprawozda\u0144 zosta\u0142 opublikowany w 2012 roku. Dzi\u0119ki tym czytelnikom, kt\u00f3rzy czuli pilno\u015b\u0107 przes\u0142ania Sprzymierze\u0144c\u00f3w i przet\u0142umaczyli Sprawozdania na inne j\u0119zyki, jest rosn\u0105ca og\u00f3lno\u015bwiatowa \u015bwiadomo\u015b\u0107 rzeczywisto\u015bci Interwencji. My w Stowarzyszeniu na rzecz Nowego Pos\u0142ania uwa\u017camy, i\u017c te trzy zestawy Sprawozda\u0144 zawieraj\u0105 jedne z najwa\u017cniejszych wiadomo\u015bci przekazane w dzisiejszym \u015bwiecie. Sprzymierze\u0144cy Ludzko\u015bci to nie jest tylko kolejna ksi\u0119ga teoretyzuj\u0105ca na temat fenomenu UFO\/istot pozaziemskich. Jest to autentyczna, transformacyjna wiadomo\u015b\u0107 skierowana bezpo\u015brednio na ukryty cel pozaziemskiej Interwencji, aby podnie\u015b\u0107 \u015bwiadomo\u015b\u0107, jakiej b\u0119dziemy potrzebowa\u0107 w obliczu wyzwa\u0144 oraz sposobno\u015bci, kt\u00f3re na nas czekaj\u0105.<\/p><p><a title=\"Go to newmessage.org\" href=\"https:\/\/www.newmessage.org\/worldwide-community\/society\" target=\"_blank\" rel=\"noopener noreferrer\">The Society for the New Message (Stowarzyszenie na rzecz Nowego Pos\u0142ania)<\/a><\/p>\t\t\t\t\t\t\t\t<\/div>\t\t\t\t<\/div>\t\t\t\t\t<\/div>\t\t<\/div>\t\t\t\t\t<\/div>\t\t<\/section>\t\t\t\t<\/div><p>\t\t<\/p>","protected":false},"excerpt":{"rendered":"<p>Sprawozdania Sprzymierze\u0144c\u00f3w Ludzko\u015bci s\u0105 przedstawiane, aby przygotowa\u0107 ludzi na zupe\u0142nie now\u0105 rzeczywisto\u015b\u0107, kt\u00f3ra jest w du\u017cej mierze ukryta i nierozpoznana w dzisiejszym \u015bwiecie. Zapewniaj\u0105 one now\u0105 perspektyw\u0119, kt\u00f3ra wzmacnia ludzi, aby stawili czo\u0142a najwi\u0119kszemu wyzwaniu i sposobno\u015bci, kt\u00f3re my jako rasa kiedykolwiek napotkali\u015bmy. Sprawozdania Sprzymierze\u0144c\u00f3w zawieraj\u0105 szereg istotnych, je\u015bli nie alarmuj\u0105cych stwierdze\u0144 o rosn\u0105cej pozaziemskiej [&hellip;]<\/p>\n","protected":false},"author":25,"featured_media":0,"parent":0,"menu_order":1,"comment_status":"closed","ping_status":"closed","template":"page.php","meta":{"_acf_changed":false,"footnotes":""},"class_list":["post-16789","page","type-page","status-publish","hentry"],"acf":[],"yoast_head":"<!-- This site is optimized with the Yoast SEO plugin v26.5 - https:\/\/yoast.com\/wordpress\/plugins\/seo\/ -->\n<title>Wprowadzenie do Sprzymierze\u0144c\u00f3w Ludzko\u015bci: Ujawnianie Pozaziemskiej Interwencji<\/title>\n<meta name=\"description\" content=\"Sprawozdania Sprzymierze\u0144c\u00f3w zawieraj\u0105 szereg istotnych, je\u015bli nie alarmuj\u0105cych stwierdze\u0144 o rosn\u0105cej pozaziemskiej interwencji oraz jej ukrytym celu.\" \/>\n<meta name=\"robots\" content=\"index, follow, max-snippet:-1, max-image-preview:large, max-video-preview:-1\" \/>\n<link rel=\"canonical\" href=\"https:\/\/www.alliesofhumanity.org\/pl\/the-allies\/\" \/>\n<meta property=\"og:locale\" content=\"pl_PL\" \/>\n<meta property=\"og:type\" content=\"article\" \/>\n<meta property=\"og:title\" content=\"Wprowadzenie do Sprzymierze\u0144c\u00f3w Ludzko\u015bci: Ujawnianie Pozaziemskiej Interwencji\" \/>\n<meta property=\"og:description\" content=\"Sprawozdania Sprzymierze\u0144c\u00f3w zawieraj\u0105 szereg istotnych, je\u015bli nie alarmuj\u0105cych stwierdze\u0144 o rosn\u0105cej pozaziemskiej interwencji oraz jej ukrytym celu.\" \/>\n<meta property=\"og:url\" content=\"https:\/\/www.alliesofhumanity.org\/pl\/the-allies\/\" \/>\n<meta property=\"og:site_name\" content=\"The Allies of Humanity\" \/>\n<meta property=\"article:publisher\" content=\"https:\/\/www.facebook.com\/alliesofhumanity\/\" \/>\n<meta property=\"article:modified_time\" content=\"2024-03-14T07:14:14+00:00\" \/>\n<meta property=\"og:image\" content=\"https:\/\/www.alliesofhumanity.org\/wp-content\/uploads\/2021\/01\/og-socialmedia-aoh.jpg\" \/>\n\t<meta property=\"og:image:width\" content=\"1200\" \/>\n\t<meta property=\"og:image:height\" content=\"630\" \/>\n\t<meta property=\"og:image:type\" content=\"image\/jpeg\" \/>\n<meta name=\"twitter:card\" content=\"summary_large_image\" \/>\n<meta name=\"twitter:title\" content=\"Wprowadzenie do Sprzymierze\u0144c\u00f3w Ludzko\u015bci: Ujawnianie Pozaziemskiej Interwencji\" \/>\n<meta name=\"twitter:site\" content=\"@earthallies\" \/>\n<meta name=\"twitter:label1\" content=\"Szacowany czas czytania\" \/>\n\t<meta name=\"twitter:data1\" content=\"7 minut\" \/>\n<script type=\"application\/ld+json\" class=\"yoast-schema-graph\">{\"@context\":\"https:\/\/schema.org\",\"@graph\":[{\"@type\":\"WebPage\",\"@id\":\"https:\/\/www.alliesofhumanity.org\/pl\/the-allies\/\",\"url\":\"https:\/\/www.alliesofhumanity.org\/pl\/the-allies\/\",\"name\":\"Wprowadzenie do Sprzymierze\u0144c\u00f3w Ludzko\u015bci: Ujawnianie Pozaziemskiej Interwencji\",\"isPartOf\":{\"@id\":\"https:\/\/www.alliesofhumanity.org\/pl\/#website\"},\"datePublished\":\"2021-05-13T02:12:42+00:00\",\"dateModified\":\"2024-03-14T07:14:14+00:00\",\"description\":\"Sprawozdania Sprzymierze\u0144c\u00f3w zawieraj\u0105 szereg istotnych, je\u015bli nie alarmuj\u0105cych stwierdze\u0144 o rosn\u0105cej pozaziemskiej interwencji oraz jej ukrytym celu.\",\"inLanguage\":\"pl-PL\",\"potentialAction\":[{\"@type\":\"ReadAction\",\"target\":[\"https:\/\/www.alliesofhumanity.org\/pl\/the-allies\/\"]}]},{\"@type\":\"WebSite\",\"@id\":\"https:\/\/www.alliesofhumanity.org\/pl\/#website\",\"url\":\"https:\/\/www.alliesofhumanity.org\/pl\/\",\"name\":\"The Allies of Humanity\",\"description\":\"\",\"potentialAction\":[{\"@type\":\"SearchAction\",\"target\":{\"@type\":\"EntryPoint\",\"urlTemplate\":\"https:\/\/www.alliesofhumanity.org\/pl\/?s={search_term_string}\"},\"query-input\":{\"@type\":\"PropertyValueSpecification\",\"valueRequired\":true,\"valueName\":\"search_term_string\"}}],\"inLanguage\":\"pl-PL\"}]}<\/script>\n<!-- \/ Yoast SEO plugin. -->","yoast_head_json":{"title":"Wprowadzenie do Sprzymierze\u0144c\u00f3w Ludzko\u015bci: Ujawnianie Pozaziemskiej Interwencji","description":"Sprawozdania Sprzymierze\u0144c\u00f3w zawieraj\u0105 szereg istotnych, je\u015bli nie alarmuj\u0105cych stwierdze\u0144 o rosn\u0105cej pozaziemskiej interwencji oraz jej ukrytym celu.","robots":{"index":"index","follow":"follow","max-snippet":"max-snippet:-1","max-image-preview":"max-image-preview:large","max-video-preview":"max-video-preview:-1"},"canonical":"https:\/\/www.alliesofhumanity.org\/pl\/the-allies\/","og_locale":"pl_PL","og_type":"article","og_title":"Wprowadzenie do Sprzymierze\u0144c\u00f3w Ludzko\u015bci: Ujawnianie Pozaziemskiej Interwencji","og_description":"Sprawozdania Sprzymierze\u0144c\u00f3w zawieraj\u0105 szereg istotnych, je\u015bli nie alarmuj\u0105cych stwierdze\u0144 o rosn\u0105cej pozaziemskiej interwencji oraz jej ukrytym celu.","og_url":"https:\/\/www.alliesofhumanity.org\/pl\/the-allies\/","og_site_name":"The Allies of Humanity","article_publisher":"https:\/\/www.facebook.com\/alliesofhumanity\/","article_modified_time":"2024-03-14T07:14:14+00:00","og_image":[{"width":1200,"height":630,"url":"https:\/\/www.alliesofhumanity.org\/wp-content\/uploads\/2021\/01\/og-socialmedia-aoh.jpg","type":"image\/jpeg"}],"twitter_card":"summary_large_image","twitter_title":"Wprowadzenie do Sprzymierze\u0144c\u00f3w Ludzko\u015bci: Ujawnianie Pozaziemskiej Interwencji","twitter_site":"@earthallies","twitter_misc":{"Szacowany czas czytania":"7 minut"},"schema":{"@context":"https:\/\/schema.org","@graph":[{"@type":"WebPage","@id":"https:\/\/www.alliesofhumanity.org\/pl\/the-allies\/","url":"https:\/\/www.alliesofhumanity.org\/pl\/the-allies\/","name":"Wprowadzenie do Sprzymierze\u0144c\u00f3w Ludzko\u015bci: Ujawnianie Pozaziemskiej Interwencji","isPartOf":{"@id":"https:\/\/www.alliesofhumanity.org\/pl\/#website"},"datePublished":"2021-05-13T02:12:42+00:00","dateModified":"2024-03-14T07:14:14+00:00","description":"Sprawozdania Sprzymierze\u0144c\u00f3w zawieraj\u0105 szereg istotnych, je\u015bli nie alarmuj\u0105cych stwierdze\u0144 o rosn\u0105cej pozaziemskiej interwencji oraz jej ukrytym celu.","inLanguage":"pl-PL","potentialAction":[{"@type":"ReadAction","target":["https:\/\/www.alliesofhumanity.org\/pl\/the-allies\/"]}]},{"@type":"WebSite","@id":"https:\/\/www.alliesofhumanity.org\/pl\/#website","url":"https:\/\/www.alliesofhumanity.org\/pl\/","name":"The Allies of Humanity","description":"","potentialAction":[{"@type":"SearchAction","target":{"@type":"EntryPoint","urlTemplate":"https:\/\/www.alliesofhumanity.org\/pl\/?s={search_term_string}"},"query-input":{"@type":"PropertyValueSpecification","valueRequired":true,"valueName":"search_term_string"}}],"inLanguage":"pl-PL"}]}},"_links":{"self":[{"href":"https:\/\/www.alliesofhumanity.org\/pl\/wp-json\/wp\/v2\/pages\/16789","targetHints":{"allow":["GET"]}}],"collection":[{"href":"https:\/\/www.alliesofhumanity.org\/pl\/wp-json\/wp\/v2\/pages"}],"about":[{"href":"https:\/\/www.alliesofhumanity.org\/pl\/wp-json\/wp\/v2\/types\/page"}],"author":[{"embeddable":true,"href":"https:\/\/www.alliesofhumanity.org\/pl\/wp-json\/wp\/v2\/users\/25"}],"replies":[{"embeddable":true,"href":"https:\/\/www.alliesofhumanity.org\/pl\/wp-json\/wp\/v2\/comments?post=16789"}],"version-history":[{"count":1,"href":"https:\/\/www.alliesofhumanity.org\/pl\/wp-json\/wp\/v2\/pages\/16789\/revisions"}],"predecessor-version":[{"id":16791,"href":"https:\/\/www.alliesofhumanity.org\/pl\/wp-json\/wp\/v2\/pages\/16789\/revisions\/16791"}],"wp:attachment":[{"href":"https:\/\/www.alliesofhumanity.org\/pl\/wp-json\/wp\/v2\/media?parent=16789"}],"curies":[{"name":"wp","href":"https:\/\/api.w.org\/{rel}","templated":true}]}}