{"id":7889,"date":"2020-12-11T08:11:27","date_gmt":"2020-12-11T07:11:27","guid":{"rendered":"https:\/\/www.alliesofhumanity.org\/marshall-vian-summers\/"},"modified":"2024-03-12T08:08:58","modified_gmt":"2024-03-12T07:08:58","slug":"marshall-vian-summers","status":"publish","type":"page","link":"https:\/\/www.alliesofhumanity.org\/it\/marshall-vian-summers\/","title":{"rendered":"Marshall Vian Summers"},"content":{"rendered":"\t\t<div data-elementor-type=\"wp-page\" data-elementor-id=\"7889\" class=\"elementor elementor-7889 elementor-2912\" data-elementor-post-type=\"page\">\t\t\t\t\t\t<section class=\"elementor-section elementor-top-section elementor-element elementor-element-7fac8697 elementor-section-boxed elementor-section-height-default elementor-section-height-default\" data-id=\"7fac8697\" data-element_type=\"section\">\t\t\t\t\t\t<div class=\"elementor-container elementor-column-gap-default\">\t\t\t\t\t<div class=\"elementor-column elementor-col-100 elementor-top-column elementor-element elementor-element-1195357f\" data-id=\"1195357f\" data-element_type=\"column\">\t\t\t<div class=\"elementor-widget-wrap elementor-element-populated\">\t\t\t\t\t\t<div class=\"elementor-element elementor-element-ba0d783 elementor-widget elementor-widget-text-editor\" data-id=\"ba0d783\" data-element_type=\"widget\" data-widget_type=\"text-editor.default\">\t\t\t\t<div class=\"elementor-widget-container\">\t\t\t\t\t\t\t\t\t<h5>Nel corso degli ultimi 35 anni, sono stato immerso in esperienze meditative. Ci\u00f2 ha fatto s\u00ec che ricevessi un enorme ammontare di informazioni circa la natura della spiritualit\u00e0 umana e il suo destino nel contesto di un pi\u00f9 vasto panorama di vita intelligente nell\u2019Universo.<\/h5>\rQuesti scritti, racchiusi negli Insegnamenti del <a title=\"Go to newmessage.org\" href=\"https:\/\/newmessage.org\/it\" target=\"_blank\" rel=\"noopener noreferrer\">Nuovo Messaggio<\/a>, appartenenti alla Comunit\u00e0 Cosmica, contengono una struttura teologica che illustra la vita e la presenza di Dio all\u2019interno della Comunit\u00e0 Pi\u00f9 Grande, la vasta estensione spazio-temporale che conosciamo come il nostro Universo.\r\rLa cosmologia che man mano ho ricevuto, contiene innumerevoli messaggi, uno dei quali illustra come il Genere Umano si stia gradualmente avvicinando a far parte di questa pi\u00f9 vasta comunit\u00e0 e per questo \u00e8 necessario esserne a conoscenza e capirne le implicazioni. Inerente a questo messaggio vi \u00e8 la comprensione che l\u2019umanit\u00e0 non sia sola nell\u2019universo o persino sola all\u2019interno del proprio mondo. E che all\u2019interno di essa l\u2019umanit\u00e0 avr\u00e0 degli alleati, ma anche dei competitori e degli avversari.\r<p>\r<\/p><p>Questa pi\u00f9 ampia realt\u00e0 fu drammaticamente confermata dall\u2019improvvisa ed inaspettata trasmissione della prima parte delle istruzioni inviate dagli Alleati dell\u2019Umanit\u00e0 nel 1997. Tre anni prima, nel 1994, avevo ricevuto la Struttura Teologica per una migliore comprensione delle istruzioni contenute nei Briefing, come si evince dal mio libro Spiritualit\u00e0 della Comunit\u00e0 Pi\u00f9 Grande \u2013 Una Nuova Rivelazione.\r<\/p><p class=\"float-left\"><img decoding=\"async\" src=\"https:\/\/www.alliesofhumanity.org\/wp-content\/uploads\/2020\/06\/mvs-greater-power-decisive-action.jpg\" alt=\"Marshall Vian Summers\" \/><\/p><p>\r<\/p><p>A quel punto, come risultato del mio lavoro spirituale e dei miei scritti, emerse spontanea la convinzione che il Genere Umano abbia degli alleati nell\u2019Universo e che essi abbiano a cuore il benessere e la futura libert\u00e0 della nostra razza. All\u2019interno della crescente cosmologia che mi veniva inviata, vi era la comprensione che, nella storia delle Creature Intelligenti dell\u2019Universo, esiste una regola per cui una razza con un\u2019etica pi\u00f9 avanzata ha come prerogativa quella di aiutare e di incanalare la saggezza da lei ottenuta, verso quelle razze emergenti come la nostra, senza l\u2019ausilio di un intervento diretto o di interferenze nei suoi affari. L\u2019intenzione qui \u00e8 informare e non interferire.\r<\/p><p>\r<\/p><p>Questo \u201ctrasmettere saggezza\u201d rappresenta una lunga esistente struttura etica inerente il Contatto con emergenti razze ed il modo in cui deve essere gestita. I libri d\u2019istruzioni degli Alleati dell\u2019Umanit\u00e0 sono una chiara dimostrazione di questo tipo di modello di non interferenza e di Contatto Etico. Questo modello dovrebbe essere un faro guida standard che dovremmo aspettarci altre razze seguano nel loro tentativo di entrare in contatto con noi o di visitare il nostro mondo. Ma, queste regole di Contatto etico sono in netto contrasto con l\u2019Intromissione che sta avendo luogo oggi nel mondo.\r<\/p><p class=\"image-quote float-right\"><img decoding=\"async\" src=\"https:\/\/www.alliesofhumanity.org\/wp-content\/uploads\/2020\/12\/quote-mvs.png\" alt=\"\" \/><\/p><blockquote id=\"quote-3\" class=\"text-quote float-right bg-gray\">Ci stiamo spostando in una posizione di estrema vulnerabilit\u00e0. Con lo spettro dell'esaurimento delle risorse, del degrado ambientale e il rischio di un'ulteriore frattura della famiglia umana che cresce ogni giorno, siamo preda matura per l'Intromissione.<\/blockquote><p>\r<\/p><p>Ci stiamo spostando in una posizione di estrema vulnerabilit\u00e0. Con lo spettro dell\u2019esaurimento delle risorse, del degrado ambientale e con il rischio di una pi\u00f9 brutale frattura della famiglia umana che cresce ogni giorno, siamo maturi per un\u2019Intromissione. Noi viviamo in un apparente isolamento in un mondo ricco e di inestimabile valore che fa gola ad altri aldil\u00e0 dei nostri spazi. Ci distraggono e ci dividono in modo da non essere consapevoli ed in grado di vedere ci\u00f2 che accade ai nostri confini. \u00c8 un fenomeno che si ripete continuamente nella storia impattando il destino di popoli nativi che subiscono un\u2019Intromissione per la prima volta. Noi non siamo per niente realisti nell\u2019assumere che altre vite intelligenti dell\u2019Universo possano essere potenti e benevole e ci rendiamo conto solo adesso delle condizioni che abbiano creato per noi stessi all\u2019interno del nostro stesso mondo.\r<\/p><p>\r<\/p><p>La sgradevole verit\u00e0 \u00e8 che la famiglia umana non \u00e8 ancora pronta per un Contatto diretto e, certamente, non per un\u2019Intromissione. Per prima cosa bisogna far ordine e pulizia nella nostra casa. Non abbiamo ancora quella maturit\u00e0, come specie, di interagire con altre razze della Comunit\u00e0 da una posizione di unit\u00e0, forza e discernimento. Fino a quando non otterremo questa posizione, se mai ci riusciremo, allora nessuna razza dovr\u00e0 lontanamente ipotizzare o tentare di intervenire nel nostro mondo. Gli Alleati si stanno prodigando per fornirci saggezza e prospettive, per\u00f2 non stanno intervenendo. Ci vogliono far capire che il nostro destino \u00e8, e dovr\u00e0 restare, nelle nostre mani. Questo \u00e8 il fardello della libert\u00e0 nell\u2019Universo.\r<\/p><p>\r<\/p><p>Ma, a prescindere dalla nostra mancanza di preparazione, un\u2019Intromissione \u00e8 gi\u00e0 in atto. \u00c8 necessario che l\u2019Umanit\u00e0 sia pronta per questo, essendo presso la soglia pi\u00f9 importante della storia umana. Piuttosto che essere testimoni casuali di questo fenomeno, ne siamo protagonisti. Sta accadendo, a prescindere dall\u2019esserne consapevoli o no. Ha il potere di sconvolgere e cambiare il futuro dell\u2019umanit\u00e0 ed ha a che fare con chi siamo e perch\u00e9 siamo in questo mondo adesso.\r<\/p><p>\r<\/p><a title=\"Go to newmessage.org\" href=\"http:\/\/www.newmessage.org\/it\/\" target=\"_blank\" rel=\"noopener noreferrer\">Il Nuovo Messaggio<\/a> \u00e8 stato trasmesso ed acquisito in modo da poter servire due funzioni fondamentali: quella dell\u2019insegnamento e quella della preparazione che adesso sono necessarie per affrontare e varcare questa grande soglia. Necessarie inoltre per poter rinnovare lo spirito umano e per poter intraprendere un nuovo corso per la \u201cfamiglia umana\u201d. Si sollecita un urgente bisogno di unit\u00e0 e di cooperazione, che sono le basi della Conoscenza, un\u2019intelligenza spirituale e una pi\u00f9 grande responsabilit\u00e0. Questo pu\u00f2 definirsi un nuovo messaggio del Creatore di tutta la vita.\r<p>\r<\/p><p>La mia missione \u00e8 quella di portare questa conoscenza e preparazione nel mondo e, con essa, una nuova certezza e speranza per questa umanit\u00e0 in difficolt\u00e0. La mia lunga preparazione e gli importanti insegnamenti della Via della Conoscenza della Comunit\u00e0 Pi\u00f9 Grande (Greater Community) sono messi a disposizione per questo scopo. Gli Insegnamenti degli Alleati dell\u2019Umanit\u00e0 non sono che una piccola parte di un messaggio pi\u00f9 ampio. \u00c8 giunto il momento di porre fine agli incessanti conflitti e prepararsi ad una vita all\u2019interno di questa Comunit\u00e0 Pi\u00f9 Grande. Per far ci\u00f2 \u00e8 necessaria una nuova consapevolezza di noi stessi come un solo popolo, il popolo nativo di questo mondo, generato da un solo spirito e della nostra vulnerabile posizione come giovane razza emergente nell\u2019Universo. Questo \u00e8 il mio messaggio per l\u2019umanit\u00e0 e questo \u00e8 il motivo per cui sono venuto.\r<\/p><p align=\"center\"><b> Marshall Vian Summers<\/b><\/p>\r<p align=\"center\"><a title=\"Go to marshallsummers.com\" href=\"https:\/\/www.marshallsummers.com\/\" target=\"_blank\" rel=\"noopener noreferrer\">marshallsummers.com<\/a><\/p>\t\t\t\t\t\t\t\t<\/div>\t\t\t\t<\/div>\t\t\t\t\t<\/div>\t\t<\/div>\t\t\t\t\t<\/div>\t\t<\/section>\t\t\t\t<\/div><p>\t\t<\/p>","protected":false},"excerpt":{"rendered":"<p>Nel corso degli ultimi 35 anni, sono stato immerso in esperienze meditative. Ci\u00f2 ha fatto s\u00ec che ricevessi un enorme ammontare di informazioni circa la natura della spiritualit\u00e0 umana e il suo destino nel contesto di un pi\u00f9 vasto panorama di vita intelligente nell\u2019Universo. Questi scritti, racchiusi negli Insegnamenti del Nuovo Messaggio, appartenenti alla Comunit\u00e0 [&hellip;]<\/p>\n","protected":false},"author":23,"featured_media":0,"parent":0,"menu_order":4,"comment_status":"closed","ping_status":"closed","template":"page.php","meta":{"_acf_changed":false,"footnotes":""},"class_list":["post-7889","page","type-page","status-publish","hentry"],"acf":[],"yoast_head":"<!-- This site is optimized with the Yoast SEO plugin v26.5 - https:\/\/yoast.com\/wordpress\/plugins\/seo\/ -->\n<title>Marshall Vian Summers | I Briefing degli Alleati dell&#039;Umanit\u00e0<\/title>\n<meta name=\"description\" content=\"Marshall Vian Summers ha ricevuto un vasto corpus di scritti sulla realt\u00e0 del contatto extraterrestre, sulla spiritualit\u00e0 e sul destino umano.\" \/>\n<meta name=\"robots\" content=\"index, follow, max-snippet:-1, max-image-preview:large, max-video-preview:-1\" \/>\n<link rel=\"canonical\" href=\"https:\/\/www.alliesofhumanity.org\/it\/marshall-vian-summers\/\" \/>\n<meta property=\"og:locale\" content=\"it_IT\" \/>\n<meta property=\"og:type\" content=\"article\" \/>\n<meta property=\"og:title\" content=\"Marshall Vian Summers | I Briefing degli Alleati dell&#039;Umanit\u00e0\" \/>\n<meta property=\"og:description\" content=\"Marshall Vian Summers ha ricevuto un vasto corpus di scritti sulla realt\u00e0 del contatto extraterrestre, sulla spiritualit\u00e0 e sul destino umano.\" \/>\n<meta property=\"og:url\" content=\"https:\/\/www.alliesofhumanity.org\/it\/marshall-vian-summers\/\" \/>\n<meta property=\"og:site_name\" content=\"The Allies of Humanity\" \/>\n<meta property=\"article:publisher\" content=\"https:\/\/www.facebook.com\/alliesofhumanity\/\" \/>\n<meta property=\"article:modified_time\" content=\"2024-03-12T07:08:58+00:00\" \/>\n<meta property=\"og:image\" content=\"https:\/\/www.alliesofhumanity.org\/wp-content\/uploads\/2021\/01\/og-socialmedia-aoh.jpg\" \/>\n\t<meta property=\"og:image:width\" content=\"1200\" \/>\n\t<meta property=\"og:image:height\" content=\"630\" \/>\n\t<meta property=\"og:image:type\" content=\"image\/jpeg\" \/>\n<meta name=\"twitter:card\" content=\"summary_large_image\" \/>\n<meta name=\"twitter:title\" content=\"Marshall Vian Summers | I Briefing degli Alleati dell&#039;Umanit\u00e0\" \/>\n<meta name=\"twitter:site\" content=\"@earthallies\" \/>\n<meta name=\"twitter:label1\" content=\"Tempo di lettura stimato\" \/>\n\t<meta name=\"twitter:data1\" content=\"5 minuti\" \/>\n<script type=\"application\/ld+json\" class=\"yoast-schema-graph\">{\"@context\":\"https:\/\/schema.org\",\"@graph\":[{\"@type\":\"WebPage\",\"@id\":\"https:\/\/www.alliesofhumanity.org\/it\/marshall-vian-summers\/\",\"url\":\"https:\/\/www.alliesofhumanity.org\/it\/marshall-vian-summers\/\",\"name\":\"Marshall Vian Summers | I Briefing degli Alleati dell'Umanit\u00e0\",\"isPartOf\":{\"@id\":\"https:\/\/www.alliesofhumanity.org\/it\/#website\"},\"datePublished\":\"2020-12-11T07:11:27+00:00\",\"dateModified\":\"2024-03-12T07:08:58+00:00\",\"description\":\"Marshall Vian Summers ha ricevuto un vasto corpus di scritti sulla realt\u00e0 del contatto extraterrestre, sulla spiritualit\u00e0 e sul destino umano.\",\"inLanguage\":\"it-IT\",\"potentialAction\":[{\"@type\":\"ReadAction\",\"target\":[\"https:\/\/www.alliesofhumanity.org\/it\/marshall-vian-summers\/\"]}]},{\"@type\":\"WebSite\",\"@id\":\"https:\/\/www.alliesofhumanity.org\/it\/#website\",\"url\":\"https:\/\/www.alliesofhumanity.org\/it\/\",\"name\":\"The Allies of Humanity\",\"description\":\"\",\"potentialAction\":[{\"@type\":\"SearchAction\",\"target\":{\"@type\":\"EntryPoint\",\"urlTemplate\":\"https:\/\/www.alliesofhumanity.org\/it\/?s={search_term_string}\"},\"query-input\":{\"@type\":\"PropertyValueSpecification\",\"valueRequired\":true,\"valueName\":\"search_term_string\"}}],\"inLanguage\":\"it-IT\"}]}<\/script>\n<!-- \/ Yoast SEO plugin. -->","yoast_head_json":{"title":"Marshall Vian Summers | I Briefing degli Alleati dell'Umanit\u00e0","description":"Marshall Vian Summers ha ricevuto un vasto corpus di scritti sulla realt\u00e0 del contatto extraterrestre, sulla spiritualit\u00e0 e sul destino umano.","robots":{"index":"index","follow":"follow","max-snippet":"max-snippet:-1","max-image-preview":"max-image-preview:large","max-video-preview":"max-video-preview:-1"},"canonical":"https:\/\/www.alliesofhumanity.org\/it\/marshall-vian-summers\/","og_locale":"it_IT","og_type":"article","og_title":"Marshall Vian Summers | I Briefing degli Alleati dell'Umanit\u00e0","og_description":"Marshall Vian Summers ha ricevuto un vasto corpus di scritti sulla realt\u00e0 del contatto extraterrestre, sulla spiritualit\u00e0 e sul destino umano.","og_url":"https:\/\/www.alliesofhumanity.org\/it\/marshall-vian-summers\/","og_site_name":"The Allies of Humanity","article_publisher":"https:\/\/www.facebook.com\/alliesofhumanity\/","article_modified_time":"2024-03-12T07:08:58+00:00","og_image":[{"width":1200,"height":630,"url":"https:\/\/www.alliesofhumanity.org\/wp-content\/uploads\/2021\/01\/og-socialmedia-aoh.jpg","type":"image\/jpeg"}],"twitter_card":"summary_large_image","twitter_title":"Marshall Vian Summers | I Briefing degli Alleati dell'Umanit\u00e0","twitter_site":"@earthallies","twitter_misc":{"Tempo di lettura stimato":"5 minuti"},"schema":{"@context":"https:\/\/schema.org","@graph":[{"@type":"WebPage","@id":"https:\/\/www.alliesofhumanity.org\/it\/marshall-vian-summers\/","url":"https:\/\/www.alliesofhumanity.org\/it\/marshall-vian-summers\/","name":"Marshall Vian Summers | I Briefing degli Alleati dell'Umanit\u00e0","isPartOf":{"@id":"https:\/\/www.alliesofhumanity.org\/it\/#website"},"datePublished":"2020-12-11T07:11:27+00:00","dateModified":"2024-03-12T07:08:58+00:00","description":"Marshall Vian Summers ha ricevuto un vasto corpus di scritti sulla realt\u00e0 del contatto extraterrestre, sulla spiritualit\u00e0 e sul destino umano.","inLanguage":"it-IT","potentialAction":[{"@type":"ReadAction","target":["https:\/\/www.alliesofhumanity.org\/it\/marshall-vian-summers\/"]}]},{"@type":"WebSite","@id":"https:\/\/www.alliesofhumanity.org\/it\/#website","url":"https:\/\/www.alliesofhumanity.org\/it\/","name":"The Allies of Humanity","description":"","potentialAction":[{"@type":"SearchAction","target":{"@type":"EntryPoint","urlTemplate":"https:\/\/www.alliesofhumanity.org\/it\/?s={search_term_string}"},"query-input":{"@type":"PropertyValueSpecification","valueRequired":true,"valueName":"search_term_string"}}],"inLanguage":"it-IT"}]}},"_links":{"self":[{"href":"https:\/\/www.alliesofhumanity.org\/it\/wp-json\/wp\/v2\/pages\/7889","targetHints":{"allow":["GET"]}}],"collection":[{"href":"https:\/\/www.alliesofhumanity.org\/it\/wp-json\/wp\/v2\/pages"}],"about":[{"href":"https:\/\/www.alliesofhumanity.org\/it\/wp-json\/wp\/v2\/types\/page"}],"author":[{"embeddable":true,"href":"https:\/\/www.alliesofhumanity.org\/it\/wp-json\/wp\/v2\/users\/23"}],"replies":[{"embeddable":true,"href":"https:\/\/www.alliesofhumanity.org\/it\/wp-json\/wp\/v2\/comments?post=7889"}],"version-history":[{"count":2,"href":"https:\/\/www.alliesofhumanity.org\/it\/wp-json\/wp\/v2\/pages\/7889\/revisions"}],"predecessor-version":[{"id":22116,"href":"https:\/\/www.alliesofhumanity.org\/it\/wp-json\/wp\/v2\/pages\/7889\/revisions\/22116"}],"wp:attachment":[{"href":"https:\/\/www.alliesofhumanity.org\/it\/wp-json\/wp\/v2\/media?parent=7889"}],"curies":[{"name":"wp","href":"https:\/\/api.w.org\/{rel}","templated":true}]}}