{"id":7886,"date":"2020-12-11T07:53:31","date_gmt":"2020-12-11T06:53:31","guid":{"rendered":"https:\/\/www.alliesofhumanity.org\/formazione-e-azione\/"},"modified":"2024-03-12T08:04:22","modified_gmt":"2024-03-12T07:04:22","slug":"formazione-e-azione","status":"publish","type":"page","link":"https:\/\/www.alliesofhumanity.org\/it\/formazione-e-azione\/","title":{"rendered":"Formazione e Azione"},"content":{"rendered":"\t\t<div data-elementor-type=\"wp-page\" data-elementor-id=\"7886\" class=\"elementor elementor-7886 elementor-1867\" data-elementor-post-type=\"page\">\t\t\t\t\t\t<section class=\"elementor-section elementor-top-section elementor-element elementor-element-4782b150 elementor-section-full_width elementor-section-height-default elementor-section-height-default\" data-id=\"4782b150\" data-element_type=\"section\">\t\t\t\t\t\t<div class=\"elementor-container elementor-column-gap-default\">\t\t\t\t\t<div class=\"elementor-column elementor-col-100 elementor-top-column elementor-element elementor-element-54d1ac8e\" data-id=\"54d1ac8e\" data-element_type=\"column\">\t\t\t<div class=\"elementor-widget-wrap elementor-element-populated\">\t\t\t\t\t\t<div class=\"elementor-element elementor-element-5f862d9 elementor-widget elementor-widget-text-editor\" data-id=\"5f862d9\" data-element_type=\"widget\" data-widget_type=\"text-editor.default\">\t\t\t\t<div class=\"elementor-widget-container\">\t\t\t\t\t\t\t\t\t<h5>La Famiglia Umana si trova di fronte alla pi\u00f9 grande soglia della sua lunga storia &#8211; il suo esordio in una Comunit\u00e0 Pi\u00f9 Grande di vita intelligente nell&#8217;universo. Questo esordio cambier\u00e0 la percezione umana, le credenze e il modo in cui viviamo qui sulla Terra. Eppure l&#8217;umanit\u00e0 \u00e8 impreparata.<\/h5>\rPer la prima volta, la preparazione per varcare la grande soglia nella Comunit\u00e0 Pi\u00f9 Grande viene resa disponibile attraverso gli scritti di <a href=\"https:\/\/www.marshallsummers.com\" target=\"_blank\" rel=\"noopener noreferrer\">MV Summers<\/a>. Questo vasto corpus di Insegnamenti nella sua interezza \u00e8 diverso da qualsiasi cosa nel mondo di oggi e rappresenta un <a href=\"https:\/\/www.newmessage.org\/it\/\" target=\"_blank\" rel=\"noopener noreferrer\">Nuovo Messaggio per l&#8217;Umanit\u00e0<\/a>.\r\r<strong>La formazione e l&#8217;azione sono essenziali per portare questo nuovo messaggio e questa nuova consapevolezza all&#8217;Umanit\u00e0.<\/strong>\r<h5>Continua la tua formazione nella Comunit\u00e0 Pi\u00f9 Grande\r<a title=\"La Scuola Gratuita del Nuovo Messaggio da Dio\" href=\"https:\/\/community.newmessage.org\" target=\"_blank\" rel=\"noopener noreferrer\">Scuola Gratuita del Nuovo Messaggio.<\/a>\rGlobale, online e aperto a tutti.<\/h5>\r<h3>Altre risorse:<\/h3>\r<a href=\"https:\/\/www.newmessage.org\/it\/il-messaggio\/volume-4\/prepararsi-per-la-comunita-piu-grande\">Prepararsi per la Comunit\u00e0 Pi\u00f9 Grande<\/a>\rCapitolo 3: <a href=\"https:\/\/www.newmessage.org\/it\/il-messaggio\/volume-4\/prepararsi-per-la-comunita-piu-grande\/verita-essenziali-sulla-comunita-piu-grande\">Le Verit\u00e0 Essenziali sulla Comunit\u00e0 Pi\u00f9 Grande<\/a>\rCapitolo 7: <a href=\"https:\/\/www.newmessage.org\/it\/il-messaggio\/volume-4\/prepararsi-per-la-comunita-piu-grande\/la-grande-sfida-che-attende-lumanita\">La Grande Sfida che Attende l&#8217;Umanit\u00e0<\/a>\rCapitolo 13: <a href=\"https:\/\/www.newmessage.org\/it\/il-messaggio\/volume-4\/prepararsi-per-la-comunita-piu-grande\/reazioni-umane-alla-comunita-piu-grande\">Reazioni Umane alla Comunit\u00e0 Pi\u00f9 Grande<\/a>\r<p>\r<\/p><a href=\"https:\/\/www.newmessage.org\/it\/il-messaggio\/volume-4\/la-vita-nelluniverso\">La Vita nell&#8217;Universo: La Realt\u00e0 e la Spiritualit\u00e0 della Vita nell&#8217;Universo<\/a>\r<p>\r<\/p><a href=\"https:\/\/www.newmessage.org\/it\/il-messaggio\/volume-2\/spiritualita-della-comunita-piu-grande\">Spiritualit\u00e0 della Comunit\u00e0 Pi\u00f9 Grande<\/a>\rCapitolo 6: <a href=\"https:\/\/www.newmessage.org\/it\/il-messaggio\/volume-2\/spiritualita-della-comunita-piu-grande\/cosa-e-la-comunita-piu-grande\">Cosa \u00e8 la Comunit\u00e0 Pi\u00f9 Grande?<\/a>\rCapitolo 15: <a href=\"https:\/\/www.newmessage.org\/it\/il-messaggio\/volume-2\/spiritualita-della-comunita-piu-grande\/chi-serve-lumanita\">Chi serve l&#8217;Umanit\u00e0?<\/a>\rCapitolo 21: <a href=\"https:\/\/www.newmessage.org\/it\/il-messaggio\/volume-2\/spiritualita-della-comunita-piu-grande\/cosa-e-la-via-della-conoscenza-della-comunita-piu-grande\">Cosa \u00e8 La Via della Conoscenza della Comunit\u00e0 Pi\u00f9 Grande?\rCapitolo 23: <\/a><a href=\"https:\/\/www.newmessage.org\/it\/il-messaggio\/volume-2\/spiritualita-della-comunita-piu-grande\/come-e-tradotta-la-conoscenza-nella-comunita-piu-grande\">Come \u00e8 tradotta La Conoscenza nella Comunit\u00e0 Pi\u00f9 Grande?<\/a>\r<p>\r<\/p><a href=\"https:\/\/www.newmessage.org\/the-message\/volume-4\/great-waves-change\">Le Grandi Onde del Cambiamento<\/a>\rCapitolo 9: <a href=\"https:\/\/www.newmessage.org\/the-message\/volume-4\/great-waves-change\/the-great-waves-prophecy\">La Profezia delle Grandi Onde<\/a>\rCapitolo 10: <a href=\"https:\/\/www.newmessage.org\/the-message\/volume-4\/great-waves-change\/the-great-waves-and-the-hidden-reality-of-contact\">Le Grandi Onde e la Realt\u00e0 Nascosta del Contatto<\/a>\r<p>\r<\/p><a href=\"https:\/\/www.newmessage.org\/the-message\/volume-5\/wisdom-greater-community-volume-1\">Saggezza dalla Comunit\u00e0 Pi\u00f9 Grande: Volume Uno<\/a>\rCapitolo 3: <a href=\"https:\/\/www.newmessage.org\/it\/il-messaggio\/volume-5\/saggezza-dalla-comunita-piu-grande-volume-primo\/la-comunita-piu-grande\">La Comunit\u00e0 Pi\u00f9 Grande<\/a>\r<p>\r<\/p><a href=\"https:\/\/www.newmessage.org\/the-message\/volume-5\/wisdom-greater-community-volume-2\">Saggezza dalla Comunit\u00e0 Pi\u00f9 Grande: Volume Due<\/a>\rCapitolo 10: <a href=\"https:\/\/www.newmessage.org\/the-message\/volume-5\/wisdom-greater-community-volume-2\/extraterrestrial-encounters\"> Visitazioni della Comunit\u00e0 Pi\u00f9 Grande <\/a>\r<p>Capitolo 15: Reagire alla Comunit\u00e0 Pi\u00f9 Grande\r<\/p><p>Capitolo 17: La Percezione dell&#8217;Umanit\u00e0 da Parte dei Visitatori\r<\/p>Capitolo 25: <a href=\"https:\/\/www.newmessage.org\/the-message\/volume-5\/wisdom-greater-community-volume-2\/natural-environment\">Gli Ambienti<\/a>\rCapitolo 28: <a href=\"https:\/\/www.newmessage.org\/the-message\/volume-5\/wisdom-greater-community-volume-2\/other-worlds-reality\"> Le Realt\u00e0 della Comunit\u00e0 Pi\u00f9 Grande <\/a>\r<p>\r<\/p><a href=\"https:\/\/www.newmessage.org\/the-message\/volume-3\/living-way-knowledge\">Vivere La Via della Conoscenza<\/a>\rCapitolo11: <a href=\"https:\/\/www.newmessage.org\/the-message\/volume-3\/living-way-knowledge\/preparing-for-the-future\">Prepararsi per il Futuro<\/a>\r<p>\r<\/p><a href=\"http:\/\/www.newmessage.org\/steps\">Passi verso La Conoscenza: Il Libro del Sapere Interiore<\/a>\rPasso 157: <a href=\"http:\/\/www.stepstoknowledge.com\/steps\/Step157-I-am-not-alone-in-the-universe.htm\">Non sono solo nell&#8217;universo.<\/a>\rPasso 187: <a href=\"http:\/\/www.stepstoknowledge.com\/steps\/Step187-I-am-a-citizen-of-the-Greater-Community-of-Worlds.htm\">Sono un cittadino della Comunit\u00e0 Pi\u00f9 Grande dei Mondi.<\/a>\rPasso 190: <a href=\"http:\/\/www.stepstoknowledge.com\/steps\/Step190-The-world-is-emerging-into-the-Greater-Community-of-Worlds-and-that-is-why-I-have-come.htm\"> Il mondo sta emergendo nella Comunit\u00e0 pi\u00f9 grande dei mondi ed \u00e8 per questo che sono venuto.<\/a>\rFase 199: <a href=\"http:\/\/www.stepstoknowledge.com\/steps\/Step199-The-world-I-see-is-emerging-into-the-Greater-Community-of-Worlds.htm\">Il mondo che vedo sta emergendo nella Comunit\u00e0 pi\u00f9 grande dei mondi.<\/a>\rPasso 203: <a href=\"http:\/\/www.stepstoknowledge.com\/steps\/Step203-The-Greater-Community-is-influencing-the-world-I-see.htm\">La Comunit\u00e0 pi\u00f9 grande sta influenzando il mondo che vedo.<\/a>\rPasso 248: <a href=\"http:\/\/www.stepstoknowledge.com\/steps\/Step248-I-will-rely-upon-the-Wisdom-of-the-universe-to-instruct-me.htm\">Mi affider\u00f2 alla Saggezza dell&#8217;universo per istruirmi.<\/a>\rPasso 256: <a href=\"http:\/\/www.stepstoknowledge.com\/steps\/Step256-The-world-is-emerging-into-the-Greater-Community-of-Worlds.htm\">Il mondo sta emergendo nella Comunit\u00e0 pi\u00f9 grande dei mondi.<\/a>\rPasso 326: <a href=\"http:\/\/www.stepstoknowledge.com\/steps\/Step326-The-Greater-Community-is-something-I-can-feel-but-cannot-understand.htm\">La Comunit\u00e0 pi\u00f9 grande \u00e8 qualcosa che posso sentire ma che non riesco a capire.<\/a>\r<h3>Gli Insegnamenti del Nuovo Messaggio:<\/h3>\r<ul>\r \t<li><a href=\"http:\/\/www.newmessage.org\/the-message\/volume-1\/greater-community\/human-unity\">Entrare nella Comunit\u00e0 Pi\u00f9 Grande<\/a><\/li>\r \t<li><a href=\"http:\/\/www.newmessage.org\/the-message\/other-revelations\/the-fate-of-nations\">Il destino delle nazioni<\/a><\/li>\r \t<li><a href=\"http:\/\/www.newmessage.org\/the-message\/volume-1\/new-world\/what-will-save-humanity\">Che cosa salver\u00e0 l&#8217;umanit\u00e0\r<\/a><\/li>\r<\/ul>\r<h3>Commenti dei Maestri da <a href=\"https:\/\/www.alliesofhumanity.org\/it\/i-briefing\/libro-secondo\/\">Gli Alleati dell&#8217;Umanit\u00e0 Libro Secondo<\/a>:<\/h3>\r<ul>\r \t<li>1: <a href=\"https:\/\/www.alliesofhumanity.org\/it\/i-briefing\/libro-secondo\/the-problem-of-human-denial-first-commentary\/\">Il problema della negazione umana<\/a><\/li>\r \t<li>2: <a href=\"https:\/\/www.alliesofhumanity.org\/it\/i-briefing\/libro-secondo\/effects-of-the-pacification-program-second-commentary\/\">Effetti del Programma di Pacificazione<\/a><\/li>\r \t<li>3: <a href=\"https:\/\/www.alliesofhumanity.org\/it\/i-briefing\/libro-secondo\/understanding-the-intervention-third-commentary\/\">Capire l\u2019Intromissione<\/a><\/li>\r<\/ul>\t\t\t\t\t\t\t\t<\/div>\t\t\t\t<\/div>\t\t\t\t\t<\/div>\t\t<\/div>\t\t\t\t\t<\/div>\t\t<\/section>\t\t\t\t<\/div><p>\t\t<\/p>","protected":false},"excerpt":{"rendered":"<p>La Famiglia Umana si trova di fronte alla pi\u00f9 grande soglia della sua lunga storia &#8211; il suo esordio in una Comunit\u00e0 Pi\u00f9 Grande di vita intelligente nell&#8217;universo. Questo esordio cambier\u00e0 la percezione umana, le credenze e il modo in cui viviamo qui sulla Terra. Eppure l&#8217;umanit\u00e0 \u00e8 impreparata. Per la prima volta, la preparazione [&hellip;]<\/p>\n","protected":false},"author":25,"featured_media":0,"parent":0,"menu_order":3,"comment_status":"closed","ping_status":"closed","template":"page.php","meta":{"_acf_changed":false,"footnotes":""},"class_list":["post-7886","page","type-page","status-publish","hentry"],"acf":[],"yoast_head":"<!-- This site is optimized with the Yoast SEO plugin v26.5 - https:\/\/yoast.com\/wordpress\/plugins\/seo\/ -->\n<title>Contatto Extraterrestre: Formazione e Azione Essenziali<\/title>\n<meta name=\"description\" content=\"Questo vasto corpo di Insegnamenti nella sua interezza \u00e8 diverso da qualsiasi cosa nel mondo di oggi e rappresenta un Nuovo Messaggio per l&#039;Umanit\u00e0.\" \/>\n<meta name=\"robots\" content=\"index, follow, max-snippet:-1, max-image-preview:large, max-video-preview:-1\" \/>\n<link rel=\"canonical\" href=\"https:\/\/www.alliesofhumanity.org\/it\/formazione-e-azione\/\" \/>\n<meta property=\"og:locale\" content=\"it_IT\" \/>\n<meta property=\"og:type\" content=\"article\" \/>\n<meta property=\"og:title\" content=\"Contatto Extraterrestre: Formazione e Azione Essenziali\" \/>\n<meta property=\"og:description\" content=\"Questo vasto corpo di Insegnamenti nella sua interezza \u00e8 diverso da qualsiasi cosa nel mondo di oggi e rappresenta un Nuovo Messaggio per l&#039;Umanit\u00e0.\" \/>\n<meta property=\"og:url\" content=\"https:\/\/www.alliesofhumanity.org\/it\/formazione-e-azione\/\" \/>\n<meta property=\"og:site_name\" content=\"The Allies of Humanity\" \/>\n<meta property=\"article:publisher\" content=\"https:\/\/www.facebook.com\/alliesofhumanity\/\" \/>\n<meta property=\"article:modified_time\" content=\"2024-03-12T07:04:22+00:00\" \/>\n<meta property=\"og:image\" content=\"https:\/\/www.alliesofhumanity.org\/wp-content\/uploads\/2021\/01\/og-socialmedia-aoh.jpg\" \/>\n\t<meta property=\"og:image:width\" content=\"1200\" \/>\n\t<meta property=\"og:image:height\" content=\"630\" \/>\n\t<meta property=\"og:image:type\" content=\"image\/jpeg\" \/>\n<meta name=\"twitter:card\" content=\"summary_large_image\" \/>\n<meta name=\"twitter:title\" content=\"Contatto Extraterrestre: Formazione e Azione Essenziali\" \/>\n<meta name=\"twitter:site\" content=\"@earthallies\" \/>\n<meta name=\"twitter:label1\" content=\"Tempo di lettura stimato\" \/>\n\t<meta name=\"twitter:data1\" content=\"2 minuti\" \/>\n<script type=\"application\/ld+json\" class=\"yoast-schema-graph\">{\"@context\":\"https:\/\/schema.org\",\"@graph\":[{\"@type\":\"WebPage\",\"@id\":\"https:\/\/www.alliesofhumanity.org\/it\/formazione-e-azione\/\",\"url\":\"https:\/\/www.alliesofhumanity.org\/it\/formazione-e-azione\/\",\"name\":\"Contatto Extraterrestre: Formazione e Azione Essenziali\",\"isPartOf\":{\"@id\":\"https:\/\/www.alliesofhumanity.org\/it\/#website\"},\"datePublished\":\"2020-12-11T06:53:31+00:00\",\"dateModified\":\"2024-03-12T07:04:22+00:00\",\"description\":\"Questo vasto corpo di Insegnamenti nella sua interezza \u00e8 diverso da qualsiasi cosa nel mondo di oggi e rappresenta un Nuovo Messaggio per l'Umanit\u00e0.\",\"inLanguage\":\"it-IT\",\"potentialAction\":[{\"@type\":\"ReadAction\",\"target\":[\"https:\/\/www.alliesofhumanity.org\/it\/formazione-e-azione\/\"]}]},{\"@type\":\"WebSite\",\"@id\":\"https:\/\/www.alliesofhumanity.org\/it\/#website\",\"url\":\"https:\/\/www.alliesofhumanity.org\/it\/\",\"name\":\"The Allies of Humanity\",\"description\":\"\",\"potentialAction\":[{\"@type\":\"SearchAction\",\"target\":{\"@type\":\"EntryPoint\",\"urlTemplate\":\"https:\/\/www.alliesofhumanity.org\/it\/?s={search_term_string}\"},\"query-input\":{\"@type\":\"PropertyValueSpecification\",\"valueRequired\":true,\"valueName\":\"search_term_string\"}}],\"inLanguage\":\"it-IT\"}]}<\/script>\n<!-- \/ Yoast SEO plugin. -->","yoast_head_json":{"title":"Contatto Extraterrestre: Formazione e Azione Essenziali","description":"Questo vasto corpo di Insegnamenti nella sua interezza \u00e8 diverso da qualsiasi cosa nel mondo di oggi e rappresenta un Nuovo Messaggio per l'Umanit\u00e0.","robots":{"index":"index","follow":"follow","max-snippet":"max-snippet:-1","max-image-preview":"max-image-preview:large","max-video-preview":"max-video-preview:-1"},"canonical":"https:\/\/www.alliesofhumanity.org\/it\/formazione-e-azione\/","og_locale":"it_IT","og_type":"article","og_title":"Contatto Extraterrestre: Formazione e Azione Essenziali","og_description":"Questo vasto corpo di Insegnamenti nella sua interezza \u00e8 diverso da qualsiasi cosa nel mondo di oggi e rappresenta un Nuovo Messaggio per l'Umanit\u00e0.","og_url":"https:\/\/www.alliesofhumanity.org\/it\/formazione-e-azione\/","og_site_name":"The Allies of Humanity","article_publisher":"https:\/\/www.facebook.com\/alliesofhumanity\/","article_modified_time":"2024-03-12T07:04:22+00:00","og_image":[{"width":1200,"height":630,"url":"https:\/\/www.alliesofhumanity.org\/wp-content\/uploads\/2021\/01\/og-socialmedia-aoh.jpg","type":"image\/jpeg"}],"twitter_card":"summary_large_image","twitter_title":"Contatto Extraterrestre: Formazione e Azione Essenziali","twitter_site":"@earthallies","twitter_misc":{"Tempo di lettura stimato":"2 minuti"},"schema":{"@context":"https:\/\/schema.org","@graph":[{"@type":"WebPage","@id":"https:\/\/www.alliesofhumanity.org\/it\/formazione-e-azione\/","url":"https:\/\/www.alliesofhumanity.org\/it\/formazione-e-azione\/","name":"Contatto Extraterrestre: Formazione e Azione Essenziali","isPartOf":{"@id":"https:\/\/www.alliesofhumanity.org\/it\/#website"},"datePublished":"2020-12-11T06:53:31+00:00","dateModified":"2024-03-12T07:04:22+00:00","description":"Questo vasto corpo di Insegnamenti nella sua interezza \u00e8 diverso da qualsiasi cosa nel mondo di oggi e rappresenta un Nuovo Messaggio per l'Umanit\u00e0.","inLanguage":"it-IT","potentialAction":[{"@type":"ReadAction","target":["https:\/\/www.alliesofhumanity.org\/it\/formazione-e-azione\/"]}]},{"@type":"WebSite","@id":"https:\/\/www.alliesofhumanity.org\/it\/#website","url":"https:\/\/www.alliesofhumanity.org\/it\/","name":"The Allies of Humanity","description":"","potentialAction":[{"@type":"SearchAction","target":{"@type":"EntryPoint","urlTemplate":"https:\/\/www.alliesofhumanity.org\/it\/?s={search_term_string}"},"query-input":{"@type":"PropertyValueSpecification","valueRequired":true,"valueName":"search_term_string"}}],"inLanguage":"it-IT"}]}},"_links":{"self":[{"href":"https:\/\/www.alliesofhumanity.org\/it\/wp-json\/wp\/v2\/pages\/7886","targetHints":{"allow":["GET"]}}],"collection":[{"href":"https:\/\/www.alliesofhumanity.org\/it\/wp-json\/wp\/v2\/pages"}],"about":[{"href":"https:\/\/www.alliesofhumanity.org\/it\/wp-json\/wp\/v2\/types\/page"}],"author":[{"embeddable":true,"href":"https:\/\/www.alliesofhumanity.org\/it\/wp-json\/wp\/v2\/users\/25"}],"replies":[{"embeddable":true,"href":"https:\/\/www.alliesofhumanity.org\/it\/wp-json\/wp\/v2\/comments?post=7886"}],"version-history":[{"count":3,"href":"https:\/\/www.alliesofhumanity.org\/it\/wp-json\/wp\/v2\/pages\/7886\/revisions"}],"predecessor-version":[{"id":20537,"href":"https:\/\/www.alliesofhumanity.org\/it\/wp-json\/wp\/v2\/pages\/7886\/revisions\/20537"}],"wp:attachment":[{"href":"https:\/\/www.alliesofhumanity.org\/it\/wp-json\/wp\/v2\/media?parent=7886"}],"curies":[{"name":"wp","href":"https:\/\/api.w.org\/{rel}","templated":true}]}}