{"id":7884,"date":"2020-12-11T07:08:02","date_gmt":"2020-12-11T06:08:02","guid":{"rendered":"https:\/\/www.alliesofhumanity.org\/i-briefing\/12-punti-riassuntivi-dei-briefing-degli-alleati-dellumanita\/"},"modified":"2024-03-12T08:04:03","modified_gmt":"2024-03-12T07:04:03","slug":"12-punti-riassuntivi-dei-briefing-degli-alleati-dellumanita","status":"publish","type":"page","link":"https:\/\/www.alliesofhumanity.org\/it\/the-briefings\/12-punti-riassuntivi-dei-briefing-degli-alleati-dellumanita\/","title":{"rendered":"12 Punti Riassuntivi"},"content":{"rendered":"\t\t<div data-elementor-type=\"wp-page\" data-elementor-id=\"7884\" class=\"elementor elementor-7884 elementor-2001\" data-elementor-post-type=\"page\">\t\t\t\t\t\t<section class=\"elementor-section elementor-top-section elementor-element elementor-element-28ebce47 elementor-section-boxed elementor-section-height-default elementor-section-height-default\" data-id=\"28ebce47\" data-element_type=\"section\">\t\t\t\t\t\t<div class=\"elementor-container elementor-column-gap-default\">\t\t\t\t\t<div class=\"elementor-column elementor-col-100 elementor-top-column elementor-element elementor-element-56ef9ab3\" data-id=\"56ef9ab3\" data-element_type=\"column\">\t\t\t<div class=\"elementor-widget-wrap elementor-element-populated\">\t\t\t\t\t\t<div class=\"elementor-element elementor-element-5c8d1469 elementor-widget elementor-widget-text-editor\" data-id=\"5c8d1469\" data-element_type=\"widget\" data-widget_type=\"text-editor.default\">\t\t\t\t<div class=\"elementor-widget-container\">\t\t\t\t\t\t\t\t\tPer aiutarvi a condividere il Messaggio degli Alleati e i Briefing con gli altri, stiamo includendo questo riassunto in 12 punti delle quattro serie di Briefing. Questo riassunto rappresenta solo una panoramica generale e non include molti dei dettagli importanti che rendono possibile la completa comprensione dei Briefing degli Alleati.\r<ol>\r \t<li>Il destino dell\u2019umanit\u00e0 \u00e8 quello di emergere e in una Comunit\u00e0 Pi\u00f9 Grande di vita intelligente nell\u2019Universo e di interagire con essa.<\/li>\r \t<li>Il Contatto con altre forme di vita intelligente rappresenta la pi\u00f9 grande soglia che l\u2019umanit\u00e0 abbia mai affrontato. Il risultato di questo Contatto determiner\u00e0 il futuro dell\u2019umanit\u00e0 per le generazioni che succederanno. Questo contatto sta avendo luogo ora.<\/li>\r \t<li>L\u2019umanit\u00e0 non \u00e8 preparata per il Contatto. I ricercatori non sono ancora in grado di vedere con chiarezza chi sta visitando il nostro mondo e perch\u00e9. I governi non stanno rivelando ci\u00f2 che sanno, e la maggior parte della gente nega ancora il fatto che questo fenomeno stia avendo luogo.<\/li>\r \t<li>A causa di questa mancanza di preparazione, i veri alleati dell\u2019umanit\u00e0 hanno mandato dei rappresentanti in un luogo vicino alla Terra con lo scopo di osservare la presenza extraterrestre e le attivit\u00e0 nel nostro mondo. I Briefing degli Alleati dell\u2019Umanit\u00e0 rappresentano il loro resoconto.<\/li>\r \t<li>Questi Briefing rivelano che il nostro mondo sta subendo un\u2019Intromissione extraterrestre da parte di forze che, come dimostrato dalle loro azioni, sono qua per sovvertire l\u2019autorit\u00e0 umana ed integrarsi, a proprio vantaggio, nelle societ\u00e0 umane. Queste forze rappresentano organizzazioni non militari che sono qua per cercare risorse umane e biologiche. Gli Alleati si riferiscono a queste forze con il nome \u201cCollettivi.\u201d I Collettivi non danno alcun valore alla libert\u00e0 umana.<\/li>\r \t<li>Poich\u00e9 l\u2019Intromissione \u00e8 portata avanti da piccoli gruppi di forze intrusive, la stessa si deve affidare principalmente sull\u2019imbroglio e sulla persuasione al fine di conseguire i propri traguardi. I Briefing degli Alleati descrivono in dettaglio le modalit\u00e0 con le quali ci\u00f2 viene realizzato e che cosa dobbiamo fare per fermarli.<\/li>\r \t<li>Questa Intromissione extraterrestre si focalizza su quattro arene:<\/li>\r<\/ol>\r<ul>\r \t<li>Sta influenzando persone in posizioni di potere e di autorit\u00e0 affinch\u00e9 esse collaborino con loro, dietro la promessa di grande ricchezza, potere e tecnologia.<\/li>\r \t<li>Sta creando nel mondo delle infrastrutture nascoste, dalle quali l\u2019Intromissione pu\u00f2 esercitare la sua influenza nell\u2019Ambiente Mentale, cercando di rendere conforme a loro, la gente di ogni luogo attraverso il loro \u201cProgramma di Pacificazione\u201d.<\/li>\r \t<li>Sta manipolando i nostri valori religiosi ed i nostri impulsi religiosi al fine di ottenere fedelt\u00e0 umana per la loro causa.<\/li>\r \t<li>Sta prelevando le persone contro la loro volont\u00e0 e spesso senza che loro se ne rendano conto, al fine di supportare un programma di ibridazione studiato per creare una razza ibrida ed una nuova classe di leader che sia legata ai \u201cvisitatori\u201d.<\/li>\r<\/ul>\r<ol start=\"8\">\r \t<li>Quei visitatori extraterrestri che sono stati potenzialmente positivi per l\u2019umanit\u00e0 si sono tutti ritirati dal mondo in vista dell\u2019Intromissione. Tutti quelli che restano sono razze aliene che non sono qua per il nostro bene. Questo ci lascia in una situazione priva di ambiguit\u00e0 per quanto riguarda la presenza extraterrestre. Questo ci mette in grado di vedere chiaramente con chi abbiamo a che fare, altrimenti sarebbe impossibile distinguere gli amici dai nemici.<\/li>\r \t<li>I Briefing degli Alleati enfatizzano il grave pericolo che corriamo accettando e diventando dipendenti dalla tecnologia ET che viene offerta dall\u2019Intromissione. Questo ci porter\u00e0 solo a dipendere dai \u201cvisitatori\u201d, provocando la nostra perdita di libert\u00e0 e di autosufficienza. Nessun vero Alleato dell\u2019Umanit\u00e0 ci offrirebbe questo. Gli Alleati enfatizzano il fatto che siamo gi\u00e0 in possesso di soluzioni terrestri per i problemi che stiamo affrontando. Quello che ci manca come razza \u00e8 unit\u00e0, volont\u00e0 e cooperazione.<\/li>\r \t<li>Nonostante la grande sfida che abbiamo ora da affrontare, l\u2019umanit\u00e0 ha ancora un grande vantaggio, se sar\u00e0 in grado di reagire in tempo. I Briefing degli Alleati ci rivelano sia le forze dell\u2019Intromissione, che le loro debolezze. Una delle debolezze dell\u2019Intromissione \u00e8 il fatto che loro si affidano all\u2019acquiescenza ed alla collaborazione umana, al fine di conseguire i loro obiettivi. Sulla base delle regole di comportamento della Comunit\u00e0 Pi\u00f9 Grande, nell\u2019ambito della regione nella quale esistono i nostri mondi, l\u2019Intromissione non \u00e8 consentita a meno che non si riesca a dimostrare che le genti native la benvengono ed approvano. Qua le nostre voci possono avere forza nella Comunit\u00e0 Pi\u00f9 Grande. Al momento l\u2019Intromissione ha pochi che la criticano, ma se abbastanza persone riescono a diventarne consapevoli ed a pronunciarsi contro la stessa, l\u2019Intromissione sar\u00e0 repressa e dovr\u00e0 ritirarsi. Questo \u00e8 il primo passo nella preparazione dell\u2019umanit\u00e0 al fine di gestire le realt\u00e0 della vita nell\u2019Universo. Questo passo e tutti i passi che seguiranno daranno all\u2019umanit\u00e0 la sua vera unica possibilit\u00e0 di superare i suoi annosi conflitti e di unirsi per difendersi e per preservare il proprio mondo. Gli Alleati affermano che noi, come esseri umani, abbiamo la forza spirituale e collettiva per farlo e che lo dobbiamo fare se vogliamo sopravvivere ed avanzare come una razza libera ed indipendente, nella Comunit\u00e0 Pi\u00f9 Grande.<\/li>\r \t<li>La preparazione per il nostro contatto con la Comunit\u00e0 Pi\u00f9 Grande inizia con la consapevolezza, la formazione e con la Conoscenza, che \u00e8 la nostra Mente spirituale.<\/li>\r \t<li>Nell&#8217;affrontare la Comunit\u00e0 Pi\u00f9 Grande, l&#8217;umanit\u00e0 deve costruire unit\u00e0, autosufficienza e discrezione. Questi sono i tre requisiti che tutte le nazioni libere devono stabilire per essere libere nell&#8217;universo.<\/li>\r<\/ol>\t\t\t\t\t\t\t\t<\/div>\t\t\t\t<\/div>\t\t\t\t\t<\/div>\t\t<\/div>\t\t\t\t\t<\/div>\t\t<\/section>\t\t\t\t<\/div><p>\t\t<\/p>","protected":false},"excerpt":{"rendered":"<p>Per aiutarvi a condividere il Messaggio degli Alleati e i Briefing con gli altri, stiamo includendo questo riassunto in 12 punti delle quattro serie di Briefing. Questo riassunto rappresenta solo una panoramica generale e non include molti dei dettagli importanti che rendono possibile la completa comprensione dei Briefing degli Alleati. Il destino dell\u2019umanit\u00e0 \u00e8 quello [&hellip;]<\/p>\n","protected":false},"author":23,"featured_media":0,"parent":6279,"menu_order":5,"comment_status":"closed","ping_status":"closed","template":"page.php","meta":{"_acf_changed":false,"footnotes":""},"class_list":["post-7884","page","type-page","status-publish","hentry"],"acf":[],"yoast_head":"<!-- This site is optimized with the Yoast SEO plugin v26.5 - https:\/\/yoast.com\/wordpress\/plugins\/seo\/ -->\n<title>12 Punti Riassuntivi dei Briefing degli Alleati dell&#039;Umanit\u00e0<\/title>\n<meta name=\"description\" content=\"Il destino dell&#039;umanit\u00e0 \u00e8 quello di emergere e di interagire con una Comunit\u00e0 Pi\u00f9 Grande di vita intelligente nell&#039;universo.\" \/>\n<meta name=\"robots\" content=\"index, follow, max-snippet:-1, max-image-preview:large, max-video-preview:-1\" \/>\n<link rel=\"canonical\" href=\"https:\/\/www.alliesofhumanity.org\/it\/the-briefings\/12-punti-riassuntivi-dei-briefing-degli-alleati-dellumanita\/\" \/>\n<meta property=\"og:locale\" content=\"it_IT\" \/>\n<meta property=\"og:type\" content=\"article\" \/>\n<meta property=\"og:title\" content=\"12 Punti Riassuntivi dei Briefing degli Alleati dell&#039;Umanit\u00e0\" \/>\n<meta property=\"og:description\" content=\"Il destino dell&#039;umanit\u00e0 \u00e8 quello di emergere e di interagire con una Comunit\u00e0 Pi\u00f9 Grande di vita intelligente nell&#039;universo.\" \/>\n<meta property=\"og:url\" content=\"https:\/\/www.alliesofhumanity.org\/it\/the-briefings\/12-punti-riassuntivi-dei-briefing-degli-alleati-dellumanita\/\" \/>\n<meta property=\"og:site_name\" content=\"The Allies of Humanity\" \/>\n<meta property=\"article:publisher\" content=\"https:\/\/www.facebook.com\/alliesofhumanity\/\" \/>\n<meta property=\"article:modified_time\" content=\"2024-03-12T07:04:03+00:00\" \/>\n<meta property=\"og:image\" content=\"https:\/\/www.alliesofhumanity.org\/wp-content\/uploads\/2021\/01\/og-socialmedia-aoh.jpg\" \/>\n\t<meta property=\"og:image:width\" content=\"1200\" \/>\n\t<meta property=\"og:image:height\" content=\"630\" \/>\n\t<meta property=\"og:image:type\" content=\"image\/jpeg\" \/>\n<meta name=\"twitter:card\" content=\"summary_large_image\" \/>\n<meta name=\"twitter:title\" content=\"12 Punti Riassuntivi dei Briefing degli Alleati dell&#039;Umanit\u00e0\" \/>\n<meta name=\"twitter:site\" content=\"@earthallies\" \/>\n<meta name=\"twitter:label1\" content=\"Tempo di lettura stimato\" \/>\n\t<meta name=\"twitter:data1\" content=\"4 minuti\" \/>\n<script type=\"application\/ld+json\" class=\"yoast-schema-graph\">{\"@context\":\"https:\/\/schema.org\",\"@graph\":[{\"@type\":\"WebPage\",\"@id\":\"https:\/\/www.alliesofhumanity.org\/it\/the-briefings\/12-punti-riassuntivi-dei-briefing-degli-alleati-dellumanita\/\",\"url\":\"https:\/\/www.alliesofhumanity.org\/it\/the-briefings\/12-punti-riassuntivi-dei-briefing-degli-alleati-dellumanita\/\",\"name\":\"12 Punti Riassuntivi dei Briefing degli Alleati dell'Umanit\u00e0\",\"isPartOf\":{\"@id\":\"https:\/\/www.alliesofhumanity.org\/it\/#website\"},\"datePublished\":\"2020-12-11T06:08:02+00:00\",\"dateModified\":\"2024-03-12T07:04:03+00:00\",\"description\":\"Il destino dell'umanit\u00e0 \u00e8 quello di emergere e di interagire con una Comunit\u00e0 Pi\u00f9 Grande di vita intelligente nell'universo.\",\"breadcrumb\":{\"@id\":\"https:\/\/www.alliesofhumanity.org\/it\/the-briefings\/12-punti-riassuntivi-dei-briefing-degli-alleati-dellumanita\/#breadcrumb\"},\"inLanguage\":\"it-IT\",\"potentialAction\":[{\"@type\":\"ReadAction\",\"target\":[\"https:\/\/www.alliesofhumanity.org\/it\/the-briefings\/12-punti-riassuntivi-dei-briefing-degli-alleati-dellumanita\/\"]}]},{\"@type\":\"BreadcrumbList\",\"@id\":\"https:\/\/www.alliesofhumanity.org\/it\/the-briefings\/12-punti-riassuntivi-dei-briefing-degli-alleati-dellumanita\/#breadcrumb\",\"itemListElement\":[{\"@type\":\"ListItem\",\"position\":1,\"name\":\"I Briefing\",\"item\":\"https:\/\/www.alliesofhumanity.org\/it\/the-briefings\/\"},{\"@type\":\"ListItem\",\"position\":2,\"name\":\"12 Punti Riassuntivi\"}]},{\"@type\":\"WebSite\",\"@id\":\"https:\/\/www.alliesofhumanity.org\/it\/#website\",\"url\":\"https:\/\/www.alliesofhumanity.org\/it\/\",\"name\":\"The Allies of Humanity\",\"description\":\"\",\"potentialAction\":[{\"@type\":\"SearchAction\",\"target\":{\"@type\":\"EntryPoint\",\"urlTemplate\":\"https:\/\/www.alliesofhumanity.org\/it\/?s={search_term_string}\"},\"query-input\":{\"@type\":\"PropertyValueSpecification\",\"valueRequired\":true,\"valueName\":\"search_term_string\"}}],\"inLanguage\":\"it-IT\"}]}<\/script>\n<!-- \/ Yoast SEO plugin. -->","yoast_head_json":{"title":"12 Punti Riassuntivi dei Briefing degli Alleati dell'Umanit\u00e0","description":"Il destino dell'umanit\u00e0 \u00e8 quello di emergere e di interagire con una Comunit\u00e0 Pi\u00f9 Grande di vita intelligente nell'universo.","robots":{"index":"index","follow":"follow","max-snippet":"max-snippet:-1","max-image-preview":"max-image-preview:large","max-video-preview":"max-video-preview:-1"},"canonical":"https:\/\/www.alliesofhumanity.org\/it\/the-briefings\/12-punti-riassuntivi-dei-briefing-degli-alleati-dellumanita\/","og_locale":"it_IT","og_type":"article","og_title":"12 Punti Riassuntivi dei Briefing degli Alleati dell'Umanit\u00e0","og_description":"Il destino dell'umanit\u00e0 \u00e8 quello di emergere e di interagire con una Comunit\u00e0 Pi\u00f9 Grande di vita intelligente nell'universo.","og_url":"https:\/\/www.alliesofhumanity.org\/it\/the-briefings\/12-punti-riassuntivi-dei-briefing-degli-alleati-dellumanita\/","og_site_name":"The Allies of Humanity","article_publisher":"https:\/\/www.facebook.com\/alliesofhumanity\/","article_modified_time":"2024-03-12T07:04:03+00:00","og_image":[{"width":1200,"height":630,"url":"https:\/\/www.alliesofhumanity.org\/wp-content\/uploads\/2021\/01\/og-socialmedia-aoh.jpg","type":"image\/jpeg"}],"twitter_card":"summary_large_image","twitter_title":"12 Punti Riassuntivi dei Briefing degli Alleati dell'Umanit\u00e0","twitter_site":"@earthallies","twitter_misc":{"Tempo di lettura stimato":"4 minuti"},"schema":{"@context":"https:\/\/schema.org","@graph":[{"@type":"WebPage","@id":"https:\/\/www.alliesofhumanity.org\/it\/the-briefings\/12-punti-riassuntivi-dei-briefing-degli-alleati-dellumanita\/","url":"https:\/\/www.alliesofhumanity.org\/it\/the-briefings\/12-punti-riassuntivi-dei-briefing-degli-alleati-dellumanita\/","name":"12 Punti Riassuntivi dei Briefing degli Alleati dell'Umanit\u00e0","isPartOf":{"@id":"https:\/\/www.alliesofhumanity.org\/it\/#website"},"datePublished":"2020-12-11T06:08:02+00:00","dateModified":"2024-03-12T07:04:03+00:00","description":"Il destino dell'umanit\u00e0 \u00e8 quello di emergere e di interagire con una Comunit\u00e0 Pi\u00f9 Grande di vita intelligente nell'universo.","breadcrumb":{"@id":"https:\/\/www.alliesofhumanity.org\/it\/the-briefings\/12-punti-riassuntivi-dei-briefing-degli-alleati-dellumanita\/#breadcrumb"},"inLanguage":"it-IT","potentialAction":[{"@type":"ReadAction","target":["https:\/\/www.alliesofhumanity.org\/it\/the-briefings\/12-punti-riassuntivi-dei-briefing-degli-alleati-dellumanita\/"]}]},{"@type":"BreadcrumbList","@id":"https:\/\/www.alliesofhumanity.org\/it\/the-briefings\/12-punti-riassuntivi-dei-briefing-degli-alleati-dellumanita\/#breadcrumb","itemListElement":[{"@type":"ListItem","position":1,"name":"I Briefing","item":"https:\/\/www.alliesofhumanity.org\/it\/the-briefings\/"},{"@type":"ListItem","position":2,"name":"12 Punti Riassuntivi"}]},{"@type":"WebSite","@id":"https:\/\/www.alliesofhumanity.org\/it\/#website","url":"https:\/\/www.alliesofhumanity.org\/it\/","name":"The Allies of Humanity","description":"","potentialAction":[{"@type":"SearchAction","target":{"@type":"EntryPoint","urlTemplate":"https:\/\/www.alliesofhumanity.org\/it\/?s={search_term_string}"},"query-input":{"@type":"PropertyValueSpecification","valueRequired":true,"valueName":"search_term_string"}}],"inLanguage":"it-IT"}]}},"_links":{"self":[{"href":"https:\/\/www.alliesofhumanity.org\/it\/wp-json\/wp\/v2\/pages\/7884","targetHints":{"allow":["GET"]}}],"collection":[{"href":"https:\/\/www.alliesofhumanity.org\/it\/wp-json\/wp\/v2\/pages"}],"about":[{"href":"https:\/\/www.alliesofhumanity.org\/it\/wp-json\/wp\/v2\/types\/page"}],"author":[{"embeddable":true,"href":"https:\/\/www.alliesofhumanity.org\/it\/wp-json\/wp\/v2\/users\/23"}],"replies":[{"embeddable":true,"href":"https:\/\/www.alliesofhumanity.org\/it\/wp-json\/wp\/v2\/comments?post=7884"}],"version-history":[{"count":3,"href":"https:\/\/www.alliesofhumanity.org\/it\/wp-json\/wp\/v2\/pages\/7884\/revisions"}],"predecessor-version":[{"id":22115,"href":"https:\/\/www.alliesofhumanity.org\/it\/wp-json\/wp\/v2\/pages\/7884\/revisions\/22115"}],"up":[{"embeddable":true,"href":"https:\/\/www.alliesofhumanity.org\/it\/wp-json\/wp\/v2\/pages\/6279"}],"wp:attachment":[{"href":"https:\/\/www.alliesofhumanity.org\/it\/wp-json\/wp\/v2\/media?parent=7884"}],"curies":[{"name":"wp","href":"https:\/\/api.w.org\/{rel}","templated":true}]}}