{"id":6296,"date":"2020-09-30T08:54:29","date_gmt":"2020-09-30T07:54:29","guid":{"rendered":"https:\/\/www.alliesofhumanity.org\/i-briefing\/libro-secondo\/"},"modified":"2025-10-16T00:34:29","modified_gmt":"2025-10-15T23:34:29","slug":"book-two","status":"publish","type":"page","link":"https:\/\/www.alliesofhumanity.org\/it\/the-briefings\/book-two\/","title":{"rendered":"Libro Secondo"},"content":{"rendered":"<h5>Tutti i Briefing de Gli Alleati dell&#8217;Umanit\u00e0 sono disponibili gratuitamente online.<\/h5>\n<h5>Iniziate il viaggio con Gli Alleati dell&#8217;Umanit\u00e0, Libro Secondo.<\/h5>\n<p>In questa seconda serie di briefing, gli Alleati dell&#8217;Umanit\u00e0 desiderano offrirci una maggiore comprensione e una visione pi\u00f9 ampia di come sia realmente la vita nell&#8217;Universo che ci circonda. I nostri alleati al di l\u00e0 del mondo desiderano metterci in guardia dai grandi rischi che corriamo ora, i rischi dell&#8217;ingresso nella Comunit\u00e0 Pi\u00f9 Grande. Vogliono mostrarci la necessit\u00e0 di preservare la nostra libert\u00e0 e la nostra integrit\u00e0 come razza mentre attraversiamo questa difficile e prolungata transizione.<\/p>\n<h5>Acquista la versione Kindle presso:<\/h5>\n<h5><a href=\"https:\/\/newknowledgelibrary.org\/e-books\/gli-alleati-dell-umanita-libro-secondo-allies-of-humanity-book-two-italian-ebook\/\">New Knowledge Library<\/a><\/h5>\n<h5><a href=\"https:\/\/www.amazon.com\/dp\/B0FTTRSGJK\">Amazon.com<\/a><\/h5>\n<h5><a href=\"https:\/\/www.amazon.it\/dp\/B0FTTRSGJK\">Amazon.com (Italy)<\/a><\/h5>\n<h5><a href=\"https:\/\/www.amazon.nl\/dp\/B0FTTRSGJK\">Amazon.com (NL)<\/a><\/h5>\n<h5><a href=\"https:\/\/www.barnesandnoble.com\/w\/gli-alleati-dellumanita-libro-secondo-marshall-vian-summers\/1148454060?ean=2940184427799\">Barnes &amp; Noble<\/a><\/h5>\n<h5>Acquista la versione cartacea presso:<\/h5>\n<h5><a href=\"https:\/\/newknowledgelibrary.org\/books\/gli-alleati-dell-umanita-libro-secondo-the-allies-of-humanity-book-two-italian-edition\/\">New Knowledge Library<\/a><\/h5>\n<h5><a href=\"https:\/\/www.amazon.com\/-\/en\/dp\/1965580203\">Amazon.com<\/a><\/h5>\n<h5><a href=\"https:\/\/www.amazon.it\/-\/en\/dp\/1965580203\">Amazon.com (Italy)<\/a><\/h5>\n<h5><a href=\"https:\/\/www.amazon.nl\/-\/en\/dp\/1965580203\">Amazon.com (NL)<\/a><\/h5>\n<h5><a href=\"https:\/\/www.barnesandnoble.com\/w\/gli-alleati-dellumanita-a-a-libro-secondo-marshall-vian-summers\/1148338999?ean=9781965580202\">Barnes &amp; Noble<br \/>\n<\/a><\/h5>\n<h5>Leggi tutti i briefing de Gli Alleati dell&#8217;Umanit\u00e0 gratuitamente online<\/h5>\n<p><a href=\"universe-reality-of-nature\">Il Primo Briefing: L\u2019Universo in cui State Emergendo<\/a><\/p>\n<p><a href=\"why-are-aliens-here\">Il Secondo Briefing: Perch\u00e9 l\u2019Intromissione si Sta Verificando<br \/>\n<\/a><\/p>\n<p><a href=\"the-influence-upon-humanity\">Il Terzo Briefing: L\u2019Influenza sull\u2019Umanit\u00e0<\/a><\/p>\n<p><a href=\"collectives-in-universe\">Il Quarto Briefing: I Collettivi<\/a><\/p>\n<p><a href=\"biological-resources\">Il Quinto Briefing: Cosa Vogliono<\/a><\/p>\n<p><a href=\"a-call-to-action-spiritual-power\">Il Sesto Briefing: Richiamo all\u2019Azione<\/a><\/p>\n<p>Primo Commentario: <a href=\"the-problem-of-human-denial-first-commentary\">Il Problema del Diniego Umano<\/a><\/p>\n<p>Secondo Commentario: <a href=\"effects-of-the-pacification-program-second-commentary\">Effetti del Programma di Pacificazione<\/a><\/p>\n<p>Terzo Commentario: <a href=\"understanding-the-intervention-third-commentary\">Capire l\u2019Intromissione<\/a><\/p>\n<p>La &#8216;Society for The New Message&#8217; oggi sta offrendo tutti e quattro i volumi de <em>Gli Alleati dell\u2019Umanit\u00e0<\/em> online a titolo gratuito. Lo facciamo in modo che questo messaggio possa raggiungere il maggior numero possibile di persone, sia a livello comune che in posizioni di potere politico, economico e religioso.<\/p>\n","protected":false},"excerpt":{"rendered":"<p>Tutti i Briefing de Gli Alleati dell&#8217;Umanit\u00e0 sono disponibili gratuitamente online. Iniziate il viaggio con Gli Alleati dell&#8217;Umanit\u00e0, Libro Secondo. In questa seconda serie di briefing, gli Alleati dell&#8217;Umanit\u00e0 desiderano offrirci una maggiore comprensione e una visione pi\u00f9 ampia di come sia realmente la vita nell&#8217;Universo che ci circonda. I nostri alleati al di l\u00e0 [&hellip;]<\/p>\n","protected":false},"author":25,"featured_media":0,"parent":6279,"menu_order":2,"comment_status":"closed","ping_status":"closed","template":"page-book-start.php","meta":{"_acf_changed":false,"footnotes":""},"class_list":["post-6296","page","type-page","status-publish","hentry"],"acf":[],"yoast_head":"<!-- This site is optimized with the Yoast SEO plugin v26.5 - https:\/\/yoast.com\/wordpress\/plugins\/seo\/ -->\n<title>Gli Alleati dell\u2019Umanit\u00e0, Libro Secondo: Unit\u00e0 Umana, Libert\u00e0 e la Realt\u00e0 Nascosta del Contatto<\/title>\n<meta name=\"description\" content=\"Nella nostra seconda serie di briefing vogliamo darvi una maggiore comprensione e una maggiore visione di come sia realmente la vita nell&#039;Universo intorno a voi.\" \/>\n<meta name=\"robots\" content=\"index, follow, max-snippet:-1, max-image-preview:large, max-video-preview:-1\" \/>\n<link rel=\"canonical\" href=\"https:\/\/www.alliesofhumanity.org\/it\/the-briefings\/book-two\/\" \/>\n<meta property=\"og:locale\" content=\"it_IT\" \/>\n<meta property=\"og:type\" content=\"article\" \/>\n<meta property=\"og:title\" content=\"Gli Alleati dell\u2019Umanit\u00e0, Libro Secondo: Unit\u00e0 Umana, Libert\u00e0 e la Realt\u00e0 Nascosta del Contatto\" \/>\n<meta property=\"og:description\" content=\"Nella nostra seconda serie di briefing vogliamo darvi una maggiore comprensione e una maggiore visione di come sia realmente la vita nell&#039;Universo intorno a voi.\" \/>\n<meta property=\"og:url\" content=\"https:\/\/www.alliesofhumanity.org\/it\/the-briefings\/book-two\/\" \/>\n<meta property=\"og:site_name\" content=\"The Allies of Humanity\" \/>\n<meta property=\"article:publisher\" content=\"https:\/\/www.facebook.com\/alliesofhumanity\/\" \/>\n<meta property=\"article:modified_time\" content=\"2025-10-15T23:34:29+00:00\" \/>\n<meta property=\"og:image\" content=\"https:\/\/www.alliesofhumanity.org\/wp-content\/uploads\/2021\/01\/og-socialmedia-aoh.jpg\" \/>\n\t<meta property=\"og:image:width\" content=\"1200\" \/>\n\t<meta property=\"og:image:height\" content=\"630\" \/>\n\t<meta property=\"og:image:type\" content=\"image\/jpeg\" \/>\n<meta name=\"twitter:card\" content=\"summary_large_image\" \/>\n<meta name=\"twitter:title\" content=\"Gli Alleati dell\u2019Umanit\u00e0, Libro Secondo: Unit\u00e0 Umana, Libert\u00e0 e la Realt\u00e0 Nascosta del Contatto\" \/>\n<meta name=\"twitter:site\" content=\"@earthallies\" \/>\n<meta name=\"twitter:label1\" content=\"Tempo di lettura stimato\" \/>\n\t<meta name=\"twitter:data1\" content=\"1 minuto\" \/>\n<script type=\"application\/ld+json\" class=\"yoast-schema-graph\">{\"@context\":\"https:\/\/schema.org\",\"@graph\":[{\"@type\":\"WebPage\",\"@id\":\"https:\/\/www.alliesofhumanity.org\/it\/the-briefings\/book-two\/\",\"url\":\"https:\/\/www.alliesofhumanity.org\/it\/the-briefings\/book-two\/\",\"name\":\"Gli Alleati dell\u2019Umanit\u00e0, Libro Secondo: Unit\u00e0 Umana, Libert\u00e0 e la Realt\u00e0 Nascosta del Contatto\",\"isPartOf\":{\"@id\":\"https:\/\/www.alliesofhumanity.org\/it\/#website\"},\"datePublished\":\"2020-09-30T07:54:29+00:00\",\"dateModified\":\"2025-10-15T23:34:29+00:00\",\"description\":\"Nella nostra seconda serie di briefing vogliamo darvi una maggiore comprensione e una maggiore visione di come sia realmente la vita nell'Universo intorno a voi.\",\"breadcrumb\":{\"@id\":\"https:\/\/www.alliesofhumanity.org\/it\/the-briefings\/book-two\/#breadcrumb\"},\"inLanguage\":\"it-IT\",\"potentialAction\":[{\"@type\":\"ReadAction\",\"target\":[\"https:\/\/www.alliesofhumanity.org\/it\/the-briefings\/book-two\/\"]}]},{\"@type\":\"BreadcrumbList\",\"@id\":\"https:\/\/www.alliesofhumanity.org\/it\/the-briefings\/book-two\/#breadcrumb\",\"itemListElement\":[{\"@type\":\"ListItem\",\"position\":1,\"name\":\"I Briefing\",\"item\":\"https:\/\/www.alliesofhumanity.org\/it\/the-briefings\/\"},{\"@type\":\"ListItem\",\"position\":2,\"name\":\"Libro Secondo\"}]},{\"@type\":\"WebSite\",\"@id\":\"https:\/\/www.alliesofhumanity.org\/it\/#website\",\"url\":\"https:\/\/www.alliesofhumanity.org\/it\/\",\"name\":\"The Allies of Humanity\",\"description\":\"\",\"potentialAction\":[{\"@type\":\"SearchAction\",\"target\":{\"@type\":\"EntryPoint\",\"urlTemplate\":\"https:\/\/www.alliesofhumanity.org\/it\/?s={search_term_string}\"},\"query-input\":{\"@type\":\"PropertyValueSpecification\",\"valueRequired\":true,\"valueName\":\"search_term_string\"}}],\"inLanguage\":\"it-IT\"}]}<\/script>\n<!-- \/ Yoast SEO plugin. -->","yoast_head_json":{"title":"Gli Alleati dell\u2019Umanit\u00e0, Libro Secondo: Unit\u00e0 Umana, Libert\u00e0 e la Realt\u00e0 Nascosta del Contatto","description":"Nella nostra seconda serie di briefing vogliamo darvi una maggiore comprensione e una maggiore visione di come sia realmente la vita nell'Universo intorno a voi.","robots":{"index":"index","follow":"follow","max-snippet":"max-snippet:-1","max-image-preview":"max-image-preview:large","max-video-preview":"max-video-preview:-1"},"canonical":"https:\/\/www.alliesofhumanity.org\/it\/the-briefings\/book-two\/","og_locale":"it_IT","og_type":"article","og_title":"Gli Alleati dell\u2019Umanit\u00e0, Libro Secondo: Unit\u00e0 Umana, Libert\u00e0 e la Realt\u00e0 Nascosta del Contatto","og_description":"Nella nostra seconda serie di briefing vogliamo darvi una maggiore comprensione e una maggiore visione di come sia realmente la vita nell'Universo intorno a voi.","og_url":"https:\/\/www.alliesofhumanity.org\/it\/the-briefings\/book-two\/","og_site_name":"The Allies of Humanity","article_publisher":"https:\/\/www.facebook.com\/alliesofhumanity\/","article_modified_time":"2025-10-15T23:34:29+00:00","og_image":[{"width":1200,"height":630,"url":"https:\/\/www.alliesofhumanity.org\/wp-content\/uploads\/2021\/01\/og-socialmedia-aoh.jpg","type":"image\/jpeg"}],"twitter_card":"summary_large_image","twitter_title":"Gli Alleati dell\u2019Umanit\u00e0, Libro Secondo: Unit\u00e0 Umana, Libert\u00e0 e la Realt\u00e0 Nascosta del Contatto","twitter_site":"@earthallies","twitter_misc":{"Tempo di lettura stimato":"1 minuto"},"schema":{"@context":"https:\/\/schema.org","@graph":[{"@type":"WebPage","@id":"https:\/\/www.alliesofhumanity.org\/it\/the-briefings\/book-two\/","url":"https:\/\/www.alliesofhumanity.org\/it\/the-briefings\/book-two\/","name":"Gli Alleati dell\u2019Umanit\u00e0, Libro Secondo: Unit\u00e0 Umana, Libert\u00e0 e la Realt\u00e0 Nascosta del Contatto","isPartOf":{"@id":"https:\/\/www.alliesofhumanity.org\/it\/#website"},"datePublished":"2020-09-30T07:54:29+00:00","dateModified":"2025-10-15T23:34:29+00:00","description":"Nella nostra seconda serie di briefing vogliamo darvi una maggiore comprensione e una maggiore visione di come sia realmente la vita nell'Universo intorno a voi.","breadcrumb":{"@id":"https:\/\/www.alliesofhumanity.org\/it\/the-briefings\/book-two\/#breadcrumb"},"inLanguage":"it-IT","potentialAction":[{"@type":"ReadAction","target":["https:\/\/www.alliesofhumanity.org\/it\/the-briefings\/book-two\/"]}]},{"@type":"BreadcrumbList","@id":"https:\/\/www.alliesofhumanity.org\/it\/the-briefings\/book-two\/#breadcrumb","itemListElement":[{"@type":"ListItem","position":1,"name":"I Briefing","item":"https:\/\/www.alliesofhumanity.org\/it\/the-briefings\/"},{"@type":"ListItem","position":2,"name":"Libro Secondo"}]},{"@type":"WebSite","@id":"https:\/\/www.alliesofhumanity.org\/it\/#website","url":"https:\/\/www.alliesofhumanity.org\/it\/","name":"The Allies of Humanity","description":"","potentialAction":[{"@type":"SearchAction","target":{"@type":"EntryPoint","urlTemplate":"https:\/\/www.alliesofhumanity.org\/it\/?s={search_term_string}"},"query-input":{"@type":"PropertyValueSpecification","valueRequired":true,"valueName":"search_term_string"}}],"inLanguage":"it-IT"}]}},"_links":{"self":[{"href":"https:\/\/www.alliesofhumanity.org\/it\/wp-json\/wp\/v2\/pages\/6296","targetHints":{"allow":["GET"]}}],"collection":[{"href":"https:\/\/www.alliesofhumanity.org\/it\/wp-json\/wp\/v2\/pages"}],"about":[{"href":"https:\/\/www.alliesofhumanity.org\/it\/wp-json\/wp\/v2\/types\/page"}],"author":[{"embeddable":true,"href":"https:\/\/www.alliesofhumanity.org\/it\/wp-json\/wp\/v2\/users\/25"}],"replies":[{"embeddable":true,"href":"https:\/\/www.alliesofhumanity.org\/it\/wp-json\/wp\/v2\/comments?post=6296"}],"version-history":[{"count":13,"href":"https:\/\/www.alliesofhumanity.org\/it\/wp-json\/wp\/v2\/pages\/6296\/revisions"}],"predecessor-version":[{"id":24262,"href":"https:\/\/www.alliesofhumanity.org\/it\/wp-json\/wp\/v2\/pages\/6296\/revisions\/24262"}],"up":[{"embeddable":true,"href":"https:\/\/www.alliesofhumanity.org\/it\/wp-json\/wp\/v2\/pages\/6279"}],"wp:attachment":[{"href":"https:\/\/www.alliesofhumanity.org\/it\/wp-json\/wp\/v2\/media?parent=6296"}],"curies":[{"name":"wp","href":"https:\/\/api.w.org\/{rel}","templated":true}]}}