{"id":6294,"date":"2020-09-30T08:26:58","date_gmt":"2020-09-30T07:26:58","guid":{"rendered":"https:\/\/www.alliesofhumanity.org\/i-briefing\/libro-primo\/parole-finali\/"},"modified":"2024-03-12T07:39:26","modified_gmt":"2024-03-12T06:39:26","slug":"parole-finali","status":"publish","type":"page","link":"https:\/\/www.alliesofhumanity.org\/it\/the-briefings\/book-one\/parole-finali\/","title":{"rendered":"Parole Finali"},"content":{"rendered":"\t\t<div data-elementor-type=\"wp-page\" data-elementor-id=\"6294\" class=\"elementor elementor-6294 elementor-2181\" data-elementor-post-type=\"page\">\t\t\t\t\t\t<section class=\"elementor-section elementor-top-section elementor-element elementor-element-54dadb56 elementor-section-boxed elementor-section-height-default elementor-section-height-default\" data-id=\"54dadb56\" data-element_type=\"section\">\t\t\t\t\t\t<div class=\"elementor-container elementor-column-gap-default\">\t\t\t\t\t<div class=\"elementor-column elementor-col-100 elementor-top-column elementor-element elementor-element-31c5ce98\" data-id=\"31c5ce98\" data-element_type=\"column\">\t\t\t<div class=\"elementor-widget-wrap elementor-element-populated\">\t\t\t\t\t\t<div class=\"elementor-element elementor-element-7d4c35aa elementor-widget elementor-widget-text-editor\" data-id=\"7d4c35aa\" data-element_type=\"widget\" data-widget_type=\"text-editor.default\">\t\t\t\t<div class=\"elementor-widget-container\">\t\t\t\t\t\t\t\t\t<h1 style=\"text-align: center;\">Parole Finali<\/h1>\rL\u2019umanit\u00e0 \u00e8 sulla soglia di un nuovo inizio. \u00c8 di fronte ad una situazione grave. Il bisogno di una nuova formazione e di una nuova comprensione \u00e8 gigantesco. Noi siamo qua per dare il nostro servizio a questo bisogno, su richiesta degli Unseen Ones. Essi contano su di noi affinch\u00e9 noi condividiamo con voi la nostra saggezza, perch\u00e9 noi viviamo nell\u2019universo fisico come voi. Noi non siamo esseri angelici. Noi non siamo perfetti. Noi non abbiamo raggiunto grandi vette nella consapevolezza spirituale e nella realizzazione spirituale. Per questo confidiamo nel fatto che il nostro messaggio a voi, riguardante la Comunit\u00e0 Pi\u00f9 Grande, sar\u00e0 pi\u00f9 attinente e sar\u00e0 pi\u00f9 facilmente concepito. Gli Unseen Ones sanno molto pi\u00f9 di noi circa la vita nell\u2019universo ed i livelli di evoluzione e conseguimento che sono disponibili e che vengono praticati in molti luoghi. Ci hanno tuttavia chiesto di parlarvi in merito alla realt\u00e0 della vita fisica perch\u00e9 \u00e8 dove noi siamo pienamente coinvolti ed abbiamo imparato, dalle nostre dure prove e dai nostri errori, l\u2019importanza ed il significato di quello che stiamo condividendo con voi.\r\rVeniamo a voi come Gli Alleati dell\u2019Umanit\u00e0, perch\u00e9 questo \u00e8 ci\u00f2 che siamo. Siate grati di avere degli alleati che vi possono aiutare, vi possono formare e possono essere di supporto alla vostra forza, alla vostra libert\u00e0 ed al vostro compimento. Perch\u00e9 senza questa assistenza, la possibilit\u00e0 che possiate sopravvivere il genere di infiltrazione aliena che state ora subendo sarebbe estremamente limitata. S\u00ec, ci sarebbero pochi singoli individui che capirebbero la situazione per come veramente essa esiste, ma i loro numeri non sarebbero grandi abbastanza e le loro voci non sarebbero udite.\r<p>\r<\/p>In questo, possiamo solo chiedere la vostra fiducia. Speriamo che, attraverso la saggezza delle nostre parole ed attraverso le opportunit\u00e0 che avete per imparare il loro significato e la loro pertinenza, nel tempo potremo avere questa fiducia da voi, perch\u00e9 avete in noi degli alleati nella Comunit\u00e0 Pi\u00f9 Grande. In noi, avete grandi amici al di l\u00e0 di questo mondo. Abbiamo sofferto le ostili sfide che state per affrontare ora voi ed abbiamo avuto successo. Perch\u00e9 abbiamo avuto assistenza, ora dobbiamo noi assistere altri. Questo \u00e8 il nostro patto sacro. \u00c8 a questo che noi siamo fermamente votati.\t\t\t\t\t\t\t\t<\/div>\t\t\t\t<\/div>\t\t\t\t\t<\/div>\t\t<\/div>\t\t\t\t\t<\/div>\t\t<\/section>\t\t\t\t<\/div><p>\t\t<\/p>","protected":false},"excerpt":{"rendered":"<p>Parole Finali L\u2019umanit\u00e0 \u00e8 sulla soglia di un nuovo inizio. \u00c8 di fronte ad una situazione grave. Il bisogno di una nuova formazione e di una nuova comprensione \u00e8 gigantesco. Noi siamo qua per dare il nostro servizio a questo bisogno, su richiesta degli Unseen Ones. Essi contano su di noi affinch\u00e9 noi condividiamo con [&hellip;]<\/p>\n","protected":false},"author":23,"featured_media":0,"parent":6282,"menu_order":7,"comment_status":"closed","ping_status":"closed","template":"page.php","meta":{"_acf_changed":false,"footnotes":""},"class_list":["post-6294","page","type-page","status-publish","hentry"],"acf":[],"yoast_head":"<!-- This site is optimized with the Yoast SEO plugin v26.5 - https:\/\/yoast.com\/wordpress\/plugins\/seo\/ -->\n<title>I Briefing degli Alleati dell\u2019Umanit\u00e0, Libro Primo: Parole Finali<\/title>\n<meta name=\"description\" content=\"L&#039;umanit\u00e0 \u00e8 di fronte a un nuovo inizio. Si trova di fronte ad una grave situazione. Il contatto ET \u00e8 in corso. I bisogni, le sfide e le opportunit\u00e0 sono grandi\" \/>\n<meta name=\"robots\" content=\"index, follow, max-snippet:-1, max-image-preview:large, max-video-preview:-1\" \/>\n<link rel=\"canonical\" href=\"https:\/\/www.alliesofhumanity.org\/it\/the-briefings\/book-one\/parole-finali\/\" \/>\n<meta property=\"og:locale\" content=\"it_IT\" \/>\n<meta property=\"og:type\" content=\"article\" \/>\n<meta property=\"og:title\" content=\"I Briefing degli Alleati dell\u2019Umanit\u00e0, Libro Primo: Parole Finali\" \/>\n<meta property=\"og:description\" content=\"L&#039;umanit\u00e0 \u00e8 di fronte a un nuovo inizio. Si trova di fronte ad una grave situazione. Il contatto ET \u00e8 in corso. I bisogni, le sfide e le opportunit\u00e0 sono grandi\" \/>\n<meta property=\"og:url\" content=\"https:\/\/www.alliesofhumanity.org\/it\/the-briefings\/book-one\/parole-finali\/\" \/>\n<meta property=\"og:site_name\" content=\"The Allies of Humanity\" \/>\n<meta property=\"article:publisher\" content=\"https:\/\/www.facebook.com\/alliesofhumanity\/\" \/>\n<meta property=\"article:modified_time\" content=\"2024-03-12T06:39:26+00:00\" \/>\n<meta property=\"og:image\" content=\"https:\/\/www.alliesofhumanity.org\/wp-content\/uploads\/2021\/01\/og-socialmedia-aoh.jpg\" \/>\n\t<meta property=\"og:image:width\" content=\"1200\" \/>\n\t<meta property=\"og:image:height\" content=\"630\" \/>\n\t<meta property=\"og:image:type\" content=\"image\/jpeg\" \/>\n<meta name=\"twitter:card\" content=\"summary_large_image\" \/>\n<meta name=\"twitter:title\" content=\"I Briefing degli Alleati dell\u2019Umanit\u00e0, Libro Primo: Parole Finali\" \/>\n<meta name=\"twitter:site\" content=\"@earthallies\" \/>\n<meta name=\"twitter:label1\" content=\"Tempo di lettura stimato\" \/>\n\t<meta name=\"twitter:data1\" content=\"2 minuti\" \/>\n<script type=\"application\/ld+json\" class=\"yoast-schema-graph\">{\"@context\":\"https:\/\/schema.org\",\"@graph\":[{\"@type\":\"WebPage\",\"@id\":\"https:\/\/www.alliesofhumanity.org\/it\/the-briefings\/book-one\/parole-finali\/\",\"url\":\"https:\/\/www.alliesofhumanity.org\/it\/the-briefings\/book-one\/parole-finali\/\",\"name\":\"I Briefing degli Alleati dell\u2019Umanit\u00e0, Libro Primo: Parole Finali\",\"isPartOf\":{\"@id\":\"https:\/\/www.alliesofhumanity.org\/it\/#website\"},\"datePublished\":\"2020-09-30T07:26:58+00:00\",\"dateModified\":\"2024-03-12T06:39:26+00:00\",\"description\":\"L'umanit\u00e0 \u00e8 di fronte a un nuovo inizio. Si trova di fronte ad una grave situazione. Il contatto ET \u00e8 in corso. I bisogni, le sfide e le opportunit\u00e0 sono grandi\",\"breadcrumb\":{\"@id\":\"https:\/\/www.alliesofhumanity.org\/it\/the-briefings\/book-one\/parole-finali\/#breadcrumb\"},\"inLanguage\":\"it-IT\",\"potentialAction\":[{\"@type\":\"ReadAction\",\"target\":[\"https:\/\/www.alliesofhumanity.org\/it\/the-briefings\/book-one\/parole-finali\/\"]}]},{\"@type\":\"BreadcrumbList\",\"@id\":\"https:\/\/www.alliesofhumanity.org\/it\/the-briefings\/book-one\/parole-finali\/#breadcrumb\",\"itemListElement\":[{\"@type\":\"ListItem\",\"position\":1,\"name\":\"I Briefing\",\"item\":\"https:\/\/www.alliesofhumanity.org\/it\/the-briefings\/\"},{\"@type\":\"ListItem\",\"position\":2,\"name\":\"Libro Primo\",\"item\":\"https:\/\/www.alliesofhumanity.org\/it\/the-briefings\/book-one\/\"},{\"@type\":\"ListItem\",\"position\":3,\"name\":\"Parole Finali\"}]},{\"@type\":\"WebSite\",\"@id\":\"https:\/\/www.alliesofhumanity.org\/it\/#website\",\"url\":\"https:\/\/www.alliesofhumanity.org\/it\/\",\"name\":\"The Allies of Humanity\",\"description\":\"\",\"potentialAction\":[{\"@type\":\"SearchAction\",\"target\":{\"@type\":\"EntryPoint\",\"urlTemplate\":\"https:\/\/www.alliesofhumanity.org\/it\/?s={search_term_string}\"},\"query-input\":{\"@type\":\"PropertyValueSpecification\",\"valueRequired\":true,\"valueName\":\"search_term_string\"}}],\"inLanguage\":\"it-IT\"}]}<\/script>\n<!-- \/ Yoast SEO plugin. -->","yoast_head_json":{"title":"I Briefing degli Alleati dell\u2019Umanit\u00e0, Libro Primo: Parole Finali","description":"L'umanit\u00e0 \u00e8 di fronte a un nuovo inizio. Si trova di fronte ad una grave situazione. Il contatto ET \u00e8 in corso. I bisogni, le sfide e le opportunit\u00e0 sono grandi","robots":{"index":"index","follow":"follow","max-snippet":"max-snippet:-1","max-image-preview":"max-image-preview:large","max-video-preview":"max-video-preview:-1"},"canonical":"https:\/\/www.alliesofhumanity.org\/it\/the-briefings\/book-one\/parole-finali\/","og_locale":"it_IT","og_type":"article","og_title":"I Briefing degli Alleati dell\u2019Umanit\u00e0, Libro Primo: Parole Finali","og_description":"L'umanit\u00e0 \u00e8 di fronte a un nuovo inizio. Si trova di fronte ad una grave situazione. Il contatto ET \u00e8 in corso. I bisogni, le sfide e le opportunit\u00e0 sono grandi","og_url":"https:\/\/www.alliesofhumanity.org\/it\/the-briefings\/book-one\/parole-finali\/","og_site_name":"The Allies of Humanity","article_publisher":"https:\/\/www.facebook.com\/alliesofhumanity\/","article_modified_time":"2024-03-12T06:39:26+00:00","og_image":[{"width":1200,"height":630,"url":"https:\/\/www.alliesofhumanity.org\/wp-content\/uploads\/2021\/01\/og-socialmedia-aoh.jpg","type":"image\/jpeg"}],"twitter_card":"summary_large_image","twitter_title":"I Briefing degli Alleati dell\u2019Umanit\u00e0, Libro Primo: Parole Finali","twitter_site":"@earthallies","twitter_misc":{"Tempo di lettura stimato":"2 minuti"},"schema":{"@context":"https:\/\/schema.org","@graph":[{"@type":"WebPage","@id":"https:\/\/www.alliesofhumanity.org\/it\/the-briefings\/book-one\/parole-finali\/","url":"https:\/\/www.alliesofhumanity.org\/it\/the-briefings\/book-one\/parole-finali\/","name":"I Briefing degli Alleati dell\u2019Umanit\u00e0, Libro Primo: Parole Finali","isPartOf":{"@id":"https:\/\/www.alliesofhumanity.org\/it\/#website"},"datePublished":"2020-09-30T07:26:58+00:00","dateModified":"2024-03-12T06:39:26+00:00","description":"L'umanit\u00e0 \u00e8 di fronte a un nuovo inizio. Si trova di fronte ad una grave situazione. Il contatto ET \u00e8 in corso. I bisogni, le sfide e le opportunit\u00e0 sono grandi","breadcrumb":{"@id":"https:\/\/www.alliesofhumanity.org\/it\/the-briefings\/book-one\/parole-finali\/#breadcrumb"},"inLanguage":"it-IT","potentialAction":[{"@type":"ReadAction","target":["https:\/\/www.alliesofhumanity.org\/it\/the-briefings\/book-one\/parole-finali\/"]}]},{"@type":"BreadcrumbList","@id":"https:\/\/www.alliesofhumanity.org\/it\/the-briefings\/book-one\/parole-finali\/#breadcrumb","itemListElement":[{"@type":"ListItem","position":1,"name":"I Briefing","item":"https:\/\/www.alliesofhumanity.org\/it\/the-briefings\/"},{"@type":"ListItem","position":2,"name":"Libro Primo","item":"https:\/\/www.alliesofhumanity.org\/it\/the-briefings\/book-one\/"},{"@type":"ListItem","position":3,"name":"Parole Finali"}]},{"@type":"WebSite","@id":"https:\/\/www.alliesofhumanity.org\/it\/#website","url":"https:\/\/www.alliesofhumanity.org\/it\/","name":"The Allies of Humanity","description":"","potentialAction":[{"@type":"SearchAction","target":{"@type":"EntryPoint","urlTemplate":"https:\/\/www.alliesofhumanity.org\/it\/?s={search_term_string}"},"query-input":{"@type":"PropertyValueSpecification","valueRequired":true,"valueName":"search_term_string"}}],"inLanguage":"it-IT"}]}},"_links":{"self":[{"href":"https:\/\/www.alliesofhumanity.org\/it\/wp-json\/wp\/v2\/pages\/6294","targetHints":{"allow":["GET"]}}],"collection":[{"href":"https:\/\/www.alliesofhumanity.org\/it\/wp-json\/wp\/v2\/pages"}],"about":[{"href":"https:\/\/www.alliesofhumanity.org\/it\/wp-json\/wp\/v2\/types\/page"}],"author":[{"embeddable":true,"href":"https:\/\/www.alliesofhumanity.org\/it\/wp-json\/wp\/v2\/users\/23"}],"replies":[{"embeddable":true,"href":"https:\/\/www.alliesofhumanity.org\/it\/wp-json\/wp\/v2\/comments?post=6294"}],"version-history":[{"count":4,"href":"https:\/\/www.alliesofhumanity.org\/it\/wp-json\/wp\/v2\/pages\/6294\/revisions"}],"predecessor-version":[{"id":22093,"href":"https:\/\/www.alliesofhumanity.org\/it\/wp-json\/wp\/v2\/pages\/6294\/revisions\/22093"}],"up":[{"embeddable":true,"href":"https:\/\/www.alliesofhumanity.org\/it\/wp-json\/wp\/v2\/pages\/6282"}],"wp:attachment":[{"href":"https:\/\/www.alliesofhumanity.org\/it\/wp-json\/wp\/v2\/media?parent=6294"}],"curies":[{"name":"wp","href":"https:\/\/api.w.org\/{rel}","templated":true}]}}