{"id":6276,"date":"2020-09-30T07:07:21","date_gmt":"2020-09-30T06:07:21","guid":{"rendered":"https:\/\/www.alliesofhumanity.org\/gli-alleati\/"},"modified":"2024-12-27T08:24:38","modified_gmt":"2024-12-27T07:24:38","slug":"the-allies","status":"publish","type":"page","link":"https:\/\/www.alliesofhumanity.org\/it\/the-allies\/","title":{"rendered":"Gli Alleati"},"content":{"rendered":"\t\t<div data-elementor-type=\"wp-page\" data-elementor-id=\"6276\" class=\"elementor elementor-6276 elementor-758\" data-elementor-post-type=\"page\">\t\t\t\t\t\t<section class=\"elementor-section elementor-top-section elementor-element elementor-element-13aff578 elementor-section-full_width elementor-section-height-default elementor-section-height-default\" data-id=\"13aff578\" data-element_type=\"section\">\t\t\t\t\t\t<div class=\"elementor-container elementor-column-gap-default\">\t\t\t\t\t<div class=\"elementor-column elementor-col-100 elementor-top-column elementor-element elementor-element-73bd0eae\" data-id=\"73bd0eae\" data-element_type=\"column\">\t\t\t<div class=\"elementor-widget-wrap elementor-element-populated\">\t\t\t\t\t\t<div class=\"elementor-element elementor-element-0581c07 elementor-widget elementor-widget-text-editor\" data-id=\"0581c07\" data-element_type=\"widget\" data-widget_type=\"text-editor.default\">\t\t\t\t<div class=\"elementor-widget-container\">\t\t\t\t\t\t\t\t\t<h5>Gli Alleati dell&#8217;Umanit\u00e0 viene presentato per preparare le persone ad una realt\u00e0 completamente nuova che \u00e8 in gran parte nascosta e non riconosciuta nel mondo di oggi. Il Libro fornisce una nuova prospettiva che consente alle persone di affrontare la pi\u00f9 grande sfida e opportunit\u00e0 che noi, come razza, abbiamo mai incontrato.<\/h5><p>Le istruzioni degli Alleati contengono un certo numero di dichiarazioni importanti e, a dir poco, allarmanti, circa l\u2019intervento di extraterrestri, sempre crescente nell\u2019ambito della razza umana e circa le attivit\u00e0 e l\u2019agenda segreta di alcune razze di extraterrestri.<\/p><p>Lo scopo dei Briefing degli Alleati non \u00e8 fornire una prova inconfutabile circa la realt\u00e0 ET e del loro intervento nel nostro mondo, che \u00e8 gi\u00e0 ben documentato in molti altri comprensivi libri e pubblicazioni di ricerca su tale soggetto. Lo scopo dei Briefing degli Alleati \u00e8 sottolineare le implicazioni drammatiche ed ampie di questo fenomeno, tali da sfidare le nostre abitudini e le nostre ideologie umane e per avvertire l\u2019umana famiglia della grande soglia che stiamo per varcare.<\/p><p>I Briefing forniscono una prospettiva della realt\u00e0 di vita intelligente nell\u2019universo e cosa il contatto realmente significher\u00e0. Per molti lettori, ci\u00f2 che \u00e8 rivelato ne <em>Gli Alleati dell\u2019Umanit\u00e0<\/em> sar\u00e0 interamente nuovo. Per altri, sar\u00e0 una conferma delle cose che hanno da lungo tempo percepito e conosciuto.<\/p><p>Sebbene questi Briefing forniscono un messaggio urgente, essi mirano anche a muoversi verso una coscienza superiore chiamata <a href=\"https:\/\/www.newmessage.org\/wiki\/Knowledge_Quotes\"><em>\u201cConoscenza\u201d<\/em><\/a><em>,<\/em> che comporta una capacit\u00e0 telepatica superiore tra le persone e tra le razze. Alla luce di ci\u00f2, i Briefing degli Alleati sono stati trasmessi all&#8217;autore, <a href=\"https:\/\/marshallsummers.com\">Marshall Vian Summers<\/a> da un gruppo extraterrestre multirazziale di individui che si definiscono \u201cAlleati dell&#8217;Umanit\u00e0.\u201d<\/p><p>Si descrivono come esseri fisici di altri mondi che si sono riuniti nel nostro sistema solare vicino alla terra con lo scopo di osservare le comunicazioni e le attivit\u00e0 di quelle razze straniere che sono qui nel nostro mondo e che interferiscono negli affari umani. Danno risalto al fatto che loro stessi non sono fisicamente presenti nel nostro mondo e che ci stanno trasmettendo la necessaria saggezza, non della tecnologia, e non stanno interferendo con noi.<\/p><p>I Briefing degli alleati sono stati dati all\u2019autore durante il periodo di un anno. Offrono la prospettiva e la visione all\u2019interno di un\u2019attivit\u00e0 complessa che, nonostante i decenni di crescenti testimonianze, continua a confondere i ricercatori. Tuttavia questa prospettiva non \u00e8 romantica, speculativa o idealistica nel suo metodo di affrontare questo argomento. Al contrario, \u00e8 senza mezzi termini realistica ed intransigente, tale da poter sembrare oltremodo provocatoria, anche a un lettore che abbia abbastanza conoscenza in materia.<\/p><p class=\"float-left bleed-left\"><img decoding=\"async\" src=\"https:\/\/www.alliesofhumanity.org\/wp-content\/uploads\/2020\/06\/960x540-aoh-book-1.jpg\" alt=\"\" \/><\/p><p>Di conseguenza, per recepire ci\u00f2 che questo libro ha da offrire bisogna mettere da parte, per un momento almeno, molte delle convinzioni, dei presupposti e delle domande che si possano avere circa il contatto extraterrestre e perfino sul modo in cui queste istruzioni sono state ricevute. Il contenuto di questo libro \u00e8 come un messaggio in una bottiglia trasmessa qui da un altro mondo. Quindi, non dovremmo essere incuriositi dalla bottiglia ma dal messaggio in essa contenuto.<\/p><p>Per capire veramente questo messaggio provocatorio, dobbiamo sfidare e mettere in discussione molti dei prevalenti presupposti e ideologie riguardo alla possibilit\u00e0 e alla realt\u00e0 del contatto. Questi includono:<\/p><ul><li>rifiuto;<\/li><li>speranzosa aspettativa;<\/li><li>interpretazione erronea della prova per far valere le nostre convinzioni;<\/li><li>volere e aspettarsi una salvezza dai \u201cvisitatori\u201d;<\/li><li>credere che la tecnologia ET possa essere la nostra salvezza;<\/li><li>sentirsi impotenti ed inferiori a ci\u00f2 che noi supponiamo sia una forza superiore;<\/li><li>esigere la \u2018disclosure\u2019 da parte dei governi ma non da parte degli ET;<\/li><li>condannare i capi e le istituzioni umane ma accettare incondizionatamente la presenza dei \u201cvisitatori\u201d;<\/li><li>supporre che, poich\u00e9 non ci hanno ancora attaccato o invaso, devono essere qui per il nostro bene;<\/li><li>supporre che la tecnologia avanzata sia sinonimo di etica e di spiritualit\u00e0 avanzate;<\/li><li>credere che questo fenomeno sia un mistero quando, in effetti, \u00e8 un evento comprensibile;<\/li><li>credere che gli ET abbiano delle rivendicazioni da fare sull\u2019umanit\u00e0 e sul nostro pianeta;<\/li><li>e credere che l\u2019umanit\u00e0 sia irrimediabile e non possa farcela da sola.<\/li><\/ul><p>I Briefing degli Alleati sfidano tali presupposti e tali credenze, disintegrando molti dei miti che attualmente abbiamo circa quelli che ci stanno visitando e perch\u00e9 sono qui.<\/p><p>I Briefing degli Alleati dell\u2019Umanit\u00e0 ci danno una maggior prospettiva e ci fanno capire pi\u00f9 in profondit\u00e0 qual \u00e8 il nostro destino all\u2019interno di un pi\u00f9 grande panorama di vita intelligente nell\u2019universo. Per realizzare questo, gli Alleati non parlano alla nostra mente analitica ma alla nostra conoscenza, la parte pi\u00f9 profonda del nostro essere dove la verit\u00e0, per quanto offuscata, pu\u00f2 direttamente essere discinta e sentita.<\/p><p><em>Gli Alleati dell\u2019Umanit\u00e0<\/em> far\u00e0 emergere molte domande, che richiederanno ulteriori chiarimenti. Il punto focale non \u00e8 fornire nomi, date e luoghi ma fornire una prospettiva sulla presenza extraterrestre nel mondo e sulla vita nell\u2019universo che noi, come esseri umani, non potremmo altrimenti avere.<\/p><p>Mentre ancora viviamo in completo isolamento sulla superficie del nostro mondo, non possiamo ancora vedere e capire che cosa sta accadendo in riferimento a vite intelligenti oltre i nostri confini. Per questo abbiamo bisogno di aiuto, aiuto di un genere molto straordinario. Potremo non riconoscere inizialmente o accettare tale aiuto. Tuttavia esso \u00e8 qui.<\/p><p class=\"float-right bleed-right\"><img decoding=\"async\" src=\"https:\/\/www.alliesofhumanity.org\/wp-content\/uploads\/2020\/06\/960x540-aoh-book-2.jpg\" alt=\"\" \/><\/p><p>Lo scopo dichiarato degli Alleati \u00e8 quello di avvisarci dei rischi di entrare a far parte di una Comunit\u00e0 Pi\u00f9 Grande di vita intelligente e di aiutarci con successo nell\u2019oltrepassare questa grande soglia in modo tale che la libert\u00e0, la sovranit\u00e0 e l\u2019autodeterminazione umana possano essere preservate.<\/p><p>Gli Alleati sono qui per farci capire la necessit\u00e0 dell\u2019umanit\u00e0 di stabilire le nostre \u201cRegole dell\u2019Ingaggio\u201d durante quest\u2019epoca che non ha precedenti. Secondo gli Alleati, se saremo saggi, pronti ed uniti, allora potremo prendere il nostro meritato posto come razza matura e libera all\u2019interno di questa Comunit\u00e0 Pi\u00f9 Grande.<\/p><p>Durante il periodo in cui questa serie di istruzioni \u00e8 stata trasmessa, gli alleati hanno ripetuto determinate idee chiave che hanno ritenuto fossero vitali per la nostra comprensione. Abbiamo mantenuto queste reiterazioni nei Briefing per conservare l\u2019intenzione e l\u2019integrit\u00e0 della loro comunicazione. A causa della natura urgente del messaggio degli Alleati ed a causa di forze nel mondo che si opporrebbero a questo messaggio, c\u2019\u00e8 una saggezza e una necessit\u00e0 insite in queste reiterazioni.<\/p><p>Dopo la pubblicazione di <em>Gli Alleati dell&#8217;Umanit\u00e0<\/em> nel 2001, gli Alleati hanno fornito una seconda serie di Briefing per completare il loro messaggio vitale per l&#8217;umanit\u00e0. <em>Gli Alleati dell&#8217;Umanit\u00e0 &#8211; Libro Secondo<\/em>, pubblicato nel 2005, presenta nuove sorprendenti informazioni sulle interazioni tra le razze nel nostro Universo locale e sulla natura, lo scopo e le attivit\u00e0 pi\u00f9 nascoste di quelle razze che stanno interferendo negli affari umani.<\/p><p>Gli Alleati hanno ripreso la comunicazione nel 2008, descrivendo ulteriormente il complesso ambiente in cui l&#8217;umanit\u00e0 sta emergendo. La terza serie di Briefing \u00e8 stata pubblicata nel 2012.<\/p><p>Grazie a quei lettori che hanno ritenuto importante ed urgente il messaggio degli Alleati ed hanno tradotto i Briefing in altre lingue, vi \u00e8 una maggiore e crescente consapevolezza in tutto il mondo sulla realt\u00e0 dell\u2019Intromissione.<\/p><p>Noi della &#8216;Society for the New Message&#8217; riteniamo che queste tre serie di Briefing contengano uno dei pi\u00f9 importanti messaggi comunicati al mondo di oggi.<\/p><p><em>Gli Alleati dell\u2019Umanit\u00e0<\/em> non \u00e8 solo un altro libro che specula sul fenomeno di UFO\/ET. \u00c8 un messaggio trasformazionale genuino che mira direttamente allo scopo di fondo cio\u00e8 all\u2019intervento alieno, in modo tale da poter consolidare la consapevolezza di quello di cui avremo bisogno per affrontare le sfide e le opportunit\u00e0 che ci stanno dinnanzi.<\/p><p><a title=\"Go to newmessage.org\" href=\"https:\/\/www.newmessage.org\/worldwide-community\/society\" target=\"_blank\" rel=\"noopener noreferrer\">The Society for the New Message<\/a><\/p>\t\t\t\t\t\t\t\t<\/div>\t\t\t\t<\/div>\t\t\t\t\t<\/div>\t\t<\/div>\t\t\t\t\t<\/div>\t\t<\/section>\t\t\t\t<\/div><p>\t\t<\/p>","protected":false},"excerpt":{"rendered":"<p>Gli Alleati dell&#8217;Umanit\u00e0 viene presentato per preparare le persone ad una realt\u00e0 completamente nuova che \u00e8 in gran parte nascosta e non riconosciuta nel mondo di oggi. Il Libro fornisce una nuova prospettiva che consente alle persone di affrontare la pi\u00f9 grande sfida e opportunit\u00e0 che noi, come razza, abbiamo mai incontrato. Le istruzioni degli [&hellip;]<\/p>\n","protected":false},"author":25,"featured_media":0,"parent":0,"menu_order":1,"comment_status":"closed","ping_status":"closed","template":"page.php","meta":{"_acf_changed":false,"footnotes":""},"class_list":["post-6276","page","type-page","status-publish","hentry"],"acf":[],"yoast_head":"<!-- This site is optimized with the Yoast SEO plugin v26.5 - https:\/\/yoast.com\/wordpress\/plugins\/seo\/ -->\n<title>Introduzione di Gli Alleati dell\u2019Umanit\u00e0: Si rivela l&#039;Intromissione ET<\/title>\n<meta name=\"description\" content=\"I briefing degli alleati contengono una serie di dichiarazioni critiche, se non allarmanti, sulla crescente intromissione extraterrestre e la loro agenda.\" \/>\n<meta name=\"robots\" content=\"index, follow, max-snippet:-1, max-image-preview:large, max-video-preview:-1\" \/>\n<link rel=\"canonical\" href=\"https:\/\/www.alliesofhumanity.org\/it\/the-allies\/\" \/>\n<meta property=\"og:locale\" content=\"it_IT\" \/>\n<meta property=\"og:type\" content=\"article\" \/>\n<meta property=\"og:title\" content=\"Introduzione di Gli Alleati dell\u2019Umanit\u00e0: Si rivela l&#039;Intromissione ET\" \/>\n<meta property=\"og:description\" content=\"I briefing degli alleati contengono una serie di dichiarazioni critiche, se non allarmanti, sulla crescente intromissione extraterrestre e la loro agenda.\" \/>\n<meta property=\"og:url\" content=\"https:\/\/www.alliesofhumanity.org\/it\/the-allies\/\" \/>\n<meta property=\"og:site_name\" content=\"The Allies of Humanity\" \/>\n<meta property=\"article:publisher\" content=\"https:\/\/www.facebook.com\/alliesofhumanity\/\" \/>\n<meta property=\"article:modified_time\" content=\"2024-12-27T07:24:38+00:00\" \/>\n<meta property=\"og:image\" content=\"https:\/\/www.alliesofhumanity.org\/wp-content\/uploads\/2021\/01\/og-socialmedia-aoh.jpg\" \/>\n\t<meta property=\"og:image:width\" content=\"1200\" \/>\n\t<meta property=\"og:image:height\" content=\"630\" \/>\n\t<meta property=\"og:image:type\" content=\"image\/jpeg\" \/>\n<meta name=\"twitter:card\" content=\"summary_large_image\" \/>\n<meta name=\"twitter:title\" content=\"Introduzione di Gli Alleati dell\u2019Umanit\u00e0: Si rivela l&#039;Intromissione ET\" \/>\n<meta name=\"twitter:site\" content=\"@earthallies\" \/>\n<meta name=\"twitter:label1\" content=\"Tempo di lettura stimato\" \/>\n\t<meta name=\"twitter:data1\" content=\"6 minuti\" \/>\n<script type=\"application\/ld+json\" class=\"yoast-schema-graph\">{\"@context\":\"https:\/\/schema.org\",\"@graph\":[{\"@type\":\"WebPage\",\"@id\":\"https:\/\/www.alliesofhumanity.org\/it\/the-allies\/\",\"url\":\"https:\/\/www.alliesofhumanity.org\/it\/the-allies\/\",\"name\":\"Introduzione di Gli Alleati dell\u2019Umanit\u00e0: Si rivela l'Intromissione ET\",\"isPartOf\":{\"@id\":\"https:\/\/www.alliesofhumanity.org\/it\/#website\"},\"datePublished\":\"2020-09-30T06:07:21+00:00\",\"dateModified\":\"2024-12-27T07:24:38+00:00\",\"description\":\"I briefing degli alleati contengono una serie di dichiarazioni critiche, se non allarmanti, sulla crescente intromissione extraterrestre e la loro agenda.\",\"inLanguage\":\"it-IT\",\"potentialAction\":[{\"@type\":\"ReadAction\",\"target\":[\"https:\/\/www.alliesofhumanity.org\/it\/the-allies\/\"]}]},{\"@type\":\"WebSite\",\"@id\":\"https:\/\/www.alliesofhumanity.org\/it\/#website\",\"url\":\"https:\/\/www.alliesofhumanity.org\/it\/\",\"name\":\"The Allies of Humanity\",\"description\":\"\",\"potentialAction\":[{\"@type\":\"SearchAction\",\"target\":{\"@type\":\"EntryPoint\",\"urlTemplate\":\"https:\/\/www.alliesofhumanity.org\/it\/?s={search_term_string}\"},\"query-input\":{\"@type\":\"PropertyValueSpecification\",\"valueRequired\":true,\"valueName\":\"search_term_string\"}}],\"inLanguage\":\"it-IT\"}]}<\/script>\n<!-- \/ Yoast SEO plugin. -->","yoast_head_json":{"title":"Introduzione di Gli Alleati dell\u2019Umanit\u00e0: Si rivela l'Intromissione ET","description":"I briefing degli alleati contengono una serie di dichiarazioni critiche, se non allarmanti, sulla crescente intromissione extraterrestre e la loro agenda.","robots":{"index":"index","follow":"follow","max-snippet":"max-snippet:-1","max-image-preview":"max-image-preview:large","max-video-preview":"max-video-preview:-1"},"canonical":"https:\/\/www.alliesofhumanity.org\/it\/the-allies\/","og_locale":"it_IT","og_type":"article","og_title":"Introduzione di Gli Alleati dell\u2019Umanit\u00e0: Si rivela l'Intromissione ET","og_description":"I briefing degli alleati contengono una serie di dichiarazioni critiche, se non allarmanti, sulla crescente intromissione extraterrestre e la loro agenda.","og_url":"https:\/\/www.alliesofhumanity.org\/it\/the-allies\/","og_site_name":"The Allies of Humanity","article_publisher":"https:\/\/www.facebook.com\/alliesofhumanity\/","article_modified_time":"2024-12-27T07:24:38+00:00","og_image":[{"width":1200,"height":630,"url":"https:\/\/www.alliesofhumanity.org\/wp-content\/uploads\/2021\/01\/og-socialmedia-aoh.jpg","type":"image\/jpeg"}],"twitter_card":"summary_large_image","twitter_title":"Introduzione di Gli Alleati dell\u2019Umanit\u00e0: Si rivela l'Intromissione ET","twitter_site":"@earthallies","twitter_misc":{"Tempo di lettura stimato":"6 minuti"},"schema":{"@context":"https:\/\/schema.org","@graph":[{"@type":"WebPage","@id":"https:\/\/www.alliesofhumanity.org\/it\/the-allies\/","url":"https:\/\/www.alliesofhumanity.org\/it\/the-allies\/","name":"Introduzione di Gli Alleati dell\u2019Umanit\u00e0: Si rivela l'Intromissione ET","isPartOf":{"@id":"https:\/\/www.alliesofhumanity.org\/it\/#website"},"datePublished":"2020-09-30T06:07:21+00:00","dateModified":"2024-12-27T07:24:38+00:00","description":"I briefing degli alleati contengono una serie di dichiarazioni critiche, se non allarmanti, sulla crescente intromissione extraterrestre e la loro agenda.","inLanguage":"it-IT","potentialAction":[{"@type":"ReadAction","target":["https:\/\/www.alliesofhumanity.org\/it\/the-allies\/"]}]},{"@type":"WebSite","@id":"https:\/\/www.alliesofhumanity.org\/it\/#website","url":"https:\/\/www.alliesofhumanity.org\/it\/","name":"The Allies of Humanity","description":"","potentialAction":[{"@type":"SearchAction","target":{"@type":"EntryPoint","urlTemplate":"https:\/\/www.alliesofhumanity.org\/it\/?s={search_term_string}"},"query-input":{"@type":"PropertyValueSpecification","valueRequired":true,"valueName":"search_term_string"}}],"inLanguage":"it-IT"}]}},"_links":{"self":[{"href":"https:\/\/www.alliesofhumanity.org\/it\/wp-json\/wp\/v2\/pages\/6276","targetHints":{"allow":["GET"]}}],"collection":[{"href":"https:\/\/www.alliesofhumanity.org\/it\/wp-json\/wp\/v2\/pages"}],"about":[{"href":"https:\/\/www.alliesofhumanity.org\/it\/wp-json\/wp\/v2\/types\/page"}],"author":[{"embeddable":true,"href":"https:\/\/www.alliesofhumanity.org\/it\/wp-json\/wp\/v2\/users\/25"}],"replies":[{"embeddable":true,"href":"https:\/\/www.alliesofhumanity.org\/it\/wp-json\/wp\/v2\/comments?post=6276"}],"version-history":[{"count":1,"href":"https:\/\/www.alliesofhumanity.org\/it\/wp-json\/wp\/v2\/pages\/6276\/revisions"}],"predecessor-version":[{"id":6278,"href":"https:\/\/www.alliesofhumanity.org\/it\/wp-json\/wp\/v2\/pages\/6276\/revisions\/6278"}],"wp:attachment":[{"href":"https:\/\/www.alliesofhumanity.org\/it\/wp-json\/wp\/v2\/media?parent=6276"}],"curies":[{"name":"wp","href":"https:\/\/api.w.org\/{rel}","templated":true}]}}