{"id":6275,"date":"2020-09-30T06:24:09","date_gmt":"2020-09-30T05:24:09","guid":{"rendered":"https:\/\/www.alliesofhumanity.org\/home\/"},"modified":"2024-03-12T07:13:02","modified_gmt":"2024-03-12T06:13:02","slug":"home","status":"publish","type":"page","link":"https:\/\/www.alliesofhumanity.org\/it\/","title":{"rendered":"Home"},"content":{"rendered":"","protected":false},"excerpt":{"rendered":"","protected":false},"author":25,"featured_media":0,"parent":0,"menu_order":0,"comment_status":"closed","ping_status":"closed","template":"home.php","meta":{"_acf_changed":false,"footnotes":""},"class_list":["post-6275","page","type-page","status-publish","hentry"],"acf":[],"yoast_head":"<!-- This site is optimized with the Yoast SEO plugin v26.5 - https:\/\/yoast.com\/wordpress\/plugins\/seo\/ -->\n<title>Gli Alleati dell\u2019Umanit\u00e0: Rivelano la Presenza Extraterrestre<\/title>\n<meta name=\"description\" content=\"\u00c8 in corso un intervento extraterrestre nel mondo di oggi. Leggete i Briefing degli Alleati dell&#039;Umanit\u00e0 (gratuiti online), per saperne di pi\u00f9.\" \/>\n<meta name=\"robots\" content=\"index, follow, max-snippet:-1, max-image-preview:large, max-video-preview:-1\" \/>\n<link rel=\"canonical\" href=\"https:\/\/www.alliesofhumanity.org\/it\/\" \/>\n<meta property=\"og:locale\" content=\"it_IT\" \/>\n<meta property=\"og:type\" content=\"article\" \/>\n<meta property=\"og:title\" content=\"Gli Alleati dell\u2019Umanit\u00e0: Rivelano la Presenza Extraterrestre\" \/>\n<meta property=\"og:description\" content=\"\u00c8 in corso un intervento extraterrestre nel mondo di oggi. Leggete i Briefing degli Alleati dell&#039;Umanit\u00e0 (gratuiti online), per saperne di pi\u00f9.\" \/>\n<meta property=\"og:url\" content=\"https:\/\/www.alliesofhumanity.org\/it\/\" \/>\n<meta property=\"og:site_name\" content=\"The Allies of Humanity\" \/>\n<meta property=\"article:publisher\" content=\"https:\/\/www.facebook.com\/alliesofhumanity\/\" \/>\n<meta property=\"article:modified_time\" content=\"2024-03-12T06:13:02+00:00\" \/>\n<meta property=\"og:image\" content=\"https:\/\/www.alliesofhumanity.org\/wp-content\/uploads\/2021\/01\/og-socialmedia-aoh.jpg\" \/>\n\t<meta property=\"og:image:width\" content=\"1200\" \/>\n\t<meta property=\"og:image:height\" content=\"630\" \/>\n\t<meta property=\"og:image:type\" content=\"image\/jpeg\" \/>\n<meta name=\"twitter:card\" content=\"summary_large_image\" \/>\n<meta name=\"twitter:title\" content=\"Gli Alleati dell\u2019Umanit\u00e0: Rivelano la Presenza Extraterrestre\" \/>\n<meta name=\"twitter:site\" content=\"@earthallies\" \/>\n<script type=\"application\/ld+json\" class=\"yoast-schema-graph\">{\"@context\":\"https:\/\/schema.org\",\"@graph\":[{\"@type\":\"WebPage\",\"@id\":\"https:\/\/www.alliesofhumanity.org\/it\/\",\"url\":\"https:\/\/www.alliesofhumanity.org\/it\/\",\"name\":\"Gli Alleati dell\u2019Umanit\u00e0: Rivelano la Presenza Extraterrestre\",\"isPartOf\":{\"@id\":\"https:\/\/www.alliesofhumanity.org\/it\/#website\"},\"datePublished\":\"2020-09-30T05:24:09+00:00\",\"dateModified\":\"2024-03-12T06:13:02+00:00\",\"description\":\"\u00c8 in corso un intervento extraterrestre nel mondo di oggi. Leggete i Briefing degli Alleati dell'Umanit\u00e0 (gratuiti online), per saperne di pi\u00f9.\",\"inLanguage\":\"it-IT\",\"potentialAction\":[{\"@type\":\"ReadAction\",\"target\":[\"https:\/\/www.alliesofhumanity.org\/it\/\"]}]},{\"@type\":\"WebSite\",\"@id\":\"https:\/\/www.alliesofhumanity.org\/it\/#website\",\"url\":\"https:\/\/www.alliesofhumanity.org\/it\/\",\"name\":\"The Allies of Humanity\",\"description\":\"\",\"potentialAction\":[{\"@type\":\"SearchAction\",\"target\":{\"@type\":\"EntryPoint\",\"urlTemplate\":\"https:\/\/www.alliesofhumanity.org\/it\/?s={search_term_string}\"},\"query-input\":{\"@type\":\"PropertyValueSpecification\",\"valueRequired\":true,\"valueName\":\"search_term_string\"}}],\"inLanguage\":\"it-IT\"}]}<\/script>\n<!-- \/ Yoast SEO plugin. -->","yoast_head_json":{"title":"Gli Alleati dell\u2019Umanit\u00e0: Rivelano la Presenza Extraterrestre","description":"\u00c8 in corso un intervento extraterrestre nel mondo di oggi. Leggete i Briefing degli Alleati dell'Umanit\u00e0 (gratuiti online), per saperne di pi\u00f9.","robots":{"index":"index","follow":"follow","max-snippet":"max-snippet:-1","max-image-preview":"max-image-preview:large","max-video-preview":"max-video-preview:-1"},"canonical":"https:\/\/www.alliesofhumanity.org\/it\/","og_locale":"it_IT","og_type":"article","og_title":"Gli Alleati dell\u2019Umanit\u00e0: Rivelano la Presenza Extraterrestre","og_description":"\u00c8 in corso un intervento extraterrestre nel mondo di oggi. Leggete i Briefing degli Alleati dell'Umanit\u00e0 (gratuiti online), per saperne di pi\u00f9.","og_url":"https:\/\/www.alliesofhumanity.org\/it\/","og_site_name":"The Allies of Humanity","article_publisher":"https:\/\/www.facebook.com\/alliesofhumanity\/","article_modified_time":"2024-03-12T06:13:02+00:00","og_image":[{"width":1200,"height":630,"url":"https:\/\/www.alliesofhumanity.org\/wp-content\/uploads\/2021\/01\/og-socialmedia-aoh.jpg","type":"image\/jpeg"}],"twitter_card":"summary_large_image","twitter_title":"Gli Alleati dell\u2019Umanit\u00e0: Rivelano la Presenza Extraterrestre","twitter_site":"@earthallies","schema":{"@context":"https:\/\/schema.org","@graph":[{"@type":"WebPage","@id":"https:\/\/www.alliesofhumanity.org\/it\/","url":"https:\/\/www.alliesofhumanity.org\/it\/","name":"Gli Alleati dell\u2019Umanit\u00e0: Rivelano la Presenza Extraterrestre","isPartOf":{"@id":"https:\/\/www.alliesofhumanity.org\/it\/#website"},"datePublished":"2020-09-30T05:24:09+00:00","dateModified":"2024-03-12T06:13:02+00:00","description":"\u00c8 in corso un intervento extraterrestre nel mondo di oggi. Leggete i Briefing degli Alleati dell'Umanit\u00e0 (gratuiti online), per saperne di pi\u00f9.","inLanguage":"it-IT","potentialAction":[{"@type":"ReadAction","target":["https:\/\/www.alliesofhumanity.org\/it\/"]}]},{"@type":"WebSite","@id":"https:\/\/www.alliesofhumanity.org\/it\/#website","url":"https:\/\/www.alliesofhumanity.org\/it\/","name":"The Allies of Humanity","description":"","potentialAction":[{"@type":"SearchAction","target":{"@type":"EntryPoint","urlTemplate":"https:\/\/www.alliesofhumanity.org\/it\/?s={search_term_string}"},"query-input":{"@type":"PropertyValueSpecification","valueRequired":true,"valueName":"search_term_string"}}],"inLanguage":"it-IT"}]}},"_links":{"self":[{"href":"https:\/\/www.alliesofhumanity.org\/it\/wp-json\/wp\/v2\/pages\/6275","targetHints":{"allow":["GET"]}}],"collection":[{"href":"https:\/\/www.alliesofhumanity.org\/it\/wp-json\/wp\/v2\/pages"}],"about":[{"href":"https:\/\/www.alliesofhumanity.org\/it\/wp-json\/wp\/v2\/types\/page"}],"author":[{"embeddable":true,"href":"https:\/\/www.alliesofhumanity.org\/it\/wp-json\/wp\/v2\/users\/25"}],"replies":[{"embeddable":true,"href":"https:\/\/www.alliesofhumanity.org\/it\/wp-json\/wp\/v2\/comments?post=6275"}],"version-history":[{"count":1,"href":"https:\/\/www.alliesofhumanity.org\/it\/wp-json\/wp\/v2\/pages\/6275\/revisions"}],"predecessor-version":[{"id":10021,"href":"https:\/\/www.alliesofhumanity.org\/it\/wp-json\/wp\/v2\/pages\/6275\/revisions\/10021"}],"wp:attachment":[{"href":"https:\/\/www.alliesofhumanity.org\/it\/wp-json\/wp\/v2\/media?parent=6275"}],"curies":[{"name":"wp","href":"https:\/\/api.w.org\/{rel}","templated":true}]}}