{"id":12191,"date":"2021-02-08T07:23:06","date_gmt":"2021-02-08T06:23:06","guid":{"rendered":"https:\/\/www.alliesofhumanity.org\/i-briefing\/libro-quarto\/secure-freedom\/"},"modified":"2024-03-12T08:03:14","modified_gmt":"2024-03-12T07:03:14","slug":"secure-freedom","status":"publish","type":"page","link":"https:\/\/www.alliesofhumanity.org\/it\/the-briefings\/libro-quarto\/secure-freedom\/","title":{"rendered":"Quinto Briefing: Il Grande Coordinamento"},"content":{"rendered":"\t\t<div data-elementor-type=\"wp-page\" data-elementor-id=\"12191\" class=\"elementor elementor-12191 elementor-2540\" data-elementor-post-type=\"page\">\t\t\t\t\t\t<section class=\"elementor-section elementor-top-section elementor-element elementor-element-35782905 elementor-section-boxed elementor-section-height-default elementor-section-height-default\" data-id=\"35782905\" data-element_type=\"section\">\t\t\t\t\t\t<div class=\"elementor-container elementor-column-gap-default\">\t\t\t\t\t<div class=\"elementor-column elementor-col-100 elementor-top-column elementor-element elementor-element-6817cd3b\" data-id=\"6817cd3b\" data-element_type=\"column\">\t\t\t<div class=\"elementor-widget-wrap elementor-element-populated\">\t\t\t\t\t\t<div class=\"elementor-element elementor-element-54a371f elementor-widget elementor-widget-text-editor\" data-id=\"54a371f\" data-element_type=\"widget\" data-widget_type=\"text-editor.default\">\t\t\t\t<div class=\"elementor-widget-container\">\t\t\t\t\t\t\t\t\tSiamo consapevoli che una grande Rivelazione sta venendo inviata al mondo. Anche se non ci \u00e8 stata data questa Rivelazione, siamo collegati ad essa. \u00c8 perch\u00e9 Dio ci ha chiesto di farlo attraverso le Reti dei Saggi, di prendere questo vostro mondo promettente e dargli la saggezza, l&#8217;incoraggiamento, la forza e lo scopo che deve avere ora per superare le sue tendenze e prepararsi per il suo impegnativo futuro.\r\rCome siamo stati aiutati a conquistare la nostra libert\u00e0 nei nostri mondi, in tempi e situazioni diverse, \u00e8 nostro dovere aiutarvi in modo simile, perch\u00e9 questo \u00e8 uno dei modi in cui la saggezza e la forza sono condivise nell&#8217;universo. \u00c8 un lungo lignaggio. Non conosciamo la sua storia antica, eppure siamo parte della sua espressione.\r\r<p>La nostra venuta da voi con questi Briefing \u00e8 collegata a questa Rivelazione per il mondo. Come siete fortunati ad avere una Rivelazione di Dio per il mondo. Ci sono cos\u00ec pochi mondi nell&#8217;universo dove questo potrebbe mai avvenire in qualsiasi tipo di modo pubblico. In una nazione libera, \u00e8 possibile e accade, ma \u00e8 ancora molto raro.\r<\/p><p>\r<\/p><p>Non sappiamo tutto ci\u00f2 di cui parler\u00e0 questa Rivelazione, ma sappiamo che fa parte della vostra preparazione per le cose di cui parliamo. Sappiamo che \u00e8 un dono di forza e di potere per l&#8217;umanit\u00e0.\r<\/p><p>\r<\/p><p>Tuttavia siamo chiamati a testimoniare le realt\u00e0 della vita nell&#8217;universo e il significato delle cose di cui parliamo qui, cose della massima importanza per voi e per il vostro futuro. Fa tutto parte di un Grande Coordinamento per portare all&#8217;umanit\u00e0 questa grande speranza e questo grande aiuto.\r<\/p><p>\r<\/p><p>Siamo lontani dal vostro mondo ora, quindi non possiamo essere testimoni di ci\u00f2 che sta accadendo. Eppure siamo ancora parte di questo Grande Coordinamento. Questo \u00e8 ci\u00f2 in cui siamo impegnati nel nostro piccolo gruppo, quelli di noi che ancora restano.\r<\/p><p>\r<\/p><p>Comprendiamo che c&#8217;\u00e8 un Messaggero per questa grande Rivelazione, ed \u00e8 a questo Messaggero che ci \u00e8 stato ordinato di inviare i Briefing degli Alleati dell&#8217;Umanit\u00e0. Il nostro contatto con lui \u00e8 stato reso possibile dalle Potenze Superiori, contatto fatto in modo tale da non poter essere interferito o rintracciato con nessun mezzo tecnologico.\r<\/p><p>\r<\/p><p>Fa parte del modo in cui il Divino lavora nell&#8217;universo per favorire la saggezza, la libert\u00e0 e La Conoscenza ovunque sia possibile e in qualsiasi misura sia possibile. Possiamo solo pregare, nel modo in cui preghiamo, che questa grande Rivelazione possa incontrare e raggiungere abbastanza persone nel vostro mondo per avere il suo pieno beneficio e impatto.\r<\/p><p class=\"image-quote float-right\"><img decoding=\"async\" src=\"https:\/\/www.alliesofhumanity.org\/wp-content\/uploads\/2020\/12\/quote-book4-briefing5-1.png\" alt=\"\" \/><\/p><blockquote id=\"quote-2\" class=\"text-quote float-right bg-red\">Sappiamo che la libert\u00e0 non \u00e8 un diritto nell'universo. \u00c8 una cosa rara e preziosa. Deve essere stabilita e protetta con la massima determinazione.<\/blockquote><p>\r<\/p><p>Questo assolve il nostro compito, che \u00e8 quello di parlare di queste cose di cui parliamo e di portarvi la Saggezza e La Conoscenza dell&#8217;universo che abbiamo dovuto imparare attraverso grandi prove e grandi necessit\u00e0.\r<\/p><p>\r<\/p><p>Comprendiamo che questo sar\u00e0 molto disorientante per molte persone, tutte queste cose di cui parliamo qui ora. E non abbiamo parlato della Rivelazione da Dio prima perch\u00e9 sentivamo che sarebbe stato troppo per le persone cercare di comprendere, insieme a tutto ci\u00f2 che siamo incaricati di esprimere, la saggezza che siamo incaricati di darvi.\r<\/p><p>\r<\/p><p>Ma ora che siamo lontani, possiamo parlare di altre questioni. \u00c8 necessario che siamo testimoni di questo, di questa Rivelazione del Divino che siete cos\u00ec fortunati di avere in mezzo a voi. Se solo poteste vedere quanto siete fortunati, data la libert\u00e0 che avete oggi, che \u00e8 gi\u00e0 stata il prodotto di tanti doni e sacrifici umani. Se poteste capire quanto sia raro questo evento, la vostra gratitudine sarebbe traboccante, e capireste la sua grande importanza.\r<\/p><p>\r<\/p><p>Dobbiamo ancora una volta parlare della realt\u00e0 della libert\u00e0 da dove siamo e da quello che sappiamo, perch\u00e9 ci viene chiesto di testimoniare queste cose dalla nostra esperienza, non solo dalla nostra ideologia o dal modo in cui pensiamo a queste cose. Sappiamo che la libert\u00e0 non \u00e8 un diritto nell&#8217;universo. \u00c8 una cosa rara e preziosa. Deve essere stabilita e protetta con la massima determinazione.\r<\/p><p class=\"image-quote float-left\"><img decoding=\"async\" src=\"https:\/\/www.alliesofhumanity.org\/wp-content\/uploads\/2020\/12\/quote-book4-briefing5-2.png\" alt=\"\" \/><\/p><blockquote id=\"quote-4\" class=\"text-quote float-left bg-gray\">Il maggior potere, la maggior forza e le sue dimostrazioni devono essere nascoste se si cerca di avere la possibilit\u00e0 di libert\u00e0 e autodeterminazione.<\/blockquote><p>\r<\/p><p>Abbiamo guadagnato la libert\u00e0 di servire in questo modo, di poter servire un&#8217;altra razza in questo modo\u2014in un modo che la gente del vostro mondo pu\u00f2 sentire, che pu\u00f2 essere reso disponibile come testimonianza. Quanto \u00e8 raro questo.\r<\/p><p>\r<\/p><p>Siamo stati assistiti in questo modo una volta che abbiamo potuto assicurare la nostra libert\u00e0 nelle nostre nazioni, perch\u00e9 i Poteri Superiori hanno potuto aiutarci direttamente. Perch\u00e9 lo sviluppo della libert\u00e0 e la stabilit\u00e0 della libert\u00e0 \u00e8 una sfida continua che richiede grande maturit\u00e0, saggezza e moderazione. Anche se non siamo societ\u00e0 illuminate come forse pensate, siamo abbastanza liberi per avere questa opportunit\u00e0 e per essere aiutati in questo modo.\r<\/p><p>\r<\/p><p>Ma l&#8217;Umanit\u00e0 non ha ancora questa libert\u00e0, anche attualmente, perch\u00e9 una nuova Rivelazione per il vostro mondo sar\u00e0 molto contrastata e contestata. \u00c8 l&#8217;evoluzione della vostra razza nel suo insieme a fare che sia cos\u00ec.\r<\/p><p>\r<\/p><p>Eppure, mentre vi trovate alle soglie della vita nell&#8217;universo, non potrebbe esservi dato un vantaggio maggiore o una forza maggiore. Perch\u00e9, come abbiamo detto pi\u00f9 volte, nessuna razza verr\u00e0 a stabilire la libert\u00e0 per voi. Nessuna razza verr\u00e0 ad elevare la vostra tecnologia per voi. Nessuna razza verr\u00e0 a gestire il vostro mondo per voi. Non per voi. Questa \u00e8 la verit\u00e0 che deve essere riconosciuta, o non capirete cosa state affrontando.\r<\/p><p class=\"image-quote float-right\"><img decoding=\"async\" src=\"https:\/\/www.alliesofhumanity.org\/wp-content\/uploads\/2020\/12\/quote-book4-briefing5-3.png\" alt=\"\" \/><\/p><blockquote id=\"quote-6\" class=\"text-quote float-right bg-red\">Il vostro compito \u00e8 assicurare la libert\u00e0 del vostro popolo e del vostro mondo, mantenere viva La Conoscenza nel vostro mondo, mantenere viva la saggezza nel vostro mondo, dove sembrer\u00e0 sempre minacciata e attaccata da altri che vogliono usare tutto per potere e beneficio personale.<\/blockquote><p>\r<\/p><p>\u00c8 cos\u00ec raro che una razza possa servire un&#8217;altra nel modo in cui stiamo facendo qui, perch\u00e9 di solito le vie di sostegno sono molto segrete, molto sottili, al di l\u00e0 della sorveglianza dei governi. \u00c8 una cosa molto preziosa quella di cui parliamo.\r<\/p><p>\r<\/p><p>Per quanto riguarda le societ\u00e0 libere, c&#8217;\u00e8 qualcos&#8217;altro che dobbiamo dirvi. Le societ\u00e0 libere riconoscono i limiti della tecnologia benefica. Se portate la tecnologia troppo oltre, oltre le vostre necessit\u00e0 di base, oltre i benefici fondamentali per la vostra societ\u00e0, attirate a voi altre potenze. Il vostro isolamento nell&#8217;universo comincia a diminuire. A quel punto vi trovate con poteri che sono molto difficili da nascondere.\r<\/p><p>\r<\/p><p>Perch\u00e9 anche se le nostre razze sono libere nei modi di cui abbiamo parlato, ci sono ancora altri occhi che ci osservano in ogni momento. Se dovessimo dimostrare delle capacit\u00e0 straordinarie o una tecnologia straordinaria, ci\u00f2 inviter\u00e0 ad un esame e ad una persuasione sempre maggiori. Altri cercheranno di ottenerle da noi con qualsiasi mezzo, a parte la conquista diretta. Questo \u00e8 il motivo per cui i poteri che potremmo avere devono essere espressi molto sottilmente, persino tenuti fuori dalla vista pubblica tra i Saggi che guidano i nostri mondi.\r<\/p><p>\r<\/p><p>Questa \u00e8 la verit\u00e0 della vita nell&#8217;universo, il maggior potere, la maggior forza e le sue dimostrazioni devono essere nascoste se si cerca di avere la possibilit\u00e0 di libert\u00e0 e autodeterminazione.\r<\/p><p>\r<\/p><p>Ci sono veggenti in altre nazioni che cercano di vedere nei nostri affari, che cercano di discernere cosa stiamo facendo, cosa abbiamo, le nostre forze e le nostre debolezze. Possiamo contrastare questo solo fino ad un certo punto. Perch\u00e9 una volta che gli occhi dell&#8217;universo sono puntati su di voi, continueranno a guardare. Sia con mezzi tecnologici che con mezzi pi\u00f9 sottili.\r<\/p><p>\r<\/p><p>Cos\u00ec i Saggi che governano i nostri mondi non condividono con il pubblico tutte le cose che sanno, perch\u00e9 il pubblico non \u00e8 abbastanza forte per mantenerle con discrezione. Questo \u00e8 troppo da chiedere ad un&#8217;intera razza. Voi che pensate che la libert\u00e0 sia la libert\u00e0 di sapere tutto, non avete idea di quello che state pensando n\u00e9 del significato di questo in presenza di forze pi\u00f9 grandi.\r<\/p><p>\r<\/p><p>Dunque, comprendete che al di l\u00e0 di soddisfare i bisogni autentici di una razza, la tecnologia non deve andare oltre. Vi d\u00e0 poteri che non potete usare e che dovete nascondere. Apre il discernimento dall&#8217;esterno e invita all&#8217;intervento e alla manipolazione e a un controllo sempre maggiore. Pertanto, non pensate che sviluppare all&#8217;infinito la tecnologia sia una degna e nobile ricerca. \u00c8 utile solo in certi modi, fino a un certo punto. Al di l\u00e0 di questo, crea pericolo e rischio.\r<\/p><p>\r<\/p><p>Se avete un potere di intuizione o un potere tecnologico che le altre nazioni non hanno, lo cercheranno da voi. Questo \u00e8 il motivo per cui il Saggio deve rimanere nascosto, una grande e duratura verit\u00e0 nell&#8217;universo.\r<\/p><p>\r<\/p><p>Con il potere viene questa responsabilit\u00e0, questa discrezione, questo discernimento, questa cautela, questo essere molto attenti con la propria mente e azione e pensiero alla luce del loro impatto sugli altri e di ci\u00f2 che possono invitare dall&#8217;esterno. Noi del nostro gruppo siamo stati tutti studenti di questo grande Insegnamento, che ora avete l&#8217;opportunit\u00e0 di imparare per pura necessit\u00e0.\r<\/p><p>\r<\/p><p>Le nostre nazioni libere devono preoccuparsi della stabilit\u00e0 e della sicurezza, perch\u00e9 le nazioni libere non coesistono bene con grandi nazioni che non sono libere, nazioni pi\u00f9 grandi che sono pi\u00f9 potenti tecnologicamente e militarmente. Dobbiamo sorvegliare non solo i nostri confini, ma anche i nostri pensieri. Questo \u00e8 il fardello dei Saggi in ogni luogo.\r<\/p><p>\r<\/p><p>Comprendiamo che la Nuova Rivelazione per il mondo pu\u00f2 insegnare alla gente queste cose e dare questo alla famiglia umana. Se questo \u00e8 vero, allora questo \u00e8 un segno molto grande.\r<\/p><p>\r<\/p><p>\u00c8 possibile che tra di voi ci siano coloro che diventeranno veramente saggi con questo. Il vostro compito \u00e8 assicurare la libert\u00e0 del vostro popolo e del vostro mondo, mantenere viva La Conoscenza nel vostro mondo, mantenere viva la saggezza nel vostro mondo, dove sembrer\u00e0 sempre minacciata e attaccata da altri che vogliono usare tutto per potere e beneficio personale. \u00c8 una verit\u00e0 nel vostro mondo cos\u00ec come \u00e8 una verit\u00e0 nella Comunit\u00e0 Pi\u00f9 Grande. Tutto ci\u00f2 che vi diciamo qui oggi \u00e8 una verit\u00e0 nel vostro mondo, perch\u00e9 \u00e8 una verit\u00e0 ovunque. \u00c8 una verit\u00e0 nel regno della Separazione.\r<\/p><p>\r<\/p><p>Portiamo con questo grande e sobrio insegnamento un incoraggiamento, perch\u00e9 la famiglia umana ha un grande potenziale. La consapevolezza del Divino, e il potere della Conoscenza nell&#8217;individuo, non \u00e8 stato cancellato nel vostro mondo. Non \u00e8 stato dimenticato. \u00c8 ancora apprezzato da molti, e in alcune parti del vostro mondo, \u00e8 ancora praticato da molti. Questo \u00e8 un grande segno nell&#8217;universo, dove pochissime razze che avanzano hanno questo tipo di potenziale.\r<\/p><p>\r<\/p><p>Sappiamo che La Conoscenza dentro di voi pu\u00f2 rispondere a queste cose e risuonare perch\u00e9 \u00e8 un pi\u00f9 grande regno di verit\u00e0, perch\u00e9 nella vostra vita eravate destinati anche voi a far parte del Grande Coordinamento. Anche se ora vi sembra una possibilit\u00e0 remota, forse, \u00e8 fondamentale alla luce di chi siete e perch\u00e9 siete nel mondo in questo momento, perch\u00e9 solo essa detiene la forza e la visione e la risonanza che pu\u00f2 permettervi di rispondere e di percepire la vostra situazione in modo corretto e benefico. Vi chiamer\u00e0 fuori da una vita ordinaria e deludente in un regno molto pi\u00f9 grande di servizio e significato, come ha fatto per noi.\r<\/p><p>\r<\/p><p>Non possiamo tornare ai nostri mondi d&#8217;origine finch\u00e9 la nostra missione non sar\u00e0 completata. Ci sono voluti molti anni perch\u00e9 questo avvenisse, anche solo fino a questo punto. Ci sono state molte sfide e battute d&#8217;arresto. Abbiamo perso membri del nostro gruppo. Abbiamo dovuto fuggire in rifugi lontani e sicuri. Perch\u00e9 l&#8217;Intromissione che sta intervenendo nel vostro mondo si \u00e8 accorta di noi dopo che la nostra prima serie di Briefing \u00e8 stata consegnata, e la loro ricerca \u00e8 iniziata. Non crediamo che si aspettassero la nostra presenza e sicuramente sarebbero stati sfidati e minacciati dal nostro messaggio.\r<\/p><p>\r<\/p><p>Tuttavia la nostra missione non \u00e8 ancora completa, perch\u00e9 anche se non siamo pi\u00f9 nelle vostre vicinanze, c&#8217;\u00e8 Saggezza dell&#8217;universo che possiamo ancora fornirvi. Avete bisogno di questa Saggezza ora, e ne avrete sempre pi\u00f9 bisogno man mano che andrete avanti.\r<\/p>\t\t\t\t\t\t\t\t<\/div>\t\t\t\t<\/div>\t\t\t\t\t<\/div>\t\t<\/div>\t\t\t\t\t<\/div>\t\t<\/section>\t\t\t\t<\/div><p>\t\t<\/p>","protected":false},"excerpt":{"rendered":"<p>Siamo consapevoli che una grande Rivelazione sta venendo inviata al mondo. Anche se non ci \u00e8 stata data questa Rivelazione, siamo collegati ad essa. \u00c8 perch\u00e9 Dio ci ha chiesto di farlo attraverso le Reti dei Saggi, di prendere questo vostro mondo promettente e dargli la saggezza, l&#8217;incoraggiamento, la forza e lo scopo che deve [&hellip;]<\/p>\n","protected":false},"author":23,"featured_media":0,"parent":7879,"menu_order":5,"comment_status":"closed","ping_status":"closed","template":"page.php","meta":{"_acf_changed":false,"footnotes":""},"class_list":["post-12191","page","type-page","status-publish","hentry"],"acf":[],"yoast_head":"<!-- This site is optimized with the Yoast SEO plugin v26.5 - https:\/\/yoast.com\/wordpress\/plugins\/seo\/ -->\n<title>Il Grande Coordinamento - Per Assicurare la Libert\u00e0 nel Nostro Mondo<\/title>\n<meta name=\"description\" content=\"Il vostro compito \u00e8 di assicurare la libert\u00e0 nel vostro mondo, di mantenere viva La Conoscenza (Spirituale) nel vostro mondo, di mantenere viva la saggezza nel vostro mondo.\" \/>\n<meta name=\"robots\" content=\"index, follow, max-snippet:-1, max-image-preview:large, max-video-preview:-1\" \/>\n<link rel=\"canonical\" href=\"https:\/\/www.alliesofhumanity.org\/it\/the-briefings\/libro-quarto\/secure-freedom\/\" \/>\n<meta property=\"og:locale\" content=\"it_IT\" \/>\n<meta property=\"og:type\" content=\"article\" \/>\n<meta property=\"og:title\" content=\"Il Grande Coordinamento - Per Assicurare la Libert\u00e0 nel Nostro Mondo\" \/>\n<meta property=\"og:description\" content=\"Il vostro compito \u00e8 di assicurare la libert\u00e0 nel vostro mondo, di mantenere viva La Conoscenza (Spirituale) nel vostro mondo, di mantenere viva la saggezza nel vostro mondo.\" \/>\n<meta property=\"og:url\" content=\"https:\/\/www.alliesofhumanity.org\/it\/the-briefings\/libro-quarto\/secure-freedom\/\" \/>\n<meta property=\"og:site_name\" content=\"The Allies of Humanity\" \/>\n<meta property=\"article:publisher\" content=\"https:\/\/www.facebook.com\/alliesofhumanity\/\" \/>\n<meta property=\"article:modified_time\" content=\"2024-03-12T07:03:14+00:00\" \/>\n<meta property=\"og:image\" content=\"https:\/\/www.alliesofhumanity.org\/wp-content\/uploads\/2021\/01\/og-socialmedia-aoh.jpg\" \/>\n\t<meta property=\"og:image:width\" content=\"1200\" \/>\n\t<meta property=\"og:image:height\" content=\"630\" \/>\n\t<meta property=\"og:image:type\" content=\"image\/jpeg\" \/>\n<meta name=\"twitter:card\" content=\"summary_large_image\" \/>\n<meta name=\"twitter:title\" content=\"Il Grande Coordinamento - Per Assicurare la Libert\u00e0 nel Nostro Mondo\" \/>\n<meta name=\"twitter:site\" content=\"@earthallies\" \/>\n<meta name=\"twitter:label1\" content=\"Tempo di lettura stimato\" \/>\n\t<meta name=\"twitter:data1\" content=\"9 minuti\" \/>\n<script type=\"application\/ld+json\" class=\"yoast-schema-graph\">{\"@context\":\"https:\/\/schema.org\",\"@graph\":[{\"@type\":\"WebPage\",\"@id\":\"https:\/\/www.alliesofhumanity.org\/it\/the-briefings\/libro-quarto\/secure-freedom\/\",\"url\":\"https:\/\/www.alliesofhumanity.org\/it\/the-briefings\/libro-quarto\/secure-freedom\/\",\"name\":\"Il Grande Coordinamento - Per Assicurare la Libert\u00e0 nel Nostro Mondo\",\"isPartOf\":{\"@id\":\"https:\/\/www.alliesofhumanity.org\/it\/#website\"},\"datePublished\":\"2021-02-08T06:23:06+00:00\",\"dateModified\":\"2024-03-12T07:03:14+00:00\",\"description\":\"Il vostro compito \u00e8 di assicurare la libert\u00e0 nel vostro mondo, di mantenere viva La Conoscenza (Spirituale) nel vostro mondo, di mantenere viva la saggezza nel vostro mondo.\",\"breadcrumb\":{\"@id\":\"https:\/\/www.alliesofhumanity.org\/it\/the-briefings\/libro-quarto\/secure-freedom\/#breadcrumb\"},\"inLanguage\":\"it-IT\",\"potentialAction\":[{\"@type\":\"ReadAction\",\"target\":[\"https:\/\/www.alliesofhumanity.org\/it\/the-briefings\/libro-quarto\/secure-freedom\/\"]}]},{\"@type\":\"BreadcrumbList\",\"@id\":\"https:\/\/www.alliesofhumanity.org\/it\/the-briefings\/libro-quarto\/secure-freedom\/#breadcrumb\",\"itemListElement\":[{\"@type\":\"ListItem\",\"position\":1,\"name\":\"I Briefing\",\"item\":\"https:\/\/www.alliesofhumanity.org\/it\/the-briefings\/\"},{\"@type\":\"ListItem\",\"position\":2,\"name\":\"Libro Quarto\",\"item\":\"https:\/\/www.alliesofhumanity.org\/it\/the-briefings\/libro-quarto\/\"},{\"@type\":\"ListItem\",\"position\":3,\"name\":\"Quinto Briefing: Il Grande Coordinamento\"}]},{\"@type\":\"WebSite\",\"@id\":\"https:\/\/www.alliesofhumanity.org\/it\/#website\",\"url\":\"https:\/\/www.alliesofhumanity.org\/it\/\",\"name\":\"The Allies of Humanity\",\"description\":\"\",\"potentialAction\":[{\"@type\":\"SearchAction\",\"target\":{\"@type\":\"EntryPoint\",\"urlTemplate\":\"https:\/\/www.alliesofhumanity.org\/it\/?s={search_term_string}\"},\"query-input\":{\"@type\":\"PropertyValueSpecification\",\"valueRequired\":true,\"valueName\":\"search_term_string\"}}],\"inLanguage\":\"it-IT\"}]}<\/script>\n<!-- \/ Yoast SEO plugin. -->","yoast_head_json":{"title":"Il Grande Coordinamento - Per Assicurare la Libert\u00e0 nel Nostro Mondo","description":"Il vostro compito \u00e8 di assicurare la libert\u00e0 nel vostro mondo, di mantenere viva La Conoscenza (Spirituale) nel vostro mondo, di mantenere viva la saggezza nel vostro mondo.","robots":{"index":"index","follow":"follow","max-snippet":"max-snippet:-1","max-image-preview":"max-image-preview:large","max-video-preview":"max-video-preview:-1"},"canonical":"https:\/\/www.alliesofhumanity.org\/it\/the-briefings\/libro-quarto\/secure-freedom\/","og_locale":"it_IT","og_type":"article","og_title":"Il Grande Coordinamento - Per Assicurare la Libert\u00e0 nel Nostro Mondo","og_description":"Il vostro compito \u00e8 di assicurare la libert\u00e0 nel vostro mondo, di mantenere viva La Conoscenza (Spirituale) nel vostro mondo, di mantenere viva la saggezza nel vostro mondo.","og_url":"https:\/\/www.alliesofhumanity.org\/it\/the-briefings\/libro-quarto\/secure-freedom\/","og_site_name":"The Allies of Humanity","article_publisher":"https:\/\/www.facebook.com\/alliesofhumanity\/","article_modified_time":"2024-03-12T07:03:14+00:00","og_image":[{"width":1200,"height":630,"url":"https:\/\/www.alliesofhumanity.org\/wp-content\/uploads\/2021\/01\/og-socialmedia-aoh.jpg","type":"image\/jpeg"}],"twitter_card":"summary_large_image","twitter_title":"Il Grande Coordinamento - Per Assicurare la Libert\u00e0 nel Nostro Mondo","twitter_site":"@earthallies","twitter_misc":{"Tempo di lettura stimato":"9 minuti"},"schema":{"@context":"https:\/\/schema.org","@graph":[{"@type":"WebPage","@id":"https:\/\/www.alliesofhumanity.org\/it\/the-briefings\/libro-quarto\/secure-freedom\/","url":"https:\/\/www.alliesofhumanity.org\/it\/the-briefings\/libro-quarto\/secure-freedom\/","name":"Il Grande Coordinamento - Per Assicurare la Libert\u00e0 nel Nostro Mondo","isPartOf":{"@id":"https:\/\/www.alliesofhumanity.org\/it\/#website"},"datePublished":"2021-02-08T06:23:06+00:00","dateModified":"2024-03-12T07:03:14+00:00","description":"Il vostro compito \u00e8 di assicurare la libert\u00e0 nel vostro mondo, di mantenere viva La Conoscenza (Spirituale) nel vostro mondo, di mantenere viva la saggezza nel vostro mondo.","breadcrumb":{"@id":"https:\/\/www.alliesofhumanity.org\/it\/the-briefings\/libro-quarto\/secure-freedom\/#breadcrumb"},"inLanguage":"it-IT","potentialAction":[{"@type":"ReadAction","target":["https:\/\/www.alliesofhumanity.org\/it\/the-briefings\/libro-quarto\/secure-freedom\/"]}]},{"@type":"BreadcrumbList","@id":"https:\/\/www.alliesofhumanity.org\/it\/the-briefings\/libro-quarto\/secure-freedom\/#breadcrumb","itemListElement":[{"@type":"ListItem","position":1,"name":"I Briefing","item":"https:\/\/www.alliesofhumanity.org\/it\/the-briefings\/"},{"@type":"ListItem","position":2,"name":"Libro Quarto","item":"https:\/\/www.alliesofhumanity.org\/it\/the-briefings\/libro-quarto\/"},{"@type":"ListItem","position":3,"name":"Quinto Briefing: Il Grande Coordinamento"}]},{"@type":"WebSite","@id":"https:\/\/www.alliesofhumanity.org\/it\/#website","url":"https:\/\/www.alliesofhumanity.org\/it\/","name":"The Allies of Humanity","description":"","potentialAction":[{"@type":"SearchAction","target":{"@type":"EntryPoint","urlTemplate":"https:\/\/www.alliesofhumanity.org\/it\/?s={search_term_string}"},"query-input":{"@type":"PropertyValueSpecification","valueRequired":true,"valueName":"search_term_string"}}],"inLanguage":"it-IT"}]}},"_links":{"self":[{"href":"https:\/\/www.alliesofhumanity.org\/it\/wp-json\/wp\/v2\/pages\/12191","targetHints":{"allow":["GET"]}}],"collection":[{"href":"https:\/\/www.alliesofhumanity.org\/it\/wp-json\/wp\/v2\/pages"}],"about":[{"href":"https:\/\/www.alliesofhumanity.org\/it\/wp-json\/wp\/v2\/types\/page"}],"author":[{"embeddable":true,"href":"https:\/\/www.alliesofhumanity.org\/it\/wp-json\/wp\/v2\/users\/23"}],"replies":[{"embeddable":true,"href":"https:\/\/www.alliesofhumanity.org\/it\/wp-json\/wp\/v2\/comments?post=12191"}],"version-history":[{"count":4,"href":"https:\/\/www.alliesofhumanity.org\/it\/wp-json\/wp\/v2\/pages\/12191\/revisions"}],"predecessor-version":[{"id":22113,"href":"https:\/\/www.alliesofhumanity.org\/it\/wp-json\/wp\/v2\/pages\/12191\/revisions\/22113"}],"up":[{"embeddable":true,"href":"https:\/\/www.alliesofhumanity.org\/it\/wp-json\/wp\/v2\/pages\/7879"}],"wp:attachment":[{"href":"https:\/\/www.alliesofhumanity.org\/it\/wp-json\/wp\/v2\/media?parent=12191"}],"curies":[{"name":"wp","href":"https:\/\/api.w.org\/{rel}","templated":true}]}}