{"id":12189,"date":"2021-02-08T07:17:06","date_gmt":"2021-02-08T06:17:06","guid":{"rendered":"https:\/\/www.alliesofhumanity.org\/i-briefing\/libro-quarto\/higher-powers\/"},"modified":"2024-03-12T08:02:37","modified_gmt":"2024-03-12T07:02:37","slug":"higher-powers","status":"publish","type":"page","link":"https:\/\/www.alliesofhumanity.org\/it\/the-briefings\/libro-quarto\/higher-powers\/","title":{"rendered":"Quarto Briefing: Poteri Superiori"},"content":{"rendered":"\t\t<div data-elementor-type=\"wp-page\" data-elementor-id=\"12189\" class=\"elementor elementor-12189 elementor-2537\" data-elementor-post-type=\"page\">\t\t\t\t\t\t<section class=\"elementor-section elementor-top-section elementor-element elementor-element-cbb1285 elementor-section-boxed elementor-section-height-default elementor-section-height-default\" data-id=\"cbb1285\" data-element_type=\"section\">\t\t\t\t\t\t<div class=\"elementor-container elementor-column-gap-default\">\t\t\t\t\t<div class=\"elementor-column elementor-col-100 elementor-top-column elementor-element elementor-element-3380586a\" data-id=\"3380586a\" data-element_type=\"column\">\t\t\t<div class=\"elementor-widget-wrap elementor-element-populated\">\t\t\t\t\t\t<div class=\"elementor-element elementor-element-c32f833 elementor-widget elementor-widget-text-editor\" data-id=\"c32f833\" data-element_type=\"widget\" data-widget_type=\"text-editor.default\">\t\t\t\t<div class=\"elementor-widget-container\">\t\t\t\t\t\t\t\t\tCi sono due realt\u00e0 nell&#8217;universo; una si sovrappone all&#8217;altra. La prima e la pi\u00f9 importante nella vostra esperienza \u00e8 la realt\u00e0 della Separazione e del cambiamento evolutivo, il cambiamento planetario\u2014dalla vita primitiva, le organizzazioni sociali primitive, le prime nazioni, le nazioni pi\u00f9 grandi, le nazioni mondiali e infine l&#8217;emergere in una Comunit\u00e0 Pi\u00f9 Grande di nazioni pi\u00f9 grandi.\r\rA questo si sovrappone il lavoro del Divino in tutto l&#8217;universo, portato avanti dalle Potenze Superiori, le Forze Angeliche che sorvegliano tutte le razze, anche nelle nazioni non libere, cercando opportunit\u00e0 per coltivare La Conoscenza negli individui che sono abbastanza liberi e capaci di rispondere. Questo crea una grande Rete dei Saggi, che poi pu\u00f2 sostenere l&#8217;emergere di nazioni libere, che hanno ancora il potenziale per questa grande realizzazione.\r\r<p>Nell&#8217;universo fisico, ci sono solo le forze che sono state messe in moto all&#8217;inizio del tempo. Non c&#8217;\u00e8 un Disegno Divino che organizza tutto, che controlla tutto, perch\u00e9 l&#8217;universo fisico \u00e8 in gran parte caotico e governato da forze celesti, forze geologiche e, nei mondi in cui la vita ha potuto prendere piede, forze biologiche. Tutto ci\u00f2 \u00e8 stato messo in moto all&#8217;inizio del tempo dal Divino, e ora funziona da solo.\r<\/p><p>\r<\/p><p>L&#8217;intervento divino avviene attraverso le Potenze Superiori, attraverso le Reti dei Saggi e attraverso le nazioni che sono state in grado di mantenere viva la consapevolezza e La Conoscenza individuale, nonostante tutti i pericoli e i conflitti che normalmente esistono nell&#8217;evoluzione e nello sviluppo sociale di un mondo.\r<\/p><p class=\"image-quote float-right\"><img decoding=\"async\" src=\"https:\/\/www.alliesofhumanity.org\/wp-content\/uploads\/2020\/12\/quote-book4-briefing4-1.png\" alt=\"\" \/><\/p><blockquote id=\"quote-2\" class=\"text-quote float-right bg-red\">L'intervento divino avviene attraverso le Potenze Superiori, attraverso le Reti dei Saggi e attraverso le nazioni che sono state in grado di mantenere viva la consapevolezza e La Conoscenza...<\/blockquote><p>\r<\/p><p>Come abbiamo detto, nell&#8217;universo non ci sono razze illuminate di cui siamo a conoscenza, ma ci sono razze libere, e all&#8217;interno delle razze libere, i Saggi possono guidare le loro nazioni. Essi sarebbero pi\u00f9 abbondanti di quanto non lo sarebbero mai in nazioni che non sono libere.\r<\/p><p>\r<\/p><p>Il Divino ha avamposti in molti, molti luoghi. E ci sono gruppi di Saggi che lavorano in molti, molti luoghi, anche in gran segreto. Le nazioni libere permettono a questi gruppi di riemergere e diventare efficaci nella societ\u00e0. Ma i veri Saggi sono individui in rete in piccoli gruppi, in rete all&#8217;interno della loro nazione o in rete tra le nazioni, collegati attraverso i Poteri Superiori.\r<\/p><p>\r<\/p><p>Quindi non pensiate che ci sia una razza illuminata che verr\u00e0 ad illuminare l&#8217;umanit\u00e0, o che l&#8217;umanit\u00e0 stessa diventer\u00e0 una razza illuminata. Questo \u00e8 molto al di l\u00e0 delle sue capacit\u00e0. Ma essere una razza libera dove La Conoscenza pu\u00f2 essere promossa e sostenuta apertamente, questa \u00e8 la grande conquista. Questa \u00e8 la grande sfida e il requisito posto davanti a voi ora.\r<\/p><p>\r<\/p><p class=\"image-quote float-left\"><img decoding=\"async\" src=\"https:\/\/www.alliesofhumanity.org\/wp-content\/uploads\/2020\/12\/quote-book4-briefing4-2.png\" alt=\"\" \/><\/p><blockquote id=\"quote-4\" class=\"text-quote float-left bg-gray\">Dovete capire che l'Opera del Divino nel vostro mondo \u00e8 collegata all'Opera del Divino in tutti i mondi.<\/blockquote><p>Ci sono due tipi di libert\u00e0. C&#8217;\u00e8 la libert\u00e0 pratica di vivere la vostra vita senza eccessiva costrizione o dominazione, la libert\u00e0 pratica di vivere con stabilit\u00e0 e sicurezza, senza la costante minaccia di guerra o corruzione soverchiante. Questa \u00e8 la libert\u00e0 fondamentale, ed \u00e8 davvero molto importante. \u00c8 la prima cosa che deve essere stabilita.\r<\/p><p>\r<\/p><p>Poi c&#8217;\u00e8 la maggiore libert\u00e0 spirituale dell&#8217;individuo per iniziare il suo ritorno al Divino e per accedere alla Conoscenza pi\u00f9 profonda che Dio ha creato in tutti gli individui, in tutte le razze dell&#8217;universo che vivono nella Separazione nella realt\u00e0 fisica.\r<\/p><p>\r<\/p><p>Questa libert\u00e0 superiore \u00e8 la chiamata degli individui, ed \u00e8 limitata dalle libert\u00e0 fondamentali che possono avere nei loro rispettivi mondi e culture. Ma la libert\u00e0 superiore \u00e8 la libert\u00e0 ultima perch\u00e9 il Potere Celeste pu\u00f2 muoversi attraverso questi individui al servizio degli altri e, attraverso le grandi Reti dei Saggi, favorire la libert\u00e0 e La Conoscenza nell&#8217;intera Comunit\u00e0 Pi\u00f9 Grande.\r<\/p><p class=\"image-quote float-right\"><img decoding=\"async\" src=\"https:\/\/www.alliesofhumanity.org\/wp-content\/uploads\/2020\/12\/quote-book4-briefing4-3.png\" alt=\"\" \/><\/p><blockquote id=\"quote-6\" class=\"text-quote float-right bg-black\">Il mondo \u00e8 governato da piccoli numeri di persone, nel bene e nel male. In questo caso, un piccolo numero di persone potrebbe salvare l'intera razza umana dal collasso e dalla disintegrazione.<\/blockquote><p>\r<\/p><p>Dovete capire che l&#8217;Opera del Divino nel vostro mondo \u00e8 collegata all&#8217;Opera del Divino in tutti i mondi. Non c&#8217;\u00e8 un piano speciale per il vostro mondo, che non \u00e8 che un piccolo posto in un universo pi\u00f9 grande. Il Piano di Dio \u00e8 unificato e ben stabilito. E La Conoscenza vive dentro di voi come individui, che \u00e8 il modo in cui vi connettete con la Presenza e il Potere Divino e come iniziate a guadagnare la vostra libert\u00e0 interiore, anche al di l\u00e0 dei vincoli del vostro ambiente esterno.\r<\/p><p>\r<\/p><p>Ovunque la libert\u00e0 fondamentale possa essere costruita e stabilita e mantenuta nel tempo, essa rappresenta una maggiore possibilit\u00e0 per la libert\u00e0 superiore di essere promossa e sostenuta, e la maggiore libert\u00e0 che avr\u00e0 nella sua espressione in quel mondo, in quella nazione, in quella cultura. Perch\u00e9 la libert\u00e0 nell&#8217;universo non \u00e8 la libert\u00e0 di promuovere la vostra Separazione. \u00c8 la libert\u00e0 di ritornare alla vostra Fonte e di essere di servizio in questa realt\u00e0 fisica.\r<\/p><p>\r<\/p><p>Come potete vedere qui, anche le vostre nozioni pi\u00f9 fondamentali di pace, libert\u00e0 e responsabilit\u00e0 devono ora essere ridefinite in un contesto pi\u00f9 ampio, o continuerete a pensare che la vostra pace e la vostra libert\u00e0 e la vostra responsabilit\u00e0 siano solo per voi stessi, o solo per la vostra famiglia. Non \u00e8 questo il significato di queste cose nella Comunit\u00e0 Pi\u00f9 Grande, e non saranno efficaci e nemmeno significative nel mondo in cui state cominciando ad entrare, dove il degrado ambientale, la perdita della produzione di cibo e il cambiamento del clima del vostro mondo renderanno la vita molto pi\u00f9 difficile, richiedendo una maggiore partecipazione e cooperazione se volete avere successo.\r<\/p><p>\r<\/p><p>Anche quelle cose che vi minacciano dall&#8217;esterno, laddove possono insidiarvi qui in questo mondo, possono favorire una libert\u00e0 superiore nel senso pi\u00f9 vero se questa opportunit\u00e0 \u00e8 riconosciuta e sostenuta da un numero sufficiente di persone. Maggiore \u00e8 la sfida, maggiore \u00e8 l&#8217;opportunit\u00e0.\r<\/p><p>\r<\/p><p>Perch\u00e9 in questo momento l&#8217;umanit\u00e0 \u00e8 troppo debole, troppo divisa, troppo disorganizzata per essere in grado di sostenersi come una razza libera e sovrana nell&#8217;universo. Ci\u00f2 che costruir\u00e0 questa forza, questa cooperazione, questa libert\u00e0 e questa responsabilit\u00e0 sono le grandi sfide che dovete affrontare ora: la sfida della degradazione e del collasso dall&#8217;interno e la sfida dell&#8217;Intromissione e della sottomissione dall&#8217;esterno. Solo queste grandi e prepotenti sfide genereranno l&#8217;esigenza di libert\u00e0, forza e responsabilit\u00e0 di cui parliamo qui.\r<\/p><p>\r<\/p><p>Non tutti saranno in grado di rispondere a questa sfida, ma anche se una piccola minoranza di persone nel vostro mondo pu\u00f2 farlo, questo pu\u00f2 portare a un risultato pi\u00f9 grande. Il mondo \u00e8 governato da piccoli numeri di persone, nel bene e nel male. In questo caso, un piccolo numero di persone potrebbe salvare l&#8217;intera razza umana dal collasso e dalla disintegrazione.\r<\/p><p>\r<\/p><p>S\u00ec, \u00e8 una sfida enorme. S\u00ec, sembra essere ingiusto alla vostra comprensione. Sembra persino crudele alla vostra comprensione. Ma questo \u00e8 ci\u00f2 che significa crescere nell&#8217;universo: diventare una razza matura e non una razza adolescente che combatte e lotta al suo interno per il privilegio, la ricchezza e le opportunit\u00e0.\r<\/p><p>\r<\/p><p>Abbiamo dovuto crescere sotto il dolore e la sfida dell&#8217;Intromissione e la degradazione dei nostri mondi. Fa parte della vita, diventare adulti, diventare responsabili, non solo di se stessi ma del benessere del proprio mondo\u2014spinti ora dalla necessit\u00e0, spinti ora dalla sfida, spinti ora dalla grande minaccia. Tutte queste cose sono il fondamento della forza, della saggezza, della cooperazione di cui avrete bisogno per il grande cambiamento che sta arrivando per il mondo.\r<\/p><p>\r<\/p><p>Perci\u00f2 noi non portiamo la pace, come la pensate voi. Noi portiamo la sfida. Portiamo responsabilit\u00e0. Portiamo chiarezza. Portiamo saggezza. Portiamo forza. Portiamo la chiamata per tutte queste cose.\r<\/p><p>\r<\/p><p>Se solo poteste vedere o avere un sentore della direzione che sta prendendo la vostra vita e del grado di Intromissione nel vostro mondo oggi, questo vi sconfiggerebbe oppure vi sollevereste per affrontarlo. Tale \u00e8 l&#8217;opportunit\u00e0 non vista qui.\r<\/p><p>\r<\/p><p>Dio sa che questa \u00e8 la soglia pi\u00f9 grande per la famiglia umana, la soglia pi\u00f9 grande che abbiate mai affrontato e che potreste mai affrontare: un mondo in declino e l&#8217;emergere nella Comunit\u00e0 Pi\u00f9 Grande, che di solito si accompagnano a vicenda. Dio ha inviato un Nuovo Messaggio nel mondo. Noi lo sappiamo. Questo \u00e8 parte di ci\u00f2 che ci ha chiamato qui per incoraggiare la famiglia umana. Ne parleremo in seguito, perch\u00e9 \u00e8 fondamentale per il vostro successo e per la vostra libert\u00e0.\r<\/p>\t\t\t\t\t\t\t\t<\/div>\t\t\t\t<\/div>\t\t\t\t\t<\/div>\t\t<\/div>\t\t\t\t\t<\/div>\t\t<\/section>\t\t\t\t<\/div><p>\t\t<\/p>","protected":false},"excerpt":{"rendered":"<p>Ci sono due realt\u00e0 nell&#8217;universo; una si sovrappone all&#8217;altra. La prima e la pi\u00f9 importante nella vostra esperienza \u00e8 la realt\u00e0 della Separazione e del cambiamento evolutivo, il cambiamento planetario\u2014dalla vita primitiva, le organizzazioni sociali primitive, le prime nazioni, le nazioni pi\u00f9 grandi, le nazioni mondiali e infine l&#8217;emergere in una Comunit\u00e0 Pi\u00f9 Grande di [&hellip;]<\/p>\n","protected":false},"author":23,"featured_media":0,"parent":7879,"menu_order":4,"comment_status":"closed","ping_status":"closed","template":"page.php","meta":{"_acf_changed":false,"footnotes":""},"class_list":["post-12189","page","type-page","status-publish","hentry"],"acf":[],"yoast_head":"<!-- This site is optimized with the Yoast SEO plugin v26.5 - https:\/\/yoast.com\/wordpress\/plugins\/seo\/ -->\n<title>Poteri Superiori - Il Lavoro Divino nell&#039;Universo<\/title>\n<meta name=\"description\" content=\"L&#039;Intervento Divino avviene attraverso Poteri Superiori, attraverso le Reti dei Saggi, e attraverso le nazioni dove la Spiritualit\u00e0 \u00e8 stata mantenuta viva.\" \/>\n<meta name=\"robots\" content=\"index, follow, max-snippet:-1, max-image-preview:large, max-video-preview:-1\" \/>\n<link rel=\"canonical\" href=\"https:\/\/www.alliesofhumanity.org\/it\/the-briefings\/libro-quarto\/higher-powers\/\" \/>\n<meta property=\"og:locale\" content=\"it_IT\" \/>\n<meta property=\"og:type\" content=\"article\" \/>\n<meta property=\"og:title\" content=\"Poteri Superiori - Il Lavoro Divino nell&#039;Universo\" \/>\n<meta property=\"og:description\" content=\"L&#039;Intervento Divino avviene attraverso Poteri Superiori, attraverso le Reti dei Saggi, e attraverso le nazioni dove la Spiritualit\u00e0 \u00e8 stata mantenuta viva.\" \/>\n<meta property=\"og:url\" content=\"https:\/\/www.alliesofhumanity.org\/it\/the-briefings\/libro-quarto\/higher-powers\/\" \/>\n<meta property=\"og:site_name\" content=\"The Allies of Humanity\" \/>\n<meta property=\"article:publisher\" content=\"https:\/\/www.facebook.com\/alliesofhumanity\/\" \/>\n<meta property=\"article:modified_time\" content=\"2024-03-12T07:02:37+00:00\" \/>\n<meta property=\"og:image\" content=\"https:\/\/www.alliesofhumanity.org\/wp-content\/uploads\/2021\/01\/og-socialmedia-aoh.jpg\" \/>\n\t<meta property=\"og:image:width\" content=\"1200\" \/>\n\t<meta property=\"og:image:height\" content=\"630\" \/>\n\t<meta property=\"og:image:type\" content=\"image\/jpeg\" \/>\n<meta name=\"twitter:card\" content=\"summary_large_image\" \/>\n<meta name=\"twitter:title\" content=\"Poteri Superiori - Il Lavoro Divino nell&#039;Universo\" \/>\n<meta name=\"twitter:site\" content=\"@earthallies\" \/>\n<meta name=\"twitter:label1\" content=\"Tempo di lettura stimato\" \/>\n\t<meta name=\"twitter:data1\" content=\"6 minuti\" \/>\n<script type=\"application\/ld+json\" class=\"yoast-schema-graph\">{\"@context\":\"https:\/\/schema.org\",\"@graph\":[{\"@type\":\"WebPage\",\"@id\":\"https:\/\/www.alliesofhumanity.org\/it\/the-briefings\/libro-quarto\/higher-powers\/\",\"url\":\"https:\/\/www.alliesofhumanity.org\/it\/the-briefings\/libro-quarto\/higher-powers\/\",\"name\":\"Poteri Superiori - Il Lavoro Divino nell'Universo\",\"isPartOf\":{\"@id\":\"https:\/\/www.alliesofhumanity.org\/it\/#website\"},\"datePublished\":\"2021-02-08T06:17:06+00:00\",\"dateModified\":\"2024-03-12T07:02:37+00:00\",\"description\":\"L'Intervento Divino avviene attraverso Poteri Superiori, attraverso le Reti dei Saggi, e attraverso le nazioni dove la Spiritualit\u00e0 \u00e8 stata mantenuta viva.\",\"breadcrumb\":{\"@id\":\"https:\/\/www.alliesofhumanity.org\/it\/the-briefings\/libro-quarto\/higher-powers\/#breadcrumb\"},\"inLanguage\":\"it-IT\",\"potentialAction\":[{\"@type\":\"ReadAction\",\"target\":[\"https:\/\/www.alliesofhumanity.org\/it\/the-briefings\/libro-quarto\/higher-powers\/\"]}]},{\"@type\":\"BreadcrumbList\",\"@id\":\"https:\/\/www.alliesofhumanity.org\/it\/the-briefings\/libro-quarto\/higher-powers\/#breadcrumb\",\"itemListElement\":[{\"@type\":\"ListItem\",\"position\":1,\"name\":\"I Briefing\",\"item\":\"https:\/\/www.alliesofhumanity.org\/it\/the-briefings\/\"},{\"@type\":\"ListItem\",\"position\":2,\"name\":\"Libro Quarto\",\"item\":\"https:\/\/www.alliesofhumanity.org\/it\/the-briefings\/libro-quarto\/\"},{\"@type\":\"ListItem\",\"position\":3,\"name\":\"Quarto Briefing: Poteri Superiori\"}]},{\"@type\":\"WebSite\",\"@id\":\"https:\/\/www.alliesofhumanity.org\/it\/#website\",\"url\":\"https:\/\/www.alliesofhumanity.org\/it\/\",\"name\":\"The Allies of Humanity\",\"description\":\"\",\"potentialAction\":[{\"@type\":\"SearchAction\",\"target\":{\"@type\":\"EntryPoint\",\"urlTemplate\":\"https:\/\/www.alliesofhumanity.org\/it\/?s={search_term_string}\"},\"query-input\":{\"@type\":\"PropertyValueSpecification\",\"valueRequired\":true,\"valueName\":\"search_term_string\"}}],\"inLanguage\":\"it-IT\"}]}<\/script>\n<!-- \/ Yoast SEO plugin. -->","yoast_head_json":{"title":"Poteri Superiori - Il Lavoro Divino nell'Universo","description":"L'Intervento Divino avviene attraverso Poteri Superiori, attraverso le Reti dei Saggi, e attraverso le nazioni dove la Spiritualit\u00e0 \u00e8 stata mantenuta viva.","robots":{"index":"index","follow":"follow","max-snippet":"max-snippet:-1","max-image-preview":"max-image-preview:large","max-video-preview":"max-video-preview:-1"},"canonical":"https:\/\/www.alliesofhumanity.org\/it\/the-briefings\/libro-quarto\/higher-powers\/","og_locale":"it_IT","og_type":"article","og_title":"Poteri Superiori - Il Lavoro Divino nell'Universo","og_description":"L'Intervento Divino avviene attraverso Poteri Superiori, attraverso le Reti dei Saggi, e attraverso le nazioni dove la Spiritualit\u00e0 \u00e8 stata mantenuta viva.","og_url":"https:\/\/www.alliesofhumanity.org\/it\/the-briefings\/libro-quarto\/higher-powers\/","og_site_name":"The Allies of Humanity","article_publisher":"https:\/\/www.facebook.com\/alliesofhumanity\/","article_modified_time":"2024-03-12T07:02:37+00:00","og_image":[{"width":1200,"height":630,"url":"https:\/\/www.alliesofhumanity.org\/wp-content\/uploads\/2021\/01\/og-socialmedia-aoh.jpg","type":"image\/jpeg"}],"twitter_card":"summary_large_image","twitter_title":"Poteri Superiori - Il Lavoro Divino nell'Universo","twitter_site":"@earthallies","twitter_misc":{"Tempo di lettura stimato":"6 minuti"},"schema":{"@context":"https:\/\/schema.org","@graph":[{"@type":"WebPage","@id":"https:\/\/www.alliesofhumanity.org\/it\/the-briefings\/libro-quarto\/higher-powers\/","url":"https:\/\/www.alliesofhumanity.org\/it\/the-briefings\/libro-quarto\/higher-powers\/","name":"Poteri Superiori - Il Lavoro Divino nell'Universo","isPartOf":{"@id":"https:\/\/www.alliesofhumanity.org\/it\/#website"},"datePublished":"2021-02-08T06:17:06+00:00","dateModified":"2024-03-12T07:02:37+00:00","description":"L'Intervento Divino avviene attraverso Poteri Superiori, attraverso le Reti dei Saggi, e attraverso le nazioni dove la Spiritualit\u00e0 \u00e8 stata mantenuta viva.","breadcrumb":{"@id":"https:\/\/www.alliesofhumanity.org\/it\/the-briefings\/libro-quarto\/higher-powers\/#breadcrumb"},"inLanguage":"it-IT","potentialAction":[{"@type":"ReadAction","target":["https:\/\/www.alliesofhumanity.org\/it\/the-briefings\/libro-quarto\/higher-powers\/"]}]},{"@type":"BreadcrumbList","@id":"https:\/\/www.alliesofhumanity.org\/it\/the-briefings\/libro-quarto\/higher-powers\/#breadcrumb","itemListElement":[{"@type":"ListItem","position":1,"name":"I Briefing","item":"https:\/\/www.alliesofhumanity.org\/it\/the-briefings\/"},{"@type":"ListItem","position":2,"name":"Libro Quarto","item":"https:\/\/www.alliesofhumanity.org\/it\/the-briefings\/libro-quarto\/"},{"@type":"ListItem","position":3,"name":"Quarto Briefing: Poteri Superiori"}]},{"@type":"WebSite","@id":"https:\/\/www.alliesofhumanity.org\/it\/#website","url":"https:\/\/www.alliesofhumanity.org\/it\/","name":"The Allies of Humanity","description":"","potentialAction":[{"@type":"SearchAction","target":{"@type":"EntryPoint","urlTemplate":"https:\/\/www.alliesofhumanity.org\/it\/?s={search_term_string}"},"query-input":{"@type":"PropertyValueSpecification","valueRequired":true,"valueName":"search_term_string"}}],"inLanguage":"it-IT"}]}},"_links":{"self":[{"href":"https:\/\/www.alliesofhumanity.org\/it\/wp-json\/wp\/v2\/pages\/12189","targetHints":{"allow":["GET"]}}],"collection":[{"href":"https:\/\/www.alliesofhumanity.org\/it\/wp-json\/wp\/v2\/pages"}],"about":[{"href":"https:\/\/www.alliesofhumanity.org\/it\/wp-json\/wp\/v2\/types\/page"}],"author":[{"embeddable":true,"href":"https:\/\/www.alliesofhumanity.org\/it\/wp-json\/wp\/v2\/users\/23"}],"replies":[{"embeddable":true,"href":"https:\/\/www.alliesofhumanity.org\/it\/wp-json\/wp\/v2\/comments?post=12189"}],"version-history":[{"count":4,"href":"https:\/\/www.alliesofhumanity.org\/it\/wp-json\/wp\/v2\/pages\/12189\/revisions"}],"predecessor-version":[{"id":22112,"href":"https:\/\/www.alliesofhumanity.org\/it\/wp-json\/wp\/v2\/pages\/12189\/revisions\/22112"}],"up":[{"embeddable":true,"href":"https:\/\/www.alliesofhumanity.org\/it\/wp-json\/wp\/v2\/pages\/7879"}],"wp:attachment":[{"href":"https:\/\/www.alliesofhumanity.org\/it\/wp-json\/wp\/v2\/media?parent=12189"}],"curies":[{"name":"wp","href":"https:\/\/api.w.org\/{rel}","templated":true}]}}