{"id":17027,"date":"2021-05-13T23:49:15","date_gmt":"2021-05-13T22:49:15","guid":{"rendered":"https:\/\/www.alliesofhumanity.org\/the-briefings\/book-four\/free-nations-universe\/"},"modified":"2023-12-04T22:51:55","modified_gmt":"2023-12-04T21:51:55","slug":"free-nations-universe","status":"publish","type":"page","link":"https:\/\/www.alliesofhumanity.org\/hu\/the-briefings\/book-four\/free-nations-universe\/","title":{"rendered":"Harmadik Jelent\u00e9s: Szabads\u00e1g az Univerzumban"},"content":{"rendered":"\t\t<div data-elementor-type=\"wp-page\" data-elementor-id=\"17027\" class=\"elementor elementor-17027 elementor-2536\" data-elementor-post-type=\"page\">\t\t\t\t\t\t<section class=\"elementor-section elementor-top-section elementor-element elementor-element-3bf3954f elementor-section-boxed elementor-section-height-default elementor-section-height-default\" data-id=\"3bf3954f\" data-element_type=\"section\">\t\t\t\t\t\t<div class=\"elementor-container elementor-column-gap-default\">\t\t\t\t\t<div class=\"elementor-column elementor-col-100 elementor-top-column elementor-element elementor-element-5b3ac6af\" data-id=\"5b3ac6af\" data-element_type=\"column\">\t\t\t<div class=\"elementor-widget-wrap elementor-element-populated\">\t\t\t\t\t\t<div class=\"elementor-element elementor-element-2f29e16 elementor-widget elementor-widget-text-editor\" data-id=\"2f29e16\" data-element_type=\"widget\" data-widget_type=\"text-editor.default\">\t\t\t\t<div class=\"elementor-widget-container\">\t\t\t\t\t\t\t\t\t<p style=\"font-weight: 400;\">Most egy perspekt\u00edv\u00e1t adunk arr\u00f3l, hogyan n\u00e9z ki a szabads\u00e1g, miut\u00e1n megalakult. Ahhoz, hogy szabad legy\u00e9l, a vil\u00e1gnak egys\u00e9ges korm\u00e1nyra van sz\u00fcks\u00e9ge. Lehetnek k\u00e9pvisel\u0151i a vil\u00e1g k\u00fcl\u00f6nb\u00f6z\u0151 csoportjaib\u00f3l \u00e9s r\u00e9gi\u00f3ib\u00f3l, de egys\u00e9ges korm\u00e1nynak kell lennie. Nem lehetnek h\u00e1bor\u00faz\u00f3 t\u00f6rzsek vagy ak\u00e1r nagy nemzetek t\u00e1kolm\u00e1nyai, mert ez csak beavatkoz\u00e1sra \u00e9s manipul\u00e1ci\u00f3ra sz\u00f3l\u00edt fel. A szabad nemzetek el\u0151seg\u00edtik az egy\u00e9ni kreativit\u00e1st \u00e9s a Tud\u00e1s \u00e9rt\u00e9k\u00e9t az egy\u00e9nben, de ezt a Tud\u00e1st oda kell ir\u00e1ny\u00edtani, ahol a vil\u00e1g nagyobb \u00e9rdekeit szolg\u00e1lhatja, nem csup\u00e1n az egy\u00e9n gondjait. Az igazi tehets\u00e9get itt nagyon elismerik \u00e9s \u00e9rt\u00e9kelik, de ir\u00e1ny\u00edtani kell. Ez nem csup\u00e1n az egy\u00e9n gondvisel\u00e9se. Ez a nemzet gazdags\u00e1g\u00e1nak r\u00e9sze. Ellent\u00e9tben a nem szabad nemzetekkel, ahol az emberek \u00e9let\u00e9t egyszer\u0171en katalogiz\u00e1lj\u00e1k \u00e9s ir\u00e1ny\u00edtj\u00e1k, ahol az egy\u00e9ni tehets\u00e9get ritk\u00e1n haszn\u00e1lj\u00e1k fel, ahol a t\u00e1rsadalmi rang a csal\u00e1di sz\u00e1rmaz\u00e1son vagy a region\u00e1lis sz\u00fcks\u00e9gleteken alapul, a szabad nemzetekben az egy\u00e9nt megbecs\u00fclik, k\u00e9pess\u00e9geiket \u00e9s b\u00f6lcsess\u00e9g\u00e9t m\u0171velik, mert ez a b\u00f6lcsess\u00e9g \u00e9s k\u00e9szs\u00e9g sz\u00fcks\u00e9ges a vil\u00e1g stabilit\u00e1s\u00e1hoz \u00e9s j\u00f3l\u00e9t\u00e9hez. Oda k\u00fcldik \u0151ket szolg\u00e1lni, ahol a legnagyobb hasznot h\u00fazhatj\u00e1k. De ez az eg\u00e9sz sz\u00fcks\u00e9glet\u00e9n alapul, nem csup\u00e1n az egy\u00e9n v\u00e1gyain.<\/p>\r<p style=\"font-weight: 400;\">A t\u00e9velyg\u0151 egy\u00e9nek vil\u00e1ga soha nem lesz k\u00e9pes megteremteni a szabads\u00e1got a Nagyobb K\u00f6z\u00f6ss\u00e9gben. Itt az egy\u00e9nis\u00e9gnek kell szolg\u00e1lnia, de az egy\u00e9n szerint szolg\u00e1l \u00e9s ez az egyik dolog, ami megk\u00fcl\u00f6nb\u00f6zteti a szabad nemzetet a nem szabad nemzett\u0151l.<\/p>\r<p style=\"font-weight: 400;\">Egy szabad nemzetben a n\u00e9zetelt\u00e9r\u00e9s toler\u00e1lhat\u00f3, de csak egy bizonyos pontig. Ha \u00e1lland\u00f3 l\u00e1zad\u00e1s van, a nemzet soha nem lehet stabil; soha nem v\u00e1llalhat nagyobb szabads\u00e1got, hogy megv\u00e9dje a polg\u00e1rainak k\u00edn\u00e1lt szabads\u00e1gjogokat. K\u00edv\u00fclr\u0151l kell biztos\u00edtania ezt a stabilit\u00e1st \u00e9s ezt a biztons\u00e1got.<\/p>\r<p style=\"font-weight: 400;\">M\u00e9g nem veszed \u00e9szre, hogy a Nagyobb K\u00f6z\u00f6ss\u00e9gben \u00e9lsz \u00e9s ki vagy t\u00e9ve annak hat\u00e1sainak, \u00edgy tal\u00e1n ez nagyon m\u00e1snak t\u0171nik sz\u00e1modra, mint ahol jelenleg \u00e1llsz. De ezt el kell kezdened meg\u00e9rteni \u00e9s elm\u00e9lkedni ezen. Ahhoz, hogy egyes\u00fclt er\u0151v\u00e9 v\u00e1lj, meg kell \u00e9rteni azt a nagy sz\u00fcks\u00e9gletet, amely megk\u00edv\u00e1nja ezt a szabads\u00e1got, \u00e9s hajland\u00f3nak kell lenni a r\u00e9szv\u00e9telre, s\u0151t bizonyos szem\u00e9lyes szabads\u00e1gjogok fel\u00e1ldoz\u00e1s\u00e1ra is.<\/p>\r<p style=\"font-weight: 400;\">A szabads\u00e1g, amit most \u00e9lvezel, nagyr\u00e9szt csak az egy\u00e9n szesz\u00e9lyeit vagy v\u00e1gyait szolg\u00e1lja, de a Nagyobb K\u00f6z\u00f6ss\u00e9gben nem ezt jelenti a szabads\u00e1g.<\/p>\r<p style=\"font-weight: 400;\">A szabad t\u00e1rsadalmaknak a lehet\u0151 legnagyobb m\u00e9rt\u00e9kben meg kell \u0151rizni\u00fck saj\u00e1t er\u0151forr\u00e1saikat \u00e9s csak alapvet\u0151 dolgok\u00e9rt kell kereskedni\u00fck m\u00e1s szabad nemzetekkel. Ez\u00e9rt a vil\u00e1guk kifoszt\u00e1sa nem t\u00f6rt\u00e9nhet meg, nem engedhet\u0151 meg, ha azt akarj\u00e1k, hogy stabilit\u00e1s \u00e9s biztons\u00e1g legyen a j\u00f6v\u0151ben.<\/p>\r<p style=\"font-weight: 400;\">Itt nagy \u00f6nuralomnak kell lennie. Mert a b\u00f6lcsess\u00e9g mindig nagy \u00f6nm\u00e9rs\u00e9kletet ig\u00e9nyel. A szabads\u00e1g pedig mindig azt jelenti, hogy tiszt\u00e1ban kell lenned azokkal a dolgokkal, amelyekre val\u00f3j\u00e1ban nem vagy szabad, hogy megtegy\u00e9l.<\/p>\r<p style=\"font-weight: 400;\">Ez a vil\u00e1g szabads\u00e1ga. A vil\u00e1g eg\u00e9sz nemzet\u00e9nek szabads\u00e1ga biztos\u00edtja az egy\u00e9nek jogait a Nagyobb K\u00f6z\u00f6ss\u00e9gben. De ezek a jogok sz\u00fcks\u00e9gb\u0151l korl\u00e1tozottak lesznek.<\/p>\r<p style=\"font-weight: 400;\">Ahhoz, hogy a szabad nemzetek szabadok maradhassanak, k\u00e9pesnek kell lenni\u00fck arra, hogy meghi\u00fas\u00edtsanak vagy ellen\u00e1lljanak minden r\u00e1juk r\u00f3tt k\u00eds\u00e9rt\u00e9snek, k\u00fcl\u00f6n\u00f6sen, ha vil\u00e1gukat \u00e9rt\u00e9kesnek tekintik m\u00e1sok. Itt l\u00e1tnod kell, hogy a szabads\u00e1got nagy fenyeget\u00e9snek tekintik a nem szabad nemzetek sz\u00e1m\u00e1ra. Att\u00f3l tartanak, hogy a szabad nemzetek szabads\u00e1gjogai valamilyen m\u00f3don befoly\u00e1solhatj\u00e1k saj\u00e1t lakoss\u00e1gukat, ami l\u00e1zad\u00e1shoz, el\u00e9gedetlens\u00e9ghez \u00e9s sz\u00e9th\u00faz\u00e1shoz vezethet.<\/p>\r<p style=\"font-weight: 400;\">Az olyan dolgok, mint a m\u0171v\u00e9szet, a zene \u00e9s a t\u00e1nc, amelyeket ma \u00e9lveztek, nagy vesz\u00e9lyt jelentenek a nem szabad kult\u00far\u00e1k sz\u00e1m\u00e1ra. Az egy\u00e9ni szabads\u00e1gokat, amelyeket a szabad nemzet adhat polg\u00e1rainak, fenyeget\u00e9snek t\u0171nhet azoknak a nemzeteknek, amelyek nem szabadok.<\/p>\r<p style=\"font-weight: 400;\">Ennek k\u00f6vetkezt\u00e9ben a szabad nemzetek nem sug\u00e1roznak ki az univerzumba. Nem fedik fel, milyen az \u00e9let a vil\u00e1gukban, ha ezt el tudj\u00e1k ker\u00fclni. Nem vesznek r\u00e9szt nagyobb kereskedelmi h\u00e1l\u00f3zatokban, amelyek mindig nagyon ir\u00e1ny\u00edt\u00f3ak \u00e9s manipulat\u00edvak \u00e9s sokkal nagyobb m\u00e9rt\u00e9kben teszik kiszolg\u00e1ltatott\u00e1 a vil\u00e1got a meggy\u0151z\u00e9s erej\u00e9vel szemben.<\/p>\r<p class=\"image-quote float-right\"><img decoding=\"async\" src=\"https:\/\/www.alliesofhumanity.org\/wp-content\/uploads\/2020\/12\/quote-book4-briefing3-1.png\" alt=\"\" \/><\/p><blockquote id=\"quote-2\" class=\"text-quote float-right bg-gray\"> <\/blockquote><p style=\"font-weight: 400;\">A szabad nemzeteknek itt nagyr\u00e9szt \u00f6nell\u00e1t\u00f3nak kell lenni\u00fck. Nagyon egys\u00e9gesnek kell lenni\u00fck. \u00c9s nagyon diszkr\u00e9tnek kell lenni\u00fck. Ez az univerzum szabads\u00e1g\u00e1nak h\u00e1rom nagy k\u00f6vetelm\u00e9nye. \u00c9s nem menek\u00fclhetsz el\u0151l\u00fck. Itt nincs kiv\u00e9tel.<\/p>\r<p style=\"font-weight: 400;\">A szabad nemzetek, l\u00e9v\u00e9n diszkr\u00e9tek, nem j\u00e1rj\u00e1k k\u00f6rbe az univerzumot, hogy z\u00e1szl\u00f3ikat kit\u0171zz\u00e9k, befoly\u00e1sukat gyakorolj\u00e1k, vagy m\u00e1sok \u00fcgyeibe pr\u00f3b\u00e1ljanak beavatkozni. El\u0151seg\u00edthetik a szabads\u00e1got \u00e9s a felel\u0151ss\u00e9get, ahogyan mi is tessz\u00fck ezeken a Jelent\u00e9seken kereszt\u0171l, de nem avatkoznak be. Mert beavatkozni azt jelenti, hogy \u00e1th\u00e1gjuk a saj\u00e1t bel\u00e1t\u00e1sunkat. Beavatkozni azt jelenti, hogy a nagyobb univerzumban ismertt\u00e9 v\u00e1lsz \u00e9s a szabad nemzetek nem akarj\u00e1k ezt megtenni. Szigetel\u00e9s\u00fck kritikus fontoss\u00e1g\u00fa egyedi teljes\u00edtm\u00e9ny\u00fck szempontj\u00e1b\u00f3l.<\/p>\r<p style=\"font-weight: 400;\">A szabad nemzetekben a Tud\u00e1s hatalm\u00e1t az egy\u00e9nben \u00e9rt\u00e9kelik \u00e9s t\u00e1mogatj\u00e1k, m\u00e9g a t\u00e1rsadalmuk korl\u00e1tai k\u00f6z\u00f6tt is. A nem szabad nemzetekben ez vagy ismeretlen, vagy brut\u00e1lisan elnyomj\u00e1k. \u00c9s a b\u00f6lcsek \u00f6sszej\u00f6veteleit a nem szabad nemzetekben nagy titokban kell megtenni a t\u00fal\u00e9l\u00e9s \u00e9rdek\u00e9ben, ami gyakran meg is t\u00f6rt\u00e9nik.<\/p>\r<p style=\"font-weight: 400;\">Vil\u00e1gotok emberei azt gondolj\u00e1k, hogy az univerzumnak jobbnak kell lennie, mint maga a vil\u00e1g \u2013 emelkedettebb, szabadabb, spiritu\u00e1lisabb, etikusabb \u2013 ahhoz, hogy keress\u00fcnk, b\u00e1tor\u00edtsunk, megh\u00edvjunk ebbe a vil\u00e1gba. Tal\u00e1n ez a norm\u00e1lis elv\u00e1r\u00e1s az elszigetelten \u00e9l\u0151 fajokt\u00f3l. Ez \u00edgy volt a mi vil\u00e1gunkban eg\u00e9szen addig, am\u00edg a Nagyobb K\u00f6z\u00f6ss\u00e9gbe val\u00f3 megjelen\u00e9s\u00fcnk elkezd\u0151d\u00f6tt \u00e9s szembe kellett n\u00e9zn\u00fcnk a Beavatkoz\u00e1ssal.<\/p>\r<p style=\"font-weight: 400;\">Az\u00e9rt mondjuk el neked ezeket a dolgokat, mert meg kell \u00e9rtened, mir\u0151l is sz\u00f3l val\u00f3j\u00e1ban a szabads\u00e1g \u00fatja. Nem az egy\u00e9ni boldogs\u00e1gr\u00f3l van sz\u00f3. A fajod szabads\u00e1g\u00e1r\u00f3l van sz\u00f3. Nem az egy\u00e9ni t\u00f6rekv\u00e9sekr\u0151l vagy k\u00e9nyeztet\u00e9sr\u0151l van sz\u00f3. Vil\u00e1gotok stabilit\u00e1s\u00e1r\u00f3l \u00e9s biztons\u00e1g\u00e1r\u00f3l sz\u00f3l. A szabads\u00e1g itt nem jog az univerzumban. Ez egy nagy kiv\u00e1lts\u00e1g \u00e9s nagy teljes\u00edtm\u00e9ny, amelyet komolyan \u00e9s k\u00f6vetkezetesen ki kell \u00e9rdemelni \u00e9s meg kell v\u00e9deni minden kih\u00edv\u00e1ssal szemben.<\/p>\r<p style=\"font-weight: 400;\">Nem lehet romantikus n\u00e9zeted az \u00e9letr\u0151l az univerzumban, ha azt rem\u00e9led, hogy t\u00fal\u00e9led benne. Ilyen a nagy j\u00f3zans\u00e1g, amelyet a b\u00f6lcsess\u00e9g hoz. Ne legyenek fant\u00e1ziad\u00fas elk\u00e9pzel\u00e9seid a Kapcsolat \u00e9rt\u00e9k\u00e9r\u0151l, vagy arr\u00f3l, hogy m\u00e1s fajok mit tan\u00edthatnak neked a szabads\u00e1gr\u00f3l a vil\u00e1gotokba val\u00f3 beavatkoz\u00e1suk \u00e1ltal, mert ez v\u00e9gzetes hiba \u00e9s egyben tragikus is.<\/p>\r<p style=\"font-weight: 400;\">A B\u00f6lcsek H\u00e1l\u00f3zat\u00e1n kereszt\u00fcl tudjuk, mennyire sok minden lett adva ennek a vil\u00e1gnak, hogy fenntarts\u00e1k \u00e9s t\u00e1mogass\u00e1k a szabads\u00e1g \u00e9s a b\u00f6lcsess\u00e9g sz\u00e1lait, amelyek m\u00e9g mindig l\u00e9teznek itt. Sokat fektettek a vil\u00e1gotokba erre a c\u00e9lra. M\u00e9g akkor is, amikor a technol\u00f3giai fejl\u0151d\u00e9setekben egyre haladtok \u00e9s fejl\u0151dt\u00f6k, nagy hangs\u00faly van fektetve a vil\u00e1gotokra annak lehet\u0151s\u00e9ge miatt, hogy szabad faj legyen az univerzumban, egy olyan potencia, amelyet meg kell ragadnotok \u00e9s fejlesztenetek kell a saj\u00e1t akaratotokon \u00e9s az egym\u00e1ssal val\u00f3 egy\u00fcttm\u0171k\u00f6d\u00e9seteken kereszt\u00fcl.<\/p>\r<p class=\"image-quote float-left\"><img decoding=\"async\" src=\"https:\/\/www.alliesofhumanity.org\/wp-content\/uploads\/2020\/12\/quote-book4-briefing3-2.png\" alt=\"\" \/><\/p><blockquote id=\"quote-4\" class=\"text-quote float-left bg-red\"> <\/blockquote><p style=\"font-weight: 400;\">Nem adhatjuk meg nektek ezt a szabads\u00e1got \u00e9s nincs m\u00e1s faj a vil\u00e1gegyetemben, aki megadhatn\u00e1 nektek ezt a szabads\u00e1got, vagy idej\u00f6nne \u00e9s l\u00e9trehozn\u00e1 sz\u00e1motokra. B\u00e1rmely faj, amely ezt \u00edg\u00e9ri, val\u00f3ban megt\u00e9veszt t\u00e9ged \u00e9s m\u00e1s c\u00e9lokra van itt, a saj\u00e1t c\u00e9ljaikra.<\/p>\r<p style=\"font-weight: 400;\">Ez azonban a mi javunkra v\u00e1lik, ha egy m\u00e1sik szabad faj van az \u0171r ezen szektor\u00e1ban. Ezt \u00f6r\u00f6mmel fogadjuk, b\u00e1r nem keres\u00fcnk form\u00e1lis kapcsolatokat. Nem \u00e1lltok k\u00e9szen a hivatalos kapcsolatokra. \u00c9s lehet, hogy m\u00e9g hossz\u00fa ideig nem fogtok k\u00e9szen \u00e1llni. Nem vagytok el\u00e9g er\u0151sek. Nem vagytok el\u00e9g egys\u00e9gesek. Nem vagytok el\u00e9g \u00e9rettek, m\u00e9g mindig belemer\u00fclt\u00f6k a konfliktusba, a h\u00e1bor\u00faba \u00e9s a puszt\u00edt\u00f3 versenybe.<\/p>\r<p style=\"font-weight: 400;\">Ha t\u00e1mogatni tudjuk a Tud\u00e1s megjelen\u00e9s\u00e9t az olyan vil\u00e1gokban, mint a ti\u00e9d, akkor ezt az Isteni parancsok szerint tessz\u00fck, a Tud\u00e1s H\u00e1l\u00f3zatain kereszt\u00fcl, nem pedig a korm\u00e1nyok h\u00e1l\u00f3zatain kereszt\u00fcl. M\u00e9g a saj\u00e1t korm\u00e1nyaink sem tudj\u00e1k, mit csin\u00e1lunk itt. B\u00e1r elm\u00e9letben t\u00e1mogatn\u00e1k, nem b\u00f6lcs dolog, ha rendelkeznek ezzel a tud\u00e1ssal, mert akkor felel\u0151ss\u00e9get kellene v\u00e1llalniuk tetteink\u00e9rt.<\/p>\r<p style=\"font-weight: 400;\">A legt\u00f6bb esetben ugyanis a szabad nemzeteknek be nem avatkoz\u00e1si meg\u00e1llapod\u00e1sokat kellett k\u00f6tni\u00fck a k\u00f6r\u00fcl\u00f6tt\u00fck l\u00e9v\u0151 nagyobb nemzetekkel, hogy t\u00e1vol tarts\u00e1k ezeket a nagyobb nemzeteket a szabad nemzetek szf\u00e9r\u00e1j\u00e1t\u00f3l \u00e9s tev\u00e9kenys\u00e9geit\u0151l. Ennek ellent mondunk kis jelenl\u00e9t\u00fcnkkel a vil\u00e1gotok szolg\u00e1lat\u00e1ban. Mert Fels\u0151bb Hatalmak korm\u00e1nyoznak benn\u00fcnket, amelyekr\u0151l keveset tudsz, de amelyekr\u0151l tanulnod kell \u00e9s err\u0151l fogunk besz\u00e9lni a tov\u00e1bbiakban.<\/p>\t\t\t\t\t\t\t\t<\/div>\t\t\t\t<\/div>\t\t\t\t\t<\/div>\t\t<\/div>\t\t\t\t\t<\/div><p class=\"image-quote float-right\"><img decoding=\"async\" src=\"https:\/\/www.alliesofhumanity.org\/wp-content\/uploads\/2020\/12\/quote-book4-briefing3-3.png\" alt=\"\" \/><\/p><blockquote id=\"quote-6\" class=\"text-quote float-right bg-black\"> <\/blockquote>\t\t<\/section>\t\t\t\t<\/div><p>\t\t<\/p>","protected":false},"excerpt":{"rendered":"<p>Most egy perspekt\u00edv\u00e1t adunk arr\u00f3l, hogyan n\u00e9z ki a szabads\u00e1g, miut\u00e1n megalakult. Ahhoz, hogy szabad legy\u00e9l, a vil\u00e1gnak egys\u00e9ges korm\u00e1nyra van sz\u00fcks\u00e9ge. Lehetnek k\u00e9pvisel\u0151i a vil\u00e1g k\u00fcl\u00f6nb\u00f6z\u0151 csoportjaib\u00f3l \u00e9s r\u00e9gi\u00f3ib\u00f3l, de egys\u00e9ges korm\u00e1nynak kell lennie. Nem lehetnek h\u00e1bor\u00faz\u00f3 t\u00f6rzsek vagy ak\u00e1r nagy nemzetek t\u00e1kolm\u00e1nyai, mert ez csak beavatkoz\u00e1sra \u00e9s manipul\u00e1ci\u00f3ra sz\u00f3l\u00edt fel. A szabad nemzetek [&hellip;]<\/p>\n","protected":false},"author":23,"featured_media":0,"parent":16961,"menu_order":3,"comment_status":"closed","ping_status":"closed","template":"page.php","meta":{"_acf_changed":false,"footnotes":""},"class_list":["post-17027","page","type-page","status-publish","hentry"],"acf":[],"yoast_head":"<!-- This site is optimized with the Yoast SEO plugin v26.5 - https:\/\/yoast.com\/wordpress\/plugins\/seo\/ -->\n<title>Freedom in the Universe - How Free Nations Remain Free<\/title>\n<meta name=\"description\" content=\"For free nations to remain free, they must be able to thwart or resist all the temptations that will be placed upon them. Learn why ....\" \/>\n<meta name=\"robots\" content=\"index, follow, max-snippet:-1, max-image-preview:large, max-video-preview:-1\" \/>\n<link rel=\"canonical\" href=\"https:\/\/www.alliesofhumanity.org\/hu\/the-briefings\/book-four\/free-nations-universe\/\" \/>\n<meta property=\"og:locale\" content=\"hu_HU\" \/>\n<meta property=\"og:type\" content=\"article\" \/>\n<meta property=\"og:title\" content=\"Freedom in the Universe - How Free Nations Remain Free\" \/>\n<meta property=\"og:description\" content=\"For free nations to remain free, they must be able to thwart or resist all the temptations that will be placed upon them. Learn why ....\" \/>\n<meta property=\"og:url\" content=\"https:\/\/www.alliesofhumanity.org\/hu\/the-briefings\/book-four\/free-nations-universe\/\" \/>\n<meta property=\"og:site_name\" content=\"The Allies of Humanity\" \/>\n<meta property=\"article:publisher\" content=\"https:\/\/www.facebook.com\/alliesofhumanity\/\" \/>\n<meta property=\"article:modified_time\" content=\"2023-12-04T21:51:55+00:00\" \/>\n<meta property=\"og:image\" content=\"https:\/\/www.alliesofhumanity.org\/wp-content\/uploads\/2021\/01\/og-socialmedia-aoh.jpg\" \/>\n\t<meta property=\"og:image:width\" content=\"1200\" \/>\n\t<meta property=\"og:image:height\" content=\"630\" \/>\n\t<meta property=\"og:image:type\" content=\"image\/jpeg\" \/>\n<meta name=\"twitter:card\" content=\"summary_large_image\" \/>\n<meta name=\"twitter:title\" content=\"Freedom in the Universe - How Free Nations Remain Free\" \/>\n<meta name=\"twitter:site\" content=\"@earthallies\" \/>\n<meta name=\"twitter:label1\" content=\"Becs\u00fclt olvas\u00e1si id\u0151\" \/>\n\t<meta name=\"twitter:data1\" content=\"9 perc\" \/>\n<script type=\"application\/ld+json\" class=\"yoast-schema-graph\">{\"@context\":\"https:\/\/schema.org\",\"@graph\":[{\"@type\":\"WebPage\",\"@id\":\"https:\/\/www.alliesofhumanity.org\/hu\/the-briefings\/book-four\/free-nations-universe\/\",\"url\":\"https:\/\/www.alliesofhumanity.org\/hu\/the-briefings\/book-four\/free-nations-universe\/\",\"name\":\"Freedom in the Universe - How Free Nations Remain Free\",\"isPartOf\":{\"@id\":\"https:\/\/www.alliesofhumanity.org\/hu\/#website\"},\"datePublished\":\"2021-05-13T22:49:15+00:00\",\"dateModified\":\"2023-12-04T21:51:55+00:00\",\"description\":\"For free nations to remain free, they must be able to thwart or resist all the temptations that will be placed upon them. Learn why ....\",\"breadcrumb\":{\"@id\":\"https:\/\/www.alliesofhumanity.org\/hu\/the-briefings\/book-four\/free-nations-universe\/#breadcrumb\"},\"inLanguage\":\"hu\",\"potentialAction\":[{\"@type\":\"ReadAction\",\"target\":[\"https:\/\/www.alliesofhumanity.org\/hu\/the-briefings\/book-four\/free-nations-universe\/\"]}]},{\"@type\":\"BreadcrumbList\",\"@id\":\"https:\/\/www.alliesofhumanity.org\/hu\/the-briefings\/book-four\/free-nations-universe\/#breadcrumb\",\"itemListElement\":[{\"@type\":\"ListItem\",\"position\":1,\"name\":\"Jelent\u00e9shez\",\"item\":\"https:\/\/www.alliesofhumanity.org\/hu\/the-briefings\/\"},{\"@type\":\"ListItem\",\"position\":2,\"name\":\"NEGYEDIK K\u00d6NYV\",\"item\":\"https:\/\/www.alliesofhumanity.org\/hu\/the-briefings\/book-four\/\"},{\"@type\":\"ListItem\",\"position\":3,\"name\":\"Harmadik Jelent\u00e9s: Szabads\u00e1g az Univerzumban\"}]},{\"@type\":\"WebSite\",\"@id\":\"https:\/\/www.alliesofhumanity.org\/hu\/#website\",\"url\":\"https:\/\/www.alliesofhumanity.org\/hu\/\",\"name\":\"The Allies of Humanity\",\"description\":\"\",\"potentialAction\":[{\"@type\":\"SearchAction\",\"target\":{\"@type\":\"EntryPoint\",\"urlTemplate\":\"https:\/\/www.alliesofhumanity.org\/hu\/?s={search_term_string}\"},\"query-input\":{\"@type\":\"PropertyValueSpecification\",\"valueRequired\":true,\"valueName\":\"search_term_string\"}}],\"inLanguage\":\"hu\"}]}<\/script>\n<!-- \/ Yoast SEO plugin. -->","yoast_head_json":{"title":"Freedom in the Universe - How Free Nations Remain Free","description":"For free nations to remain free, they must be able to thwart or resist all the temptations that will be placed upon them. Learn why ....","robots":{"index":"index","follow":"follow","max-snippet":"max-snippet:-1","max-image-preview":"max-image-preview:large","max-video-preview":"max-video-preview:-1"},"canonical":"https:\/\/www.alliesofhumanity.org\/hu\/the-briefings\/book-four\/free-nations-universe\/","og_locale":"hu_HU","og_type":"article","og_title":"Freedom in the Universe - How Free Nations Remain Free","og_description":"For free nations to remain free, they must be able to thwart or resist all the temptations that will be placed upon them. Learn why ....","og_url":"https:\/\/www.alliesofhumanity.org\/hu\/the-briefings\/book-four\/free-nations-universe\/","og_site_name":"The Allies of Humanity","article_publisher":"https:\/\/www.facebook.com\/alliesofhumanity\/","article_modified_time":"2023-12-04T21:51:55+00:00","og_image":[{"width":1200,"height":630,"url":"https:\/\/www.alliesofhumanity.org\/wp-content\/uploads\/2021\/01\/og-socialmedia-aoh.jpg","type":"image\/jpeg"}],"twitter_card":"summary_large_image","twitter_title":"Freedom in the Universe - How Free Nations Remain Free","twitter_site":"@earthallies","twitter_misc":{"Becs\u00fclt olvas\u00e1si id\u0151":"9 perc"},"schema":{"@context":"https:\/\/schema.org","@graph":[{"@type":"WebPage","@id":"https:\/\/www.alliesofhumanity.org\/hu\/the-briefings\/book-four\/free-nations-universe\/","url":"https:\/\/www.alliesofhumanity.org\/hu\/the-briefings\/book-four\/free-nations-universe\/","name":"Freedom in the Universe - How Free Nations Remain Free","isPartOf":{"@id":"https:\/\/www.alliesofhumanity.org\/hu\/#website"},"datePublished":"2021-05-13T22:49:15+00:00","dateModified":"2023-12-04T21:51:55+00:00","description":"For free nations to remain free, they must be able to thwart or resist all the temptations that will be placed upon them. Learn why ....","breadcrumb":{"@id":"https:\/\/www.alliesofhumanity.org\/hu\/the-briefings\/book-four\/free-nations-universe\/#breadcrumb"},"inLanguage":"hu","potentialAction":[{"@type":"ReadAction","target":["https:\/\/www.alliesofhumanity.org\/hu\/the-briefings\/book-four\/free-nations-universe\/"]}]},{"@type":"BreadcrumbList","@id":"https:\/\/www.alliesofhumanity.org\/hu\/the-briefings\/book-four\/free-nations-universe\/#breadcrumb","itemListElement":[{"@type":"ListItem","position":1,"name":"Jelent\u00e9shez","item":"https:\/\/www.alliesofhumanity.org\/hu\/the-briefings\/"},{"@type":"ListItem","position":2,"name":"NEGYEDIK K\u00d6NYV","item":"https:\/\/www.alliesofhumanity.org\/hu\/the-briefings\/book-four\/"},{"@type":"ListItem","position":3,"name":"Harmadik Jelent\u00e9s: Szabads\u00e1g az Univerzumban"}]},{"@type":"WebSite","@id":"https:\/\/www.alliesofhumanity.org\/hu\/#website","url":"https:\/\/www.alliesofhumanity.org\/hu\/","name":"The Allies of Humanity","description":"","potentialAction":[{"@type":"SearchAction","target":{"@type":"EntryPoint","urlTemplate":"https:\/\/www.alliesofhumanity.org\/hu\/?s={search_term_string}"},"query-input":{"@type":"PropertyValueSpecification","valueRequired":true,"valueName":"search_term_string"}}],"inLanguage":"hu"}]}},"_links":{"self":[{"href":"https:\/\/www.alliesofhumanity.org\/hu\/wp-json\/wp\/v2\/pages\/17027","targetHints":{"allow":["GET"]}}],"collection":[{"href":"https:\/\/www.alliesofhumanity.org\/hu\/wp-json\/wp\/v2\/pages"}],"about":[{"href":"https:\/\/www.alliesofhumanity.org\/hu\/wp-json\/wp\/v2\/types\/page"}],"author":[{"embeddable":true,"href":"https:\/\/www.alliesofhumanity.org\/hu\/wp-json\/wp\/v2\/users\/23"}],"replies":[{"embeddable":true,"href":"https:\/\/www.alliesofhumanity.org\/hu\/wp-json\/wp\/v2\/comments?post=17027"}],"version-history":[{"count":7,"href":"https:\/\/www.alliesofhumanity.org\/hu\/wp-json\/wp\/v2\/pages\/17027\/revisions"}],"predecessor-version":[{"id":21588,"href":"https:\/\/www.alliesofhumanity.org\/hu\/wp-json\/wp\/v2\/pages\/17027\/revisions\/21588"}],"up":[{"embeddable":true,"href":"https:\/\/www.alliesofhumanity.org\/hu\/wp-json\/wp\/v2\/pages\/16961"}],"wp:attachment":[{"href":"https:\/\/www.alliesofhumanity.org\/hu\/wp-json\/wp\/v2\/media?parent=17027"}],"curies":[{"name":"wp","href":"https:\/\/api.w.org\/{rel}","templated":true}]}}